{"id":15606,"date":"2024-03-02T10:50:13","date_gmt":"2024-03-02T09:50:13","guid":{"rendered":"https:\/\/bikeyfasty.store\/?page_id=15606"},"modified":"2025-11-09T01:33:31","modified_gmt":"2025-11-09T00:33:31","slug":"richtlinie-fur-ruckerstattungenund-ruckgaben","status":"publish","type":"page","link":"https:\/\/bikeyfasty.store\/index.php\/richtlinie-fur-ruckerstattungenund-ruckgaben\/","title":{"rendered":"Richtlinie f\u00fcr R\u00fcckerstattungenund R\u00fcckgaben"},"content":{"rendered":"\t\t<div data-elementor-type=\"wp-page\" data-elementor-id=\"15606\" class=\"elementor elementor-15606\">\n\t\t\t\t<div class=\"elementor-element elementor-element-25d61c61 e-con-full e-flex ecomus-responsive-column ecomus-tablet-column--default ecomus-responsive-column ecomus-mobile-column--default ecomus-responsive-column ecomus-motion--var(--position) e-con e-parent\" data-id=\"25d61c61\" data-element_type=\"container\" data-e-type=\"container\">\n\t\t\t\t<div class=\"elementor-element elementor-element-2bb1c2e2 elementor-widget elementor-widget-text-editor\" data-id=\"2bb1c2e2\" data-element_type=\"widget\" data-e-type=\"widget\" data-widget_type=\"text-editor.default\">\n\t\t\t\t<div class=\"elementor-widget-container\">\n\t\t\t\t\t\t\t\t\t<div class=\"contentbird-use-import\"><h3><strong>Zur\u00fccksenden \u2013 So funktionierts!<\/strong><\/h3><\/div><div class=\"contentbird-use-import\"><div><ol><li><h5><strong>Gut verpacken<\/strong><\/h5>Nimm dir Zeit und packe die Artikel sorgf\u00e4ltig ein. Entferne alte Labels und Barcodes vom Versandkarton.<\/li><li><h5><strong>Retourenschein ausf\u00fcllen<br \/><\/strong><\/h5>F\u00fclle den Retourenschein aus und lege ihn in das Paket.\u00a0<br \/>Ist kein Druck m\u00f6glich, dann lege bitte ein formloses Schreiben bei.<br \/><strong>Das Produkt wurde mit Spedition geliefert? Nimm Kontakt mit unserem\u00a0<a href=\"https:\/\/bikeyfasty.store\/index.php\/kontakt-2\/\">Kundenservice\u00a0<\/a>auf.\u00a0<\/strong>Wir beauftragen die Abholung.<strong><br \/><\/strong><\/li><li><h5><strong>R\u00fccksendelabel herunterladen<br \/><\/strong><\/h5>Du kannst das R\u00fccksendelabel drucken und auf das Paket kleben oder auf dein Smartphone laden und damit zur Post gehen (nur in Deutschland m\u00f6glich).<br \/><strong><a title=\"R\u00fccksendelabel\" href=\"https:\/\/bikeyfasty.store\/index.php\/kontakt-2\/\">Hier findest du das R\u00fccksendelabel f\u00fcr dein Land<\/a><br \/><\/strong><\/li><li><h5><strong>Paket zur Post bringen<br \/><\/strong><\/h5>Nach erfolgreicher Bearbeitung der R\u00fccksendung senden wir dir eine E-Mail und erstatten auf das beim Kauf verwendete Zahlungsmittel.<\/li><\/ol><\/div><\/div><div class=\"contentbird-use-import\"><h3>Reklamation \u2013 Wir l\u00f6sen das!<\/h3><\/div><div class=\"contentbird-use-import\"><div><p><strong>Bitte kontaktiere unseren Kundenservice, bevor du die R\u00fccksendung startest\u00a0<\/strong><\/p><p>Wir sind stets bem\u00fcht, die beste L\u00f6sung zu finden, wenn es Probleme mit einem Produkt gibt. Deshalb bitten wir dich, zuerst unseren Kundendienst zu kontaktieren, bevor du einen fehlerhaften Artikel zur\u00fccksendest. Bitte schicke uns eine eindeutige Fehlerbeschreibung sowie Fotos und\/oder ein Video zu. Gern pr\u00fcfen wir dann, wie wir dir schnellstm\u00f6glich helfen k\u00f6nnen.<\/p><\/div><\/div><div class=\"contentbird-use-import\"><h3 id=\"b24-cms-a4d97b4dc21c3aec\">R\u00fccksendung ohne Label<\/h3><\/div><div class=\"contentbird-use-import\"><div><p>Wenn dein Land in der untenstehenden Tabelle nicht enthalten ist, wende dich bitte an unseren Kundenservice.<\/p><\/div><\/div><div class=\"contentbird-use-import\"><h3 id=\"b24-cms-181b4369b99e87ca\">R\u00fccksendelabel<\/h3><\/div><div class=\"contentbird-use-import\"><div><p>\u00a0<\/p><table class=\"table\"><tbody><tr><td scope=\"col\">Belgien<\/td><td scope=\"col\"><a href=\"https:\/\/bikeyfasty.store\/index.php\/kontakt-2\/\" target=\"_blank\" rel=\"noopener\">bPost<\/a><\/td><td scope=\"col\">\u00a0<\/td><\/tr><tr><td scope=\"col\">Bulgarien<\/td><td scope=\"col\"><a title=\"Bulgarien\" href=\"https:\/\/bikeyfasty.store\/index.php\/kontakt-2\/\" target=\"_blank\" rel=\"noopener\">DHL<\/a><\/td><td scope=\"col\">\u00a0<\/td><\/tr><tr><td scope=\"col\">D\u00e4nemark<\/td><td scope=\"col\">\u00a0<\/td><td scope=\"col\"><a title=\"GLS-Return\" href=\"https:\/\/bikeyfasty.store\/index.php\/kontakt-2\/\" target=\"_blank\" rel=\"noopener\">GLS<\/a><\/td><\/tr><tr><td scope=\"col\">Deutschland<\/td><td scope=\"col\"><a title=\"Deutschland\" href=\"https:\/\/bikeyfasty.store\/index.php\/kontakt-2\/\" target=\"_blank\" rel=\"noopener\">DHL<\/a><\/td><td scope=\"col\">\u00a0<\/td><\/tr><tr><td scope=\"col\">Estland<\/td><td scope=\"col\"><a title=\"Estland\" href=\"https:\/\/bikeyfasty.store\/index.php\/kontakt-2\/\" target=\"_blank\" rel=\"noopener\">DHL<\/a><\/td><td scope=\"col\">\u00a0<\/td><\/tr><tr><td scope=\"col\">Finnland<\/td><td scope=\"col\"><a title=\"Finnland\" href=\"https:\/\/bikeyfasty.store\/index.php\/kontakt-2\/\" target=\"_blank\" rel=\"noopener\">DHL<\/a><\/td><td scope=\"col\">\u00a0<\/td><\/tr><tr><td scope=\"col\">Frankreich<\/td><td scope=\"col\"><a title=\"BIKE24 - Retourenportal\" href=\"https:\/\/bikeyfasty.store\/index.php\/kontakt-2\/\" target=\"_blank\" rel=\"noopener\">DPD (point relais)<\/a><\/td><td scope=\"col\"><a title=\"DHL\" href=\"https:\/\/www.dhl.de\/retoure\/gw\/rpcustomerweb\/OrderEntry.action?hash=9dbbec123ca661a59735c9e3209f9b4c55468531a6ddc7300c255b5ac2244235\" target=\"_blank\" rel=\"noopener\">Colissimo (La Poste ou point relais)<\/a><\/td><\/tr><tr><td scope=\"col\">Griechenland<\/td><td scope=\"col\"><a title=\"Griechenland\" href=\"https:\/\/bikeyfasty.store\/index.php\/kontakt-2\/\" target=\"_blank\" rel=\"noopener\">DHL<\/a><\/td><td scope=\"col\">\u00a0<\/td><\/tr><tr><td scope=\"col\">Gro\u00dfbritannien<\/td><td scope=\"col\"><a title=\"DHL return\" href=\"https:\/\/bikeyfasty.store\/index.php\/kontakt-2\/\">DHL<\/a><\/td><td scope=\"col\">\u00a0<\/td><\/tr><tr><td scope=\"col\">Irland<\/td><td scope=\"col\"><a title=\"Irland\" href=\"https:\/\/bikeyfasty.store\/index.php\/kontakt-2\/\" target=\"_blank\" rel=\"noopener\">DHL<\/a><\/td><td scope=\"col\">\u00a0<\/td><\/tr><tr><td scope=\"col\">Italien<\/td><td scope=\"col\"><a title=\"BIKE24 - Retourenportal\" href=\"https:\/\/bikeyfasty.store\/index.php\/kontakt-2\/\" target=\"_blank\" rel=\"noopener\">BIKEYFASTY &#8211; Retourenportal<\/a><\/td><td scope=\"col\"><a title=\"DHL\" href=\"https:\/\/bikeyfasty.store\/index.php\/kontakt-2\/\" target=\"_blank\" rel=\"noopener\">DHL<\/a><\/td><\/tr><tr><td scope=\"col\">Kroatien<\/td><td scope=\"col\"><a title=\"Kroatien\" href=\"https:\/\/bikeyfasty.store\/index.php\/kontakt-2\/\" target=\"_blank\" rel=\"noopener\">DHL<\/a><\/td><td scope=\"col\">\u00a0<\/td><\/tr><tr><td scope=\"col\">Lettland<\/td><td scope=\"col\"><a title=\"Lettland\" href=\"https:\/\/bikeyfasty.store\/index.php\/kontakt-2\/\" target=\"_blank\" rel=\"noopener\">DHL<\/a><\/td><td scope=\"col\">\u00a0<\/td><\/tr><tr><td scope=\"col\">Litauen<\/td><td scope=\"col\"><a title=\"Litauen\" href=\"https:\/\/bikeyfasty.store\/index.php\/kontakt-2\/\" target=\"_blank\" rel=\"noopener\">DHL<\/a><\/td><td scope=\"col\">\u00a0<\/td><\/tr><tr><td scope=\"col\">Luxemburg<\/td><td scope=\"col\">\u00a0<\/td><td scope=\"col\"><a title=\"GLS-Return\" href=\"https:\/\/bikeyfasty.store\/index.php\/kontakt-2\/\" target=\"_blank\" rel=\"noopener\">GLS<\/a><\/td><\/tr><tr><td scope=\"col\">Malta<\/td><td scope=\"col\"><a title=\"Malta\" href=\"https:\/\/bikeyfasty.store\/index.php\/kontakt-2\/\" target=\"_blank\" rel=\"noopener\">DHL<\/a><\/td><td scope=\"col\">\u00a0<\/td><\/tr><tr><td scope=\"col\">Niederlande<\/td><td scope=\"col\"><a title=\"DHL-Return\" href=\"https:\/\/bikeyfasty.store\/index.php\/kontakt-2\/\" target=\"_blank\" rel=\"noopener\">DHL<\/a><\/td><td scope=\"col\">\u00a0<\/td><\/tr><tr><td scope=\"col\">\u00d6sterreich<\/td><td scope=\"col\"><a title=\"\u00d6sterreich\" href=\"https:\/\/bikeyfasty.store\/index.php\/kontakt-2\/\" target=\"_blank\" rel=\"noopener\">DHL<\/a><\/td><td scope=\"col\">\u00a0<\/td><\/tr><tr><td scope=\"col\">Polen<\/td><td scope=\"col\"><a title=\"Polen\" href=\"https:\/\/bikeyfasty.store\/index.php\/kontakt-2\/\" target=\"_blank\" rel=\"noopener\">DHL<\/a><\/td><td scope=\"col\">\u00a0<\/td><\/tr><tr><td scope=\"col\">Portugal<\/td><td scope=\"col\"><a title=\"Portugal\" href=\"https:\/\/bikeyfasty.store\/index.php\/kontakt-2\/\" target=\"_blank\" rel=\"noopener\">DHL<\/a><\/td><td scope=\"col\">\u00a0<\/td><\/tr><tr><td scope=\"col\">Rum\u00e4nien<\/td><td scope=\"col\"><a title=\"Rum\u00e4nien\" href=\"https:\/\/bikeyfasty.store\/index.php\/kontakt-2\/\" target=\"_blank\" rel=\"noopener\">DHL<\/a><\/td><td scope=\"col\">\u00a0<\/td><\/tr><tr><td scope=\"col\">Schweden<\/td><td scope=\"col\"><a title=\"Schweden\" href=\"https:\/\/bikeyfasty.store\/index.php\/kontakt-2\/\" target=\"_blank\" rel=\"noopener\">DHL<\/a><\/td><td scope=\"col\">\u00a0<\/td><\/tr><tr><td scope=\"col\">Slowakei<\/td><td scope=\"col\"><a title=\"Slowakei\" href=\"https:\/\/bikeyfasty.store\/index.php\/kontakt-2\/\" target=\"_blank\" rel=\"noopener\">DHL<\/a><\/td><td scope=\"col\">\u00a0<\/td><\/tr><tr><td scope=\"col\">Slowenien<\/td><td scope=\"col\"><a title=\"Slowenien\" href=\"https:\/\/bikeyfasty.store\/index.php\/kontakt-2\/\" target=\"_blank\" rel=\"noopener\">DHL<\/a><\/td><td scope=\"col\">\u00a0<\/td><\/tr><tr><td scope=\"col\">Spanien (Kanarische Inseln)<\/td><td scope=\"col\"><a href=\"https:\/\/bikeyfasty.store\/index.php\/kontakt-2\/\">Kontakt Kundenservice<\/a><\/td><td scope=\"col\">\u00a0<\/td><\/tr><tr><td scope=\"col\">Spanien<\/td><td scope=\"col\"><a title=\"BIKE24 - Retourenportal\" href=\"https:\/\/bikeyfasty.store\/index.php\/kontakt-2\/\" target=\"_blank\" rel=\"noopener\">BIKEYFASTY &#8211; Retourenportal<\/a><\/td><td scope=\"col\"><a title=\"Correos\" href=\"https:\/\/bikeyfasty.store\/index.php\/kontakt-2\/\" target=\"_blank\" rel=\"noopener\">Correos<\/a><\/td><\/tr><tr><td scope=\"col\">Schweiz<\/td><td scope=\"col\"><a title=\"BIKE24 - Retourenportal\" href=\"https:\/\/bikeyfasty.store\/index.php\/kontakt-2\/\" target=\"_blank\" rel=\"noopener\">Swiss Post<\/a><\/td><td scope=\"col\">\u00a0<\/td><\/tr><tr><td scope=\"col\">Tschechische Republik<\/td><td scope=\"col\"><a title=\"Tschechische Republik\" href=\"https:\/\/bikeyfasty.store\/index.php\/kontakt-2\/\" target=\"_blank\" rel=\"noopener\">DHL<\/a><\/td><td scope=\"col\">\u00a0<\/td><\/tr><tr><td scope=\"col\">Ungarn<\/td><td scope=\"col\"><a title=\"Ungarn\" href=\"https:\/\/bikeyfasty.store\/index.php\/kontakt-2\/\" target=\"_blank\" rel=\"noopener\">DHL<\/a><\/td><td scope=\"col\">\u00a0<\/td><\/tr><tr><td scope=\"col\">Zypern<\/td><td scope=\"col\"><a title=\"Zypern\" href=\"https:\/\/bikeyfasty.store\/index.php\/kontakt-2\/\" target=\"_blank\" rel=\"noopener\">DHL<\/a><\/td><td scope=\"col\">\u00a0<\/td><\/tr><\/tbody><\/table><\/div><\/div>\t\t\t\t\t\t\t\t<\/div>\n\t\t\t\t<\/div>\n\t\t\t\t<\/div>\n\t\t\t\t<\/div>\n\t\t","protected":false},"excerpt":{"rendered":"<p>Zur\u00fccksenden \u2013 So funktionierts! Gut verpacken Nimm dir Zeit und packe die Artikel sorgf\u00e4ltig ein. Entferne alte Labels und Barcodes vom Versandkarton. Retourenschein ausf\u00fcllen F\u00fclle den Retourenschein aus und lege ihn in das Paket.\u00a0Ist kein Druck m\u00f6glich, dann lege bitte ein formloses Schreiben bei.Das Produkt wurde mit Spedition geliefert? Nimm Kontakt mit unserem\u00a0Kundenservice\u00a0auf.\u00a0Wir beauftragen die [&hellip;]<\/p>\n","protected":false},"author":1,"featured_media":0,"parent":0,"menu_order":0,"comment_status":"closed","ping_status":"closed","template":"","meta":{"googlesitekit_rrm_CAowq6HFDA:productID":"","om_disable_all_campaigns":false,"_monsterinsights_skip_tracking":false,"_monsterinsights_sitenote_active":false,"_monsterinsights_sitenote_note":"","_monsterinsights_sitenote_category":0,"_uf_show_specific_survey":0,"_uf_disable_surveys":false,"footnotes":""},"class_list":["post-15606","page","type-page","status-publish","hentry"],"aioseo_notices":[],"aioseo_head":"\n\t\t<!-- All in One SEO Pro 4.9.5.2 - aioseo.com -->\n\t<meta name=\"description\" content=\"Nutzen Sie Ihr Widerrufsrecht und k\u00fcndigen Sie Ihren Vertrag ohne Angabe von Gr\u00fcnden und ohne Kosten innerhalb von 14 Tagen nach Erhalt Ihres Kaufs.\" \/>\n\t<meta name=\"robots\" content=\"max-image-preview:large\" \/>\n\t<meta name=\"google-site-verification\" content=\"leF1qydUwZM4hbNEWkzXBgJ5cwNBnthZjCldnstJI-8\" \/>\n\t<meta name=\"msvalidate.01\" content=\"F4CE253B53A296EF4B982618F43BD699\" \/>\n\t<meta name=\"yandex-verification\" content=\"2c6c63eaf20e4d4b\" \/>\n\t<link rel=\"canonical\" href=\"https:\/\/bikeyfasty.store\/index.php\/richtlinie-fur-ruckerstattungenund-ruckgaben\/\" \/>\n\t<meta name=\"generator\" content=\"All in One SEO Pro (AIOSEO) 4.9.5.2\" \/>\n\t\t<meta property=\"og:locale\" content=\"de_DE\" \/>\n\t\t<meta property=\"og:site_name\" content=\"Bikey Fasty - Die bestenIhre besten Fahrr\u00e4der\" \/>\n\t\t<meta property=\"og:type\" content=\"article\" \/>\n\t\t<meta property=\"og:title\" content=\"R\u00fccksendung und Reklamation - Bikey Fasty\" \/>\n\t\t<meta property=\"og:description\" content=\"Nutzen Sie Ihr Widerrufsrecht und k\u00fcndigen Sie Ihren Vertrag ohne Angabe von Gr\u00fcnden und ohne Kosten innerhalb von 14 Tagen nach Erhalt Ihres Kaufs.\" \/>\n\t\t<meta property=\"og:url\" content=\"https:\/\/bikeyfasty.store\/index.php\/richtlinie-fur-ruckerstattungenund-ruckgaben\/\" \/>\n\t\t<meta property=\"og:image\" content=\"https:\/\/bikeyfasty.store\/wp-content\/uploads\/2026\/01\/unnamed-file.png\" \/>\n\t\t<meta property=\"og:image:secure_url\" content=\"https:\/\/bikeyfasty.store\/wp-content\/uploads\/2026\/01\/unnamed-file.png\" \/>\n\t\t<meta property=\"og:image:width\" content=\"616\" \/>\n\t\t<meta property=\"og:image:height\" content=\"447\" \/>\n\t\t<meta property=\"article:published_time\" content=\"2024-03-02T09:50:13+00:00\" \/>\n\t\t<meta property=\"article:modified_time\" content=\"2025-11-09T00:33:31+00:00\" \/>\n\t\t<meta name=\"twitter:card\" content=\"summary_large_image\" \/>\n\t\t<meta name=\"twitter:title\" content=\"R\u00fccksendung und Reklamation - Bikey Fasty\" \/>\n\t\t<meta name=\"twitter:description\" content=\"Nutzen Sie Ihr Widerrufsrecht und k\u00fcndigen Sie Ihren Vertrag ohne Angabe von Gr\u00fcnden und ohne Kosten innerhalb von 14 Tagen nach Erhalt Ihres Kaufs.\" \/>\n\t\t<meta name=\"twitter:image\" content=\"https:\/\/bikeyfasty.store\/wp-content\/uploads\/2026\/01\/unnamed-file.png\" \/>\n\t\t<script type=\"application\/ld+json\" class=\"aioseo-schema\">\n\t\t\t{\"@context\":\"https:\\\/\\\/schema.org\",\"@graph\":[{\"@type\":\"BreadcrumbList\",\"@id\":\"https:\\\/\\\/bikeyfasty.store\\\/index.php\\\/richtlinie-fur-ruckerstattungenund-ruckgaben\\\/#breadcrumblist\",\"itemListElement\":[{\"@type\":\"ListItem\",\"@id\":\"https:\\\/\\\/bikeyfasty.store#listItem\",\"position\":1,\"name\":\"Start\",\"item\":\"https:\\\/\\\/bikeyfasty.store\",\"nextItem\":{\"@type\":\"ListItem\",\"@id\":\"https:\\\/\\\/bikeyfasty.store\\\/index.php\\\/richtlinie-fur-ruckerstattungenund-ruckgaben\\\/#listItem\",\"name\":\"Richtlinie f\\u00fcr R\\u00fcckerstattungenund R\\u00fcckgaben\"}},{\"@type\":\"ListItem\",\"@id\":\"https:\\\/\\\/bikeyfasty.store\\\/index.php\\\/richtlinie-fur-ruckerstattungenund-ruckgaben\\\/#listItem\",\"position\":2,\"name\":\"Richtlinie f\\u00fcr R\\u00fcckerstattungenund R\\u00fcckgaben\",\"previousItem\":{\"@type\":\"ListItem\",\"@id\":\"https:\\\/\\\/bikeyfasty.store#listItem\",\"name\":\"Start\"}}]},{\"@type\":\"Organization\",\"@id\":\"https:\\\/\\\/bikeyfasty.store\\\/#organization\",\"name\":\"#Bikey Fasty BIKEY FASTY\",\"description\":\"Die bestenIhre besten Fahrr\\u00e4der Deine elektrische Mobilit\\u00e4t beginnt hier Die Zukunft der Mobilit\\u00e4t \\u2013 heute\",\"url\":\"https:\\\/\\\/bikeyfasty.store\\\/\",\"email\":\"contact@bikeyfasty.store\",\"telephone\":\"+4915510400141\",\"foundingDate\":\"1945-11-29\",\"numberOfEmployees\":{\"@type\":\"QuantitativeValue\",\"value\":27},\"logo\":{\"@type\":\"ImageObject\",\"url\":\"https:\\\/\\\/bikeyfasty.store\\\/wp-content\\\/uploads\\\/2026\\\/01\\\/unnamed-file.png\",\"@id\":\"https:\\\/\\\/bikeyfasty.store\\\/index.php\\\/richtlinie-fur-ruckerstattungenund-ruckgaben\\\/#organizationLogo\",\"width\":616,\"height\":447,\"caption\":\"( ( ( ( (\"},\"image\":{\"@id\":\"https:\\\/\\\/bikeyfasty.store\\\/index.php\\\/richtlinie-fur-ruckerstattungenund-ruckgaben\\\/#organizationLogo\"},\"address\":{\"@id\":\"https:\\\/\\\/bikeyfasty.store\\\/#postaladdress\",\"@type\":\"PostalAddress\",\"streetAddress\":\"Karl-Liebknecht-Str. 13,\",\"postalCode\":\"10178\",\"addressLocality\":\"Berlin\",\"addressRegion\":\"Berlin\",\"addressCountry\":\"DE\"}},{\"@type\":\"WebPage\",\"@id\":\"https:\\\/\\\/bikeyfasty.store\\\/index.php\\\/richtlinie-fur-ruckerstattungenund-ruckgaben\\\/#webpage\",\"url\":\"https:\\\/\\\/bikeyfasty.store\\\/index.php\\\/richtlinie-fur-ruckerstattungenund-ruckgaben\\\/\",\"name\":\"R\\u00fccksendung und Reklamation - Bikey Fasty\",\"description\":\"Nutzen Sie Ihr Widerrufsrecht und k\\u00fcndigen Sie Ihren Vertrag ohne Angabe von Gr\\u00fcnden und ohne Kosten innerhalb von 14 Tagen nach Erhalt Ihres Kaufs.\",\"inLanguage\":\"de-DE\",\"isPartOf\":{\"@id\":\"https:\\\/\\\/bikeyfasty.store\\\/#website\"},\"breadcrumb\":{\"@id\":\"https:\\\/\\\/bikeyfasty.store\\\/index.php\\\/richtlinie-fur-ruckerstattungenund-ruckgaben\\\/#breadcrumblist\"},\"datePublished\":\"2024-03-02T10:50:13+01:00\",\"dateModified\":\"2025-11-09T01:33:31+01:00\"},{\"@type\":\"WebSite\",\"@id\":\"https:\\\/\\\/bikeyfasty.store\\\/#website\",\"url\":\"https:\\\/\\\/bikeyfasty.store\\\/\",\"name\":\"Bikey Fasty\",\"description\":\"Die bestenIhre besten Fahrr\\u00e4der\",\"inLanguage\":\"de-DE\",\"publisher\":{\"@id\":\"https:\\\/\\\/bikeyfasty.store\\\/#organization\"}}]}\n\t\t<\/script>\n\t\t<script type=\"text\/javascript\">\n\t\t\t(function(c,l,a,r,i,t,y){\n\t\t\tc[a]=c[a]||function(){(c[a].q=c[a].q||[]).push(arguments)};t=l.createElement(r);t.async=1;\n\t\t\tt.src=\"https:\/\/www.clarity.ms\/tag\/\"+i+\"?ref=aioseo\";y=l.getElementsByTagName(r)[0];y.parentNode.insertBefore(t,y);\n\t\t})(window, document, \"clarity\", \"script\", \"v74e4fvqvw\");\n\t\t<\/script>\n\t\t<!-- All in One SEO Pro -->\r\n\t\t<title>R\u00fccksendung und Reklamation - Bikey Fasty<\/title>\n\n","aioseo_head_json":{"title":"R\u00fccksendung und Reklamation - Bikey Fasty","description":"Nutzen Sie Ihr Widerrufsrecht und k\u00fcndigen Sie Ihren Vertrag ohne Angabe von Gr\u00fcnden und ohne Kosten innerhalb von 14 Tagen nach Erhalt Ihres Kaufs.","canonical_url":"https:\/\/bikeyfasty.store\/index.php\/richtlinie-fur-ruckerstattungenund-ruckgaben\/","robots":"max-image-preview:large","keywords":"","webmasterTools":{"google-site-verification":"leF1qydUwZM4hbNEWkzXBgJ5cwNBnthZjCldnstJI-8","msvalidate.01":"F4CE253B53A296EF4B982618F43BD699","yandex-verification":"2c6c63eaf20e4d4b","miscellaneous":""},"schema":{"@context":"https:\/\/schema.org","@graph":[{"@type":"BreadcrumbList","@id":"https:\/\/bikeyfasty.store\/index.php\/richtlinie-fur-ruckerstattungenund-ruckgaben\/#breadcrumblist","itemListElement":[{"@type":"ListItem","@id":"https:\/\/bikeyfasty.store#listItem","position":1,"name":"Start","item":"https:\/\/bikeyfasty.store","nextItem":{"@type":"ListItem","@id":"https:\/\/bikeyfasty.store\/index.php\/richtlinie-fur-ruckerstattungenund-ruckgaben\/#listItem","name":"Richtlinie f\u00fcr R\u00fcckerstattungenund R\u00fcckgaben"}},{"@type":"ListItem","@id":"https:\/\/bikeyfasty.store\/index.php\/richtlinie-fur-ruckerstattungenund-ruckgaben\/#listItem","position":2,"name":"Richtlinie f\u00fcr R\u00fcckerstattungenund R\u00fcckgaben","previousItem":{"@type":"ListItem","@id":"https:\/\/bikeyfasty.store#listItem","name":"Start"}}]},{"@type":"Organization","@id":"https:\/\/bikeyfasty.store\/#organization","name":"#Bikey Fasty BIKEY FASTY","description":"Die bestenIhre besten Fahrr\u00e4der Deine elektrische Mobilit\u00e4t beginnt hier Die Zukunft der Mobilit\u00e4t \u2013 heute","url":"https:\/\/bikeyfasty.store\/","email":"contact@bikeyfasty.store","telephone":"+4915510400141","foundingDate":"1945-11-29","numberOfEmployees":{"@type":"QuantitativeValue","value":27},"logo":{"@type":"ImageObject","url":"https:\/\/bikeyfasty.store\/wp-content\/uploads\/2026\/01\/unnamed-file.png","@id":"https:\/\/bikeyfasty.store\/index.php\/richtlinie-fur-ruckerstattungenund-ruckgaben\/#organizationLogo","width":616,"height":447,"caption":"( ( ( ( ("},"image":{"@id":"https:\/\/bikeyfasty.store\/index.php\/richtlinie-fur-ruckerstattungenund-ruckgaben\/#organizationLogo"},"address":{"@id":"https:\/\/bikeyfasty.store\/#postaladdress","@type":"PostalAddress","streetAddress":"Karl-Liebknecht-Str. 13,","postalCode":"10178","addressLocality":"Berlin","addressRegion":"Berlin","addressCountry":"DE"}},{"@type":"WebPage","@id":"https:\/\/bikeyfasty.store\/index.php\/richtlinie-fur-ruckerstattungenund-ruckgaben\/#webpage","url":"https:\/\/bikeyfasty.store\/index.php\/richtlinie-fur-ruckerstattungenund-ruckgaben\/","name":"R\u00fccksendung und Reklamation - Bikey Fasty","description":"Nutzen Sie Ihr Widerrufsrecht und k\u00fcndigen Sie Ihren Vertrag ohne Angabe von Gr\u00fcnden und ohne Kosten innerhalb von 14 Tagen nach Erhalt Ihres Kaufs.","inLanguage":"de-DE","isPartOf":{"@id":"https:\/\/bikeyfasty.store\/#website"},"breadcrumb":{"@id":"https:\/\/bikeyfasty.store\/index.php\/richtlinie-fur-ruckerstattungenund-ruckgaben\/#breadcrumblist"},"datePublished":"2024-03-02T10:50:13+01:00","dateModified":"2025-11-09T01:33:31+01:00"},{"@type":"WebSite","@id":"https:\/\/bikeyfasty.store\/#website","url":"https:\/\/bikeyfasty.store\/","name":"Bikey Fasty","description":"Die bestenIhre besten Fahrr\u00e4der","inLanguage":"de-DE","publisher":{"@id":"https:\/\/bikeyfasty.store\/#organization"}}]},"og:locale":"de_DE","og:site_name":"Bikey Fasty - Die bestenIhre besten Fahrr\u00e4der","og:type":"article","og:title":"R\u00fccksendung und Reklamation - Bikey Fasty","og:description":"Nutzen Sie Ihr Widerrufsrecht und k\u00fcndigen Sie Ihren Vertrag ohne Angabe von Gr\u00fcnden und ohne Kosten innerhalb von 14 Tagen nach Erhalt Ihres Kaufs.","og:url":"https:\/\/bikeyfasty.store\/index.php\/richtlinie-fur-ruckerstattungenund-ruckgaben\/","og:image":"https:\/\/bikeyfasty.store\/wp-content\/uploads\/2026\/01\/unnamed-file.png","og:image:secure_url":"https:\/\/bikeyfasty.store\/wp-content\/uploads\/2026\/01\/unnamed-file.png","og:image:width":616,"og:image:height":447,"article:published_time":"2024-03-02T09:50:13+00:00","article:modified_time":"2025-11-09T00:33:31+00:00","twitter:card":"summary_large_image","twitter:title":"R\u00fccksendung und Reklamation - Bikey Fasty","twitter:description":"Nutzen Sie Ihr Widerrufsrecht und k\u00fcndigen Sie Ihren Vertrag ohne Angabe von Gr\u00fcnden und ohne Kosten innerhalb von 14 Tagen nach Erhalt Ihres Kaufs.","twitter:image":"https:\/\/bikeyfasty.store\/wp-content\/uploads\/2026\/01\/unnamed-file.png"},"aioseo_meta_data":{"post_id":"15606","title":"R\u00fccksendung und Reklamation #separator_sa #site_title","description":"Nutzen Sie Ihr Widerrufsrecht und k\u00fcndigen Sie Ihren Vertrag ohne Angabe von Gr\u00fcnden und ohne Kosten innerhalb von 14 Tagen nach Erhalt Ihres Kaufs.","keywords":[],"keyphrases":{"focus":{"keyphrase":"","score":0,"analysis":{"keyphraseInTitle":{"score":0,"maxScore":9,"error":1}}},"additional":[]},"primary_term":null,"canonical_url":null,"og_title":null,"og_description":null,"og_object_type":"default","og_image_type":"default","og_image_url":null,"og_image_width":null,"og_image_height":null,"og_image_custom_url":null,"og_image_custom_fields":null,"og_video":"","og_custom_url":null,"og_article_section":null,"og_article_tags":[],"twitter_use_og":false,"twitter_card":"default","twitter_image_type":"default","twitter_image_url":null,"twitter_image_custom_url":null,"twitter_image_custom_fields":null,"twitter_title":null,"twitter_description":null,"schema":{"blockGraphs":[],"customGraphs":[],"default":{"data":{"Article":[],"Course":[],"Dataset":[],"FAQPage":[],"Movie":[],"Person":[],"Product":[],"ProductReview":[],"Car":[],"Recipe":[],"Service":[],"SoftwareApplication":[],"WebPage":[]},"graphName":"WebPage","isEnabled":true},"graphs":[]},"schema_type":"default","schema_type_options":null,"pillar_content":false,"robots_default":true,"robots_noindex":false,"robots_noarchive":false,"robots_nosnippet":false,"robots_nofollow":false,"robots_noimageindex":false,"robots_noodp":false,"robots_notranslate":false,"robots_max_snippet":"-1","robots_max_videopreview":"-1","robots_max_imagepreview":"large","priority":null,"frequency":"default","local_seo":null,"seo_analyzer_scan_date":"2025-09-08 20:13:27","breadcrumb_settings":null,"limit_modified_date":false,"reviewed_by":null,"open_ai":null,"ai":null,"created":"2024-03-28 11:45:31","updated":"2026-01-25 20:59:55"},"aioseo_breadcrumb":"<div class=\"aioseo-breadcrumbs\"><span class=\"aioseo-breadcrumb\">\n\t<a href=\"https:\/\/bikeyfasty.store\" title=\"Start\">Start<\/a>\n<\/span><span class=\"aioseo-breadcrumb-separator\">\u00bb<\/span><span class=\"aioseo-breadcrumb\">\n\tRichtlinie f\u00fcr R\u00fcckerstattungenund R\u00fcckgaben\n<\/span><\/div>","aioseo_breadcrumb_json":[{"label":"Start","link":"https:\/\/bikeyfasty.store"},{"label":"Richtlinie f\u00fcr R\u00fcckerstattungenund R\u00fcckgaben","link":"https:\/\/bikeyfasty.store\/index.php\/richtlinie-fur-ruckerstattungenund-ruckgaben\/"}],"_links":{"self":[{"href":"https:\/\/bikeyfasty.store\/index.php\/wp-json\/wp\/v2\/pages\/15606","targetHints":{"allow":["GET"]}}],"collection":[{"href":"https:\/\/bikeyfasty.store\/index.php\/wp-json\/wp\/v2\/pages"}],"about":[{"href":"https:\/\/bikeyfasty.store\/index.php\/wp-json\/wp\/v2\/types\/page"}],"author":[{"embeddable":true,"href":"https:\/\/bikeyfasty.store\/index.php\/wp-json\/wp\/v2\/users\/1"}],"replies":[{"embeddable":true,"href":"https:\/\/bikeyfasty.store\/index.php\/wp-json\/wp\/v2\/comments?post=15606"}],"version-history":[{"count":45,"href":"https:\/\/bikeyfasty.store\/index.php\/wp-json\/wp\/v2\/pages\/15606\/revisions"}],"predecessor-version":[{"id":45336,"href":"https:\/\/bikeyfasty.store\/index.php\/wp-json\/wp\/v2\/pages\/15606\/revisions\/45336"}],"wp:attachment":[{"href":"https:\/\/bikeyfasty.store\/index.php\/wp-json\/wp\/v2\/media?parent=15606"}],"curies":[{"name":"wp","href":"https:\/\/api.w.org\/{rel}","templated":true}]}}