{"id":15828,"date":"2024-03-20T16:45:02","date_gmt":"2024-03-20T15:45:02","guid":{"rendered":"https:\/\/bikeyfasty.store\/?page_id=15828"},"modified":"2026-04-08T19:48:19","modified_gmt":"2026-04-08T17:48:19","slug":"impressum","status":"publish","type":"page","link":"https:\/\/bikeyfasty.store\/index.php\/impressum\/","title":{"rendered":"IMPRESSUM"},"content":{"rendered":"\t\t<div data-elementor-type=\"wp-page\" data-elementor-id=\"15828\" class=\"elementor elementor-15828\">\n\t\t\t\t<div class=\"elementor-element elementor-element-b0ec4e0 e-flex e-con-boxed ecomus-responsive-column ecomus-tablet-column--default ecomus-responsive-column ecomus-mobile-column--default ecomus-responsive-column ecomus-motion--var(--position) e-con e-parent\" data-id=\"b0ec4e0\" data-element_type=\"container\" data-e-type=\"container\">\n\t\t\t\t\t<div class=\"e-con-inner\">\n\t\t\t\t<div class=\"elementor-element elementor-element-0c65cb7 elementor-widget elementor-widget-text-editor\" data-id=\"0c65cb7\" data-element_type=\"widget\" data-e-type=\"widget\" data-widget_type=\"text-editor.default\">\n\t\t\t\t<div class=\"elementor-widget-container\">\n\t\t\t\t\t\t\t\t\t<h1 style=\"font-size: 1.5rem; margin: 0.625rem 0rem 1.25rem; line-height: 1.75rem; font-family: Roboto, Arial, sans-serif; font-weight: 900; color: #32343c; text-transform: uppercase; font-style: normal; font-variant-ligatures: normal; font-variant-caps: normal; border-radius: 0px !important;\">IMPRESSUM<\/h1><p>\u00a0<\/p><div class=\"contentArticleText__heading\">Herausgeber und Verantwortlich f\u00fcr den Inhalt:<\/div><p class=\"paragraph contentArticleText__text\">Bikey Fasty GmbH \u00b7 Karl-Liebknecht-Str. 13, 10178 Berlin \u00b7 Deutschland<br \/><br \/>Gesch\u00e4ftsf\u00fchrer: Nicole Boese<br \/>Firmenbuch-Eintragung: Amtsgericht Koblenz HRB 2870<br \/>Umsatzsteuer-Identifikationsnummer: DE 148 729 832<br \/>Weee: DE 73395281<\/p><p class=\"paragraph contentArticleText__text\">Bestell- und Info-Telefon: +49 (0)261 9430 3000<br \/>Anruf und Bestellung: Mo &#8211; Fr 8:00 &#8211; 19:00 Uhr (MEZ)<br \/>E-Mail: imprint@bikeyfasty.store<\/p><p class=\"paragraph contentArticleText__text\">Online-Streitschlichtungsverfahren<br \/>Seit dem 15. Februar 2016 stellt die EU-Kommission eine Plattform f\u00fcr au\u00dfergerichtliche Streitschlichtung bereit. Verbrauchern gibt dies die M\u00f6glichkeit, Streitigkeiten im Zusammenhang mit Ihrer Online-Bestellung zun\u00e4chst ohne die Einschaltung eines Gerichts zu kl\u00e4ren. Die Streitbeilegungs-Plattform ist unter dem folgenden externen Link erreichbar:\u00a0<a class=\"link link--child\" tabindex=\"0\" href=\"http:\/\/ec.europa.eu\/consumers\/odr\/\" target=\"_blank\" rel=\"noopener\" aria-hidden=\"false\">http:\/\/ec.europa.eu\/consumers\/odr\/<\/a><\/p><p class=\"paragraph contentArticleText__text\">F\u00fcr den Inhalt externer Seiten, auf die wir verlinken, liegt die alleinige Verantwortung beim jeweiligen Anbieter.<\/p><p style=\"line-height: 1.5rem; margin: 0rem 0rem 1.25rem; transition: all 0.6s ease 0s; border-radius: 0px !important;\"><br style=\"border-radius: 0px !important;\" \/><br style=\"border-radius: 0px !important;\" \/><\/p>\t\t\t\t\t\t\t\t<\/div>\n\t\t\t\t<\/div>\n\t\t\t\t\t<\/div>\n\t\t\t\t<\/div>\n\t\t\t\t<\/div>\n\t\t","protected":false},"excerpt":{"rendered":"<p>IMPRESSUM \u00a0 Herausgeber und Verantwortlich f\u00fcr den Inhalt: Bikey Fasty GmbH \u00b7 Karl-Liebknecht-Str. 13, 10178 Berlin \u00b7 Deutschland Gesch\u00e4ftsf\u00fchrer: Nicole BoeseFirmenbuch-Eintragung: Amtsgericht Koblenz HRB 2870Umsatzsteuer-Identifikationsnummer: DE 148 729 832Weee: DE 73395281 Bestell- und Info-Telefon: +49 (0)261 9430 3000Anruf und Bestellung: Mo &#8211; Fr 8:00 &#8211; 19:00 Uhr (MEZ)E-Mail: imprint@bikeyfasty.store Online-StreitschlichtungsverfahrenSeit dem 15. Februar 2016 stellt [&hellip;]<\/p>\n","protected":false},"author":1,"featured_media":0,"parent":0,"menu_order":0,"comment_status":"closed","ping_status":"closed","template":"","meta":{"googlesitekit_rrm_CAowq6HFDA:productID":"","om_disable_all_campaigns":false,"_monsterinsights_skip_tracking":false,"_monsterinsights_sitenote_active":false,"_monsterinsights_sitenote_note":"","_monsterinsights_sitenote_category":0,"_uf_show_specific_survey":0,"_uf_disable_surveys":false,"footnotes":""},"class_list":["post-15828","page","type-page","status-publish","hentry"],"aioseo_notices":[],"aioseo_head":"\n\t\t<!-- All in One SEO Pro 4.9.5.2 - aioseo.com -->\n\t<meta name=\"description\" content=\"IMPRESSUM Herausgeber und Verantwortlich f\u00fcr den Inhalt:Bikey Fasty GmbH \u00b7 Karl-Liebknecht-Str. 13, 10178 Berlin \u00b7 DeutschlandGesch\u00e4ftsf\u00fchrer: Nicole BoeseFirmenbuch-Eintragung: Amtsgericht Koblenz HRB 2870Umsatzsteuer-Identifikationsnummer: DE 148 729 832Weee: DE 73395281Bestell- und Info-Telefon: +49 (0)261 9430 3000Anruf und Bestellung: Mo \u2013 Fr 8:00 \u2013 19:00 Uhr (MEZ)E-Mail: imprint@bikeyfasty.storeOnline-StreitschlichtungsverfahrenSeit dem 15. Februar 2016 stellt die EU-Kommission eine Plattform f\u00fcr au\u00dfergerichtliche\" \/>\n\t<meta name=\"robots\" content=\"max-image-preview:large\" \/>\n\t<meta name=\"google-site-verification\" content=\"leF1qydUwZM4hbNEWkzXBgJ5cwNBnthZjCldnstJI-8\" \/>\n\t<meta name=\"msvalidate.01\" content=\"F4CE253B53A296EF4B982618F43BD699\" \/>\n\t<meta name=\"yandex-verification\" content=\"2c6c63eaf20e4d4b\" \/>\n\t<link rel=\"canonical\" href=\"https:\/\/bikeyfasty.store\/index.php\/impressum\/\" \/>\n\t<meta name=\"generator\" content=\"All in One SEO Pro (AIOSEO) 4.9.5.2\" \/>\n\t\t<meta property=\"og:locale\" content=\"de_DE\" \/>\n\t\t<meta property=\"og:site_name\" content=\"Bikey Fasty - Die bestenIhre besten Fahrr\u00e4der\" \/>\n\t\t<meta property=\"og:type\" content=\"article\" \/>\n\t\t<meta property=\"og:title\" content=\"IMPRESSUM - Bikey Fasty\" \/>\n\t\t<meta property=\"og:description\" content=\"IMPRESSUM Herausgeber und Verantwortlich f\u00fcr den Inhalt:Bikey Fasty GmbH \u00b7 Karl-Liebknecht-Str. 13, 10178 Berlin \u00b7 DeutschlandGesch\u00e4ftsf\u00fchrer: Nicole BoeseFirmenbuch-Eintragung: Amtsgericht Koblenz HRB 2870Umsatzsteuer-Identifikationsnummer: DE 148 729 832Weee: DE 73395281Bestell- und Info-Telefon: +49 (0)261 9430 3000Anruf und Bestellung: Mo \u2013 Fr 8:00 \u2013 19:00 Uhr (MEZ)E-Mail: imprint@bikeyfasty.storeOnline-StreitschlichtungsverfahrenSeit dem 15. Februar 2016 stellt die EU-Kommission eine Plattform f\u00fcr au\u00dfergerichtliche\" \/>\n\t\t<meta property=\"og:url\" content=\"https:\/\/bikeyfasty.store\/index.php\/impressum\/\" \/>\n\t\t<meta property=\"og:image\" content=\"https:\/\/bikeyfasty.store\/wp-content\/uploads\/2026\/01\/unnamed-file.png\" \/>\n\t\t<meta property=\"og:image:secure_url\" content=\"https:\/\/bikeyfasty.store\/wp-content\/uploads\/2026\/01\/unnamed-file.png\" \/>\n\t\t<meta property=\"og:image:width\" content=\"616\" \/>\n\t\t<meta property=\"og:image:height\" content=\"447\" \/>\n\t\t<meta property=\"article:published_time\" content=\"2024-03-20T15:45:02+00:00\" \/>\n\t\t<meta property=\"article:modified_time\" content=\"2026-04-08T17:48:19+00:00\" \/>\n\t\t<meta name=\"twitter:card\" content=\"summary_large_image\" \/>\n\t\t<meta name=\"twitter:title\" content=\"IMPRESSUM - Bikey Fasty\" \/>\n\t\t<meta name=\"twitter:description\" content=\"IMPRESSUM Herausgeber und Verantwortlich f\u00fcr den Inhalt:Bikey Fasty GmbH \u00b7 Karl-Liebknecht-Str. 13, 10178 Berlin \u00b7 DeutschlandGesch\u00e4ftsf\u00fchrer: Nicole BoeseFirmenbuch-Eintragung: Amtsgericht Koblenz HRB 2870Umsatzsteuer-Identifikationsnummer: DE 148 729 832Weee: DE 73395281Bestell- und Info-Telefon: +49 (0)261 9430 3000Anruf und Bestellung: Mo \u2013 Fr 8:00 \u2013 19:00 Uhr (MEZ)E-Mail: imprint@bikeyfasty.storeOnline-StreitschlichtungsverfahrenSeit dem 15. Februar 2016 stellt die EU-Kommission eine Plattform f\u00fcr au\u00dfergerichtliche\" \/>\n\t\t<meta name=\"twitter:image\" content=\"https:\/\/bikeyfasty.store\/wp-content\/uploads\/2026\/01\/unnamed-file.png\" \/>\n\t\t<script type=\"application\/ld+json\" class=\"aioseo-schema\">\n\t\t\t{\"@context\":\"https:\\\/\\\/schema.org\",\"@graph\":[{\"@type\":\"BreadcrumbList\",\"@id\":\"https:\\\/\\\/bikeyfasty.store\\\/index.php\\\/impressum\\\/#breadcrumblist\",\"itemListElement\":[{\"@type\":\"ListItem\",\"@id\":\"https:\\\/\\\/bikeyfasty.store#listItem\",\"position\":1,\"name\":\"Start\",\"item\":\"https:\\\/\\\/bikeyfasty.store\",\"nextItem\":{\"@type\":\"ListItem\",\"@id\":\"https:\\\/\\\/bikeyfasty.store\\\/index.php\\\/impressum\\\/#listItem\",\"name\":\"IMPRESSUM\"}},{\"@type\":\"ListItem\",\"@id\":\"https:\\\/\\\/bikeyfasty.store\\\/index.php\\\/impressum\\\/#listItem\",\"position\":2,\"name\":\"IMPRESSUM\",\"previousItem\":{\"@type\":\"ListItem\",\"@id\":\"https:\\\/\\\/bikeyfasty.store#listItem\",\"name\":\"Start\"}}]},{\"@type\":\"Organization\",\"@id\":\"https:\\\/\\\/bikeyfasty.store\\\/#organization\",\"name\":\"#Bikey Fasty BIKEY FASTY\",\"description\":\"Die bestenIhre besten Fahrr\\u00e4der Deine elektrische Mobilit\\u00e4t beginnt hier Die Zukunft der Mobilit\\u00e4t \\u2013 heute\",\"url\":\"https:\\\/\\\/bikeyfasty.store\\\/\",\"email\":\"contact@bikeyfasty.store\",\"telephone\":\"+4915510400141\",\"foundingDate\":\"1945-11-29\",\"numberOfEmployees\":{\"@type\":\"QuantitativeValue\",\"value\":27},\"logo\":{\"@type\":\"ImageObject\",\"url\":\"https:\\\/\\\/bikeyfasty.store\\\/wp-content\\\/uploads\\\/2026\\\/01\\\/unnamed-file.png\",\"@id\":\"https:\\\/\\\/bikeyfasty.store\\\/index.php\\\/impressum\\\/#organizationLogo\",\"width\":616,\"height\":447,\"caption\":\"( ( ( ( (\"},\"image\":{\"@id\":\"https:\\\/\\\/bikeyfasty.store\\\/index.php\\\/impressum\\\/#organizationLogo\"},\"address\":{\"@id\":\"https:\\\/\\\/bikeyfasty.store\\\/#postaladdress\",\"@type\":\"PostalAddress\",\"streetAddress\":\"Karl-Liebknecht-Str. 13,\",\"postalCode\":\"10178\",\"addressLocality\":\"Berlin\",\"addressRegion\":\"Berlin\",\"addressCountry\":\"DE\"}},{\"@type\":\"WebPage\",\"@id\":\"https:\\\/\\\/bikeyfasty.store\\\/index.php\\\/impressum\\\/#webpage\",\"url\":\"https:\\\/\\\/bikeyfasty.store\\\/index.php\\\/impressum\\\/\",\"name\":\"IMPRESSUM - Bikey Fasty\",\"description\":\"IMPRESSUM Herausgeber und Verantwortlich f\\u00fcr den Inhalt:Bikey Fasty GmbH \\u00b7 Karl-Liebknecht-Str. 13, 10178 Berlin \\u00b7 DeutschlandGesch\\u00e4ftsf\\u00fchrer: Nicole BoeseFirmenbuch-Eintragung: Amtsgericht Koblenz HRB 2870Umsatzsteuer-Identifikationsnummer: DE 148 729 832Weee: DE 73395281Bestell- und Info-Telefon: +49 (0)261 9430 3000Anruf und Bestellung: Mo \\u2013 Fr 8:00 \\u2013 19:00 Uhr (MEZ)E-Mail: imprint@bikeyfasty.storeOnline-StreitschlichtungsverfahrenSeit dem 15. Februar 2016 stellt die EU-Kommission eine Plattform f\\u00fcr au\\u00dfergerichtliche\",\"inLanguage\":\"de-DE\",\"isPartOf\":{\"@id\":\"https:\\\/\\\/bikeyfasty.store\\\/#website\"},\"breadcrumb\":{\"@id\":\"https:\\\/\\\/bikeyfasty.store\\\/index.php\\\/impressum\\\/#breadcrumblist\"},\"datePublished\":\"2024-03-20T16:45:02+01:00\",\"dateModified\":\"2026-04-08T19:48:19+02:00\"},{\"@type\":\"WebSite\",\"@id\":\"https:\\\/\\\/bikeyfasty.store\\\/#website\",\"url\":\"https:\\\/\\\/bikeyfasty.store\\\/\",\"name\":\"Bikey Fasty\",\"description\":\"Die bestenIhre besten Fahrr\\u00e4der\",\"inLanguage\":\"de-DE\",\"publisher\":{\"@id\":\"https:\\\/\\\/bikeyfasty.store\\\/#organization\"}}]}\n\t\t<\/script>\n\t\t<script type=\"text\/javascript\">\n\t\t\t(function(c,l,a,r,i,t,y){\n\t\t\tc[a]=c[a]||function(){(c[a].q=c[a].q||[]).push(arguments)};t=l.createElement(r);t.async=1;\n\t\t\tt.src=\"https:\/\/www.clarity.ms\/tag\/\"+i+\"?ref=aioseo\";y=l.getElementsByTagName(r)[0];y.parentNode.insertBefore(t,y);\n\t\t})(window, document, \"clarity\", \"script\", \"v74e4fvqvw\");\n\t\t<\/script>\n\t\t<!-- All in One SEO Pro -->\r\n\t\t<title>IMPRESSUM - Bikey Fasty<\/title>\n\n","aioseo_head_json":{"title":"IMPRESSUM - Bikey Fasty","description":"IMPRESSUM Herausgeber und Verantwortlich f\u00fcr den Inhalt:Bikey Fasty GmbH \u00b7 Karl-Liebknecht-Str. 13, 10178 Berlin \u00b7 DeutschlandGesch\u00e4ftsf\u00fchrer: Nicole BoeseFirmenbuch-Eintragung: Amtsgericht Koblenz HRB 2870Umsatzsteuer-Identifikationsnummer: DE 148 729 832Weee: DE 73395281Bestell- und Info-Telefon: +49 (0)261 9430 3000Anruf und Bestellung: Mo \u2013 Fr 8:00 \u2013 19:00 Uhr (MEZ)E-Mail: imprint@bikeyfasty.storeOnline-StreitschlichtungsverfahrenSeit dem 15. Februar 2016 stellt die EU-Kommission eine Plattform f\u00fcr au\u00dfergerichtliche","canonical_url":"https:\/\/bikeyfasty.store\/index.php\/impressum\/","robots":"max-image-preview:large","keywords":"","webmasterTools":{"google-site-verification":"leF1qydUwZM4hbNEWkzXBgJ5cwNBnthZjCldnstJI-8","msvalidate.01":"F4CE253B53A296EF4B982618F43BD699","yandex-verification":"2c6c63eaf20e4d4b","miscellaneous":""},"schema":{"@context":"https:\/\/schema.org","@graph":[{"@type":"BreadcrumbList","@id":"https:\/\/bikeyfasty.store\/index.php\/impressum\/#breadcrumblist","itemListElement":[{"@type":"ListItem","@id":"https:\/\/bikeyfasty.store#listItem","position":1,"name":"Start","item":"https:\/\/bikeyfasty.store","nextItem":{"@type":"ListItem","@id":"https:\/\/bikeyfasty.store\/index.php\/impressum\/#listItem","name":"IMPRESSUM"}},{"@type":"ListItem","@id":"https:\/\/bikeyfasty.store\/index.php\/impressum\/#listItem","position":2,"name":"IMPRESSUM","previousItem":{"@type":"ListItem","@id":"https:\/\/bikeyfasty.store#listItem","name":"Start"}}]},{"@type":"Organization","@id":"https:\/\/bikeyfasty.store\/#organization","name":"#Bikey Fasty BIKEY FASTY","description":"Die bestenIhre besten Fahrr\u00e4der Deine elektrische Mobilit\u00e4t beginnt hier Die Zukunft der Mobilit\u00e4t \u2013 heute","url":"https:\/\/bikeyfasty.store\/","email":"contact@bikeyfasty.store","telephone":"+4915510400141","foundingDate":"1945-11-29","numberOfEmployees":{"@type":"QuantitativeValue","value":27},"logo":{"@type":"ImageObject","url":"https:\/\/bikeyfasty.store\/wp-content\/uploads\/2026\/01\/unnamed-file.png","@id":"https:\/\/bikeyfasty.store\/index.php\/impressum\/#organizationLogo","width":616,"height":447,"caption":"( ( ( ( ("},"image":{"@id":"https:\/\/bikeyfasty.store\/index.php\/impressum\/#organizationLogo"},"address":{"@id":"https:\/\/bikeyfasty.store\/#postaladdress","@type":"PostalAddress","streetAddress":"Karl-Liebknecht-Str. 13,","postalCode":"10178","addressLocality":"Berlin","addressRegion":"Berlin","addressCountry":"DE"}},{"@type":"WebPage","@id":"https:\/\/bikeyfasty.store\/index.php\/impressum\/#webpage","url":"https:\/\/bikeyfasty.store\/index.php\/impressum\/","name":"IMPRESSUM - Bikey Fasty","description":"IMPRESSUM Herausgeber und Verantwortlich f\u00fcr den Inhalt:Bikey Fasty GmbH \u00b7 Karl-Liebknecht-Str. 13, 10178 Berlin \u00b7 DeutschlandGesch\u00e4ftsf\u00fchrer: Nicole BoeseFirmenbuch-Eintragung: Amtsgericht Koblenz HRB 2870Umsatzsteuer-Identifikationsnummer: DE 148 729 832Weee: DE 73395281Bestell- und Info-Telefon: +49 (0)261 9430 3000Anruf und Bestellung: Mo \u2013 Fr 8:00 \u2013 19:00 Uhr (MEZ)E-Mail: imprint@bikeyfasty.storeOnline-StreitschlichtungsverfahrenSeit dem 15. Februar 2016 stellt die EU-Kommission eine Plattform f\u00fcr au\u00dfergerichtliche","inLanguage":"de-DE","isPartOf":{"@id":"https:\/\/bikeyfasty.store\/#website"},"breadcrumb":{"@id":"https:\/\/bikeyfasty.store\/index.php\/impressum\/#breadcrumblist"},"datePublished":"2024-03-20T16:45:02+01:00","dateModified":"2026-04-08T19:48:19+02:00"},{"@type":"WebSite","@id":"https:\/\/bikeyfasty.store\/#website","url":"https:\/\/bikeyfasty.store\/","name":"Bikey Fasty","description":"Die bestenIhre besten Fahrr\u00e4der","inLanguage":"de-DE","publisher":{"@id":"https:\/\/bikeyfasty.store\/#organization"}}]},"og:locale":"de_DE","og:site_name":"Bikey Fasty - Die bestenIhre besten Fahrr\u00e4der","og:type":"article","og:title":"IMPRESSUM - Bikey Fasty","og:description":"IMPRESSUM Herausgeber und Verantwortlich f\u00fcr den Inhalt:Bikey Fasty GmbH \u00b7 Karl-Liebknecht-Str. 13, 10178 Berlin \u00b7 DeutschlandGesch\u00e4ftsf\u00fchrer: Nicole BoeseFirmenbuch-Eintragung: Amtsgericht Koblenz HRB 2870Umsatzsteuer-Identifikationsnummer: DE 148 729 832Weee: DE 73395281Bestell- und Info-Telefon: +49 (0)261 9430 3000Anruf und Bestellung: Mo \u2013 Fr 8:00 \u2013 19:00 Uhr (MEZ)E-Mail: imprint@bikeyfasty.storeOnline-StreitschlichtungsverfahrenSeit dem 15. Februar 2016 stellt die EU-Kommission eine Plattform f\u00fcr au\u00dfergerichtliche","og:url":"https:\/\/bikeyfasty.store\/index.php\/impressum\/","og:image":"https:\/\/bikeyfasty.store\/wp-content\/uploads\/2026\/01\/unnamed-file.png","og:image:secure_url":"https:\/\/bikeyfasty.store\/wp-content\/uploads\/2026\/01\/unnamed-file.png","og:image:width":616,"og:image:height":447,"article:published_time":"2024-03-20T15:45:02+00:00","article:modified_time":"2026-04-08T17:48:19+00:00","twitter:card":"summary_large_image","twitter:title":"IMPRESSUM - Bikey Fasty","twitter:description":"IMPRESSUM Herausgeber und Verantwortlich f\u00fcr den Inhalt:Bikey Fasty GmbH \u00b7 Karl-Liebknecht-Str. 13, 10178 Berlin \u00b7 DeutschlandGesch\u00e4ftsf\u00fchrer: Nicole BoeseFirmenbuch-Eintragung: Amtsgericht Koblenz HRB 2870Umsatzsteuer-Identifikationsnummer: DE 148 729 832Weee: DE 73395281Bestell- und Info-Telefon: +49 (0)261 9430 3000Anruf und Bestellung: Mo \u2013 Fr 8:00 \u2013 19:00 Uhr (MEZ)E-Mail: imprint@bikeyfasty.storeOnline-StreitschlichtungsverfahrenSeit dem 15. Februar 2016 stellt die EU-Kommission eine Plattform f\u00fcr au\u00dfergerichtliche","twitter:image":"https:\/\/bikeyfasty.store\/wp-content\/uploads\/2026\/01\/unnamed-file.png"},"aioseo_meta_data":{"post_id":"15828","title":null,"description":null,"keywords":null,"keyphrases":null,"primary_term":null,"canonical_url":null,"og_title":null,"og_description":null,"og_object_type":"default","og_image_type":"default","og_image_url":null,"og_image_width":null,"og_image_height":null,"og_image_custom_url":null,"og_image_custom_fields":null,"og_video":null,"og_custom_url":null,"og_article_section":null,"og_article_tags":null,"twitter_use_og":false,"twitter_card":"default","twitter_image_type":"default","twitter_image_url":null,"twitter_image_custom_url":null,"twitter_image_custom_fields":null,"twitter_title":null,"twitter_description":null,"schema":{"blockGraphs":[],"customGraphs":[],"default":{"data":{"Article":[],"Course":[],"Dataset":[],"FAQPage":[],"Movie":[],"Person":[],"Product":[],"ProductReview":[],"Car":[],"Recipe":[],"Service":[],"SoftwareApplication":[],"WebPage":[]},"graphName":"","isEnabled":true},"graphs":[]},"schema_type":"default","schema_type_options":null,"pillar_content":false,"robots_default":true,"robots_noindex":false,"robots_noarchive":false,"robots_nosnippet":false,"robots_nofollow":false,"robots_noimageindex":false,"robots_noodp":false,"robots_notranslate":false,"robots_max_snippet":null,"robots_max_videopreview":null,"robots_max_imagepreview":"large","priority":null,"frequency":null,"local_seo":null,"seo_analyzer_scan_date":"2026-04-08 17:53:12","breadcrumb_settings":null,"limit_modified_date":false,"reviewed_by":null,"open_ai":null,"ai":null,"created":"2024-03-28 11:46:30","updated":"2026-04-08 17:53:17"},"aioseo_breadcrumb":"<div class=\"aioseo-breadcrumbs\"><span class=\"aioseo-breadcrumb\">\n\t<a href=\"https:\/\/bikeyfasty.store\" title=\"Start\">Start<\/a>\n<\/span><span class=\"aioseo-breadcrumb-separator\">\u00bb<\/span><span class=\"aioseo-breadcrumb\">\n\tIMPRESSUM\n<\/span><\/div>","aioseo_breadcrumb_json":[{"label":"Start","link":"https:\/\/bikeyfasty.store"},{"label":"IMPRESSUM","link":"https:\/\/bikeyfasty.store\/index.php\/impressum\/"}],"_links":{"self":[{"href":"https:\/\/bikeyfasty.store\/index.php\/wp-json\/wp\/v2\/pages\/15828","targetHints":{"allow":["GET"]}}],"collection":[{"href":"https:\/\/bikeyfasty.store\/index.php\/wp-json\/wp\/v2\/pages"}],"about":[{"href":"https:\/\/bikeyfasty.store\/index.php\/wp-json\/wp\/v2\/types\/page"}],"author":[{"embeddable":true,"href":"https:\/\/bikeyfasty.store\/index.php\/wp-json\/wp\/v2\/users\/1"}],"replies":[{"embeddable":true,"href":"https:\/\/bikeyfasty.store\/index.php\/wp-json\/wp\/v2\/comments?post=15828"}],"version-history":[{"count":54,"href":"https:\/\/bikeyfasty.store\/index.php\/wp-json\/wp\/v2\/pages\/15828\/revisions"}],"predecessor-version":[{"id":45339,"href":"https:\/\/bikeyfasty.store\/index.php\/wp-json\/wp\/v2\/pages\/15828\/revisions\/45339"}],"wp:attachment":[{"href":"https:\/\/bikeyfasty.store\/index.php\/wp-json\/wp\/v2\/media?parent=15828"}],"curies":[{"name":"wp","href":"https:\/\/api.w.org\/{rel}","templated":true}]}}