{"id":15838,"date":"2024-03-20T17:17:40","date_gmt":"2024-03-20T16:17:40","guid":{"rendered":"https:\/\/bikeyfasty.store\/?page_id=15838"},"modified":"2025-11-09T01:54:35","modified_gmt":"2025-11-09T00:54:35","slug":"versandinformationen","status":"publish","type":"page","link":"https:\/\/bikeyfasty.store\/index.php\/versandinformationen\/","title":{"rendered":"Versandinformationen"},"content":{"rendered":"\t\t<div data-elementor-type=\"wp-page\" data-elementor-id=\"15838\" class=\"elementor elementor-15838\">\n\t\t\t\t<div class=\"elementor-element elementor-element-589413e e-con-full e-flex ecomus-responsive-column ecomus-tablet-column--default ecomus-responsive-column ecomus-mobile-column--default ecomus-responsive-column ecomus-motion--var(--position) e-con e-parent\" data-id=\"589413e\" data-element_type=\"container\" data-e-type=\"container\">\n\t\t\t\t<div class=\"elementor-element elementor-element-bd2c697 elementor-widget elementor-widget-text-editor\" data-id=\"bd2c697\" data-element_type=\"widget\" data-e-type=\"widget\" data-widget_type=\"text-editor.default\">\n\t\t\t\t<div class=\"elementor-widget-container\">\n\t\t\t\t\t\t\t\t\t<div><div class=\"sc-de8ac467-0 iUKUlU section mt-0\" data-testid=\"section\"><div class=\"stack\" data-testid=\"stack\"><div class=\"\" data-testid=\"section__content\"><div><div class=\"container-lg column-layout column-layout__collapse-mobile\"><div class=\"row\"><div class=\"col-12 col-md-12\" data-testid=\"col-layout-column-1\"><div><div id=\"d9d4ecdc-af22-45e0-9cfc-136aa3c01c22\" data-testid=\"d9d4ecdc-af22-45e0-9cfc-136aa3c01c22\"><h4 class=\"sc-cwHptR hvkklS mb-4 mt-7 mb-sm-4 mt-sm-7 mb-md-4 mt-md-7 ml-0 mr-0 ml-sm-0 mr-sm-0 ml-md-0 mr-md-0\"><strong>Lieferung, Versandunternehmen und Lieferzeiten<\/strong><\/h4><\/div><\/div><\/div><\/div><\/div><\/div><\/div><\/div><\/div><\/div><div><div class=\"sc-de8ac467-0 iUKUlU section mb-sm-15 bg-alpine\" data-testid=\"section\"><div class=\"stack\" data-testid=\"stack\"><div class=\"\" data-testid=\"section__content\"><div><div class=\"container-lg column-layout column-layout__collapse-mobile\"><div class=\"row\"><div class=\"col-12 col-md-8\" data-testid=\"col-layout-column-1\"><div><div id=\"3ae759d4-363c-458d-a151-f97a82ac414f\" data-testid=\"3ae759d4-363c-458d-a151-f97a82ac414f\"><h3 class=\"sc-cwHptR fQPCTa mb-3 mt-7 mb-sm-3 mt-sm-7 mb-md-3 mt-md-7 ml-0 mr-0 ml-sm-0 mr-sm-0 ml-md-0 mr-md-0\"><strong>Versand<\/strong><\/h3><\/div><div id=\"725fff59-f150-444d-a6d1-8a82c5bbf2b9\" data-testid=\"725fff59-f150-444d-a6d1-8a82c5bbf2b9\"><div class=\"typography typography--dark-blue mb-2 mt-0 mb-sm-4 mt-sm-0 mb-md-7 mt-md-0 ml-0 mr-0 ml-sm-0 mr-sm-0 ml-md-0 mr-md-0 fs-16 RichTextEditor_editorContent__LH_dL rte-wrapper\" data-testid=\"rteWrapper\"><p>Wir versenden von Montag bis Samstag, mit Ausnahme von gesetzlichen Feiertagen. Generell erfolgt der Versand so bald alle bestellten Artikel versandfertig sind.<\/p><p>Wenn du dich f\u00fcr die Zahlungsart Vorkasse entscheidest, kann sich die Lieferzeit deiner Bestellung verl\u00e4ngern. Der Versand erfolgt hier erst nach Zahlungseingang.<\/p><p>Bei der Angabe der Lieferzeit haben wir bereits an alles gedacht: sie enth\u00e4lt neben der kompletten Versandabwicklung auch den Transport zu deiner gew\u00fcnschten Lieferadresse. Wenn ein Artikel nicht auf Lager ist, planen wir bereits mit ein, wie lange wir brauchen, um ihn f\u00fcr dich zu besorgen. Die jeweilige Lieferzeit gilt immer f\u00fcr das von dir ausgew\u00e4hlte Lieferland. Wenn du eine Lieferung ins Ausland w\u00fcnschst, w\u00e4hle einfach das passende Land aus. So bekommst du eine genaue Information, wann deine Bestellung bei dir ankommt.<\/p><\/div><\/div><div id=\"2e3ef379-5e59-4c7d-b9b2-30a7c76729b0\" data-testid=\"2e3ef379-5e59-4c7d-b9b2-30a7c76729b0\"><h4 class=\"sc-cwHptR fQPCTa mb-3 mt-4 mb-sm-3 mt-sm-4 mb-md-3 mt-md-4 ml-0 mr-0 ml-sm-0 mr-sm-0 ml-md-0 mr-md-0\"><strong>Versandversprechen \u2013 heute bestellt morgen schon bei dir<\/strong><\/h4><\/div><div id=\"7c7925cd-be48-46c7-95cb-7d37c0c1e0ff\" data-testid=\"7c7925cd-be48-46c7-95cb-7d37c0c1e0ff\"><div class=\"typography typography--dark-blue mb-2 mt-0 mb-sm-4 mt-sm-0 mb-md-7 mt-md-0 ml-0 mr-0 ml-sm-0 mr-sm-0 ml-md-0 mr-md-0 fs-16 RichTextEditor_editorContent__LH_dL rte-wrapper\" data-testid=\"rteWrapper\"><p><strong>Bestelle werktags bis 15:00 Uhr, und wir versprechen, deine Bestellung noch am selben Tag zu versenden!<\/strong><\/p><p>Unser automatisiertes Warenlager macht es m\u00f6glich. Und das Beste, du hast keine zus\u00e4tzlichen Kosten! Bedingung: Alle Artikel in deiner Bestellung sind mit dem entsprechenden Symbol gekennzeichnet und deine Bestellung erreicht uns Montag bis Freitag jeweils bis 15 Uhr (MEZ). Dann wird deine Bestellung in der Regel bereits am n\u00e4chsten Werktag bei dir eintreffen.<\/p><p>Auch wenn du erst nach 15:00 Uhr (MEZ) an Werktagen, samstags, an Sonn- oder Feiertagen bestellst, kannst du sicher sein, dass wir den Versand so schnell wie m\u00f6glich durchf\u00fchren. Bestellungen mit Versandversprechen haben bei uns h\u00f6chste Priorit\u00e4t und werden besonders z\u00fcgig bearbeitet. Bitte beachte hier immer den angezeigten Versandzeitpunkt.<\/p><\/div><\/div><div id=\"e87a53f8-254e-4680-bf67-6cdfc4238275\" data-testid=\"e87a53f8-254e-4680-bf67-6cdfc4238275\"><h4 class=\"sc-cwHptR fQPCTa mb-3 mt-7 mb-sm-3 mt-sm-7 mb-md-3 mt-md-7 ml-0 mr-0 ml-sm-0 mr-sm-0 ml-md-0 mr-md-0\"><strong>Schnelle Lieferung auch au\u00dferhalb von Deutschland &#8211; DHL Express<\/strong><\/h4><\/div><div id=\"8f4bccf7-f628-447e-bfee-68f6eabf639a\" data-testid=\"8f4bccf7-f628-447e-bfee-68f6eabf639a\"><div class=\"typography typography--dark-blue mb-2 mt-0 mb-sm-4 mt-sm-0 mb-md-7 mt-md-0 ml-0 mr-0 ml-sm-0 mr-sm-0 ml-md-0 mr-md-0 fs-16 RichTextEditor_editorContent__LH_dL rte-wrapper\" data-testid=\"rteWrapper\"><p>F\u00fcr viele Lieferl\u00e4nder au\u00dferhalb Deutschlands hast du die M\u00f6glichkeit, gegen Aufpreis die Versandoption \u201eDHL Express\u201c zu nutzen.Montag bis Freitag jeweils bis 16:00 Uhr (MEZ) kannst du den Expressversand beim Bestellvorgang ausw\u00e4hlen. Voraussetzung ist, dass alle Produkte in einem Warenkorb f\u00fcr den Expressversand geeignet sind und eine Lieferung per DHL Express an deine Adresse m\u00f6glich ist.Bereits auf der Produktseite kannst du sehen, wieviel Zeit dir in Stunden und Minuten bis zum Absenden der Bestellung bleibt.<\/p><p>Deine Bestellung erreicht dich innerhalb der EU im Regelfall am n\u00e4chsten Werktag. Je nach Postleitzahl der Lieferadresse k\u00f6nnen jedoch l\u00e4ngere Lieferzeiten auftreten. Die genaue Lieferzeit f\u00fcr deine Adresse wird dir nach Eingabe deiner Postleitzahl angezeigt.<\/p><\/div><\/div><div id=\"500d320a-9cda-4a26-b5da-106e4308e464\" data-testid=\"500d320a-9cda-4a26-b5da-106e4308e464\"><h4 class=\"sc-cwHptR fQPCTa mb-3 mt-4 mb-sm-3 mt-sm-4 mb-md-3 mt-md-4 ml-0 mr-0 ml-sm-0 mr-sm-0 ml-md-0 mr-md-0\"><strong>Versandunternehmen<\/strong><\/h4><\/div><div id=\"4db698d2-4989-4e14-800c-77ef877b8ab8\" data-testid=\"4db698d2-4989-4e14-800c-77ef877b8ab8\"><div class=\"typography typography--dark-blue mb-2 mt-0 mb-sm-4 mt-sm-0 mb-md-7 mt-md-0 ml-0 mr-0 ml-sm-0 mr-sm-0 ml-md-0 mr-md-0 fs-16 RichTextEditor_editorContent__LH_dL rte-wrapper\" data-testid=\"rteWrapper\"><p>Wir arbeiten grunds\u00e4tzlich mit allen bekannten Versanddienstleistern zusammen. Damit dich deine Bestellung so schnell wie m\u00f6glich erreicht, entscheiden wir nach Lieferland, Gr\u00f6\u00dfe und Gewicht deiner Bestellung, welchen Dienstleister wir nutzen. Innerhalb Deutschlands bevorzugen wir f\u00fcr Privatkunden in der Regel DHL.<\/p><p>Bei\u00a0<strong>Sperrgut-Lieferungen<\/strong>, wie beispielsweise Fahrr\u00e4dern, setzen wir auf ausgew\u00e4hlte Speditionen, um eine reibungslose Zustellung sicherzustellen.<\/p><p>M\u00f6chtest du etwas zur\u00fcckgeben, nutzen wir hierf\u00fcr in der Regel DHL. Gro\u00dfes Sperrgut, wie Fahrr\u00e4der, holen wir sogar direkt bei dir mit einer geeigneten Spedition ab.<\/p><\/div><\/div><div id=\"4f60a474-b6cb-435c-b77a-c63216b50988\" data-testid=\"4f60a474-b6cb-435c-b77a-c63216b50988\"><h4 class=\"sc-cwHptR fQPCTa mb-3 mt-4 mb-sm-3 mt-sm-4 mb-md-3 mt-md-4 ml-0 mr-0 ml-sm-0 mr-sm-0 ml-md-0 mr-md-0\"><strong>Packstationen<\/strong><\/h4><\/div><div id=\"103b3b36-7fc0-42d8-a298-2cd6d403fe2c\" data-testid=\"103b3b36-7fc0-42d8-a298-2cd6d403fe2c\"><div class=\"typography typography--dark-blue mb-2 mt-0 mb-sm-4 mt-sm-0 mb-md-7 mt-md-0 ml-0 mr-0 ml-sm-0 mr-sm-0 ml-md-0 mr-md-0 fs-16 RichTextEditor_editorContent__LH_dL rte-wrapper\" data-testid=\"rteWrapper\"><p>Wenn du m\u00f6chtest, kannst du deine Bestellung innerhalb Deutschlands gern direkt an einer DHL Packstation abholen. W\u00e4hle dazu einfach im Bestellprozess \u201eLieferung an Packstation\u201c aus und hinterlege deine Post- und Packstation-Nummer. Deine Packstation-Nummer kannst du bequem\u00a0<a href=\"https:\/\/bikeyfasty.store\/index.php\/kontakt-2\/\">online registrieren.<\/a><\/p><\/div><\/div><div id=\"302ceacb-9b67-48b3-a993-275433e43fad\" data-testid=\"302ceacb-9b67-48b3-a993-275433e43fad\"><h4 class=\"sc-cwHptR fQPCTa mb-3 mt-4 mb-sm-3 mt-sm-4 mb-md-3 mt-md-4 ml-0 mr-0 ml-sm-0 mr-sm-0 ml-md-0 mr-md-0\"><strong>Transportsch\u00e4den<\/strong><\/h4><\/div><div id=\"df6692d5-4030-4981-bfe3-c06db49b1b30\" data-testid=\"df6692d5-4030-4981-bfe3-c06db49b1b30\"><div class=\"typography typography--dark-blue mb-2 mt-0 mb-sm-4 mt-sm-0 mb-md-7 mt-md-0 ml-0 mr-0 ml-sm-0 mr-sm-0 ml-md-0 mr-md-0 fs-16 RichTextEditor_editorContent__LH_dL rte-wrapper\" data-testid=\"rteWrapper\"><p>Bitte pr\u00fcfe deine Bestellung bereits beim Empfang auf Transportsch\u00e4den und verweigere wenn n\u00f6tig direkt die Annahme der Sendung. Nimm bitte anschlie\u00dfend &#8211; auch falls du die Ware bereits angenommen hast &#8211;\u00a0<a href=\"https:\/\/bikeyfasty.store\/index.php\/kontakt-2\/\">Kontakt mit unserem Service-Team<\/a>\u00a0auf. So k\u00f6nnen wir uns gemeinsam um schnellstm\u00f6glichen Ersatz f\u00fcr dich k\u00fcmmern.<\/p><\/div><\/div><div id=\"7da59e9c-6282-465d-aa50-2339e82f0214\" data-testid=\"7da59e9c-6282-465d-aa50-2339e82f0214\"><h4 class=\"sc-cwHptR fQPCTa mb-3 mt-4 mb-sm-3 mt-sm-4 mb-md-3 mt-md-4 ml-0 mr-0 ml-sm-0 mr-sm-0 ml-md-0 mr-md-0\"><strong>\u00c4nderungsw\u00fcnsche \/ Zusammenfassen von Bestellungen<\/strong><\/h4><\/div><div id=\"e8e951a2-6376-401d-a032-e25c57b69ec9\" data-testid=\"e8e951a2-6376-401d-a032-e25c57b69ec9\"><div class=\"typography typography--dark-blue mb-5 mt-0 mb-sm-5 mt-sm-0 mb-md-2 mt-md-0 ml-0 mr-0 ml-sm-0 mr-sm-0 ml-md-0 mr-md-0 fs-16 RichTextEditor_editorContent__LH_dL rte-wrapper\" data-testid=\"rteWrapper\"><p>Um dir den schnellstm\u00f6glichen Service zu bieten, wird deine Bestellung nach Eingang automatisiert bearbeitet und dem Versand \u00fcbergeben. Eine \u00c4nderung oder das Zusammenfassen von Bestellungen ist deshalb nicht mehr m\u00f6glich.<\/p><\/div><\/div><\/div><\/div><\/div><\/div><\/div><\/div><\/div><\/div><\/div>\t\t\t\t\t\t\t\t<\/div>\n\t\t\t\t<\/div>\n\t\t\t\t<\/div>\n\t\t\t\t<\/div>\n\t\t","protected":false},"excerpt":{"rendered":"<p>Lieferung, Versandunternehmen und Lieferzeiten Versand Wir versenden von Montag bis Samstag, mit Ausnahme von gesetzlichen Feiertagen. Generell erfolgt der Versand so bald alle bestellten Artikel versandfertig sind. Wenn du dich f\u00fcr die Zahlungsart Vorkasse entscheidest, kann sich die Lieferzeit deiner Bestellung verl\u00e4ngern. Der Versand erfolgt hier erst nach Zahlungseingang. Bei der Angabe der Lieferzeit haben [&hellip;]<\/p>\n","protected":false},"author":1,"featured_media":0,"parent":0,"menu_order":0,"comment_status":"closed","ping_status":"closed","template":"","meta":{"googlesitekit_rrm_CAowq6HFDA:productID":"","om_disable_all_campaigns":false,"_monsterinsights_skip_tracking":false,"_monsterinsights_sitenote_active":false,"_monsterinsights_sitenote_note":"","_monsterinsights_sitenote_category":0,"_uf_show_specific_survey":0,"_uf_disable_surveys":false,"footnotes":""},"class_list":["post-15838","page","type-page","status-publish","hentry"],"aioseo_notices":[],"aioseo_head":"\n\t\t<!-- All in One SEO Pro 4.9.5.2 - aioseo.com -->\n\t<meta name=\"description\" content=\"Bestellen Sie Online und erhalten Sie kostenlosen Versand f\u00fcr alle Ihre Bestellungen. Entdecken Sie unsere gro\u00dfe Auswahl an Qualit\u00e4tsprodukten.\" \/>\n\t<meta name=\"robots\" content=\"max-image-preview:large\" \/>\n\t<meta name=\"google-site-verification\" content=\"leF1qydUwZM4hbNEWkzXBgJ5cwNBnthZjCldnstJI-8\" \/>\n\t<meta name=\"msvalidate.01\" content=\"F4CE253B53A296EF4B982618F43BD699\" \/>\n\t<meta name=\"yandex-verification\" content=\"2c6c63eaf20e4d4b\" \/>\n\t<link rel=\"canonical\" href=\"https:\/\/bikeyfasty.store\/index.php\/versandinformationen\/\" \/>\n\t<meta name=\"generator\" content=\"All in One SEO Pro (AIOSEO) 4.9.5.2\" \/>\n\t\t<meta property=\"og:locale\" content=\"de_DE\" \/>\n\t\t<meta property=\"og:site_name\" content=\"Bikey Fasty - Die bestenIhre besten Fahrr\u00e4der\" \/>\n\t\t<meta property=\"og:type\" content=\"article\" \/>\n\t\t<meta property=\"og:title\" content=\"Versandinformationen - Bikey Fasty\" \/>\n\t\t<meta property=\"og:description\" content=\"Bestellen Sie Online und erhalten Sie kostenlosen Versand f\u00fcr alle Ihre Bestellungen. Entdecken Sie unsere gro\u00dfe Auswahl an Qualit\u00e4tsprodukten.\" \/>\n\t\t<meta property=\"og:url\" content=\"https:\/\/bikeyfasty.store\/index.php\/versandinformationen\/\" \/>\n\t\t<meta property=\"og:image\" content=\"https:\/\/bikeyfasty.store\/wp-content\/uploads\/2026\/01\/unnamed-file.png\" \/>\n\t\t<meta property=\"og:image:secure_url\" content=\"https:\/\/bikeyfasty.store\/wp-content\/uploads\/2026\/01\/unnamed-file.png\" \/>\n\t\t<meta property=\"og:image:width\" content=\"616\" \/>\n\t\t<meta property=\"og:image:height\" content=\"447\" \/>\n\t\t<meta property=\"article:published_time\" content=\"2024-03-20T16:17:40+00:00\" \/>\n\t\t<meta property=\"article:modified_time\" content=\"2025-11-09T00:54:35+00:00\" \/>\n\t\t<meta name=\"twitter:card\" content=\"summary_large_image\" \/>\n\t\t<meta name=\"twitter:title\" content=\"Versandinformationen - Bikey Fasty\" \/>\n\t\t<meta name=\"twitter:description\" content=\"Bestellen Sie Online und erhalten Sie kostenlosen Versand f\u00fcr alle Ihre Bestellungen. Entdecken Sie unsere gro\u00dfe Auswahl an Qualit\u00e4tsprodukten.\" \/>\n\t\t<meta name=\"twitter:image\" content=\"https:\/\/bikeyfasty.store\/wp-content\/uploads\/2026\/01\/unnamed-file.png\" \/>\n\t\t<script type=\"application\/ld+json\" class=\"aioseo-schema\">\n\t\t\t{\"@context\":\"https:\\\/\\\/schema.org\",\"@graph\":[{\"@type\":\"BreadcrumbList\",\"@id\":\"https:\\\/\\\/bikeyfasty.store\\\/index.php\\\/versandinformationen\\\/#breadcrumblist\",\"itemListElement\":[{\"@type\":\"ListItem\",\"@id\":\"https:\\\/\\\/bikeyfasty.store#listItem\",\"position\":1,\"name\":\"Start\",\"item\":\"https:\\\/\\\/bikeyfasty.store\",\"nextItem\":{\"@type\":\"ListItem\",\"@id\":\"https:\\\/\\\/bikeyfasty.store\\\/index.php\\\/versandinformationen\\\/#listItem\",\"name\":\"Versandinformationen\"}},{\"@type\":\"ListItem\",\"@id\":\"https:\\\/\\\/bikeyfasty.store\\\/index.php\\\/versandinformationen\\\/#listItem\",\"position\":2,\"name\":\"Versandinformationen\",\"previousItem\":{\"@type\":\"ListItem\",\"@id\":\"https:\\\/\\\/bikeyfasty.store#listItem\",\"name\":\"Start\"}}]},{\"@type\":\"Organization\",\"@id\":\"https:\\\/\\\/bikeyfasty.store\\\/#organization\",\"name\":\"#Bikey Fasty BIKEY FASTY\",\"description\":\"Die bestenIhre besten Fahrr\\u00e4der Deine elektrische Mobilit\\u00e4t beginnt hier Die Zukunft der Mobilit\\u00e4t \\u2013 heute\",\"url\":\"https:\\\/\\\/bikeyfasty.store\\\/\",\"email\":\"contact@bikeyfasty.store\",\"telephone\":\"+4915510400141\",\"foundingDate\":\"1945-11-29\",\"numberOfEmployees\":{\"@type\":\"QuantitativeValue\",\"value\":27},\"logo\":{\"@type\":\"ImageObject\",\"url\":\"https:\\\/\\\/bikeyfasty.store\\\/wp-content\\\/uploads\\\/2026\\\/01\\\/unnamed-file.png\",\"@id\":\"https:\\\/\\\/bikeyfasty.store\\\/index.php\\\/versandinformationen\\\/#organizationLogo\",\"width\":616,\"height\":447,\"caption\":\"( ( ( ( (\"},\"image\":{\"@id\":\"https:\\\/\\\/bikeyfasty.store\\\/index.php\\\/versandinformationen\\\/#organizationLogo\"},\"address\":{\"@id\":\"https:\\\/\\\/bikeyfasty.store\\\/#postaladdress\",\"@type\":\"PostalAddress\",\"streetAddress\":\"Karl-Liebknecht-Str. 13,\",\"postalCode\":\"10178\",\"addressLocality\":\"Berlin\",\"addressRegion\":\"Berlin\",\"addressCountry\":\"DE\"}},{\"@type\":\"WebPage\",\"@id\":\"https:\\\/\\\/bikeyfasty.store\\\/index.php\\\/versandinformationen\\\/#webpage\",\"url\":\"https:\\\/\\\/bikeyfasty.store\\\/index.php\\\/versandinformationen\\\/\",\"name\":\"Versandinformationen - Bikey Fasty\",\"description\":\"Bestellen Sie Online und erhalten Sie kostenlosen Versand f\\u00fcr alle Ihre Bestellungen. Entdecken Sie unsere gro\\u00dfe Auswahl an Qualit\\u00e4tsprodukten.\",\"inLanguage\":\"de-DE\",\"isPartOf\":{\"@id\":\"https:\\\/\\\/bikeyfasty.store\\\/#website\"},\"breadcrumb\":{\"@id\":\"https:\\\/\\\/bikeyfasty.store\\\/index.php\\\/versandinformationen\\\/#breadcrumblist\"},\"datePublished\":\"2024-03-20T17:17:40+01:00\",\"dateModified\":\"2025-11-09T01:54:35+01:00\"},{\"@type\":\"WebSite\",\"@id\":\"https:\\\/\\\/bikeyfasty.store\\\/#website\",\"url\":\"https:\\\/\\\/bikeyfasty.store\\\/\",\"name\":\"Bikey Fasty\",\"description\":\"Die bestenIhre besten Fahrr\\u00e4der\",\"inLanguage\":\"de-DE\",\"publisher\":{\"@id\":\"https:\\\/\\\/bikeyfasty.store\\\/#organization\"}}]}\n\t\t<\/script>\n\t\t<script type=\"text\/javascript\">\n\t\t\t(function(c,l,a,r,i,t,y){\n\t\t\tc[a]=c[a]||function(){(c[a].q=c[a].q||[]).push(arguments)};t=l.createElement(r);t.async=1;\n\t\t\tt.src=\"https:\/\/www.clarity.ms\/tag\/\"+i+\"?ref=aioseo\";y=l.getElementsByTagName(r)[0];y.parentNode.insertBefore(t,y);\n\t\t})(window, document, \"clarity\", \"script\", \"v74e4fvqvw\");\n\t\t<\/script>\n\t\t<!-- All in One SEO Pro -->\r\n\t\t<title>Versandinformationen - Bikey Fasty<\/title>\n\n","aioseo_head_json":{"title":"Versandinformationen - Bikey Fasty","description":"Bestellen Sie Online und erhalten Sie kostenlosen Versand f\u00fcr alle Ihre Bestellungen. Entdecken Sie unsere gro\u00dfe Auswahl an Qualit\u00e4tsprodukten.","canonical_url":"https:\/\/bikeyfasty.store\/index.php\/versandinformationen\/","robots":"max-image-preview:large","keywords":"","webmasterTools":{"google-site-verification":"leF1qydUwZM4hbNEWkzXBgJ5cwNBnthZjCldnstJI-8","msvalidate.01":"F4CE253B53A296EF4B982618F43BD699","yandex-verification":"2c6c63eaf20e4d4b","miscellaneous":""},"schema":{"@context":"https:\/\/schema.org","@graph":[{"@type":"BreadcrumbList","@id":"https:\/\/bikeyfasty.store\/index.php\/versandinformationen\/#breadcrumblist","itemListElement":[{"@type":"ListItem","@id":"https:\/\/bikeyfasty.store#listItem","position":1,"name":"Start","item":"https:\/\/bikeyfasty.store","nextItem":{"@type":"ListItem","@id":"https:\/\/bikeyfasty.store\/index.php\/versandinformationen\/#listItem","name":"Versandinformationen"}},{"@type":"ListItem","@id":"https:\/\/bikeyfasty.store\/index.php\/versandinformationen\/#listItem","position":2,"name":"Versandinformationen","previousItem":{"@type":"ListItem","@id":"https:\/\/bikeyfasty.store#listItem","name":"Start"}}]},{"@type":"Organization","@id":"https:\/\/bikeyfasty.store\/#organization","name":"#Bikey Fasty BIKEY FASTY","description":"Die bestenIhre besten Fahrr\u00e4der Deine elektrische Mobilit\u00e4t beginnt hier Die Zukunft der Mobilit\u00e4t \u2013 heute","url":"https:\/\/bikeyfasty.store\/","email":"contact@bikeyfasty.store","telephone":"+4915510400141","foundingDate":"1945-11-29","numberOfEmployees":{"@type":"QuantitativeValue","value":27},"logo":{"@type":"ImageObject","url":"https:\/\/bikeyfasty.store\/wp-content\/uploads\/2026\/01\/unnamed-file.png","@id":"https:\/\/bikeyfasty.store\/index.php\/versandinformationen\/#organizationLogo","width":616,"height":447,"caption":"( ( ( ( ("},"image":{"@id":"https:\/\/bikeyfasty.store\/index.php\/versandinformationen\/#organizationLogo"},"address":{"@id":"https:\/\/bikeyfasty.store\/#postaladdress","@type":"PostalAddress","streetAddress":"Karl-Liebknecht-Str. 13,","postalCode":"10178","addressLocality":"Berlin","addressRegion":"Berlin","addressCountry":"DE"}},{"@type":"WebPage","@id":"https:\/\/bikeyfasty.store\/index.php\/versandinformationen\/#webpage","url":"https:\/\/bikeyfasty.store\/index.php\/versandinformationen\/","name":"Versandinformationen - Bikey Fasty","description":"Bestellen Sie Online und erhalten Sie kostenlosen Versand f\u00fcr alle Ihre Bestellungen. Entdecken Sie unsere gro\u00dfe Auswahl an Qualit\u00e4tsprodukten.","inLanguage":"de-DE","isPartOf":{"@id":"https:\/\/bikeyfasty.store\/#website"},"breadcrumb":{"@id":"https:\/\/bikeyfasty.store\/index.php\/versandinformationen\/#breadcrumblist"},"datePublished":"2024-03-20T17:17:40+01:00","dateModified":"2025-11-09T01:54:35+01:00"},{"@type":"WebSite","@id":"https:\/\/bikeyfasty.store\/#website","url":"https:\/\/bikeyfasty.store\/","name":"Bikey Fasty","description":"Die bestenIhre besten Fahrr\u00e4der","inLanguage":"de-DE","publisher":{"@id":"https:\/\/bikeyfasty.store\/#organization"}}]},"og:locale":"de_DE","og:site_name":"Bikey Fasty - Die bestenIhre besten Fahrr\u00e4der","og:type":"article","og:title":"Versandinformationen - Bikey Fasty","og:description":"Bestellen Sie Online und erhalten Sie kostenlosen Versand f\u00fcr alle Ihre Bestellungen. Entdecken Sie unsere gro\u00dfe Auswahl an Qualit\u00e4tsprodukten.","og:url":"https:\/\/bikeyfasty.store\/index.php\/versandinformationen\/","og:image":"https:\/\/bikeyfasty.store\/wp-content\/uploads\/2026\/01\/unnamed-file.png","og:image:secure_url":"https:\/\/bikeyfasty.store\/wp-content\/uploads\/2026\/01\/unnamed-file.png","og:image:width":616,"og:image:height":447,"article:published_time":"2024-03-20T16:17:40+00:00","article:modified_time":"2025-11-09T00:54:35+00:00","twitter:card":"summary_large_image","twitter:title":"Versandinformationen - Bikey Fasty","twitter:description":"Bestellen Sie Online und erhalten Sie kostenlosen Versand f\u00fcr alle Ihre Bestellungen. Entdecken Sie unsere gro\u00dfe Auswahl an Qualit\u00e4tsprodukten.","twitter:image":"https:\/\/bikeyfasty.store\/wp-content\/uploads\/2026\/01\/unnamed-file.png"},"aioseo_meta_data":{"post_id":"15838","title":null,"description":"Bestellen Sie Online und erhalten Sie kostenlosen Versand f\u00fcr alle Ihre Bestellungen. Entdecken Sie unsere gro\u00dfe Auswahl an Qualit\u00e4tsprodukten.","keywords":[],"keyphrases":{"focus":{"keyphrase":"","score":0,"analysis":{"keyphraseInTitle":{"score":0,"maxScore":9,"error":1}}},"additional":[]},"primary_term":null,"canonical_url":null,"og_title":null,"og_description":null,"og_object_type":"default","og_image_type":"default","og_image_url":null,"og_image_width":null,"og_image_height":null,"og_image_custom_url":null,"og_image_custom_fields":null,"og_video":"","og_custom_url":null,"og_article_section":null,"og_article_tags":[],"twitter_use_og":false,"twitter_card":"default","twitter_image_type":"default","twitter_image_url":null,"twitter_image_custom_url":null,"twitter_image_custom_fields":null,"twitter_title":null,"twitter_description":null,"schema":{"blockGraphs":[],"customGraphs":[],"default":{"data":{"Article":[],"Course":[],"Dataset":[],"FAQPage":[],"Movie":[],"Person":[],"Product":[],"ProductReview":[],"Car":[],"Recipe":[],"Service":[],"SoftwareApplication":[],"WebPage":[]},"graphName":"WebPage","isEnabled":true},"graphs":[]},"schema_type":"default","schema_type_options":null,"pillar_content":false,"robots_default":true,"robots_noindex":false,"robots_noarchive":false,"robots_nosnippet":false,"robots_nofollow":false,"robots_noimageindex":false,"robots_noodp":false,"robots_notranslate":false,"robots_max_snippet":"-1","robots_max_videopreview":"-1","robots_max_imagepreview":"large","priority":null,"frequency":"default","local_seo":null,"seo_analyzer_scan_date":"2025-09-08 20:13:26","breadcrumb_settings":null,"limit_modified_date":false,"reviewed_by":null,"open_ai":null,"ai":null,"created":"2024-03-28 11:46:30","updated":"2026-01-25 20:59:55"},"aioseo_breadcrumb":"<div class=\"aioseo-breadcrumbs\"><span class=\"aioseo-breadcrumb\">\n\t<a href=\"https:\/\/bikeyfasty.store\" title=\"Start\">Start<\/a>\n<\/span><span class=\"aioseo-breadcrumb-separator\">\u00bb<\/span><span class=\"aioseo-breadcrumb\">\n\tVersandinformationen\n<\/span><\/div>","aioseo_breadcrumb_json":[{"label":"Start","link":"https:\/\/bikeyfasty.store"},{"label":"Versandinformationen","link":"https:\/\/bikeyfasty.store\/index.php\/versandinformationen\/"}],"_links":{"self":[{"href":"https:\/\/bikeyfasty.store\/index.php\/wp-json\/wp\/v2\/pages\/15838","targetHints":{"allow":["GET"]}}],"collection":[{"href":"https:\/\/bikeyfasty.store\/index.php\/wp-json\/wp\/v2\/pages"}],"about":[{"href":"https:\/\/bikeyfasty.store\/index.php\/wp-json\/wp\/v2\/types\/page"}],"author":[{"embeddable":true,"href":"https:\/\/bikeyfasty.store\/index.php\/wp-json\/wp\/v2\/users\/1"}],"replies":[{"embeddable":true,"href":"https:\/\/bikeyfasty.store\/index.php\/wp-json\/wp\/v2\/comments?post=15838"}],"version-history":[{"count":42,"href":"https:\/\/bikeyfasty.store\/index.php\/wp-json\/wp\/v2\/pages\/15838\/revisions"}],"predecessor-version":[{"id":45342,"href":"https:\/\/bikeyfasty.store\/index.php\/wp-json\/wp\/v2\/pages\/15838\/revisions\/45342"}],"wp:attachment":[{"href":"https:\/\/bikeyfasty.store\/index.php\/wp-json\/wp\/v2\/media?parent=15838"}],"curies":[{"name":"wp","href":"https:\/\/api.w.org\/{rel}","templated":true}]}}