{"id":15846,"date":"2024-03-20T19:01:28","date_gmt":"2024-03-20T18:01:28","guid":{"rendered":"https:\/\/bikeyfasty.store\/?page_id=15846"},"modified":"2025-04-24T17:16:19","modified_gmt":"2025-04-24T15:16:19","slug":"zahlungsmoeglichkeiten","status":"publish","type":"page","link":"https:\/\/bikeyfasty.store\/index.php\/zahlungsmoeglichkeiten\/","title":{"rendered":"Zahlungsm\u00f6glichkeiten"},"content":{"rendered":"\t\t<div data-elementor-type=\"wp-page\" data-elementor-id=\"15846\" class=\"elementor elementor-15846\">\n\t\t\t\t<div class=\"elementor-element elementor-element-33e8bbd e-con-full e-flex ecomus-responsive-column ecomus-tablet-column--default ecomus-responsive-column ecomus-mobile-column--default ecomus-responsive-column ecomus-motion--var(--position) e-con e-parent\" data-id=\"33e8bbd\" data-element_type=\"container\" data-e-type=\"container\">\n\t\t\t\t<div class=\"elementor-element elementor-element-faf2016 elementor-widget elementor-widget-text-editor\" data-id=\"faf2016\" data-element_type=\"widget\" data-e-type=\"widget\" data-widget_type=\"text-editor.default\">\n\t\t\t\t<div class=\"elementor-widget-container\">\n\t\t\t\t\t\t\t\t\t<h1 style=\"margin: 0.625rem 0rem 1.25rem; border: 0px; vertical-align: baseline; font-variant-numeric: inherit; font-variant-east-asian: inherit; font-variant-alternates: inherit; font-variant-position: inherit; font-variant-emoji: inherit; font-weight: 900; font-stretch: inherit; line-height: 1.75rem; font-family: Roboto, Arial, sans-serif; font-optical-sizing: inherit; font-size-adjust: inherit; font-kerning: inherit; font-feature-settings: inherit; font-variation-settings: inherit; font-size: 1.5rem; color: #32343c; text-transform: uppercase; border-radius: 0px !important;\">ZAHLUNG<\/h1>\n<p style=\"margin: 0rem 0rem 1.25rem; padding: 0px; border: 0px; vertical-align: baseline; font-variant-numeric: inherit; font-variant-east-asian: inherit; font-variant-alternates: inherit; font-variant-position: inherit; font-variant-emoji: inherit; font-stretch: inherit; line-height: 1.5rem; font-family: 'Open Sans', 'Helvetica Neue', Helvetica, Arial, 'Lucida Grande', sans-serif; font-optical-sizing: inherit; font-size-adjust: inherit; font-kerning: inherit; font-feature-settings: inherit; font-variation-settings: inherit; font-size: 14px; color: #838383; border-radius: 0px !important;\">Zu unserem Service geh\u00f6rt eine breite Auswahl an verschiedenen Zahlungsweisen. So kannst du selbst entscheiden, wie du deine Bestellung bezahlen m\u00f6chtest.<\/p>\n<p style=\"margin: 0rem 0rem 1.25rem; padding: 0px; border: 0px; vertical-align: baseline; font-variant-numeric: inherit; font-variant-east-asian: inherit; font-variant-alternates: inherit; font-variant-position: inherit; font-variant-emoji: inherit; font-stretch: inherit; line-height: 1.5rem; font-family: 'Open Sans', 'Helvetica Neue', Helvetica, Arial, 'Lucida Grande', sans-serif; font-optical-sizing: inherit; font-size-adjust: inherit; font-kerning: inherit; font-feature-settings: inherit; font-variation-settings: inherit; font-size: 14px; color: #838383; border-radius: 0px !important;\">Du kannst aus diversen sicheren Bezahlvarianten bei grootfmoveshop.com w\u00e4hlen:<\/p>\n<p style=\"margin: 0rem 0rem 1.25rem; padding: 0px; border: 0px; vertical-align: baseline; font-variant-numeric: inherit; font-variant-east-asian: inherit; font-variant-alternates: inherit; font-variant-position: inherit; font-variant-emoji: inherit; font-stretch: inherit; line-height: 1.5rem; font-family: 'Open Sans', 'Helvetica Neue', Helvetica, Arial, 'Lucida Grande', sans-serif; font-optical-sizing: inherit; font-size-adjust: inherit; font-kerning: inherit; font-feature-settings: inherit; font-variation-settings: inherit; font-size: 14px; color: #838383; border-radius: 0px !important;\">1.) Kredit-und Debitkarten<br>2.) Bank\u00fcberweisung<br>3.)&nbsp;<span style=\"margin: 0px; padding: 0px; border: 0px; vertical-align: baseline; font-variant-numeric: inherit; font-variant-east-asian: inherit; font-variant-alternates: inherit; font-variant-position: inherit; font-variant-emoji: inherit; font-stretch: inherit; line-height: inherit; font-optical-sizing: inherit; font-size-adjust: inherit; font-kerning: inherit; font-feature-settings: inherit; font-variation-settings: inherit;\">Klarna<\/span><\/p>\n<h3 style=\"margin: 1.75rem 0rem 0.625rem; border: 0px; vertical-align: baseline; font-variant-numeric: inherit; font-variant-east-asian: inherit; font-variant-alternates: inherit; font-variant-position: inherit; font-variant-emoji: inherit; font-weight: bold; font-stretch: inherit; line-height: 1.625rem; font-family: 'Open Sans', 'Helvetica Neue', Helvetica, Arial, 'Lucida Grande', sans-serif; font-optical-sizing: inherit; font-size-adjust: inherit; font-kerning: inherit; font-feature-settings: inherit; font-variation-settings: inherit; font-size: 1.125rem; color: #3f4c58; text-transform: uppercase; border-radius: 0px !important;\">1.) Kredit-und Debitkarten<\/h3>\n<p data-pm-slice=\"0 0 []\">Mit der Kreditkartenzahlung bezahlen Sie Ihre Bestellung einfach und sicher mit Ihrer Visa-, MasterCard- oder einer anderen akzeptierten Karte. Der Betrag wird direkt nach Bestellbest\u00e4tigung abgebucht.<\/p>\n<h3 style=\"margin: 1.75rem 0rem 0.625rem; border: 0px; vertical-align: baseline; font-variant-numeric: inherit; font-variant-east-asian: inherit; font-variant-alternates: inherit; font-variant-position: inherit; font-variant-emoji: inherit; font-weight: bold; font-stretch: inherit; line-height: 1.625rem; font-family: 'Open Sans', 'Helvetica Neue', Helvetica, Arial, 'Lucida Grande', sans-serif; font-optical-sizing: inherit; font-size-adjust: inherit; font-kerning: inherit; font-feature-settings: inherit; font-variation-settings: inherit; font-size: 1.125rem; color: #3f4c58; text-transform: uppercase; border-radius: 0px !important;\">2.) Bank\u00fcberweisung&nbsp;<\/h3>\n<p data-pm-slice=\"0 0 []\">Per Bank\u00fcberweisung bezahlen Sie Ihre Bestellung direkt von Ihrem Konto, indem Sie die Bankverbindung verwenden, die wir Ihnen zur Verf\u00fcgung stellen.<\/p>\n<h3 style=\"margin: 1.75rem 0rem 0.625rem; border: 0px; vertical-align: baseline; font-variant-numeric: inherit; font-variant-east-asian: inherit; font-variant-alternates: inherit; font-variant-position: inherit; font-variant-emoji: inherit; font-weight: bold; font-stretch: inherit; line-height: 1.625rem; font-family: 'Open Sans', 'Helvetica Neue', Helvetica, Arial, 'Lucida Grande', sans-serif; font-optical-sizing: inherit; font-size-adjust: inherit; font-kerning: inherit; font-feature-settings: inherit; font-variation-settings: inherit; font-size: 1.125rem; color: #3f4c58; text-transform: uppercase; border-radius: 0px !important;\">3.) KLARNA<\/h3>\n<p data-pm-slice=\"0 0 []\">Klarna ist eine innovative Zahlungsmethode und eine Alternative zum herk\u00f6mmlichen Kredit. Kaufen Sie, was Sie brauchen, wann Sie es brauchen \u2013 und bezahlen Sie in 4 zinsfreien Raten, sofern Sie die F\u00e4lligkeitstermine einhalten.<\/p>\n<p style=\"margin: 0px; padding: 0px; border: 0px; vertical-align: baseline; font-variant-numeric: inherit; font-variant-east-asian: inherit; font-variant-alternates: inherit; font-variant-position: inherit; font-variant-emoji: inherit; font-stretch: inherit; line-height: inherit; font-family: Karla, Arial, Helvetica, sans-serif; font-optical-sizing: inherit; font-size-adjust: inherit; font-kerning: inherit; font-feature-settings: inherit; font-variation-settings: inherit; font-size: 14px; color: #777777;\">\n<\/p>\t\t\t\t\t\t\t\t<\/div>\n\t\t\t\t<\/div>\n\t\t\t\t<\/div>\n\t\t\t\t<\/div>\n\t\t","protected":false},"excerpt":{"rendered":"<p>ZAHLUNG Zu unserem Service geh\u00f6rt eine breite Auswahl an verschiedenen Zahlungsweisen. So kannst du selbst entscheiden, wie du deine Bestellung bezahlen m\u00f6chtest. Du kannst aus diversen sicheren Bezahlvarianten bei grootfmoveshop.com w\u00e4hlen: 1.) Kredit-und Debitkarten2.) Bank\u00fcberweisung3.)&nbsp;Klarna 1.) Kredit-und Debitkarten Mit der Kreditkartenzahlung bezahlen Sie Ihre Bestellung einfach und sicher mit Ihrer Visa-, MasterCard- oder einer anderen [&hellip;]<\/p>\n","protected":false},"author":1,"featured_media":0,"parent":0,"menu_order":0,"comment_status":"closed","ping_status":"closed","template":"","meta":{"googlesitekit_rrm_CAowq6HFDA:productID":"","om_disable_all_campaigns":false,"_monsterinsights_skip_tracking":false,"_monsterinsights_sitenote_active":false,"_monsterinsights_sitenote_note":"","_monsterinsights_sitenote_category":0,"_uf_show_specific_survey":0,"_uf_disable_surveys":false,"footnotes":""},"class_list":["post-15846","page","type-page","status-publish","hentry"],"aioseo_notices":[],"aioseo_head":"\n\t\t<!-- All in One SEO Pro 4.9.5.2 - aioseo.com -->\n\t<meta name=\"description\" content=\"ZAHLUNG Zu unserem Service geh\u00f6rt eine breite Auswahl an verschiedenen Zahlungsweisen. So kannst du selbst entscheiden, wie du deine Bestellung bezahlen m\u00f6chtest. Du kannst aus diversen sicheren Bezahlvarianten bei grootfmoveshop.com w\u00e4hlen: 1.) Kredit-und Debitkarten2.) Bank\u00fcberweisung3.) Klarna 1.) Kredit-und Debitkarten Mit der Kreditkartenzahlung bezahlen Sie Ihre Bestellung einfach und sicher mit Ihrer Visa-, MasterCard- oder einer anderen\" \/>\n\t<meta name=\"robots\" content=\"max-image-preview:large\" \/>\n\t<meta name=\"google-site-verification\" content=\"leF1qydUwZM4hbNEWkzXBgJ5cwNBnthZjCldnstJI-8\" \/>\n\t<meta name=\"msvalidate.01\" content=\"F4CE253B53A296EF4B982618F43BD699\" \/>\n\t<meta name=\"yandex-verification\" content=\"2c6c63eaf20e4d4b\" \/>\n\t<link rel=\"canonical\" href=\"https:\/\/bikeyfasty.store\/index.php\/zahlungsmoeglichkeiten\/\" \/>\n\t<meta name=\"generator\" content=\"All in One SEO Pro (AIOSEO) 4.9.5.2\" \/>\n\t\t<meta property=\"og:locale\" content=\"de_DE\" \/>\n\t\t<meta property=\"og:site_name\" content=\"Bikey Fasty - Die bestenIhre besten Fahrr\u00e4der\" \/>\n\t\t<meta property=\"og:type\" content=\"article\" \/>\n\t\t<meta property=\"og:title\" content=\"Zahlungsm\u00f6glichkeiten - Bikey Fasty\" \/>\n\t\t<meta property=\"og:description\" content=\"ZAHLUNG Zu unserem Service geh\u00f6rt eine breite Auswahl an verschiedenen Zahlungsweisen. So kannst du selbst entscheiden, wie du deine Bestellung bezahlen m\u00f6chtest. Du kannst aus diversen sicheren Bezahlvarianten bei grootfmoveshop.com w\u00e4hlen: 1.) Kredit-und Debitkarten2.) Bank\u00fcberweisung3.) Klarna 1.) Kredit-und Debitkarten Mit der Kreditkartenzahlung bezahlen Sie Ihre Bestellung einfach und sicher mit Ihrer Visa-, MasterCard- oder einer anderen\" \/>\n\t\t<meta property=\"og:url\" content=\"https:\/\/bikeyfasty.store\/index.php\/zahlungsmoeglichkeiten\/\" \/>\n\t\t<meta property=\"og:image\" content=\"https:\/\/bikeyfasty.store\/wp-content\/uploads\/2026\/01\/unnamed-file.png\" \/>\n\t\t<meta property=\"og:image:secure_url\" content=\"https:\/\/bikeyfasty.store\/wp-content\/uploads\/2026\/01\/unnamed-file.png\" \/>\n\t\t<meta property=\"og:image:width\" content=\"616\" \/>\n\t\t<meta property=\"og:image:height\" content=\"447\" \/>\n\t\t<meta property=\"article:published_time\" content=\"2024-03-20T18:01:28+00:00\" \/>\n\t\t<meta property=\"article:modified_time\" content=\"2025-04-24T15:16:19+00:00\" \/>\n\t\t<meta name=\"twitter:card\" content=\"summary_large_image\" \/>\n\t\t<meta name=\"twitter:title\" content=\"Zahlungsm\u00f6glichkeiten - Bikey Fasty\" \/>\n\t\t<meta name=\"twitter:description\" content=\"ZAHLUNG Zu unserem Service geh\u00f6rt eine breite Auswahl an verschiedenen Zahlungsweisen. So kannst du selbst entscheiden, wie du deine Bestellung bezahlen m\u00f6chtest. Du kannst aus diversen sicheren Bezahlvarianten bei grootfmoveshop.com w\u00e4hlen: 1.) Kredit-und Debitkarten2.) Bank\u00fcberweisung3.) Klarna 1.) Kredit-und Debitkarten Mit der Kreditkartenzahlung bezahlen Sie Ihre Bestellung einfach und sicher mit Ihrer Visa-, MasterCard- oder einer anderen\" \/>\n\t\t<meta name=\"twitter:image\" content=\"https:\/\/bikeyfasty.store\/wp-content\/uploads\/2026\/01\/unnamed-file.png\" \/>\n\t\t<script type=\"application\/ld+json\" class=\"aioseo-schema\">\n\t\t\t{\"@context\":\"https:\\\/\\\/schema.org\",\"@graph\":[{\"@type\":\"BreadcrumbList\",\"@id\":\"https:\\\/\\\/bikeyfasty.store\\\/index.php\\\/zahlungsmoeglichkeiten\\\/#breadcrumblist\",\"itemListElement\":[{\"@type\":\"ListItem\",\"@id\":\"https:\\\/\\\/bikeyfasty.store#listItem\",\"position\":1,\"name\":\"Start\",\"item\":\"https:\\\/\\\/bikeyfasty.store\",\"nextItem\":{\"@type\":\"ListItem\",\"@id\":\"https:\\\/\\\/bikeyfasty.store\\\/index.php\\\/zahlungsmoeglichkeiten\\\/#listItem\",\"name\":\"Zahlungsm\\u00f6glichkeiten\"}},{\"@type\":\"ListItem\",\"@id\":\"https:\\\/\\\/bikeyfasty.store\\\/index.php\\\/zahlungsmoeglichkeiten\\\/#listItem\",\"position\":2,\"name\":\"Zahlungsm\\u00f6glichkeiten\",\"previousItem\":{\"@type\":\"ListItem\",\"@id\":\"https:\\\/\\\/bikeyfasty.store#listItem\",\"name\":\"Start\"}}]},{\"@type\":\"Organization\",\"@id\":\"https:\\\/\\\/bikeyfasty.store\\\/#organization\",\"name\":\"#Bikey Fasty BIKEY FASTY\",\"description\":\"Die bestenIhre besten Fahrr\\u00e4der Deine elektrische Mobilit\\u00e4t beginnt hier Die Zukunft der Mobilit\\u00e4t \\u2013 heute\",\"url\":\"https:\\\/\\\/bikeyfasty.store\\\/\",\"email\":\"contact@bikeyfasty.store\",\"telephone\":\"+4915510400141\",\"foundingDate\":\"1945-11-29\",\"numberOfEmployees\":{\"@type\":\"QuantitativeValue\",\"value\":27},\"logo\":{\"@type\":\"ImageObject\",\"url\":\"https:\\\/\\\/bikeyfasty.store\\\/wp-content\\\/uploads\\\/2026\\\/01\\\/unnamed-file.png\",\"@id\":\"https:\\\/\\\/bikeyfasty.store\\\/index.php\\\/zahlungsmoeglichkeiten\\\/#organizationLogo\",\"width\":616,\"height\":447,\"caption\":\"( ( ( ( (\"},\"image\":{\"@id\":\"https:\\\/\\\/bikeyfasty.store\\\/index.php\\\/zahlungsmoeglichkeiten\\\/#organizationLogo\"},\"address\":{\"@id\":\"https:\\\/\\\/bikeyfasty.store\\\/#postaladdress\",\"@type\":\"PostalAddress\",\"streetAddress\":\"Karl-Liebknecht-Str. 13,\",\"postalCode\":\"10178\",\"addressLocality\":\"Berlin\",\"addressRegion\":\"Berlin\",\"addressCountry\":\"DE\"}},{\"@type\":\"WebPage\",\"@id\":\"https:\\\/\\\/bikeyfasty.store\\\/index.php\\\/zahlungsmoeglichkeiten\\\/#webpage\",\"url\":\"https:\\\/\\\/bikeyfasty.store\\\/index.php\\\/zahlungsmoeglichkeiten\\\/\",\"name\":\"Zahlungsm\\u00f6glichkeiten - Bikey Fasty\",\"description\":\"ZAHLUNG Zu unserem Service geh\\u00f6rt eine breite Auswahl an verschiedenen Zahlungsweisen. So kannst du selbst entscheiden, wie du deine Bestellung bezahlen m\\u00f6chtest. Du kannst aus diversen sicheren Bezahlvarianten bei grootfmoveshop.com w\\u00e4hlen: 1.) Kredit-und Debitkarten2.) Bank\\u00fcberweisung3.) Klarna 1.) Kredit-und Debitkarten Mit der Kreditkartenzahlung bezahlen Sie Ihre Bestellung einfach und sicher mit Ihrer Visa-, MasterCard- oder einer anderen\",\"inLanguage\":\"de-DE\",\"isPartOf\":{\"@id\":\"https:\\\/\\\/bikeyfasty.store\\\/#website\"},\"breadcrumb\":{\"@id\":\"https:\\\/\\\/bikeyfasty.store\\\/index.php\\\/zahlungsmoeglichkeiten\\\/#breadcrumblist\"},\"datePublished\":\"2024-03-20T19:01:28+01:00\",\"dateModified\":\"2025-04-24T17:16:19+02:00\"},{\"@type\":\"WebSite\",\"@id\":\"https:\\\/\\\/bikeyfasty.store\\\/#website\",\"url\":\"https:\\\/\\\/bikeyfasty.store\\\/\",\"name\":\"Bikey Fasty\",\"description\":\"Die bestenIhre besten Fahrr\\u00e4der\",\"inLanguage\":\"de-DE\",\"publisher\":{\"@id\":\"https:\\\/\\\/bikeyfasty.store\\\/#organization\"}}]}\n\t\t<\/script>\n\t\t<script type=\"text\/javascript\">\n\t\t\t(function(c,l,a,r,i,t,y){\n\t\t\tc[a]=c[a]||function(){(c[a].q=c[a].q||[]).push(arguments)};t=l.createElement(r);t.async=1;\n\t\t\tt.src=\"https:\/\/www.clarity.ms\/tag\/\"+i+\"?ref=aioseo\";y=l.getElementsByTagName(r)[0];y.parentNode.insertBefore(t,y);\n\t\t})(window, document, \"clarity\", \"script\", \"v74e4fvqvw\");\n\t\t<\/script>\n\t\t<!-- All in One SEO Pro -->\r\n\t\t<title>Zahlungsm\u00f6glichkeiten - Bikey Fasty<\/title>\n\n","aioseo_head_json":{"title":"Zahlungsm\u00f6glichkeiten - Bikey Fasty","description":"ZAHLUNG Zu unserem Service geh\u00f6rt eine breite Auswahl an verschiedenen Zahlungsweisen. So kannst du selbst entscheiden, wie du deine Bestellung bezahlen m\u00f6chtest. Du kannst aus diversen sicheren Bezahlvarianten bei grootfmoveshop.com w\u00e4hlen: 1.) Kredit-und Debitkarten2.) Bank\u00fcberweisung3.) Klarna 1.) Kredit-und Debitkarten Mit der Kreditkartenzahlung bezahlen Sie Ihre Bestellung einfach und sicher mit Ihrer Visa-, MasterCard- oder einer anderen","canonical_url":"https:\/\/bikeyfasty.store\/index.php\/zahlungsmoeglichkeiten\/","robots":"max-image-preview:large","keywords":"","webmasterTools":{"google-site-verification":"leF1qydUwZM4hbNEWkzXBgJ5cwNBnthZjCldnstJI-8","msvalidate.01":"F4CE253B53A296EF4B982618F43BD699","yandex-verification":"2c6c63eaf20e4d4b","miscellaneous":""},"schema":{"@context":"https:\/\/schema.org","@graph":[{"@type":"BreadcrumbList","@id":"https:\/\/bikeyfasty.store\/index.php\/zahlungsmoeglichkeiten\/#breadcrumblist","itemListElement":[{"@type":"ListItem","@id":"https:\/\/bikeyfasty.store#listItem","position":1,"name":"Start","item":"https:\/\/bikeyfasty.store","nextItem":{"@type":"ListItem","@id":"https:\/\/bikeyfasty.store\/index.php\/zahlungsmoeglichkeiten\/#listItem","name":"Zahlungsm\u00f6glichkeiten"}},{"@type":"ListItem","@id":"https:\/\/bikeyfasty.store\/index.php\/zahlungsmoeglichkeiten\/#listItem","position":2,"name":"Zahlungsm\u00f6glichkeiten","previousItem":{"@type":"ListItem","@id":"https:\/\/bikeyfasty.store#listItem","name":"Start"}}]},{"@type":"Organization","@id":"https:\/\/bikeyfasty.store\/#organization","name":"#Bikey Fasty BIKEY FASTY","description":"Die bestenIhre besten Fahrr\u00e4der Deine elektrische Mobilit\u00e4t beginnt hier Die Zukunft der Mobilit\u00e4t \u2013 heute","url":"https:\/\/bikeyfasty.store\/","email":"contact@bikeyfasty.store","telephone":"+4915510400141","foundingDate":"1945-11-29","numberOfEmployees":{"@type":"QuantitativeValue","value":27},"logo":{"@type":"ImageObject","url":"https:\/\/bikeyfasty.store\/wp-content\/uploads\/2026\/01\/unnamed-file.png","@id":"https:\/\/bikeyfasty.store\/index.php\/zahlungsmoeglichkeiten\/#organizationLogo","width":616,"height":447,"caption":"( ( ( ( ("},"image":{"@id":"https:\/\/bikeyfasty.store\/index.php\/zahlungsmoeglichkeiten\/#organizationLogo"},"address":{"@id":"https:\/\/bikeyfasty.store\/#postaladdress","@type":"PostalAddress","streetAddress":"Karl-Liebknecht-Str. 13,","postalCode":"10178","addressLocality":"Berlin","addressRegion":"Berlin","addressCountry":"DE"}},{"@type":"WebPage","@id":"https:\/\/bikeyfasty.store\/index.php\/zahlungsmoeglichkeiten\/#webpage","url":"https:\/\/bikeyfasty.store\/index.php\/zahlungsmoeglichkeiten\/","name":"Zahlungsm\u00f6glichkeiten - Bikey Fasty","description":"ZAHLUNG Zu unserem Service geh\u00f6rt eine breite Auswahl an verschiedenen Zahlungsweisen. So kannst du selbst entscheiden, wie du deine Bestellung bezahlen m\u00f6chtest. Du kannst aus diversen sicheren Bezahlvarianten bei grootfmoveshop.com w\u00e4hlen: 1.) Kredit-und Debitkarten2.) Bank\u00fcberweisung3.) Klarna 1.) Kredit-und Debitkarten Mit der Kreditkartenzahlung bezahlen Sie Ihre Bestellung einfach und sicher mit Ihrer Visa-, MasterCard- oder einer anderen","inLanguage":"de-DE","isPartOf":{"@id":"https:\/\/bikeyfasty.store\/#website"},"breadcrumb":{"@id":"https:\/\/bikeyfasty.store\/index.php\/zahlungsmoeglichkeiten\/#breadcrumblist"},"datePublished":"2024-03-20T19:01:28+01:00","dateModified":"2025-04-24T17:16:19+02:00"},{"@type":"WebSite","@id":"https:\/\/bikeyfasty.store\/#website","url":"https:\/\/bikeyfasty.store\/","name":"Bikey Fasty","description":"Die bestenIhre besten Fahrr\u00e4der","inLanguage":"de-DE","publisher":{"@id":"https:\/\/bikeyfasty.store\/#organization"}}]},"og:locale":"de_DE","og:site_name":"Bikey Fasty - Die bestenIhre besten Fahrr\u00e4der","og:type":"article","og:title":"Zahlungsm\u00f6glichkeiten - Bikey Fasty","og:description":"ZAHLUNG Zu unserem Service geh\u00f6rt eine breite Auswahl an verschiedenen Zahlungsweisen. So kannst du selbst entscheiden, wie du deine Bestellung bezahlen m\u00f6chtest. Du kannst aus diversen sicheren Bezahlvarianten bei grootfmoveshop.com w\u00e4hlen: 1.) Kredit-und Debitkarten2.) Bank\u00fcberweisung3.) Klarna 1.) Kredit-und Debitkarten Mit der Kreditkartenzahlung bezahlen Sie Ihre Bestellung einfach und sicher mit Ihrer Visa-, MasterCard- oder einer anderen","og:url":"https:\/\/bikeyfasty.store\/index.php\/zahlungsmoeglichkeiten\/","og:image":"https:\/\/bikeyfasty.store\/wp-content\/uploads\/2026\/01\/unnamed-file.png","og:image:secure_url":"https:\/\/bikeyfasty.store\/wp-content\/uploads\/2026\/01\/unnamed-file.png","og:image:width":616,"og:image:height":447,"article:published_time":"2024-03-20T18:01:28+00:00","article:modified_time":"2025-04-24T15:16:19+00:00","twitter:card":"summary_large_image","twitter:title":"Zahlungsm\u00f6glichkeiten - Bikey Fasty","twitter:description":"ZAHLUNG Zu unserem Service geh\u00f6rt eine breite Auswahl an verschiedenen Zahlungsweisen. So kannst du selbst entscheiden, wie du deine Bestellung bezahlen m\u00f6chtest. Du kannst aus diversen sicheren Bezahlvarianten bei grootfmoveshop.com w\u00e4hlen: 1.) Kredit-und Debitkarten2.) Bank\u00fcberweisung3.) Klarna 1.) Kredit-und Debitkarten Mit der Kreditkartenzahlung bezahlen Sie Ihre Bestellung einfach und sicher mit Ihrer Visa-, MasterCard- oder einer anderen","twitter:image":"https:\/\/bikeyfasty.store\/wp-content\/uploads\/2026\/01\/unnamed-file.png"},"aioseo_meta_data":{"post_id":"15846","title":null,"description":null,"keywords":null,"keyphrases":null,"primary_term":null,"canonical_url":null,"og_title":null,"og_description":null,"og_object_type":"default","og_image_type":"default","og_image_url":null,"og_image_width":null,"og_image_height":null,"og_image_custom_url":null,"og_image_custom_fields":null,"og_video":null,"og_custom_url":null,"og_article_section":null,"og_article_tags":null,"twitter_use_og":false,"twitter_card":"default","twitter_image_type":"default","twitter_image_url":null,"twitter_image_custom_url":null,"twitter_image_custom_fields":null,"twitter_title":null,"twitter_description":null,"schema":{"blockGraphs":[],"customGraphs":[],"default":{"data":{"Article":[],"Course":[],"Dataset":[],"FAQPage":[],"Movie":[],"Person":[],"Product":[],"ProductReview":[],"Car":[],"Recipe":[],"Service":[],"SoftwareApplication":[],"WebPage":[]},"graphName":"","isEnabled":true},"graphs":[]},"schema_type":"default","schema_type_options":null,"pillar_content":false,"robots_default":true,"robots_noindex":false,"robots_noarchive":false,"robots_nosnippet":false,"robots_nofollow":false,"robots_noimageindex":false,"robots_noodp":false,"robots_notranslate":false,"robots_max_snippet":null,"robots_max_videopreview":null,"robots_max_imagepreview":"large","priority":null,"frequency":null,"local_seo":null,"seo_analyzer_scan_date":"2025-09-08 20:13:26","breadcrumb_settings":null,"limit_modified_date":false,"reviewed_by":null,"open_ai":null,"ai":null,"created":"2024-03-28 11:46:30","updated":"2026-01-25 20:15:45"},"aioseo_breadcrumb":"<div class=\"aioseo-breadcrumbs\"><span class=\"aioseo-breadcrumb\">\n\t<a href=\"https:\/\/bikeyfasty.store\" title=\"Start\">Start<\/a>\n<\/span><span class=\"aioseo-breadcrumb-separator\">\u00bb<\/span><span class=\"aioseo-breadcrumb\">\n\tZahlungsm\u00f6glichkeiten\n<\/span><\/div>","aioseo_breadcrumb_json":[{"label":"Start","link":"https:\/\/bikeyfasty.store"},{"label":"Zahlungsm\u00f6glichkeiten","link":"https:\/\/bikeyfasty.store\/index.php\/zahlungsmoeglichkeiten\/"}],"_links":{"self":[{"href":"https:\/\/bikeyfasty.store\/index.php\/wp-json\/wp\/v2\/pages\/15846","targetHints":{"allow":["GET"]}}],"collection":[{"href":"https:\/\/bikeyfasty.store\/index.php\/wp-json\/wp\/v2\/pages"}],"about":[{"href":"https:\/\/bikeyfasty.store\/index.php\/wp-json\/wp\/v2\/types\/page"}],"author":[{"embeddable":true,"href":"https:\/\/bikeyfasty.store\/index.php\/wp-json\/wp\/v2\/users\/1"}],"replies":[{"embeddable":true,"href":"https:\/\/bikeyfasty.store\/index.php\/wp-json\/wp\/v2\/comments?post=15846"}],"version-history":[{"count":27,"href":"https:\/\/bikeyfasty.store\/index.php\/wp-json\/wp\/v2\/pages\/15846\/revisions"}],"predecessor-version":[{"id":20424,"href":"https:\/\/bikeyfasty.store\/index.php\/wp-json\/wp\/v2\/pages\/15846\/revisions\/20424"}],"wp:attachment":[{"href":"https:\/\/bikeyfasty.store\/index.php\/wp-json\/wp\/v2\/media?parent=15846"}],"curies":[{"name":"wp","href":"https:\/\/api.w.org\/{rel}","templated":true}]}}