{"id":18383,"date":"2025-04-13T00:40:41","date_gmt":"2025-04-12T22:40:41","guid":{"rendered":"https:\/\/bikeyfasty.store\/?post_type=product&#038;p=18383"},"modified":"2026-02-19T20:50:30","modified_gmt":"2026-02-19T19:50:30","slug":"segway-ninebot-gt1d","status":"publish","type":"product","link":"https:\/\/bikeyfasty.store\/index.php\/produkt\/segway-ninebot-gt1d\/","title":{"rendered":"Segway Ninebot Gt1d 47,6 kg 70km IPX4 All"},"content":{"rendered":"<h2><span style=\"font-size: 22px;\">FEATURES<\/span><\/h2>\n<div class=\"product--description\">\n<ul>\n<li>StVZO zugelassen in Deutschland<\/li>\n<li>Einsatzbereich: All-Terrain<\/li>\n<li>Vmax: 20km\/h<\/li>\n<li>Reichweite 70km<\/li>\n<li>Nutzlast: 150kg<\/li>\n<li>11-Zoll Luftreifen<\/li>\n<\/ul>\n<h3>TECHNISCHE DATEN<\/h3>\n<ul>\n<li>Max. Zuladung: 150 kg<\/li>\n<li>Entfaltet: 1485 x 656 x 1308 mm<\/li>\n<li>Gefaltet: 1485 x 656 x 860 mm<\/li>\n<li>Gewicht: 47,6 kg<\/li>\n<li>Max. Geschwindigkeit: Bis zu 20 km\/h<\/li>\n<li>Max. Reichweite: Bis zu 70 km<\/li>\n<li>Max. Steigungswinkel: Bis zu 23%<\/li>\n<li>Sto\u00dfd\u00e4mpfer: Doppelarmfederung vorne und hinten mit einstellbarer, hydraulischer D\u00e4mpfung<\/li>\n<li>Schutz: IPX4<\/li>\n<li>Akku: 1008 Wh (20 Ah)<\/li>\n<li>Smart Battery Management System: Ja<\/li>\n<li>Ladezeit: Bis zu 12 Stunden (eine Ladung); bis zu 6 Stunden (doppelte Ladung)<\/li>\n<li>Bremsen: Scheibenbremsen vorne und hinten<\/li>\n<li>Licht: 9W LED-Front-, Tagfahr- und R\u00fccklicht<\/li>\n<li>Bremslicht hinten: Ja<\/li>\n<li>Umgebungslicht: Nein<\/li>\n<li>Reifen: Schlauchlose Luftreifen mit selbstdichtender Gelschicht im Inneren<\/li>\n<li>Vorne: 27.9cm \/ 11&#8220;<\/li>\n<li>Hinten: 27.9cm \/ 11&#8220;<\/li>\n<li>App-kompatibel: Ja<\/li>\n<li>Bedienbar per App: Nein<\/li>\n<li>Bluetooth: Ja<\/li>\n<li>Motorleistung: 500 W<\/li>\n<li>Antrieb: Hinterradantrieb<\/li>\n<li>Faltmechanismus: Einfaches Falten ins 2 Schritten (erfordert Hand)<\/li>\n<li>Display: Farbiges LED Display<\/li>\n<li>LED-Screen: Geschwindigkeit, Restakku, Fahrmodus, Wartung, Bluetooth-Verbindung, Blinkeranzeige, Licht an\/aus, Sperre, USB-Anschluss, etc.)<\/li>\n<li>Fahrmodi: Drei Fahrmodi (Eco-, Sport- und Racemodus), Fu\u00dfg\u00e4ngermodus und Parkmodus<\/li>\n<li>Tempomat: Nein<\/li>\n<li>Reflektoren: Ja (E-Mark zertifizierte Front- und Seitenreflektoren; Z-Mark zertifizierter Heckreflektor)<\/li>\n<li>Integrierte Blinker: Ja<\/li>\n<li>Klingel: Ja<\/li>\n<li>Versicherungskennzeichenhalter: Ja<\/li>\n<li>Extras: USB C port = nein\/ NFC technology (for un\/lock) = nein<\/li>\n<\/ul>\n<h3>LIEFERUMFANG<\/h3>\n<ul>\n<li>1x Segway Ninebot GT1D<\/li>\n<li>1x Segway Ninebot GT1D Ladeger\u00e4t<\/li>\n<\/ul>\n<\/div>\n<p>EAN-Nr: 8720254405940<\/p>\n","protected":false},"excerpt":{"rendered":"<p>Erleben Sie mit dem Segway Ninebot Gt1d unvergessliche Abenteuer! Mit 20 km\/h und einer Reichweite von bis zu 70 km sind Sie bestens ger\u00fcstet.Doppelarmfederung<\/p>\n","protected":false},"featured_media":18419,"comment_status":"open","ping_status":"closed","template":"","meta":{"googlesitekit_rrm_CAowq6HFDA:productID":"","om_disable_all_campaigns":false,"_monsterinsights_skip_tracking":false,"_monsterinsights_sitenote_active":false,"_monsterinsights_sitenote_note":"","_monsterinsights_sitenote_category":0,"_uf_show_specific_survey":0,"_uf_disable_surveys":false},"product_brand":[],"product_cat":[20],"product_tag":[],"class_list":{"0":"post-18383","1":"product","2":"type-product","3":"status-publish","4":"has-post-thumbnail","6":"product_cat-e-lieferroller","8":"first","9":"instock","10":"sale","11":"taxable","12":"shipping-taxable","13":"purchasable","14":"product-type-simple"},"aioseo_notices":[],"aioseo_head":"\n\t\t<!-- All in One SEO Pro 4.9.5.2 - aioseo.com -->\n\t<meta name=\"description\" content=\"Erleben Sie mit dem Segway Ninebot Gt1d unvergessliche Abenteuer! Mit 20 km\/h und einer Reichweite von bis zu 70 km sind Sie bestens ger\u00fcstet.Doppelarmfederung\" \/>\n\t<meta name=\"robots\" content=\"max-image-preview:large\" \/>\n\t<meta name=\"google-site-verification\" content=\"leF1qydUwZM4hbNEWkzXBgJ5cwNBnthZjCldnstJI-8\" \/>\n\t<meta name=\"msvalidate.01\" content=\"F4CE253B53A296EF4B982618F43BD699\" \/>\n\t<meta name=\"yandex-verification\" content=\"2c6c63eaf20e4d4b\" \/>\n\t<link rel=\"canonical\" href=\"https:\/\/bikeyfasty.store\/index.php\/produkt\/segway-ninebot-gt1d\/\" \/>\n\t<meta name=\"generator\" content=\"All in One SEO Pro (AIOSEO) 4.9.5.2\" \/>\n\t\t<meta property=\"og:locale\" content=\"de_DE\" \/>\n\t\t<meta property=\"og:site_name\" content=\"Bikey Fasty - Die bestenIhre besten Fahrr\u00e4der\" \/>\n\t\t<meta property=\"og:type\" content=\"article\" \/>\n\t\t<meta property=\"og:title\" content=\"Segway Ninebot Gt1d 47,6 kg 70km IPX4 All - Bikey Fasty\" \/>\n\t\t<meta property=\"og:description\" content=\"Erleben Sie mit dem Segway Ninebot Gt1d unvergessliche Abenteuer! Mit 20 km\/h und einer Reichweite von bis zu 70 km sind Sie bestens ger\u00fcstet.Doppelarmfederung\" \/>\n\t\t<meta property=\"og:url\" content=\"https:\/\/bikeyfasty.store\/index.php\/produkt\/segway-ninebot-gt1d\/\" \/>\n\t\t<meta property=\"og:image\" content=\"https:\/\/bikeyfasty.store\/wp-content\/uploads\/2026\/01\/unnamed-file.png\" \/>\n\t\t<meta property=\"og:image:secure_url\" content=\"https:\/\/bikeyfasty.store\/wp-content\/uploads\/2026\/01\/unnamed-file.png\" \/>\n\t\t<meta property=\"og:image:width\" content=\"616\" \/>\n\t\t<meta property=\"og:image:height\" content=\"447\" \/>\n\t\t<meta property=\"article:published_time\" content=\"2025-04-12T22:40:41+00:00\" \/>\n\t\t<meta property=\"article:modified_time\" content=\"2026-02-19T19:50:30+00:00\" \/>\n\t\t<meta name=\"twitter:card\" content=\"summary_large_image\" \/>\n\t\t<meta name=\"twitter:title\" content=\"Segway Ninebot Gt1d 47,6 kg 70km IPX4 All - Bikey Fasty\" \/>\n\t\t<meta name=\"twitter:description\" content=\"Erleben Sie mit dem Segway Ninebot Gt1d unvergessliche Abenteuer! Mit 20 km\/h und einer Reichweite von bis zu 70 km sind Sie bestens ger\u00fcstet.Doppelarmfederung\" \/>\n\t\t<meta name=\"twitter:image\" content=\"https:\/\/bikeyfasty.store\/wp-content\/uploads\/2026\/01\/unnamed-file.png\" \/>\n\t\t<script type=\"application\/ld+json\" class=\"aioseo-schema\">\n\t\t\t{\"@context\":\"https:\\\/\\\/schema.org\",\"@graph\":[{\"@type\":\"BreadcrumbList\",\"@id\":\"https:\\\/\\\/bikeyfasty.store\\\/index.php\\\/produkt\\\/segway-ninebot-gt1d\\\/#breadcrumblist\",\"itemListElement\":[{\"@type\":\"ListItem\",\"@id\":\"https:\\\/\\\/bikeyfasty.store#listItem\",\"position\":1,\"name\":\"Start\",\"item\":\"https:\\\/\\\/bikeyfasty.store\",\"nextItem\":{\"@type\":\"ListItem\",\"@id\":\"https:\\\/\\\/bikeyfasty.store\\\/index.php\\\/geschaft\\\/#listItem\",\"name\":\"Gesch\\u00e4ft\"}},{\"@type\":\"ListItem\",\"@id\":\"https:\\\/\\\/bikeyfasty.store\\\/index.php\\\/geschaft\\\/#listItem\",\"position\":2,\"name\":\"Gesch\\u00e4ft\",\"item\":\"https:\\\/\\\/bikeyfasty.store\\\/index.php\\\/geschaft\\\/\",\"nextItem\":{\"@type\":\"ListItem\",\"@id\":\"https:\\\/\\\/bikeyfasty.store\\\/index.php\\\/produkt-kategorie\\\/e-lieferroller\\\/#listItem\",\"name\":\"E-Lieferroller\"},\"previousItem\":{\"@type\":\"ListItem\",\"@id\":\"https:\\\/\\\/bikeyfasty.store#listItem\",\"name\":\"Start\"}},{\"@type\":\"ListItem\",\"@id\":\"https:\\\/\\\/bikeyfasty.store\\\/index.php\\\/produkt-kategorie\\\/e-lieferroller\\\/#listItem\",\"position\":3,\"name\":\"E-Lieferroller\",\"item\":\"https:\\\/\\\/bikeyfasty.store\\\/index.php\\\/produkt-kategorie\\\/e-lieferroller\\\/\",\"nextItem\":{\"@type\":\"ListItem\",\"@id\":\"https:\\\/\\\/bikeyfasty.store\\\/index.php\\\/produkt\\\/segway-ninebot-gt1d\\\/#listItem\",\"name\":\"Segway Ninebot Gt1d 47,6 kg 70km IPX4 All\"},\"previousItem\":{\"@type\":\"ListItem\",\"@id\":\"https:\\\/\\\/bikeyfasty.store\\\/index.php\\\/geschaft\\\/#listItem\",\"name\":\"Gesch\\u00e4ft\"}},{\"@type\":\"ListItem\",\"@id\":\"https:\\\/\\\/bikeyfasty.store\\\/index.php\\\/produkt\\\/segway-ninebot-gt1d\\\/#listItem\",\"position\":4,\"name\":\"Segway Ninebot Gt1d 47,6 kg 70km IPX4 All\",\"previousItem\":{\"@type\":\"ListItem\",\"@id\":\"https:\\\/\\\/bikeyfasty.store\\\/index.php\\\/produkt-kategorie\\\/e-lieferroller\\\/#listItem\",\"name\":\"E-Lieferroller\"}}]},{\"@type\":\"ItemPage\",\"@id\":\"https:\\\/\\\/bikeyfasty.store\\\/index.php\\\/produkt\\\/segway-ninebot-gt1d\\\/#itempage\",\"url\":\"https:\\\/\\\/bikeyfasty.store\\\/index.php\\\/produkt\\\/segway-ninebot-gt1d\\\/\",\"name\":\"Segway Ninebot Gt1d 47,6 kg 70km IPX4 All - Bikey Fasty\",\"description\":\"Erleben Sie mit dem Segway Ninebot Gt1d unvergessliche Abenteuer! Mit 20 km\\\/h und einer Reichweite von bis zu 70 km sind Sie bestens ger\\u00fcstet.Doppelarmfederung\",\"inLanguage\":\"de-DE\",\"isPartOf\":{\"@id\":\"https:\\\/\\\/bikeyfasty.store\\\/#website\"},\"breadcrumb\":{\"@id\":\"https:\\\/\\\/bikeyfasty.store\\\/index.php\\\/produkt\\\/segway-ninebot-gt1d\\\/#breadcrumblist\"},\"image\":{\"@type\":\"ImageObject\",\"url\":\"https:\\\/\\\/bikeyfasty.store\\\/wp-content\\\/uploads\\\/2025\\\/04\\\/eeeeed.webp\",\"@id\":\"https:\\\/\\\/bikeyfasty.store\\\/index.php\\\/produkt\\\/segway-ninebot-gt1d\\\/#mainImage\",\"width\":2000,\"height\":2000},\"primaryImageOfPage\":{\"@id\":\"https:\\\/\\\/bikeyfasty.store\\\/index.php\\\/produkt\\\/segway-ninebot-gt1d\\\/#mainImage\"},\"datePublished\":\"2025-04-13T00:40:41+02:00\",\"dateModified\":\"2026-02-19T20:50:30+01:00\"},{\"@type\":\"Organization\",\"@id\":\"https:\\\/\\\/bikeyfasty.store\\\/#organization\",\"name\":\"#Bikey Fasty BIKEY FASTY\",\"description\":\"Die bestenIhre besten Fahrr\\u00e4der Deine elektrische Mobilit\\u00e4t beginnt hier Die Zukunft der Mobilit\\u00e4t \\u2013 heute\",\"url\":\"https:\\\/\\\/bikeyfasty.store\\\/\",\"email\":\"contact@bikeyfasty.store\",\"telephone\":\"+4915510400141\",\"foundingDate\":\"1945-11-29\",\"numberOfEmployees\":{\"@type\":\"QuantitativeValue\",\"value\":27},\"logo\":{\"@type\":\"ImageObject\",\"url\":\"https:\\\/\\\/bikeyfasty.store\\\/wp-content\\\/uploads\\\/2026\\\/01\\\/unnamed-file.png\",\"@id\":\"https:\\\/\\\/bikeyfasty.store\\\/index.php\\\/produkt\\\/segway-ninebot-gt1d\\\/#organizationLogo\",\"width\":616,\"height\":447,\"caption\":\"( ( ( ( (\"},\"image\":{\"@id\":\"https:\\\/\\\/bikeyfasty.store\\\/index.php\\\/produkt\\\/segway-ninebot-gt1d\\\/#organizationLogo\"},\"address\":{\"@id\":\"https:\\\/\\\/bikeyfasty.store\\\/#postaladdress\",\"@type\":\"PostalAddress\",\"streetAddress\":\"Karl-Liebknecht-Str. 13,\",\"postalCode\":\"10178\",\"addressLocality\":\"Berlin\",\"addressRegion\":\"Berlin\",\"addressCountry\":\"DE\"}},{\"@type\":\"WebPage\",\"@id\":\"https:\\\/\\\/bikeyfasty.store\\\/index.php\\\/produkt\\\/segway-ninebot-gt1d\\\/#webpage\",\"url\":\"https:\\\/\\\/bikeyfasty.store\\\/index.php\\\/produkt\\\/segway-ninebot-gt1d\\\/\",\"name\":\"Segway Ninebot Gt1d 47,6 kg 70km IPX4 All - Bikey Fasty\",\"description\":\"Erleben Sie mit dem Segway Ninebot Gt1d unvergessliche Abenteuer! Mit 20 km\\\/h und einer Reichweite von bis zu 70 km sind Sie bestens ger\\u00fcstet.Doppelarmfederung\",\"inLanguage\":\"de-DE\",\"isPartOf\":{\"@id\":\"https:\\\/\\\/bikeyfasty.store\\\/#website\"},\"breadcrumb\":{\"@id\":\"https:\\\/\\\/bikeyfasty.store\\\/index.php\\\/produkt\\\/segway-ninebot-gt1d\\\/#breadcrumblist\"},\"image\":{\"@type\":\"ImageObject\",\"url\":\"https:\\\/\\\/bikeyfasty.store\\\/wp-content\\\/uploads\\\/2025\\\/04\\\/eeeeed.webp\",\"@id\":\"https:\\\/\\\/bikeyfasty.store\\\/index.php\\\/produkt\\\/segway-ninebot-gt1d\\\/#mainImage\",\"width\":2000,\"height\":2000},\"primaryImageOfPage\":{\"@id\":\"https:\\\/\\\/bikeyfasty.store\\\/index.php\\\/produkt\\\/segway-ninebot-gt1d\\\/#mainImage\"},\"datePublished\":\"2025-04-13T00:40:41+02:00\",\"dateModified\":\"2026-02-19T20:50:30+01:00\"},{\"@type\":\"WebSite\",\"@id\":\"https:\\\/\\\/bikeyfasty.store\\\/#website\",\"url\":\"https:\\\/\\\/bikeyfasty.store\\\/\",\"name\":\"Bikey Fasty\",\"description\":\"Die bestenIhre besten Fahrr\\u00e4der\",\"inLanguage\":\"de-DE\",\"publisher\":{\"@id\":\"https:\\\/\\\/bikeyfasty.store\\\/#organization\"}}]}\n\t\t<\/script>\n\t\t<script type=\"text\/javascript\">\n\t\t\t(function(c,l,a,r,i,t,y){\n\t\t\tc[a]=c[a]||function(){(c[a].q=c[a].q||[]).push(arguments)};t=l.createElement(r);t.async=1;\n\t\t\tt.src=\"https:\/\/www.clarity.ms\/tag\/\"+i+\"?ref=aioseo\";y=l.getElementsByTagName(r)[0];y.parentNode.insertBefore(t,y);\n\t\t})(window, document, \"clarity\", \"script\", \"v74e4fvqvw\");\n\t\t<\/script>\n\t\t<!-- All in One SEO Pro -->\r\n\t\t<title>Segway Ninebot Gt1d 47,6 kg 70km IPX4 All - Bikey Fasty<\/title>\n\n","aioseo_head_json":{"title":"Segway Ninebot Gt1d 47,6 kg 70km IPX4 All - Bikey Fasty","description":"Erleben Sie mit dem Segway Ninebot Gt1d unvergessliche Abenteuer! Mit 20 km\/h und einer Reichweite von bis zu 70 km sind Sie bestens ger\u00fcstet.Doppelarmfederung","canonical_url":"https:\/\/bikeyfasty.store\/index.php\/produkt\/segway-ninebot-gt1d\/","robots":"max-image-preview:large","keywords":"","webmasterTools":{"google-site-verification":"leF1qydUwZM4hbNEWkzXBgJ5cwNBnthZjCldnstJI-8","msvalidate.01":"F4CE253B53A296EF4B982618F43BD699","yandex-verification":"2c6c63eaf20e4d4b","miscellaneous":""},"schema":{"@context":"https:\/\/schema.org","@graph":[{"@type":"BreadcrumbList","@id":"https:\/\/bikeyfasty.store\/index.php\/produkt\/segway-ninebot-gt1d\/#breadcrumblist","itemListElement":[{"@type":"ListItem","@id":"https:\/\/bikeyfasty.store#listItem","position":1,"name":"Start","item":"https:\/\/bikeyfasty.store","nextItem":{"@type":"ListItem","@id":"https:\/\/bikeyfasty.store\/index.php\/geschaft\/#listItem","name":"Gesch\u00e4ft"}},{"@type":"ListItem","@id":"https:\/\/bikeyfasty.store\/index.php\/geschaft\/#listItem","position":2,"name":"Gesch\u00e4ft","item":"https:\/\/bikeyfasty.store\/index.php\/geschaft\/","nextItem":{"@type":"ListItem","@id":"https:\/\/bikeyfasty.store\/index.php\/produkt-kategorie\/e-lieferroller\/#listItem","name":"E-Lieferroller"},"previousItem":{"@type":"ListItem","@id":"https:\/\/bikeyfasty.store#listItem","name":"Start"}},{"@type":"ListItem","@id":"https:\/\/bikeyfasty.store\/index.php\/produkt-kategorie\/e-lieferroller\/#listItem","position":3,"name":"E-Lieferroller","item":"https:\/\/bikeyfasty.store\/index.php\/produkt-kategorie\/e-lieferroller\/","nextItem":{"@type":"ListItem","@id":"https:\/\/bikeyfasty.store\/index.php\/produkt\/segway-ninebot-gt1d\/#listItem","name":"Segway Ninebot Gt1d 47,6 kg 70km IPX4 All"},"previousItem":{"@type":"ListItem","@id":"https:\/\/bikeyfasty.store\/index.php\/geschaft\/#listItem","name":"Gesch\u00e4ft"}},{"@type":"ListItem","@id":"https:\/\/bikeyfasty.store\/index.php\/produkt\/segway-ninebot-gt1d\/#listItem","position":4,"name":"Segway Ninebot Gt1d 47,6 kg 70km IPX4 All","previousItem":{"@type":"ListItem","@id":"https:\/\/bikeyfasty.store\/index.php\/produkt-kategorie\/e-lieferroller\/#listItem","name":"E-Lieferroller"}}]},{"@type":"ItemPage","@id":"https:\/\/bikeyfasty.store\/index.php\/produkt\/segway-ninebot-gt1d\/#itempage","url":"https:\/\/bikeyfasty.store\/index.php\/produkt\/segway-ninebot-gt1d\/","name":"Segway Ninebot Gt1d 47,6 kg 70km IPX4 All - Bikey Fasty","description":"Erleben Sie mit dem Segway Ninebot Gt1d unvergessliche Abenteuer! Mit 20 km\/h und einer Reichweite von bis zu 70 km sind Sie bestens ger\u00fcstet.Doppelarmfederung","inLanguage":"de-DE","isPartOf":{"@id":"https:\/\/bikeyfasty.store\/#website"},"breadcrumb":{"@id":"https:\/\/bikeyfasty.store\/index.php\/produkt\/segway-ninebot-gt1d\/#breadcrumblist"},"image":{"@type":"ImageObject","url":"https:\/\/bikeyfasty.store\/wp-content\/uploads\/2025\/04\/eeeeed.webp","@id":"https:\/\/bikeyfasty.store\/index.php\/produkt\/segway-ninebot-gt1d\/#mainImage","width":2000,"height":2000},"primaryImageOfPage":{"@id":"https:\/\/bikeyfasty.store\/index.php\/produkt\/segway-ninebot-gt1d\/#mainImage"},"datePublished":"2025-04-13T00:40:41+02:00","dateModified":"2026-02-19T20:50:30+01:00"},{"@type":"Organization","@id":"https:\/\/bikeyfasty.store\/#organization","name":"#Bikey Fasty BIKEY FASTY","description":"Die bestenIhre besten Fahrr\u00e4der Deine elektrische Mobilit\u00e4t beginnt hier Die Zukunft der Mobilit\u00e4t \u2013 heute","url":"https:\/\/bikeyfasty.store\/","email":"contact@bikeyfasty.store","telephone":"+4915510400141","foundingDate":"1945-11-29","numberOfEmployees":{"@type":"QuantitativeValue","value":27},"logo":{"@type":"ImageObject","url":"https:\/\/bikeyfasty.store\/wp-content\/uploads\/2026\/01\/unnamed-file.png","@id":"https:\/\/bikeyfasty.store\/index.php\/produkt\/segway-ninebot-gt1d\/#organizationLogo","width":616,"height":447,"caption":"( ( ( ( ("},"image":{"@id":"https:\/\/bikeyfasty.store\/index.php\/produkt\/segway-ninebot-gt1d\/#organizationLogo"},"address":{"@id":"https:\/\/bikeyfasty.store\/#postaladdress","@type":"PostalAddress","streetAddress":"Karl-Liebknecht-Str. 13,","postalCode":"10178","addressLocality":"Berlin","addressRegion":"Berlin","addressCountry":"DE"}},{"@type":"WebPage","@id":"https:\/\/bikeyfasty.store\/index.php\/produkt\/segway-ninebot-gt1d\/#webpage","url":"https:\/\/bikeyfasty.store\/index.php\/produkt\/segway-ninebot-gt1d\/","name":"Segway Ninebot Gt1d 47,6 kg 70km IPX4 All - Bikey Fasty","description":"Erleben Sie mit dem Segway Ninebot Gt1d unvergessliche Abenteuer! Mit 20 km\/h und einer Reichweite von bis zu 70 km sind Sie bestens ger\u00fcstet.Doppelarmfederung","inLanguage":"de-DE","isPartOf":{"@id":"https:\/\/bikeyfasty.store\/#website"},"breadcrumb":{"@id":"https:\/\/bikeyfasty.store\/index.php\/produkt\/segway-ninebot-gt1d\/#breadcrumblist"},"image":{"@type":"ImageObject","url":"https:\/\/bikeyfasty.store\/wp-content\/uploads\/2025\/04\/eeeeed.webp","@id":"https:\/\/bikeyfasty.store\/index.php\/produkt\/segway-ninebot-gt1d\/#mainImage","width":2000,"height":2000},"primaryImageOfPage":{"@id":"https:\/\/bikeyfasty.store\/index.php\/produkt\/segway-ninebot-gt1d\/#mainImage"},"datePublished":"2025-04-13T00:40:41+02:00","dateModified":"2026-02-19T20:50:30+01:00"},{"@type":"WebSite","@id":"https:\/\/bikeyfasty.store\/#website","url":"https:\/\/bikeyfasty.store\/","name":"Bikey Fasty","description":"Die bestenIhre besten Fahrr\u00e4der","inLanguage":"de-DE","publisher":{"@id":"https:\/\/bikeyfasty.store\/#organization"}}]},"og:locale":"de_DE","og:site_name":"Bikey Fasty - Die bestenIhre besten Fahrr\u00e4der","og:type":"article","og:title":"Segway Ninebot Gt1d 47,6 kg 70km IPX4 All - Bikey Fasty","og:description":"Erleben Sie mit dem Segway Ninebot Gt1d unvergessliche Abenteuer! Mit 20 km\/h und einer Reichweite von bis zu 70 km sind Sie bestens ger\u00fcstet.Doppelarmfederung","og:url":"https:\/\/bikeyfasty.store\/index.php\/produkt\/segway-ninebot-gt1d\/","og:image":"https:\/\/bikeyfasty.store\/wp-content\/uploads\/2026\/01\/unnamed-file.png","og:image:secure_url":"https:\/\/bikeyfasty.store\/wp-content\/uploads\/2026\/01\/unnamed-file.png","og:image:width":616,"og:image:height":447,"article:published_time":"2025-04-12T22:40:41+00:00","article:modified_time":"2026-02-19T19:50:30+00:00","twitter:card":"summary_large_image","twitter:title":"Segway Ninebot Gt1d 47,6 kg 70km IPX4 All - Bikey Fasty","twitter:description":"Erleben Sie mit dem Segway Ninebot Gt1d unvergessliche Abenteuer! Mit 20 km\/h und einer Reichweite von bis zu 70 km sind Sie bestens ger\u00fcstet.Doppelarmfederung","twitter:image":"https:\/\/bikeyfasty.store\/wp-content\/uploads\/2026\/01\/unnamed-file.png"},"aioseo_meta_data":{"post_id":"18383","title":null,"description":null,"keywords":null,"keyphrases":{"focus":{"keyphrase":"Segway Ninebot Gt1d","score":80,"analysis":{"keyphraseInTitle":{"score":9,"maxScore":9,"error":0},"keyphraseInDescription":{"score":9,"maxScore":9,"error":0},"keyphraseLength":{"score":9,"maxScore":9,"error":0,"length":3},"keyphraseInURL":{"score":5,"maxScore":5,"error":0},"keyphraseInIntroduction":{"score":3,"maxScore":9,"error":1},"keyphraseInSubHeadings":{"score":3,"maxScore":9,"error":1},"keyphraseInImageAlt":[],"keywordDensity":{"type":"best","score":9,"maxScore":9,"error":0}}},"additional":[]},"primary_term":null,"canonical_url":null,"og_title":null,"og_description":null,"og_object_type":"default","og_image_type":"default","og_image_url":null,"og_image_width":null,"og_image_height":null,"og_image_custom_url":null,"og_image_custom_fields":null,"og_video":"","og_custom_url":null,"og_article_section":null,"og_article_tags":null,"twitter_use_og":false,"twitter_card":"default","twitter_image_type":"default","twitter_image_url":null,"twitter_image_custom_url":null,"twitter_image_custom_fields":null,"twitter_title":null,"twitter_description":null,"schema":{"blockGraphs":[],"customGraphs":[],"default":{"data":{"Article":[],"Course":[],"Dataset":[],"FAQPage":[],"Movie":[],"Person":[],"Product":[],"ProductReview":[],"Car":[],"Recipe":[],"Service":[],"SoftwareApplication":[],"WebPage":[]},"graphName":"WebPage","isEnabled":true},"graphs":[]},"schema_type":"default","schema_type_options":null,"pillar_content":false,"robots_default":true,"robots_noindex":false,"robots_noarchive":false,"robots_nosnippet":false,"robots_nofollow":false,"robots_noimageindex":false,"robots_noodp":false,"robots_notranslate":false,"robots_max_snippet":"-1","robots_max_videopreview":"-1","robots_max_imagepreview":"large","priority":null,"frequency":"default","local_seo":null,"seo_analyzer_scan_date":"2026-02-19 19:56:56","breadcrumb_settings":null,"limit_modified_date":false,"reviewed_by":"0","open_ai":null,"ai":{"faqs":[],"keyPoints":[],"titles":[],"descriptions":[],"socialPosts":{"email":[],"linkedin":[],"twitter":[],"facebook":[],"instagram":[]}},"created":"2025-05-01 09:19:19","updated":"2026-02-19 19:56:56"},"aioseo_breadcrumb":"<div class=\"aioseo-breadcrumbs\"><span class=\"aioseo-breadcrumb\">\n\t<a href=\"https:\/\/bikeyfasty.store\" title=\"Start\">Start<\/a>\n<\/span><span class=\"aioseo-breadcrumb-separator\">\u00bb<\/span><span class=\"aioseo-breadcrumb\">\n\t<a href=\"https:\/\/bikeyfasty.store\/index.php\/geschaft\/\" title=\"Gesch\u00e4ft\">Gesch\u00e4ft<\/a>\n<\/span><span class=\"aioseo-breadcrumb-separator\">\u00bb<\/span><span class=\"aioseo-breadcrumb\">\n\t<a href=\"https:\/\/bikeyfasty.store\/index.php\/produkt-kategorie\/e-lieferroller\/\" title=\"E-Lieferroller\">E-Lieferroller<\/a>\n<\/span><span class=\"aioseo-breadcrumb-separator\">\u00bb<\/span><span class=\"aioseo-breadcrumb\">\n\tSegway Ninebot Gt1d 47,6 kg 70km IPX4 All\n<\/span><\/div>","aioseo_breadcrumb_json":[{"label":"Start","link":"https:\/\/bikeyfasty.store"},{"label":"Gesch\u00e4ft","link":"https:\/\/bikeyfasty.store\/index.php\/geschaft\/"},{"label":"E-Lieferroller","link":"https:\/\/bikeyfasty.store\/index.php\/produkt-kategorie\/e-lieferroller\/"},{"label":"Segway Ninebot Gt1d 47,6 kg 70km IPX4 All","link":"https:\/\/bikeyfasty.store\/index.php\/produkt\/segway-ninebot-gt1d\/"}],"_links":{"self":[{"href":"https:\/\/bikeyfasty.store\/index.php\/wp-json\/wp\/v2\/product\/18383","targetHints":{"allow":["GET"]}}],"collection":[{"href":"https:\/\/bikeyfasty.store\/index.php\/wp-json\/wp\/v2\/product"}],"about":[{"href":"https:\/\/bikeyfasty.store\/index.php\/wp-json\/wp\/v2\/types\/product"}],"replies":[{"embeddable":true,"href":"https:\/\/bikeyfasty.store\/index.php\/wp-json\/wp\/v2\/comments?post=18383"}],"version-history":[{"count":4,"href":"https:\/\/bikeyfasty.store\/index.php\/wp-json\/wp\/v2\/product\/18383\/revisions"}],"predecessor-version":[{"id":53244,"href":"https:\/\/bikeyfasty.store\/index.php\/wp-json\/wp\/v2\/product\/18383\/revisions\/53244"}],"wp:featuredmedia":[{"embeddable":true,"href":"https:\/\/bikeyfasty.store\/index.php\/wp-json\/wp\/v2\/media\/18419"}],"wp:attachment":[{"href":"https:\/\/bikeyfasty.store\/index.php\/wp-json\/wp\/v2\/media?parent=18383"}],"wp:term":[{"taxonomy":"product_brand","embeddable":true,"href":"https:\/\/bikeyfasty.store\/index.php\/wp-json\/wp\/v2\/product_brand?post=18383"},{"taxonomy":"product_cat","embeddable":true,"href":"https:\/\/bikeyfasty.store\/index.php\/wp-json\/wp\/v2\/product_cat?post=18383"},{"taxonomy":"product_tag","embeddable":true,"href":"https:\/\/bikeyfasty.store\/index.php\/wp-json\/wp\/v2\/product_tag?post=18383"}],"curies":[{"name":"wp","href":"https:\/\/api.w.org\/{rel}","templated":true}]}}