{"id":18384,"date":"2025-04-13T00:40:41","date_gmt":"2025-04-12T22:40:41","guid":{"rendered":"https:\/\/bikeyfasty.store\/?post_type=product&#038;p=18384"},"modified":"2026-01-27T01:18:54","modified_gmt":"2026-01-27T00:18:54","slug":"segway-ninebot-p65d","status":"publish","type":"product","link":"https:\/\/bikeyfasty.store\/index.php\/produkt\/segway-ninebot-p65d\/","title":{"rendered":"Segway Ninebot P65d bis zu 20 km\/h"},"content":{"rendered":"<h2><span style=\"font-size: 22px;\">EIN URBAN CRUISER, DER DAS LEBEN VER\u00c4NDERT!<\/span><\/h2>\n<div class=\"product--description\">\n<p>Der Segway KickScooter P65D bietet Dir die M\u00f6glichkeit, mit einer Reichweite von bis zu 65 km und einer H\u00f6chstgeschwindigkeit von 20 km\/h durch die Stadt zu fahren. Dies ist eines unserer wenigen Modelle, das mit SegPower Cross Season-Reifen ausgestattet ist, mit denen du sicher durch jedes Wetter fahren kannst. Der P65D ist auch ein intelligenter KickScooter, der mit der NFC-Technologie im Nahbereich des LED-Farbdisplays sowie mit deinem Smartphone (ent-)gesperrt werden kann.<\/p>\n<h5>GROSSE SEGPOWER CROSS SEASON-REIFE<\/h5>\n<p>Mit einer Reichweite von bis zu 65 km bringt dich der Segway KickScooter P65 sicher durch fast jedes Terrain und Wetter. Du hast mit starkem Regen oder Schnee zu k\u00e4mpfen? Die gro\u00dfen 10,5-Zoll-Segpower-Cross-Season-Reifen sind so konzipiert, dass sie ausreichend Grip bieten und ein Ausrutschen w\u00e4hrend der Fahrt verhindern. Die integrierte Gelschicht im Inneren des Reifens verringert au\u00dferdem das Pannenrisiko, sodass du unbesorgt fahren kannst.<\/p>\n<h5>PENDELN INTELLIGENTER UND SICHERER MACHEN<\/h5>\n<p>Der P65 verf\u00fcgt \u00fcber einige herausragende Features, die diesen KickScooter noch smarter machen: USB-C Anschluss direkt hinter dem Display des KickScooters, der es dir erm\u00f6glicht, dein Smartphone w\u00e4hrend der Fahrt aufzuladen. Die M\u00f6glichkeit, deinen KickScooter mit einer der beiden folgenden Optionen zu (ent)sperren: entweder mit der NFC-Technologie oder mit deinem Smartphone \u00fcber die Segway-Ninebot App Die Wahl zwischen 3 Fahrmodi (Eco-, Sport- und Rennmodus), aber auch anderen Modi wie dem Fu\u00dfg\u00e4ngermodus (mit einer H\u00f6chstgeschwindigkeit von 3-5 km\/h f\u00fcr Fu\u00dfg\u00e4ngerzonen) und dem Parkmodus Von der Geschwindigkeitsstufe, den Fahrmodi und der Konnektivit\u00e4t bis hin zur Akkuanzeige (und vielem mehr!) gibt dir das neue LED-Display alle Informationen, die du brauchst!<\/p>\n<h5>SANFTERES BREMSEN UND EIN BESSERES FAHRVERHALTEN<\/h5>\n<p>Der P65 KickScooter ist mit einer Doppelkolben-Scheibenbremse f\u00fcr das Vorderrad und einer elektronischen Bremse f\u00fcr das Hinterrad ausgestattet, die dir ein sanfteres und sichereres Bremsen erm\u00f6glicht. Beim Bremsen schaltet sich au\u00dferdem automatisch das helle R\u00fccklicht ein, so dass du von anderen Fahrern schon von weitem gesehen wirst! Abgesehen von den verbesserten Bremsen f\u00e4hrst du mit dem P65 mit einer maximalen Leistung von 980W und schaffst somit Steigungen von bis zu 22 %. Diese Kombination aus starker Leistung und den richtigen Bremsen bringt dich auch in schwierigem Gel\u00e4nde sicher ans Ziel.<\/p>\n<h5>SCHNELLES LADEN MIT DEM P65<\/h5>\n<p>Das Modell P65 verf\u00fcgt \u00fcber eine eingebaute Ladeanzeige (mit einer Schutzabdeckung zum Schutz vor Staub und anderen Fremdk\u00f6rpern) auf der Vorderseite des Trittbretts, um das Fahrerlebnis immer weiter zu verbessern. Diese Anzeige erm\u00f6glicht es dir, den Akkustand deines KickScooters ganz einfach w\u00e4hrend des Ladevorgangs zu erkennen. Mit einer Akkukapazit\u00e4t von 561 W schafft der Segway P65 Reichweiten von bis zu 65 km und ist in nur 4 Stunden vollst\u00e4ndig aufgeladen! Lade deinen KickScooter einfach zu Hause, bei Freunden oder im B\u00fcro auf und schon kannst du problemlos dein n\u00e4chstes Ziel erreichen!<\/p>\n<h5>TECHNISCHE DATEN<\/h5>\n<ul>\n<li>StVZO zugelassen in Deutschland<\/li>\n<\/ul>\n<h5>FAHRER<\/h5>\n<ul>\n<li>Mindestalter +14 Jahre<\/li>\n<li>Max. Fahrergewicht: 120 kg<\/li>\n<\/ul>\n<h5>MASSE UND GEWICH<\/h5>\n<ul>\n<li>Produktma\u00dfe &#8211; Entfaltet 1190 x 634 x 1214 mm<\/li>\n<li>Produktma\u00dfe &#8211; Gefaltet 1190 x 634 x 567 mm<\/li>\n<li>Gewicht: 28kg<\/li>\n<\/ul>\n<h5>MASCHINENPARAMETER<\/h5>\n<ul>\n<li>Geschwindigkeit: bis zu 20 km\/h<\/li>\n<li>Reichweite: bis zu 65 km**<\/li>\n<li>Steigungswinkel: bis zu 22%<\/li>\n<li>Sto\u00dfd\u00e4mpfer: Nein<\/li>\n<li>Wasserbest\u00e4ndigkeit: IPX5<\/li>\n<\/ul>\n<h5>BATTERIE<\/h5>\n<ul>\n<li>Batteriekapazit\u00e4t: 561 Wh<\/li>\n<li>Nennspannung: 46,8 V<\/li>\n<li>max. Ladespannung: 54,6 V<\/li>\n<li>Batterie-Management-System: Ja<\/li>\n<li>Ladezeit: Ca. 4 Stunden<\/li>\n<\/ul>\n<h5>MOTOREN<\/h5>\n<ul>\n<li>Ausgangsleistung: 1080W<\/li>\n<li>Maximale Leistung: 980W<\/li>\n<li>Radantrieb: Heckantrieb<\/li>\n<\/ul>\n<h5>BREMSEN<\/h5>\n<ul>\n<li>Bremsen Vorne: Scheibenbremse<\/li>\n<li>Bremsen Hinten: Elektronische Bremse<\/li>\n<\/ul>\n<h5>LICHTER<\/h5>\n<ul>\n<li>Licht 10W LED-Tagfahrlicht, Front- und R\u00fccklicht<\/li>\n<li>Bremslicht hinten: Nein<\/li>\n<li>Umgebungslicht: Nein<\/li>\n<\/ul>\n<h5>REIFEN<\/h5>\n<ul>\n<li>Reifentyp SegPower Cross Seasons Reifen mit selbstdichtender Gelschicht<\/li>\n<li>Reifengr\u00f6\u00dfe &#8211; Vorder 267 mm<\/li>\n<li>Reifengr\u00f6\u00dfe &#8211; Hinter 267 mm<\/li>\n<\/ul>\n<h5>KONNEKTIVIT\u00c4T<\/h5>\n<ul>\n<li>App monitor: Ja<\/li>\n<li>Bluetooth: Ja<\/li>\n<\/ul>\n<h5>ANDERE AUSSTATTUNG<\/h5>\n<ul>\n<li>Faltmechanismus: Einfaches zusammenklappen in 2 Schritten (erfordert Hand)<\/li>\n<li>Infodisplay: Vollst\u00e4ndige Dashboard Anzeige mit Farbdisplay<\/li>\n<li>Information auf dem LED-Display: Geschwindigkeit, Restakku, Fahrmodus, Wartung, Bluetooth-Verbindung, Licht an\/aus, Sperre, USB-Anschluss, etc.<\/li>\n<li>Fahrmodi: Drei Fahrmodi (Eco-, Sport- und Racemodus), Fu\u00dfg\u00e4ngermodus und Parkmodus<\/li>\n<li>Tempomat: Nein<\/li>\n<li>Zertifizierte Reflektoren: Ja (Vordere, seitliche E-MARK-Reflektoren und hintere Z-MARK-Reflektoren)<\/li>\n<li>Integrated Indicators: Nein<\/li>\n<li>Klingel: Ja, elektronische Klingel<\/li>\n<li>Halterung f\u00fcr Versicherungskennzeichen: Ja<\/li>\n<li>USB-C-Port: Ja<\/li>\n<li>NFC technology (for un\/lock): Ja<\/li>\n<\/ul>\n<h5>HINWEISE<\/h5>\n<ul>\n<li>* Bitte beachten Sie, dass der P65D legal auf am deutschen Stra\u00dfenverkehr teilnehmen darf<\/li>\n<li>** Die tats\u00e4chliche Reichweite h\u00e4ngt von Fahrstil, Gewicht und Terrain ab<\/li>\n<li>Hat kein Bremslicht und keine Blinker<\/li>\n<\/ul>\n<h5>LIEFERUMFANG<\/h5>\n<ul>\n<li>1x Segway Ninebot P65D<\/li>\n<li>1x Segway Ninebot P65D Ladeger\u00e4t<\/li>\n<\/ul>\n<\/div>\n<p>EAN-Nr: 8720254406091<\/p>\n","protected":false},"excerpt":{"rendered":"<ul>\n<li>Geschwindigkeit: bis zu 20 km\/h<\/li>\n<li>Reichweite: bis zu 65 km**<\/li>\n<li>Steigungswinkel: bis zu 22%<\/li>\n<li>Sto\u00dfd\u00e4mpfer: Nein<\/li>\n<li>Wasserbest\u00e4ndigkeit: IPX5<\/li>\n<\/ul>\n","protected":false},"featured_media":18428,"comment_status":"open","ping_status":"closed","template":"","meta":{"googlesitekit_rrm_CAowq6HFDA:productID":"","om_disable_all_campaigns":false,"_monsterinsights_skip_tracking":false,"_monsterinsights_sitenote_active":false,"_monsterinsights_sitenote_note":"","_monsterinsights_sitenote_category":0,"_uf_show_specific_survey":0,"_uf_disable_surveys":false},"product_brand":[],"product_cat":[20],"product_tag":[],"class_list":{"0":"post-18384","1":"product","2":"type-product","3":"status-publish","4":"has-post-thumbnail","6":"product_cat-e-lieferroller","8":"first","9":"instock","10":"sale","11":"taxable","12":"shipping-taxable","13":"purchasable","14":"product-type-simple"},"aioseo_notices":[],"aioseo_head":"\n\t\t<!-- All in One SEO Pro 4.9.5.2 - aioseo.com -->\n\t<meta name=\"description\" content=\"Geschwindigkeit: bis zu 20 km\/h Reichweite: bis zu 65 km** Steigungswinkel: bis zu 22% Sto\u00dfd\u00e4mpfer: Nein Wasserbest\u00e4ndigkeit: IPX5\" \/>\n\t<meta name=\"robots\" content=\"max-image-preview:large\" \/>\n\t<meta name=\"google-site-verification\" content=\"leF1qydUwZM4hbNEWkzXBgJ5cwNBnthZjCldnstJI-8\" \/>\n\t<meta name=\"msvalidate.01\" content=\"F4CE253B53A296EF4B982618F43BD699\" \/>\n\t<meta name=\"yandex-verification\" content=\"2c6c63eaf20e4d4b\" \/>\n\t<link rel=\"canonical\" href=\"https:\/\/bikeyfasty.store\/index.php\/produkt\/segway-ninebot-p65d\/\" \/>\n\t<meta name=\"generator\" content=\"All in One SEO Pro (AIOSEO) 4.9.5.2\" \/>\n\t\t<meta property=\"og:locale\" content=\"de_DE\" \/>\n\t\t<meta property=\"og:site_name\" content=\"Bikey Fasty - Die bestenIhre besten Fahrr\u00e4der\" \/>\n\t\t<meta property=\"og:type\" content=\"article\" \/>\n\t\t<meta property=\"og:title\" content=\"Segway Ninebot P65d bis zu 20 km\/h - Bikey Fasty\" \/>\n\t\t<meta property=\"og:description\" content=\"Geschwindigkeit: bis zu 20 km\/h Reichweite: bis zu 65 km** Steigungswinkel: bis zu 22% Sto\u00dfd\u00e4mpfer: Nein Wasserbest\u00e4ndigkeit: IPX5\" \/>\n\t\t<meta property=\"og:url\" content=\"https:\/\/bikeyfasty.store\/index.php\/produkt\/segway-ninebot-p65d\/\" \/>\n\t\t<meta property=\"og:image\" content=\"https:\/\/bikeyfasty.store\/wp-content\/uploads\/2026\/01\/unnamed-file.png\" \/>\n\t\t<meta property=\"og:image:secure_url\" content=\"https:\/\/bikeyfasty.store\/wp-content\/uploads\/2026\/01\/unnamed-file.png\" \/>\n\t\t<meta property=\"og:image:width\" content=\"616\" \/>\n\t\t<meta property=\"og:image:height\" content=\"447\" \/>\n\t\t<meta property=\"article:published_time\" content=\"2025-04-12T22:40:41+00:00\" \/>\n\t\t<meta property=\"article:modified_time\" content=\"2026-01-27T00:18:54+00:00\" \/>\n\t\t<meta name=\"twitter:card\" content=\"summary_large_image\" \/>\n\t\t<meta name=\"twitter:title\" content=\"Segway Ninebot P65d bis zu 20 km\/h - Bikey Fasty\" \/>\n\t\t<meta name=\"twitter:description\" content=\"Geschwindigkeit: bis zu 20 km\/h Reichweite: bis zu 65 km** Steigungswinkel: bis zu 22% Sto\u00dfd\u00e4mpfer: Nein Wasserbest\u00e4ndigkeit: IPX5\" \/>\n\t\t<meta name=\"twitter:image\" content=\"https:\/\/bikeyfasty.store\/wp-content\/uploads\/2026\/01\/unnamed-file.png\" \/>\n\t\t<script type=\"application\/ld+json\" class=\"aioseo-schema\">\n\t\t\t{\"@context\":\"https:\\\/\\\/schema.org\",\"@graph\":[{\"@type\":\"BreadcrumbList\",\"@id\":\"https:\\\/\\\/bikeyfasty.store\\\/index.php\\\/produkt\\\/segway-ninebot-p65d\\\/#breadcrumblist\",\"itemListElement\":[{\"@type\":\"ListItem\",\"@id\":\"https:\\\/\\\/bikeyfasty.store#listItem\",\"position\":1,\"name\":\"Start\",\"item\":\"https:\\\/\\\/bikeyfasty.store\",\"nextItem\":{\"@type\":\"ListItem\",\"@id\":\"https:\\\/\\\/bikeyfasty.store\\\/index.php\\\/geschaft\\\/#listItem\",\"name\":\"Gesch\\u00e4ft\"}},{\"@type\":\"ListItem\",\"@id\":\"https:\\\/\\\/bikeyfasty.store\\\/index.php\\\/geschaft\\\/#listItem\",\"position\":2,\"name\":\"Gesch\\u00e4ft\",\"item\":\"https:\\\/\\\/bikeyfasty.store\\\/index.php\\\/geschaft\\\/\",\"nextItem\":{\"@type\":\"ListItem\",\"@id\":\"https:\\\/\\\/bikeyfasty.store\\\/index.php\\\/produkt-kategorie\\\/e-lieferroller\\\/#listItem\",\"name\":\"E-Lieferroller\"},\"previousItem\":{\"@type\":\"ListItem\",\"@id\":\"https:\\\/\\\/bikeyfasty.store#listItem\",\"name\":\"Start\"}},{\"@type\":\"ListItem\",\"@id\":\"https:\\\/\\\/bikeyfasty.store\\\/index.php\\\/produkt-kategorie\\\/e-lieferroller\\\/#listItem\",\"position\":3,\"name\":\"E-Lieferroller\",\"item\":\"https:\\\/\\\/bikeyfasty.store\\\/index.php\\\/produkt-kategorie\\\/e-lieferroller\\\/\",\"nextItem\":{\"@type\":\"ListItem\",\"@id\":\"https:\\\/\\\/bikeyfasty.store\\\/index.php\\\/produkt\\\/segway-ninebot-p65d\\\/#listItem\",\"name\":\"Segway Ninebot P65d bis zu 20 km\\\/h\"},\"previousItem\":{\"@type\":\"ListItem\",\"@id\":\"https:\\\/\\\/bikeyfasty.store\\\/index.php\\\/geschaft\\\/#listItem\",\"name\":\"Gesch\\u00e4ft\"}},{\"@type\":\"ListItem\",\"@id\":\"https:\\\/\\\/bikeyfasty.store\\\/index.php\\\/produkt\\\/segway-ninebot-p65d\\\/#listItem\",\"position\":4,\"name\":\"Segway Ninebot P65d bis zu 20 km\\\/h\",\"previousItem\":{\"@type\":\"ListItem\",\"@id\":\"https:\\\/\\\/bikeyfasty.store\\\/index.php\\\/produkt-kategorie\\\/e-lieferroller\\\/#listItem\",\"name\":\"E-Lieferroller\"}}]},{\"@type\":\"ItemPage\",\"@id\":\"https:\\\/\\\/bikeyfasty.store\\\/index.php\\\/produkt\\\/segway-ninebot-p65d\\\/#itempage\",\"url\":\"https:\\\/\\\/bikeyfasty.store\\\/index.php\\\/produkt\\\/segway-ninebot-p65d\\\/\",\"name\":\"Segway Ninebot P65d bis zu 20 km\\\/h - Bikey Fasty\",\"description\":\"Geschwindigkeit: bis zu 20 km\\\/h Reichweite: bis zu 65 km** Steigungswinkel: bis zu 22% Sto\\u00dfd\\u00e4mpfer: Nein Wasserbest\\u00e4ndigkeit: IPX5\",\"inLanguage\":\"de-DE\",\"isPartOf\":{\"@id\":\"https:\\\/\\\/bikeyfasty.store\\\/#website\"},\"breadcrumb\":{\"@id\":\"https:\\\/\\\/bikeyfasty.store\\\/index.php\\\/produkt\\\/segway-ninebot-p65d\\\/#breadcrumblist\"},\"image\":{\"@type\":\"ImageObject\",\"url\":\"https:\\\/\\\/bikeyfasty.store\\\/wp-content\\\/uploads\\\/2025\\\/04\\\/ASSET_MMS_104625682.webp\",\"@id\":\"https:\\\/\\\/bikeyfasty.store\\\/index.php\\\/produkt\\\/segway-ninebot-p65d\\\/#mainImage\",\"width\":1800,\"height\":1800},\"primaryImageOfPage\":{\"@id\":\"https:\\\/\\\/bikeyfasty.store\\\/index.php\\\/produkt\\\/segway-ninebot-p65d\\\/#mainImage\"},\"datePublished\":\"2025-04-13T00:40:41+02:00\",\"dateModified\":\"2026-01-27T01:18:54+01:00\"},{\"@type\":\"Organization\",\"@id\":\"https:\\\/\\\/bikeyfasty.store\\\/#organization\",\"name\":\"#Bikey Fasty BIKEY FASTY\",\"description\":\"Die bestenIhre besten Fahrr\\u00e4der Deine elektrische Mobilit\\u00e4t beginnt hier Die Zukunft der Mobilit\\u00e4t \\u2013 heute\",\"url\":\"https:\\\/\\\/bikeyfasty.store\\\/\",\"email\":\"contact@bikeyfasty.store\",\"telephone\":\"+4915510400141\",\"foundingDate\":\"1945-11-29\",\"numberOfEmployees\":{\"@type\":\"QuantitativeValue\",\"value\":27},\"logo\":{\"@type\":\"ImageObject\",\"url\":\"https:\\\/\\\/bikeyfasty.store\\\/wp-content\\\/uploads\\\/2026\\\/01\\\/unnamed-file.png\",\"@id\":\"https:\\\/\\\/bikeyfasty.store\\\/index.php\\\/produkt\\\/segway-ninebot-p65d\\\/#organizationLogo\",\"width\":616,\"height\":447,\"caption\":\"( ( ( ( (\"},\"image\":{\"@id\":\"https:\\\/\\\/bikeyfasty.store\\\/index.php\\\/produkt\\\/segway-ninebot-p65d\\\/#organizationLogo\"},\"address\":{\"@id\":\"https:\\\/\\\/bikeyfasty.store\\\/#postaladdress\",\"@type\":\"PostalAddress\",\"streetAddress\":\"Karl-Liebknecht-Str. 13,\",\"postalCode\":\"10178\",\"addressLocality\":\"Berlin\",\"addressRegion\":\"Berlin\",\"addressCountry\":\"DE\"}},{\"@type\":\"WebPage\",\"@id\":\"https:\\\/\\\/bikeyfasty.store\\\/index.php\\\/produkt\\\/segway-ninebot-p65d\\\/#webpage\",\"url\":\"https:\\\/\\\/bikeyfasty.store\\\/index.php\\\/produkt\\\/segway-ninebot-p65d\\\/\",\"name\":\"Segway Ninebot P65d bis zu 20 km\\\/h - Bikey Fasty\",\"description\":\"Geschwindigkeit: bis zu 20 km\\\/h Reichweite: bis zu 65 km** Steigungswinkel: bis zu 22% Sto\\u00dfd\\u00e4mpfer: Nein Wasserbest\\u00e4ndigkeit: IPX5\",\"inLanguage\":\"de-DE\",\"isPartOf\":{\"@id\":\"https:\\\/\\\/bikeyfasty.store\\\/#website\"},\"breadcrumb\":{\"@id\":\"https:\\\/\\\/bikeyfasty.store\\\/index.php\\\/produkt\\\/segway-ninebot-p65d\\\/#breadcrumblist\"},\"image\":{\"@type\":\"ImageObject\",\"url\":\"https:\\\/\\\/bikeyfasty.store\\\/wp-content\\\/uploads\\\/2025\\\/04\\\/ASSET_MMS_104625682.webp\",\"@id\":\"https:\\\/\\\/bikeyfasty.store\\\/index.php\\\/produkt\\\/segway-ninebot-p65d\\\/#mainImage\",\"width\":1800,\"height\":1800},\"primaryImageOfPage\":{\"@id\":\"https:\\\/\\\/bikeyfasty.store\\\/index.php\\\/produkt\\\/segway-ninebot-p65d\\\/#mainImage\"},\"datePublished\":\"2025-04-13T00:40:41+02:00\",\"dateModified\":\"2026-01-27T01:18:54+01:00\"},{\"@type\":\"WebSite\",\"@id\":\"https:\\\/\\\/bikeyfasty.store\\\/#website\",\"url\":\"https:\\\/\\\/bikeyfasty.store\\\/\",\"name\":\"Bikey Fasty\",\"description\":\"Die bestenIhre besten Fahrr\\u00e4der\",\"inLanguage\":\"de-DE\",\"publisher\":{\"@id\":\"https:\\\/\\\/bikeyfasty.store\\\/#organization\"}}]}\n\t\t<\/script>\n\t\t<script type=\"text\/javascript\">\n\t\t\t(function(c,l,a,r,i,t,y){\n\t\t\tc[a]=c[a]||function(){(c[a].q=c[a].q||[]).push(arguments)};t=l.createElement(r);t.async=1;\n\t\t\tt.src=\"https:\/\/www.clarity.ms\/tag\/\"+i+\"?ref=aioseo\";y=l.getElementsByTagName(r)[0];y.parentNode.insertBefore(t,y);\n\t\t})(window, document, \"clarity\", \"script\", \"v74e4fvqvw\");\n\t\t<\/script>\n\t\t<!-- All in One SEO Pro -->\r\n\t\t<title>Segway Ninebot P65d bis zu 20 km\/h - Bikey Fasty<\/title>\n\n","aioseo_head_json":{"title":"Segway Ninebot P65d bis zu 20 km\/h - Bikey Fasty","description":"Geschwindigkeit: bis zu 20 km\/h Reichweite: bis zu 65 km** Steigungswinkel: bis zu 22% Sto\u00dfd\u00e4mpfer: Nein Wasserbest\u00e4ndigkeit: IPX5","canonical_url":"https:\/\/bikeyfasty.store\/index.php\/produkt\/segway-ninebot-p65d\/","robots":"max-image-preview:large","keywords":"","webmasterTools":{"google-site-verification":"leF1qydUwZM4hbNEWkzXBgJ5cwNBnthZjCldnstJI-8","msvalidate.01":"F4CE253B53A296EF4B982618F43BD699","yandex-verification":"2c6c63eaf20e4d4b","miscellaneous":""},"schema":{"@context":"https:\/\/schema.org","@graph":[{"@type":"BreadcrumbList","@id":"https:\/\/bikeyfasty.store\/index.php\/produkt\/segway-ninebot-p65d\/#breadcrumblist","itemListElement":[{"@type":"ListItem","@id":"https:\/\/bikeyfasty.store#listItem","position":1,"name":"Start","item":"https:\/\/bikeyfasty.store","nextItem":{"@type":"ListItem","@id":"https:\/\/bikeyfasty.store\/index.php\/geschaft\/#listItem","name":"Gesch\u00e4ft"}},{"@type":"ListItem","@id":"https:\/\/bikeyfasty.store\/index.php\/geschaft\/#listItem","position":2,"name":"Gesch\u00e4ft","item":"https:\/\/bikeyfasty.store\/index.php\/geschaft\/","nextItem":{"@type":"ListItem","@id":"https:\/\/bikeyfasty.store\/index.php\/produkt-kategorie\/e-lieferroller\/#listItem","name":"E-Lieferroller"},"previousItem":{"@type":"ListItem","@id":"https:\/\/bikeyfasty.store#listItem","name":"Start"}},{"@type":"ListItem","@id":"https:\/\/bikeyfasty.store\/index.php\/produkt-kategorie\/e-lieferroller\/#listItem","position":3,"name":"E-Lieferroller","item":"https:\/\/bikeyfasty.store\/index.php\/produkt-kategorie\/e-lieferroller\/","nextItem":{"@type":"ListItem","@id":"https:\/\/bikeyfasty.store\/index.php\/produkt\/segway-ninebot-p65d\/#listItem","name":"Segway Ninebot P65d bis zu 20 km\/h"},"previousItem":{"@type":"ListItem","@id":"https:\/\/bikeyfasty.store\/index.php\/geschaft\/#listItem","name":"Gesch\u00e4ft"}},{"@type":"ListItem","@id":"https:\/\/bikeyfasty.store\/index.php\/produkt\/segway-ninebot-p65d\/#listItem","position":4,"name":"Segway Ninebot P65d bis zu 20 km\/h","previousItem":{"@type":"ListItem","@id":"https:\/\/bikeyfasty.store\/index.php\/produkt-kategorie\/e-lieferroller\/#listItem","name":"E-Lieferroller"}}]},{"@type":"ItemPage","@id":"https:\/\/bikeyfasty.store\/index.php\/produkt\/segway-ninebot-p65d\/#itempage","url":"https:\/\/bikeyfasty.store\/index.php\/produkt\/segway-ninebot-p65d\/","name":"Segway Ninebot P65d bis zu 20 km\/h - Bikey Fasty","description":"Geschwindigkeit: bis zu 20 km\/h Reichweite: bis zu 65 km** Steigungswinkel: bis zu 22% Sto\u00dfd\u00e4mpfer: Nein Wasserbest\u00e4ndigkeit: IPX5","inLanguage":"de-DE","isPartOf":{"@id":"https:\/\/bikeyfasty.store\/#website"},"breadcrumb":{"@id":"https:\/\/bikeyfasty.store\/index.php\/produkt\/segway-ninebot-p65d\/#breadcrumblist"},"image":{"@type":"ImageObject","url":"https:\/\/bikeyfasty.store\/wp-content\/uploads\/2025\/04\/ASSET_MMS_104625682.webp","@id":"https:\/\/bikeyfasty.store\/index.php\/produkt\/segway-ninebot-p65d\/#mainImage","width":1800,"height":1800},"primaryImageOfPage":{"@id":"https:\/\/bikeyfasty.store\/index.php\/produkt\/segway-ninebot-p65d\/#mainImage"},"datePublished":"2025-04-13T00:40:41+02:00","dateModified":"2026-01-27T01:18:54+01:00"},{"@type":"Organization","@id":"https:\/\/bikeyfasty.store\/#organization","name":"#Bikey Fasty BIKEY FASTY","description":"Die bestenIhre besten Fahrr\u00e4der Deine elektrische Mobilit\u00e4t beginnt hier Die Zukunft der Mobilit\u00e4t \u2013 heute","url":"https:\/\/bikeyfasty.store\/","email":"contact@bikeyfasty.store","telephone":"+4915510400141","foundingDate":"1945-11-29","numberOfEmployees":{"@type":"QuantitativeValue","value":27},"logo":{"@type":"ImageObject","url":"https:\/\/bikeyfasty.store\/wp-content\/uploads\/2026\/01\/unnamed-file.png","@id":"https:\/\/bikeyfasty.store\/index.php\/produkt\/segway-ninebot-p65d\/#organizationLogo","width":616,"height":447,"caption":"( ( ( ( ("},"image":{"@id":"https:\/\/bikeyfasty.store\/index.php\/produkt\/segway-ninebot-p65d\/#organizationLogo"},"address":{"@id":"https:\/\/bikeyfasty.store\/#postaladdress","@type":"PostalAddress","streetAddress":"Karl-Liebknecht-Str. 13,","postalCode":"10178","addressLocality":"Berlin","addressRegion":"Berlin","addressCountry":"DE"}},{"@type":"WebPage","@id":"https:\/\/bikeyfasty.store\/index.php\/produkt\/segway-ninebot-p65d\/#webpage","url":"https:\/\/bikeyfasty.store\/index.php\/produkt\/segway-ninebot-p65d\/","name":"Segway Ninebot P65d bis zu 20 km\/h - Bikey Fasty","description":"Geschwindigkeit: bis zu 20 km\/h Reichweite: bis zu 65 km** Steigungswinkel: bis zu 22% Sto\u00dfd\u00e4mpfer: Nein Wasserbest\u00e4ndigkeit: IPX5","inLanguage":"de-DE","isPartOf":{"@id":"https:\/\/bikeyfasty.store\/#website"},"breadcrumb":{"@id":"https:\/\/bikeyfasty.store\/index.php\/produkt\/segway-ninebot-p65d\/#breadcrumblist"},"image":{"@type":"ImageObject","url":"https:\/\/bikeyfasty.store\/wp-content\/uploads\/2025\/04\/ASSET_MMS_104625682.webp","@id":"https:\/\/bikeyfasty.store\/index.php\/produkt\/segway-ninebot-p65d\/#mainImage","width":1800,"height":1800},"primaryImageOfPage":{"@id":"https:\/\/bikeyfasty.store\/index.php\/produkt\/segway-ninebot-p65d\/#mainImage"},"datePublished":"2025-04-13T00:40:41+02:00","dateModified":"2026-01-27T01:18:54+01:00"},{"@type":"WebSite","@id":"https:\/\/bikeyfasty.store\/#website","url":"https:\/\/bikeyfasty.store\/","name":"Bikey Fasty","description":"Die bestenIhre besten Fahrr\u00e4der","inLanguage":"de-DE","publisher":{"@id":"https:\/\/bikeyfasty.store\/#organization"}}]},"og:locale":"de_DE","og:site_name":"Bikey Fasty - Die bestenIhre besten Fahrr\u00e4der","og:type":"article","og:title":"Segway Ninebot P65d bis zu 20 km\/h - Bikey Fasty","og:description":"Geschwindigkeit: bis zu 20 km\/h Reichweite: bis zu 65 km** Steigungswinkel: bis zu 22% Sto\u00dfd\u00e4mpfer: Nein Wasserbest\u00e4ndigkeit: IPX5","og:url":"https:\/\/bikeyfasty.store\/index.php\/produkt\/segway-ninebot-p65d\/","og:image":"https:\/\/bikeyfasty.store\/wp-content\/uploads\/2026\/01\/unnamed-file.png","og:image:secure_url":"https:\/\/bikeyfasty.store\/wp-content\/uploads\/2026\/01\/unnamed-file.png","og:image:width":616,"og:image:height":447,"article:published_time":"2025-04-12T22:40:41+00:00","article:modified_time":"2026-01-27T00:18:54+00:00","twitter:card":"summary_large_image","twitter:title":"Segway Ninebot P65d bis zu 20 km\/h - Bikey Fasty","twitter:description":"Geschwindigkeit: bis zu 20 km\/h Reichweite: bis zu 65 km** Steigungswinkel: bis zu 22% Sto\u00dfd\u00e4mpfer: Nein Wasserbest\u00e4ndigkeit: IPX5","twitter:image":"https:\/\/bikeyfasty.store\/wp-content\/uploads\/2026\/01\/unnamed-file.png"},"aioseo_meta_data":{"post_id":"18384","title":null,"description":null,"keywords":null,"keyphrases":{"focus":{"keyphrase":"","score":0,"analysis":{"keyphraseInTitle":{"score":0,"maxScore":9,"error":1}}},"additional":[]},"primary_term":null,"canonical_url":null,"og_title":null,"og_description":null,"og_object_type":"default","og_image_type":"default","og_image_url":null,"og_image_width":null,"og_image_height":null,"og_image_custom_url":null,"og_image_custom_fields":null,"og_video":"","og_custom_url":null,"og_article_section":null,"og_article_tags":null,"twitter_use_og":false,"twitter_card":"default","twitter_image_type":"default","twitter_image_url":null,"twitter_image_custom_url":null,"twitter_image_custom_fields":null,"twitter_title":null,"twitter_description":null,"schema":{"blockGraphs":[],"customGraphs":[],"default":{"data":{"Article":[],"Course":[],"Dataset":[],"FAQPage":[],"Movie":[],"Person":[],"Product":[],"ProductReview":[],"Car":[],"Recipe":[],"Service":[],"SoftwareApplication":[],"WebPage":[]},"graphName":"ItemPage","isEnabled":true},"graphs":[]},"schema_type":"default","schema_type_options":null,"pillar_content":false,"robots_default":true,"robots_noindex":false,"robots_noarchive":false,"robots_nosnippet":false,"robots_nofollow":false,"robots_noimageindex":false,"robots_noodp":false,"robots_notranslate":false,"robots_max_snippet":"-1","robots_max_videopreview":"-1","robots_max_imagepreview":"large","priority":null,"frequency":"default","local_seo":null,"seo_analyzer_scan_date":"2026-01-27 00:18:55","breadcrumb_settings":null,"limit_modified_date":false,"reviewed_by":"0","open_ai":null,"ai":{"faqs":[],"keyPoints":[],"titles":[],"descriptions":[],"socialPosts":{"email":[],"linkedin":[],"twitter":[],"facebook":[],"instagram":[]}},"created":"2025-05-01 09:19:19","updated":"2026-01-27 00:21:59"},"aioseo_breadcrumb":"<div class=\"aioseo-breadcrumbs\"><span class=\"aioseo-breadcrumb\">\n\t<a href=\"https:\/\/bikeyfasty.store\" title=\"Start\">Start<\/a>\n<\/span><span class=\"aioseo-breadcrumb-separator\">\u00bb<\/span><span class=\"aioseo-breadcrumb\">\n\t<a href=\"https:\/\/bikeyfasty.store\/index.php\/geschaft\/\" title=\"Gesch\u00e4ft\">Gesch\u00e4ft<\/a>\n<\/span><span class=\"aioseo-breadcrumb-separator\">\u00bb<\/span><span class=\"aioseo-breadcrumb\">\n\t<a href=\"https:\/\/bikeyfasty.store\/index.php\/produkt-kategorie\/e-lieferroller\/\" title=\"E-Lieferroller\">E-Lieferroller<\/a>\n<\/span><span class=\"aioseo-breadcrumb-separator\">\u00bb<\/span><span class=\"aioseo-breadcrumb\">\n\tSegway Ninebot P65d bis zu 20 km\/h\n<\/span><\/div>","aioseo_breadcrumb_json":[{"label":"Start","link":"https:\/\/bikeyfasty.store"},{"label":"Gesch\u00e4ft","link":"https:\/\/bikeyfasty.store\/index.php\/geschaft\/"},{"label":"E-Lieferroller","link":"https:\/\/bikeyfasty.store\/index.php\/produkt-kategorie\/e-lieferroller\/"},{"label":"Segway Ninebot P65d bis zu 20 km\/h","link":"https:\/\/bikeyfasty.store\/index.php\/produkt\/segway-ninebot-p65d\/"}],"_links":{"self":[{"href":"https:\/\/bikeyfasty.store\/index.php\/wp-json\/wp\/v2\/product\/18384","targetHints":{"allow":["GET"]}}],"collection":[{"href":"https:\/\/bikeyfasty.store\/index.php\/wp-json\/wp\/v2\/product"}],"about":[{"href":"https:\/\/bikeyfasty.store\/index.php\/wp-json\/wp\/v2\/types\/product"}],"replies":[{"embeddable":true,"href":"https:\/\/bikeyfasty.store\/index.php\/wp-json\/wp\/v2\/comments?post=18384"}],"version-history":[{"count":3,"href":"https:\/\/bikeyfasty.store\/index.php\/wp-json\/wp\/v2\/product\/18384\/revisions"}],"predecessor-version":[{"id":52226,"href":"https:\/\/bikeyfasty.store\/index.php\/wp-json\/wp\/v2\/product\/18384\/revisions\/52226"}],"wp:featuredmedia":[{"embeddable":true,"href":"https:\/\/bikeyfasty.store\/index.php\/wp-json\/wp\/v2\/media\/18428"}],"wp:attachment":[{"href":"https:\/\/bikeyfasty.store\/index.php\/wp-json\/wp\/v2\/media?parent=18384"}],"wp:term":[{"taxonomy":"product_brand","embeddable":true,"href":"https:\/\/bikeyfasty.store\/index.php\/wp-json\/wp\/v2\/product_brand?post=18384"},{"taxonomy":"product_cat","embeddable":true,"href":"https:\/\/bikeyfasty.store\/index.php\/wp-json\/wp\/v2\/product_cat?post=18384"},{"taxonomy":"product_tag","embeddable":true,"href":"https:\/\/bikeyfasty.store\/index.php\/wp-json\/wp\/v2\/product_tag?post=18384"}],"curies":[{"name":"wp","href":"https:\/\/api.w.org\/{rel}","templated":true}]}}