{"id":18405,"date":"2025-04-13T00:40:41","date_gmt":"2025-04-12T22:40:41","guid":{"rendered":"https:\/\/bikeyfasty.store\/?post_type=product&#038;p=18405"},"modified":"2026-01-26T23:36:12","modified_gmt":"2026-01-26T22:36:12","slug":"vmax-vx4-gt","status":"publish","type":"product","link":"https:\/\/bikeyfasty.store\/index.php\/produkt\/vmax-vx4-gt\/","title":{"rendered":"Vmax Vx4 Gt 48V \/ 500W 23,2Ah"},"content":{"rendered":"<div class=\"product--description\">\n<h4>FEATURES<\/h4>\n<ul>\n<li>Sehr starker 500W Brushless Motor<\/li>\n<li>Peak Power mit bis zu 1600 Watt<\/li>\n<li>Federung hinten &amp; vorne<\/li>\n<li>Heller Blinker vorn am Lenker und hinten am Schutzblech<\/li>\n<li>Sehr helles 60 Lux Licht inkl. hellem R\u00fccklicht + Bremslicht<\/li>\n<li>Trommelbremse vorn und elektrische Rekuperationsbremse hinten<\/li>\n<li>Breites Trittbrett<\/li>\n<\/ul>\n<h5>TECHNISCHE DATEN<\/h5>\n<ul>\n<li>Akku: 23,2Ah<\/li>\n<li>Motor: 48V \/ 500W<\/li>\n<li>Motor Peak Power: 1600W<\/li>\n<li>Blinker: Vorne &amp; Hinten<\/li>\n<li>Geschwindigkeit max.: 20km\/h<\/li>\n<li>Reichweite: 100km<\/li>\n<li>Reifengr\u00f6\u00dfe in Zoll: 10 Tubeless Offroad Air Tires<\/li>\n<li>Gewicht: 28,6kg<\/li>\n<\/ul>\n<h5>LIEFERUMFANG<\/h5>\n<ul>\n<li>1x VMAX VX4 GT<\/li>\n<\/ul>\n<p>Hei\u00dfe das neue Flagschiff der VMAX-Produktfamilie willkommen! Der brandneue VMAX VX4 vereint alle bisher entwickelten Technologien und ist ein absoluter Vorreiter in Sachen Innovation, Leistung, Fahrkomfort und Technik. Seine Doppelfederung vorn und hinten macht ihn zum idealen Wegbegleiter f\u00fcr jedes Terrain und der enorm starke Motor mit einer Peakpower von 1.600W katapultiert den Fahrer regelrecht Steigungen von bis zu 30% nach oben. Mit einer Reichweite von bis zu 100km sorgt der gro\u00dfe Akku zudem daf\u00fcr, dass der VX4 selbst bei einem &#8218;long-distance-ride&#8216; nicht die Puste ausgeht.<\/p>\n<\/div>\n<p>EAN-Nr: 7640441155025<\/p>\n","protected":false},"excerpt":{"rendered":"<ul>\n<li>Akku: 23,2Ah<\/li>\n<li>Motor: 48V \/ 500W<\/li>\n<li>Motor Peak Power: 1600W<\/li>\n<li>Blinker: Vorne &amp; Hinten<\/li>\n<li>Geschwindigkeit max.: 20km\/h<\/li>\n<li>Reichweite: 100km<\/li>\n<li>Reifengr\u00f6\u00dfe in Zoll: 10 Tubeless Offroad Air Tires<\/li>\n<li>Gewicht: 28,6kg<\/li>\n<\/ul>\n","protected":false},"featured_media":18587,"comment_status":"open","ping_status":"closed","template":"","meta":{"googlesitekit_rrm_CAowq6HFDA:productID":"","om_disable_all_campaigns":false,"_monsterinsights_skip_tracking":false,"_monsterinsights_sitenote_active":false,"_monsterinsights_sitenote_note":"","_monsterinsights_sitenote_category":0,"_uf_show_specific_survey":0,"_uf_disable_surveys":false},"product_brand":[],"product_cat":[20],"product_tag":[],"class_list":{"0":"post-18405","1":"product","2":"type-product","3":"status-publish","4":"has-post-thumbnail","6":"product_cat-e-lieferroller","8":"first","9":"instock","10":"sale","11":"taxable","12":"shipping-taxable","13":"purchasable","14":"product-type-simple"},"aioseo_notices":[],"aioseo_head":"\n\t\t<!-- All in One SEO Pro 4.9.5.2 - aioseo.com -->\n\t<meta name=\"description\" content=\"Akku: 23,2Ah Motor: 48V \/ 500W Motor Peak Power: 1600W Blinker: Vorne &amp; Hinten Geschwindigkeit max.: 20km\/h Reichweite: 100km Reifengr\u00f6\u00dfe in Zoll: 10 Tubeless Offroad Air Tires Gewicht: 28,6kg\" \/>\n\t<meta name=\"robots\" content=\"max-image-preview:large\" \/>\n\t<meta name=\"google-site-verification\" content=\"leF1qydUwZM4hbNEWkzXBgJ5cwNBnthZjCldnstJI-8\" \/>\n\t<meta name=\"msvalidate.01\" content=\"F4CE253B53A296EF4B982618F43BD699\" \/>\n\t<meta name=\"yandex-verification\" content=\"2c6c63eaf20e4d4b\" \/>\n\t<link rel=\"canonical\" href=\"https:\/\/bikeyfasty.store\/index.php\/produkt\/vmax-vx4-gt\/\" \/>\n\t<meta name=\"generator\" content=\"All in One SEO Pro (AIOSEO) 4.9.5.2\" \/>\n\t\t<meta property=\"og:locale\" content=\"de_DE\" \/>\n\t\t<meta property=\"og:site_name\" content=\"Bikey Fasty - Die bestenIhre besten Fahrr\u00e4der\" \/>\n\t\t<meta property=\"og:type\" content=\"article\" \/>\n\t\t<meta property=\"og:title\" content=\"Vmax Vx4 Gt 48V \/ 500W 23,2Ah - Bikey Fasty\" \/>\n\t\t<meta property=\"og:description\" content=\"Akku: 23,2Ah Motor: 48V \/ 500W Motor Peak Power: 1600W Blinker: Vorne &amp; Hinten Geschwindigkeit max.: 20km\/h Reichweite: 100km Reifengr\u00f6\u00dfe in Zoll: 10 Tubeless Offroad Air Tires Gewicht: 28,6kg\" \/>\n\t\t<meta property=\"og:url\" content=\"https:\/\/bikeyfasty.store\/index.php\/produkt\/vmax-vx4-gt\/\" \/>\n\t\t<meta property=\"og:image\" content=\"https:\/\/bikeyfasty.store\/wp-content\/uploads\/2026\/01\/unnamed-file.png\" \/>\n\t\t<meta property=\"og:image:secure_url\" content=\"https:\/\/bikeyfasty.store\/wp-content\/uploads\/2026\/01\/unnamed-file.png\" \/>\n\t\t<meta property=\"og:image:width\" content=\"616\" \/>\n\t\t<meta property=\"og:image:height\" content=\"447\" \/>\n\t\t<meta property=\"article:published_time\" content=\"2025-04-12T22:40:41+00:00\" \/>\n\t\t<meta property=\"article:modified_time\" content=\"2026-01-26T22:36:12+00:00\" \/>\n\t\t<meta name=\"twitter:card\" content=\"summary_large_image\" \/>\n\t\t<meta name=\"twitter:title\" content=\"Vmax Vx4 Gt 48V \/ 500W 23,2Ah - Bikey Fasty\" \/>\n\t\t<meta name=\"twitter:description\" content=\"Akku: 23,2Ah Motor: 48V \/ 500W Motor Peak Power: 1600W Blinker: Vorne &amp; Hinten Geschwindigkeit max.: 20km\/h Reichweite: 100km Reifengr\u00f6\u00dfe in Zoll: 10 Tubeless Offroad Air Tires Gewicht: 28,6kg\" \/>\n\t\t<meta name=\"twitter:image\" content=\"https:\/\/bikeyfasty.store\/wp-content\/uploads\/2026\/01\/unnamed-file.png\" \/>\n\t\t<script type=\"application\/ld+json\" class=\"aioseo-schema\">\n\t\t\t{\"@context\":\"https:\\\/\\\/schema.org\",\"@graph\":[{\"@type\":\"BreadcrumbList\",\"@id\":\"https:\\\/\\\/bikeyfasty.store\\\/index.php\\\/produkt\\\/vmax-vx4-gt\\\/#breadcrumblist\",\"itemListElement\":[{\"@type\":\"ListItem\",\"@id\":\"https:\\\/\\\/bikeyfasty.store#listItem\",\"position\":1,\"name\":\"Start\",\"item\":\"https:\\\/\\\/bikeyfasty.store\",\"nextItem\":{\"@type\":\"ListItem\",\"@id\":\"https:\\\/\\\/bikeyfasty.store\\\/index.php\\\/geschaft\\\/#listItem\",\"name\":\"Gesch\\u00e4ft\"}},{\"@type\":\"ListItem\",\"@id\":\"https:\\\/\\\/bikeyfasty.store\\\/index.php\\\/geschaft\\\/#listItem\",\"position\":2,\"name\":\"Gesch\\u00e4ft\",\"item\":\"https:\\\/\\\/bikeyfasty.store\\\/index.php\\\/geschaft\\\/\",\"nextItem\":{\"@type\":\"ListItem\",\"@id\":\"https:\\\/\\\/bikeyfasty.store\\\/index.php\\\/produkt-kategorie\\\/e-lieferroller\\\/#listItem\",\"name\":\"E-Lieferroller\"},\"previousItem\":{\"@type\":\"ListItem\",\"@id\":\"https:\\\/\\\/bikeyfasty.store#listItem\",\"name\":\"Start\"}},{\"@type\":\"ListItem\",\"@id\":\"https:\\\/\\\/bikeyfasty.store\\\/index.php\\\/produkt-kategorie\\\/e-lieferroller\\\/#listItem\",\"position\":3,\"name\":\"E-Lieferroller\",\"item\":\"https:\\\/\\\/bikeyfasty.store\\\/index.php\\\/produkt-kategorie\\\/e-lieferroller\\\/\",\"nextItem\":{\"@type\":\"ListItem\",\"@id\":\"https:\\\/\\\/bikeyfasty.store\\\/index.php\\\/produkt\\\/vmax-vx4-gt\\\/#listItem\",\"name\":\"Vmax Vx4 Gt 48V \\\/ 500W 23,2Ah\"},\"previousItem\":{\"@type\":\"ListItem\",\"@id\":\"https:\\\/\\\/bikeyfasty.store\\\/index.php\\\/geschaft\\\/#listItem\",\"name\":\"Gesch\\u00e4ft\"}},{\"@type\":\"ListItem\",\"@id\":\"https:\\\/\\\/bikeyfasty.store\\\/index.php\\\/produkt\\\/vmax-vx4-gt\\\/#listItem\",\"position\":4,\"name\":\"Vmax Vx4 Gt 48V \\\/ 500W 23,2Ah\",\"previousItem\":{\"@type\":\"ListItem\",\"@id\":\"https:\\\/\\\/bikeyfasty.store\\\/index.php\\\/produkt-kategorie\\\/e-lieferroller\\\/#listItem\",\"name\":\"E-Lieferroller\"}}]},{\"@type\":\"ItemPage\",\"@id\":\"https:\\\/\\\/bikeyfasty.store\\\/index.php\\\/produkt\\\/vmax-vx4-gt\\\/#itempage\",\"url\":\"https:\\\/\\\/bikeyfasty.store\\\/index.php\\\/produkt\\\/vmax-vx4-gt\\\/\",\"name\":\"Vmax Vx4 Gt 48V \\\/ 500W 23,2Ah - Bikey Fasty\",\"description\":\"Akku: 23,2Ah Motor: 48V \\\/ 500W Motor Peak Power: 1600W Blinker: Vorne & Hinten Geschwindigkeit max.: 20km\\\/h Reichweite: 100km Reifengr\\u00f6\\u00dfe in Zoll: 10 Tubeless Offroad Air Tires Gewicht: 28,6kg\",\"inLanguage\":\"de-DE\",\"isPartOf\":{\"@id\":\"https:\\\/\\\/bikeyfasty.store\\\/#website\"},\"breadcrumb\":{\"@id\":\"https:\\\/\\\/bikeyfasty.store\\\/index.php\\\/produkt\\\/vmax-vx4-gt\\\/#breadcrumblist\"},\"image\":{\"@type\":\"ImageObject\",\"url\":\"https:\\\/\\\/bikeyfasty.store\\\/wp-content\\\/uploads\\\/2025\\\/04\\\/teffrter.webp\",\"@id\":\"https:\\\/\\\/bikeyfasty.store\\\/index.php\\\/produkt\\\/vmax-vx4-gt\\\/#mainImage\",\"width\":2022,\"height\":2022},\"primaryImageOfPage\":{\"@id\":\"https:\\\/\\\/bikeyfasty.store\\\/index.php\\\/produkt\\\/vmax-vx4-gt\\\/#mainImage\"},\"datePublished\":\"2025-04-13T00:40:41+02:00\",\"dateModified\":\"2026-01-26T23:36:12+01:00\"},{\"@type\":\"Organization\",\"@id\":\"https:\\\/\\\/bikeyfasty.store\\\/#organization\",\"name\":\"#Bikey Fasty BIKEY FASTY\",\"description\":\"Die bestenIhre besten Fahrr\\u00e4der Deine elektrische Mobilit\\u00e4t beginnt hier Die Zukunft der Mobilit\\u00e4t \\u2013 heute\",\"url\":\"https:\\\/\\\/bikeyfasty.store\\\/\",\"email\":\"contact@bikeyfasty.store\",\"telephone\":\"+4915510400141\",\"foundingDate\":\"1945-11-29\",\"numberOfEmployees\":{\"@type\":\"QuantitativeValue\",\"value\":27},\"logo\":{\"@type\":\"ImageObject\",\"url\":\"https:\\\/\\\/bikeyfasty.store\\\/wp-content\\\/uploads\\\/2026\\\/01\\\/unnamed-file.png\",\"@id\":\"https:\\\/\\\/bikeyfasty.store\\\/index.php\\\/produkt\\\/vmax-vx4-gt\\\/#organizationLogo\",\"width\":616,\"height\":447,\"caption\":\"( ( ( ( (\"},\"image\":{\"@id\":\"https:\\\/\\\/bikeyfasty.store\\\/index.php\\\/produkt\\\/vmax-vx4-gt\\\/#organizationLogo\"},\"address\":{\"@id\":\"https:\\\/\\\/bikeyfasty.store\\\/#postaladdress\",\"@type\":\"PostalAddress\",\"streetAddress\":\"Karl-Liebknecht-Str. 13,\",\"postalCode\":\"10178\",\"addressLocality\":\"Berlin\",\"addressRegion\":\"Berlin\",\"addressCountry\":\"DE\"}},{\"@type\":\"WebPage\",\"@id\":\"https:\\\/\\\/bikeyfasty.store\\\/index.php\\\/produkt\\\/vmax-vx4-gt\\\/#webpage\",\"url\":\"https:\\\/\\\/bikeyfasty.store\\\/index.php\\\/produkt\\\/vmax-vx4-gt\\\/\",\"name\":\"Vmax Vx4 Gt 48V \\\/ 500W 23,2Ah - Bikey Fasty\",\"description\":\"Akku: 23,2Ah Motor: 48V \\\/ 500W Motor Peak Power: 1600W Blinker: Vorne & Hinten Geschwindigkeit max.: 20km\\\/h Reichweite: 100km Reifengr\\u00f6\\u00dfe in Zoll: 10 Tubeless Offroad Air Tires Gewicht: 28,6kg\",\"inLanguage\":\"de-DE\",\"isPartOf\":{\"@id\":\"https:\\\/\\\/bikeyfasty.store\\\/#website\"},\"breadcrumb\":{\"@id\":\"https:\\\/\\\/bikeyfasty.store\\\/index.php\\\/produkt\\\/vmax-vx4-gt\\\/#breadcrumblist\"},\"image\":{\"@type\":\"ImageObject\",\"url\":\"https:\\\/\\\/bikeyfasty.store\\\/wp-content\\\/uploads\\\/2025\\\/04\\\/teffrter.webp\",\"@id\":\"https:\\\/\\\/bikeyfasty.store\\\/index.php\\\/produkt\\\/vmax-vx4-gt\\\/#mainImage\",\"width\":2022,\"height\":2022},\"primaryImageOfPage\":{\"@id\":\"https:\\\/\\\/bikeyfasty.store\\\/index.php\\\/produkt\\\/vmax-vx4-gt\\\/#mainImage\"},\"datePublished\":\"2025-04-13T00:40:41+02:00\",\"dateModified\":\"2026-01-26T23:36:12+01:00\"},{\"@type\":\"WebSite\",\"@id\":\"https:\\\/\\\/bikeyfasty.store\\\/#website\",\"url\":\"https:\\\/\\\/bikeyfasty.store\\\/\",\"name\":\"Bikey Fasty\",\"description\":\"Die bestenIhre besten Fahrr\\u00e4der\",\"inLanguage\":\"de-DE\",\"publisher\":{\"@id\":\"https:\\\/\\\/bikeyfasty.store\\\/#organization\"}}]}\n\t\t<\/script>\n\t\t<script type=\"text\/javascript\">\n\t\t\t(function(c,l,a,r,i,t,y){\n\t\t\tc[a]=c[a]||function(){(c[a].q=c[a].q||[]).push(arguments)};t=l.createElement(r);t.async=1;\n\t\t\tt.src=\"https:\/\/www.clarity.ms\/tag\/\"+i+\"?ref=aioseo\";y=l.getElementsByTagName(r)[0];y.parentNode.insertBefore(t,y);\n\t\t})(window, document, \"clarity\", \"script\", \"v74e4fvqvw\");\n\t\t<\/script>\n\t\t<!-- All in One SEO Pro -->\r\n\t\t<title>Vmax Vx4 Gt 48V \/ 500W 23,2Ah - Bikey Fasty<\/title>\n\n","aioseo_head_json":{"title":"Vmax Vx4 Gt 48V \/ 500W 23,2Ah - Bikey Fasty","description":"Akku: 23,2Ah Motor: 48V \/ 500W Motor Peak Power: 1600W Blinker: Vorne & Hinten Geschwindigkeit max.: 20km\/h Reichweite: 100km Reifengr\u00f6\u00dfe in Zoll: 10 Tubeless Offroad Air Tires Gewicht: 28,6kg","canonical_url":"https:\/\/bikeyfasty.store\/index.php\/produkt\/vmax-vx4-gt\/","robots":"max-image-preview:large","keywords":"","webmasterTools":{"google-site-verification":"leF1qydUwZM4hbNEWkzXBgJ5cwNBnthZjCldnstJI-8","msvalidate.01":"F4CE253B53A296EF4B982618F43BD699","yandex-verification":"2c6c63eaf20e4d4b","miscellaneous":""},"schema":{"@context":"https:\/\/schema.org","@graph":[{"@type":"BreadcrumbList","@id":"https:\/\/bikeyfasty.store\/index.php\/produkt\/vmax-vx4-gt\/#breadcrumblist","itemListElement":[{"@type":"ListItem","@id":"https:\/\/bikeyfasty.store#listItem","position":1,"name":"Start","item":"https:\/\/bikeyfasty.store","nextItem":{"@type":"ListItem","@id":"https:\/\/bikeyfasty.store\/index.php\/geschaft\/#listItem","name":"Gesch\u00e4ft"}},{"@type":"ListItem","@id":"https:\/\/bikeyfasty.store\/index.php\/geschaft\/#listItem","position":2,"name":"Gesch\u00e4ft","item":"https:\/\/bikeyfasty.store\/index.php\/geschaft\/","nextItem":{"@type":"ListItem","@id":"https:\/\/bikeyfasty.store\/index.php\/produkt-kategorie\/e-lieferroller\/#listItem","name":"E-Lieferroller"},"previousItem":{"@type":"ListItem","@id":"https:\/\/bikeyfasty.store#listItem","name":"Start"}},{"@type":"ListItem","@id":"https:\/\/bikeyfasty.store\/index.php\/produkt-kategorie\/e-lieferroller\/#listItem","position":3,"name":"E-Lieferroller","item":"https:\/\/bikeyfasty.store\/index.php\/produkt-kategorie\/e-lieferroller\/","nextItem":{"@type":"ListItem","@id":"https:\/\/bikeyfasty.store\/index.php\/produkt\/vmax-vx4-gt\/#listItem","name":"Vmax Vx4 Gt 48V \/ 500W 23,2Ah"},"previousItem":{"@type":"ListItem","@id":"https:\/\/bikeyfasty.store\/index.php\/geschaft\/#listItem","name":"Gesch\u00e4ft"}},{"@type":"ListItem","@id":"https:\/\/bikeyfasty.store\/index.php\/produkt\/vmax-vx4-gt\/#listItem","position":4,"name":"Vmax Vx4 Gt 48V \/ 500W 23,2Ah","previousItem":{"@type":"ListItem","@id":"https:\/\/bikeyfasty.store\/index.php\/produkt-kategorie\/e-lieferroller\/#listItem","name":"E-Lieferroller"}}]},{"@type":"ItemPage","@id":"https:\/\/bikeyfasty.store\/index.php\/produkt\/vmax-vx4-gt\/#itempage","url":"https:\/\/bikeyfasty.store\/index.php\/produkt\/vmax-vx4-gt\/","name":"Vmax Vx4 Gt 48V \/ 500W 23,2Ah - Bikey Fasty","description":"Akku: 23,2Ah Motor: 48V \/ 500W Motor Peak Power: 1600W Blinker: Vorne & Hinten Geschwindigkeit max.: 20km\/h Reichweite: 100km Reifengr\u00f6\u00dfe in Zoll: 10 Tubeless Offroad Air Tires Gewicht: 28,6kg","inLanguage":"de-DE","isPartOf":{"@id":"https:\/\/bikeyfasty.store\/#website"},"breadcrumb":{"@id":"https:\/\/bikeyfasty.store\/index.php\/produkt\/vmax-vx4-gt\/#breadcrumblist"},"image":{"@type":"ImageObject","url":"https:\/\/bikeyfasty.store\/wp-content\/uploads\/2025\/04\/teffrter.webp","@id":"https:\/\/bikeyfasty.store\/index.php\/produkt\/vmax-vx4-gt\/#mainImage","width":2022,"height":2022},"primaryImageOfPage":{"@id":"https:\/\/bikeyfasty.store\/index.php\/produkt\/vmax-vx4-gt\/#mainImage"},"datePublished":"2025-04-13T00:40:41+02:00","dateModified":"2026-01-26T23:36:12+01:00"},{"@type":"Organization","@id":"https:\/\/bikeyfasty.store\/#organization","name":"#Bikey Fasty BIKEY FASTY","description":"Die bestenIhre besten Fahrr\u00e4der Deine elektrische Mobilit\u00e4t beginnt hier Die Zukunft der Mobilit\u00e4t \u2013 heute","url":"https:\/\/bikeyfasty.store\/","email":"contact@bikeyfasty.store","telephone":"+4915510400141","foundingDate":"1945-11-29","numberOfEmployees":{"@type":"QuantitativeValue","value":27},"logo":{"@type":"ImageObject","url":"https:\/\/bikeyfasty.store\/wp-content\/uploads\/2026\/01\/unnamed-file.png","@id":"https:\/\/bikeyfasty.store\/index.php\/produkt\/vmax-vx4-gt\/#organizationLogo","width":616,"height":447,"caption":"( ( ( ( ("},"image":{"@id":"https:\/\/bikeyfasty.store\/index.php\/produkt\/vmax-vx4-gt\/#organizationLogo"},"address":{"@id":"https:\/\/bikeyfasty.store\/#postaladdress","@type":"PostalAddress","streetAddress":"Karl-Liebknecht-Str. 13,","postalCode":"10178","addressLocality":"Berlin","addressRegion":"Berlin","addressCountry":"DE"}},{"@type":"WebPage","@id":"https:\/\/bikeyfasty.store\/index.php\/produkt\/vmax-vx4-gt\/#webpage","url":"https:\/\/bikeyfasty.store\/index.php\/produkt\/vmax-vx4-gt\/","name":"Vmax Vx4 Gt 48V \/ 500W 23,2Ah - Bikey Fasty","description":"Akku: 23,2Ah Motor: 48V \/ 500W Motor Peak Power: 1600W Blinker: Vorne & Hinten Geschwindigkeit max.: 20km\/h Reichweite: 100km Reifengr\u00f6\u00dfe in Zoll: 10 Tubeless Offroad Air Tires Gewicht: 28,6kg","inLanguage":"de-DE","isPartOf":{"@id":"https:\/\/bikeyfasty.store\/#website"},"breadcrumb":{"@id":"https:\/\/bikeyfasty.store\/index.php\/produkt\/vmax-vx4-gt\/#breadcrumblist"},"image":{"@type":"ImageObject","url":"https:\/\/bikeyfasty.store\/wp-content\/uploads\/2025\/04\/teffrter.webp","@id":"https:\/\/bikeyfasty.store\/index.php\/produkt\/vmax-vx4-gt\/#mainImage","width":2022,"height":2022},"primaryImageOfPage":{"@id":"https:\/\/bikeyfasty.store\/index.php\/produkt\/vmax-vx4-gt\/#mainImage"},"datePublished":"2025-04-13T00:40:41+02:00","dateModified":"2026-01-26T23:36:12+01:00"},{"@type":"WebSite","@id":"https:\/\/bikeyfasty.store\/#website","url":"https:\/\/bikeyfasty.store\/","name":"Bikey Fasty","description":"Die bestenIhre besten Fahrr\u00e4der","inLanguage":"de-DE","publisher":{"@id":"https:\/\/bikeyfasty.store\/#organization"}}]},"og:locale":"de_DE","og:site_name":"Bikey Fasty - Die bestenIhre besten Fahrr\u00e4der","og:type":"article","og:title":"Vmax Vx4 Gt 48V \/ 500W 23,2Ah - Bikey Fasty","og:description":"Akku: 23,2Ah Motor: 48V \/ 500W Motor Peak Power: 1600W Blinker: Vorne &amp; Hinten Geschwindigkeit max.: 20km\/h Reichweite: 100km Reifengr\u00f6\u00dfe in Zoll: 10 Tubeless Offroad Air Tires Gewicht: 28,6kg","og:url":"https:\/\/bikeyfasty.store\/index.php\/produkt\/vmax-vx4-gt\/","og:image":"https:\/\/bikeyfasty.store\/wp-content\/uploads\/2026\/01\/unnamed-file.png","og:image:secure_url":"https:\/\/bikeyfasty.store\/wp-content\/uploads\/2026\/01\/unnamed-file.png","og:image:width":616,"og:image:height":447,"article:published_time":"2025-04-12T22:40:41+00:00","article:modified_time":"2026-01-26T22:36:12+00:00","twitter:card":"summary_large_image","twitter:title":"Vmax Vx4 Gt 48V \/ 500W 23,2Ah - Bikey Fasty","twitter:description":"Akku: 23,2Ah Motor: 48V \/ 500W Motor Peak Power: 1600W Blinker: Vorne &amp; Hinten Geschwindigkeit max.: 20km\/h Reichweite: 100km Reifengr\u00f6\u00dfe in Zoll: 10 Tubeless Offroad Air Tires Gewicht: 28,6kg","twitter:image":"https:\/\/bikeyfasty.store\/wp-content\/uploads\/2026\/01\/unnamed-file.png"},"aioseo_meta_data":{"post_id":"18405","title":null,"description":null,"keywords":null,"keyphrases":{"focus":{"keyphrase":"","score":0,"analysis":{"keyphraseInTitle":{"score":0,"maxScore":9,"error":1}}},"additional":[]},"primary_term":null,"canonical_url":null,"og_title":null,"og_description":null,"og_object_type":"default","og_image_type":"default","og_image_url":null,"og_image_width":null,"og_image_height":null,"og_image_custom_url":null,"og_image_custom_fields":null,"og_video":"","og_custom_url":null,"og_article_section":null,"og_article_tags":null,"twitter_use_og":false,"twitter_card":"default","twitter_image_type":"default","twitter_image_url":null,"twitter_image_custom_url":null,"twitter_image_custom_fields":null,"twitter_title":null,"twitter_description":null,"schema":{"blockGraphs":[],"customGraphs":[],"default":{"data":{"Article":[],"Course":[],"Dataset":[],"FAQPage":[],"Movie":[],"Person":[],"Product":[],"ProductReview":[],"Car":[],"Recipe":[],"Service":[],"SoftwareApplication":[],"WebPage":[]},"graphName":"ItemPage","isEnabled":true},"graphs":[]},"schema_type":"default","schema_type_options":null,"pillar_content":false,"robots_default":true,"robots_noindex":false,"robots_noarchive":false,"robots_nosnippet":false,"robots_nofollow":false,"robots_noimageindex":false,"robots_noodp":false,"robots_notranslate":false,"robots_max_snippet":"-1","robots_max_videopreview":"-1","robots_max_imagepreview":"large","priority":null,"frequency":"default","local_seo":null,"seo_analyzer_scan_date":"2026-01-26 22:36:56","breadcrumb_settings":null,"limit_modified_date":false,"reviewed_by":"0","open_ai":null,"ai":{"faqs":[],"keyPoints":[],"titles":[],"descriptions":[],"socialPosts":{"email":[],"linkedin":[],"twitter":[],"facebook":[],"instagram":[]}},"created":"2025-05-01 09:20:40","updated":"2026-01-26 22:39:56"},"aioseo_breadcrumb":"<div class=\"aioseo-breadcrumbs\"><span class=\"aioseo-breadcrumb\">\n\t<a href=\"https:\/\/bikeyfasty.store\" title=\"Start\">Start<\/a>\n<\/span><span class=\"aioseo-breadcrumb-separator\">\u00bb<\/span><span class=\"aioseo-breadcrumb\">\n\t<a href=\"https:\/\/bikeyfasty.store\/index.php\/geschaft\/\" title=\"Gesch\u00e4ft\">Gesch\u00e4ft<\/a>\n<\/span><span class=\"aioseo-breadcrumb-separator\">\u00bb<\/span><span class=\"aioseo-breadcrumb\">\n\t<a href=\"https:\/\/bikeyfasty.store\/index.php\/produkt-kategorie\/e-lieferroller\/\" title=\"E-Lieferroller\">E-Lieferroller<\/a>\n<\/span><span class=\"aioseo-breadcrumb-separator\">\u00bb<\/span><span class=\"aioseo-breadcrumb\">\n\tVmax Vx4 Gt 48V \/ 500W 23,2Ah\n<\/span><\/div>","aioseo_breadcrumb_json":[{"label":"Start","link":"https:\/\/bikeyfasty.store"},{"label":"Gesch\u00e4ft","link":"https:\/\/bikeyfasty.store\/index.php\/geschaft\/"},{"label":"E-Lieferroller","link":"https:\/\/bikeyfasty.store\/index.php\/produkt-kategorie\/e-lieferroller\/"},{"label":"Vmax Vx4 Gt 48V \/ 500W 23,2Ah","link":"https:\/\/bikeyfasty.store\/index.php\/produkt\/vmax-vx4-gt\/"}],"_links":{"self":[{"href":"https:\/\/bikeyfasty.store\/index.php\/wp-json\/wp\/v2\/product\/18405","targetHints":{"allow":["GET"]}}],"collection":[{"href":"https:\/\/bikeyfasty.store\/index.php\/wp-json\/wp\/v2\/product"}],"about":[{"href":"https:\/\/bikeyfasty.store\/index.php\/wp-json\/wp\/v2\/types\/product"}],"replies":[{"embeddable":true,"href":"https:\/\/bikeyfasty.store\/index.php\/wp-json\/wp\/v2\/comments?post=18405"}],"version-history":[{"count":4,"href":"https:\/\/bikeyfasty.store\/index.php\/wp-json\/wp\/v2\/product\/18405\/revisions"}],"predecessor-version":[{"id":52142,"href":"https:\/\/bikeyfasty.store\/index.php\/wp-json\/wp\/v2\/product\/18405\/revisions\/52142"}],"wp:featuredmedia":[{"embeddable":true,"href":"https:\/\/bikeyfasty.store\/index.php\/wp-json\/wp\/v2\/media\/18587"}],"wp:attachment":[{"href":"https:\/\/bikeyfasty.store\/index.php\/wp-json\/wp\/v2\/media?parent=18405"}],"wp:term":[{"taxonomy":"product_brand","embeddable":true,"href":"https:\/\/bikeyfasty.store\/index.php\/wp-json\/wp\/v2\/product_brand?post=18405"},{"taxonomy":"product_cat","embeddable":true,"href":"https:\/\/bikeyfasty.store\/index.php\/wp-json\/wp\/v2\/product_cat?post=18405"},{"taxonomy":"product_tag","embeddable":true,"href":"https:\/\/bikeyfasty.store\/index.php\/wp-json\/wp\/v2\/product_tag?post=18405"}],"curies":[{"name":"wp","href":"https:\/\/api.w.org\/{rel}","templated":true}]}}