{"id":18409,"date":"2025-04-13T00:40:41","date_gmt":"2025-04-12T22:40:41","guid":{"rendered":"https:\/\/bikeyfasty.store\/?post_type=product&#038;p=18409"},"modified":"2026-02-10T17:09:32","modified_gmt":"2026-02-10T16:09:32","slug":"egret-x-forest-green","status":"publish","type":"product","link":"https:\/\/bikeyfasty.store\/index.php\/produkt\/egret-x-forest-green\/","title":{"rendered":"Egret X+ Forest-green 14Ah 672Wh"},"content":{"rendered":"<div class=\"product--description\">\n<h4>FEATURES<\/h4>\n<ul>\n<li>500 Watt Nenndauerleistung (max. 900 Watt), 35Nm Drehmoment<\/li>\n<li>48 Volt, 14Ah, 672Wh<\/li>\n<li>Bis zu 60km<\/li>\n<li>Max. Zuladung 120kg<\/li>\n<li>Extragro\u00dfe 12,5\u201c-Luftbereifung<\/li>\n<li>Hydraulische Scheibenbremsen (vorne &amp; hinten) mit 160mm Bremsscheibendurchmesser<\/li>\n<li>LED-Beleuchtung mit Bremslichtfunktion<\/li>\n<li>Blinker im Lenker integriert<\/li>\n<li>Wasserbesta\u0308ndigkeit: gesamter Roller IPX5 und die Kernkomponenten wie Batterie und Controller sind IPX7<\/li>\n<li>54,6V mit 3A Ladestrom<\/li>\n<\/ul>\n<h5>TECHNISCHE DATEN<\/h5>\n<ul>\n<li>Motorleistung: 500 Watt Nenndauerleistung (max. 900 Watt), 35 Nm Drehmoment<\/li>\n<li>Batterie: 48 Volt, 14 Ah, 672 Wh, Samsung Akkuzellen, smart-BMS (Batterie Management System), Lithium-Ionen, IPX7 wasserbest\u00e4ndig<\/li>\n<li>Geschwindigkeit: 20 km\/h in allen Fahrstufen, regelbar \u00fcber Daumengasgriff<\/li>\n<li>Fahrstufen: 3 Fahrstufen mit unterschiedlicher Beschleunigung (Stufe 1 (Eco), Stufe 2 (Tour), Stufe 3 (Sport))<\/li>\n<li>Reichweite: Bis zu 60 km<\/li>\n<li>Fahrzeuggewicht: 21 kg<\/li>\n<li>Max. Zuladung: 120 kg<\/li>\n<li>Reifen: 12,5\u201c Luftreifen<\/li>\n<li>Vorderradbremse: Hydraulische Scheibenbremse (160mm Bremsscheibendurchmesser)<\/li>\n<li>Hinterradbremse: Hydraulische Scheibenbremse (160mm Bremsscheibendurchmesser)<\/li>\n<li>Frontlicht: 40 Lux helles, integriertes LED-Frontlich<\/li>\n<li>R\u00fccklicht: Integriertes LED-R\u00fccklicht mit Bremslichtfunktion<\/li>\n<li>Display: LED-Farbdisplay<\/li>\n<li>Sicherheit: Zertifizierte Lenkerendenblinker f\u00fcr erh\u00f6hte Sicherheit; Wasserbest\u00e4ndigkeit: gesamter Roller IPX5 und die Kernkomponenten wie Batterie und Controller sind IPX7; Teilintegriertes Rahmenschloss f\u00fcr EGRET Eye (Anschlie\u00df\u00f6se) oder optionales EGRET Lock (Einsteckschloss); Elektronische Wegfahrsperre (PIN Code Abfrage); Elektrische Hupe<\/li>\n<li>Ladeger\u00e4t: 54,6 V mit 3 A Ladestrom (Eingang AC 200 240V 50\/60 Hz); Ladedauer 100% in 4:30h<\/li>\n<li>Faltmechanismus: Lenkrohrfaltung<\/li>\n<li>Rahmenmaterial: Aluminium<\/li>\n<li>Ergonomie: Ergonomisch geformter, breiter Lenker; Ergonomische Handgriffe<\/li>\n<li>Connectivity: EGRET App f\u00fcr iOS und Android<\/li>\n<li>Zus\u00e4tzliche Features: Spezielle Felgenform f\u00fcr einfachen Reifenwechsel (hinten), geteilte Felgen (vorn); Breite Schutzblech; Gummi Trittbrett; 3A USB 2.0 Ladebuchse; Haken; Radlager von Schaeffler INA<\/li>\n<li>Abmessung: 1,28 m x 0,62 m x 1,18 m<\/li>\n<li>Lenkerh\u00f6he (Trittbrett bis Lenker): 0,95 m<\/li>\n<li>Abmessung Trittbrett: 0,50 m x 0,17 m<\/li>\n<li>Abmessung gefaltet: 1,28 m x 0,67 m x 0,59 m<\/li>\n<li>Transportverpackung: 1,41 m x 0,27 m x 0,62 m<\/li>\n<\/ul>\n<h5>LIEFERUMFANG<\/h5>\n<ul>\n<li>1x EGRET X Plus in der Farbe graphite grey<\/li>\n<\/ul>\n<\/div>\n<p>EAN-Nr: 4260710546069<\/p>\n","protected":false},"excerpt":{"rendered":"<ul>\n<li>500 Watt Nenndauerleistung (max. 900 Watt), 35Nm Drehmoment<\/li>\n<li>48 Volt, 14Ah, 672Wh<\/li>\n<li>Bis zu 60km<\/li>\n<li>Max. Zuladung 120kg<\/li>\n<li>Extragro\u00dfe 12,5\u201c-Luftbereifung<\/li>\n<li>Hydraulische Scheibenbremsen (vorne &amp; hinten) mit 160mm Bremsscheibendurchmesser<\/li>\n<li>LED-Beleuchtung mit Bremslichtfunktion<\/li>\n<\/ul>\n","protected":false},"featured_media":18653,"comment_status":"open","ping_status":"closed","template":"","meta":{"googlesitekit_rrm_CAowq6HFDA:productID":"","om_disable_all_campaigns":false,"_monsterinsights_skip_tracking":false,"_monsterinsights_sitenote_active":false,"_monsterinsights_sitenote_note":"","_monsterinsights_sitenote_category":0,"_uf_show_specific_survey":0,"_uf_disable_surveys":false},"product_brand":[],"product_cat":[20],"product_tag":[],"class_list":{"0":"post-18409","1":"product","2":"type-product","3":"status-publish","4":"has-post-thumbnail","6":"product_cat-e-lieferroller","8":"first","9":"instock","10":"sale","11":"taxable","12":"shipping-taxable","13":"purchasable","14":"product-type-simple"},"aioseo_notices":[],"aioseo_head":"\n\t\t<!-- All in One SEO Pro 4.9.5.2 - aioseo.com -->\n\t<meta name=\"description\" content=\"500 Watt Nenndauerleistung (max. 900 Watt), 35Nm Drehmoment 48 Volt, 14Ah, 672Wh Bis zu 60km Max. Zuladung 120kg Extragro\u00dfe 12,5\u201c-Luftbereifung Hydraulische Scheibenbremsen (vorne &amp; hinten) mit 160mm Bremsscheibendurchmesser LED-Beleuchtung mit Bremslichtfunktion\" \/>\n\t<meta name=\"robots\" content=\"max-image-preview:large\" \/>\n\t<meta name=\"google-site-verification\" content=\"leF1qydUwZM4hbNEWkzXBgJ5cwNBnthZjCldnstJI-8\" \/>\n\t<meta name=\"msvalidate.01\" content=\"F4CE253B53A296EF4B982618F43BD699\" \/>\n\t<meta name=\"yandex-verification\" content=\"2c6c63eaf20e4d4b\" \/>\n\t<link rel=\"canonical\" href=\"https:\/\/bikeyfasty.store\/index.php\/produkt\/egret-x-forest-green\/\" \/>\n\t<meta name=\"generator\" content=\"All in One SEO Pro (AIOSEO) 4.9.5.2\" \/>\n\t\t<meta property=\"og:locale\" content=\"de_DE\" \/>\n\t\t<meta property=\"og:site_name\" content=\"Bikey Fasty - Die bestenIhre besten Fahrr\u00e4der\" \/>\n\t\t<meta property=\"og:type\" content=\"article\" \/>\n\t\t<meta property=\"og:title\" content=\"Egret X+ Forest-green 14Ah 672Wh - Bikey Fasty\" \/>\n\t\t<meta property=\"og:description\" content=\"500 Watt Nenndauerleistung (max. 900 Watt), 35Nm Drehmoment 48 Volt, 14Ah, 672Wh Bis zu 60km Max. Zuladung 120kg Extragro\u00dfe 12,5\u201c-Luftbereifung Hydraulische Scheibenbremsen (vorne &amp; hinten) mit 160mm Bremsscheibendurchmesser LED-Beleuchtung mit Bremslichtfunktion\" \/>\n\t\t<meta property=\"og:url\" content=\"https:\/\/bikeyfasty.store\/index.php\/produkt\/egret-x-forest-green\/\" \/>\n\t\t<meta property=\"og:image\" content=\"https:\/\/bikeyfasty.store\/wp-content\/uploads\/2026\/01\/unnamed-file.png\" \/>\n\t\t<meta property=\"og:image:secure_url\" content=\"https:\/\/bikeyfasty.store\/wp-content\/uploads\/2026\/01\/unnamed-file.png\" \/>\n\t\t<meta property=\"og:image:width\" content=\"616\" \/>\n\t\t<meta property=\"og:image:height\" content=\"447\" \/>\n\t\t<meta property=\"article:published_time\" content=\"2025-04-12T22:40:41+00:00\" \/>\n\t\t<meta property=\"article:modified_time\" content=\"2026-02-10T16:09:32+00:00\" \/>\n\t\t<meta name=\"twitter:card\" content=\"summary_large_image\" \/>\n\t\t<meta name=\"twitter:title\" content=\"Egret X+ Forest-green 14Ah 672Wh - Bikey Fasty\" \/>\n\t\t<meta name=\"twitter:description\" content=\"500 Watt Nenndauerleistung (max. 900 Watt), 35Nm Drehmoment 48 Volt, 14Ah, 672Wh Bis zu 60km Max. Zuladung 120kg Extragro\u00dfe 12,5\u201c-Luftbereifung Hydraulische Scheibenbremsen (vorne &amp; hinten) mit 160mm Bremsscheibendurchmesser LED-Beleuchtung mit Bremslichtfunktion\" \/>\n\t\t<meta name=\"twitter:image\" content=\"https:\/\/bikeyfasty.store\/wp-content\/uploads\/2026\/01\/unnamed-file.png\" \/>\n\t\t<script type=\"application\/ld+json\" class=\"aioseo-schema\">\n\t\t\t{\"@context\":\"https:\\\/\\\/schema.org\",\"@graph\":[{\"@type\":\"BreadcrumbList\",\"@id\":\"https:\\\/\\\/bikeyfasty.store\\\/index.php\\\/produkt\\\/egret-x-forest-green\\\/#breadcrumblist\",\"itemListElement\":[{\"@type\":\"ListItem\",\"@id\":\"https:\\\/\\\/bikeyfasty.store#listItem\",\"position\":1,\"name\":\"Start\",\"item\":\"https:\\\/\\\/bikeyfasty.store\",\"nextItem\":{\"@type\":\"ListItem\",\"@id\":\"https:\\\/\\\/bikeyfasty.store\\\/index.php\\\/geschaft\\\/#listItem\",\"name\":\"Gesch\\u00e4ft\"}},{\"@type\":\"ListItem\",\"@id\":\"https:\\\/\\\/bikeyfasty.store\\\/index.php\\\/geschaft\\\/#listItem\",\"position\":2,\"name\":\"Gesch\\u00e4ft\",\"item\":\"https:\\\/\\\/bikeyfasty.store\\\/index.php\\\/geschaft\\\/\",\"nextItem\":{\"@type\":\"ListItem\",\"@id\":\"https:\\\/\\\/bikeyfasty.store\\\/index.php\\\/produkt-kategorie\\\/e-lieferroller\\\/#listItem\",\"name\":\"E-Lieferroller\"},\"previousItem\":{\"@type\":\"ListItem\",\"@id\":\"https:\\\/\\\/bikeyfasty.store#listItem\",\"name\":\"Start\"}},{\"@type\":\"ListItem\",\"@id\":\"https:\\\/\\\/bikeyfasty.store\\\/index.php\\\/produkt-kategorie\\\/e-lieferroller\\\/#listItem\",\"position\":3,\"name\":\"E-Lieferroller\",\"item\":\"https:\\\/\\\/bikeyfasty.store\\\/index.php\\\/produkt-kategorie\\\/e-lieferroller\\\/\",\"nextItem\":{\"@type\":\"ListItem\",\"@id\":\"https:\\\/\\\/bikeyfasty.store\\\/index.php\\\/produkt\\\/egret-x-forest-green\\\/#listItem\",\"name\":\"Egret X+ Forest-green 14Ah 672Wh\"},\"previousItem\":{\"@type\":\"ListItem\",\"@id\":\"https:\\\/\\\/bikeyfasty.store\\\/index.php\\\/geschaft\\\/#listItem\",\"name\":\"Gesch\\u00e4ft\"}},{\"@type\":\"ListItem\",\"@id\":\"https:\\\/\\\/bikeyfasty.store\\\/index.php\\\/produkt\\\/egret-x-forest-green\\\/#listItem\",\"position\":4,\"name\":\"Egret X+ Forest-green 14Ah 672Wh\",\"previousItem\":{\"@type\":\"ListItem\",\"@id\":\"https:\\\/\\\/bikeyfasty.store\\\/index.php\\\/produkt-kategorie\\\/e-lieferroller\\\/#listItem\",\"name\":\"E-Lieferroller\"}}]},{\"@type\":\"ItemPage\",\"@id\":\"https:\\\/\\\/bikeyfasty.store\\\/index.php\\\/produkt\\\/egret-x-forest-green\\\/#itempage\",\"url\":\"https:\\\/\\\/bikeyfasty.store\\\/index.php\\\/produkt\\\/egret-x-forest-green\\\/\",\"name\":\"Egret X+ Forest-green 14Ah 672Wh - Bikey Fasty\",\"description\":\"500 Watt Nenndauerleistung (max. 900 Watt), 35Nm Drehmoment 48 Volt, 14Ah, 672Wh Bis zu 60km Max. Zuladung 120kg Extragro\\u00dfe 12,5\\u201c-Luftbereifung Hydraulische Scheibenbremsen (vorne & hinten) mit 160mm Bremsscheibendurchmesser LED-Beleuchtung mit Bremslichtfunktion\",\"inLanguage\":\"de-DE\",\"isPartOf\":{\"@id\":\"https:\\\/\\\/bikeyfasty.store\\\/#website\"},\"breadcrumb\":{\"@id\":\"https:\\\/\\\/bikeyfasty.store\\\/index.php\\\/produkt\\\/egret-x-forest-green\\\/#breadcrumblist\"},\"image\":{\"@type\":\"ImageObject\",\"url\":\"https:\\\/\\\/bikeyfasty.store\\\/wp-content\\\/uploads\\\/2025\\\/04\\\/hhhhf.webp\",\"@id\":\"https:\\\/\\\/bikeyfasty.store\\\/index.php\\\/produkt\\\/egret-x-forest-green\\\/#mainImage\",\"width\":2022,\"height\":2022},\"primaryImageOfPage\":{\"@id\":\"https:\\\/\\\/bikeyfasty.store\\\/index.php\\\/produkt\\\/egret-x-forest-green\\\/#mainImage\"},\"datePublished\":\"2025-04-13T00:40:41+02:00\",\"dateModified\":\"2026-02-10T17:09:32+01:00\"},{\"@type\":\"Organization\",\"@id\":\"https:\\\/\\\/bikeyfasty.store\\\/#organization\",\"name\":\"#Bikey Fasty BIKEY FASTY\",\"description\":\"Die bestenIhre besten Fahrr\\u00e4der Deine elektrische Mobilit\\u00e4t beginnt hier Die Zukunft der Mobilit\\u00e4t \\u2013 heute\",\"url\":\"https:\\\/\\\/bikeyfasty.store\\\/\",\"email\":\"contact@bikeyfasty.store\",\"telephone\":\"+4915510400141\",\"foundingDate\":\"1945-11-29\",\"numberOfEmployees\":{\"@type\":\"QuantitativeValue\",\"value\":27},\"logo\":{\"@type\":\"ImageObject\",\"url\":\"https:\\\/\\\/bikeyfasty.store\\\/wp-content\\\/uploads\\\/2026\\\/01\\\/unnamed-file.png\",\"@id\":\"https:\\\/\\\/bikeyfasty.store\\\/index.php\\\/produkt\\\/egret-x-forest-green\\\/#organizationLogo\",\"width\":616,\"height\":447,\"caption\":\"( ( ( ( (\"},\"image\":{\"@id\":\"https:\\\/\\\/bikeyfasty.store\\\/index.php\\\/produkt\\\/egret-x-forest-green\\\/#organizationLogo\"},\"address\":{\"@id\":\"https:\\\/\\\/bikeyfasty.store\\\/#postaladdress\",\"@type\":\"PostalAddress\",\"streetAddress\":\"Karl-Liebknecht-Str. 13,\",\"postalCode\":\"10178\",\"addressLocality\":\"Berlin\",\"addressRegion\":\"Berlin\",\"addressCountry\":\"DE\"}},{\"@type\":\"WebPage\",\"@id\":\"https:\\\/\\\/bikeyfasty.store\\\/index.php\\\/produkt\\\/egret-x-forest-green\\\/#webpage\",\"url\":\"https:\\\/\\\/bikeyfasty.store\\\/index.php\\\/produkt\\\/egret-x-forest-green\\\/\",\"name\":\"Egret X+ Forest-green 14Ah 672Wh - Bikey Fasty\",\"description\":\"500 Watt Nenndauerleistung (max. 900 Watt), 35Nm Drehmoment 48 Volt, 14Ah, 672Wh Bis zu 60km Max. Zuladung 120kg Extragro\\u00dfe 12,5\\u201c-Luftbereifung Hydraulische Scheibenbremsen (vorne & hinten) mit 160mm Bremsscheibendurchmesser LED-Beleuchtung mit Bremslichtfunktion\",\"inLanguage\":\"de-DE\",\"isPartOf\":{\"@id\":\"https:\\\/\\\/bikeyfasty.store\\\/#website\"},\"breadcrumb\":{\"@id\":\"https:\\\/\\\/bikeyfasty.store\\\/index.php\\\/produkt\\\/egret-x-forest-green\\\/#breadcrumblist\"},\"image\":{\"@type\":\"ImageObject\",\"url\":\"https:\\\/\\\/bikeyfasty.store\\\/wp-content\\\/uploads\\\/2025\\\/04\\\/hhhhf.webp\",\"@id\":\"https:\\\/\\\/bikeyfasty.store\\\/index.php\\\/produkt\\\/egret-x-forest-green\\\/#mainImage\",\"width\":2022,\"height\":2022},\"primaryImageOfPage\":{\"@id\":\"https:\\\/\\\/bikeyfasty.store\\\/index.php\\\/produkt\\\/egret-x-forest-green\\\/#mainImage\"},\"datePublished\":\"2025-04-13T00:40:41+02:00\",\"dateModified\":\"2026-02-10T17:09:32+01:00\"},{\"@type\":\"WebSite\",\"@id\":\"https:\\\/\\\/bikeyfasty.store\\\/#website\",\"url\":\"https:\\\/\\\/bikeyfasty.store\\\/\",\"name\":\"Bikey Fasty\",\"description\":\"Die bestenIhre besten Fahrr\\u00e4der\",\"inLanguage\":\"de-DE\",\"publisher\":{\"@id\":\"https:\\\/\\\/bikeyfasty.store\\\/#organization\"}}]}\n\t\t<\/script>\n\t\t<script type=\"text\/javascript\">\n\t\t\t(function(c,l,a,r,i,t,y){\n\t\t\tc[a]=c[a]||function(){(c[a].q=c[a].q||[]).push(arguments)};t=l.createElement(r);t.async=1;\n\t\t\tt.src=\"https:\/\/www.clarity.ms\/tag\/\"+i+\"?ref=aioseo\";y=l.getElementsByTagName(r)[0];y.parentNode.insertBefore(t,y);\n\t\t})(window, document, \"clarity\", \"script\", \"v74e4fvqvw\");\n\t\t<\/script>\n\t\t<!-- All in One SEO Pro -->\r\n\t\t<title>Egret X+ Forest-green 14Ah 672Wh - Bikey Fasty<\/title>\n\n","aioseo_head_json":{"title":"Egret X+ Forest-green 14Ah 672Wh - Bikey Fasty","description":"500 Watt Nenndauerleistung (max. 900 Watt), 35Nm Drehmoment 48 Volt, 14Ah, 672Wh Bis zu 60km Max. Zuladung 120kg Extragro\u00dfe 12,5\u201c-Luftbereifung Hydraulische Scheibenbremsen (vorne & hinten) mit 160mm Bremsscheibendurchmesser LED-Beleuchtung mit Bremslichtfunktion","canonical_url":"https:\/\/bikeyfasty.store\/index.php\/produkt\/egret-x-forest-green\/","robots":"max-image-preview:large","keywords":"","webmasterTools":{"google-site-verification":"leF1qydUwZM4hbNEWkzXBgJ5cwNBnthZjCldnstJI-8","msvalidate.01":"F4CE253B53A296EF4B982618F43BD699","yandex-verification":"2c6c63eaf20e4d4b","miscellaneous":""},"schema":{"@context":"https:\/\/schema.org","@graph":[{"@type":"BreadcrumbList","@id":"https:\/\/bikeyfasty.store\/index.php\/produkt\/egret-x-forest-green\/#breadcrumblist","itemListElement":[{"@type":"ListItem","@id":"https:\/\/bikeyfasty.store#listItem","position":1,"name":"Start","item":"https:\/\/bikeyfasty.store","nextItem":{"@type":"ListItem","@id":"https:\/\/bikeyfasty.store\/index.php\/geschaft\/#listItem","name":"Gesch\u00e4ft"}},{"@type":"ListItem","@id":"https:\/\/bikeyfasty.store\/index.php\/geschaft\/#listItem","position":2,"name":"Gesch\u00e4ft","item":"https:\/\/bikeyfasty.store\/index.php\/geschaft\/","nextItem":{"@type":"ListItem","@id":"https:\/\/bikeyfasty.store\/index.php\/produkt-kategorie\/e-lieferroller\/#listItem","name":"E-Lieferroller"},"previousItem":{"@type":"ListItem","@id":"https:\/\/bikeyfasty.store#listItem","name":"Start"}},{"@type":"ListItem","@id":"https:\/\/bikeyfasty.store\/index.php\/produkt-kategorie\/e-lieferroller\/#listItem","position":3,"name":"E-Lieferroller","item":"https:\/\/bikeyfasty.store\/index.php\/produkt-kategorie\/e-lieferroller\/","nextItem":{"@type":"ListItem","@id":"https:\/\/bikeyfasty.store\/index.php\/produkt\/egret-x-forest-green\/#listItem","name":"Egret X+ Forest-green 14Ah 672Wh"},"previousItem":{"@type":"ListItem","@id":"https:\/\/bikeyfasty.store\/index.php\/geschaft\/#listItem","name":"Gesch\u00e4ft"}},{"@type":"ListItem","@id":"https:\/\/bikeyfasty.store\/index.php\/produkt\/egret-x-forest-green\/#listItem","position":4,"name":"Egret X+ Forest-green 14Ah 672Wh","previousItem":{"@type":"ListItem","@id":"https:\/\/bikeyfasty.store\/index.php\/produkt-kategorie\/e-lieferroller\/#listItem","name":"E-Lieferroller"}}]},{"@type":"ItemPage","@id":"https:\/\/bikeyfasty.store\/index.php\/produkt\/egret-x-forest-green\/#itempage","url":"https:\/\/bikeyfasty.store\/index.php\/produkt\/egret-x-forest-green\/","name":"Egret X+ Forest-green 14Ah 672Wh - Bikey Fasty","description":"500 Watt Nenndauerleistung (max. 900 Watt), 35Nm Drehmoment 48 Volt, 14Ah, 672Wh Bis zu 60km Max. Zuladung 120kg Extragro\u00dfe 12,5\u201c-Luftbereifung Hydraulische Scheibenbremsen (vorne & hinten) mit 160mm Bremsscheibendurchmesser LED-Beleuchtung mit Bremslichtfunktion","inLanguage":"de-DE","isPartOf":{"@id":"https:\/\/bikeyfasty.store\/#website"},"breadcrumb":{"@id":"https:\/\/bikeyfasty.store\/index.php\/produkt\/egret-x-forest-green\/#breadcrumblist"},"image":{"@type":"ImageObject","url":"https:\/\/bikeyfasty.store\/wp-content\/uploads\/2025\/04\/hhhhf.webp","@id":"https:\/\/bikeyfasty.store\/index.php\/produkt\/egret-x-forest-green\/#mainImage","width":2022,"height":2022},"primaryImageOfPage":{"@id":"https:\/\/bikeyfasty.store\/index.php\/produkt\/egret-x-forest-green\/#mainImage"},"datePublished":"2025-04-13T00:40:41+02:00","dateModified":"2026-02-10T17:09:32+01:00"},{"@type":"Organization","@id":"https:\/\/bikeyfasty.store\/#organization","name":"#Bikey Fasty BIKEY FASTY","description":"Die bestenIhre besten Fahrr\u00e4der Deine elektrische Mobilit\u00e4t beginnt hier Die Zukunft der Mobilit\u00e4t \u2013 heute","url":"https:\/\/bikeyfasty.store\/","email":"contact@bikeyfasty.store","telephone":"+4915510400141","foundingDate":"1945-11-29","numberOfEmployees":{"@type":"QuantitativeValue","value":27},"logo":{"@type":"ImageObject","url":"https:\/\/bikeyfasty.store\/wp-content\/uploads\/2026\/01\/unnamed-file.png","@id":"https:\/\/bikeyfasty.store\/index.php\/produkt\/egret-x-forest-green\/#organizationLogo","width":616,"height":447,"caption":"( ( ( ( ("},"image":{"@id":"https:\/\/bikeyfasty.store\/index.php\/produkt\/egret-x-forest-green\/#organizationLogo"},"address":{"@id":"https:\/\/bikeyfasty.store\/#postaladdress","@type":"PostalAddress","streetAddress":"Karl-Liebknecht-Str. 13,","postalCode":"10178","addressLocality":"Berlin","addressRegion":"Berlin","addressCountry":"DE"}},{"@type":"WebPage","@id":"https:\/\/bikeyfasty.store\/index.php\/produkt\/egret-x-forest-green\/#webpage","url":"https:\/\/bikeyfasty.store\/index.php\/produkt\/egret-x-forest-green\/","name":"Egret X+ Forest-green 14Ah 672Wh - Bikey Fasty","description":"500 Watt Nenndauerleistung (max. 900 Watt), 35Nm Drehmoment 48 Volt, 14Ah, 672Wh Bis zu 60km Max. Zuladung 120kg Extragro\u00dfe 12,5\u201c-Luftbereifung Hydraulische Scheibenbremsen (vorne & hinten) mit 160mm Bremsscheibendurchmesser LED-Beleuchtung mit Bremslichtfunktion","inLanguage":"de-DE","isPartOf":{"@id":"https:\/\/bikeyfasty.store\/#website"},"breadcrumb":{"@id":"https:\/\/bikeyfasty.store\/index.php\/produkt\/egret-x-forest-green\/#breadcrumblist"},"image":{"@type":"ImageObject","url":"https:\/\/bikeyfasty.store\/wp-content\/uploads\/2025\/04\/hhhhf.webp","@id":"https:\/\/bikeyfasty.store\/index.php\/produkt\/egret-x-forest-green\/#mainImage","width":2022,"height":2022},"primaryImageOfPage":{"@id":"https:\/\/bikeyfasty.store\/index.php\/produkt\/egret-x-forest-green\/#mainImage"},"datePublished":"2025-04-13T00:40:41+02:00","dateModified":"2026-02-10T17:09:32+01:00"},{"@type":"WebSite","@id":"https:\/\/bikeyfasty.store\/#website","url":"https:\/\/bikeyfasty.store\/","name":"Bikey Fasty","description":"Die bestenIhre besten Fahrr\u00e4der","inLanguage":"de-DE","publisher":{"@id":"https:\/\/bikeyfasty.store\/#organization"}}]},"og:locale":"de_DE","og:site_name":"Bikey Fasty - Die bestenIhre besten Fahrr\u00e4der","og:type":"article","og:title":"Egret X+ Forest-green 14Ah 672Wh - Bikey Fasty","og:description":"500 Watt Nenndauerleistung (max. 900 Watt), 35Nm Drehmoment 48 Volt, 14Ah, 672Wh Bis zu 60km Max. Zuladung 120kg Extragro\u00dfe 12,5\u201c-Luftbereifung Hydraulische Scheibenbremsen (vorne &amp; hinten) mit 160mm Bremsscheibendurchmesser LED-Beleuchtung mit Bremslichtfunktion","og:url":"https:\/\/bikeyfasty.store\/index.php\/produkt\/egret-x-forest-green\/","og:image":"https:\/\/bikeyfasty.store\/wp-content\/uploads\/2026\/01\/unnamed-file.png","og:image:secure_url":"https:\/\/bikeyfasty.store\/wp-content\/uploads\/2026\/01\/unnamed-file.png","og:image:width":616,"og:image:height":447,"article:published_time":"2025-04-12T22:40:41+00:00","article:modified_time":"2026-02-10T16:09:32+00:00","twitter:card":"summary_large_image","twitter:title":"Egret X+ Forest-green 14Ah 672Wh - Bikey Fasty","twitter:description":"500 Watt Nenndauerleistung (max. 900 Watt), 35Nm Drehmoment 48 Volt, 14Ah, 672Wh Bis zu 60km Max. Zuladung 120kg Extragro\u00dfe 12,5\u201c-Luftbereifung Hydraulische Scheibenbremsen (vorne &amp; hinten) mit 160mm Bremsscheibendurchmesser LED-Beleuchtung mit Bremslichtfunktion","twitter:image":"https:\/\/bikeyfasty.store\/wp-content\/uploads\/2026\/01\/unnamed-file.png"},"aioseo_meta_data":{"post_id":"18409","title":null,"description":null,"keywords":null,"keyphrases":{"focus":{"keyphrase":"","score":0,"analysis":{"keyphraseInTitle":{"score":0,"maxScore":9,"error":1}}},"additional":[]},"primary_term":null,"canonical_url":null,"og_title":null,"og_description":null,"og_object_type":"default","og_image_type":"default","og_image_url":null,"og_image_width":null,"og_image_height":null,"og_image_custom_url":null,"og_image_custom_fields":null,"og_video":"","og_custom_url":null,"og_article_section":null,"og_article_tags":null,"twitter_use_og":false,"twitter_card":"default","twitter_image_type":"default","twitter_image_url":null,"twitter_image_custom_url":null,"twitter_image_custom_fields":null,"twitter_title":null,"twitter_description":null,"schema":{"blockGraphs":[],"customGraphs":[],"default":{"data":{"Article":[],"Course":[],"Dataset":[],"FAQPage":[],"Movie":[],"Person":[],"Product":[],"ProductReview":[],"Car":[],"Recipe":[],"Service":[],"SoftwareApplication":[],"WebPage":[]},"graphName":"ItemPage","isEnabled":true},"graphs":[]},"schema_type":"default","schema_type_options":null,"pillar_content":false,"robots_default":true,"robots_noindex":false,"robots_noarchive":false,"robots_nosnippet":false,"robots_nofollow":false,"robots_noimageindex":false,"robots_noodp":false,"robots_notranslate":false,"robots_max_snippet":"-1","robots_max_videopreview":"-1","robots_max_imagepreview":"large","priority":null,"frequency":"default","local_seo":null,"seo_analyzer_scan_date":"2026-02-10 16:13:44","breadcrumb_settings":null,"limit_modified_date":false,"reviewed_by":"0","open_ai":null,"ai":{"faqs":[],"keyPoints":[],"titles":[],"descriptions":[],"socialPosts":{"email":[],"linkedin":[],"twitter":[],"facebook":[],"instagram":[]}},"created":"2025-05-01 09:20:40","updated":"2026-02-10 16:16:48"},"aioseo_breadcrumb":"<div class=\"aioseo-breadcrumbs\"><span class=\"aioseo-breadcrumb\">\n\t<a href=\"https:\/\/bikeyfasty.store\" title=\"Start\">Start<\/a>\n<\/span><span class=\"aioseo-breadcrumb-separator\">\u00bb<\/span><span class=\"aioseo-breadcrumb\">\n\t<a href=\"https:\/\/bikeyfasty.store\/index.php\/geschaft\/\" title=\"Gesch\u00e4ft\">Gesch\u00e4ft<\/a>\n<\/span><span class=\"aioseo-breadcrumb-separator\">\u00bb<\/span><span class=\"aioseo-breadcrumb\">\n\t<a href=\"https:\/\/bikeyfasty.store\/index.php\/produkt-kategorie\/e-lieferroller\/\" title=\"E-Lieferroller\">E-Lieferroller<\/a>\n<\/span><span class=\"aioseo-breadcrumb-separator\">\u00bb<\/span><span class=\"aioseo-breadcrumb\">\n\tEgret X+ Forest-green 14Ah 672Wh\n<\/span><\/div>","aioseo_breadcrumb_json":[{"label":"Start","link":"https:\/\/bikeyfasty.store"},{"label":"Gesch\u00e4ft","link":"https:\/\/bikeyfasty.store\/index.php\/geschaft\/"},{"label":"E-Lieferroller","link":"https:\/\/bikeyfasty.store\/index.php\/produkt-kategorie\/e-lieferroller\/"},{"label":"Egret X+ Forest-green 14Ah 672Wh","link":"https:\/\/bikeyfasty.store\/index.php\/produkt\/egret-x-forest-green\/"}],"_links":{"self":[{"href":"https:\/\/bikeyfasty.store\/index.php\/wp-json\/wp\/v2\/product\/18409","targetHints":{"allow":["GET"]}}],"collection":[{"href":"https:\/\/bikeyfasty.store\/index.php\/wp-json\/wp\/v2\/product"}],"about":[{"href":"https:\/\/bikeyfasty.store\/index.php\/wp-json\/wp\/v2\/types\/product"}],"replies":[{"embeddable":true,"href":"https:\/\/bikeyfasty.store\/index.php\/wp-json\/wp\/v2\/comments?post=18409"}],"version-history":[{"count":4,"href":"https:\/\/bikeyfasty.store\/index.php\/wp-json\/wp\/v2\/product\/18409\/revisions"}],"predecessor-version":[{"id":52575,"href":"https:\/\/bikeyfasty.store\/index.php\/wp-json\/wp\/v2\/product\/18409\/revisions\/52575"}],"wp:featuredmedia":[{"embeddable":true,"href":"https:\/\/bikeyfasty.store\/index.php\/wp-json\/wp\/v2\/media\/18653"}],"wp:attachment":[{"href":"https:\/\/bikeyfasty.store\/index.php\/wp-json\/wp\/v2\/media?parent=18409"}],"wp:term":[{"taxonomy":"product_brand","embeddable":true,"href":"https:\/\/bikeyfasty.store\/index.php\/wp-json\/wp\/v2\/product_brand?post=18409"},{"taxonomy":"product_cat","embeddable":true,"href":"https:\/\/bikeyfasty.store\/index.php\/wp-json\/wp\/v2\/product_cat?post=18409"},{"taxonomy":"product_tag","embeddable":true,"href":"https:\/\/bikeyfasty.store\/index.php\/wp-json\/wp\/v2\/product_tag?post=18409"}],"curies":[{"name":"wp","href":"https:\/\/api.w.org\/{rel}","templated":true}]}}