{"id":18535,"date":"2025-04-13T00:41:51","date_gmt":"2025-04-12T22:41:51","guid":{"rendered":"https:\/\/bikeyfasty.store\/?post_type=product&#038;p=18535"},"modified":"2026-02-25T15:13:15","modified_gmt":"2026-02-25T14:13:15","slug":"niu-kqi1-pro","status":"publish","type":"product","link":"https:\/\/bikeyfasty.store\/index.php\/produkt\/niu-kqi1-pro\/","title":{"rendered":"NIU KQi1 Pro 24km\/h450W 9,0 Zoll \u00d7 2,3 Zoll"},"content":{"rendered":"<h4>FEATURES<\/h4>\n<ul>\n<li>Steigungen bis zu 14%<\/li>\n<li>Farb-LED Display<\/li>\n<li>30 % gr\u00f6\u00dferer Akku<\/li>\n<li>IP54 Spritzwasserschutz<\/li>\n<li>Integriertes Bremslicht<\/li>\n<li>Reichweite bis zu 25km<\/li>\n<li>450W max. Power<\/li>\n<li>H\u00f6chstgeschwindigkeit 24km\/h<\/li>\n<li>14 % Steigf\u00e4higkeit<\/li>\n<li>NIU patentierter Klappmechanismus<\/li>\n<li>Mit nur einer einfachen Bewegung falten oder entfalten<\/li>\n<li>9,0 Zoll \u00d7 2,3 Zoll gro\u00dfe Luftreifen mit hervorragender Sto\u00dfd\u00e4mpfung<\/li>\n<li>Doppeltes Bremssystem: Trommelbremse vorne und elektrische Bremse hinten<\/li>\n<li>Hochwertige Scheinwerfer, R\u00fccklichter und Seitenreflektoren<\/li>\n<li>Breiterer Korpus und breiteres Trittbrett f\u00fcr einen besseren Grip und mehr Stabilit\u00e4t w\u00e4hrend der Fahrt und bei Stra\u00dfenunebenheiten<\/li>\n<li>NIU-App (Bluetooth-Konnektivit\u00e4t): Sperre den NIU-Tretroller, damit Du beruhigt sein kannst &amp; \u00fcberpr\u00fcfen Deine Fahrstatistiken<\/li>\n<\/ul>\n<h5>LIEFERUMFANG<\/h5>\n<ul>\n<li>1x NIU KQi1 Pro in gew\u00e4hlter Variante<\/li>\n<\/ul>\n","protected":false},"excerpt":{"rendered":"<p>Breiterer Korpus und breiteres Trittbrett f\u00fcr einen besseren Grip und mehr Stabilit\u00e4t w\u00e4hrend der Fahrt und bei Stra\u00dfenunebenheiten NIU-App (Bluetooth-Konnekti<\/p>\n","protected":false},"featured_media":18702,"comment_status":"open","ping_status":"closed","template":"","meta":{"googlesitekit_rrm_CAowq6HFDA:productID":"","om_disable_all_campaigns":false,"_monsterinsights_skip_tracking":false,"_monsterinsights_sitenote_active":false,"_monsterinsights_sitenote_note":"","_monsterinsights_sitenote_category":0,"_uf_show_specific_survey":0,"_uf_disable_surveys":false},"product_brand":[],"product_cat":[20],"product_tag":[],"class_list":{"0":"post-18535","1":"product","2":"type-product","3":"status-publish","4":"has-post-thumbnail","6":"product_cat-e-lieferroller","8":"first","9":"instock","10":"sale","11":"taxable","12":"shipping-taxable","13":"purchasable","14":"product-type-variable","15":"has-default-attributes"},"aioseo_notices":[],"aioseo_head":"\n\t\t<!-- All in One SEO Pro 4.9.5.2 - aioseo.com -->\n\t<meta name=\"description\" content=\"Breiterer Korpus und breiteres Trittbrett f\u00fcr einen besseren Grip und mehr Stabilit\u00e4t w\u00e4hrend der Fahrt und bei Stra\u00dfenunebenheiten NIU-App (Bluetooth-Konnekti\" \/>\n\t<meta name=\"robots\" content=\"max-image-preview:large\" \/>\n\t<meta name=\"google-site-verification\" content=\"leF1qydUwZM4hbNEWkzXBgJ5cwNBnthZjCldnstJI-8\" \/>\n\t<meta name=\"msvalidate.01\" content=\"F4CE253B53A296EF4B982618F43BD699\" \/>\n\t<meta name=\"yandex-verification\" content=\"2c6c63eaf20e4d4b\" \/>\n\t<link rel=\"canonical\" href=\"https:\/\/bikeyfasty.store\/index.php\/produkt\/niu-kqi1-pro\/\" \/>\n\t<meta name=\"generator\" content=\"All in One SEO Pro (AIOSEO) 4.9.5.2\" \/>\n\t\t<meta property=\"og:locale\" content=\"de_DE\" \/>\n\t\t<meta property=\"og:site_name\" content=\"Bikey Fasty - Die bestenIhre besten Fahrr\u00e4der\" \/>\n\t\t<meta property=\"og:type\" content=\"article\" \/>\n\t\t<meta property=\"og:title\" content=\"NIU KQi1 Pro 24km\/h450W 9,0 Zoll \u00d7 2,3 Zoll - Bikey Fasty\" \/>\n\t\t<meta property=\"og:description\" content=\"Breiterer Korpus und breiteres Trittbrett f\u00fcr einen besseren Grip und mehr Stabilit\u00e4t w\u00e4hrend der Fahrt und bei Stra\u00dfenunebenheiten NIU-App (Bluetooth-Konnekti\" \/>\n\t\t<meta property=\"og:url\" content=\"https:\/\/bikeyfasty.store\/index.php\/produkt\/niu-kqi1-pro\/\" \/>\n\t\t<meta property=\"og:image\" content=\"https:\/\/bikeyfasty.store\/wp-content\/uploads\/2026\/01\/unnamed-file.png\" \/>\n\t\t<meta property=\"og:image:secure_url\" content=\"https:\/\/bikeyfasty.store\/wp-content\/uploads\/2026\/01\/unnamed-file.png\" \/>\n\t\t<meta property=\"og:image:width\" content=\"616\" \/>\n\t\t<meta property=\"og:image:height\" content=\"447\" \/>\n\t\t<meta property=\"article:published_time\" content=\"2025-04-12T22:41:51+00:00\" \/>\n\t\t<meta property=\"article:modified_time\" content=\"2026-02-25T14:13:15+00:00\" \/>\n\t\t<meta name=\"twitter:card\" content=\"summary_large_image\" \/>\n\t\t<meta name=\"twitter:title\" content=\"NIU KQi1 Pro 24km\/h450W 9,0 Zoll \u00d7 2,3 Zoll - Bikey Fasty\" \/>\n\t\t<meta name=\"twitter:description\" content=\"Breiterer Korpus und breiteres Trittbrett f\u00fcr einen besseren Grip und mehr Stabilit\u00e4t w\u00e4hrend der Fahrt und bei Stra\u00dfenunebenheiten NIU-App (Bluetooth-Konnekti\" \/>\n\t\t<meta name=\"twitter:image\" content=\"https:\/\/bikeyfasty.store\/wp-content\/uploads\/2026\/01\/unnamed-file.png\" \/>\n\t\t<script type=\"application\/ld+json\" class=\"aioseo-schema\">\n\t\t\t{\"@context\":\"https:\\\/\\\/schema.org\",\"@graph\":[{\"@type\":\"BreadcrumbList\",\"@id\":\"https:\\\/\\\/bikeyfasty.store\\\/index.php\\\/produkt\\\/niu-kqi1-pro\\\/#breadcrumblist\",\"itemListElement\":[{\"@type\":\"ListItem\",\"@id\":\"https:\\\/\\\/bikeyfasty.store#listItem\",\"position\":1,\"name\":\"Start\",\"item\":\"https:\\\/\\\/bikeyfasty.store\",\"nextItem\":{\"@type\":\"ListItem\",\"@id\":\"https:\\\/\\\/bikeyfasty.store\\\/index.php\\\/geschaft\\\/#listItem\",\"name\":\"Gesch\\u00e4ft\"}},{\"@type\":\"ListItem\",\"@id\":\"https:\\\/\\\/bikeyfasty.store\\\/index.php\\\/geschaft\\\/#listItem\",\"position\":2,\"name\":\"Gesch\\u00e4ft\",\"item\":\"https:\\\/\\\/bikeyfasty.store\\\/index.php\\\/geschaft\\\/\",\"nextItem\":{\"@type\":\"ListItem\",\"@id\":\"https:\\\/\\\/bikeyfasty.store\\\/index.php\\\/produkt-kategorie\\\/e-lieferroller\\\/#listItem\",\"name\":\"E-Lieferroller\"},\"previousItem\":{\"@type\":\"ListItem\",\"@id\":\"https:\\\/\\\/bikeyfasty.store#listItem\",\"name\":\"Start\"}},{\"@type\":\"ListItem\",\"@id\":\"https:\\\/\\\/bikeyfasty.store\\\/index.php\\\/produkt-kategorie\\\/e-lieferroller\\\/#listItem\",\"position\":3,\"name\":\"E-Lieferroller\",\"item\":\"https:\\\/\\\/bikeyfasty.store\\\/index.php\\\/produkt-kategorie\\\/e-lieferroller\\\/\",\"nextItem\":{\"@type\":\"ListItem\",\"@id\":\"https:\\\/\\\/bikeyfasty.store\\\/index.php\\\/produkt\\\/niu-kqi1-pro\\\/#listItem\",\"name\":\"NIU KQi1 Pro 24km\\\/h450W 9,0 Zoll \\u00d7 2,3 Zoll\"},\"previousItem\":{\"@type\":\"ListItem\",\"@id\":\"https:\\\/\\\/bikeyfasty.store\\\/index.php\\\/geschaft\\\/#listItem\",\"name\":\"Gesch\\u00e4ft\"}},{\"@type\":\"ListItem\",\"@id\":\"https:\\\/\\\/bikeyfasty.store\\\/index.php\\\/produkt\\\/niu-kqi1-pro\\\/#listItem\",\"position\":4,\"name\":\"NIU KQi1 Pro 24km\\\/h450W 9,0 Zoll \\u00d7 2,3 Zoll\",\"previousItem\":{\"@type\":\"ListItem\",\"@id\":\"https:\\\/\\\/bikeyfasty.store\\\/index.php\\\/produkt-kategorie\\\/e-lieferroller\\\/#listItem\",\"name\":\"E-Lieferroller\"}}]},{\"@type\":\"ItemPage\",\"@id\":\"https:\\\/\\\/bikeyfasty.store\\\/index.php\\\/produkt\\\/niu-kqi1-pro\\\/#itempage\",\"url\":\"https:\\\/\\\/bikeyfasty.store\\\/index.php\\\/produkt\\\/niu-kqi1-pro\\\/\",\"name\":\"NIU KQi1 Pro 24km\\\/h450W 9,0 Zoll \\u00d7 2,3 Zoll - Bikey Fasty\",\"description\":\"Breiterer Korpus und breiteres Trittbrett f\\u00fcr einen besseren Grip und mehr Stabilit\\u00e4t w\\u00e4hrend der Fahrt und bei Stra\\u00dfenunebenheiten NIU-App (Bluetooth-Konnekti\",\"inLanguage\":\"de-DE\",\"isPartOf\":{\"@id\":\"https:\\\/\\\/bikeyfasty.store\\\/#website\"},\"breadcrumb\":{\"@id\":\"https:\\\/\\\/bikeyfasty.store\\\/index.php\\\/produkt\\\/niu-kqi1-pro\\\/#breadcrumblist\"},\"image\":{\"@type\":\"ImageObject\",\"url\":\"https:\\\/\\\/bikeyfasty.store\\\/wp-content\\\/uploads\\\/2025\\\/04\\\/dsddsds-1.webp\",\"@id\":\"https:\\\/\\\/bikeyfasty.store\\\/index.php\\\/produkt\\\/niu-kqi1-pro\\\/#mainImage\",\"width\":2022,\"height\":2022},\"primaryImageOfPage\":{\"@id\":\"https:\\\/\\\/bikeyfasty.store\\\/index.php\\\/produkt\\\/niu-kqi1-pro\\\/#mainImage\"},\"datePublished\":\"2025-04-13T00:41:51+02:00\",\"dateModified\":\"2026-02-25T15:13:15+01:00\"},{\"@type\":\"Organization\",\"@id\":\"https:\\\/\\\/bikeyfasty.store\\\/#organization\",\"name\":\"#Bikey Fasty BIKEY FASTY\",\"description\":\"Die bestenIhre besten Fahrr\\u00e4der Deine elektrische Mobilit\\u00e4t beginnt hier Die Zukunft der Mobilit\\u00e4t \\u2013 heute\",\"url\":\"https:\\\/\\\/bikeyfasty.store\\\/\",\"email\":\"contact@bikeyfasty.store\",\"telephone\":\"+4915510400141\",\"foundingDate\":\"1945-11-29\",\"numberOfEmployees\":{\"@type\":\"QuantitativeValue\",\"value\":27},\"logo\":{\"@type\":\"ImageObject\",\"url\":\"https:\\\/\\\/bikeyfasty.store\\\/wp-content\\\/uploads\\\/2026\\\/01\\\/unnamed-file.png\",\"@id\":\"https:\\\/\\\/bikeyfasty.store\\\/index.php\\\/produkt\\\/niu-kqi1-pro\\\/#organizationLogo\",\"width\":616,\"height\":447,\"caption\":\"( ( ( ( (\"},\"image\":{\"@id\":\"https:\\\/\\\/bikeyfasty.store\\\/index.php\\\/produkt\\\/niu-kqi1-pro\\\/#organizationLogo\"},\"address\":{\"@id\":\"https:\\\/\\\/bikeyfasty.store\\\/#postaladdress\",\"@type\":\"PostalAddress\",\"streetAddress\":\"Karl-Liebknecht-Str. 13,\",\"postalCode\":\"10178\",\"addressLocality\":\"Berlin\",\"addressRegion\":\"Berlin\",\"addressCountry\":\"DE\"}},{\"@type\":\"WebPage\",\"@id\":\"https:\\\/\\\/bikeyfasty.store\\\/index.php\\\/produkt\\\/niu-kqi1-pro\\\/#webpage\",\"url\":\"https:\\\/\\\/bikeyfasty.store\\\/index.php\\\/produkt\\\/niu-kqi1-pro\\\/\",\"name\":\"NIU KQi1 Pro 24km\\\/h450W 9,0 Zoll \\u00d7 2,3 Zoll - Bikey Fasty\",\"description\":\"Breiterer Korpus und breiteres Trittbrett f\\u00fcr einen besseren Grip und mehr Stabilit\\u00e4t w\\u00e4hrend der Fahrt und bei Stra\\u00dfenunebenheiten NIU-App (Bluetooth-Konnekti\",\"inLanguage\":\"de-DE\",\"isPartOf\":{\"@id\":\"https:\\\/\\\/bikeyfasty.store\\\/#website\"},\"breadcrumb\":{\"@id\":\"https:\\\/\\\/bikeyfasty.store\\\/index.php\\\/produkt\\\/niu-kqi1-pro\\\/#breadcrumblist\"},\"image\":{\"@type\":\"ImageObject\",\"url\":\"https:\\\/\\\/bikeyfasty.store\\\/wp-content\\\/uploads\\\/2025\\\/04\\\/dsddsds-1.webp\",\"@id\":\"https:\\\/\\\/bikeyfasty.store\\\/index.php\\\/produkt\\\/niu-kqi1-pro\\\/#mainImage\",\"width\":2022,\"height\":2022},\"primaryImageOfPage\":{\"@id\":\"https:\\\/\\\/bikeyfasty.store\\\/index.php\\\/produkt\\\/niu-kqi1-pro\\\/#mainImage\"},\"datePublished\":\"2025-04-13T00:41:51+02:00\",\"dateModified\":\"2026-02-25T15:13:15+01:00\"},{\"@type\":\"WebSite\",\"@id\":\"https:\\\/\\\/bikeyfasty.store\\\/#website\",\"url\":\"https:\\\/\\\/bikeyfasty.store\\\/\",\"name\":\"Bikey Fasty\",\"description\":\"Die bestenIhre besten Fahrr\\u00e4der\",\"inLanguage\":\"de-DE\",\"publisher\":{\"@id\":\"https:\\\/\\\/bikeyfasty.store\\\/#organization\"}}]}\n\t\t<\/script>\n\t\t<script type=\"text\/javascript\">\n\t\t\t(function(c,l,a,r,i,t,y){\n\t\t\tc[a]=c[a]||function(){(c[a].q=c[a].q||[]).push(arguments)};t=l.createElement(r);t.async=1;\n\t\t\tt.src=\"https:\/\/www.clarity.ms\/tag\/\"+i+\"?ref=aioseo\";y=l.getElementsByTagName(r)[0];y.parentNode.insertBefore(t,y);\n\t\t})(window, document, \"clarity\", \"script\", \"v74e4fvqvw\");\n\t\t<\/script>\n\t\t<!-- All in One SEO Pro -->\r\n\t\t<title>NIU KQi1 Pro 24km\/h450W 9,0 Zoll \u00d7 2,3 Zoll - Bikey Fasty<\/title>\n\n","aioseo_head_json":{"title":"NIU KQi1 Pro 24km\/h450W 9,0 Zoll \u00d7 2,3 Zoll - Bikey Fasty","description":"Breiterer Korpus und breiteres Trittbrett f\u00fcr einen besseren Grip und mehr Stabilit\u00e4t w\u00e4hrend der Fahrt und bei Stra\u00dfenunebenheiten NIU-App (Bluetooth-Konnekti","canonical_url":"https:\/\/bikeyfasty.store\/index.php\/produkt\/niu-kqi1-pro\/","robots":"max-image-preview:large","keywords":"","webmasterTools":{"google-site-verification":"leF1qydUwZM4hbNEWkzXBgJ5cwNBnthZjCldnstJI-8","msvalidate.01":"F4CE253B53A296EF4B982618F43BD699","yandex-verification":"2c6c63eaf20e4d4b","miscellaneous":""},"schema":{"@context":"https:\/\/schema.org","@graph":[{"@type":"BreadcrumbList","@id":"https:\/\/bikeyfasty.store\/index.php\/produkt\/niu-kqi1-pro\/#breadcrumblist","itemListElement":[{"@type":"ListItem","@id":"https:\/\/bikeyfasty.store#listItem","position":1,"name":"Start","item":"https:\/\/bikeyfasty.store","nextItem":{"@type":"ListItem","@id":"https:\/\/bikeyfasty.store\/index.php\/geschaft\/#listItem","name":"Gesch\u00e4ft"}},{"@type":"ListItem","@id":"https:\/\/bikeyfasty.store\/index.php\/geschaft\/#listItem","position":2,"name":"Gesch\u00e4ft","item":"https:\/\/bikeyfasty.store\/index.php\/geschaft\/","nextItem":{"@type":"ListItem","@id":"https:\/\/bikeyfasty.store\/index.php\/produkt-kategorie\/e-lieferroller\/#listItem","name":"E-Lieferroller"},"previousItem":{"@type":"ListItem","@id":"https:\/\/bikeyfasty.store#listItem","name":"Start"}},{"@type":"ListItem","@id":"https:\/\/bikeyfasty.store\/index.php\/produkt-kategorie\/e-lieferroller\/#listItem","position":3,"name":"E-Lieferroller","item":"https:\/\/bikeyfasty.store\/index.php\/produkt-kategorie\/e-lieferroller\/","nextItem":{"@type":"ListItem","@id":"https:\/\/bikeyfasty.store\/index.php\/produkt\/niu-kqi1-pro\/#listItem","name":"NIU KQi1 Pro 24km\/h450W 9,0 Zoll \u00d7 2,3 Zoll"},"previousItem":{"@type":"ListItem","@id":"https:\/\/bikeyfasty.store\/index.php\/geschaft\/#listItem","name":"Gesch\u00e4ft"}},{"@type":"ListItem","@id":"https:\/\/bikeyfasty.store\/index.php\/produkt\/niu-kqi1-pro\/#listItem","position":4,"name":"NIU KQi1 Pro 24km\/h450W 9,0 Zoll \u00d7 2,3 Zoll","previousItem":{"@type":"ListItem","@id":"https:\/\/bikeyfasty.store\/index.php\/produkt-kategorie\/e-lieferroller\/#listItem","name":"E-Lieferroller"}}]},{"@type":"ItemPage","@id":"https:\/\/bikeyfasty.store\/index.php\/produkt\/niu-kqi1-pro\/#itempage","url":"https:\/\/bikeyfasty.store\/index.php\/produkt\/niu-kqi1-pro\/","name":"NIU KQi1 Pro 24km\/h450W 9,0 Zoll \u00d7 2,3 Zoll - Bikey Fasty","description":"Breiterer Korpus und breiteres Trittbrett f\u00fcr einen besseren Grip und mehr Stabilit\u00e4t w\u00e4hrend der Fahrt und bei Stra\u00dfenunebenheiten NIU-App (Bluetooth-Konnekti","inLanguage":"de-DE","isPartOf":{"@id":"https:\/\/bikeyfasty.store\/#website"},"breadcrumb":{"@id":"https:\/\/bikeyfasty.store\/index.php\/produkt\/niu-kqi1-pro\/#breadcrumblist"},"image":{"@type":"ImageObject","url":"https:\/\/bikeyfasty.store\/wp-content\/uploads\/2025\/04\/dsddsds-1.webp","@id":"https:\/\/bikeyfasty.store\/index.php\/produkt\/niu-kqi1-pro\/#mainImage","width":2022,"height":2022},"primaryImageOfPage":{"@id":"https:\/\/bikeyfasty.store\/index.php\/produkt\/niu-kqi1-pro\/#mainImage"},"datePublished":"2025-04-13T00:41:51+02:00","dateModified":"2026-02-25T15:13:15+01:00"},{"@type":"Organization","@id":"https:\/\/bikeyfasty.store\/#organization","name":"#Bikey Fasty BIKEY FASTY","description":"Die bestenIhre besten Fahrr\u00e4der Deine elektrische Mobilit\u00e4t beginnt hier Die Zukunft der Mobilit\u00e4t \u2013 heute","url":"https:\/\/bikeyfasty.store\/","email":"contact@bikeyfasty.store","telephone":"+4915510400141","foundingDate":"1945-11-29","numberOfEmployees":{"@type":"QuantitativeValue","value":27},"logo":{"@type":"ImageObject","url":"https:\/\/bikeyfasty.store\/wp-content\/uploads\/2026\/01\/unnamed-file.png","@id":"https:\/\/bikeyfasty.store\/index.php\/produkt\/niu-kqi1-pro\/#organizationLogo","width":616,"height":447,"caption":"( ( ( ( ("},"image":{"@id":"https:\/\/bikeyfasty.store\/index.php\/produkt\/niu-kqi1-pro\/#organizationLogo"},"address":{"@id":"https:\/\/bikeyfasty.store\/#postaladdress","@type":"PostalAddress","streetAddress":"Karl-Liebknecht-Str. 13,","postalCode":"10178","addressLocality":"Berlin","addressRegion":"Berlin","addressCountry":"DE"}},{"@type":"WebPage","@id":"https:\/\/bikeyfasty.store\/index.php\/produkt\/niu-kqi1-pro\/#webpage","url":"https:\/\/bikeyfasty.store\/index.php\/produkt\/niu-kqi1-pro\/","name":"NIU KQi1 Pro 24km\/h450W 9,0 Zoll \u00d7 2,3 Zoll - Bikey Fasty","description":"Breiterer Korpus und breiteres Trittbrett f\u00fcr einen besseren Grip und mehr Stabilit\u00e4t w\u00e4hrend der Fahrt und bei Stra\u00dfenunebenheiten NIU-App (Bluetooth-Konnekti","inLanguage":"de-DE","isPartOf":{"@id":"https:\/\/bikeyfasty.store\/#website"},"breadcrumb":{"@id":"https:\/\/bikeyfasty.store\/index.php\/produkt\/niu-kqi1-pro\/#breadcrumblist"},"image":{"@type":"ImageObject","url":"https:\/\/bikeyfasty.store\/wp-content\/uploads\/2025\/04\/dsddsds-1.webp","@id":"https:\/\/bikeyfasty.store\/index.php\/produkt\/niu-kqi1-pro\/#mainImage","width":2022,"height":2022},"primaryImageOfPage":{"@id":"https:\/\/bikeyfasty.store\/index.php\/produkt\/niu-kqi1-pro\/#mainImage"},"datePublished":"2025-04-13T00:41:51+02:00","dateModified":"2026-02-25T15:13:15+01:00"},{"@type":"WebSite","@id":"https:\/\/bikeyfasty.store\/#website","url":"https:\/\/bikeyfasty.store\/","name":"Bikey Fasty","description":"Die bestenIhre besten Fahrr\u00e4der","inLanguage":"de-DE","publisher":{"@id":"https:\/\/bikeyfasty.store\/#organization"}}]},"og:locale":"de_DE","og:site_name":"Bikey Fasty - Die bestenIhre besten Fahrr\u00e4der","og:type":"article","og:title":"NIU KQi1 Pro 24km\/h450W 9,0 Zoll \u00d7 2,3 Zoll - Bikey Fasty","og:description":"Breiterer Korpus und breiteres Trittbrett f\u00fcr einen besseren Grip und mehr Stabilit\u00e4t w\u00e4hrend der Fahrt und bei Stra\u00dfenunebenheiten NIU-App (Bluetooth-Konnekti","og:url":"https:\/\/bikeyfasty.store\/index.php\/produkt\/niu-kqi1-pro\/","og:image":"https:\/\/bikeyfasty.store\/wp-content\/uploads\/2026\/01\/unnamed-file.png","og:image:secure_url":"https:\/\/bikeyfasty.store\/wp-content\/uploads\/2026\/01\/unnamed-file.png","og:image:width":616,"og:image:height":447,"article:published_time":"2025-04-12T22:41:51+00:00","article:modified_time":"2026-02-25T14:13:15+00:00","twitter:card":"summary_large_image","twitter:title":"NIU KQi1 Pro 24km\/h450W 9,0 Zoll \u00d7 2,3 Zoll - Bikey Fasty","twitter:description":"Breiterer Korpus und breiteres Trittbrett f\u00fcr einen besseren Grip und mehr Stabilit\u00e4t w\u00e4hrend der Fahrt und bei Stra\u00dfenunebenheiten NIU-App (Bluetooth-Konnekti","twitter:image":"https:\/\/bikeyfasty.store\/wp-content\/uploads\/2026\/01\/unnamed-file.png"},"aioseo_meta_data":{"post_id":"18535","title":null,"description":null,"keywords":null,"keyphrases":{"focus":{"keyphrase":"","score":0,"analysis":{"keyphraseInTitle":{"score":0,"maxScore":9,"error":1}}},"additional":[]},"primary_term":null,"canonical_url":null,"og_title":null,"og_description":null,"og_object_type":"default","og_image_type":"default","og_image_url":null,"og_image_width":null,"og_image_height":null,"og_image_custom_url":null,"og_image_custom_fields":null,"og_video":"","og_custom_url":null,"og_article_section":null,"og_article_tags":null,"twitter_use_og":false,"twitter_card":"default","twitter_image_type":"default","twitter_image_url":null,"twitter_image_custom_url":null,"twitter_image_custom_fields":null,"twitter_title":null,"twitter_description":null,"schema":{"blockGraphs":[],"customGraphs":[],"default":{"data":{"Article":[],"Course":[],"Dataset":[],"FAQPage":[],"Movie":[],"Person":[],"Product":[],"ProductReview":[],"Car":[],"Recipe":[],"Service":[],"SoftwareApplication":[],"WebPage":[]},"graphName":"ItemPage","isEnabled":true},"graphs":[]},"schema_type":"default","schema_type_options":null,"pillar_content":false,"robots_default":true,"robots_noindex":false,"robots_noarchive":false,"robots_nosnippet":false,"robots_nofollow":false,"robots_noimageindex":false,"robots_noodp":false,"robots_notranslate":false,"robots_max_snippet":"-1","robots_max_videopreview":"-1","robots_max_imagepreview":"large","priority":null,"frequency":"default","local_seo":null,"seo_analyzer_scan_date":"2026-02-25 14:42:53","breadcrumb_settings":null,"limit_modified_date":false,"reviewed_by":"0","open_ai":null,"ai":{"faqs":[],"keyPoints":[],"titles":[],"descriptions":[],"socialPosts":{"email":[],"linkedin":[],"twitter":[],"facebook":[],"instagram":[]}},"created":"2025-05-01 09:23:32","updated":"2026-02-25 14:56:42"},"aioseo_breadcrumb":"<div class=\"aioseo-breadcrumbs\"><span class=\"aioseo-breadcrumb\">\n\t<a href=\"https:\/\/bikeyfasty.store\" title=\"Start\">Start<\/a>\n<\/span><span class=\"aioseo-breadcrumb-separator\">\u00bb<\/span><span class=\"aioseo-breadcrumb\">\n\t<a href=\"https:\/\/bikeyfasty.store\/index.php\/geschaft\/\" title=\"Gesch\u00e4ft\">Gesch\u00e4ft<\/a>\n<\/span><span class=\"aioseo-breadcrumb-separator\">\u00bb<\/span><span class=\"aioseo-breadcrumb\">\n\t<a href=\"https:\/\/bikeyfasty.store\/index.php\/produkt-kategorie\/e-lieferroller\/\" title=\"E-Lieferroller\">E-Lieferroller<\/a>\n<\/span><span class=\"aioseo-breadcrumb-separator\">\u00bb<\/span><span class=\"aioseo-breadcrumb\">\n\tNIU KQi1 Pro 24km\/h450W 9,0 Zoll \u00d7 2,3 Zoll\n<\/span><\/div>","aioseo_breadcrumb_json":[{"label":"Start","link":"https:\/\/bikeyfasty.store"},{"label":"Gesch\u00e4ft","link":"https:\/\/bikeyfasty.store\/index.php\/geschaft\/"},{"label":"E-Lieferroller","link":"https:\/\/bikeyfasty.store\/index.php\/produkt-kategorie\/e-lieferroller\/"},{"label":"NIU KQi1 Pro 24km\/h450W 9,0 Zoll \u00d7 2,3 Zoll","link":"https:\/\/bikeyfasty.store\/index.php\/produkt\/niu-kqi1-pro\/"}],"_links":{"self":[{"href":"https:\/\/bikeyfasty.store\/index.php\/wp-json\/wp\/v2\/product\/18535","targetHints":{"allow":["GET"]}}],"collection":[{"href":"https:\/\/bikeyfasty.store\/index.php\/wp-json\/wp\/v2\/product"}],"about":[{"href":"https:\/\/bikeyfasty.store\/index.php\/wp-json\/wp\/v2\/types\/product"}],"replies":[{"embeddable":true,"href":"https:\/\/bikeyfasty.store\/index.php\/wp-json\/wp\/v2\/comments?post=18535"}],"version-history":[{"count":5,"href":"https:\/\/bikeyfasty.store\/index.php\/wp-json\/wp\/v2\/product\/18535\/revisions"}],"predecessor-version":[{"id":53445,"href":"https:\/\/bikeyfasty.store\/index.php\/wp-json\/wp\/v2\/product\/18535\/revisions\/53445"}],"wp:featuredmedia":[{"embeddable":true,"href":"https:\/\/bikeyfasty.store\/index.php\/wp-json\/wp\/v2\/media\/18702"}],"wp:attachment":[{"href":"https:\/\/bikeyfasty.store\/index.php\/wp-json\/wp\/v2\/media?parent=18535"}],"wp:term":[{"taxonomy":"product_brand","embeddable":true,"href":"https:\/\/bikeyfasty.store\/index.php\/wp-json\/wp\/v2\/product_brand?post=18535"},{"taxonomy":"product_cat","embeddable":true,"href":"https:\/\/bikeyfasty.store\/index.php\/wp-json\/wp\/v2\/product_cat?post=18535"},{"taxonomy":"product_tag","embeddable":true,"href":"https:\/\/bikeyfasty.store\/index.php\/wp-json\/wp\/v2\/product_tag?post=18535"}],"curies":[{"name":"wp","href":"https:\/\/api.w.org\/{rel}","templated":true}]}}