{"id":18571,"date":"2025-04-13T00:42:14","date_gmt":"2025-04-12T22:42:14","guid":{"rendered":"https:\/\/bikeyfasty.store\/?post_type=product&#038;p=18571"},"modified":"2026-01-27T00:52:17","modified_gmt":"2026-01-26T23:52:17","slug":"segway-ninebot-f2d-plus","status":"publish","type":"product","link":"https:\/\/bikeyfasty.store\/index.php\/produkt\/segway-ninebot-f2d-plus\/","title":{"rendered":"Segway Ninebot F2d Plus 460 Wh"},"content":{"rendered":"<div class=\"product--description\">\n<h4>FEATURES<\/h4>\n<ul>\n<li>H\u00f6chstgeschwindigkeit von ca. 20 km\/h*<\/li>\n<li>Zwei Bremsen: Scheibenbremsen vorne und elektrische Bremsen hinten<\/li>\n<li>Reichweite von bis zu 55 km<\/li>\n<li>Bis zu 20% Steigung<\/li>\n<li>10-Zoll-selbstheilende schlauchlose Luftreifen mit Jelly-Schicht<\/li>\n<li>Eingebaute vordere und hintere Blinker f\u00fcr sicheres Pendeln<\/li>\n<li>Anti-Rutsch-Traktionskontrollsystem<\/li>\n<li>Apple Find My **<\/li>\n<\/ul>\n<h4>TECHNISCHE DATEN<\/h4>\n<h5>FAHRER<\/h5>\n<ul>\n<li>Mindestalter: +14 Jahre<\/li>\n<li>Max. Fahrergewicht: 120 kg<\/li>\n<\/ul>\n<h5>MASSE UND GEWICH<\/h5>\n<ul>\n<li>Produktma\u00dfe &#8211; Entfaltet: 1143.5 \u00d7 570 \u00d7 1214 mm<\/li>\n<li>Produktma\u00dfe &#8211; Gefaltet: 1143.5 \u00d7 570 \u00d7 484 mm<\/li>\n<li>Nettogewicht: 17,7 kg<\/li>\n<\/ul>\n<h5>MASCHINENPARAMETER<\/h5>\n<ul>\n<li>Geschwindigkeit: Bis zu 25 km\/h<\/li>\n<li>Reichweite: Bis zu 55 km<\/li>\n<li>Typische Reichweite: Bis zu 40 km<\/li>\n<li>Steigungswinkel: Bis zu 20%<\/li>\n<li>Sto\u00dfd\u00e4mpfer: Nein<\/li>\n<li>Wasserbest\u00e4ndigkeit: IPX5<\/li>\n<\/ul>\n<h5>BATTERIE<\/h5>\n<ul>\n<li>Batteriekapazit\u00e4t: 460 Wh<\/li>\n<li>Batterie-Management-System: Ja<\/li>\n<li>Ladezeit: Ca. 7 Stunden<\/li>\n<\/ul>\n<h5>MOTOREN<\/h5>\n<ul>\n<li>Ausgangsleistung: 400 W<\/li>\n<li>Maximale Leistung: 800 W<\/li>\n<li>Radantrieb: Heckantrieb<\/li>\n<li>Antiblockier-Traktionskontrollsystem (TCS): Ja<\/li>\n<\/ul>\n<h5>BREMSEN<\/h5>\n<ul>\n<li>Bremsen: 2 Bremsen: Vordere Scheibenbremse und hintere elektronische Bremse<\/li>\n<\/ul>\n<h5>LICHTER<\/h5>\n<ul>\n<li>Licht: Permanent Vorder- und R\u00fccklichter (2,1W hohe Leistung)<\/li>\n<li>Bremslicht hinten: Ja (blinkend)<\/li>\n<li>Umgebungslicht: Nein<\/li>\n<li>Integrierte Indikatoren: Ja, vorne und hinten<\/li>\n<\/ul>\n<h5>REIFEN<\/h5>\n<ul>\n<li>Reifentyp: Schlauchlose Luftreifen mit selbstdichtender Gelschicht im Inneren<\/li>\n<li>Reifengr\u00f6\u00dfe &#8211; Vorder: 254 mm<\/li>\n<li>Reifengr\u00f6\u00dfe &#8211; Hinter: 254 mm<\/li>\n<\/ul>\n<h5>KONNEKTIVIT\u00c4T<\/h5>\n<ul>\n<li>App monitor: Ja<\/li>\n<li>Bluetooth: Ja<\/li>\n<li>NFC-Technologie (zum Entsperren\/Sperren): Nein<\/li>\n<li>Apple Find My: Ja<\/li>\n<\/ul>\n<h5>ANDERE AUSSTATTUNG<\/h5>\n<ul>\n<li>Faltmechanismus: Einfaches Zusammenklappen in 2 Schritten (erfordert Hand)<\/li>\n<li>Infodisplay: Vollst\u00e4ndige Dashboard Anzeige mit Farbdisplay<\/li>\n<li>Information auf dem LED-Display: Farb-LED (Geschwindigkeit, verbleibende Leistung, Modi, Wartung, Bluetooth-Verbindung)<\/li>\n<li>Fahrmodi: 3 Fahrmodi (Eco, Drive, Sport); 1 Gehmodus<\/li>\n<li>Anpassbarer Sportmodus: Ja<\/li>\n<li>Tempomat: Nein<\/li>\n<li>Zertifizierte Reflektoren: Ja, (vordere, hintere und seitliche E-MARK-Reflektoren)<\/li>\n<li>Klingel: Ja<\/li>\n<li>Halterung f\u00fcr Versicherungskennzeichen: Ja<\/li>\n<li>USB-C port: Nein<\/li>\n<\/ul>\n<h5>HINWEISE<\/h5>\n<ul>\n<li>Bitte beachten Sie, dass der F2 Plus D legal auf am deutschen Stra\u00dfenverkehr teilnehmen darf<\/li>\n<\/ul>\n<h5>LIEFERUMFANG<\/h5>\n<ul>\n<li>1x Segway Ninebot F2D Plus<\/li>\n<li>1x Segway Ninebot F2D Plus Ladeger\u00e4t<\/li>\n<\/ul>\n<p>Der Ninebot F2 Plus D KickScooter powered by Segway ist die perfekte L\u00f6sung f\u00fcr das t\u00e4gliche Pendeln. Mit einer gro\u00dfen Reichweite von bis zu 55 km und einer maximalen Motorleistung von 800 W k\u00f6nnen Sie bequem durch die Stadt cruisen und sich Ihren Liebsten anschlie\u00dfen! Der F2 Plus D bietet Ihnen alles, was Sie brauchen, wie z. B. ein duales Bremssystem, integrierte Blinker, ein Traktionskontrollsystem (TCS), selbstheilende Reifen und mehr. Dank der intelligenten Funktionen und der hohen Leistung wird der F2 Plus D zu Ihrem unverzichtbaren Werkzeug!<\/p>\n<\/div>\n<p>EAN-Nr: 8720254406473<\/p>\n","protected":false},"excerpt":{"rendered":"<ul>\n<li>H\u00f6chstgeschwindigkeit von ca. 20 km\/h*<\/li>\n<li>Zwei Bremsen: Scheibenbremsen vorne und elektrische Bremsen hinten<\/li>\n<li>Reichweite von bis zu 55 km<\/li>\n<li>Bis zu 20% Steigung<\/li>\n<li>10-Zoll-selbstheilende schlauchlose Luftreifen mit Jelly-Schicht<\/li>\n<li>Eingebaute vordere und hintere Blinker f\u00fcr sicheres Pendeln<\/li>\n<\/ul>\n","protected":false},"featured_media":18706,"comment_status":"open","ping_status":"closed","template":"","meta":{"googlesitekit_rrm_CAowq6HFDA:productID":"","om_disable_all_campaigns":false,"_monsterinsights_skip_tracking":false,"_monsterinsights_sitenote_active":false,"_monsterinsights_sitenote_note":"","_monsterinsights_sitenote_category":0,"_uf_show_specific_survey":0,"_uf_disable_surveys":false},"product_brand":[],"product_cat":[20],"product_tag":[],"class_list":{"0":"post-18571","1":"product","2":"type-product","3":"status-publish","4":"has-post-thumbnail","6":"product_cat-e-lieferroller","8":"first","9":"instock","10":"sale","11":"taxable","12":"shipping-taxable","13":"purchasable","14":"product-type-simple"},"aioseo_notices":[],"aioseo_head":"\n\t\t<!-- All in One SEO Pro 4.9.5.2 - aioseo.com -->\n\t<meta name=\"description\" content=\"H\u00f6chstgeschwindigkeit von ca. 20 km\/h* Zwei Bremsen: Scheibenbremsen vorne und elektrische Bremsen hinten Reichweite von bis zu 55 km Bis zu 20% Steigung 10-Zoll-selbstheilende schlauchlose Luftreifen mit Jelly-Schicht Eingebaute vordere und hintere Blinker f\u00fcr sicheres Pendeln\" \/>\n\t<meta name=\"robots\" content=\"max-image-preview:large\" \/>\n\t<meta name=\"google-site-verification\" content=\"leF1qydUwZM4hbNEWkzXBgJ5cwNBnthZjCldnstJI-8\" \/>\n\t<meta name=\"msvalidate.01\" content=\"F4CE253B53A296EF4B982618F43BD699\" \/>\n\t<meta name=\"yandex-verification\" content=\"2c6c63eaf20e4d4b\" \/>\n\t<link rel=\"canonical\" href=\"https:\/\/bikeyfasty.store\/index.php\/produkt\/segway-ninebot-f2d-plus\/\" \/>\n\t<meta name=\"generator\" content=\"All in One SEO Pro (AIOSEO) 4.9.5.2\" \/>\n\t\t<meta property=\"og:locale\" content=\"de_DE\" \/>\n\t\t<meta property=\"og:site_name\" content=\"Bikey Fasty - Die bestenIhre besten Fahrr\u00e4der\" \/>\n\t\t<meta property=\"og:type\" content=\"article\" \/>\n\t\t<meta property=\"og:title\" content=\"Segway Ninebot F2d Plus 460 Wh - Bikey Fasty\" \/>\n\t\t<meta property=\"og:description\" content=\"H\u00f6chstgeschwindigkeit von ca. 20 km\/h* Zwei Bremsen: Scheibenbremsen vorne und elektrische Bremsen hinten Reichweite von bis zu 55 km Bis zu 20% Steigung 10-Zoll-selbstheilende schlauchlose Luftreifen mit Jelly-Schicht Eingebaute vordere und hintere Blinker f\u00fcr sicheres Pendeln\" \/>\n\t\t<meta property=\"og:url\" content=\"https:\/\/bikeyfasty.store\/index.php\/produkt\/segway-ninebot-f2d-plus\/\" \/>\n\t\t<meta property=\"og:image\" content=\"https:\/\/bikeyfasty.store\/wp-content\/uploads\/2026\/01\/unnamed-file.png\" \/>\n\t\t<meta property=\"og:image:secure_url\" content=\"https:\/\/bikeyfasty.store\/wp-content\/uploads\/2026\/01\/unnamed-file.png\" \/>\n\t\t<meta property=\"og:image:width\" content=\"616\" \/>\n\t\t<meta property=\"og:image:height\" content=\"447\" \/>\n\t\t<meta property=\"article:published_time\" content=\"2025-04-12T22:42:14+00:00\" \/>\n\t\t<meta property=\"article:modified_time\" content=\"2026-01-26T23:52:17+00:00\" \/>\n\t\t<meta name=\"twitter:card\" content=\"summary_large_image\" \/>\n\t\t<meta name=\"twitter:title\" content=\"Segway Ninebot F2d Plus 460 Wh - Bikey Fasty\" \/>\n\t\t<meta name=\"twitter:description\" content=\"H\u00f6chstgeschwindigkeit von ca. 20 km\/h* Zwei Bremsen: Scheibenbremsen vorne und elektrische Bremsen hinten Reichweite von bis zu 55 km Bis zu 20% Steigung 10-Zoll-selbstheilende schlauchlose Luftreifen mit Jelly-Schicht Eingebaute vordere und hintere Blinker f\u00fcr sicheres Pendeln\" \/>\n\t\t<meta name=\"twitter:image\" content=\"https:\/\/bikeyfasty.store\/wp-content\/uploads\/2026\/01\/unnamed-file.png\" \/>\n\t\t<script type=\"application\/ld+json\" class=\"aioseo-schema\">\n\t\t\t{\"@context\":\"https:\\\/\\\/schema.org\",\"@graph\":[{\"@type\":\"BreadcrumbList\",\"@id\":\"https:\\\/\\\/bikeyfasty.store\\\/index.php\\\/produkt\\\/segway-ninebot-f2d-plus\\\/#breadcrumblist\",\"itemListElement\":[{\"@type\":\"ListItem\",\"@id\":\"https:\\\/\\\/bikeyfasty.store#listItem\",\"position\":1,\"name\":\"Start\",\"item\":\"https:\\\/\\\/bikeyfasty.store\",\"nextItem\":{\"@type\":\"ListItem\",\"@id\":\"https:\\\/\\\/bikeyfasty.store\\\/index.php\\\/geschaft\\\/#listItem\",\"name\":\"Gesch\\u00e4ft\"}},{\"@type\":\"ListItem\",\"@id\":\"https:\\\/\\\/bikeyfasty.store\\\/index.php\\\/geschaft\\\/#listItem\",\"position\":2,\"name\":\"Gesch\\u00e4ft\",\"item\":\"https:\\\/\\\/bikeyfasty.store\\\/index.php\\\/geschaft\\\/\",\"nextItem\":{\"@type\":\"ListItem\",\"@id\":\"https:\\\/\\\/bikeyfasty.store\\\/index.php\\\/produkt-kategorie\\\/e-lieferroller\\\/#listItem\",\"name\":\"E-Lieferroller\"},\"previousItem\":{\"@type\":\"ListItem\",\"@id\":\"https:\\\/\\\/bikeyfasty.store#listItem\",\"name\":\"Start\"}},{\"@type\":\"ListItem\",\"@id\":\"https:\\\/\\\/bikeyfasty.store\\\/index.php\\\/produkt-kategorie\\\/e-lieferroller\\\/#listItem\",\"position\":3,\"name\":\"E-Lieferroller\",\"item\":\"https:\\\/\\\/bikeyfasty.store\\\/index.php\\\/produkt-kategorie\\\/e-lieferroller\\\/\",\"nextItem\":{\"@type\":\"ListItem\",\"@id\":\"https:\\\/\\\/bikeyfasty.store\\\/index.php\\\/produkt\\\/segway-ninebot-f2d-plus\\\/#listItem\",\"name\":\"Segway Ninebot F2d Plus 460 Wh\"},\"previousItem\":{\"@type\":\"ListItem\",\"@id\":\"https:\\\/\\\/bikeyfasty.store\\\/index.php\\\/geschaft\\\/#listItem\",\"name\":\"Gesch\\u00e4ft\"}},{\"@type\":\"ListItem\",\"@id\":\"https:\\\/\\\/bikeyfasty.store\\\/index.php\\\/produkt\\\/segway-ninebot-f2d-plus\\\/#listItem\",\"position\":4,\"name\":\"Segway Ninebot F2d Plus 460 Wh\",\"previousItem\":{\"@type\":\"ListItem\",\"@id\":\"https:\\\/\\\/bikeyfasty.store\\\/index.php\\\/produkt-kategorie\\\/e-lieferroller\\\/#listItem\",\"name\":\"E-Lieferroller\"}}]},{\"@type\":\"ItemPage\",\"@id\":\"https:\\\/\\\/bikeyfasty.store\\\/index.php\\\/produkt\\\/segway-ninebot-f2d-plus\\\/#itempage\",\"url\":\"https:\\\/\\\/bikeyfasty.store\\\/index.php\\\/produkt\\\/segway-ninebot-f2d-plus\\\/\",\"name\":\"Segway Ninebot F2d Plus 460 Wh - Bikey Fasty\",\"description\":\"H\\u00f6chstgeschwindigkeit von ca. 20 km\\\/h* Zwei Bremsen: Scheibenbremsen vorne und elektrische Bremsen hinten Reichweite von bis zu 55 km Bis zu 20% Steigung 10-Zoll-selbstheilende schlauchlose Luftreifen mit Jelly-Schicht Eingebaute vordere und hintere Blinker f\\u00fcr sicheres Pendeln\",\"inLanguage\":\"de-DE\",\"isPartOf\":{\"@id\":\"https:\\\/\\\/bikeyfasty.store\\\/#website\"},\"breadcrumb\":{\"@id\":\"https:\\\/\\\/bikeyfasty.store\\\/index.php\\\/produkt\\\/segway-ninebot-f2d-plus\\\/#breadcrumblist\"},\"image\":{\"@type\":\"ImageObject\",\"url\":\"https:\\\/\\\/bikeyfasty.store\\\/wp-content\\\/uploads\\\/2025\\\/04\\\/ed8436f98bfb0844c04291bc0cce2617-e1711812727619.webp\",\"@id\":\"https:\\\/\\\/bikeyfasty.store\\\/index.php\\\/produkt\\\/segway-ninebot-f2d-plus\\\/#mainImage\",\"width\":1167,\"height\":1152},\"primaryImageOfPage\":{\"@id\":\"https:\\\/\\\/bikeyfasty.store\\\/index.php\\\/produkt\\\/segway-ninebot-f2d-plus\\\/#mainImage\"},\"datePublished\":\"2025-04-13T00:42:14+02:00\",\"dateModified\":\"2026-01-27T00:52:17+01:00\"},{\"@type\":\"Organization\",\"@id\":\"https:\\\/\\\/bikeyfasty.store\\\/#organization\",\"name\":\"#Bikey Fasty BIKEY FASTY\",\"description\":\"Die bestenIhre besten Fahrr\\u00e4der Deine elektrische Mobilit\\u00e4t beginnt hier Die Zukunft der Mobilit\\u00e4t \\u2013 heute\",\"url\":\"https:\\\/\\\/bikeyfasty.store\\\/\",\"email\":\"contact@bikeyfasty.store\",\"telephone\":\"+4915510400141\",\"foundingDate\":\"1945-11-29\",\"numberOfEmployees\":{\"@type\":\"QuantitativeValue\",\"value\":27},\"logo\":{\"@type\":\"ImageObject\",\"url\":\"https:\\\/\\\/bikeyfasty.store\\\/wp-content\\\/uploads\\\/2026\\\/01\\\/unnamed-file.png\",\"@id\":\"https:\\\/\\\/bikeyfasty.store\\\/index.php\\\/produkt\\\/segway-ninebot-f2d-plus\\\/#organizationLogo\",\"width\":616,\"height\":447,\"caption\":\"( ( ( ( (\"},\"image\":{\"@id\":\"https:\\\/\\\/bikeyfasty.store\\\/index.php\\\/produkt\\\/segway-ninebot-f2d-plus\\\/#organizationLogo\"},\"address\":{\"@id\":\"https:\\\/\\\/bikeyfasty.store\\\/#postaladdress\",\"@type\":\"PostalAddress\",\"streetAddress\":\"Karl-Liebknecht-Str. 13,\",\"postalCode\":\"10178\",\"addressLocality\":\"Berlin\",\"addressRegion\":\"Berlin\",\"addressCountry\":\"DE\"}},{\"@type\":\"WebPage\",\"@id\":\"https:\\\/\\\/bikeyfasty.store\\\/index.php\\\/produkt\\\/segway-ninebot-f2d-plus\\\/#webpage\",\"url\":\"https:\\\/\\\/bikeyfasty.store\\\/index.php\\\/produkt\\\/segway-ninebot-f2d-plus\\\/\",\"name\":\"Segway Ninebot F2d Plus 460 Wh - Bikey Fasty\",\"description\":\"H\\u00f6chstgeschwindigkeit von ca. 20 km\\\/h* Zwei Bremsen: Scheibenbremsen vorne und elektrische Bremsen hinten Reichweite von bis zu 55 km Bis zu 20% Steigung 10-Zoll-selbstheilende schlauchlose Luftreifen mit Jelly-Schicht Eingebaute vordere und hintere Blinker f\\u00fcr sicheres Pendeln\",\"inLanguage\":\"de-DE\",\"isPartOf\":{\"@id\":\"https:\\\/\\\/bikeyfasty.store\\\/#website\"},\"breadcrumb\":{\"@id\":\"https:\\\/\\\/bikeyfasty.store\\\/index.php\\\/produkt\\\/segway-ninebot-f2d-plus\\\/#breadcrumblist\"},\"image\":{\"@type\":\"ImageObject\",\"url\":\"https:\\\/\\\/bikeyfasty.store\\\/wp-content\\\/uploads\\\/2025\\\/04\\\/ed8436f98bfb0844c04291bc0cce2617-e1711812727619.webp\",\"@id\":\"https:\\\/\\\/bikeyfasty.store\\\/index.php\\\/produkt\\\/segway-ninebot-f2d-plus\\\/#mainImage\",\"width\":1167,\"height\":1152},\"primaryImageOfPage\":{\"@id\":\"https:\\\/\\\/bikeyfasty.store\\\/index.php\\\/produkt\\\/segway-ninebot-f2d-plus\\\/#mainImage\"},\"datePublished\":\"2025-04-13T00:42:14+02:00\",\"dateModified\":\"2026-01-27T00:52:17+01:00\"},{\"@type\":\"WebSite\",\"@id\":\"https:\\\/\\\/bikeyfasty.store\\\/#website\",\"url\":\"https:\\\/\\\/bikeyfasty.store\\\/\",\"name\":\"Bikey Fasty\",\"description\":\"Die bestenIhre besten Fahrr\\u00e4der\",\"inLanguage\":\"de-DE\",\"publisher\":{\"@id\":\"https:\\\/\\\/bikeyfasty.store\\\/#organization\"}}]}\n\t\t<\/script>\n\t\t<script type=\"text\/javascript\">\n\t\t\t(function(c,l,a,r,i,t,y){\n\t\t\tc[a]=c[a]||function(){(c[a].q=c[a].q||[]).push(arguments)};t=l.createElement(r);t.async=1;\n\t\t\tt.src=\"https:\/\/www.clarity.ms\/tag\/\"+i+\"?ref=aioseo\";y=l.getElementsByTagName(r)[0];y.parentNode.insertBefore(t,y);\n\t\t})(window, document, \"clarity\", \"script\", \"v74e4fvqvw\");\n\t\t<\/script>\n\t\t<!-- All in One SEO Pro -->\r\n\t\t<title>Segway Ninebot F2d Plus 460 Wh - Bikey Fasty<\/title>\n\n","aioseo_head_json":{"title":"Segway Ninebot F2d Plus 460 Wh - Bikey Fasty","description":"H\u00f6chstgeschwindigkeit von ca. 20 km\/h* Zwei Bremsen: Scheibenbremsen vorne und elektrische Bremsen hinten Reichweite von bis zu 55 km Bis zu 20% Steigung 10-Zoll-selbstheilende schlauchlose Luftreifen mit Jelly-Schicht Eingebaute vordere und hintere Blinker f\u00fcr sicheres Pendeln","canonical_url":"https:\/\/bikeyfasty.store\/index.php\/produkt\/segway-ninebot-f2d-plus\/","robots":"max-image-preview:large","keywords":"","webmasterTools":{"google-site-verification":"leF1qydUwZM4hbNEWkzXBgJ5cwNBnthZjCldnstJI-8","msvalidate.01":"F4CE253B53A296EF4B982618F43BD699","yandex-verification":"2c6c63eaf20e4d4b","miscellaneous":""},"schema":{"@context":"https:\/\/schema.org","@graph":[{"@type":"BreadcrumbList","@id":"https:\/\/bikeyfasty.store\/index.php\/produkt\/segway-ninebot-f2d-plus\/#breadcrumblist","itemListElement":[{"@type":"ListItem","@id":"https:\/\/bikeyfasty.store#listItem","position":1,"name":"Start","item":"https:\/\/bikeyfasty.store","nextItem":{"@type":"ListItem","@id":"https:\/\/bikeyfasty.store\/index.php\/geschaft\/#listItem","name":"Gesch\u00e4ft"}},{"@type":"ListItem","@id":"https:\/\/bikeyfasty.store\/index.php\/geschaft\/#listItem","position":2,"name":"Gesch\u00e4ft","item":"https:\/\/bikeyfasty.store\/index.php\/geschaft\/","nextItem":{"@type":"ListItem","@id":"https:\/\/bikeyfasty.store\/index.php\/produkt-kategorie\/e-lieferroller\/#listItem","name":"E-Lieferroller"},"previousItem":{"@type":"ListItem","@id":"https:\/\/bikeyfasty.store#listItem","name":"Start"}},{"@type":"ListItem","@id":"https:\/\/bikeyfasty.store\/index.php\/produkt-kategorie\/e-lieferroller\/#listItem","position":3,"name":"E-Lieferroller","item":"https:\/\/bikeyfasty.store\/index.php\/produkt-kategorie\/e-lieferroller\/","nextItem":{"@type":"ListItem","@id":"https:\/\/bikeyfasty.store\/index.php\/produkt\/segway-ninebot-f2d-plus\/#listItem","name":"Segway Ninebot F2d Plus 460 Wh"},"previousItem":{"@type":"ListItem","@id":"https:\/\/bikeyfasty.store\/index.php\/geschaft\/#listItem","name":"Gesch\u00e4ft"}},{"@type":"ListItem","@id":"https:\/\/bikeyfasty.store\/index.php\/produkt\/segway-ninebot-f2d-plus\/#listItem","position":4,"name":"Segway Ninebot F2d Plus 460 Wh","previousItem":{"@type":"ListItem","@id":"https:\/\/bikeyfasty.store\/index.php\/produkt-kategorie\/e-lieferroller\/#listItem","name":"E-Lieferroller"}}]},{"@type":"ItemPage","@id":"https:\/\/bikeyfasty.store\/index.php\/produkt\/segway-ninebot-f2d-plus\/#itempage","url":"https:\/\/bikeyfasty.store\/index.php\/produkt\/segway-ninebot-f2d-plus\/","name":"Segway Ninebot F2d Plus 460 Wh - Bikey Fasty","description":"H\u00f6chstgeschwindigkeit von ca. 20 km\/h* Zwei Bremsen: Scheibenbremsen vorne und elektrische Bremsen hinten Reichweite von bis zu 55 km Bis zu 20% Steigung 10-Zoll-selbstheilende schlauchlose Luftreifen mit Jelly-Schicht Eingebaute vordere und hintere Blinker f\u00fcr sicheres Pendeln","inLanguage":"de-DE","isPartOf":{"@id":"https:\/\/bikeyfasty.store\/#website"},"breadcrumb":{"@id":"https:\/\/bikeyfasty.store\/index.php\/produkt\/segway-ninebot-f2d-plus\/#breadcrumblist"},"image":{"@type":"ImageObject","url":"https:\/\/bikeyfasty.store\/wp-content\/uploads\/2025\/04\/ed8436f98bfb0844c04291bc0cce2617-e1711812727619.webp","@id":"https:\/\/bikeyfasty.store\/index.php\/produkt\/segway-ninebot-f2d-plus\/#mainImage","width":1167,"height":1152},"primaryImageOfPage":{"@id":"https:\/\/bikeyfasty.store\/index.php\/produkt\/segway-ninebot-f2d-plus\/#mainImage"},"datePublished":"2025-04-13T00:42:14+02:00","dateModified":"2026-01-27T00:52:17+01:00"},{"@type":"Organization","@id":"https:\/\/bikeyfasty.store\/#organization","name":"#Bikey Fasty BIKEY FASTY","description":"Die bestenIhre besten Fahrr\u00e4der Deine elektrische Mobilit\u00e4t beginnt hier Die Zukunft der Mobilit\u00e4t \u2013 heute","url":"https:\/\/bikeyfasty.store\/","email":"contact@bikeyfasty.store","telephone":"+4915510400141","foundingDate":"1945-11-29","numberOfEmployees":{"@type":"QuantitativeValue","value":27},"logo":{"@type":"ImageObject","url":"https:\/\/bikeyfasty.store\/wp-content\/uploads\/2026\/01\/unnamed-file.png","@id":"https:\/\/bikeyfasty.store\/index.php\/produkt\/segway-ninebot-f2d-plus\/#organizationLogo","width":616,"height":447,"caption":"( ( ( ( ("},"image":{"@id":"https:\/\/bikeyfasty.store\/index.php\/produkt\/segway-ninebot-f2d-plus\/#organizationLogo"},"address":{"@id":"https:\/\/bikeyfasty.store\/#postaladdress","@type":"PostalAddress","streetAddress":"Karl-Liebknecht-Str. 13,","postalCode":"10178","addressLocality":"Berlin","addressRegion":"Berlin","addressCountry":"DE"}},{"@type":"WebPage","@id":"https:\/\/bikeyfasty.store\/index.php\/produkt\/segway-ninebot-f2d-plus\/#webpage","url":"https:\/\/bikeyfasty.store\/index.php\/produkt\/segway-ninebot-f2d-plus\/","name":"Segway Ninebot F2d Plus 460 Wh - Bikey Fasty","description":"H\u00f6chstgeschwindigkeit von ca. 20 km\/h* Zwei Bremsen: Scheibenbremsen vorne und elektrische Bremsen hinten Reichweite von bis zu 55 km Bis zu 20% Steigung 10-Zoll-selbstheilende schlauchlose Luftreifen mit Jelly-Schicht Eingebaute vordere und hintere Blinker f\u00fcr sicheres Pendeln","inLanguage":"de-DE","isPartOf":{"@id":"https:\/\/bikeyfasty.store\/#website"},"breadcrumb":{"@id":"https:\/\/bikeyfasty.store\/index.php\/produkt\/segway-ninebot-f2d-plus\/#breadcrumblist"},"image":{"@type":"ImageObject","url":"https:\/\/bikeyfasty.store\/wp-content\/uploads\/2025\/04\/ed8436f98bfb0844c04291bc0cce2617-e1711812727619.webp","@id":"https:\/\/bikeyfasty.store\/index.php\/produkt\/segway-ninebot-f2d-plus\/#mainImage","width":1167,"height":1152},"primaryImageOfPage":{"@id":"https:\/\/bikeyfasty.store\/index.php\/produkt\/segway-ninebot-f2d-plus\/#mainImage"},"datePublished":"2025-04-13T00:42:14+02:00","dateModified":"2026-01-27T00:52:17+01:00"},{"@type":"WebSite","@id":"https:\/\/bikeyfasty.store\/#website","url":"https:\/\/bikeyfasty.store\/","name":"Bikey Fasty","description":"Die bestenIhre besten Fahrr\u00e4der","inLanguage":"de-DE","publisher":{"@id":"https:\/\/bikeyfasty.store\/#organization"}}]},"og:locale":"de_DE","og:site_name":"Bikey Fasty - Die bestenIhre besten Fahrr\u00e4der","og:type":"article","og:title":"Segway Ninebot F2d Plus 460 Wh - Bikey Fasty","og:description":"H\u00f6chstgeschwindigkeit von ca. 20 km\/h* Zwei Bremsen: Scheibenbremsen vorne und elektrische Bremsen hinten Reichweite von bis zu 55 km Bis zu 20% Steigung 10-Zoll-selbstheilende schlauchlose Luftreifen mit Jelly-Schicht Eingebaute vordere und hintere Blinker f\u00fcr sicheres Pendeln","og:url":"https:\/\/bikeyfasty.store\/index.php\/produkt\/segway-ninebot-f2d-plus\/","og:image":"https:\/\/bikeyfasty.store\/wp-content\/uploads\/2026\/01\/unnamed-file.png","og:image:secure_url":"https:\/\/bikeyfasty.store\/wp-content\/uploads\/2026\/01\/unnamed-file.png","og:image:width":616,"og:image:height":447,"article:published_time":"2025-04-12T22:42:14+00:00","article:modified_time":"2026-01-26T23:52:17+00:00","twitter:card":"summary_large_image","twitter:title":"Segway Ninebot F2d Plus 460 Wh - Bikey Fasty","twitter:description":"H\u00f6chstgeschwindigkeit von ca. 20 km\/h* Zwei Bremsen: Scheibenbremsen vorne und elektrische Bremsen hinten Reichweite von bis zu 55 km Bis zu 20% Steigung 10-Zoll-selbstheilende schlauchlose Luftreifen mit Jelly-Schicht Eingebaute vordere und hintere Blinker f\u00fcr sicheres Pendeln","twitter:image":"https:\/\/bikeyfasty.store\/wp-content\/uploads\/2026\/01\/unnamed-file.png"},"aioseo_meta_data":{"post_id":"18571","title":null,"description":null,"keywords":null,"keyphrases":{"focus":{"keyphrase":"","score":0,"analysis":{"keyphraseInTitle":{"score":0,"maxScore":9,"error":1}}},"additional":[]},"primary_term":null,"canonical_url":null,"og_title":null,"og_description":null,"og_object_type":"default","og_image_type":"default","og_image_url":null,"og_image_width":null,"og_image_height":null,"og_image_custom_url":null,"og_image_custom_fields":null,"og_video":"","og_custom_url":null,"og_article_section":null,"og_article_tags":null,"twitter_use_og":false,"twitter_card":"default","twitter_image_type":"default","twitter_image_url":null,"twitter_image_custom_url":null,"twitter_image_custom_fields":null,"twitter_title":null,"twitter_description":null,"schema":{"blockGraphs":[],"customGraphs":[],"default":{"data":{"Article":[],"Course":[],"Dataset":[],"FAQPage":[],"Movie":[],"Person":[],"Product":[],"ProductReview":[],"Car":[],"Recipe":[],"Service":[],"SoftwareApplication":[],"WebPage":[]},"graphName":"ItemPage","isEnabled":true},"graphs":[]},"schema_type":"default","schema_type_options":null,"pillar_content":false,"robots_default":true,"robots_noindex":false,"robots_noarchive":false,"robots_nosnippet":false,"robots_nofollow":false,"robots_noimageindex":false,"robots_noodp":false,"robots_notranslate":false,"robots_max_snippet":"-1","robots_max_videopreview":"-1","robots_max_imagepreview":"large","priority":null,"frequency":"default","local_seo":null,"seo_analyzer_scan_date":"2026-01-26 23:55:38","breadcrumb_settings":null,"limit_modified_date":false,"reviewed_by":"0","open_ai":null,"ai":{"faqs":[],"keyPoints":[],"titles":[],"descriptions":[],"socialPosts":{"email":[],"linkedin":[],"twitter":[],"facebook":[],"instagram":[]}},"created":"2025-05-01 09:23:32","updated":"2026-01-27 00:01:54"},"aioseo_breadcrumb":"<div class=\"aioseo-breadcrumbs\"><span class=\"aioseo-breadcrumb\">\n\t<a href=\"https:\/\/bikeyfasty.store\" title=\"Start\">Start<\/a>\n<\/span><span class=\"aioseo-breadcrumb-separator\">\u00bb<\/span><span class=\"aioseo-breadcrumb\">\n\t<a href=\"https:\/\/bikeyfasty.store\/index.php\/geschaft\/\" title=\"Gesch\u00e4ft\">Gesch\u00e4ft<\/a>\n<\/span><span class=\"aioseo-breadcrumb-separator\">\u00bb<\/span><span class=\"aioseo-breadcrumb\">\n\t<a href=\"https:\/\/bikeyfasty.store\/index.php\/produkt-kategorie\/e-lieferroller\/\" title=\"E-Lieferroller\">E-Lieferroller<\/a>\n<\/span><span class=\"aioseo-breadcrumb-separator\">\u00bb<\/span><span class=\"aioseo-breadcrumb\">\n\tSegway Ninebot F2d Plus 460 Wh\n<\/span><\/div>","aioseo_breadcrumb_json":[{"label":"Start","link":"https:\/\/bikeyfasty.store"},{"label":"Gesch\u00e4ft","link":"https:\/\/bikeyfasty.store\/index.php\/geschaft\/"},{"label":"E-Lieferroller","link":"https:\/\/bikeyfasty.store\/index.php\/produkt-kategorie\/e-lieferroller\/"},{"label":"Segway Ninebot F2d Plus 460 Wh","link":"https:\/\/bikeyfasty.store\/index.php\/produkt\/segway-ninebot-f2d-plus\/"}],"_links":{"self":[{"href":"https:\/\/bikeyfasty.store\/index.php\/wp-json\/wp\/v2\/product\/18571","targetHints":{"allow":["GET"]}}],"collection":[{"href":"https:\/\/bikeyfasty.store\/index.php\/wp-json\/wp\/v2\/product"}],"about":[{"href":"https:\/\/bikeyfasty.store\/index.php\/wp-json\/wp\/v2\/types\/product"}],"replies":[{"embeddable":true,"href":"https:\/\/bikeyfasty.store\/index.php\/wp-json\/wp\/v2\/comments?post=18571"}],"version-history":[{"count":3,"href":"https:\/\/bikeyfasty.store\/index.php\/wp-json\/wp\/v2\/product\/18571\/revisions"}],"predecessor-version":[{"id":52206,"href":"https:\/\/bikeyfasty.store\/index.php\/wp-json\/wp\/v2\/product\/18571\/revisions\/52206"}],"wp:featuredmedia":[{"embeddable":true,"href":"https:\/\/bikeyfasty.store\/index.php\/wp-json\/wp\/v2\/media\/18706"}],"wp:attachment":[{"href":"https:\/\/bikeyfasty.store\/index.php\/wp-json\/wp\/v2\/media?parent=18571"}],"wp:term":[{"taxonomy":"product_brand","embeddable":true,"href":"https:\/\/bikeyfasty.store\/index.php\/wp-json\/wp\/v2\/product_brand?post=18571"},{"taxonomy":"product_cat","embeddable":true,"href":"https:\/\/bikeyfasty.store\/index.php\/wp-json\/wp\/v2\/product_cat?post=18571"},{"taxonomy":"product_tag","embeddable":true,"href":"https:\/\/bikeyfasty.store\/index.php\/wp-json\/wp\/v2\/product_tag?post=18571"}],"curies":[{"name":"wp","href":"https:\/\/api.w.org\/{rel}","templated":true}]}}