{"id":18797,"date":"2025-04-13T00:44:21","date_gmt":"2025-04-12T22:44:21","guid":{"rendered":"https:\/\/bikeyfasty.store\/?post_type=product&#038;p=18797"},"modified":"2026-01-27T01:03:10","modified_gmt":"2026-01-27T00:03:10","slug":"niu-kqi3-max","status":"publish","type":"product","link":"https:\/\/bikeyfasty.store\/index.php\/produkt\/niu-kqi3-max\/","title":{"rendered":"Niu Kqi3 Max bis 65 km 20 km\/h"},"content":{"rendered":"<div class=\"product--description\">\n<h4>FEATURES<\/h4>\n<ul>\n<li>Reichweite bis 65 km<\/li>\n<li>Spitzengeschwindigkeit 20 km\/h<\/li>\n<li>25% Steigung<\/li>\n<li>25% breiterer Lenker (120,2 cm H \u00d7 54,15 cm B)<\/li>\n<li>13% breitere Standfl\u00e4che (17 cm B \u00d7 57 cm L)<\/li>\n<li>30% dickere R\u00e4der (2,5 Zoll) als andere Tretroller f\u00fcr Erwachsene<\/li>\n<li>9,5-Zoll-Luftreifen mit ausgezeichneter Sto\u00dfd\u00e4mpfung<\/li>\n<li>Dreifachbremssystem: Scheibenbremse vorne und hinten und Elektrobremse hinten<\/li>\n<li>Hochleistungsf\u00e4hige Haloscheinwerfer, Bremslichter<\/li>\n<li>NIU-App<\/li>\n<li>Mit Stra\u00dfenzulassung<\/li>\n<\/ul>\n<h5>TECHNISCHE DATEN<\/h5>\n<ul>\n<li>Reichweite: 65km<\/li>\n<li>H\u00f6chstgeschwindigkeit: 20km\/h<\/li>\n<li>Max Fahrergewicht: 120kg<\/li>\n<li>App: Ja<\/li>\n<li>Mindestalter des Fahrers: 14+<\/li>\n<li>Fahrzeuggewicht (inkl. Batterie): 21.1kg<\/li>\n<li>Faltmechanismus: 2 Step Easy Folding<\/li>\n<li>Bremsen: Dual Disc Brake (Front &amp; Rear) + Regenerative braking<\/li>\n<li>Klingel: Mechanical bell<\/li>\n<li>Reifentyp: Tubeless Pneumatic<\/li>\n<li>Reifengr\u00f6\u00dfe vorne\/hinten: 241x64mm<\/li>\n<li>Fahrmodi: 4 modes: E-Save \/ Sport \/ Custom \/ Pedestrian<\/li>\n<li>Voltage: 48V<\/li>\n<li>Nennleistung: 450W<\/li>\n<li>Batterie: 608Wh<\/li>\n<li>Akku-Ladezeit: 8h<\/li>\n<li>Fahrmodi: 4 modes: E-Save \/ Sport \/ Custom \/ Pedestrian<\/li>\n<li>H\u00f6chstleistung: 900W<\/li>\n<li>Fahrmodus einstellen: Ja<\/li>\n<li>Intelligentes entriegeln: Ja<\/li>\n<li>Fahrer Statistik: Ja<\/li>\n<li>Bluetooth Konnektivit\u00e4t: Ja<\/li>\n<li>OTA (over the air) Updates: Ja<\/li>\n<li>Lichter: Front &amp; Rear LED<\/li>\n<li>Display: LED<\/li>\n<li>L\u00e4nge: 1130mm<\/li>\n<li>Breite: 170mm<\/li>\n<li>Breite (Main body): 541.5mm<\/li>\n<li>H\u00f6he: 1202mm<\/li>\n<li>Zusammengeklappt: 1130\u00d7541.5\u00d7504mm<\/li>\n<\/ul>\n<h5>HINWEISE<\/h5>\n<ul>\n<li>*Die Reichweite basiert auf einer 75kg Last bei einer Temperatur von 25 \u2103, die mit einer konstanten Geschwindigkeit von 15km\/h auf einer flachen Stra\u00dfe getestet wird<\/li>\n<li>* Wenn nicht anders angegeben, sind die Daten, um die es auf dieser Website geht, das Ergebnis interner Tests<\/li>\n<li>* Aufgrund der Eigenschaften von Lithium-Batterien nimmt die maximale Kapazit\u00e4t der Batterie nach einer gewissen Zeit der Nutzung ab. Die Niu App wird je nach Land und Softwareversion variieren. Die Modelle, die auf dieser Webseite angezeigt werden, variieren je nach Markt in verschiedenen L\u00e4ndern und Regionen. Der Inhalt dieser Website dient nur als Referenz. F\u00fcr Fahrzeugspezifikationen und Informationen zur Standardkonfiguration beziehst du dich bitte auf die Informationen, die am tats\u00e4chlichen Ort des Kaufs bereitgestellt werden<\/li>\n<li>* Die Bilder, Modelle, Leistungen und Funktionen auf dieser Seite dienen nur als Referenz. F\u00fcr Details verweisen wir auf das tats\u00e4chliche Produkt<\/li>\n<\/ul>\n<h5>LIEFERUMFANG<\/h5>\n<ul>\n<li>1x NIU KQi3 Max<\/li>\n<li>1x NIU KQi3 Ladeger\u00e4t<\/li>\n<\/ul>\n<\/div>\n<p>EAN-Nr: 6972782764804<\/p>\n","protected":false},"excerpt":{"rendered":"<ul>\n<li>Reichweite bis 65 km<\/li>\n<li>Spitzengeschwindigkeit 20 km\/h<\/li>\n<li>25% Steigung<\/li>\n<li>25% breiterer Lenker (120,2 cm H \u00d7 54,15 cm B)<\/li>\n<li>13% breitere Standfl\u00e4che (17 cm B \u00d7 57 cm L)<\/li>\n<li>30% dickere R\u00e4der (2,5 Zoll) als andere Tretroller f\u00fcr Erwachsene<\/li>\n<\/ul>\n","protected":false},"featured_media":18831,"comment_status":"open","ping_status":"closed","template":"","meta":{"googlesitekit_rrm_CAowq6HFDA:productID":"","om_disable_all_campaigns":false,"_monsterinsights_skip_tracking":false,"_monsterinsights_sitenote_active":false,"_monsterinsights_sitenote_note":"","_monsterinsights_sitenote_category":0,"_uf_show_specific_survey":0,"_uf_disable_surveys":false},"product_brand":[],"product_cat":[20],"product_tag":[],"class_list":{"0":"post-18797","1":"product","2":"type-product","3":"status-publish","4":"has-post-thumbnail","6":"product_cat-e-lieferroller","8":"first","9":"instock","10":"sale","11":"taxable","12":"shipping-taxable","13":"purchasable","14":"product-type-simple"},"aioseo_notices":[],"aioseo_head":"\n\t\t<!-- All in One SEO Pro 4.9.5.2 - aioseo.com -->\n\t<meta name=\"description\" content=\"Reichweite bis 65 km Spitzengeschwindigkeit 20 km\/h 25% Steigung 25% breiterer Lenker (120,2 cm H \u00d7 54,15 cm B) 13% breitere Standfl\u00e4che (17 cm B \u00d7 57 cm L) 30% dickere R\u00e4der (2,5 Zoll) als andere Tretroller f\u00fcr Erwachsene\" \/>\n\t<meta name=\"robots\" content=\"max-image-preview:large\" \/>\n\t<meta name=\"google-site-verification\" content=\"leF1qydUwZM4hbNEWkzXBgJ5cwNBnthZjCldnstJI-8\" \/>\n\t<meta name=\"msvalidate.01\" content=\"F4CE253B53A296EF4B982618F43BD699\" \/>\n\t<meta name=\"yandex-verification\" content=\"2c6c63eaf20e4d4b\" \/>\n\t<link rel=\"canonical\" href=\"https:\/\/bikeyfasty.store\/index.php\/produkt\/niu-kqi3-max\/\" \/>\n\t<meta name=\"generator\" content=\"All in One SEO Pro (AIOSEO) 4.9.5.2\" \/>\n\t\t<meta property=\"og:locale\" content=\"de_DE\" \/>\n\t\t<meta property=\"og:site_name\" content=\"Bikey Fasty - Die bestenIhre besten Fahrr\u00e4der\" \/>\n\t\t<meta property=\"og:type\" content=\"article\" \/>\n\t\t<meta property=\"og:title\" content=\"Niu Kqi3 Max bis 65 km 20 km\/h - Bikey Fasty\" \/>\n\t\t<meta property=\"og:description\" content=\"Reichweite bis 65 km Spitzengeschwindigkeit 20 km\/h 25% Steigung 25% breiterer Lenker (120,2 cm H \u00d7 54,15 cm B) 13% breitere Standfl\u00e4che (17 cm B \u00d7 57 cm L) 30% dickere R\u00e4der (2,5 Zoll) als andere Tretroller f\u00fcr Erwachsene\" \/>\n\t\t<meta property=\"og:url\" content=\"https:\/\/bikeyfasty.store\/index.php\/produkt\/niu-kqi3-max\/\" \/>\n\t\t<meta property=\"og:image\" content=\"https:\/\/bikeyfasty.store\/wp-content\/uploads\/2026\/01\/unnamed-file.png\" \/>\n\t\t<meta property=\"og:image:secure_url\" content=\"https:\/\/bikeyfasty.store\/wp-content\/uploads\/2026\/01\/unnamed-file.png\" \/>\n\t\t<meta property=\"og:image:width\" content=\"616\" \/>\n\t\t<meta property=\"og:image:height\" content=\"447\" \/>\n\t\t<meta property=\"article:published_time\" content=\"2025-04-12T22:44:21+00:00\" \/>\n\t\t<meta property=\"article:modified_time\" content=\"2026-01-27T00:03:10+00:00\" \/>\n\t\t<meta name=\"twitter:card\" content=\"summary_large_image\" \/>\n\t\t<meta name=\"twitter:title\" content=\"Niu Kqi3 Max bis 65 km 20 km\/h - Bikey Fasty\" \/>\n\t\t<meta name=\"twitter:description\" content=\"Reichweite bis 65 km Spitzengeschwindigkeit 20 km\/h 25% Steigung 25% breiterer Lenker (120,2 cm H \u00d7 54,15 cm B) 13% breitere Standfl\u00e4che (17 cm B \u00d7 57 cm L) 30% dickere R\u00e4der (2,5 Zoll) als andere Tretroller f\u00fcr Erwachsene\" \/>\n\t\t<meta name=\"twitter:image\" content=\"https:\/\/bikeyfasty.store\/wp-content\/uploads\/2026\/01\/unnamed-file.png\" \/>\n\t\t<script type=\"application\/ld+json\" class=\"aioseo-schema\">\n\t\t\t{\"@context\":\"https:\\\/\\\/schema.org\",\"@graph\":[{\"@type\":\"BreadcrumbList\",\"@id\":\"https:\\\/\\\/bikeyfasty.store\\\/index.php\\\/produkt\\\/niu-kqi3-max\\\/#breadcrumblist\",\"itemListElement\":[{\"@type\":\"ListItem\",\"@id\":\"https:\\\/\\\/bikeyfasty.store#listItem\",\"position\":1,\"name\":\"Start\",\"item\":\"https:\\\/\\\/bikeyfasty.store\",\"nextItem\":{\"@type\":\"ListItem\",\"@id\":\"https:\\\/\\\/bikeyfasty.store\\\/index.php\\\/geschaft\\\/#listItem\",\"name\":\"Gesch\\u00e4ft\"}},{\"@type\":\"ListItem\",\"@id\":\"https:\\\/\\\/bikeyfasty.store\\\/index.php\\\/geschaft\\\/#listItem\",\"position\":2,\"name\":\"Gesch\\u00e4ft\",\"item\":\"https:\\\/\\\/bikeyfasty.store\\\/index.php\\\/geschaft\\\/\",\"nextItem\":{\"@type\":\"ListItem\",\"@id\":\"https:\\\/\\\/bikeyfasty.store\\\/index.php\\\/produkt-kategorie\\\/e-lieferroller\\\/#listItem\",\"name\":\"E-Lieferroller\"},\"previousItem\":{\"@type\":\"ListItem\",\"@id\":\"https:\\\/\\\/bikeyfasty.store#listItem\",\"name\":\"Start\"}},{\"@type\":\"ListItem\",\"@id\":\"https:\\\/\\\/bikeyfasty.store\\\/index.php\\\/produkt-kategorie\\\/e-lieferroller\\\/#listItem\",\"position\":3,\"name\":\"E-Lieferroller\",\"item\":\"https:\\\/\\\/bikeyfasty.store\\\/index.php\\\/produkt-kategorie\\\/e-lieferroller\\\/\",\"nextItem\":{\"@type\":\"ListItem\",\"@id\":\"https:\\\/\\\/bikeyfasty.store\\\/index.php\\\/produkt\\\/niu-kqi3-max\\\/#listItem\",\"name\":\"Niu Kqi3 Max bis 65 km 20 km\\\/h\"},\"previousItem\":{\"@type\":\"ListItem\",\"@id\":\"https:\\\/\\\/bikeyfasty.store\\\/index.php\\\/geschaft\\\/#listItem\",\"name\":\"Gesch\\u00e4ft\"}},{\"@type\":\"ListItem\",\"@id\":\"https:\\\/\\\/bikeyfasty.store\\\/index.php\\\/produkt\\\/niu-kqi3-max\\\/#listItem\",\"position\":4,\"name\":\"Niu Kqi3 Max bis 65 km 20 km\\\/h\",\"previousItem\":{\"@type\":\"ListItem\",\"@id\":\"https:\\\/\\\/bikeyfasty.store\\\/index.php\\\/produkt-kategorie\\\/e-lieferroller\\\/#listItem\",\"name\":\"E-Lieferroller\"}}]},{\"@type\":\"ItemPage\",\"@id\":\"https:\\\/\\\/bikeyfasty.store\\\/index.php\\\/produkt\\\/niu-kqi3-max\\\/#itempage\",\"url\":\"https:\\\/\\\/bikeyfasty.store\\\/index.php\\\/produkt\\\/niu-kqi3-max\\\/\",\"name\":\"Niu Kqi3 Max bis 65 km 20 km\\\/h - Bikey Fasty\",\"description\":\"Reichweite bis 65 km Spitzengeschwindigkeit 20 km\\\/h 25% Steigung 25% breiterer Lenker (120,2 cm H \\u00d7 54,15 cm B) 13% breitere Standfl\\u00e4che (17 cm B \\u00d7 57 cm L) 30% dickere R\\u00e4der (2,5 Zoll) als andere Tretroller f\\u00fcr Erwachsene\",\"inLanguage\":\"de-DE\",\"isPartOf\":{\"@id\":\"https:\\\/\\\/bikeyfasty.store\\\/#website\"},\"breadcrumb\":{\"@id\":\"https:\\\/\\\/bikeyfasty.store\\\/index.php\\\/produkt\\\/niu-kqi3-max\\\/#breadcrumblist\"},\"image\":{\"@type\":\"ImageObject\",\"url\":\"https:\\\/\\\/bikeyfasty.store\\\/wp-content\\\/uploads\\\/2025\\\/04\\\/rerererer-1.webp\",\"@id\":\"https:\\\/\\\/bikeyfasty.store\\\/index.php\\\/produkt\\\/niu-kqi3-max\\\/#mainImage\",\"width\":2022,\"height\":2022},\"primaryImageOfPage\":{\"@id\":\"https:\\\/\\\/bikeyfasty.store\\\/index.php\\\/produkt\\\/niu-kqi3-max\\\/#mainImage\"},\"datePublished\":\"2025-04-13T00:44:21+02:00\",\"dateModified\":\"2026-01-27T01:03:10+01:00\"},{\"@type\":\"Organization\",\"@id\":\"https:\\\/\\\/bikeyfasty.store\\\/#organization\",\"name\":\"#Bikey Fasty BIKEY FASTY\",\"description\":\"Die bestenIhre besten Fahrr\\u00e4der Deine elektrische Mobilit\\u00e4t beginnt hier Die Zukunft der Mobilit\\u00e4t \\u2013 heute\",\"url\":\"https:\\\/\\\/bikeyfasty.store\\\/\",\"email\":\"contact@bikeyfasty.store\",\"telephone\":\"+4915510400141\",\"foundingDate\":\"1945-11-29\",\"numberOfEmployees\":{\"@type\":\"QuantitativeValue\",\"value\":27},\"logo\":{\"@type\":\"ImageObject\",\"url\":\"https:\\\/\\\/bikeyfasty.store\\\/wp-content\\\/uploads\\\/2026\\\/01\\\/unnamed-file.png\",\"@id\":\"https:\\\/\\\/bikeyfasty.store\\\/index.php\\\/produkt\\\/niu-kqi3-max\\\/#organizationLogo\",\"width\":616,\"height\":447,\"caption\":\"( ( ( ( (\"},\"image\":{\"@id\":\"https:\\\/\\\/bikeyfasty.store\\\/index.php\\\/produkt\\\/niu-kqi3-max\\\/#organizationLogo\"},\"address\":{\"@id\":\"https:\\\/\\\/bikeyfasty.store\\\/#postaladdress\",\"@type\":\"PostalAddress\",\"streetAddress\":\"Karl-Liebknecht-Str. 13,\",\"postalCode\":\"10178\",\"addressLocality\":\"Berlin\",\"addressRegion\":\"Berlin\",\"addressCountry\":\"DE\"}},{\"@type\":\"WebPage\",\"@id\":\"https:\\\/\\\/bikeyfasty.store\\\/index.php\\\/produkt\\\/niu-kqi3-max\\\/#webpage\",\"url\":\"https:\\\/\\\/bikeyfasty.store\\\/index.php\\\/produkt\\\/niu-kqi3-max\\\/\",\"name\":\"Niu Kqi3 Max bis 65 km 20 km\\\/h - Bikey Fasty\",\"description\":\"Reichweite bis 65 km Spitzengeschwindigkeit 20 km\\\/h 25% Steigung 25% breiterer Lenker (120,2 cm H \\u00d7 54,15 cm B) 13% breitere Standfl\\u00e4che (17 cm B \\u00d7 57 cm L) 30% dickere R\\u00e4der (2,5 Zoll) als andere Tretroller f\\u00fcr Erwachsene\",\"inLanguage\":\"de-DE\",\"isPartOf\":{\"@id\":\"https:\\\/\\\/bikeyfasty.store\\\/#website\"},\"breadcrumb\":{\"@id\":\"https:\\\/\\\/bikeyfasty.store\\\/index.php\\\/produkt\\\/niu-kqi3-max\\\/#breadcrumblist\"},\"image\":{\"@type\":\"ImageObject\",\"url\":\"https:\\\/\\\/bikeyfasty.store\\\/wp-content\\\/uploads\\\/2025\\\/04\\\/rerererer-1.webp\",\"@id\":\"https:\\\/\\\/bikeyfasty.store\\\/index.php\\\/produkt\\\/niu-kqi3-max\\\/#mainImage\",\"width\":2022,\"height\":2022},\"primaryImageOfPage\":{\"@id\":\"https:\\\/\\\/bikeyfasty.store\\\/index.php\\\/produkt\\\/niu-kqi3-max\\\/#mainImage\"},\"datePublished\":\"2025-04-13T00:44:21+02:00\",\"dateModified\":\"2026-01-27T01:03:10+01:00\"},{\"@type\":\"WebSite\",\"@id\":\"https:\\\/\\\/bikeyfasty.store\\\/#website\",\"url\":\"https:\\\/\\\/bikeyfasty.store\\\/\",\"name\":\"Bikey Fasty\",\"description\":\"Die bestenIhre besten Fahrr\\u00e4der\",\"inLanguage\":\"de-DE\",\"publisher\":{\"@id\":\"https:\\\/\\\/bikeyfasty.store\\\/#organization\"}}]}\n\t\t<\/script>\n\t\t<script type=\"text\/javascript\">\n\t\t\t(function(c,l,a,r,i,t,y){\n\t\t\tc[a]=c[a]||function(){(c[a].q=c[a].q||[]).push(arguments)};t=l.createElement(r);t.async=1;\n\t\t\tt.src=\"https:\/\/www.clarity.ms\/tag\/\"+i+\"?ref=aioseo\";y=l.getElementsByTagName(r)[0];y.parentNode.insertBefore(t,y);\n\t\t})(window, document, \"clarity\", \"script\", \"v74e4fvqvw\");\n\t\t<\/script>\n\t\t<!-- All in One SEO Pro -->\r\n\t\t<title>Niu Kqi3 Max bis 65 km 20 km\/h - Bikey Fasty<\/title>\n\n","aioseo_head_json":{"title":"Niu Kqi3 Max bis 65 km 20 km\/h - Bikey Fasty","description":"Reichweite bis 65 km Spitzengeschwindigkeit 20 km\/h 25% Steigung 25% breiterer Lenker (120,2 cm H \u00d7 54,15 cm B) 13% breitere Standfl\u00e4che (17 cm B \u00d7 57 cm L) 30% dickere R\u00e4der (2,5 Zoll) als andere Tretroller f\u00fcr Erwachsene","canonical_url":"https:\/\/bikeyfasty.store\/index.php\/produkt\/niu-kqi3-max\/","robots":"max-image-preview:large","keywords":"","webmasterTools":{"google-site-verification":"leF1qydUwZM4hbNEWkzXBgJ5cwNBnthZjCldnstJI-8","msvalidate.01":"F4CE253B53A296EF4B982618F43BD699","yandex-verification":"2c6c63eaf20e4d4b","miscellaneous":""},"schema":{"@context":"https:\/\/schema.org","@graph":[{"@type":"BreadcrumbList","@id":"https:\/\/bikeyfasty.store\/index.php\/produkt\/niu-kqi3-max\/#breadcrumblist","itemListElement":[{"@type":"ListItem","@id":"https:\/\/bikeyfasty.store#listItem","position":1,"name":"Start","item":"https:\/\/bikeyfasty.store","nextItem":{"@type":"ListItem","@id":"https:\/\/bikeyfasty.store\/index.php\/geschaft\/#listItem","name":"Gesch\u00e4ft"}},{"@type":"ListItem","@id":"https:\/\/bikeyfasty.store\/index.php\/geschaft\/#listItem","position":2,"name":"Gesch\u00e4ft","item":"https:\/\/bikeyfasty.store\/index.php\/geschaft\/","nextItem":{"@type":"ListItem","@id":"https:\/\/bikeyfasty.store\/index.php\/produkt-kategorie\/e-lieferroller\/#listItem","name":"E-Lieferroller"},"previousItem":{"@type":"ListItem","@id":"https:\/\/bikeyfasty.store#listItem","name":"Start"}},{"@type":"ListItem","@id":"https:\/\/bikeyfasty.store\/index.php\/produkt-kategorie\/e-lieferroller\/#listItem","position":3,"name":"E-Lieferroller","item":"https:\/\/bikeyfasty.store\/index.php\/produkt-kategorie\/e-lieferroller\/","nextItem":{"@type":"ListItem","@id":"https:\/\/bikeyfasty.store\/index.php\/produkt\/niu-kqi3-max\/#listItem","name":"Niu Kqi3 Max bis 65 km 20 km\/h"},"previousItem":{"@type":"ListItem","@id":"https:\/\/bikeyfasty.store\/index.php\/geschaft\/#listItem","name":"Gesch\u00e4ft"}},{"@type":"ListItem","@id":"https:\/\/bikeyfasty.store\/index.php\/produkt\/niu-kqi3-max\/#listItem","position":4,"name":"Niu Kqi3 Max bis 65 km 20 km\/h","previousItem":{"@type":"ListItem","@id":"https:\/\/bikeyfasty.store\/index.php\/produkt-kategorie\/e-lieferroller\/#listItem","name":"E-Lieferroller"}}]},{"@type":"ItemPage","@id":"https:\/\/bikeyfasty.store\/index.php\/produkt\/niu-kqi3-max\/#itempage","url":"https:\/\/bikeyfasty.store\/index.php\/produkt\/niu-kqi3-max\/","name":"Niu Kqi3 Max bis 65 km 20 km\/h - Bikey Fasty","description":"Reichweite bis 65 km Spitzengeschwindigkeit 20 km\/h 25% Steigung 25% breiterer Lenker (120,2 cm H \u00d7 54,15 cm B) 13% breitere Standfl\u00e4che (17 cm B \u00d7 57 cm L) 30% dickere R\u00e4der (2,5 Zoll) als andere Tretroller f\u00fcr Erwachsene","inLanguage":"de-DE","isPartOf":{"@id":"https:\/\/bikeyfasty.store\/#website"},"breadcrumb":{"@id":"https:\/\/bikeyfasty.store\/index.php\/produkt\/niu-kqi3-max\/#breadcrumblist"},"image":{"@type":"ImageObject","url":"https:\/\/bikeyfasty.store\/wp-content\/uploads\/2025\/04\/rerererer-1.webp","@id":"https:\/\/bikeyfasty.store\/index.php\/produkt\/niu-kqi3-max\/#mainImage","width":2022,"height":2022},"primaryImageOfPage":{"@id":"https:\/\/bikeyfasty.store\/index.php\/produkt\/niu-kqi3-max\/#mainImage"},"datePublished":"2025-04-13T00:44:21+02:00","dateModified":"2026-01-27T01:03:10+01:00"},{"@type":"Organization","@id":"https:\/\/bikeyfasty.store\/#organization","name":"#Bikey Fasty BIKEY FASTY","description":"Die bestenIhre besten Fahrr\u00e4der Deine elektrische Mobilit\u00e4t beginnt hier Die Zukunft der Mobilit\u00e4t \u2013 heute","url":"https:\/\/bikeyfasty.store\/","email":"contact@bikeyfasty.store","telephone":"+4915510400141","foundingDate":"1945-11-29","numberOfEmployees":{"@type":"QuantitativeValue","value":27},"logo":{"@type":"ImageObject","url":"https:\/\/bikeyfasty.store\/wp-content\/uploads\/2026\/01\/unnamed-file.png","@id":"https:\/\/bikeyfasty.store\/index.php\/produkt\/niu-kqi3-max\/#organizationLogo","width":616,"height":447,"caption":"( ( ( ( ("},"image":{"@id":"https:\/\/bikeyfasty.store\/index.php\/produkt\/niu-kqi3-max\/#organizationLogo"},"address":{"@id":"https:\/\/bikeyfasty.store\/#postaladdress","@type":"PostalAddress","streetAddress":"Karl-Liebknecht-Str. 13,","postalCode":"10178","addressLocality":"Berlin","addressRegion":"Berlin","addressCountry":"DE"}},{"@type":"WebPage","@id":"https:\/\/bikeyfasty.store\/index.php\/produkt\/niu-kqi3-max\/#webpage","url":"https:\/\/bikeyfasty.store\/index.php\/produkt\/niu-kqi3-max\/","name":"Niu Kqi3 Max bis 65 km 20 km\/h - Bikey Fasty","description":"Reichweite bis 65 km Spitzengeschwindigkeit 20 km\/h 25% Steigung 25% breiterer Lenker (120,2 cm H \u00d7 54,15 cm B) 13% breitere Standfl\u00e4che (17 cm B \u00d7 57 cm L) 30% dickere R\u00e4der (2,5 Zoll) als andere Tretroller f\u00fcr Erwachsene","inLanguage":"de-DE","isPartOf":{"@id":"https:\/\/bikeyfasty.store\/#website"},"breadcrumb":{"@id":"https:\/\/bikeyfasty.store\/index.php\/produkt\/niu-kqi3-max\/#breadcrumblist"},"image":{"@type":"ImageObject","url":"https:\/\/bikeyfasty.store\/wp-content\/uploads\/2025\/04\/rerererer-1.webp","@id":"https:\/\/bikeyfasty.store\/index.php\/produkt\/niu-kqi3-max\/#mainImage","width":2022,"height":2022},"primaryImageOfPage":{"@id":"https:\/\/bikeyfasty.store\/index.php\/produkt\/niu-kqi3-max\/#mainImage"},"datePublished":"2025-04-13T00:44:21+02:00","dateModified":"2026-01-27T01:03:10+01:00"},{"@type":"WebSite","@id":"https:\/\/bikeyfasty.store\/#website","url":"https:\/\/bikeyfasty.store\/","name":"Bikey Fasty","description":"Die bestenIhre besten Fahrr\u00e4der","inLanguage":"de-DE","publisher":{"@id":"https:\/\/bikeyfasty.store\/#organization"}}]},"og:locale":"de_DE","og:site_name":"Bikey Fasty - Die bestenIhre besten Fahrr\u00e4der","og:type":"article","og:title":"Niu Kqi3 Max bis 65 km 20 km\/h - Bikey Fasty","og:description":"Reichweite bis 65 km Spitzengeschwindigkeit 20 km\/h 25% Steigung 25% breiterer Lenker (120,2 cm H \u00d7 54,15 cm B) 13% breitere Standfl\u00e4che (17 cm B \u00d7 57 cm L) 30% dickere R\u00e4der (2,5 Zoll) als andere Tretroller f\u00fcr Erwachsene","og:url":"https:\/\/bikeyfasty.store\/index.php\/produkt\/niu-kqi3-max\/","og:image":"https:\/\/bikeyfasty.store\/wp-content\/uploads\/2026\/01\/unnamed-file.png","og:image:secure_url":"https:\/\/bikeyfasty.store\/wp-content\/uploads\/2026\/01\/unnamed-file.png","og:image:width":616,"og:image:height":447,"article:published_time":"2025-04-12T22:44:21+00:00","article:modified_time":"2026-01-27T00:03:10+00:00","twitter:card":"summary_large_image","twitter:title":"Niu Kqi3 Max bis 65 km 20 km\/h - Bikey Fasty","twitter:description":"Reichweite bis 65 km Spitzengeschwindigkeit 20 km\/h 25% Steigung 25% breiterer Lenker (120,2 cm H \u00d7 54,15 cm B) 13% breitere Standfl\u00e4che (17 cm B \u00d7 57 cm L) 30% dickere R\u00e4der (2,5 Zoll) als andere Tretroller f\u00fcr Erwachsene","twitter:image":"https:\/\/bikeyfasty.store\/wp-content\/uploads\/2026\/01\/unnamed-file.png"},"aioseo_meta_data":{"post_id":"18797","title":null,"description":null,"keywords":null,"keyphrases":{"focus":{"keyphrase":"","score":0,"analysis":{"keyphraseInTitle":{"score":0,"maxScore":9,"error":1}}},"additional":[]},"primary_term":null,"canonical_url":null,"og_title":null,"og_description":null,"og_object_type":"default","og_image_type":"default","og_image_url":null,"og_image_width":null,"og_image_height":null,"og_image_custom_url":null,"og_image_custom_fields":null,"og_video":"","og_custom_url":null,"og_article_section":null,"og_article_tags":null,"twitter_use_og":false,"twitter_card":"default","twitter_image_type":"default","twitter_image_url":null,"twitter_image_custom_url":null,"twitter_image_custom_fields":null,"twitter_title":null,"twitter_description":null,"schema":{"blockGraphs":[],"customGraphs":[],"default":{"data":{"Article":[],"Course":[],"Dataset":[],"FAQPage":[],"Movie":[],"Person":[],"Product":[],"ProductReview":[],"Car":[],"Recipe":[],"Service":[],"SoftwareApplication":[],"WebPage":[]},"graphName":"ItemPage","isEnabled":true},"graphs":[]},"schema_type":"default","schema_type_options":null,"pillar_content":false,"robots_default":true,"robots_noindex":false,"robots_noarchive":false,"robots_nosnippet":false,"robots_nofollow":false,"robots_noimageindex":false,"robots_noodp":false,"robots_notranslate":false,"robots_max_snippet":"-1","robots_max_videopreview":"-1","robots_max_imagepreview":"large","priority":null,"frequency":"default","local_seo":null,"seo_analyzer_scan_date":"2026-01-27 00:17:52","breadcrumb_settings":null,"limit_modified_date":false,"reviewed_by":"0","open_ai":null,"ai":{"faqs":[],"keyPoints":[],"titles":[],"descriptions":[],"socialPosts":{"email":[],"linkedin":[],"twitter":[],"facebook":[],"instagram":[]}},"created":"2025-05-01 09:24:34","updated":"2026-01-27 00:17:52"},"aioseo_breadcrumb":"<div class=\"aioseo-breadcrumbs\"><span class=\"aioseo-breadcrumb\">\n\t<a href=\"https:\/\/bikeyfasty.store\" title=\"Start\">Start<\/a>\n<\/span><span class=\"aioseo-breadcrumb-separator\">\u00bb<\/span><span class=\"aioseo-breadcrumb\">\n\t<a href=\"https:\/\/bikeyfasty.store\/index.php\/geschaft\/\" title=\"Gesch\u00e4ft\">Gesch\u00e4ft<\/a>\n<\/span><span class=\"aioseo-breadcrumb-separator\">\u00bb<\/span><span class=\"aioseo-breadcrumb\">\n\t<a href=\"https:\/\/bikeyfasty.store\/index.php\/produkt-kategorie\/e-lieferroller\/\" title=\"E-Lieferroller\">E-Lieferroller<\/a>\n<\/span><span class=\"aioseo-breadcrumb-separator\">\u00bb<\/span><span class=\"aioseo-breadcrumb\">\n\tNiu Kqi3 Max bis 65 km 20 km\/h\n<\/span><\/div>","aioseo_breadcrumb_json":[{"label":"Start","link":"https:\/\/bikeyfasty.store"},{"label":"Gesch\u00e4ft","link":"https:\/\/bikeyfasty.store\/index.php\/geschaft\/"},{"label":"E-Lieferroller","link":"https:\/\/bikeyfasty.store\/index.php\/produkt-kategorie\/e-lieferroller\/"},{"label":"Niu Kqi3 Max bis 65 km 20 km\/h","link":"https:\/\/bikeyfasty.store\/index.php\/produkt\/niu-kqi3-max\/"}],"_links":{"self":[{"href":"https:\/\/bikeyfasty.store\/index.php\/wp-json\/wp\/v2\/product\/18797","targetHints":{"allow":["GET"]}}],"collection":[{"href":"https:\/\/bikeyfasty.store\/index.php\/wp-json\/wp\/v2\/product"}],"about":[{"href":"https:\/\/bikeyfasty.store\/index.php\/wp-json\/wp\/v2\/types\/product"}],"replies":[{"embeddable":true,"href":"https:\/\/bikeyfasty.store\/index.php\/wp-json\/wp\/v2\/comments?post=18797"}],"version-history":[{"count":3,"href":"https:\/\/bikeyfasty.store\/index.php\/wp-json\/wp\/v2\/product\/18797\/revisions"}],"predecessor-version":[{"id":52216,"href":"https:\/\/bikeyfasty.store\/index.php\/wp-json\/wp\/v2\/product\/18797\/revisions\/52216"}],"wp:featuredmedia":[{"embeddable":true,"href":"https:\/\/bikeyfasty.store\/index.php\/wp-json\/wp\/v2\/media\/18831"}],"wp:attachment":[{"href":"https:\/\/bikeyfasty.store\/index.php\/wp-json\/wp\/v2\/media?parent=18797"}],"wp:term":[{"taxonomy":"product_brand","embeddable":true,"href":"https:\/\/bikeyfasty.store\/index.php\/wp-json\/wp\/v2\/product_brand?post=18797"},{"taxonomy":"product_cat","embeddable":true,"href":"https:\/\/bikeyfasty.store\/index.php\/wp-json\/wp\/v2\/product_cat?post=18797"},{"taxonomy":"product_tag","embeddable":true,"href":"https:\/\/bikeyfasty.store\/index.php\/wp-json\/wp\/v2\/product_tag?post=18797"}],"curies":[{"name":"wp","href":"https:\/\/api.w.org\/{rel}","templated":true}]}}