{"id":18838,"date":"2025-04-13T00:44:43","date_gmt":"2025-04-12T22:44:43","guid":{"rendered":"https:\/\/bikeyfasty.store\/?post_type=product&#038;p=18838"},"modified":"2026-01-27T00:23:22","modified_gmt":"2026-01-26T23:23:22","slug":"trittbrett-fritz-135-ah-2","status":"publish","type":"product","link":"https:\/\/bikeyfasty.store\/index.php\/produkt\/trittbrett-fritz-135-ah-2\/","title":{"rendered":"Trittbrett Fritz 13,5 Ah 500 Watt Motor"},"content":{"rendered":"<div class=\"product--description\">\n<h4>HIER KOMMT FRITZ !<\/h4>\n<p>Der Hersteller hat uns eure W\u00fcnsche sehr zu Herzen genommen und einen preiswerten Allesk\u00f6nner entwickelt. Eine Eierlegende Wollmilchsau ist FRITZ nicht, da m\u00fcsst ihr noch auf HILDE warten.<\/p>\n<p>Der Hersteller verwendet diesmal keine Bauteile von BOSCH, W\u00dcRTH oder LG, sondern von namhaften chinesischen Herstellern, wie es auch die meisten Wettbewerber tun. Daher ist es m\u00f6glich, FRITZ zu einem super Preis mit dem gewohnt guten Trittbrett-Service anzubieten.<\/p>\n<p>In der Preisklasse macht er auf den ersten Blick einen Unterschied. Seine Gr\u00f6\u00dfe ist beeindruckend, die gro\u00dfe Bodenfreiheit bringt dich \u00fcber alle Hindernisse hinweg und die 3-fach Sto\u00dfd\u00e4mpfer b\u00fcgeln alle Unebenheiten f\u00fcr einen perfekten Fahrkomfort aus. Mit seinem 500 Watt 48V Motor und einer Peakleistung von 1.200 Watt, kommst du flott voran. Auch FRITZ nutzt die Toleranz von 10% aus.<\/p>\n<h5>FEATURES<\/h5>\n<ul>\n<li>Gewicht: 26kg<\/li>\n<li>Ma\u00dfe-Scooter: H 130cm, B 64cm (Lenker), L 120cm<\/li>\n<li>Ma\u00dfe- Trittbrett: B 20cm, L 55cm<\/li>\n<li>Motor: 500 Watt Motor<\/li>\n<li>Batterie: Hochwertiger Lithiumionen Akku 13,5 Ah &amp; 18,0 Ah<\/li>\n<li>Reichweite: ca. 60km (13,5Ah) &#8211; ca. 80km (18 Ah)<\/li>\n<li>Ladezeit: ca. 500 Minuten<\/li>\n<li>Bremsen: Trommelbremsen vorne und hinten<\/li>\n<li>Maximale Zuladung: 140 kg<\/li>\n<li>Reifen: Hochwertige 10&#8243; Tubeless-Luftreifen<\/li>\n<li>Schloss: Elektronische Wegfahrsperre<\/li>\n<\/ul>\n<h5>LIEFERUMFANG<\/h5>\n<ul>\n<li>1x E-Scooter Fritz in gew\u00e4hlter Ausf\u00fchrung<\/li>\n<li>1x Bedienungsanleitung<\/li>\n<li>1x Allgemeine Betriebserlaubnis (ABE)<\/li>\n<li>1x Erg\u00e4nzende Dokumente<\/li>\n<li>1x Ladeger\u00e4t<\/li>\n<\/ul>\n<\/div>\n<p>EAN-Nr: 4260643612756<\/p>\n","protected":false},"excerpt":{"rendered":"<ul>\n<li>Gewicht: 26kg<\/li>\n<li>Ma\u00dfe-Scooter: H 130cm, B 64cm (Lenker), L 120cm<\/li>\n<li>Ma\u00dfe- Trittbrett: B 20cm, L 55cm<\/li>\n<li>Motor: 500 Watt Motor<\/li>\n<li>Batterie: Hochwertiger Lithiumionen Akku 13,5 Ah &amp; 18,0 Ah<\/li>\n<li>Reichweite: ca. 60km (13,5Ah) &#8211; ca. 80km (18 Ah)<\/li>\n<li>Ladezeit: ca. 500 Minuten<\/li>\n<\/ul>\n","protected":false},"featured_media":18895,"comment_status":"open","ping_status":"closed","template":"","meta":{"googlesitekit_rrm_CAowq6HFDA:productID":"","om_disable_all_campaigns":false,"_monsterinsights_skip_tracking":false,"_monsterinsights_sitenote_active":false,"_monsterinsights_sitenote_note":"","_monsterinsights_sitenote_category":0,"_uf_show_specific_survey":0,"_uf_disable_surveys":false},"product_brand":[],"product_cat":[20],"product_tag":[],"class_list":{"0":"post-18838","1":"product","2":"type-product","3":"status-publish","4":"has-post-thumbnail","6":"product_cat-e-lieferroller","8":"first","9":"instock","10":"sale","11":"taxable","12":"shipping-taxable","13":"purchasable","14":"product-type-simple"},"aioseo_notices":[],"aioseo_head":"\n\t\t<!-- All in One SEO Pro 4.9.5.2 - aioseo.com -->\n\t<meta name=\"description\" content=\"Gewicht: 26kg Ma\u00dfe-Scooter: H 130cm, B 64cm (Lenker), L 120cm Ma\u00dfe- Trittbrett: B 20cm, L 55cm Motor: 500 Watt Motor Batterie: Hochwertiger Lithiumionen Akku 13,5 Ah &amp; 18,0 Ah Reichweite: ca. 60km (13,5Ah) - ca. 80km (18 Ah) Ladezeit: ca. 500 Minuten\" \/>\n\t<meta name=\"robots\" content=\"max-image-preview:large\" \/>\n\t<meta name=\"google-site-verification\" content=\"leF1qydUwZM4hbNEWkzXBgJ5cwNBnthZjCldnstJI-8\" \/>\n\t<meta name=\"msvalidate.01\" content=\"F4CE253B53A296EF4B982618F43BD699\" \/>\n\t<meta name=\"yandex-verification\" content=\"2c6c63eaf20e4d4b\" \/>\n\t<link rel=\"canonical\" href=\"https:\/\/bikeyfasty.store\/index.php\/produkt\/trittbrett-fritz-135-ah-2\/\" \/>\n\t<meta name=\"generator\" content=\"All in One SEO Pro (AIOSEO) 4.9.5.2\" \/>\n\t\t<meta property=\"og:locale\" content=\"de_DE\" \/>\n\t\t<meta property=\"og:site_name\" content=\"Bikey Fasty - Die bestenIhre besten Fahrr\u00e4der\" \/>\n\t\t<meta property=\"og:type\" content=\"article\" \/>\n\t\t<meta property=\"og:title\" content=\"Trittbrett Fritz 13,5 Ah 500 Watt Motor - Bikey Fasty\" \/>\n\t\t<meta property=\"og:description\" content=\"Gewicht: 26kg Ma\u00dfe-Scooter: H 130cm, B 64cm (Lenker), L 120cm Ma\u00dfe- Trittbrett: B 20cm, L 55cm Motor: 500 Watt Motor Batterie: Hochwertiger Lithiumionen Akku 13,5 Ah &amp; 18,0 Ah Reichweite: ca. 60km (13,5Ah) - ca. 80km (18 Ah) Ladezeit: ca. 500 Minuten\" \/>\n\t\t<meta property=\"og:url\" content=\"https:\/\/bikeyfasty.store\/index.php\/produkt\/trittbrett-fritz-135-ah-2\/\" \/>\n\t\t<meta property=\"og:image\" content=\"https:\/\/bikeyfasty.store\/wp-content\/uploads\/2026\/01\/unnamed-file.png\" \/>\n\t\t<meta property=\"og:image:secure_url\" content=\"https:\/\/bikeyfasty.store\/wp-content\/uploads\/2026\/01\/unnamed-file.png\" \/>\n\t\t<meta property=\"og:image:width\" content=\"616\" \/>\n\t\t<meta property=\"og:image:height\" content=\"447\" \/>\n\t\t<meta property=\"article:published_time\" content=\"2025-04-12T22:44:43+00:00\" \/>\n\t\t<meta property=\"article:modified_time\" content=\"2026-01-26T23:23:22+00:00\" \/>\n\t\t<meta name=\"twitter:card\" content=\"summary_large_image\" \/>\n\t\t<meta name=\"twitter:title\" content=\"Trittbrett Fritz 13,5 Ah 500 Watt Motor - Bikey Fasty\" \/>\n\t\t<meta name=\"twitter:description\" content=\"Gewicht: 26kg Ma\u00dfe-Scooter: H 130cm, B 64cm (Lenker), L 120cm Ma\u00dfe- Trittbrett: B 20cm, L 55cm Motor: 500 Watt Motor Batterie: Hochwertiger Lithiumionen Akku 13,5 Ah &amp; 18,0 Ah Reichweite: ca. 60km (13,5Ah) - ca. 80km (18 Ah) Ladezeit: ca. 500 Minuten\" \/>\n\t\t<meta name=\"twitter:image\" content=\"https:\/\/bikeyfasty.store\/wp-content\/uploads\/2026\/01\/unnamed-file.png\" \/>\n\t\t<script type=\"application\/ld+json\" class=\"aioseo-schema\">\n\t\t\t{\"@context\":\"https:\\\/\\\/schema.org\",\"@graph\":[{\"@type\":\"BreadcrumbList\",\"@id\":\"https:\\\/\\\/bikeyfasty.store\\\/index.php\\\/produkt\\\/trittbrett-fritz-135-ah-2\\\/#breadcrumblist\",\"itemListElement\":[{\"@type\":\"ListItem\",\"@id\":\"https:\\\/\\\/bikeyfasty.store#listItem\",\"position\":1,\"name\":\"Start\",\"item\":\"https:\\\/\\\/bikeyfasty.store\",\"nextItem\":{\"@type\":\"ListItem\",\"@id\":\"https:\\\/\\\/bikeyfasty.store\\\/index.php\\\/geschaft\\\/#listItem\",\"name\":\"Gesch\\u00e4ft\"}},{\"@type\":\"ListItem\",\"@id\":\"https:\\\/\\\/bikeyfasty.store\\\/index.php\\\/geschaft\\\/#listItem\",\"position\":2,\"name\":\"Gesch\\u00e4ft\",\"item\":\"https:\\\/\\\/bikeyfasty.store\\\/index.php\\\/geschaft\\\/\",\"nextItem\":{\"@type\":\"ListItem\",\"@id\":\"https:\\\/\\\/bikeyfasty.store\\\/index.php\\\/produkt-kategorie\\\/e-lieferroller\\\/#listItem\",\"name\":\"E-Lieferroller\"},\"previousItem\":{\"@type\":\"ListItem\",\"@id\":\"https:\\\/\\\/bikeyfasty.store#listItem\",\"name\":\"Start\"}},{\"@type\":\"ListItem\",\"@id\":\"https:\\\/\\\/bikeyfasty.store\\\/index.php\\\/produkt-kategorie\\\/e-lieferroller\\\/#listItem\",\"position\":3,\"name\":\"E-Lieferroller\",\"item\":\"https:\\\/\\\/bikeyfasty.store\\\/index.php\\\/produkt-kategorie\\\/e-lieferroller\\\/\",\"nextItem\":{\"@type\":\"ListItem\",\"@id\":\"https:\\\/\\\/bikeyfasty.store\\\/index.php\\\/produkt\\\/trittbrett-fritz-135-ah-2\\\/#listItem\",\"name\":\"Trittbrett Fritz 13,5 Ah 500 Watt Motor\"},\"previousItem\":{\"@type\":\"ListItem\",\"@id\":\"https:\\\/\\\/bikeyfasty.store\\\/index.php\\\/geschaft\\\/#listItem\",\"name\":\"Gesch\\u00e4ft\"}},{\"@type\":\"ListItem\",\"@id\":\"https:\\\/\\\/bikeyfasty.store\\\/index.php\\\/produkt\\\/trittbrett-fritz-135-ah-2\\\/#listItem\",\"position\":4,\"name\":\"Trittbrett Fritz 13,5 Ah 500 Watt Motor\",\"previousItem\":{\"@type\":\"ListItem\",\"@id\":\"https:\\\/\\\/bikeyfasty.store\\\/index.php\\\/produkt-kategorie\\\/e-lieferroller\\\/#listItem\",\"name\":\"E-Lieferroller\"}}]},{\"@type\":\"ItemPage\",\"@id\":\"https:\\\/\\\/bikeyfasty.store\\\/index.php\\\/produkt\\\/trittbrett-fritz-135-ah-2\\\/#itempage\",\"url\":\"https:\\\/\\\/bikeyfasty.store\\\/index.php\\\/produkt\\\/trittbrett-fritz-135-ah-2\\\/\",\"name\":\"Trittbrett Fritz 13,5 Ah 500 Watt Motor - Bikey Fasty\",\"description\":\"Gewicht: 26kg Ma\\u00dfe-Scooter: H 130cm, B 64cm (Lenker), L 120cm Ma\\u00dfe- Trittbrett: B 20cm, L 55cm Motor: 500 Watt Motor Batterie: Hochwertiger Lithiumionen Akku 13,5 Ah & 18,0 Ah Reichweite: ca. 60km (13,5Ah) - ca. 80km (18 Ah) Ladezeit: ca. 500 Minuten\",\"inLanguage\":\"de-DE\",\"isPartOf\":{\"@id\":\"https:\\\/\\\/bikeyfasty.store\\\/#website\"},\"breadcrumb\":{\"@id\":\"https:\\\/\\\/bikeyfasty.store\\\/index.php\\\/produkt\\\/trittbrett-fritz-135-ah-2\\\/#breadcrumblist\"},\"image\":{\"@type\":\"ImageObject\",\"url\":\"https:\\\/\\\/bikeyfasty.store\\\/wp-content\\\/uploads\\\/2025\\\/04\\\/ttrrtt.webp\",\"@id\":\"https:\\\/\\\/bikeyfasty.store\\\/index.php\\\/produkt\\\/trittbrett-fritz-135-ah-2\\\/#mainImage\",\"width\":1056,\"height\":1056},\"primaryImageOfPage\":{\"@id\":\"https:\\\/\\\/bikeyfasty.store\\\/index.php\\\/produkt\\\/trittbrett-fritz-135-ah-2\\\/#mainImage\"},\"datePublished\":\"2025-04-13T00:44:43+02:00\",\"dateModified\":\"2026-01-27T00:23:22+01:00\"},{\"@type\":\"Organization\",\"@id\":\"https:\\\/\\\/bikeyfasty.store\\\/#organization\",\"name\":\"#Bikey Fasty BIKEY FASTY\",\"description\":\"Die bestenIhre besten Fahrr\\u00e4der Deine elektrische Mobilit\\u00e4t beginnt hier Die Zukunft der Mobilit\\u00e4t \\u2013 heute\",\"url\":\"https:\\\/\\\/bikeyfasty.store\\\/\",\"email\":\"contact@bikeyfasty.store\",\"telephone\":\"+4915510400141\",\"foundingDate\":\"1945-11-29\",\"numberOfEmployees\":{\"@type\":\"QuantitativeValue\",\"value\":27},\"logo\":{\"@type\":\"ImageObject\",\"url\":\"https:\\\/\\\/bikeyfasty.store\\\/wp-content\\\/uploads\\\/2026\\\/01\\\/unnamed-file.png\",\"@id\":\"https:\\\/\\\/bikeyfasty.store\\\/index.php\\\/produkt\\\/trittbrett-fritz-135-ah-2\\\/#organizationLogo\",\"width\":616,\"height\":447,\"caption\":\"( ( ( ( (\"},\"image\":{\"@id\":\"https:\\\/\\\/bikeyfasty.store\\\/index.php\\\/produkt\\\/trittbrett-fritz-135-ah-2\\\/#organizationLogo\"},\"address\":{\"@id\":\"https:\\\/\\\/bikeyfasty.store\\\/#postaladdress\",\"@type\":\"PostalAddress\",\"streetAddress\":\"Karl-Liebknecht-Str. 13,\",\"postalCode\":\"10178\",\"addressLocality\":\"Berlin\",\"addressRegion\":\"Berlin\",\"addressCountry\":\"DE\"}},{\"@type\":\"WebPage\",\"@id\":\"https:\\\/\\\/bikeyfasty.store\\\/index.php\\\/produkt\\\/trittbrett-fritz-135-ah-2\\\/#webpage\",\"url\":\"https:\\\/\\\/bikeyfasty.store\\\/index.php\\\/produkt\\\/trittbrett-fritz-135-ah-2\\\/\",\"name\":\"Trittbrett Fritz 13,5 Ah 500 Watt Motor - Bikey Fasty\",\"description\":\"Gewicht: 26kg Ma\\u00dfe-Scooter: H 130cm, B 64cm (Lenker), L 120cm Ma\\u00dfe- Trittbrett: B 20cm, L 55cm Motor: 500 Watt Motor Batterie: Hochwertiger Lithiumionen Akku 13,5 Ah & 18,0 Ah Reichweite: ca. 60km (13,5Ah) - ca. 80km (18 Ah) Ladezeit: ca. 500 Minuten\",\"inLanguage\":\"de-DE\",\"isPartOf\":{\"@id\":\"https:\\\/\\\/bikeyfasty.store\\\/#website\"},\"breadcrumb\":{\"@id\":\"https:\\\/\\\/bikeyfasty.store\\\/index.php\\\/produkt\\\/trittbrett-fritz-135-ah-2\\\/#breadcrumblist\"},\"image\":{\"@type\":\"ImageObject\",\"url\":\"https:\\\/\\\/bikeyfasty.store\\\/wp-content\\\/uploads\\\/2025\\\/04\\\/ttrrtt.webp\",\"@id\":\"https:\\\/\\\/bikeyfasty.store\\\/index.php\\\/produkt\\\/trittbrett-fritz-135-ah-2\\\/#mainImage\",\"width\":1056,\"height\":1056},\"primaryImageOfPage\":{\"@id\":\"https:\\\/\\\/bikeyfasty.store\\\/index.php\\\/produkt\\\/trittbrett-fritz-135-ah-2\\\/#mainImage\"},\"datePublished\":\"2025-04-13T00:44:43+02:00\",\"dateModified\":\"2026-01-27T00:23:22+01:00\"},{\"@type\":\"WebSite\",\"@id\":\"https:\\\/\\\/bikeyfasty.store\\\/#website\",\"url\":\"https:\\\/\\\/bikeyfasty.store\\\/\",\"name\":\"Bikey Fasty\",\"description\":\"Die bestenIhre besten Fahrr\\u00e4der\",\"inLanguage\":\"de-DE\",\"publisher\":{\"@id\":\"https:\\\/\\\/bikeyfasty.store\\\/#organization\"}}]}\n\t\t<\/script>\n\t\t<script type=\"text\/javascript\">\n\t\t\t(function(c,l,a,r,i,t,y){\n\t\t\tc[a]=c[a]||function(){(c[a].q=c[a].q||[]).push(arguments)};t=l.createElement(r);t.async=1;\n\t\t\tt.src=\"https:\/\/www.clarity.ms\/tag\/\"+i+\"?ref=aioseo\";y=l.getElementsByTagName(r)[0];y.parentNode.insertBefore(t,y);\n\t\t})(window, document, \"clarity\", \"script\", \"v74e4fvqvw\");\n\t\t<\/script>\n\t\t<!-- All in One SEO Pro -->\r\n\t\t<title>Trittbrett Fritz 13,5 Ah 500 Watt Motor - Bikey Fasty<\/title>\n\n","aioseo_head_json":{"title":"Trittbrett Fritz 13,5 Ah 500 Watt Motor - Bikey Fasty","description":"Gewicht: 26kg Ma\u00dfe-Scooter: H 130cm, B 64cm (Lenker), L 120cm Ma\u00dfe- Trittbrett: B 20cm, L 55cm Motor: 500 Watt Motor Batterie: Hochwertiger Lithiumionen Akku 13,5 Ah & 18,0 Ah Reichweite: ca. 60km (13,5Ah) - ca. 80km (18 Ah) Ladezeit: ca. 500 Minuten","canonical_url":"https:\/\/bikeyfasty.store\/index.php\/produkt\/trittbrett-fritz-135-ah-2\/","robots":"max-image-preview:large","keywords":"","webmasterTools":{"google-site-verification":"leF1qydUwZM4hbNEWkzXBgJ5cwNBnthZjCldnstJI-8","msvalidate.01":"F4CE253B53A296EF4B982618F43BD699","yandex-verification":"2c6c63eaf20e4d4b","miscellaneous":""},"schema":{"@context":"https:\/\/schema.org","@graph":[{"@type":"BreadcrumbList","@id":"https:\/\/bikeyfasty.store\/index.php\/produkt\/trittbrett-fritz-135-ah-2\/#breadcrumblist","itemListElement":[{"@type":"ListItem","@id":"https:\/\/bikeyfasty.store#listItem","position":1,"name":"Start","item":"https:\/\/bikeyfasty.store","nextItem":{"@type":"ListItem","@id":"https:\/\/bikeyfasty.store\/index.php\/geschaft\/#listItem","name":"Gesch\u00e4ft"}},{"@type":"ListItem","@id":"https:\/\/bikeyfasty.store\/index.php\/geschaft\/#listItem","position":2,"name":"Gesch\u00e4ft","item":"https:\/\/bikeyfasty.store\/index.php\/geschaft\/","nextItem":{"@type":"ListItem","@id":"https:\/\/bikeyfasty.store\/index.php\/produkt-kategorie\/e-lieferroller\/#listItem","name":"E-Lieferroller"},"previousItem":{"@type":"ListItem","@id":"https:\/\/bikeyfasty.store#listItem","name":"Start"}},{"@type":"ListItem","@id":"https:\/\/bikeyfasty.store\/index.php\/produkt-kategorie\/e-lieferroller\/#listItem","position":3,"name":"E-Lieferroller","item":"https:\/\/bikeyfasty.store\/index.php\/produkt-kategorie\/e-lieferroller\/","nextItem":{"@type":"ListItem","@id":"https:\/\/bikeyfasty.store\/index.php\/produkt\/trittbrett-fritz-135-ah-2\/#listItem","name":"Trittbrett Fritz 13,5 Ah 500 Watt Motor"},"previousItem":{"@type":"ListItem","@id":"https:\/\/bikeyfasty.store\/index.php\/geschaft\/#listItem","name":"Gesch\u00e4ft"}},{"@type":"ListItem","@id":"https:\/\/bikeyfasty.store\/index.php\/produkt\/trittbrett-fritz-135-ah-2\/#listItem","position":4,"name":"Trittbrett Fritz 13,5 Ah 500 Watt Motor","previousItem":{"@type":"ListItem","@id":"https:\/\/bikeyfasty.store\/index.php\/produkt-kategorie\/e-lieferroller\/#listItem","name":"E-Lieferroller"}}]},{"@type":"ItemPage","@id":"https:\/\/bikeyfasty.store\/index.php\/produkt\/trittbrett-fritz-135-ah-2\/#itempage","url":"https:\/\/bikeyfasty.store\/index.php\/produkt\/trittbrett-fritz-135-ah-2\/","name":"Trittbrett Fritz 13,5 Ah 500 Watt Motor - Bikey Fasty","description":"Gewicht: 26kg Ma\u00dfe-Scooter: H 130cm, B 64cm (Lenker), L 120cm Ma\u00dfe- Trittbrett: B 20cm, L 55cm Motor: 500 Watt Motor Batterie: Hochwertiger Lithiumionen Akku 13,5 Ah & 18,0 Ah Reichweite: ca. 60km (13,5Ah) - ca. 80km (18 Ah) Ladezeit: ca. 500 Minuten","inLanguage":"de-DE","isPartOf":{"@id":"https:\/\/bikeyfasty.store\/#website"},"breadcrumb":{"@id":"https:\/\/bikeyfasty.store\/index.php\/produkt\/trittbrett-fritz-135-ah-2\/#breadcrumblist"},"image":{"@type":"ImageObject","url":"https:\/\/bikeyfasty.store\/wp-content\/uploads\/2025\/04\/ttrrtt.webp","@id":"https:\/\/bikeyfasty.store\/index.php\/produkt\/trittbrett-fritz-135-ah-2\/#mainImage","width":1056,"height":1056},"primaryImageOfPage":{"@id":"https:\/\/bikeyfasty.store\/index.php\/produkt\/trittbrett-fritz-135-ah-2\/#mainImage"},"datePublished":"2025-04-13T00:44:43+02:00","dateModified":"2026-01-27T00:23:22+01:00"},{"@type":"Organization","@id":"https:\/\/bikeyfasty.store\/#organization","name":"#Bikey Fasty BIKEY FASTY","description":"Die bestenIhre besten Fahrr\u00e4der Deine elektrische Mobilit\u00e4t beginnt hier Die Zukunft der Mobilit\u00e4t \u2013 heute","url":"https:\/\/bikeyfasty.store\/","email":"contact@bikeyfasty.store","telephone":"+4915510400141","foundingDate":"1945-11-29","numberOfEmployees":{"@type":"QuantitativeValue","value":27},"logo":{"@type":"ImageObject","url":"https:\/\/bikeyfasty.store\/wp-content\/uploads\/2026\/01\/unnamed-file.png","@id":"https:\/\/bikeyfasty.store\/index.php\/produkt\/trittbrett-fritz-135-ah-2\/#organizationLogo","width":616,"height":447,"caption":"( ( ( ( ("},"image":{"@id":"https:\/\/bikeyfasty.store\/index.php\/produkt\/trittbrett-fritz-135-ah-2\/#organizationLogo"},"address":{"@id":"https:\/\/bikeyfasty.store\/#postaladdress","@type":"PostalAddress","streetAddress":"Karl-Liebknecht-Str. 13,","postalCode":"10178","addressLocality":"Berlin","addressRegion":"Berlin","addressCountry":"DE"}},{"@type":"WebPage","@id":"https:\/\/bikeyfasty.store\/index.php\/produkt\/trittbrett-fritz-135-ah-2\/#webpage","url":"https:\/\/bikeyfasty.store\/index.php\/produkt\/trittbrett-fritz-135-ah-2\/","name":"Trittbrett Fritz 13,5 Ah 500 Watt Motor - Bikey Fasty","description":"Gewicht: 26kg Ma\u00dfe-Scooter: H 130cm, B 64cm (Lenker), L 120cm Ma\u00dfe- Trittbrett: B 20cm, L 55cm Motor: 500 Watt Motor Batterie: Hochwertiger Lithiumionen Akku 13,5 Ah & 18,0 Ah Reichweite: ca. 60km (13,5Ah) - ca. 80km (18 Ah) Ladezeit: ca. 500 Minuten","inLanguage":"de-DE","isPartOf":{"@id":"https:\/\/bikeyfasty.store\/#website"},"breadcrumb":{"@id":"https:\/\/bikeyfasty.store\/index.php\/produkt\/trittbrett-fritz-135-ah-2\/#breadcrumblist"},"image":{"@type":"ImageObject","url":"https:\/\/bikeyfasty.store\/wp-content\/uploads\/2025\/04\/ttrrtt.webp","@id":"https:\/\/bikeyfasty.store\/index.php\/produkt\/trittbrett-fritz-135-ah-2\/#mainImage","width":1056,"height":1056},"primaryImageOfPage":{"@id":"https:\/\/bikeyfasty.store\/index.php\/produkt\/trittbrett-fritz-135-ah-2\/#mainImage"},"datePublished":"2025-04-13T00:44:43+02:00","dateModified":"2026-01-27T00:23:22+01:00"},{"@type":"WebSite","@id":"https:\/\/bikeyfasty.store\/#website","url":"https:\/\/bikeyfasty.store\/","name":"Bikey Fasty","description":"Die bestenIhre besten Fahrr\u00e4der","inLanguage":"de-DE","publisher":{"@id":"https:\/\/bikeyfasty.store\/#organization"}}]},"og:locale":"de_DE","og:site_name":"Bikey Fasty - Die bestenIhre besten Fahrr\u00e4der","og:type":"article","og:title":"Trittbrett Fritz 13,5 Ah 500 Watt Motor - Bikey Fasty","og:description":"Gewicht: 26kg Ma\u00dfe-Scooter: H 130cm, B 64cm (Lenker), L 120cm Ma\u00dfe- Trittbrett: B 20cm, L 55cm Motor: 500 Watt Motor Batterie: Hochwertiger Lithiumionen Akku 13,5 Ah &amp; 18,0 Ah Reichweite: ca. 60km (13,5Ah) - ca. 80km (18 Ah) Ladezeit: ca. 500 Minuten","og:url":"https:\/\/bikeyfasty.store\/index.php\/produkt\/trittbrett-fritz-135-ah-2\/","og:image":"https:\/\/bikeyfasty.store\/wp-content\/uploads\/2026\/01\/unnamed-file.png","og:image:secure_url":"https:\/\/bikeyfasty.store\/wp-content\/uploads\/2026\/01\/unnamed-file.png","og:image:width":616,"og:image:height":447,"article:published_time":"2025-04-12T22:44:43+00:00","article:modified_time":"2026-01-26T23:23:22+00:00","twitter:card":"summary_large_image","twitter:title":"Trittbrett Fritz 13,5 Ah 500 Watt Motor - Bikey Fasty","twitter:description":"Gewicht: 26kg Ma\u00dfe-Scooter: H 130cm, B 64cm (Lenker), L 120cm Ma\u00dfe- Trittbrett: B 20cm, L 55cm Motor: 500 Watt Motor Batterie: Hochwertiger Lithiumionen Akku 13,5 Ah &amp; 18,0 Ah Reichweite: ca. 60km (13,5Ah) - ca. 80km (18 Ah) Ladezeit: ca. 500 Minuten","twitter:image":"https:\/\/bikeyfasty.store\/wp-content\/uploads\/2026\/01\/unnamed-file.png"},"aioseo_meta_data":{"post_id":"18838","title":null,"description":null,"keywords":null,"keyphrases":{"focus":{"keyphrase":"","score":0,"analysis":{"keyphraseInTitle":{"score":0,"maxScore":9,"error":1}}},"additional":[]},"primary_term":null,"canonical_url":null,"og_title":null,"og_description":null,"og_object_type":"default","og_image_type":"default","og_image_url":null,"og_image_width":null,"og_image_height":null,"og_image_custom_url":null,"og_image_custom_fields":null,"og_video":"","og_custom_url":null,"og_article_section":null,"og_article_tags":null,"twitter_use_og":false,"twitter_card":"default","twitter_image_type":"default","twitter_image_url":null,"twitter_image_custom_url":null,"twitter_image_custom_fields":null,"twitter_title":null,"twitter_description":null,"schema":{"blockGraphs":[],"customGraphs":[],"default":{"data":{"Article":[],"Course":[],"Dataset":[],"FAQPage":[],"Movie":[],"Person":[],"Product":[],"ProductReview":[],"Car":[],"Recipe":[],"Service":[],"SoftwareApplication":[],"WebPage":[]},"graphName":"ItemPage","isEnabled":true},"graphs":[]},"schema_type":"default","schema_type_options":null,"pillar_content":false,"robots_default":true,"robots_noindex":false,"robots_noarchive":false,"robots_nosnippet":false,"robots_nofollow":false,"robots_noimageindex":false,"robots_noodp":false,"robots_notranslate":false,"robots_max_snippet":"-1","robots_max_videopreview":"-1","robots_max_imagepreview":"large","priority":null,"frequency":"default","local_seo":null,"seo_analyzer_scan_date":"2026-01-26 23:28:58","breadcrumb_settings":null,"limit_modified_date":false,"reviewed_by":"0","open_ai":null,"ai":{"faqs":[],"keyPoints":[],"titles":[],"descriptions":[],"socialPosts":{"email":[],"linkedin":[],"twitter":[],"facebook":[],"instagram":[]}},"created":"2025-05-01 09:24:34","updated":"2026-01-26 23:29:06"},"aioseo_breadcrumb":"<div class=\"aioseo-breadcrumbs\"><span class=\"aioseo-breadcrumb\">\n\t<a href=\"https:\/\/bikeyfasty.store\" title=\"Start\">Start<\/a>\n<\/span><span class=\"aioseo-breadcrumb-separator\">\u00bb<\/span><span class=\"aioseo-breadcrumb\">\n\t<a href=\"https:\/\/bikeyfasty.store\/index.php\/geschaft\/\" title=\"Gesch\u00e4ft\">Gesch\u00e4ft<\/a>\n<\/span><span class=\"aioseo-breadcrumb-separator\">\u00bb<\/span><span class=\"aioseo-breadcrumb\">\n\t<a href=\"https:\/\/bikeyfasty.store\/index.php\/produkt-kategorie\/e-lieferroller\/\" title=\"E-Lieferroller\">E-Lieferroller<\/a>\n<\/span><span class=\"aioseo-breadcrumb-separator\">\u00bb<\/span><span class=\"aioseo-breadcrumb\">\n\tTrittbrett Fritz 13,5 Ah 500 Watt Motor\n<\/span><\/div>","aioseo_breadcrumb_json":[{"label":"Start","link":"https:\/\/bikeyfasty.store"},{"label":"Gesch\u00e4ft","link":"https:\/\/bikeyfasty.store\/index.php\/geschaft\/"},{"label":"E-Lieferroller","link":"https:\/\/bikeyfasty.store\/index.php\/produkt-kategorie\/e-lieferroller\/"},{"label":"Trittbrett Fritz 13,5 Ah 500 Watt Motor","link":"https:\/\/bikeyfasty.store\/index.php\/produkt\/trittbrett-fritz-135-ah-2\/"}],"_links":{"self":[{"href":"https:\/\/bikeyfasty.store\/index.php\/wp-json\/wp\/v2\/product\/18838","targetHints":{"allow":["GET"]}}],"collection":[{"href":"https:\/\/bikeyfasty.store\/index.php\/wp-json\/wp\/v2\/product"}],"about":[{"href":"https:\/\/bikeyfasty.store\/index.php\/wp-json\/wp\/v2\/types\/product"}],"replies":[{"embeddable":true,"href":"https:\/\/bikeyfasty.store\/index.php\/wp-json\/wp\/v2\/comments?post=18838"}],"version-history":[{"count":3,"href":"https:\/\/bikeyfasty.store\/index.php\/wp-json\/wp\/v2\/product\/18838\/revisions"}],"predecessor-version":[{"id":52174,"href":"https:\/\/bikeyfasty.store\/index.php\/wp-json\/wp\/v2\/product\/18838\/revisions\/52174"}],"wp:featuredmedia":[{"embeddable":true,"href":"https:\/\/bikeyfasty.store\/index.php\/wp-json\/wp\/v2\/media\/18895"}],"wp:attachment":[{"href":"https:\/\/bikeyfasty.store\/index.php\/wp-json\/wp\/v2\/media?parent=18838"}],"wp:term":[{"taxonomy":"product_brand","embeddable":true,"href":"https:\/\/bikeyfasty.store\/index.php\/wp-json\/wp\/v2\/product_brand?post=18838"},{"taxonomy":"product_cat","embeddable":true,"href":"https:\/\/bikeyfasty.store\/index.php\/wp-json\/wp\/v2\/product_cat?post=18838"},{"taxonomy":"product_tag","embeddable":true,"href":"https:\/\/bikeyfasty.store\/index.php\/wp-json\/wp\/v2\/product_tag?post=18838"}],"curies":[{"name":"wp","href":"https:\/\/api.w.org\/{rel}","templated":true}]}}