{"id":18840,"date":"2025-04-13T00:44:43","date_gmt":"2025-04-12T22:44:43","guid":{"rendered":"https:\/\/bikeyfasty.store\/?post_type=product&#038;p=18840"},"modified":"2026-01-26T23:52:17","modified_gmt":"2026-01-26T22:52:17","slug":"trittbrett-paul-2023-147-ah","status":"publish","type":"product","link":"https:\/\/bikeyfasty.store\/index.php\/produkt\/trittbrett-paul-2023-147-ah\/","title":{"rendered":"Trittbrett Paul 2023 14,7 Ah"},"content":{"rendered":"<div class=\"product--description\">\n<h4>REICHWEITE 75 KM<\/h4>\n<p>Mit voll geladener Batterie tr\u00e4gt Paul dich je nach Akkugr\u00f6\u00dfe 75 km weit \u2013 Gemessen mit einem Personengewicht von 75 kg, kann je nach Gewicht, Fahrgeschwindigkeit, Stra\u00dfenzustand und Temperatur abweichen<\/p>\n<h5>BIS 20 KM\/H SCHNELL (+10% TOLERANZ)<\/h5>\n<p>Gemessen bei gerader Fl\u00e4che mit einem Personengewicht von 75 kg und einer Au\u00dfentemperatur von 22\u00b0.<\/p>\n<h5>HOCHWERTIGE UND LEISTUNGSSTARKE LG BATTERIE<\/h5>\n<p>F\u00fcr eine optimale Reichweite und lange Lebensdauer.<\/p>\n<h5>3X BREMSEN<\/h5>\n<p>Paul hat insgesamt 3 verschiedene Bremsen, die f\u00fcr einen optimalen Bremsweg und mehr Sicherheit sorgen.<\/p>\n<h5>1X PROGRESSIVE MOTORBREMSE MIT E-ABS<\/h5>\n<p>2x gro\u00dfe vollhydraulische Scheibenbremsen<\/p>\n<h5>LEICHT UND KOMPAKT<\/h5>\n<p>Mit wenigen Handgriffen l\u00e4sst sich Paul zusammenklappen und \u00fcberall mit hinnehmen: Die Lenkstange einklappen und den Haken an der \u00d6ffnung auf der Auftritt Bremse einrasten lassen.<\/p>\n<h5>OPTIMALER ABLAUF DES SPRITZWASSERS<\/h5>\n<p>Dank der speziellen Form des Schutzbleches wird aufgewirbeltes Spritzwasser vom Reifen abgelenkt und landet nicht auf dem Hosenbein.<\/p>\n<h5>EXTRA STARKE SILIKON-DICHTUNG<\/h5>\n<p>Die zus\u00e4tzliche Dichtung gew\u00e4hrleistet wirksamen Schutz vor Feuchtigkeits- Einwirkung durch Regen- und Spritzwasser<\/p>\n<p>IM SCHUTZBLECH INTEGRIERTES R\u00dcCKLICHTAls Bestandteil des Schutzblechs ist das R\u00fccklicht besonders vor Bruch gesch\u00fctzt.<\/p>\n<p>HOHER FAHRKOMFORT DANK 11\u201c REIFENPaul hat zwei hochwertige 11 Zoll Tubeless-Luftreifen, die f\u00fcr ein holperfreies Fahrerlebnis sorgen.<\/p>\n<h5>FEATURES<\/h5>\n<ul>\n<li>Motor: 500 Watt Motor von Bosch<\/li>\n<li>Batterie: Hochwertige 14,7Ah LG-Batterie mit bis zu 75 Km Reichweite<\/li>\n<li>Ladezeit: 300 \u2013 360 Minuten<\/li>\n<li>Bremsen: 1x progressive Motorbremse mit E-ABS, 2x vollhydraulische Scheibenbremsen<\/li>\n<li>Gewicht: 23,5 kg Gewicht, Aluminium Rahmen.<\/li>\n<li>Maximale Zuladung: 150 Kg<\/li>\n<li>Reifen: Hochwertige 11 Zoll Tubeless-Reifen<\/li>\n<li>Schloss: elektronische Wegfahrsperre<\/li>\n<li>Zulassung: T\u00dcV gepr\u00fcft und mit deutscher Stra\u00dfenzulassung<\/li>\n<\/ul>\n<h5>HINWEISE ZUM REIFENDRUCK<\/h5>\n<ul>\n<li>Bei 50 Kg: 2,5 Bar<\/li>\n<li>Bei 70 Kg: 2,7 Bar<\/li>\n<li>Bei 90 Kg: 2,9 Bar<\/li>\n<li>Bei 100 Kg &amp; mehr: 3,3 Bar<\/li>\n<\/ul>\n<h5>UNTERSCHIEDE ZUM MODELL 2022:<\/h5>\n<ul>\n<li>Vollhydraulische Bremsen vorne und hinten f\u00fcr einen noch k\u00fcrzeren Bremsweg mit optimaler Dosierbarkeit<\/li>\n<li>Offizielle Zuladung von 150 kg<\/li>\n<li>Verbesserter Seitenst\u00e4nder<\/li>\n<li>Verarbeitung Gelenkkopf ver\u00e4ndert, dadurch mehr Stabilit\u00e4t und nachjustieren mit einfachen Mitteln m\u00f6glich<\/li>\n<li>Optional erh\u00e4ltlich mit Kellermann-Blinkern vorne und hinten, Steckverbindungen zum einfachen Nachr\u00fcsten bereits verbaut<\/li>\n<li>Einsatz eines verbesserten Schraubenklebers<\/li>\n<\/ul>\n<h5>LIEFERUMFANG<\/h5>\n<ul>\n<li>1x E-Scooter Paul 2023 in gew\u00e4hlter Ausf\u00fchrung<\/li>\n<li>Bedienungsanleitung<\/li>\n<li>Allgemeine Betriebserlaubnis (ABE)<\/li>\n<li>Schraubenset &amp; Imbusschl\u00fcssel<\/li>\n<li>Erg\u00e4nzende Dokumente<\/li>\n<li>Ventiladapter<\/li>\n<li>Ladeger\u00e4t<\/li>\n<li>Haken zum Zusammenklappen<\/li>\n<\/ul>\n<\/div>\n<p>EAN-Nr: 4260643612855<\/p>\n","protected":false},"excerpt":{"rendered":"<ul>\n<li>Motor: 500 Watt Motor von Bosch<\/li>\n<li>Batterie: Hochwertige 14,7Ah LG-Batterie mit bis zu 75 Km Reichweite<\/li>\n<li>Ladezeit: 300 \u2013 360 Minuten<\/li>\n<li>Bremsen: 1x progressive Motorbremse mit E-ABS, 2x vollhydraulische Scheibenbremsen<\/li>\n<li>Gewicht: 23,5 kg Gewicht, Aluminium Rahmen.<\/li>\n<li>Maximale Zuladung: 150 Kg<\/li>\n<li>Reifen: Hochwertige 11 Zoll Tubeless-Reifen<\/li>\n<\/ul>\n","protected":false},"featured_media":18925,"comment_status":"open","ping_status":"closed","template":"","meta":{"googlesitekit_rrm_CAowq6HFDA:productID":"","om_disable_all_campaigns":false,"_monsterinsights_skip_tracking":false,"_monsterinsights_sitenote_active":false,"_monsterinsights_sitenote_note":"","_monsterinsights_sitenote_category":0,"_uf_show_specific_survey":0,"_uf_disable_surveys":false},"product_brand":[],"product_cat":[20],"product_tag":[],"class_list":{"0":"post-18840","1":"product","2":"type-product","3":"status-publish","4":"has-post-thumbnail","6":"product_cat-e-lieferroller","8":"first","9":"instock","10":"sale","11":"taxable","12":"shipping-taxable","13":"purchasable","14":"product-type-simple"},"aioseo_notices":[],"aioseo_head":"\n\t\t<!-- All in One SEO Pro 4.9.5.2 - aioseo.com -->\n\t<meta name=\"description\" content=\"Motor: 500 Watt Motor von Bosch Batterie: Hochwertige 14,7Ah LG-Batterie mit bis zu 75 Km Reichweite Ladezeit: 300 \u2013 360 Minuten Bremsen: 1x progressive Motorbremse mit E-ABS, 2x vollhydraulische Scheibenbremsen Gewicht: 23,5 kg Gewicht, Aluminium Rahmen. Maximale Zuladung: 150 Kg Reifen: Hochwertige 11 Zoll Tubeless-Reifen\" \/>\n\t<meta name=\"robots\" content=\"max-image-preview:large\" \/>\n\t<meta name=\"google-site-verification\" content=\"leF1qydUwZM4hbNEWkzXBgJ5cwNBnthZjCldnstJI-8\" \/>\n\t<meta name=\"msvalidate.01\" content=\"F4CE253B53A296EF4B982618F43BD699\" \/>\n\t<meta name=\"yandex-verification\" content=\"2c6c63eaf20e4d4b\" \/>\n\t<link rel=\"canonical\" href=\"https:\/\/bikeyfasty.store\/index.php\/produkt\/trittbrett-paul-2023-147-ah\/\" \/>\n\t<meta name=\"generator\" content=\"All in One SEO Pro (AIOSEO) 4.9.5.2\" \/>\n\t\t<meta property=\"og:locale\" content=\"de_DE\" \/>\n\t\t<meta property=\"og:site_name\" content=\"Bikey Fasty - Die bestenIhre besten Fahrr\u00e4der\" \/>\n\t\t<meta property=\"og:type\" content=\"article\" \/>\n\t\t<meta property=\"og:title\" content=\"Trittbrett Paul 2023 14,7 Ah - Bikey Fasty\" \/>\n\t\t<meta property=\"og:description\" content=\"Motor: 500 Watt Motor von Bosch Batterie: Hochwertige 14,7Ah LG-Batterie mit bis zu 75 Km Reichweite Ladezeit: 300 \u2013 360 Minuten Bremsen: 1x progressive Motorbremse mit E-ABS, 2x vollhydraulische Scheibenbremsen Gewicht: 23,5 kg Gewicht, Aluminium Rahmen. Maximale Zuladung: 150 Kg Reifen: Hochwertige 11 Zoll Tubeless-Reifen\" \/>\n\t\t<meta property=\"og:url\" content=\"https:\/\/bikeyfasty.store\/index.php\/produkt\/trittbrett-paul-2023-147-ah\/\" \/>\n\t\t<meta property=\"og:image\" content=\"https:\/\/bikeyfasty.store\/wp-content\/uploads\/2026\/01\/unnamed-file.png\" \/>\n\t\t<meta property=\"og:image:secure_url\" content=\"https:\/\/bikeyfasty.store\/wp-content\/uploads\/2026\/01\/unnamed-file.png\" \/>\n\t\t<meta property=\"og:image:width\" content=\"616\" \/>\n\t\t<meta property=\"og:image:height\" content=\"447\" \/>\n\t\t<meta property=\"article:published_time\" content=\"2025-04-12T22:44:43+00:00\" \/>\n\t\t<meta property=\"article:modified_time\" content=\"2026-01-26T22:52:17+00:00\" \/>\n\t\t<meta name=\"twitter:card\" content=\"summary_large_image\" \/>\n\t\t<meta name=\"twitter:title\" content=\"Trittbrett Paul 2023 14,7 Ah - Bikey Fasty\" \/>\n\t\t<meta name=\"twitter:description\" content=\"Motor: 500 Watt Motor von Bosch Batterie: Hochwertige 14,7Ah LG-Batterie mit bis zu 75 Km Reichweite Ladezeit: 300 \u2013 360 Minuten Bremsen: 1x progressive Motorbremse mit E-ABS, 2x vollhydraulische Scheibenbremsen Gewicht: 23,5 kg Gewicht, Aluminium Rahmen. Maximale Zuladung: 150 Kg Reifen: Hochwertige 11 Zoll Tubeless-Reifen\" \/>\n\t\t<meta name=\"twitter:image\" content=\"https:\/\/bikeyfasty.store\/wp-content\/uploads\/2026\/01\/unnamed-file.png\" \/>\n\t\t<script type=\"application\/ld+json\" class=\"aioseo-schema\">\n\t\t\t{\"@context\":\"https:\\\/\\\/schema.org\",\"@graph\":[{\"@type\":\"BreadcrumbList\",\"@id\":\"https:\\\/\\\/bikeyfasty.store\\\/index.php\\\/produkt\\\/trittbrett-paul-2023-147-ah\\\/#breadcrumblist\",\"itemListElement\":[{\"@type\":\"ListItem\",\"@id\":\"https:\\\/\\\/bikeyfasty.store#listItem\",\"position\":1,\"name\":\"Start\",\"item\":\"https:\\\/\\\/bikeyfasty.store\",\"nextItem\":{\"@type\":\"ListItem\",\"@id\":\"https:\\\/\\\/bikeyfasty.store\\\/index.php\\\/geschaft\\\/#listItem\",\"name\":\"Gesch\\u00e4ft\"}},{\"@type\":\"ListItem\",\"@id\":\"https:\\\/\\\/bikeyfasty.store\\\/index.php\\\/geschaft\\\/#listItem\",\"position\":2,\"name\":\"Gesch\\u00e4ft\",\"item\":\"https:\\\/\\\/bikeyfasty.store\\\/index.php\\\/geschaft\\\/\",\"nextItem\":{\"@type\":\"ListItem\",\"@id\":\"https:\\\/\\\/bikeyfasty.store\\\/index.php\\\/produkt-kategorie\\\/e-lieferroller\\\/#listItem\",\"name\":\"E-Lieferroller\"},\"previousItem\":{\"@type\":\"ListItem\",\"@id\":\"https:\\\/\\\/bikeyfasty.store#listItem\",\"name\":\"Start\"}},{\"@type\":\"ListItem\",\"@id\":\"https:\\\/\\\/bikeyfasty.store\\\/index.php\\\/produkt-kategorie\\\/e-lieferroller\\\/#listItem\",\"position\":3,\"name\":\"E-Lieferroller\",\"item\":\"https:\\\/\\\/bikeyfasty.store\\\/index.php\\\/produkt-kategorie\\\/e-lieferroller\\\/\",\"nextItem\":{\"@type\":\"ListItem\",\"@id\":\"https:\\\/\\\/bikeyfasty.store\\\/index.php\\\/produkt\\\/trittbrett-paul-2023-147-ah\\\/#listItem\",\"name\":\"Trittbrett Paul 2023 14,7 Ah\"},\"previousItem\":{\"@type\":\"ListItem\",\"@id\":\"https:\\\/\\\/bikeyfasty.store\\\/index.php\\\/geschaft\\\/#listItem\",\"name\":\"Gesch\\u00e4ft\"}},{\"@type\":\"ListItem\",\"@id\":\"https:\\\/\\\/bikeyfasty.store\\\/index.php\\\/produkt\\\/trittbrett-paul-2023-147-ah\\\/#listItem\",\"position\":4,\"name\":\"Trittbrett Paul 2023 14,7 Ah\",\"previousItem\":{\"@type\":\"ListItem\",\"@id\":\"https:\\\/\\\/bikeyfasty.store\\\/index.php\\\/produkt-kategorie\\\/e-lieferroller\\\/#listItem\",\"name\":\"E-Lieferroller\"}}]},{\"@type\":\"ItemPage\",\"@id\":\"https:\\\/\\\/bikeyfasty.store\\\/index.php\\\/produkt\\\/trittbrett-paul-2023-147-ah\\\/#itempage\",\"url\":\"https:\\\/\\\/bikeyfasty.store\\\/index.php\\\/produkt\\\/trittbrett-paul-2023-147-ah\\\/\",\"name\":\"Trittbrett Paul 2023 14,7 Ah - Bikey Fasty\",\"description\":\"Motor: 500 Watt Motor von Bosch Batterie: Hochwertige 14,7Ah LG-Batterie mit bis zu 75 Km Reichweite Ladezeit: 300 \\u2013 360 Minuten Bremsen: 1x progressive Motorbremse mit E-ABS, 2x vollhydraulische Scheibenbremsen Gewicht: 23,5 kg Gewicht, Aluminium Rahmen. Maximale Zuladung: 150 Kg Reifen: Hochwertige 11 Zoll Tubeless-Reifen\",\"inLanguage\":\"de-DE\",\"isPartOf\":{\"@id\":\"https:\\\/\\\/bikeyfasty.store\\\/#website\"},\"breadcrumb\":{\"@id\":\"https:\\\/\\\/bikeyfasty.store\\\/index.php\\\/produkt\\\/trittbrett-paul-2023-147-ah\\\/#breadcrumblist\"},\"image\":{\"@type\":\"ImageObject\",\"url\":\"https:\\\/\\\/bikeyfasty.store\\\/wp-content\\\/uploads\\\/2025\\\/04\\\/fdffdfdf.webp\",\"@id\":\"https:\\\/\\\/bikeyfasty.store\\\/index.php\\\/produkt\\\/trittbrett-paul-2023-147-ah\\\/#mainImage\",\"width\":2000,\"height\":2000},\"primaryImageOfPage\":{\"@id\":\"https:\\\/\\\/bikeyfasty.store\\\/index.php\\\/produkt\\\/trittbrett-paul-2023-147-ah\\\/#mainImage\"},\"datePublished\":\"2025-04-13T00:44:43+02:00\",\"dateModified\":\"2026-01-26T23:52:17+01:00\"},{\"@type\":\"Organization\",\"@id\":\"https:\\\/\\\/bikeyfasty.store\\\/#organization\",\"name\":\"#Bikey Fasty BIKEY FASTY\",\"description\":\"Die bestenIhre besten Fahrr\\u00e4der Deine elektrische Mobilit\\u00e4t beginnt hier Die Zukunft der Mobilit\\u00e4t \\u2013 heute\",\"url\":\"https:\\\/\\\/bikeyfasty.store\\\/\",\"email\":\"contact@bikeyfasty.store\",\"telephone\":\"+4915510400141\",\"foundingDate\":\"1945-11-29\",\"numberOfEmployees\":{\"@type\":\"QuantitativeValue\",\"value\":27},\"logo\":{\"@type\":\"ImageObject\",\"url\":\"https:\\\/\\\/bikeyfasty.store\\\/wp-content\\\/uploads\\\/2026\\\/01\\\/unnamed-file.png\",\"@id\":\"https:\\\/\\\/bikeyfasty.store\\\/index.php\\\/produkt\\\/trittbrett-paul-2023-147-ah\\\/#organizationLogo\",\"width\":616,\"height\":447,\"caption\":\"( ( ( ( (\"},\"image\":{\"@id\":\"https:\\\/\\\/bikeyfasty.store\\\/index.php\\\/produkt\\\/trittbrett-paul-2023-147-ah\\\/#organizationLogo\"},\"address\":{\"@id\":\"https:\\\/\\\/bikeyfasty.store\\\/#postaladdress\",\"@type\":\"PostalAddress\",\"streetAddress\":\"Karl-Liebknecht-Str. 13,\",\"postalCode\":\"10178\",\"addressLocality\":\"Berlin\",\"addressRegion\":\"Berlin\",\"addressCountry\":\"DE\"}},{\"@type\":\"WebPage\",\"@id\":\"https:\\\/\\\/bikeyfasty.store\\\/index.php\\\/produkt\\\/trittbrett-paul-2023-147-ah\\\/#webpage\",\"url\":\"https:\\\/\\\/bikeyfasty.store\\\/index.php\\\/produkt\\\/trittbrett-paul-2023-147-ah\\\/\",\"name\":\"Trittbrett Paul 2023 14,7 Ah - Bikey Fasty\",\"description\":\"Motor: 500 Watt Motor von Bosch Batterie: Hochwertige 14,7Ah LG-Batterie mit bis zu 75 Km Reichweite Ladezeit: 300 \\u2013 360 Minuten Bremsen: 1x progressive Motorbremse mit E-ABS, 2x vollhydraulische Scheibenbremsen Gewicht: 23,5 kg Gewicht, Aluminium Rahmen. Maximale Zuladung: 150 Kg Reifen: Hochwertige 11 Zoll Tubeless-Reifen\",\"inLanguage\":\"de-DE\",\"isPartOf\":{\"@id\":\"https:\\\/\\\/bikeyfasty.store\\\/#website\"},\"breadcrumb\":{\"@id\":\"https:\\\/\\\/bikeyfasty.store\\\/index.php\\\/produkt\\\/trittbrett-paul-2023-147-ah\\\/#breadcrumblist\"},\"image\":{\"@type\":\"ImageObject\",\"url\":\"https:\\\/\\\/bikeyfasty.store\\\/wp-content\\\/uploads\\\/2025\\\/04\\\/fdffdfdf.webp\",\"@id\":\"https:\\\/\\\/bikeyfasty.store\\\/index.php\\\/produkt\\\/trittbrett-paul-2023-147-ah\\\/#mainImage\",\"width\":2000,\"height\":2000},\"primaryImageOfPage\":{\"@id\":\"https:\\\/\\\/bikeyfasty.store\\\/index.php\\\/produkt\\\/trittbrett-paul-2023-147-ah\\\/#mainImage\"},\"datePublished\":\"2025-04-13T00:44:43+02:00\",\"dateModified\":\"2026-01-26T23:52:17+01:00\"},{\"@type\":\"WebSite\",\"@id\":\"https:\\\/\\\/bikeyfasty.store\\\/#website\",\"url\":\"https:\\\/\\\/bikeyfasty.store\\\/\",\"name\":\"Bikey Fasty\",\"description\":\"Die bestenIhre besten Fahrr\\u00e4der\",\"inLanguage\":\"de-DE\",\"publisher\":{\"@id\":\"https:\\\/\\\/bikeyfasty.store\\\/#organization\"}}]}\n\t\t<\/script>\n\t\t<script type=\"text\/javascript\">\n\t\t\t(function(c,l,a,r,i,t,y){\n\t\t\tc[a]=c[a]||function(){(c[a].q=c[a].q||[]).push(arguments)};t=l.createElement(r);t.async=1;\n\t\t\tt.src=\"https:\/\/www.clarity.ms\/tag\/\"+i+\"?ref=aioseo\";y=l.getElementsByTagName(r)[0];y.parentNode.insertBefore(t,y);\n\t\t})(window, document, \"clarity\", \"script\", \"v74e4fvqvw\");\n\t\t<\/script>\n\t\t<!-- All in One SEO Pro -->\r\n\t\t<title>Trittbrett Paul 2023 14,7 Ah - Bikey Fasty<\/title>\n\n","aioseo_head_json":{"title":"Trittbrett Paul 2023 14,7 Ah - Bikey Fasty","description":"Motor: 500 Watt Motor von Bosch Batterie: Hochwertige 14,7Ah LG-Batterie mit bis zu 75 Km Reichweite Ladezeit: 300 \u2013 360 Minuten Bremsen: 1x progressive Motorbremse mit E-ABS, 2x vollhydraulische Scheibenbremsen Gewicht: 23,5 kg Gewicht, Aluminium Rahmen. Maximale Zuladung: 150 Kg Reifen: Hochwertige 11 Zoll Tubeless-Reifen","canonical_url":"https:\/\/bikeyfasty.store\/index.php\/produkt\/trittbrett-paul-2023-147-ah\/","robots":"max-image-preview:large","keywords":"","webmasterTools":{"google-site-verification":"leF1qydUwZM4hbNEWkzXBgJ5cwNBnthZjCldnstJI-8","msvalidate.01":"F4CE253B53A296EF4B982618F43BD699","yandex-verification":"2c6c63eaf20e4d4b","miscellaneous":""},"schema":{"@context":"https:\/\/schema.org","@graph":[{"@type":"BreadcrumbList","@id":"https:\/\/bikeyfasty.store\/index.php\/produkt\/trittbrett-paul-2023-147-ah\/#breadcrumblist","itemListElement":[{"@type":"ListItem","@id":"https:\/\/bikeyfasty.store#listItem","position":1,"name":"Start","item":"https:\/\/bikeyfasty.store","nextItem":{"@type":"ListItem","@id":"https:\/\/bikeyfasty.store\/index.php\/geschaft\/#listItem","name":"Gesch\u00e4ft"}},{"@type":"ListItem","@id":"https:\/\/bikeyfasty.store\/index.php\/geschaft\/#listItem","position":2,"name":"Gesch\u00e4ft","item":"https:\/\/bikeyfasty.store\/index.php\/geschaft\/","nextItem":{"@type":"ListItem","@id":"https:\/\/bikeyfasty.store\/index.php\/produkt-kategorie\/e-lieferroller\/#listItem","name":"E-Lieferroller"},"previousItem":{"@type":"ListItem","@id":"https:\/\/bikeyfasty.store#listItem","name":"Start"}},{"@type":"ListItem","@id":"https:\/\/bikeyfasty.store\/index.php\/produkt-kategorie\/e-lieferroller\/#listItem","position":3,"name":"E-Lieferroller","item":"https:\/\/bikeyfasty.store\/index.php\/produkt-kategorie\/e-lieferroller\/","nextItem":{"@type":"ListItem","@id":"https:\/\/bikeyfasty.store\/index.php\/produkt\/trittbrett-paul-2023-147-ah\/#listItem","name":"Trittbrett Paul 2023 14,7 Ah"},"previousItem":{"@type":"ListItem","@id":"https:\/\/bikeyfasty.store\/index.php\/geschaft\/#listItem","name":"Gesch\u00e4ft"}},{"@type":"ListItem","@id":"https:\/\/bikeyfasty.store\/index.php\/produkt\/trittbrett-paul-2023-147-ah\/#listItem","position":4,"name":"Trittbrett Paul 2023 14,7 Ah","previousItem":{"@type":"ListItem","@id":"https:\/\/bikeyfasty.store\/index.php\/produkt-kategorie\/e-lieferroller\/#listItem","name":"E-Lieferroller"}}]},{"@type":"ItemPage","@id":"https:\/\/bikeyfasty.store\/index.php\/produkt\/trittbrett-paul-2023-147-ah\/#itempage","url":"https:\/\/bikeyfasty.store\/index.php\/produkt\/trittbrett-paul-2023-147-ah\/","name":"Trittbrett Paul 2023 14,7 Ah - Bikey Fasty","description":"Motor: 500 Watt Motor von Bosch Batterie: Hochwertige 14,7Ah LG-Batterie mit bis zu 75 Km Reichweite Ladezeit: 300 \u2013 360 Minuten Bremsen: 1x progressive Motorbremse mit E-ABS, 2x vollhydraulische Scheibenbremsen Gewicht: 23,5 kg Gewicht, Aluminium Rahmen. Maximale Zuladung: 150 Kg Reifen: Hochwertige 11 Zoll Tubeless-Reifen","inLanguage":"de-DE","isPartOf":{"@id":"https:\/\/bikeyfasty.store\/#website"},"breadcrumb":{"@id":"https:\/\/bikeyfasty.store\/index.php\/produkt\/trittbrett-paul-2023-147-ah\/#breadcrumblist"},"image":{"@type":"ImageObject","url":"https:\/\/bikeyfasty.store\/wp-content\/uploads\/2025\/04\/fdffdfdf.webp","@id":"https:\/\/bikeyfasty.store\/index.php\/produkt\/trittbrett-paul-2023-147-ah\/#mainImage","width":2000,"height":2000},"primaryImageOfPage":{"@id":"https:\/\/bikeyfasty.store\/index.php\/produkt\/trittbrett-paul-2023-147-ah\/#mainImage"},"datePublished":"2025-04-13T00:44:43+02:00","dateModified":"2026-01-26T23:52:17+01:00"},{"@type":"Organization","@id":"https:\/\/bikeyfasty.store\/#organization","name":"#Bikey Fasty BIKEY FASTY","description":"Die bestenIhre besten Fahrr\u00e4der Deine elektrische Mobilit\u00e4t beginnt hier Die Zukunft der Mobilit\u00e4t \u2013 heute","url":"https:\/\/bikeyfasty.store\/","email":"contact@bikeyfasty.store","telephone":"+4915510400141","foundingDate":"1945-11-29","numberOfEmployees":{"@type":"QuantitativeValue","value":27},"logo":{"@type":"ImageObject","url":"https:\/\/bikeyfasty.store\/wp-content\/uploads\/2026\/01\/unnamed-file.png","@id":"https:\/\/bikeyfasty.store\/index.php\/produkt\/trittbrett-paul-2023-147-ah\/#organizationLogo","width":616,"height":447,"caption":"( ( ( ( ("},"image":{"@id":"https:\/\/bikeyfasty.store\/index.php\/produkt\/trittbrett-paul-2023-147-ah\/#organizationLogo"},"address":{"@id":"https:\/\/bikeyfasty.store\/#postaladdress","@type":"PostalAddress","streetAddress":"Karl-Liebknecht-Str. 13,","postalCode":"10178","addressLocality":"Berlin","addressRegion":"Berlin","addressCountry":"DE"}},{"@type":"WebPage","@id":"https:\/\/bikeyfasty.store\/index.php\/produkt\/trittbrett-paul-2023-147-ah\/#webpage","url":"https:\/\/bikeyfasty.store\/index.php\/produkt\/trittbrett-paul-2023-147-ah\/","name":"Trittbrett Paul 2023 14,7 Ah - Bikey Fasty","description":"Motor: 500 Watt Motor von Bosch Batterie: Hochwertige 14,7Ah LG-Batterie mit bis zu 75 Km Reichweite Ladezeit: 300 \u2013 360 Minuten Bremsen: 1x progressive Motorbremse mit E-ABS, 2x vollhydraulische Scheibenbremsen Gewicht: 23,5 kg Gewicht, Aluminium Rahmen. Maximale Zuladung: 150 Kg Reifen: Hochwertige 11 Zoll Tubeless-Reifen","inLanguage":"de-DE","isPartOf":{"@id":"https:\/\/bikeyfasty.store\/#website"},"breadcrumb":{"@id":"https:\/\/bikeyfasty.store\/index.php\/produkt\/trittbrett-paul-2023-147-ah\/#breadcrumblist"},"image":{"@type":"ImageObject","url":"https:\/\/bikeyfasty.store\/wp-content\/uploads\/2025\/04\/fdffdfdf.webp","@id":"https:\/\/bikeyfasty.store\/index.php\/produkt\/trittbrett-paul-2023-147-ah\/#mainImage","width":2000,"height":2000},"primaryImageOfPage":{"@id":"https:\/\/bikeyfasty.store\/index.php\/produkt\/trittbrett-paul-2023-147-ah\/#mainImage"},"datePublished":"2025-04-13T00:44:43+02:00","dateModified":"2026-01-26T23:52:17+01:00"},{"@type":"WebSite","@id":"https:\/\/bikeyfasty.store\/#website","url":"https:\/\/bikeyfasty.store\/","name":"Bikey Fasty","description":"Die bestenIhre besten Fahrr\u00e4der","inLanguage":"de-DE","publisher":{"@id":"https:\/\/bikeyfasty.store\/#organization"}}]},"og:locale":"de_DE","og:site_name":"Bikey Fasty - Die bestenIhre besten Fahrr\u00e4der","og:type":"article","og:title":"Trittbrett Paul 2023 14,7 Ah - Bikey Fasty","og:description":"Motor: 500 Watt Motor von Bosch Batterie: Hochwertige 14,7Ah LG-Batterie mit bis zu 75 Km Reichweite Ladezeit: 300 \u2013 360 Minuten Bremsen: 1x progressive Motorbremse mit E-ABS, 2x vollhydraulische Scheibenbremsen Gewicht: 23,5 kg Gewicht, Aluminium Rahmen. Maximale Zuladung: 150 Kg Reifen: Hochwertige 11 Zoll Tubeless-Reifen","og:url":"https:\/\/bikeyfasty.store\/index.php\/produkt\/trittbrett-paul-2023-147-ah\/","og:image":"https:\/\/bikeyfasty.store\/wp-content\/uploads\/2026\/01\/unnamed-file.png","og:image:secure_url":"https:\/\/bikeyfasty.store\/wp-content\/uploads\/2026\/01\/unnamed-file.png","og:image:width":616,"og:image:height":447,"article:published_time":"2025-04-12T22:44:43+00:00","article:modified_time":"2026-01-26T22:52:17+00:00","twitter:card":"summary_large_image","twitter:title":"Trittbrett Paul 2023 14,7 Ah - Bikey Fasty","twitter:description":"Motor: 500 Watt Motor von Bosch Batterie: Hochwertige 14,7Ah LG-Batterie mit bis zu 75 Km Reichweite Ladezeit: 300 \u2013 360 Minuten Bremsen: 1x progressive Motorbremse mit E-ABS, 2x vollhydraulische Scheibenbremsen Gewicht: 23,5 kg Gewicht, Aluminium Rahmen. Maximale Zuladung: 150 Kg Reifen: Hochwertige 11 Zoll Tubeless-Reifen","twitter:image":"https:\/\/bikeyfasty.store\/wp-content\/uploads\/2026\/01\/unnamed-file.png"},"aioseo_meta_data":{"post_id":"18840","title":null,"description":null,"keywords":null,"keyphrases":{"focus":{"keyphrase":"","score":0,"analysis":{"keyphraseInTitle":{"score":0,"maxScore":9,"error":1}}},"additional":[]},"primary_term":null,"canonical_url":null,"og_title":null,"og_description":null,"og_object_type":"default","og_image_type":"default","og_image_url":null,"og_image_width":null,"og_image_height":null,"og_image_custom_url":null,"og_image_custom_fields":null,"og_video":"","og_custom_url":null,"og_article_section":null,"og_article_tags":null,"twitter_use_og":false,"twitter_card":"default","twitter_image_type":"default","twitter_image_url":null,"twitter_image_custom_url":null,"twitter_image_custom_fields":null,"twitter_title":null,"twitter_description":null,"schema":{"blockGraphs":[],"customGraphs":[],"default":{"data":{"Article":[],"Course":[],"Dataset":[],"FAQPage":[],"Movie":[],"Person":[],"Product":[],"ProductReview":[],"Car":[],"Recipe":[],"Service":[],"SoftwareApplication":[],"WebPage":[]},"graphName":"ItemPage","isEnabled":true},"graphs":[]},"schema_type":"default","schema_type_options":null,"pillar_content":false,"robots_default":true,"robots_noindex":false,"robots_noarchive":false,"robots_nosnippet":false,"robots_nofollow":false,"robots_noimageindex":false,"robots_noodp":false,"robots_notranslate":false,"robots_max_snippet":"-1","robots_max_videopreview":"-1","robots_max_imagepreview":"large","priority":null,"frequency":"default","local_seo":null,"seo_analyzer_scan_date":"2026-01-26 22:54:29","breadcrumb_settings":null,"limit_modified_date":false,"reviewed_by":"0","open_ai":null,"ai":{"faqs":[],"keyPoints":[],"titles":[],"descriptions":[],"socialPosts":{"email":[],"linkedin":[],"twitter":[],"facebook":[],"instagram":[]}},"created":"2025-05-01 09:25:32","updated":"2026-01-26 22:56:34"},"aioseo_breadcrumb":"<div class=\"aioseo-breadcrumbs\"><span class=\"aioseo-breadcrumb\">\n\t<a href=\"https:\/\/bikeyfasty.store\" title=\"Start\">Start<\/a>\n<\/span><span class=\"aioseo-breadcrumb-separator\">\u00bb<\/span><span class=\"aioseo-breadcrumb\">\n\t<a href=\"https:\/\/bikeyfasty.store\/index.php\/geschaft\/\" title=\"Gesch\u00e4ft\">Gesch\u00e4ft<\/a>\n<\/span><span class=\"aioseo-breadcrumb-separator\">\u00bb<\/span><span class=\"aioseo-breadcrumb\">\n\t<a href=\"https:\/\/bikeyfasty.store\/index.php\/produkt-kategorie\/e-lieferroller\/\" title=\"E-Lieferroller\">E-Lieferroller<\/a>\n<\/span><span class=\"aioseo-breadcrumb-separator\">\u00bb<\/span><span class=\"aioseo-breadcrumb\">\n\tTrittbrett Paul 2023 14,7 Ah\n<\/span><\/div>","aioseo_breadcrumb_json":[{"label":"Start","link":"https:\/\/bikeyfasty.store"},{"label":"Gesch\u00e4ft","link":"https:\/\/bikeyfasty.store\/index.php\/geschaft\/"},{"label":"E-Lieferroller","link":"https:\/\/bikeyfasty.store\/index.php\/produkt-kategorie\/e-lieferroller\/"},{"label":"Trittbrett Paul 2023 14,7 Ah","link":"https:\/\/bikeyfasty.store\/index.php\/produkt\/trittbrett-paul-2023-147-ah\/"}],"_links":{"self":[{"href":"https:\/\/bikeyfasty.store\/index.php\/wp-json\/wp\/v2\/product\/18840","targetHints":{"allow":["GET"]}}],"collection":[{"href":"https:\/\/bikeyfasty.store\/index.php\/wp-json\/wp\/v2\/product"}],"about":[{"href":"https:\/\/bikeyfasty.store\/index.php\/wp-json\/wp\/v2\/types\/product"}],"replies":[{"embeddable":true,"href":"https:\/\/bikeyfasty.store\/index.php\/wp-json\/wp\/v2\/comments?post=18840"}],"version-history":[{"count":3,"href":"https:\/\/bikeyfasty.store\/index.php\/wp-json\/wp\/v2\/product\/18840\/revisions"}],"predecessor-version":[{"id":52147,"href":"https:\/\/bikeyfasty.store\/index.php\/wp-json\/wp\/v2\/product\/18840\/revisions\/52147"}],"wp:featuredmedia":[{"embeddable":true,"href":"https:\/\/bikeyfasty.store\/index.php\/wp-json\/wp\/v2\/media\/18925"}],"wp:attachment":[{"href":"https:\/\/bikeyfasty.store\/index.php\/wp-json\/wp\/v2\/media?parent=18840"}],"wp:term":[{"taxonomy":"product_brand","embeddable":true,"href":"https:\/\/bikeyfasty.store\/index.php\/wp-json\/wp\/v2\/product_brand?post=18840"},{"taxonomy":"product_cat","embeddable":true,"href":"https:\/\/bikeyfasty.store\/index.php\/wp-json\/wp\/v2\/product_cat?post=18840"},{"taxonomy":"product_tag","embeddable":true,"href":"https:\/\/bikeyfasty.store\/index.php\/wp-json\/wp\/v2\/product_tag?post=18840"}],"curies":[{"name":"wp","href":"https:\/\/api.w.org\/{rel}","templated":true}]}}