{"id":18843,"date":"2025-04-13T00:44:43","date_gmt":"2025-04-12T22:44:43","guid":{"rendered":"https:\/\/bikeyfasty.store\/?post_type=product&#038;p=18843"},"modified":"2026-01-27T00:03:26","modified_gmt":"2026-01-26T23:03:26","slug":"vmax-vx2-pro-st-b","status":"publish","type":"product","link":"https:\/\/bikeyfasty.store\/index.php\/produkt\/vmax-vx2-pro-st-b\/","title":{"rendered":"Vmax Vx2 Pro St-b 48 V \/ 500 Watt"},"content":{"rendered":"<h4>VMAX VX2 PRO ST-B<\/h4>\n<div class=\"product--description\">\n<h5>PERFORMANCE PUR<\/h5>\n<p>Der VX2 Pro ist der wohl st\u00e4rkste E-Scooter mit Stra\u00dfenzulassung auf dem Markt. Der optimierte 500 Watt Motor mit \u00fcber 1.200 Watt Peakleistung l\u00e4sst Dich problemlos Steigungen von bis zu 28% bezwingen.<\/p>\n<h5>HELLER BLINKER<\/h5>\n<p>Die helle Blinkanlage, welche vorne am Lenker und hinten am Schutzblech verbaut ist, garantiert eine bestm\u00f6gliche Sicherheit f\u00fcr das Anzeigen von Richtungswechseln im Stra\u00dfenverkehr.<\/p>\n<h5>ULTRA HELLES LICHT<\/h5>\n<p>Das ultra helle 60 Lux Licht mit Doppelkegel und integriertem Refelektor sorgt f\u00fcr eine bestm\u00f6gliche Ausleuchtung des Weges und guter Sichtbarkeit im Stra\u00dfenverkehr bei Nachtfahrten.<\/p>\n<h5>REKUPERATION<\/h5>\n<p>Mit der elektronischen Bremse am Hinterrad kannst Du bei jedem Bremsvorgang wertvolle Energie f\u00fcr Deinen E-Scooter zur\u00fcckgewinnen.<\/p>\n<h5>FEATURES<\/h5>\n<ul>\n<li>45 km Reichweite<\/li>\n<li>48 V \/ 500 Watt<\/li>\n<li>20.4 kg Gewicht<\/li>\n<li>Maximale Geschwindigkeit: 20 km\/h<\/li>\n<li>Steigf\u00e4higkeit: Bis 28%<\/li>\n<li>Maximale Belastung: 130 kg<\/li>\n<li>Akku: 48V 13&#8217;000 mAh<\/li>\n<li>Ladezeit: 390 Minuten<\/li>\n<li>IP Schutzgrad: X6<\/li>\n<li>Material: Aluminium<\/li>\n<li>Licht: 60 LUX Frontlicht mit Doppelkegel + R\u00fccklicht mit Bremslicht<\/li>\n<li>Bremssystem vorne: Trommelbremse<\/li>\n<li>Bremssystem hinten: Elektronische Rekuperation<\/li>\n<li>Bremshebel: 2 &#8211; separiertes Bremsen hinten und vorne<\/li>\n<li>Produkt stehend: 1227 \u00d7 540 \u00d7 1130 mm<\/li>\n<li>Produkt zusammengeklappt: 490 \u00d7 540 x 1130 mm<\/li>\n<li>Trittbrett: 440\u00d7150mm<\/li>\n<li>Reifengr\u00f6sse vorne: 10&#8243; Tubeless<\/li>\n<li>Reifengr\u00f6sse hinten: 10&#8243; Tubeless<\/li>\n<li>Lenkerh\u00f6he ab Trittbrett: 980mm<\/li>\n<\/ul>\n<h5>LIEFERUMFANG<\/h5>\n<ul>\n<li>1x VMAX VX2 Pro ST-B<\/li>\n<li>1x VMAX Datenbest\u00e4tigung<\/li>\n<li>1x VMAX Montageanleitung und Werkzeug<\/li>\n<li>1x VMAX Commuting Bag<\/li>\n<li>1x VMAX Ladeger\u00e4t<\/li>\n<li>1x VMAX Ventilzugangserweiterung<\/li>\n<\/ul>\n<p>Sichere Dir jetzt deinen VX2 ST Pro mit Blinker &amp; neu entwickeltem Motor f\u00fcr noch mehr Power.<\/p>\n<\/div>\n<p>EAN-Nr: 7640441155506<\/p>\n","protected":false},"excerpt":{"rendered":"<ul>\n<li>45 km Reichweite<\/li>\n<li>48 V \/ 500 Watt<\/li>\n<li>20.4 kg Gewicht<\/li>\n<li>Maximale Geschwindigkeit: 20 km\/h<\/li>\n<li>Steigf\u00e4higkeit: Bis 28%<\/li>\n<li>Maximale Belastung: 130 kg<\/li>\n<li>Akku: 48V 13&#8217;000 mAh<\/li>\n<li>Ladezeit: 390 Minuten<\/li>\n<li>IP Schutzgrad: X6<\/li>\n<li>Material: Aluminium<\/li>\n<\/ul>\n","protected":false},"featured_media":18969,"comment_status":"open","ping_status":"closed","template":"","meta":{"googlesitekit_rrm_CAowq6HFDA:productID":"","om_disable_all_campaigns":false,"_monsterinsights_skip_tracking":false,"_monsterinsights_sitenote_active":false,"_monsterinsights_sitenote_note":"","_monsterinsights_sitenote_category":0,"_uf_show_specific_survey":0,"_uf_disable_surveys":false},"product_brand":[],"product_cat":[20],"product_tag":[],"class_list":{"0":"post-18843","1":"product","2":"type-product","3":"status-publish","4":"has-post-thumbnail","6":"product_cat-e-lieferroller","8":"first","9":"instock","10":"sale","11":"taxable","12":"shipping-taxable","13":"purchasable","14":"product-type-simple"},"aioseo_notices":[],"aioseo_head":"\n\t\t<!-- All in One SEO Pro 4.9.5.2 - aioseo.com -->\n\t<meta name=\"description\" content=\"45 km Reichweite 48 V \/ 500 Watt 20.4 kg Gewicht Maximale Geschwindigkeit: 20 km\/h Steigf\u00e4higkeit: Bis 28% Maximale Belastung: 130 kg Akku: 48V 13&#039;000 mAh Ladezeit: 390 Minuten IP Schutzgrad: X6 Material: Aluminium\" \/>\n\t<meta name=\"robots\" content=\"max-image-preview:large\" \/>\n\t<meta name=\"google-site-verification\" content=\"leF1qydUwZM4hbNEWkzXBgJ5cwNBnthZjCldnstJI-8\" \/>\n\t<meta name=\"msvalidate.01\" content=\"F4CE253B53A296EF4B982618F43BD699\" \/>\n\t<meta name=\"yandex-verification\" content=\"2c6c63eaf20e4d4b\" \/>\n\t<link rel=\"canonical\" href=\"https:\/\/bikeyfasty.store\/index.php\/produkt\/vmax-vx2-pro-st-b\/\" \/>\n\t<meta name=\"generator\" content=\"All in One SEO Pro (AIOSEO) 4.9.5.2\" \/>\n\t\t<meta property=\"og:locale\" content=\"de_DE\" \/>\n\t\t<meta property=\"og:site_name\" content=\"Bikey Fasty - Die bestenIhre besten Fahrr\u00e4der\" \/>\n\t\t<meta property=\"og:type\" content=\"article\" \/>\n\t\t<meta property=\"og:title\" content=\"Vmax Vx2 Pro St-b 48 V \/ 500 Watt - Bikey Fasty\" \/>\n\t\t<meta property=\"og:description\" content=\"45 km Reichweite 48 V \/ 500 Watt 20.4 kg Gewicht Maximale Geschwindigkeit: 20 km\/h Steigf\u00e4higkeit: Bis 28% Maximale Belastung: 130 kg Akku: 48V 13&#039;000 mAh Ladezeit: 390 Minuten IP Schutzgrad: X6 Material: Aluminium\" \/>\n\t\t<meta property=\"og:url\" content=\"https:\/\/bikeyfasty.store\/index.php\/produkt\/vmax-vx2-pro-st-b\/\" \/>\n\t\t<meta property=\"og:image\" content=\"https:\/\/bikeyfasty.store\/wp-content\/uploads\/2026\/01\/unnamed-file.png\" \/>\n\t\t<meta property=\"og:image:secure_url\" content=\"https:\/\/bikeyfasty.store\/wp-content\/uploads\/2026\/01\/unnamed-file.png\" \/>\n\t\t<meta property=\"og:image:width\" content=\"616\" \/>\n\t\t<meta property=\"og:image:height\" content=\"447\" \/>\n\t\t<meta property=\"article:published_time\" content=\"2025-04-12T22:44:43+00:00\" \/>\n\t\t<meta property=\"article:modified_time\" content=\"2026-01-26T23:03:26+00:00\" \/>\n\t\t<meta name=\"twitter:card\" content=\"summary_large_image\" \/>\n\t\t<meta name=\"twitter:title\" content=\"Vmax Vx2 Pro St-b 48 V \/ 500 Watt - Bikey Fasty\" \/>\n\t\t<meta name=\"twitter:description\" content=\"45 km Reichweite 48 V \/ 500 Watt 20.4 kg Gewicht Maximale Geschwindigkeit: 20 km\/h Steigf\u00e4higkeit: Bis 28% Maximale Belastung: 130 kg Akku: 48V 13&#039;000 mAh Ladezeit: 390 Minuten IP Schutzgrad: X6 Material: Aluminium\" \/>\n\t\t<meta name=\"twitter:image\" content=\"https:\/\/bikeyfasty.store\/wp-content\/uploads\/2026\/01\/unnamed-file.png\" \/>\n\t\t<script type=\"application\/ld+json\" class=\"aioseo-schema\">\n\t\t\t{\"@context\":\"https:\\\/\\\/schema.org\",\"@graph\":[{\"@type\":\"BreadcrumbList\",\"@id\":\"https:\\\/\\\/bikeyfasty.store\\\/index.php\\\/produkt\\\/vmax-vx2-pro-st-b\\\/#breadcrumblist\",\"itemListElement\":[{\"@type\":\"ListItem\",\"@id\":\"https:\\\/\\\/bikeyfasty.store#listItem\",\"position\":1,\"name\":\"Start\",\"item\":\"https:\\\/\\\/bikeyfasty.store\",\"nextItem\":{\"@type\":\"ListItem\",\"@id\":\"https:\\\/\\\/bikeyfasty.store\\\/index.php\\\/geschaft\\\/#listItem\",\"name\":\"Gesch\\u00e4ft\"}},{\"@type\":\"ListItem\",\"@id\":\"https:\\\/\\\/bikeyfasty.store\\\/index.php\\\/geschaft\\\/#listItem\",\"position\":2,\"name\":\"Gesch\\u00e4ft\",\"item\":\"https:\\\/\\\/bikeyfasty.store\\\/index.php\\\/geschaft\\\/\",\"nextItem\":{\"@type\":\"ListItem\",\"@id\":\"https:\\\/\\\/bikeyfasty.store\\\/index.php\\\/produkt-kategorie\\\/e-lieferroller\\\/#listItem\",\"name\":\"E-Lieferroller\"},\"previousItem\":{\"@type\":\"ListItem\",\"@id\":\"https:\\\/\\\/bikeyfasty.store#listItem\",\"name\":\"Start\"}},{\"@type\":\"ListItem\",\"@id\":\"https:\\\/\\\/bikeyfasty.store\\\/index.php\\\/produkt-kategorie\\\/e-lieferroller\\\/#listItem\",\"position\":3,\"name\":\"E-Lieferroller\",\"item\":\"https:\\\/\\\/bikeyfasty.store\\\/index.php\\\/produkt-kategorie\\\/e-lieferroller\\\/\",\"nextItem\":{\"@type\":\"ListItem\",\"@id\":\"https:\\\/\\\/bikeyfasty.store\\\/index.php\\\/produkt\\\/vmax-vx2-pro-st-b\\\/#listItem\",\"name\":\"Vmax Vx2 Pro St-b 48 V \\\/ 500 Watt\"},\"previousItem\":{\"@type\":\"ListItem\",\"@id\":\"https:\\\/\\\/bikeyfasty.store\\\/index.php\\\/geschaft\\\/#listItem\",\"name\":\"Gesch\\u00e4ft\"}},{\"@type\":\"ListItem\",\"@id\":\"https:\\\/\\\/bikeyfasty.store\\\/index.php\\\/produkt\\\/vmax-vx2-pro-st-b\\\/#listItem\",\"position\":4,\"name\":\"Vmax Vx2 Pro St-b 48 V \\\/ 500 Watt\",\"previousItem\":{\"@type\":\"ListItem\",\"@id\":\"https:\\\/\\\/bikeyfasty.store\\\/index.php\\\/produkt-kategorie\\\/e-lieferroller\\\/#listItem\",\"name\":\"E-Lieferroller\"}}]},{\"@type\":\"ItemPage\",\"@id\":\"https:\\\/\\\/bikeyfasty.store\\\/index.php\\\/produkt\\\/vmax-vx2-pro-st-b\\\/#itempage\",\"url\":\"https:\\\/\\\/bikeyfasty.store\\\/index.php\\\/produkt\\\/vmax-vx2-pro-st-b\\\/\",\"name\":\"Vmax Vx2 Pro St-b 48 V \\\/ 500 Watt - Bikey Fasty\",\"description\":\"45 km Reichweite 48 V \\\/ 500 Watt 20.4 kg Gewicht Maximale Geschwindigkeit: 20 km\\\/h Steigf\\u00e4higkeit: Bis 28% Maximale Belastung: 130 kg Akku: 48V 13'000 mAh Ladezeit: 390 Minuten IP Schutzgrad: X6 Material: Aluminium\",\"inLanguage\":\"de-DE\",\"isPartOf\":{\"@id\":\"https:\\\/\\\/bikeyfasty.store\\\/#website\"},\"breadcrumb\":{\"@id\":\"https:\\\/\\\/bikeyfasty.store\\\/index.php\\\/produkt\\\/vmax-vx2-pro-st-b\\\/#breadcrumblist\"},\"image\":{\"@type\":\"ImageObject\",\"url\":\"https:\\\/\\\/bikeyfasty.store\\\/wp-content\\\/uploads\\\/2025\\\/04\\\/ytytytyyt.webp\",\"@id\":\"https:\\\/\\\/bikeyfasty.store\\\/index.php\\\/produkt\\\/vmax-vx2-pro-st-b\\\/#mainImage\",\"width\":2022,\"height\":2022},\"primaryImageOfPage\":{\"@id\":\"https:\\\/\\\/bikeyfasty.store\\\/index.php\\\/produkt\\\/vmax-vx2-pro-st-b\\\/#mainImage\"},\"datePublished\":\"2025-04-13T00:44:43+02:00\",\"dateModified\":\"2026-01-27T00:03:26+01:00\"},{\"@type\":\"Organization\",\"@id\":\"https:\\\/\\\/bikeyfasty.store\\\/#organization\",\"name\":\"#Bikey Fasty BIKEY FASTY\",\"description\":\"Die bestenIhre besten Fahrr\\u00e4der Deine elektrische Mobilit\\u00e4t beginnt hier Die Zukunft der Mobilit\\u00e4t \\u2013 heute\",\"url\":\"https:\\\/\\\/bikeyfasty.store\\\/\",\"email\":\"contact@bikeyfasty.store\",\"telephone\":\"+4915510400141\",\"foundingDate\":\"1945-11-29\",\"numberOfEmployees\":{\"@type\":\"QuantitativeValue\",\"value\":27},\"logo\":{\"@type\":\"ImageObject\",\"url\":\"https:\\\/\\\/bikeyfasty.store\\\/wp-content\\\/uploads\\\/2026\\\/01\\\/unnamed-file.png\",\"@id\":\"https:\\\/\\\/bikeyfasty.store\\\/index.php\\\/produkt\\\/vmax-vx2-pro-st-b\\\/#organizationLogo\",\"width\":616,\"height\":447,\"caption\":\"( ( ( ( (\"},\"image\":{\"@id\":\"https:\\\/\\\/bikeyfasty.store\\\/index.php\\\/produkt\\\/vmax-vx2-pro-st-b\\\/#organizationLogo\"},\"address\":{\"@id\":\"https:\\\/\\\/bikeyfasty.store\\\/#postaladdress\",\"@type\":\"PostalAddress\",\"streetAddress\":\"Karl-Liebknecht-Str. 13,\",\"postalCode\":\"10178\",\"addressLocality\":\"Berlin\",\"addressRegion\":\"Berlin\",\"addressCountry\":\"DE\"}},{\"@type\":\"WebPage\",\"@id\":\"https:\\\/\\\/bikeyfasty.store\\\/index.php\\\/produkt\\\/vmax-vx2-pro-st-b\\\/#webpage\",\"url\":\"https:\\\/\\\/bikeyfasty.store\\\/index.php\\\/produkt\\\/vmax-vx2-pro-st-b\\\/\",\"name\":\"Vmax Vx2 Pro St-b 48 V \\\/ 500 Watt - Bikey Fasty\",\"description\":\"45 km Reichweite 48 V \\\/ 500 Watt 20.4 kg Gewicht Maximale Geschwindigkeit: 20 km\\\/h Steigf\\u00e4higkeit: Bis 28% Maximale Belastung: 130 kg Akku: 48V 13'000 mAh Ladezeit: 390 Minuten IP Schutzgrad: X6 Material: Aluminium\",\"inLanguage\":\"de-DE\",\"isPartOf\":{\"@id\":\"https:\\\/\\\/bikeyfasty.store\\\/#website\"},\"breadcrumb\":{\"@id\":\"https:\\\/\\\/bikeyfasty.store\\\/index.php\\\/produkt\\\/vmax-vx2-pro-st-b\\\/#breadcrumblist\"},\"image\":{\"@type\":\"ImageObject\",\"url\":\"https:\\\/\\\/bikeyfasty.store\\\/wp-content\\\/uploads\\\/2025\\\/04\\\/ytytytyyt.webp\",\"@id\":\"https:\\\/\\\/bikeyfasty.store\\\/index.php\\\/produkt\\\/vmax-vx2-pro-st-b\\\/#mainImage\",\"width\":2022,\"height\":2022},\"primaryImageOfPage\":{\"@id\":\"https:\\\/\\\/bikeyfasty.store\\\/index.php\\\/produkt\\\/vmax-vx2-pro-st-b\\\/#mainImage\"},\"datePublished\":\"2025-04-13T00:44:43+02:00\",\"dateModified\":\"2026-01-27T00:03:26+01:00\"},{\"@type\":\"WebSite\",\"@id\":\"https:\\\/\\\/bikeyfasty.store\\\/#website\",\"url\":\"https:\\\/\\\/bikeyfasty.store\\\/\",\"name\":\"Bikey Fasty\",\"description\":\"Die bestenIhre besten Fahrr\\u00e4der\",\"inLanguage\":\"de-DE\",\"publisher\":{\"@id\":\"https:\\\/\\\/bikeyfasty.store\\\/#organization\"}}]}\n\t\t<\/script>\n\t\t<script type=\"text\/javascript\">\n\t\t\t(function(c,l,a,r,i,t,y){\n\t\t\tc[a]=c[a]||function(){(c[a].q=c[a].q||[]).push(arguments)};t=l.createElement(r);t.async=1;\n\t\t\tt.src=\"https:\/\/www.clarity.ms\/tag\/\"+i+\"?ref=aioseo\";y=l.getElementsByTagName(r)[0];y.parentNode.insertBefore(t,y);\n\t\t})(window, document, \"clarity\", \"script\", \"v74e4fvqvw\");\n\t\t<\/script>\n\t\t<!-- All in One SEO Pro -->\r\n\t\t<title>Vmax Vx2 Pro St-b 48 V \/ 500 Watt - Bikey Fasty<\/title>\n\n","aioseo_head_json":{"title":"Vmax Vx2 Pro St-b 48 V \/ 500 Watt - Bikey Fasty","description":"45 km Reichweite 48 V \/ 500 Watt 20.4 kg Gewicht Maximale Geschwindigkeit: 20 km\/h Steigf\u00e4higkeit: Bis 28% Maximale Belastung: 130 kg Akku: 48V 13'000 mAh Ladezeit: 390 Minuten IP Schutzgrad: X6 Material: Aluminium","canonical_url":"https:\/\/bikeyfasty.store\/index.php\/produkt\/vmax-vx2-pro-st-b\/","robots":"max-image-preview:large","keywords":"","webmasterTools":{"google-site-verification":"leF1qydUwZM4hbNEWkzXBgJ5cwNBnthZjCldnstJI-8","msvalidate.01":"F4CE253B53A296EF4B982618F43BD699","yandex-verification":"2c6c63eaf20e4d4b","miscellaneous":""},"schema":{"@context":"https:\/\/schema.org","@graph":[{"@type":"BreadcrumbList","@id":"https:\/\/bikeyfasty.store\/index.php\/produkt\/vmax-vx2-pro-st-b\/#breadcrumblist","itemListElement":[{"@type":"ListItem","@id":"https:\/\/bikeyfasty.store#listItem","position":1,"name":"Start","item":"https:\/\/bikeyfasty.store","nextItem":{"@type":"ListItem","@id":"https:\/\/bikeyfasty.store\/index.php\/geschaft\/#listItem","name":"Gesch\u00e4ft"}},{"@type":"ListItem","@id":"https:\/\/bikeyfasty.store\/index.php\/geschaft\/#listItem","position":2,"name":"Gesch\u00e4ft","item":"https:\/\/bikeyfasty.store\/index.php\/geschaft\/","nextItem":{"@type":"ListItem","@id":"https:\/\/bikeyfasty.store\/index.php\/produkt-kategorie\/e-lieferroller\/#listItem","name":"E-Lieferroller"},"previousItem":{"@type":"ListItem","@id":"https:\/\/bikeyfasty.store#listItem","name":"Start"}},{"@type":"ListItem","@id":"https:\/\/bikeyfasty.store\/index.php\/produkt-kategorie\/e-lieferroller\/#listItem","position":3,"name":"E-Lieferroller","item":"https:\/\/bikeyfasty.store\/index.php\/produkt-kategorie\/e-lieferroller\/","nextItem":{"@type":"ListItem","@id":"https:\/\/bikeyfasty.store\/index.php\/produkt\/vmax-vx2-pro-st-b\/#listItem","name":"Vmax Vx2 Pro St-b 48 V \/ 500 Watt"},"previousItem":{"@type":"ListItem","@id":"https:\/\/bikeyfasty.store\/index.php\/geschaft\/#listItem","name":"Gesch\u00e4ft"}},{"@type":"ListItem","@id":"https:\/\/bikeyfasty.store\/index.php\/produkt\/vmax-vx2-pro-st-b\/#listItem","position":4,"name":"Vmax Vx2 Pro St-b 48 V \/ 500 Watt","previousItem":{"@type":"ListItem","@id":"https:\/\/bikeyfasty.store\/index.php\/produkt-kategorie\/e-lieferroller\/#listItem","name":"E-Lieferroller"}}]},{"@type":"ItemPage","@id":"https:\/\/bikeyfasty.store\/index.php\/produkt\/vmax-vx2-pro-st-b\/#itempage","url":"https:\/\/bikeyfasty.store\/index.php\/produkt\/vmax-vx2-pro-st-b\/","name":"Vmax Vx2 Pro St-b 48 V \/ 500 Watt - Bikey Fasty","description":"45 km Reichweite 48 V \/ 500 Watt 20.4 kg Gewicht Maximale Geschwindigkeit: 20 km\/h Steigf\u00e4higkeit: Bis 28% Maximale Belastung: 130 kg Akku: 48V 13'000 mAh Ladezeit: 390 Minuten IP Schutzgrad: X6 Material: Aluminium","inLanguage":"de-DE","isPartOf":{"@id":"https:\/\/bikeyfasty.store\/#website"},"breadcrumb":{"@id":"https:\/\/bikeyfasty.store\/index.php\/produkt\/vmax-vx2-pro-st-b\/#breadcrumblist"},"image":{"@type":"ImageObject","url":"https:\/\/bikeyfasty.store\/wp-content\/uploads\/2025\/04\/ytytytyyt.webp","@id":"https:\/\/bikeyfasty.store\/index.php\/produkt\/vmax-vx2-pro-st-b\/#mainImage","width":2022,"height":2022},"primaryImageOfPage":{"@id":"https:\/\/bikeyfasty.store\/index.php\/produkt\/vmax-vx2-pro-st-b\/#mainImage"},"datePublished":"2025-04-13T00:44:43+02:00","dateModified":"2026-01-27T00:03:26+01:00"},{"@type":"Organization","@id":"https:\/\/bikeyfasty.store\/#organization","name":"#Bikey Fasty BIKEY FASTY","description":"Die bestenIhre besten Fahrr\u00e4der Deine elektrische Mobilit\u00e4t beginnt hier Die Zukunft der Mobilit\u00e4t \u2013 heute","url":"https:\/\/bikeyfasty.store\/","email":"contact@bikeyfasty.store","telephone":"+4915510400141","foundingDate":"1945-11-29","numberOfEmployees":{"@type":"QuantitativeValue","value":27},"logo":{"@type":"ImageObject","url":"https:\/\/bikeyfasty.store\/wp-content\/uploads\/2026\/01\/unnamed-file.png","@id":"https:\/\/bikeyfasty.store\/index.php\/produkt\/vmax-vx2-pro-st-b\/#organizationLogo","width":616,"height":447,"caption":"( ( ( ( ("},"image":{"@id":"https:\/\/bikeyfasty.store\/index.php\/produkt\/vmax-vx2-pro-st-b\/#organizationLogo"},"address":{"@id":"https:\/\/bikeyfasty.store\/#postaladdress","@type":"PostalAddress","streetAddress":"Karl-Liebknecht-Str. 13,","postalCode":"10178","addressLocality":"Berlin","addressRegion":"Berlin","addressCountry":"DE"}},{"@type":"WebPage","@id":"https:\/\/bikeyfasty.store\/index.php\/produkt\/vmax-vx2-pro-st-b\/#webpage","url":"https:\/\/bikeyfasty.store\/index.php\/produkt\/vmax-vx2-pro-st-b\/","name":"Vmax Vx2 Pro St-b 48 V \/ 500 Watt - Bikey Fasty","description":"45 km Reichweite 48 V \/ 500 Watt 20.4 kg Gewicht Maximale Geschwindigkeit: 20 km\/h Steigf\u00e4higkeit: Bis 28% Maximale Belastung: 130 kg Akku: 48V 13'000 mAh Ladezeit: 390 Minuten IP Schutzgrad: X6 Material: Aluminium","inLanguage":"de-DE","isPartOf":{"@id":"https:\/\/bikeyfasty.store\/#website"},"breadcrumb":{"@id":"https:\/\/bikeyfasty.store\/index.php\/produkt\/vmax-vx2-pro-st-b\/#breadcrumblist"},"image":{"@type":"ImageObject","url":"https:\/\/bikeyfasty.store\/wp-content\/uploads\/2025\/04\/ytytytyyt.webp","@id":"https:\/\/bikeyfasty.store\/index.php\/produkt\/vmax-vx2-pro-st-b\/#mainImage","width":2022,"height":2022},"primaryImageOfPage":{"@id":"https:\/\/bikeyfasty.store\/index.php\/produkt\/vmax-vx2-pro-st-b\/#mainImage"},"datePublished":"2025-04-13T00:44:43+02:00","dateModified":"2026-01-27T00:03:26+01:00"},{"@type":"WebSite","@id":"https:\/\/bikeyfasty.store\/#website","url":"https:\/\/bikeyfasty.store\/","name":"Bikey Fasty","description":"Die bestenIhre besten Fahrr\u00e4der","inLanguage":"de-DE","publisher":{"@id":"https:\/\/bikeyfasty.store\/#organization"}}]},"og:locale":"de_DE","og:site_name":"Bikey Fasty - Die bestenIhre besten Fahrr\u00e4der","og:type":"article","og:title":"Vmax Vx2 Pro St-b 48 V \/ 500 Watt - Bikey Fasty","og:description":"45 km Reichweite 48 V \/ 500 Watt 20.4 kg Gewicht Maximale Geschwindigkeit: 20 km\/h Steigf\u00e4higkeit: Bis 28% Maximale Belastung: 130 kg Akku: 48V 13'000 mAh Ladezeit: 390 Minuten IP Schutzgrad: X6 Material: Aluminium","og:url":"https:\/\/bikeyfasty.store\/index.php\/produkt\/vmax-vx2-pro-st-b\/","og:image":"https:\/\/bikeyfasty.store\/wp-content\/uploads\/2026\/01\/unnamed-file.png","og:image:secure_url":"https:\/\/bikeyfasty.store\/wp-content\/uploads\/2026\/01\/unnamed-file.png","og:image:width":616,"og:image:height":447,"article:published_time":"2025-04-12T22:44:43+00:00","article:modified_time":"2026-01-26T23:03:26+00:00","twitter:card":"summary_large_image","twitter:title":"Vmax Vx2 Pro St-b 48 V \/ 500 Watt - Bikey Fasty","twitter:description":"45 km Reichweite 48 V \/ 500 Watt 20.4 kg Gewicht Maximale Geschwindigkeit: 20 km\/h Steigf\u00e4higkeit: Bis 28% Maximale Belastung: 130 kg Akku: 48V 13'000 mAh Ladezeit: 390 Minuten IP Schutzgrad: X6 Material: Aluminium","twitter:image":"https:\/\/bikeyfasty.store\/wp-content\/uploads\/2026\/01\/unnamed-file.png"},"aioseo_meta_data":{"post_id":"18843","title":null,"description":null,"keywords":null,"keyphrases":{"focus":{"keyphrase":"","score":0,"analysis":{"keyphraseInTitle":{"score":0,"maxScore":9,"error":1}}},"additional":[]},"primary_term":null,"canonical_url":null,"og_title":null,"og_description":null,"og_object_type":"default","og_image_type":"default","og_image_url":null,"og_image_width":null,"og_image_height":null,"og_image_custom_url":null,"og_image_custom_fields":null,"og_video":"","og_custom_url":null,"og_article_section":null,"og_article_tags":null,"twitter_use_og":false,"twitter_card":"default","twitter_image_type":"default","twitter_image_url":null,"twitter_image_custom_url":null,"twitter_image_custom_fields":null,"twitter_title":null,"twitter_description":null,"schema":{"blockGraphs":[],"customGraphs":[],"default":{"data":{"Article":[],"Course":[],"Dataset":[],"FAQPage":[],"Movie":[],"Person":[],"Product":[],"ProductReview":[],"Car":[],"Recipe":[],"Service":[],"SoftwareApplication":[],"WebPage":[]},"graphName":"ItemPage","isEnabled":true},"graphs":[]},"schema_type":"default","schema_type_options":null,"pillar_content":false,"robots_default":true,"robots_noindex":false,"robots_noarchive":false,"robots_nosnippet":false,"robots_nofollow":false,"robots_noimageindex":false,"robots_noodp":false,"robots_notranslate":false,"robots_max_snippet":"-1","robots_max_videopreview":"-1","robots_max_imagepreview":"large","priority":null,"frequency":"default","local_seo":null,"seo_analyzer_scan_date":"2026-01-26 23:10:48","breadcrumb_settings":null,"limit_modified_date":false,"reviewed_by":"0","open_ai":null,"ai":{"faqs":[],"keyPoints":[],"titles":[],"descriptions":[],"socialPosts":{"email":[],"linkedin":[],"twitter":[],"facebook":[],"instagram":[]}},"created":"2025-05-01 09:25:32","updated":"2026-01-26 23:12:45"},"aioseo_breadcrumb":"<div class=\"aioseo-breadcrumbs\"><span class=\"aioseo-breadcrumb\">\n\t<a href=\"https:\/\/bikeyfasty.store\" title=\"Start\">Start<\/a>\n<\/span><span class=\"aioseo-breadcrumb-separator\">\u00bb<\/span><span class=\"aioseo-breadcrumb\">\n\t<a href=\"https:\/\/bikeyfasty.store\/index.php\/geschaft\/\" title=\"Gesch\u00e4ft\">Gesch\u00e4ft<\/a>\n<\/span><span class=\"aioseo-breadcrumb-separator\">\u00bb<\/span><span class=\"aioseo-breadcrumb\">\n\t<a href=\"https:\/\/bikeyfasty.store\/index.php\/produkt-kategorie\/e-lieferroller\/\" title=\"E-Lieferroller\">E-Lieferroller<\/a>\n<\/span><span class=\"aioseo-breadcrumb-separator\">\u00bb<\/span><span class=\"aioseo-breadcrumb\">\n\tVmax Vx2 Pro St-b 48 V \/ 500 Watt\n<\/span><\/div>","aioseo_breadcrumb_json":[{"label":"Start","link":"https:\/\/bikeyfasty.store"},{"label":"Gesch\u00e4ft","link":"https:\/\/bikeyfasty.store\/index.php\/geschaft\/"},{"label":"E-Lieferroller","link":"https:\/\/bikeyfasty.store\/index.php\/produkt-kategorie\/e-lieferroller\/"},{"label":"Vmax Vx2 Pro St-b 48 V \/ 500 Watt","link":"https:\/\/bikeyfasty.store\/index.php\/produkt\/vmax-vx2-pro-st-b\/"}],"_links":{"self":[{"href":"https:\/\/bikeyfasty.store\/index.php\/wp-json\/wp\/v2\/product\/18843","targetHints":{"allow":["GET"]}}],"collection":[{"href":"https:\/\/bikeyfasty.store\/index.php\/wp-json\/wp\/v2\/product"}],"about":[{"href":"https:\/\/bikeyfasty.store\/index.php\/wp-json\/wp\/v2\/types\/product"}],"replies":[{"embeddable":true,"href":"https:\/\/bikeyfasty.store\/index.php\/wp-json\/wp\/v2\/comments?post=18843"}],"version-history":[{"count":4,"href":"https:\/\/bikeyfasty.store\/index.php\/wp-json\/wp\/v2\/product\/18843\/revisions"}],"predecessor-version":[{"id":52156,"href":"https:\/\/bikeyfasty.store\/index.php\/wp-json\/wp\/v2\/product\/18843\/revisions\/52156"}],"wp:featuredmedia":[{"embeddable":true,"href":"https:\/\/bikeyfasty.store\/index.php\/wp-json\/wp\/v2\/media\/18969"}],"wp:attachment":[{"href":"https:\/\/bikeyfasty.store\/index.php\/wp-json\/wp\/v2\/media?parent=18843"}],"wp:term":[{"taxonomy":"product_brand","embeddable":true,"href":"https:\/\/bikeyfasty.store\/index.php\/wp-json\/wp\/v2\/product_brand?post=18843"},{"taxonomy":"product_cat","embeddable":true,"href":"https:\/\/bikeyfasty.store\/index.php\/wp-json\/wp\/v2\/product_cat?post=18843"},{"taxonomy":"product_tag","embeddable":true,"href":"https:\/\/bikeyfasty.store\/index.php\/wp-json\/wp\/v2\/product_tag?post=18843"}],"curies":[{"name":"wp","href":"https:\/\/api.w.org\/{rel}","templated":true}]}}