{"id":18846,"date":"2025-04-13T00:44:43","date_gmt":"2025-04-12T22:44:43","guid":{"rendered":"https:\/\/bikeyfasty.store\/?post_type=product&#038;p=18846"},"modified":"2026-03-03T17:40:05","modified_gmt":"2026-03-03T16:40:05","slug":"trittbrett-wilde-hilde-all-terrain-e-scooter","status":"publish","type":"product","link":"https:\/\/bikeyfasty.store\/index.php\/produkt\/trittbrett-wilde-hilde-all-terrain-e-scooter\/","title":{"rendered":"Trittbrett Wilde Hilde All Terrain E-scooter 2023"},"content":{"rendered":"<h4>TRITTBRETT WILDE HILDE ALL TERRAIN E-SCOOTER<\/h4>\n<div class=\"product--description\"><strong>ENDLICH K\u00d6NNEN WIR EUCH DIE LANGERSEHNTEN ERSTEN INFORMATIONEN ZUR \u201eWILDEN HILDE\u201c GEBEN<\/strong>Nach aktueller Planung sieht der Hersteller einen Auslieferungstermin mit Ende August 2023 als realistisch an. Die Hilde ist ab dem 01.06.2023 vorbestellbar.<\/p>\n<ul>\n<li>Hilde steckt voller Tatendrang, steht f\u00fcr Lebensfreude und Freiheit ohne Grenzen<\/li>\n<li>Hilde erf\u00fcllt alle W\u00fcnsche die Scooter Fahrer und die Community von einem Cross Scooter erwarten<\/li>\n<li>Hilde ist nicht nur f\u00fcr den Weg zur Arbeit, sie ist eigentlich zu schade f\u00fcr den Asphalt<\/li>\n<li>Hilde liebt es rau und mag unbefestigte Wege und Pfade abseits der herk\u00f6mmlichen Strecken<\/li>\n<li>Hilde ist anders \u2013 wild und von keinem Gel\u00e4nde zu b\u00e4ndigen<\/li>\n<li>All in one \u2013 all Terrain in high end \ud83d\ude42<\/li>\n<\/ul>\n<p>2 Batteriest\u00e4rken mit 14,7 Ah und 16 Ah (Schnelllader in &lt; 100 min.) als Wechselakku verbaut.<br \/>\n+ 14,7 Ah Wechselakku optional<br \/>\n= max. 30,7 Ah mit einer max. Reichweite von 145 KM<\/p>\n<h5>FEATURES STAND 02.05.2023 &#8211; NOCH OHNE GEW\u00c4HR<\/h5>\n<ul>\n<li>Motorleistung: BOSCH Motor 48 V \/ 500 W (Heckantrieb)<\/li>\n<li>Max. Torque @ 1000 RPM: &gt;31 Nm<\/li>\n<li>Reichweite: 70 km \/ 75 km<\/li>\n<li>Batterie: (Wechselakku) 14,7 Ah 48 V INR21700 M50 LG 6,0 Ah 48 V INR 21700 \u2013 40 T Samsung<\/li>\n<li>Ladeger\u00e4t: \/ Ladezeit 54.6 V \/ 3 A \/ 300 \u2013 360 Minuten (14.7 Ah) | 54.6 V \/ 10 A \/ 100 Minuten (16 Ah)<\/li>\n<li>Max. Zuladung: 150 kg<\/li>\n<li>Steigung: Max. 30 %<\/li>\n<li>Max. Speed: ca. 20 km\/h \/ 25 km\/h<\/li>\n<li>Speed Stufen: 2 inklusive Turbo Boost zum Schnellstart<\/li>\n<li>3 Bremsen: 160 mm vollhydraulische Scheibenbremsen von ZOOM + separate Motorbremse mit E-ABS<\/li>\n<li>Blinker: Satellite\/ Kellermann (beide optional)<\/li>\n<li>Reifengr\u00f6sse: CST 11 Zoll schlauchlose Off-Road Luftreifen<\/li>\n<li>Frontlicht: 50 LUX plus 50 LUX Fernlicht 100 LUX bei Fernlichtfunktion<\/li>\n<li>R\u00fccklicht: R\u00fccklicht mit Bremsfunktion<\/li>\n<li>Produktgewicht: 35,5 kg \/ 36,5 kg<\/li>\n<li>Produktmasse: 1350 * 700 * 1390<\/li>\n<li>IP-Schutzart: IP 66 \/ IP 67 (Motor)<\/li>\n<li>Display: Premium XXL LED Display<\/li>\n<li>Rahmenmaterial: Aluminium<\/li>\n<li>Wegfahrsperre: NFC gesch\u00fctzt<\/li>\n<li>Sto\u00dfd\u00e4mpfer: Einstellbare Federgabel vorne | DNM DV-22 AR Federbein hinten<\/li>\n<li>Gashebel: Drehgas<\/li>\n<\/ul>\n<h5>LIEFERUMFANG<\/h5>\n<ul>\n<li>1x Trittbrett Wilde Hilde 2023 All Terrain E-Scooter in gew\u00e4hlter Variante<\/li>\n<li>1x Trittbrett Bedienungsanleitung<\/li>\n<li>1x Trittbrett Allgemeine Betriebserlaubnis (ABE)<\/li>\n<li>1x Trittbrett Erg\u00e4nzende Dokumente<\/li>\n<li>1x Trittbrett Ladeger\u00e4t<\/li>\n<\/ul>\n<\/div>\n","protected":false},"excerpt":{"rendered":"<p>Nach aktueller Planung sieht der Hersteller einen Auslieferungstermin mit Ende August 2023 als realistisch an. Die Hilde ist ab dem 01.06.2023 vorbestellbar.<\/p>\n","protected":false},"featured_media":19001,"comment_status":"open","ping_status":"closed","template":"","meta":{"googlesitekit_rrm_CAowq6HFDA:productID":"","om_disable_all_campaigns":false,"_monsterinsights_skip_tracking":false,"_monsterinsights_sitenote_active":false,"_monsterinsights_sitenote_note":"","_monsterinsights_sitenote_category":0,"_uf_show_specific_survey":0,"_uf_disable_surveys":false},"product_brand":[],"product_cat":[20],"product_tag":[],"class_list":{"0":"post-18846","1":"product","2":"type-product","3":"status-publish","4":"has-post-thumbnail","6":"product_cat-e-lieferroller","8":"first","9":"instock","10":"sale","11":"taxable","12":"shipping-taxable","13":"purchasable","14":"product-type-variable","15":"has-default-attributes"},"aioseo_notices":[],"aioseo_head":"\n\t\t<!-- All in One SEO Pro 4.9.5.2 - aioseo.com -->\n\t<meta name=\"description\" content=\"Nach aktueller Planung sieht der Hersteller einen Auslieferungstermin mit Ende August 2023 als realistisch an. Die Hilde ist ab dem 01.06.2023 vorbestellbar.\" \/>\n\t<meta name=\"robots\" content=\"max-image-preview:large\" \/>\n\t<meta name=\"google-site-verification\" content=\"leF1qydUwZM4hbNEWkzXBgJ5cwNBnthZjCldnstJI-8\" \/>\n\t<meta name=\"msvalidate.01\" content=\"F4CE253B53A296EF4B982618F43BD699\" \/>\n\t<meta name=\"yandex-verification\" content=\"2c6c63eaf20e4d4b\" \/>\n\t<link rel=\"canonical\" href=\"https:\/\/bikeyfasty.store\/index.php\/produkt\/trittbrett-wilde-hilde-all-terrain-e-scooter\/\" \/>\n\t<meta name=\"generator\" content=\"All in One SEO Pro (AIOSEO) 4.9.5.2\" \/>\n\t\t<meta property=\"og:locale\" content=\"de_DE\" \/>\n\t\t<meta property=\"og:site_name\" content=\"Bikey Fasty - Die bestenIhre besten Fahrr\u00e4der\" \/>\n\t\t<meta property=\"og:type\" content=\"article\" \/>\n\t\t<meta property=\"og:title\" content=\"Trittbrett Wilde Hilde All Terrain E-scooter 2023 - Bikey Fasty\" \/>\n\t\t<meta property=\"og:description\" content=\"Nach aktueller Planung sieht der Hersteller einen Auslieferungstermin mit Ende August 2023 als realistisch an. Die Hilde ist ab dem 01.06.2023 vorbestellbar.\" \/>\n\t\t<meta property=\"og:url\" content=\"https:\/\/bikeyfasty.store\/index.php\/produkt\/trittbrett-wilde-hilde-all-terrain-e-scooter\/\" \/>\n\t\t<meta property=\"og:image\" content=\"https:\/\/bikeyfasty.store\/wp-content\/uploads\/2026\/01\/unnamed-file.png\" \/>\n\t\t<meta property=\"og:image:secure_url\" content=\"https:\/\/bikeyfasty.store\/wp-content\/uploads\/2026\/01\/unnamed-file.png\" \/>\n\t\t<meta property=\"og:image:width\" content=\"616\" \/>\n\t\t<meta property=\"og:image:height\" content=\"447\" \/>\n\t\t<meta property=\"article:published_time\" content=\"2025-04-12T22:44:43+00:00\" \/>\n\t\t<meta property=\"article:modified_time\" content=\"2026-03-03T16:40:05+00:00\" \/>\n\t\t<meta name=\"twitter:card\" content=\"summary_large_image\" \/>\n\t\t<meta name=\"twitter:title\" content=\"Trittbrett Wilde Hilde All Terrain E-scooter 2023 - Bikey Fasty\" \/>\n\t\t<meta name=\"twitter:description\" content=\"Nach aktueller Planung sieht der Hersteller einen Auslieferungstermin mit Ende August 2023 als realistisch an. Die Hilde ist ab dem 01.06.2023 vorbestellbar.\" \/>\n\t\t<meta name=\"twitter:image\" content=\"https:\/\/bikeyfasty.store\/wp-content\/uploads\/2026\/01\/unnamed-file.png\" \/>\n\t\t<script type=\"application\/ld+json\" class=\"aioseo-schema\">\n\t\t\t{\"@context\":\"https:\\\/\\\/schema.org\",\"@graph\":[{\"@type\":\"BreadcrumbList\",\"@id\":\"https:\\\/\\\/bikeyfasty.store\\\/index.php\\\/produkt\\\/trittbrett-wilde-hilde-all-terrain-e-scooter\\\/#breadcrumblist\",\"itemListElement\":[{\"@type\":\"ListItem\",\"@id\":\"https:\\\/\\\/bikeyfasty.store#listItem\",\"position\":1,\"name\":\"Start\",\"item\":\"https:\\\/\\\/bikeyfasty.store\",\"nextItem\":{\"@type\":\"ListItem\",\"@id\":\"https:\\\/\\\/bikeyfasty.store\\\/index.php\\\/geschaft\\\/#listItem\",\"name\":\"Gesch\\u00e4ft\"}},{\"@type\":\"ListItem\",\"@id\":\"https:\\\/\\\/bikeyfasty.store\\\/index.php\\\/geschaft\\\/#listItem\",\"position\":2,\"name\":\"Gesch\\u00e4ft\",\"item\":\"https:\\\/\\\/bikeyfasty.store\\\/index.php\\\/geschaft\\\/\",\"nextItem\":{\"@type\":\"ListItem\",\"@id\":\"https:\\\/\\\/bikeyfasty.store\\\/index.php\\\/produkt-kategorie\\\/e-lieferroller\\\/#listItem\",\"name\":\"E-Lieferroller\"},\"previousItem\":{\"@type\":\"ListItem\",\"@id\":\"https:\\\/\\\/bikeyfasty.store#listItem\",\"name\":\"Start\"}},{\"@type\":\"ListItem\",\"@id\":\"https:\\\/\\\/bikeyfasty.store\\\/index.php\\\/produkt-kategorie\\\/e-lieferroller\\\/#listItem\",\"position\":3,\"name\":\"E-Lieferroller\",\"item\":\"https:\\\/\\\/bikeyfasty.store\\\/index.php\\\/produkt-kategorie\\\/e-lieferroller\\\/\",\"nextItem\":{\"@type\":\"ListItem\",\"@id\":\"https:\\\/\\\/bikeyfasty.store\\\/index.php\\\/produkt\\\/trittbrett-wilde-hilde-all-terrain-e-scooter\\\/#listItem\",\"name\":\"Trittbrett Wilde Hilde All Terrain E-scooter 2023\"},\"previousItem\":{\"@type\":\"ListItem\",\"@id\":\"https:\\\/\\\/bikeyfasty.store\\\/index.php\\\/geschaft\\\/#listItem\",\"name\":\"Gesch\\u00e4ft\"}},{\"@type\":\"ListItem\",\"@id\":\"https:\\\/\\\/bikeyfasty.store\\\/index.php\\\/produkt\\\/trittbrett-wilde-hilde-all-terrain-e-scooter\\\/#listItem\",\"position\":4,\"name\":\"Trittbrett Wilde Hilde All Terrain E-scooter 2023\",\"previousItem\":{\"@type\":\"ListItem\",\"@id\":\"https:\\\/\\\/bikeyfasty.store\\\/index.php\\\/produkt-kategorie\\\/e-lieferroller\\\/#listItem\",\"name\":\"E-Lieferroller\"}}]},{\"@type\":\"ItemPage\",\"@id\":\"https:\\\/\\\/bikeyfasty.store\\\/index.php\\\/produkt\\\/trittbrett-wilde-hilde-all-terrain-e-scooter\\\/#itempage\",\"url\":\"https:\\\/\\\/bikeyfasty.store\\\/index.php\\\/produkt\\\/trittbrett-wilde-hilde-all-terrain-e-scooter\\\/\",\"name\":\"Trittbrett Wilde Hilde All Terrain E-scooter 2023 - Bikey Fasty\",\"description\":\"Nach aktueller Planung sieht der Hersteller einen Auslieferungstermin mit Ende August 2023 als realistisch an. Die Hilde ist ab dem 01.06.2023 vorbestellbar.\",\"inLanguage\":\"de-DE\",\"isPartOf\":{\"@id\":\"https:\\\/\\\/bikeyfasty.store\\\/#website\"},\"breadcrumb\":{\"@id\":\"https:\\\/\\\/bikeyfasty.store\\\/index.php\\\/produkt\\\/trittbrett-wilde-hilde-all-terrain-e-scooter\\\/#breadcrumblist\"},\"image\":{\"@type\":\"ImageObject\",\"url\":\"https:\\\/\\\/bikeyfasty.store\\\/wp-content\\\/uploads\\\/2025\\\/04\\\/yryrtrtyt-1.webp\",\"@id\":\"https:\\\/\\\/bikeyfasty.store\\\/index.php\\\/produkt\\\/trittbrett-wilde-hilde-all-terrain-e-scooter\\\/#mainImage\",\"width\":2022,\"height\":2022},\"primaryImageOfPage\":{\"@id\":\"https:\\\/\\\/bikeyfasty.store\\\/index.php\\\/produkt\\\/trittbrett-wilde-hilde-all-terrain-e-scooter\\\/#mainImage\"},\"datePublished\":\"2025-04-13T00:44:43+02:00\",\"dateModified\":\"2026-03-03T17:40:05+01:00\"},{\"@type\":\"Organization\",\"@id\":\"https:\\\/\\\/bikeyfasty.store\\\/#organization\",\"name\":\"#Bikey Fasty BIKEY FASTY\",\"description\":\"Die bestenIhre besten Fahrr\\u00e4der Deine elektrische Mobilit\\u00e4t beginnt hier Die Zukunft der Mobilit\\u00e4t \\u2013 heute\",\"url\":\"https:\\\/\\\/bikeyfasty.store\\\/\",\"email\":\"contact@bikeyfasty.store\",\"telephone\":\"+4915510400141\",\"foundingDate\":\"1945-11-29\",\"numberOfEmployees\":{\"@type\":\"QuantitativeValue\",\"value\":27},\"logo\":{\"@type\":\"ImageObject\",\"url\":\"https:\\\/\\\/bikeyfasty.store\\\/wp-content\\\/uploads\\\/2026\\\/01\\\/unnamed-file.png\",\"@id\":\"https:\\\/\\\/bikeyfasty.store\\\/index.php\\\/produkt\\\/trittbrett-wilde-hilde-all-terrain-e-scooter\\\/#organizationLogo\",\"width\":616,\"height\":447,\"caption\":\"( ( ( ( (\"},\"image\":{\"@id\":\"https:\\\/\\\/bikeyfasty.store\\\/index.php\\\/produkt\\\/trittbrett-wilde-hilde-all-terrain-e-scooter\\\/#organizationLogo\"},\"address\":{\"@id\":\"https:\\\/\\\/bikeyfasty.store\\\/#postaladdress\",\"@type\":\"PostalAddress\",\"streetAddress\":\"Karl-Liebknecht-Str. 13,\",\"postalCode\":\"10178\",\"addressLocality\":\"Berlin\",\"addressRegion\":\"Berlin\",\"addressCountry\":\"DE\"}},{\"@type\":\"WebPage\",\"@id\":\"https:\\\/\\\/bikeyfasty.store\\\/index.php\\\/produkt\\\/trittbrett-wilde-hilde-all-terrain-e-scooter\\\/#webpage\",\"url\":\"https:\\\/\\\/bikeyfasty.store\\\/index.php\\\/produkt\\\/trittbrett-wilde-hilde-all-terrain-e-scooter\\\/\",\"name\":\"Trittbrett Wilde Hilde All Terrain E-scooter 2023 - Bikey Fasty\",\"description\":\"Nach aktueller Planung sieht der Hersteller einen Auslieferungstermin mit Ende August 2023 als realistisch an. Die Hilde ist ab dem 01.06.2023 vorbestellbar.\",\"inLanguage\":\"de-DE\",\"isPartOf\":{\"@id\":\"https:\\\/\\\/bikeyfasty.store\\\/#website\"},\"breadcrumb\":{\"@id\":\"https:\\\/\\\/bikeyfasty.store\\\/index.php\\\/produkt\\\/trittbrett-wilde-hilde-all-terrain-e-scooter\\\/#breadcrumblist\"},\"image\":{\"@type\":\"ImageObject\",\"url\":\"https:\\\/\\\/bikeyfasty.store\\\/wp-content\\\/uploads\\\/2025\\\/04\\\/yryrtrtyt-1.webp\",\"@id\":\"https:\\\/\\\/bikeyfasty.store\\\/index.php\\\/produkt\\\/trittbrett-wilde-hilde-all-terrain-e-scooter\\\/#mainImage\",\"width\":2022,\"height\":2022},\"primaryImageOfPage\":{\"@id\":\"https:\\\/\\\/bikeyfasty.store\\\/index.php\\\/produkt\\\/trittbrett-wilde-hilde-all-terrain-e-scooter\\\/#mainImage\"},\"datePublished\":\"2025-04-13T00:44:43+02:00\",\"dateModified\":\"2026-03-03T17:40:05+01:00\"},{\"@type\":\"WebSite\",\"@id\":\"https:\\\/\\\/bikeyfasty.store\\\/#website\",\"url\":\"https:\\\/\\\/bikeyfasty.store\\\/\",\"name\":\"Bikey Fasty\",\"description\":\"Die bestenIhre besten Fahrr\\u00e4der\",\"inLanguage\":\"de-DE\",\"publisher\":{\"@id\":\"https:\\\/\\\/bikeyfasty.store\\\/#organization\"}}]}\n\t\t<\/script>\n\t\t<script type=\"text\/javascript\">\n\t\t\t(function(c,l,a,r,i,t,y){\n\t\t\tc[a]=c[a]||function(){(c[a].q=c[a].q||[]).push(arguments)};t=l.createElement(r);t.async=1;\n\t\t\tt.src=\"https:\/\/www.clarity.ms\/tag\/\"+i+\"?ref=aioseo\";y=l.getElementsByTagName(r)[0];y.parentNode.insertBefore(t,y);\n\t\t})(window, document, \"clarity\", \"script\", \"v74e4fvqvw\");\n\t\t<\/script>\n\t\t<!-- All in One SEO Pro -->\r\n\t\t<title>Trittbrett Wilde Hilde All Terrain E-scooter 2023 - Bikey Fasty<\/title>\n\n","aioseo_head_json":{"title":"Trittbrett Wilde Hilde All Terrain E-scooter 2023 - Bikey Fasty","description":"Nach aktueller Planung sieht der Hersteller einen Auslieferungstermin mit Ende August 2023 als realistisch an. Die Hilde ist ab dem 01.06.2023 vorbestellbar.","canonical_url":"https:\/\/bikeyfasty.store\/index.php\/produkt\/trittbrett-wilde-hilde-all-terrain-e-scooter\/","robots":"max-image-preview:large","keywords":"","webmasterTools":{"google-site-verification":"leF1qydUwZM4hbNEWkzXBgJ5cwNBnthZjCldnstJI-8","msvalidate.01":"F4CE253B53A296EF4B982618F43BD699","yandex-verification":"2c6c63eaf20e4d4b","miscellaneous":""},"schema":{"@context":"https:\/\/schema.org","@graph":[{"@type":"BreadcrumbList","@id":"https:\/\/bikeyfasty.store\/index.php\/produkt\/trittbrett-wilde-hilde-all-terrain-e-scooter\/#breadcrumblist","itemListElement":[{"@type":"ListItem","@id":"https:\/\/bikeyfasty.store#listItem","position":1,"name":"Start","item":"https:\/\/bikeyfasty.store","nextItem":{"@type":"ListItem","@id":"https:\/\/bikeyfasty.store\/index.php\/geschaft\/#listItem","name":"Gesch\u00e4ft"}},{"@type":"ListItem","@id":"https:\/\/bikeyfasty.store\/index.php\/geschaft\/#listItem","position":2,"name":"Gesch\u00e4ft","item":"https:\/\/bikeyfasty.store\/index.php\/geschaft\/","nextItem":{"@type":"ListItem","@id":"https:\/\/bikeyfasty.store\/index.php\/produkt-kategorie\/e-lieferroller\/#listItem","name":"E-Lieferroller"},"previousItem":{"@type":"ListItem","@id":"https:\/\/bikeyfasty.store#listItem","name":"Start"}},{"@type":"ListItem","@id":"https:\/\/bikeyfasty.store\/index.php\/produkt-kategorie\/e-lieferroller\/#listItem","position":3,"name":"E-Lieferroller","item":"https:\/\/bikeyfasty.store\/index.php\/produkt-kategorie\/e-lieferroller\/","nextItem":{"@type":"ListItem","@id":"https:\/\/bikeyfasty.store\/index.php\/produkt\/trittbrett-wilde-hilde-all-terrain-e-scooter\/#listItem","name":"Trittbrett Wilde Hilde All Terrain E-scooter 2023"},"previousItem":{"@type":"ListItem","@id":"https:\/\/bikeyfasty.store\/index.php\/geschaft\/#listItem","name":"Gesch\u00e4ft"}},{"@type":"ListItem","@id":"https:\/\/bikeyfasty.store\/index.php\/produkt\/trittbrett-wilde-hilde-all-terrain-e-scooter\/#listItem","position":4,"name":"Trittbrett Wilde Hilde All Terrain E-scooter 2023","previousItem":{"@type":"ListItem","@id":"https:\/\/bikeyfasty.store\/index.php\/produkt-kategorie\/e-lieferroller\/#listItem","name":"E-Lieferroller"}}]},{"@type":"ItemPage","@id":"https:\/\/bikeyfasty.store\/index.php\/produkt\/trittbrett-wilde-hilde-all-terrain-e-scooter\/#itempage","url":"https:\/\/bikeyfasty.store\/index.php\/produkt\/trittbrett-wilde-hilde-all-terrain-e-scooter\/","name":"Trittbrett Wilde Hilde All Terrain E-scooter 2023 - Bikey Fasty","description":"Nach aktueller Planung sieht der Hersteller einen Auslieferungstermin mit Ende August 2023 als realistisch an. Die Hilde ist ab dem 01.06.2023 vorbestellbar.","inLanguage":"de-DE","isPartOf":{"@id":"https:\/\/bikeyfasty.store\/#website"},"breadcrumb":{"@id":"https:\/\/bikeyfasty.store\/index.php\/produkt\/trittbrett-wilde-hilde-all-terrain-e-scooter\/#breadcrumblist"},"image":{"@type":"ImageObject","url":"https:\/\/bikeyfasty.store\/wp-content\/uploads\/2025\/04\/yryrtrtyt-1.webp","@id":"https:\/\/bikeyfasty.store\/index.php\/produkt\/trittbrett-wilde-hilde-all-terrain-e-scooter\/#mainImage","width":2022,"height":2022},"primaryImageOfPage":{"@id":"https:\/\/bikeyfasty.store\/index.php\/produkt\/trittbrett-wilde-hilde-all-terrain-e-scooter\/#mainImage"},"datePublished":"2025-04-13T00:44:43+02:00","dateModified":"2026-03-03T17:40:05+01:00"},{"@type":"Organization","@id":"https:\/\/bikeyfasty.store\/#organization","name":"#Bikey Fasty BIKEY FASTY","description":"Die bestenIhre besten Fahrr\u00e4der Deine elektrische Mobilit\u00e4t beginnt hier Die Zukunft der Mobilit\u00e4t \u2013 heute","url":"https:\/\/bikeyfasty.store\/","email":"contact@bikeyfasty.store","telephone":"+4915510400141","foundingDate":"1945-11-29","numberOfEmployees":{"@type":"QuantitativeValue","value":27},"logo":{"@type":"ImageObject","url":"https:\/\/bikeyfasty.store\/wp-content\/uploads\/2026\/01\/unnamed-file.png","@id":"https:\/\/bikeyfasty.store\/index.php\/produkt\/trittbrett-wilde-hilde-all-terrain-e-scooter\/#organizationLogo","width":616,"height":447,"caption":"( ( ( ( ("},"image":{"@id":"https:\/\/bikeyfasty.store\/index.php\/produkt\/trittbrett-wilde-hilde-all-terrain-e-scooter\/#organizationLogo"},"address":{"@id":"https:\/\/bikeyfasty.store\/#postaladdress","@type":"PostalAddress","streetAddress":"Karl-Liebknecht-Str. 13,","postalCode":"10178","addressLocality":"Berlin","addressRegion":"Berlin","addressCountry":"DE"}},{"@type":"WebPage","@id":"https:\/\/bikeyfasty.store\/index.php\/produkt\/trittbrett-wilde-hilde-all-terrain-e-scooter\/#webpage","url":"https:\/\/bikeyfasty.store\/index.php\/produkt\/trittbrett-wilde-hilde-all-terrain-e-scooter\/","name":"Trittbrett Wilde Hilde All Terrain E-scooter 2023 - Bikey Fasty","description":"Nach aktueller Planung sieht der Hersteller einen Auslieferungstermin mit Ende August 2023 als realistisch an. Die Hilde ist ab dem 01.06.2023 vorbestellbar.","inLanguage":"de-DE","isPartOf":{"@id":"https:\/\/bikeyfasty.store\/#website"},"breadcrumb":{"@id":"https:\/\/bikeyfasty.store\/index.php\/produkt\/trittbrett-wilde-hilde-all-terrain-e-scooter\/#breadcrumblist"},"image":{"@type":"ImageObject","url":"https:\/\/bikeyfasty.store\/wp-content\/uploads\/2025\/04\/yryrtrtyt-1.webp","@id":"https:\/\/bikeyfasty.store\/index.php\/produkt\/trittbrett-wilde-hilde-all-terrain-e-scooter\/#mainImage","width":2022,"height":2022},"primaryImageOfPage":{"@id":"https:\/\/bikeyfasty.store\/index.php\/produkt\/trittbrett-wilde-hilde-all-terrain-e-scooter\/#mainImage"},"datePublished":"2025-04-13T00:44:43+02:00","dateModified":"2026-03-03T17:40:05+01:00"},{"@type":"WebSite","@id":"https:\/\/bikeyfasty.store\/#website","url":"https:\/\/bikeyfasty.store\/","name":"Bikey Fasty","description":"Die bestenIhre besten Fahrr\u00e4der","inLanguage":"de-DE","publisher":{"@id":"https:\/\/bikeyfasty.store\/#organization"}}]},"og:locale":"de_DE","og:site_name":"Bikey Fasty - Die bestenIhre besten Fahrr\u00e4der","og:type":"article","og:title":"Trittbrett Wilde Hilde All Terrain E-scooter 2023 - Bikey Fasty","og:description":"Nach aktueller Planung sieht der Hersteller einen Auslieferungstermin mit Ende August 2023 als realistisch an. Die Hilde ist ab dem 01.06.2023 vorbestellbar.","og:url":"https:\/\/bikeyfasty.store\/index.php\/produkt\/trittbrett-wilde-hilde-all-terrain-e-scooter\/","og:image":"https:\/\/bikeyfasty.store\/wp-content\/uploads\/2026\/01\/unnamed-file.png","og:image:secure_url":"https:\/\/bikeyfasty.store\/wp-content\/uploads\/2026\/01\/unnamed-file.png","og:image:width":616,"og:image:height":447,"article:published_time":"2025-04-12T22:44:43+00:00","article:modified_time":"2026-03-03T16:40:05+00:00","twitter:card":"summary_large_image","twitter:title":"Trittbrett Wilde Hilde All Terrain E-scooter 2023 - Bikey Fasty","twitter:description":"Nach aktueller Planung sieht der Hersteller einen Auslieferungstermin mit Ende August 2023 als realistisch an. Die Hilde ist ab dem 01.06.2023 vorbestellbar.","twitter:image":"https:\/\/bikeyfasty.store\/wp-content\/uploads\/2026\/01\/unnamed-file.png"},"aioseo_meta_data":{"post_id":"18846","title":null,"description":null,"keywords":null,"keyphrases":{"focus":{"keyphrase":"Trittbrett Wilde Hilde All Terrain","score":52,"analysis":{"keyphraseInTitle":{"score":9,"maxScore":9,"error":0},"keyphraseInDescription":{"score":3,"maxScore":9,"error":1},"keyphraseLength":{"score":6,"maxScore":9,"error":1,"length":5},"keyphraseInURL":{"score":5,"maxScore":5,"error":0},"keyphraseInIntroduction":{"score":3,"maxScore":9,"error":1},"keyphraseInSubHeadings":[],"keyphraseInImageAlt":[],"keywordDensity":{"score":0,"type":"low","maxScore":9,"error":1}}},"additional":[]},"primary_term":null,"canonical_url":null,"og_title":null,"og_description":null,"og_object_type":"default","og_image_type":"default","og_image_url":null,"og_image_width":null,"og_image_height":null,"og_image_custom_url":null,"og_image_custom_fields":null,"og_video":"","og_custom_url":null,"og_article_section":null,"og_article_tags":null,"twitter_use_og":false,"twitter_card":"default","twitter_image_type":"default","twitter_image_url":null,"twitter_image_custom_url":null,"twitter_image_custom_fields":null,"twitter_title":null,"twitter_description":null,"schema":{"blockGraphs":[],"customGraphs":[],"default":{"data":{"Article":[],"Course":[],"Dataset":[],"FAQPage":[],"Movie":[],"Person":[],"Product":[],"ProductReview":[],"Car":[],"Recipe":[],"Service":[],"SoftwareApplication":[],"WebPage":[]},"graphName":"ItemPage","isEnabled":true},"graphs":[]},"schema_type":"default","schema_type_options":null,"pillar_content":false,"robots_default":true,"robots_noindex":false,"robots_noarchive":false,"robots_nosnippet":false,"robots_nofollow":false,"robots_noimageindex":false,"robots_noodp":false,"robots_notranslate":false,"robots_max_snippet":"-1","robots_max_videopreview":"-1","robots_max_imagepreview":"large","priority":null,"frequency":"default","local_seo":null,"seo_analyzer_scan_date":"2026-03-03 16:47:36","breadcrumb_settings":null,"limit_modified_date":false,"reviewed_by":"0","open_ai":null,"ai":{"faqs":[],"keyPoints":[],"titles":[],"descriptions":[],"socialPosts":{"email":[],"linkedin":[],"twitter":[],"facebook":[],"instagram":[]}},"created":"2025-05-01 09:25:32","updated":"2026-03-03 17:15:26"},"aioseo_breadcrumb":"<div class=\"aioseo-breadcrumbs\"><span class=\"aioseo-breadcrumb\">\n\t<a href=\"https:\/\/bikeyfasty.store\" title=\"Start\">Start<\/a>\n<\/span><span class=\"aioseo-breadcrumb-separator\">\u00bb<\/span><span class=\"aioseo-breadcrumb\">\n\t<a href=\"https:\/\/bikeyfasty.store\/index.php\/geschaft\/\" title=\"Gesch\u00e4ft\">Gesch\u00e4ft<\/a>\n<\/span><span class=\"aioseo-breadcrumb-separator\">\u00bb<\/span><span class=\"aioseo-breadcrumb\">\n\t<a href=\"https:\/\/bikeyfasty.store\/index.php\/produkt-kategorie\/e-lieferroller\/\" title=\"E-Lieferroller\">E-Lieferroller<\/a>\n<\/span><span class=\"aioseo-breadcrumb-separator\">\u00bb<\/span><span class=\"aioseo-breadcrumb\">\n\tTrittbrett Wilde Hilde All Terrain E-scooter 2023\n<\/span><\/div>","aioseo_breadcrumb_json":[{"label":"Start","link":"https:\/\/bikeyfasty.store"},{"label":"Gesch\u00e4ft","link":"https:\/\/bikeyfasty.store\/index.php\/geschaft\/"},{"label":"E-Lieferroller","link":"https:\/\/bikeyfasty.store\/index.php\/produkt-kategorie\/e-lieferroller\/"},{"label":"Trittbrett Wilde Hilde All Terrain E-scooter 2023","link":"https:\/\/bikeyfasty.store\/index.php\/produkt\/trittbrett-wilde-hilde-all-terrain-e-scooter\/"}],"_links":{"self":[{"href":"https:\/\/bikeyfasty.store\/index.php\/wp-json\/wp\/v2\/product\/18846","targetHints":{"allow":["GET"]}}],"collection":[{"href":"https:\/\/bikeyfasty.store\/index.php\/wp-json\/wp\/v2\/product"}],"about":[{"href":"https:\/\/bikeyfasty.store\/index.php\/wp-json\/wp\/v2\/types\/product"}],"replies":[{"embeddable":true,"href":"https:\/\/bikeyfasty.store\/index.php\/wp-json\/wp\/v2\/comments?post=18846"}],"version-history":[{"count":4,"href":"https:\/\/bikeyfasty.store\/index.php\/wp-json\/wp\/v2\/product\/18846\/revisions"}],"predecessor-version":[{"id":53793,"href":"https:\/\/bikeyfasty.store\/index.php\/wp-json\/wp\/v2\/product\/18846\/revisions\/53793"}],"wp:featuredmedia":[{"embeddable":true,"href":"https:\/\/bikeyfasty.store\/index.php\/wp-json\/wp\/v2\/media\/19001"}],"wp:attachment":[{"href":"https:\/\/bikeyfasty.store\/index.php\/wp-json\/wp\/v2\/media?parent=18846"}],"wp:term":[{"taxonomy":"product_brand","embeddable":true,"href":"https:\/\/bikeyfasty.store\/index.php\/wp-json\/wp\/v2\/product_brand?post=18846"},{"taxonomy":"product_cat","embeddable":true,"href":"https:\/\/bikeyfasty.store\/index.php\/wp-json\/wp\/v2\/product_cat?post=18846"},{"taxonomy":"product_tag","embeddable":true,"href":"https:\/\/bikeyfasty.store\/index.php\/wp-json\/wp\/v2\/product_tag?post=18846"}],"curies":[{"name":"wp","href":"https:\/\/api.w.org\/{rel}","templated":true}]}}