{"id":18855,"date":"2025-04-13T00:44:43","date_gmt":"2025-04-12T22:44:43","guid":{"rendered":"https:\/\/bikeyfasty.store\/?post_type=product&#038;p=18855"},"modified":"2026-03-03T17:35:49","modified_gmt":"2026-03-03T16:35:49","slug":"epowerfun-e-scooter-epf-1-pro-red","status":"publish","type":"product","link":"https:\/\/bikeyfasty.store\/index.php\/produkt\/epowerfun-e-scooter-epf-1-pro-red\/","title":{"rendered":"Epowerfun Epf-1 Pro Red 418Wh 38km"},"content":{"rendered":"<h4>EPOWERFUN E-SCOOTER EPF-1 PRO RED<\/h4>\n<div class=\"product--description\">\n<p>WAS IST NEU AM EPF-1 PRO?<\/p>\n<ul>\n<li>1. St\u00e4rkerer Motor<\/li>\n<li>2. Gr\u00f6\u00dferer Akku<\/li>\n<li>3. Gr\u00f6\u00dfere R\u00e4der<\/li>\n<li>4. High-End Frontlicht<\/li>\n<\/ul>\n<p>WARUM HAT DER EPF-1 PRO MIT 38KM, GEGEN\u00dcBER 33 KM BEIM EPF-1, EINE GR\u00d6SSERE REICHWEITE<\/p>\n<ul>\n<li>1) Der Akku hat 11,6AH, statt 10Ah, also 16% mehr Kapazit\u00e4t als bisher.<\/li>\n<li>2) Die 10\u201c Luftkammerreifen. Wir haben EXTREM viele Tests mit Luftkammerreifen der verschiedensten Herstellern gemacht. Wir erzielten Reichweitenunterschiede von bis zu 5KM, obwohl es sich immer um 10\u201c Luftkammerreifen handelte. Wir haben herausgefunden, da\u00df nicht nur die Gummimischung sondern auch die Reifenform einen Einfluss hat. Daher sprechen wir beim ePF-1 PRO auch jetzt von Eco-Luftkammerreifen, einfach weil wir durch die Optimierung unserer Reifen soviel Reichweite gewonnen haben.<\/li>\n<li>3) Durch die gr\u00f6\u00dferen Reifen (10\u201c statt 8,5\u201c) hat der Motor eine deutlich niedrigere Drehzahl und er l\u00e4uft daher in einem effizienteren Bereich und spart Strom.<\/li>\n<\/ul>\n<h5>FEATURES<\/h5>\n<ul>\n<li>Zulassung: Mit ABE des Kraftfahrtbundesamts f\u00fcr den Stra\u00dfenverkehr nach ekFV (Elektrokleinstfahrzeuge-Verordnung) zugelassen. StVZO-konform<\/li>\n<li>Geschwindigkeit: 20km\/h (+ 1-2 km\/h Toleranz)<\/li>\n<li>Reichweite: ca. 38km<\/li>\n<li>Akkutyp: Li-Ionen 418Wh<\/li>\n<li>Akkuleistung: 11,6Ah<\/li>\n<li>Ladeger\u00e4t (beiliegend): 100-240V Eingang \/ 42V 2A Ausgang<\/li>\n<li>Ladebuchse: Ganz oben am Lenker<\/li>\n<li>Ladezeit: 5-6 Stunden (bei komplett leerem E-Scooter)<\/li>\n<li>Beladung: Max. 120kg Zuladung<\/li>\n<li>Nenndauerleistung: 440 Watt<\/li>\n<li>Bremsen: 120mm Stahlbremssscheibe hinten, elektrische Motorbremse mit Rekuperation vorne<\/li>\n<li>Bremsbedienung: Bremshebel am rechten Griff, der gleichzeitig die Hinterbremse und die elektrische Vorderbremse wohldosiert zuschaltet. Daumenbremse am linken Griff, nur f\u00fcr die elektrische Vorderbremse<\/li>\n<li>Klingel: Eingebaut im rechten Bremshebel<\/li>\n<li>Beleuchtung: Front- (mit \u00e4usserem Leuchtring) und Heckleuchte, StVZO-konform. Ist ein- und ausschaltbar. Ben\u00f6tigt keine Batterien, wird vom Fahrakku gespeist<\/li>\n<li>Abmessungen: 116x43x117cm, gefaltete H\u00f6he 49cm<\/li>\n<li>Trittbrett Standfl\u00e4che: 44x15cm<\/li>\n<li>Federung: 2 Federelemente, einstellbar, f\u00fcr die Hinterachse<\/li>\n<li>Chassis: Aluminiumrahmen mit versteckter 24mm , Aussparung in der Trittfl\u00e4che<\/li>\n<li>Controller: ZYDTECH (by Hobbywing), extrem feinf\u00fchlig regelbare Bremse, Begrenzung der H\u00f6chstgeschwindigkeit ruckelfrei<\/li>\n<li>Wasserschutz: IPX4 Schutz gegen allseitiges Spritzwasser<\/li>\n<li>R\u00e4der: 10 Zoll Luftkammerreifen<\/li>\n<li>Kennzeichenhalterung: Ja, stabil im hinteren Schutzblech integriert<\/li>\n<li>Ersatzteile: Alle, ja alle (!) Teile des ePF-1 sind einzeln als Ersatzteile f\u00fcr jedermann k\u00e4uflich zu erwerben<\/li>\n<li>F\u00fchrerscheinpflicht: Nein<\/li>\n<li>Helmpflicht: Nein &#8211; ePowerFun.de Tipp: Maximalen Fun hast Du mit einem coolen Helm!<\/li>\n<li>Packma\u00dfe: 122&#215;17,5&#215;62 cm (18,4kg Gewicht des verpackten E-Scooters incl. Zubeh\u00f6r)<\/li>\n<li>Alter: Ab 14-99 Jahre<\/li>\n<li>Gewicht: 16,8kg<\/li>\n<\/ul>\n<h5>HINWEISE<\/h5>\n<ul>\n<li>*Bei 75kg Fahrergewicht, ebene Strecke, glatter Asphalt, relativ windstill, Au\u00dfentemperatur 25 Grad. Alle Abweichungen hiervon gehen zu Lasten der Reichweite<\/li>\n<li>Energier\u00fcckgewinnung \/ Rekuperation:&#8220; Der ePF-1 l\u00e4dt den Akku bei der Fahrt nach. Und zwar in zwei Bereichen: A) Beim bremsen B) Beim Bergabfahren wenn man auf dem Gas bleibt. Dann wird der ePF-1 auf die maximale Geschwindigkeit von 22 km\/h eingebremst, und die ggf. \u00fcbersch\u00fcssige Energie wird zum nachladen verwendet. Wenn der ePF-1 bergab rollt, kann man auch weit h\u00f6here Geschwindigkeiten als 22 km\/h (legal!) erreichen, aber der Akku wird dabei nicht nachgeladen<\/li>\n<li>Handy App: Ja, f\u00fcr iOS (Apple) und Android ist eine App erh\u00e4ltlich. Funktionen: Wegfahrsperre (elektrische Blockade), Batteriestand in %, Geschwindigkeit, Spannung des Akku in V, Temperatur der Elektronik, Distanz der bisherigen Tour, Gesamtdistanz, Einstellung der maximal erreichbaren H\u00f6chstgeschwindigkeit zwischen 6km\/h und 22km\/h w\u00e4hlbar, Stromst\u00e4rke aktuell (in Ampere), Eingangsleistung aktuell (in Watt)<\/li>\n<\/ul>\n<h5>LIEFERUMFANG<\/h5>\n<ul>\n<li>1x ePowerFun E-Scooter ePF-1 PRO Red<\/li>\n<li>4x Schraube zur Lenkermontage<\/li>\n<li>1x Werkzeug<\/li>\n<li>1x Bedienungsanleitung<\/li>\n<li>1x 100-220V Ladeger\u00e4t<\/li>\n<\/ul>\n<\/div>\n<p>EAN-Nr: 4260672950744<\/p>\n","protected":false},"excerpt":{"rendered":"<p>Die 10\u201c Luftkammerreifen. Wir haben EXTREM viele Tests mit Luftkammerreifen der verschiedensten Herstellern gemacht. Wir erzielten Reichweitenunterschiede von<\/p>\n","protected":false},"featured_media":19128,"comment_status":"open","ping_status":"closed","template":"","meta":{"googlesitekit_rrm_CAowq6HFDA:productID":"","om_disable_all_campaigns":false,"_monsterinsights_skip_tracking":false,"_monsterinsights_sitenote_active":false,"_monsterinsights_sitenote_note":"","_monsterinsights_sitenote_category":0,"_uf_show_specific_survey":0,"_uf_disable_surveys":false},"product_brand":[],"product_cat":[20],"product_tag":[],"class_list":{"0":"post-18855","1":"product","2":"type-product","3":"status-publish","4":"has-post-thumbnail","6":"product_cat-e-lieferroller","8":"first","9":"instock","10":"sale","11":"taxable","12":"shipping-taxable","13":"purchasable","14":"product-type-simple"},"aioseo_notices":[],"aioseo_head":"\n\t\t<!-- All in One SEO Pro 4.9.5.2 - aioseo.com -->\n\t<meta name=\"description\" content=\"Die 10\u201c Luftkammerreifen. Wir haben EXTREM viele Tests mit Luftkammerreifen der verschiedensten Herstellern gemacht. Wir erzielten Reichweitenunterschiede von\" \/>\n\t<meta name=\"robots\" content=\"max-image-preview:large\" \/>\n\t<meta name=\"google-site-verification\" content=\"leF1qydUwZM4hbNEWkzXBgJ5cwNBnthZjCldnstJI-8\" \/>\n\t<meta name=\"msvalidate.01\" content=\"F4CE253B53A296EF4B982618F43BD699\" \/>\n\t<meta name=\"yandex-verification\" content=\"2c6c63eaf20e4d4b\" \/>\n\t<link rel=\"canonical\" href=\"https:\/\/bikeyfasty.store\/index.php\/produkt\/epowerfun-e-scooter-epf-1-pro-red\/\" \/>\n\t<meta name=\"generator\" content=\"All in One SEO Pro (AIOSEO) 4.9.5.2\" \/>\n\t\t<meta property=\"og:locale\" content=\"de_DE\" \/>\n\t\t<meta property=\"og:site_name\" content=\"Bikey Fasty - Die bestenIhre besten Fahrr\u00e4der\" \/>\n\t\t<meta property=\"og:type\" content=\"article\" \/>\n\t\t<meta property=\"og:title\" content=\"Epowerfun Epf-1 Pro Red 418Wh 38km - Bikey Fasty\" \/>\n\t\t<meta property=\"og:description\" content=\"Die 10\u201c Luftkammerreifen. Wir haben EXTREM viele Tests mit Luftkammerreifen der verschiedensten Herstellern gemacht. Wir erzielten Reichweitenunterschiede von\" \/>\n\t\t<meta property=\"og:url\" content=\"https:\/\/bikeyfasty.store\/index.php\/produkt\/epowerfun-e-scooter-epf-1-pro-red\/\" \/>\n\t\t<meta property=\"og:image\" content=\"https:\/\/bikeyfasty.store\/wp-content\/uploads\/2026\/01\/unnamed-file.png\" \/>\n\t\t<meta property=\"og:image:secure_url\" content=\"https:\/\/bikeyfasty.store\/wp-content\/uploads\/2026\/01\/unnamed-file.png\" \/>\n\t\t<meta property=\"og:image:width\" content=\"616\" \/>\n\t\t<meta property=\"og:image:height\" content=\"447\" \/>\n\t\t<meta property=\"article:published_time\" content=\"2025-04-12T22:44:43+00:00\" \/>\n\t\t<meta property=\"article:modified_time\" content=\"2026-03-03T16:35:49+00:00\" \/>\n\t\t<meta name=\"twitter:card\" content=\"summary_large_image\" \/>\n\t\t<meta name=\"twitter:title\" content=\"Epowerfun Epf-1 Pro Red 418Wh 38km - Bikey Fasty\" \/>\n\t\t<meta name=\"twitter:description\" content=\"Die 10\u201c Luftkammerreifen. Wir haben EXTREM viele Tests mit Luftkammerreifen der verschiedensten Herstellern gemacht. Wir erzielten Reichweitenunterschiede von\" \/>\n\t\t<meta name=\"twitter:image\" content=\"https:\/\/bikeyfasty.store\/wp-content\/uploads\/2026\/01\/unnamed-file.png\" \/>\n\t\t<script type=\"application\/ld+json\" class=\"aioseo-schema\">\n\t\t\t{\"@context\":\"https:\\\/\\\/schema.org\",\"@graph\":[{\"@type\":\"BreadcrumbList\",\"@id\":\"https:\\\/\\\/bikeyfasty.store\\\/index.php\\\/produkt\\\/epowerfun-e-scooter-epf-1-pro-red\\\/#breadcrumblist\",\"itemListElement\":[{\"@type\":\"ListItem\",\"@id\":\"https:\\\/\\\/bikeyfasty.store#listItem\",\"position\":1,\"name\":\"Start\",\"item\":\"https:\\\/\\\/bikeyfasty.store\",\"nextItem\":{\"@type\":\"ListItem\",\"@id\":\"https:\\\/\\\/bikeyfasty.store\\\/index.php\\\/geschaft\\\/#listItem\",\"name\":\"Gesch\\u00e4ft\"}},{\"@type\":\"ListItem\",\"@id\":\"https:\\\/\\\/bikeyfasty.store\\\/index.php\\\/geschaft\\\/#listItem\",\"position\":2,\"name\":\"Gesch\\u00e4ft\",\"item\":\"https:\\\/\\\/bikeyfasty.store\\\/index.php\\\/geschaft\\\/\",\"nextItem\":{\"@type\":\"ListItem\",\"@id\":\"https:\\\/\\\/bikeyfasty.store\\\/index.php\\\/produkt-kategorie\\\/e-lieferroller\\\/#listItem\",\"name\":\"E-Lieferroller\"},\"previousItem\":{\"@type\":\"ListItem\",\"@id\":\"https:\\\/\\\/bikeyfasty.store#listItem\",\"name\":\"Start\"}},{\"@type\":\"ListItem\",\"@id\":\"https:\\\/\\\/bikeyfasty.store\\\/index.php\\\/produkt-kategorie\\\/e-lieferroller\\\/#listItem\",\"position\":3,\"name\":\"E-Lieferroller\",\"item\":\"https:\\\/\\\/bikeyfasty.store\\\/index.php\\\/produkt-kategorie\\\/e-lieferroller\\\/\",\"nextItem\":{\"@type\":\"ListItem\",\"@id\":\"https:\\\/\\\/bikeyfasty.store\\\/index.php\\\/produkt\\\/epowerfun-e-scooter-epf-1-pro-red\\\/#listItem\",\"name\":\"Epowerfun Epf-1 Pro Red 418Wh 38km\"},\"previousItem\":{\"@type\":\"ListItem\",\"@id\":\"https:\\\/\\\/bikeyfasty.store\\\/index.php\\\/geschaft\\\/#listItem\",\"name\":\"Gesch\\u00e4ft\"}},{\"@type\":\"ListItem\",\"@id\":\"https:\\\/\\\/bikeyfasty.store\\\/index.php\\\/produkt\\\/epowerfun-e-scooter-epf-1-pro-red\\\/#listItem\",\"position\":4,\"name\":\"Epowerfun Epf-1 Pro Red 418Wh 38km\",\"previousItem\":{\"@type\":\"ListItem\",\"@id\":\"https:\\\/\\\/bikeyfasty.store\\\/index.php\\\/produkt-kategorie\\\/e-lieferroller\\\/#listItem\",\"name\":\"E-Lieferroller\"}}]},{\"@type\":\"ItemPage\",\"@id\":\"https:\\\/\\\/bikeyfasty.store\\\/index.php\\\/produkt\\\/epowerfun-e-scooter-epf-1-pro-red\\\/#itempage\",\"url\":\"https:\\\/\\\/bikeyfasty.store\\\/index.php\\\/produkt\\\/epowerfun-e-scooter-epf-1-pro-red\\\/\",\"name\":\"Epowerfun Epf-1 Pro Red 418Wh 38km - Bikey Fasty\",\"description\":\"Die 10\\u201c Luftkammerreifen. Wir haben EXTREM viele Tests mit Luftkammerreifen der verschiedensten Herstellern gemacht. Wir erzielten Reichweitenunterschiede von\",\"inLanguage\":\"de-DE\",\"isPartOf\":{\"@id\":\"https:\\\/\\\/bikeyfasty.store\\\/#website\"},\"breadcrumb\":{\"@id\":\"https:\\\/\\\/bikeyfasty.store\\\/index.php\\\/produkt\\\/epowerfun-e-scooter-epf-1-pro-red\\\/#breadcrumblist\"},\"image\":{\"@type\":\"ImageObject\",\"url\":\"https:\\\/\\\/bikeyfasty.store\\\/wp-content\\\/uploads\\\/2025\\\/04\\\/fddfrffgtrg.webp\",\"@id\":\"https:\\\/\\\/bikeyfasty.store\\\/index.php\\\/produkt\\\/epowerfun-e-scooter-epf-1-pro-red\\\/#mainImage\",\"width\":720,\"height\":1080},\"primaryImageOfPage\":{\"@id\":\"https:\\\/\\\/bikeyfasty.store\\\/index.php\\\/produkt\\\/epowerfun-e-scooter-epf-1-pro-red\\\/#mainImage\"},\"datePublished\":\"2025-04-13T00:44:43+02:00\",\"dateModified\":\"2026-03-03T17:35:49+01:00\"},{\"@type\":\"Organization\",\"@id\":\"https:\\\/\\\/bikeyfasty.store\\\/#organization\",\"name\":\"#Bikey Fasty BIKEY FASTY\",\"description\":\"Die bestenIhre besten Fahrr\\u00e4der Deine elektrische Mobilit\\u00e4t beginnt hier Die Zukunft der Mobilit\\u00e4t \\u2013 heute\",\"url\":\"https:\\\/\\\/bikeyfasty.store\\\/\",\"email\":\"contact@bikeyfasty.store\",\"telephone\":\"+4915510400141\",\"foundingDate\":\"1945-11-29\",\"numberOfEmployees\":{\"@type\":\"QuantitativeValue\",\"value\":27},\"logo\":{\"@type\":\"ImageObject\",\"url\":\"https:\\\/\\\/bikeyfasty.store\\\/wp-content\\\/uploads\\\/2026\\\/01\\\/unnamed-file.png\",\"@id\":\"https:\\\/\\\/bikeyfasty.store\\\/index.php\\\/produkt\\\/epowerfun-e-scooter-epf-1-pro-red\\\/#organizationLogo\",\"width\":616,\"height\":447,\"caption\":\"( ( ( ( (\"},\"image\":{\"@id\":\"https:\\\/\\\/bikeyfasty.store\\\/index.php\\\/produkt\\\/epowerfun-e-scooter-epf-1-pro-red\\\/#organizationLogo\"},\"address\":{\"@id\":\"https:\\\/\\\/bikeyfasty.store\\\/#postaladdress\",\"@type\":\"PostalAddress\",\"streetAddress\":\"Karl-Liebknecht-Str. 13,\",\"postalCode\":\"10178\",\"addressLocality\":\"Berlin\",\"addressRegion\":\"Berlin\",\"addressCountry\":\"DE\"}},{\"@type\":\"WebPage\",\"@id\":\"https:\\\/\\\/bikeyfasty.store\\\/index.php\\\/produkt\\\/epowerfun-e-scooter-epf-1-pro-red\\\/#webpage\",\"url\":\"https:\\\/\\\/bikeyfasty.store\\\/index.php\\\/produkt\\\/epowerfun-e-scooter-epf-1-pro-red\\\/\",\"name\":\"Epowerfun Epf-1 Pro Red 418Wh 38km - Bikey Fasty\",\"description\":\"Die 10\\u201c Luftkammerreifen. Wir haben EXTREM viele Tests mit Luftkammerreifen der verschiedensten Herstellern gemacht. Wir erzielten Reichweitenunterschiede von\",\"inLanguage\":\"de-DE\",\"isPartOf\":{\"@id\":\"https:\\\/\\\/bikeyfasty.store\\\/#website\"},\"breadcrumb\":{\"@id\":\"https:\\\/\\\/bikeyfasty.store\\\/index.php\\\/produkt\\\/epowerfun-e-scooter-epf-1-pro-red\\\/#breadcrumblist\"},\"image\":{\"@type\":\"ImageObject\",\"url\":\"https:\\\/\\\/bikeyfasty.store\\\/wp-content\\\/uploads\\\/2025\\\/04\\\/fddfrffgtrg.webp\",\"@id\":\"https:\\\/\\\/bikeyfasty.store\\\/index.php\\\/produkt\\\/epowerfun-e-scooter-epf-1-pro-red\\\/#mainImage\",\"width\":720,\"height\":1080},\"primaryImageOfPage\":{\"@id\":\"https:\\\/\\\/bikeyfasty.store\\\/index.php\\\/produkt\\\/epowerfun-e-scooter-epf-1-pro-red\\\/#mainImage\"},\"datePublished\":\"2025-04-13T00:44:43+02:00\",\"dateModified\":\"2026-03-03T17:35:49+01:00\"},{\"@type\":\"WebSite\",\"@id\":\"https:\\\/\\\/bikeyfasty.store\\\/#website\",\"url\":\"https:\\\/\\\/bikeyfasty.store\\\/\",\"name\":\"Bikey Fasty\",\"description\":\"Die bestenIhre besten Fahrr\\u00e4der\",\"inLanguage\":\"de-DE\",\"publisher\":{\"@id\":\"https:\\\/\\\/bikeyfasty.store\\\/#organization\"}}]}\n\t\t<\/script>\n\t\t<script type=\"text\/javascript\">\n\t\t\t(function(c,l,a,r,i,t,y){\n\t\t\tc[a]=c[a]||function(){(c[a].q=c[a].q||[]).push(arguments)};t=l.createElement(r);t.async=1;\n\t\t\tt.src=\"https:\/\/www.clarity.ms\/tag\/\"+i+\"?ref=aioseo\";y=l.getElementsByTagName(r)[0];y.parentNode.insertBefore(t,y);\n\t\t})(window, document, \"clarity\", \"script\", \"v74e4fvqvw\");\n\t\t<\/script>\n\t\t<!-- All in One SEO Pro -->\r\n\t\t<title>Epowerfun Epf-1 Pro Red 418Wh 38km - Bikey Fasty<\/title>\n\n","aioseo_head_json":{"title":"Epowerfun Epf-1 Pro Red 418Wh 38km - Bikey Fasty","description":"Die 10\u201c Luftkammerreifen. Wir haben EXTREM viele Tests mit Luftkammerreifen der verschiedensten Herstellern gemacht. Wir erzielten Reichweitenunterschiede von","canonical_url":"https:\/\/bikeyfasty.store\/index.php\/produkt\/epowerfun-e-scooter-epf-1-pro-red\/","robots":"max-image-preview:large","keywords":"","webmasterTools":{"google-site-verification":"leF1qydUwZM4hbNEWkzXBgJ5cwNBnthZjCldnstJI-8","msvalidate.01":"F4CE253B53A296EF4B982618F43BD699","yandex-verification":"2c6c63eaf20e4d4b","miscellaneous":""},"schema":{"@context":"https:\/\/schema.org","@graph":[{"@type":"BreadcrumbList","@id":"https:\/\/bikeyfasty.store\/index.php\/produkt\/epowerfun-e-scooter-epf-1-pro-red\/#breadcrumblist","itemListElement":[{"@type":"ListItem","@id":"https:\/\/bikeyfasty.store#listItem","position":1,"name":"Start","item":"https:\/\/bikeyfasty.store","nextItem":{"@type":"ListItem","@id":"https:\/\/bikeyfasty.store\/index.php\/geschaft\/#listItem","name":"Gesch\u00e4ft"}},{"@type":"ListItem","@id":"https:\/\/bikeyfasty.store\/index.php\/geschaft\/#listItem","position":2,"name":"Gesch\u00e4ft","item":"https:\/\/bikeyfasty.store\/index.php\/geschaft\/","nextItem":{"@type":"ListItem","@id":"https:\/\/bikeyfasty.store\/index.php\/produkt-kategorie\/e-lieferroller\/#listItem","name":"E-Lieferroller"},"previousItem":{"@type":"ListItem","@id":"https:\/\/bikeyfasty.store#listItem","name":"Start"}},{"@type":"ListItem","@id":"https:\/\/bikeyfasty.store\/index.php\/produkt-kategorie\/e-lieferroller\/#listItem","position":3,"name":"E-Lieferroller","item":"https:\/\/bikeyfasty.store\/index.php\/produkt-kategorie\/e-lieferroller\/","nextItem":{"@type":"ListItem","@id":"https:\/\/bikeyfasty.store\/index.php\/produkt\/epowerfun-e-scooter-epf-1-pro-red\/#listItem","name":"Epowerfun Epf-1 Pro Red 418Wh 38km"},"previousItem":{"@type":"ListItem","@id":"https:\/\/bikeyfasty.store\/index.php\/geschaft\/#listItem","name":"Gesch\u00e4ft"}},{"@type":"ListItem","@id":"https:\/\/bikeyfasty.store\/index.php\/produkt\/epowerfun-e-scooter-epf-1-pro-red\/#listItem","position":4,"name":"Epowerfun Epf-1 Pro Red 418Wh 38km","previousItem":{"@type":"ListItem","@id":"https:\/\/bikeyfasty.store\/index.php\/produkt-kategorie\/e-lieferroller\/#listItem","name":"E-Lieferroller"}}]},{"@type":"ItemPage","@id":"https:\/\/bikeyfasty.store\/index.php\/produkt\/epowerfun-e-scooter-epf-1-pro-red\/#itempage","url":"https:\/\/bikeyfasty.store\/index.php\/produkt\/epowerfun-e-scooter-epf-1-pro-red\/","name":"Epowerfun Epf-1 Pro Red 418Wh 38km - Bikey Fasty","description":"Die 10\u201c Luftkammerreifen. Wir haben EXTREM viele Tests mit Luftkammerreifen der verschiedensten Herstellern gemacht. Wir erzielten Reichweitenunterschiede von","inLanguage":"de-DE","isPartOf":{"@id":"https:\/\/bikeyfasty.store\/#website"},"breadcrumb":{"@id":"https:\/\/bikeyfasty.store\/index.php\/produkt\/epowerfun-e-scooter-epf-1-pro-red\/#breadcrumblist"},"image":{"@type":"ImageObject","url":"https:\/\/bikeyfasty.store\/wp-content\/uploads\/2025\/04\/fddfrffgtrg.webp","@id":"https:\/\/bikeyfasty.store\/index.php\/produkt\/epowerfun-e-scooter-epf-1-pro-red\/#mainImage","width":720,"height":1080},"primaryImageOfPage":{"@id":"https:\/\/bikeyfasty.store\/index.php\/produkt\/epowerfun-e-scooter-epf-1-pro-red\/#mainImage"},"datePublished":"2025-04-13T00:44:43+02:00","dateModified":"2026-03-03T17:35:49+01:00"},{"@type":"Organization","@id":"https:\/\/bikeyfasty.store\/#organization","name":"#Bikey Fasty BIKEY FASTY","description":"Die bestenIhre besten Fahrr\u00e4der Deine elektrische Mobilit\u00e4t beginnt hier Die Zukunft der Mobilit\u00e4t \u2013 heute","url":"https:\/\/bikeyfasty.store\/","email":"contact@bikeyfasty.store","telephone":"+4915510400141","foundingDate":"1945-11-29","numberOfEmployees":{"@type":"QuantitativeValue","value":27},"logo":{"@type":"ImageObject","url":"https:\/\/bikeyfasty.store\/wp-content\/uploads\/2026\/01\/unnamed-file.png","@id":"https:\/\/bikeyfasty.store\/index.php\/produkt\/epowerfun-e-scooter-epf-1-pro-red\/#organizationLogo","width":616,"height":447,"caption":"( ( ( ( ("},"image":{"@id":"https:\/\/bikeyfasty.store\/index.php\/produkt\/epowerfun-e-scooter-epf-1-pro-red\/#organizationLogo"},"address":{"@id":"https:\/\/bikeyfasty.store\/#postaladdress","@type":"PostalAddress","streetAddress":"Karl-Liebknecht-Str. 13,","postalCode":"10178","addressLocality":"Berlin","addressRegion":"Berlin","addressCountry":"DE"}},{"@type":"WebPage","@id":"https:\/\/bikeyfasty.store\/index.php\/produkt\/epowerfun-e-scooter-epf-1-pro-red\/#webpage","url":"https:\/\/bikeyfasty.store\/index.php\/produkt\/epowerfun-e-scooter-epf-1-pro-red\/","name":"Epowerfun Epf-1 Pro Red 418Wh 38km - Bikey Fasty","description":"Die 10\u201c Luftkammerreifen. Wir haben EXTREM viele Tests mit Luftkammerreifen der verschiedensten Herstellern gemacht. Wir erzielten Reichweitenunterschiede von","inLanguage":"de-DE","isPartOf":{"@id":"https:\/\/bikeyfasty.store\/#website"},"breadcrumb":{"@id":"https:\/\/bikeyfasty.store\/index.php\/produkt\/epowerfun-e-scooter-epf-1-pro-red\/#breadcrumblist"},"image":{"@type":"ImageObject","url":"https:\/\/bikeyfasty.store\/wp-content\/uploads\/2025\/04\/fddfrffgtrg.webp","@id":"https:\/\/bikeyfasty.store\/index.php\/produkt\/epowerfun-e-scooter-epf-1-pro-red\/#mainImage","width":720,"height":1080},"primaryImageOfPage":{"@id":"https:\/\/bikeyfasty.store\/index.php\/produkt\/epowerfun-e-scooter-epf-1-pro-red\/#mainImage"},"datePublished":"2025-04-13T00:44:43+02:00","dateModified":"2026-03-03T17:35:49+01:00"},{"@type":"WebSite","@id":"https:\/\/bikeyfasty.store\/#website","url":"https:\/\/bikeyfasty.store\/","name":"Bikey Fasty","description":"Die bestenIhre besten Fahrr\u00e4der","inLanguage":"de-DE","publisher":{"@id":"https:\/\/bikeyfasty.store\/#organization"}}]},"og:locale":"de_DE","og:site_name":"Bikey Fasty - Die bestenIhre besten Fahrr\u00e4der","og:type":"article","og:title":"Epowerfun Epf-1 Pro Red 418Wh 38km - Bikey Fasty","og:description":"Die 10\u201c Luftkammerreifen. Wir haben EXTREM viele Tests mit Luftkammerreifen der verschiedensten Herstellern gemacht. Wir erzielten Reichweitenunterschiede von","og:url":"https:\/\/bikeyfasty.store\/index.php\/produkt\/epowerfun-e-scooter-epf-1-pro-red\/","og:image":"https:\/\/bikeyfasty.store\/wp-content\/uploads\/2026\/01\/unnamed-file.png","og:image:secure_url":"https:\/\/bikeyfasty.store\/wp-content\/uploads\/2026\/01\/unnamed-file.png","og:image:width":616,"og:image:height":447,"article:published_time":"2025-04-12T22:44:43+00:00","article:modified_time":"2026-03-03T16:35:49+00:00","twitter:card":"summary_large_image","twitter:title":"Epowerfun Epf-1 Pro Red 418Wh 38km - Bikey Fasty","twitter:description":"Die 10\u201c Luftkammerreifen. Wir haben EXTREM viele Tests mit Luftkammerreifen der verschiedensten Herstellern gemacht. Wir erzielten Reichweitenunterschiede von","twitter:image":"https:\/\/bikeyfasty.store\/wp-content\/uploads\/2026\/01\/unnamed-file.png"},"aioseo_meta_data":{"post_id":"18855","title":null,"description":null,"keywords":null,"keyphrases":{"focus":{"keyphrase":"Epowerfun Epf-1 Pro","score":50,"analysis":{"keyphraseInTitle":{"score":9,"maxScore":9,"error":0},"keyphraseInDescription":{"score":3,"maxScore":9,"error":1},"keyphraseLength":{"score":9,"maxScore":9,"error":0,"length":3},"keyphraseInURL":{"score":1,"maxScore":5,"error":1},"keyphraseInIntroduction":{"score":3,"maxScore":9,"error":1},"keyphraseInSubHeadings":[],"keyphraseInImageAlt":[],"keywordDensity":{"score":0,"type":"low","maxScore":9,"error":1}}},"additional":[]},"primary_term":null,"canonical_url":null,"og_title":null,"og_description":null,"og_object_type":"default","og_image_type":"default","og_image_url":null,"og_image_width":null,"og_image_height":null,"og_image_custom_url":null,"og_image_custom_fields":null,"og_video":"","og_custom_url":null,"og_article_section":null,"og_article_tags":null,"twitter_use_og":false,"twitter_card":"default","twitter_image_type":"default","twitter_image_url":null,"twitter_image_custom_url":null,"twitter_image_custom_fields":null,"twitter_title":null,"twitter_description":null,"schema":{"blockGraphs":[],"customGraphs":[],"default":{"data":{"Article":[],"Course":[],"Dataset":[],"FAQPage":[],"Movie":[],"Person":[],"Product":[],"ProductReview":[],"Car":[],"Recipe":[],"Service":[],"SoftwareApplication":[],"WebPage":[]},"graphName":"ItemPage","isEnabled":true},"graphs":[]},"schema_type":"default","schema_type_options":null,"pillar_content":false,"robots_default":true,"robots_noindex":false,"robots_noarchive":false,"robots_nosnippet":false,"robots_nofollow":false,"robots_noimageindex":false,"robots_noodp":false,"robots_notranslate":false,"robots_max_snippet":"-1","robots_max_videopreview":"-1","robots_max_imagepreview":"large","priority":null,"frequency":"default","local_seo":null,"seo_analyzer_scan_date":"2026-03-03 16:48:45","breadcrumb_settings":null,"limit_modified_date":false,"reviewed_by":"0","open_ai":null,"ai":{"faqs":[],"keyPoints":[],"titles":[],"descriptions":[],"socialPosts":{"email":[],"linkedin":[],"twitter":[],"facebook":[],"instagram":[]}},"created":"2025-05-01 09:28:06","updated":"2026-03-03 17:15:26"},"aioseo_breadcrumb":"<div class=\"aioseo-breadcrumbs\"><span class=\"aioseo-breadcrumb\">\n\t<a href=\"https:\/\/bikeyfasty.store\" title=\"Start\">Start<\/a>\n<\/span><span class=\"aioseo-breadcrumb-separator\">\u00bb<\/span><span class=\"aioseo-breadcrumb\">\n\t<a href=\"https:\/\/bikeyfasty.store\/index.php\/geschaft\/\" title=\"Gesch\u00e4ft\">Gesch\u00e4ft<\/a>\n<\/span><span class=\"aioseo-breadcrumb-separator\">\u00bb<\/span><span class=\"aioseo-breadcrumb\">\n\t<a href=\"https:\/\/bikeyfasty.store\/index.php\/produkt-kategorie\/e-lieferroller\/\" title=\"E-Lieferroller\">E-Lieferroller<\/a>\n<\/span><span class=\"aioseo-breadcrumb-separator\">\u00bb<\/span><span class=\"aioseo-breadcrumb\">\n\tEpowerfun Epf-1 Pro Red 418Wh 38km\n<\/span><\/div>","aioseo_breadcrumb_json":[{"label":"Start","link":"https:\/\/bikeyfasty.store"},{"label":"Gesch\u00e4ft","link":"https:\/\/bikeyfasty.store\/index.php\/geschaft\/"},{"label":"E-Lieferroller","link":"https:\/\/bikeyfasty.store\/index.php\/produkt-kategorie\/e-lieferroller\/"},{"label":"Epowerfun Epf-1 Pro Red 418Wh 38km","link":"https:\/\/bikeyfasty.store\/index.php\/produkt\/epowerfun-e-scooter-epf-1-pro-red\/"}],"_links":{"self":[{"href":"https:\/\/bikeyfasty.store\/index.php\/wp-json\/wp\/v2\/product\/18855","targetHints":{"allow":["GET"]}}],"collection":[{"href":"https:\/\/bikeyfasty.store\/index.php\/wp-json\/wp\/v2\/product"}],"about":[{"href":"https:\/\/bikeyfasty.store\/index.php\/wp-json\/wp\/v2\/types\/product"}],"replies":[{"embeddable":true,"href":"https:\/\/bikeyfasty.store\/index.php\/wp-json\/wp\/v2\/comments?post=18855"}],"version-history":[{"count":5,"href":"https:\/\/bikeyfasty.store\/index.php\/wp-json\/wp\/v2\/product\/18855\/revisions"}],"predecessor-version":[{"id":53790,"href":"https:\/\/bikeyfasty.store\/index.php\/wp-json\/wp\/v2\/product\/18855\/revisions\/53790"}],"wp:featuredmedia":[{"embeddable":true,"href":"https:\/\/bikeyfasty.store\/index.php\/wp-json\/wp\/v2\/media\/19128"}],"wp:attachment":[{"href":"https:\/\/bikeyfasty.store\/index.php\/wp-json\/wp\/v2\/media?parent=18855"}],"wp:term":[{"taxonomy":"product_brand","embeddable":true,"href":"https:\/\/bikeyfasty.store\/index.php\/wp-json\/wp\/v2\/product_brand?post=18855"},{"taxonomy":"product_cat","embeddable":true,"href":"https:\/\/bikeyfasty.store\/index.php\/wp-json\/wp\/v2\/product_cat?post=18855"},{"taxonomy":"product_tag","embeddable":true,"href":"https:\/\/bikeyfasty.store\/index.php\/wp-json\/wp\/v2\/product_tag?post=18855"}],"curies":[{"name":"wp","href":"https:\/\/api.w.org\/{rel}","templated":true}]}}