{"id":20009,"date":"2025-04-20T22:40:48","date_gmt":"2025-04-20T20:40:48","guid":{"rendered":"https:\/\/bikeyfasty.store\/?post_type=product&#038;p=20009"},"modified":"2026-02-18T10:09:55","modified_gmt":"2026-02-18T09:09:55","slug":"egret-gt-20-ah","status":"publish","type":"product","link":"https:\/\/bikeyfasty.store\/index.php\/produkt\/egret-gt-20-ah\/","title":{"rendered":"EGRET GT 20 Ah17 x 46 cm 150 kg 13&#8243; Luftreifen"},"content":{"rendered":"<p><span data-da-style=\"true\">Der EGRET GT\u00a0vereint alle Premium-Features, die man sich w\u00fcnscht:\u00a0<\/span><strong><span data-da-style=\"true\">Mehr Sicherheit, mehr Komfort und mehr Premium \u2013 Das alles zu einem unschlagbaren Preis.<\/span><\/strong><\/p>\n<h5><strong>Der Allrounder<\/strong><\/h5>\n<ul>\n<li>Akku: 20 Ah<\/li>\n<li>Reichweite: \u00a0100 km<\/li>\n<li>Motor: 48 V \/ 1620 Watt<\/li>\n<li>Reifengr\u00f6\u00dfe: 13&#8243; Luftreifen<\/li>\n<li>Geschwindigkeit: 20 km\/h<\/li>\n<li>Zulassung bis 150 KG Last<\/li>\n<li>Gewicht: 32 Kg<\/li>\n<li>mit Stra\u00dfenzulassung<\/li>\n<\/ul>\n<h5 class=\"mb-4\">Weitere Features<\/h5>\n<ul>\n<li>Daumengasgriff<\/li>\n<li>Integriertes 3,5&#8243; TFT-Farbdisplay mit NFC<\/li>\n<li>Integrierte Kabelf\u00fchrung<\/li>\n<li>Multifunktionshaken im Schloss integriert<\/li>\n<li>Ergonomische Griffe<\/li>\n<li>Radlager von Schaeffler INA<\/li>\n<li>Intelligentes Felgendesign f\u00fcr leichten Reifenwechsel<\/li>\n<\/ul>\n<h5>Ma\u00dfe und Gewicht<\/h5>\n<div class=\"col-12 col-md-8 mb-5 mb-md-0\">\n<div class=\"row\">\n<div class=\"col-12 col-md-6 mb-5 mb-md-0\">\n<div class=\"row\">\n<div class=\"col-12 col-md-6 mb-5 mb-md-0\">\n<h6><b>Ausgeklappt<\/b><\/h6>\n<p><b>H\u00f6he<\/b><br \/>\n135 cm<\/p>\n<p><b>Breite Lenker<\/b><br \/>\n67 cm<\/p>\n<p><b>Trittbrett<\/b><br \/>\n17 x 46 cm<\/p>\n<p><b>L\u00e4nge<\/b><br \/>\n123 cm<\/p>\n<\/div>\n<div class=\"col-12 col-md-6\">\n<h5><b>Geklappt<\/b><\/h5>\n<p><b>H\u00f6he<\/b><br \/>\n60 cm<\/p>\n<p><b>L\u00e4nge<\/b><br \/>\n123 cm<\/p>\n<p><b>Gewicht<\/b><br \/>\n32 kg<\/p>\n<p><b>Maximale Zuladung<\/b><br \/>\n150 kg<\/p>\n<\/div>\n<\/div>\n<\/div>\n<\/div>\n<\/div>\n","protected":false},"excerpt":{"rendered":"<p>Erleben Sie h\u00f6chste Sicherheit und Komfort mit dem EGRET GT. Sichern Sie sich jetzt dieses Premium-Modell zum unschlagbaren Preis!Akku: 20 Ah Reichweite: 100 km<\/p>\n","protected":false},"featured_media":20010,"comment_status":"open","ping_status":"closed","template":"","meta":{"googlesitekit_rrm_CAowq6HFDA:productID":"","om_disable_all_campaigns":false,"_monsterinsights_skip_tracking":false,"_monsterinsights_sitenote_active":false,"_monsterinsights_sitenote_note":"","_monsterinsights_sitenote_category":0,"_uf_show_specific_survey":0,"_uf_disable_surveys":false},"product_brand":[],"product_cat":[20],"product_tag":[],"class_list":{"0":"post-20009","1":"product","2":"type-product","3":"status-publish","4":"has-post-thumbnail","6":"product_cat-e-lieferroller","8":"first","9":"instock","10":"sale","11":"taxable","12":"shipping-taxable","13":"purchasable","14":"product-type-simple"},"aioseo_notices":[],"aioseo_head":"\n\t\t<!-- All in One SEO Pro 4.9.5.2 - aioseo.com -->\n\t<meta name=\"description\" content=\"Erleben Sie h\u00f6chste Sicherheit und Komfort mit dem EGRET GT. Sichern Sie sich jetzt dieses Premium-Modell zum unschlagbaren Preis!Akku: 20 Ah Reichweite: 100 km\" \/>\n\t<meta name=\"robots\" content=\"max-image-preview:large\" \/>\n\t<meta name=\"google-site-verification\" content=\"leF1qydUwZM4hbNEWkzXBgJ5cwNBnthZjCldnstJI-8\" \/>\n\t<meta name=\"msvalidate.01\" content=\"F4CE253B53A296EF4B982618F43BD699\" \/>\n\t<meta name=\"yandex-verification\" content=\"2c6c63eaf20e4d4b\" \/>\n\t<link rel=\"canonical\" href=\"https:\/\/bikeyfasty.store\/index.php\/produkt\/egret-gt-20-ah\/\" \/>\n\t<meta name=\"generator\" content=\"All in One SEO Pro (AIOSEO) 4.9.5.2\" \/>\n\t\t<meta property=\"og:locale\" content=\"de_DE\" \/>\n\t\t<meta property=\"og:site_name\" content=\"Bikey Fasty - Die bestenIhre besten Fahrr\u00e4der\" \/>\n\t\t<meta property=\"og:type\" content=\"article\" \/>\n\t\t<meta property=\"og:title\" content=\"EGRET GT 20 Ah17 x 46 cm 150 kg 13\u2033 Luftreifen - Bikey Fasty\" \/>\n\t\t<meta property=\"og:description\" content=\"Erleben Sie h\u00f6chste Sicherheit und Komfort mit dem EGRET GT. Sichern Sie sich jetzt dieses Premium-Modell zum unschlagbaren Preis!Akku: 20 Ah Reichweite: 100 km\" \/>\n\t\t<meta property=\"og:url\" content=\"https:\/\/bikeyfasty.store\/index.php\/produkt\/egret-gt-20-ah\/\" \/>\n\t\t<meta property=\"og:image\" content=\"https:\/\/bikeyfasty.store\/wp-content\/uploads\/2026\/01\/unnamed-file.png\" \/>\n\t\t<meta property=\"og:image:secure_url\" content=\"https:\/\/bikeyfasty.store\/wp-content\/uploads\/2026\/01\/unnamed-file.png\" \/>\n\t\t<meta property=\"og:image:width\" content=\"616\" \/>\n\t\t<meta property=\"og:image:height\" content=\"447\" \/>\n\t\t<meta property=\"article:published_time\" content=\"2025-04-20T20:40:48+00:00\" \/>\n\t\t<meta property=\"article:modified_time\" content=\"2026-02-18T09:09:55+00:00\" \/>\n\t\t<meta name=\"twitter:card\" content=\"summary_large_image\" \/>\n\t\t<meta name=\"twitter:title\" content=\"EGRET GT 20 Ah17 x 46 cm 150 kg 13\u2033 Luftreifen - Bikey Fasty\" \/>\n\t\t<meta name=\"twitter:description\" content=\"Erleben Sie h\u00f6chste Sicherheit und Komfort mit dem EGRET GT. Sichern Sie sich jetzt dieses Premium-Modell zum unschlagbaren Preis!Akku: 20 Ah Reichweite: 100 km\" \/>\n\t\t<meta name=\"twitter:image\" content=\"https:\/\/bikeyfasty.store\/wp-content\/uploads\/2026\/01\/unnamed-file.png\" \/>\n\t\t<script type=\"application\/ld+json\" class=\"aioseo-schema\">\n\t\t\t{\"@context\":\"https:\\\/\\\/schema.org\",\"@graph\":[{\"@type\":\"BreadcrumbList\",\"@id\":\"https:\\\/\\\/bikeyfasty.store\\\/index.php\\\/produkt\\\/egret-gt-20-ah\\\/#breadcrumblist\",\"itemListElement\":[{\"@type\":\"ListItem\",\"@id\":\"https:\\\/\\\/bikeyfasty.store#listItem\",\"position\":1,\"name\":\"Start\",\"item\":\"https:\\\/\\\/bikeyfasty.store\",\"nextItem\":{\"@type\":\"ListItem\",\"@id\":\"https:\\\/\\\/bikeyfasty.store\\\/index.php\\\/geschaft\\\/#listItem\",\"name\":\"Gesch\\u00e4ft\"}},{\"@type\":\"ListItem\",\"@id\":\"https:\\\/\\\/bikeyfasty.store\\\/index.php\\\/geschaft\\\/#listItem\",\"position\":2,\"name\":\"Gesch\\u00e4ft\",\"item\":\"https:\\\/\\\/bikeyfasty.store\\\/index.php\\\/geschaft\\\/\",\"nextItem\":{\"@type\":\"ListItem\",\"@id\":\"https:\\\/\\\/bikeyfasty.store\\\/index.php\\\/produkt-kategorie\\\/e-lieferroller\\\/#listItem\",\"name\":\"E-Lieferroller\"},\"previousItem\":{\"@type\":\"ListItem\",\"@id\":\"https:\\\/\\\/bikeyfasty.store#listItem\",\"name\":\"Start\"}},{\"@type\":\"ListItem\",\"@id\":\"https:\\\/\\\/bikeyfasty.store\\\/index.php\\\/produkt-kategorie\\\/e-lieferroller\\\/#listItem\",\"position\":3,\"name\":\"E-Lieferroller\",\"item\":\"https:\\\/\\\/bikeyfasty.store\\\/index.php\\\/produkt-kategorie\\\/e-lieferroller\\\/\",\"nextItem\":{\"@type\":\"ListItem\",\"@id\":\"https:\\\/\\\/bikeyfasty.store\\\/index.php\\\/produkt\\\/egret-gt-20-ah\\\/#listItem\",\"name\":\"EGRET GT 20 Ah17 x 46 cm 150 kg 13&#8243; Luftreifen\"},\"previousItem\":{\"@type\":\"ListItem\",\"@id\":\"https:\\\/\\\/bikeyfasty.store\\\/index.php\\\/geschaft\\\/#listItem\",\"name\":\"Gesch\\u00e4ft\"}},{\"@type\":\"ListItem\",\"@id\":\"https:\\\/\\\/bikeyfasty.store\\\/index.php\\\/produkt\\\/egret-gt-20-ah\\\/#listItem\",\"position\":4,\"name\":\"EGRET GT 20 Ah17 x 46 cm 150 kg 13&#8243; Luftreifen\",\"previousItem\":{\"@type\":\"ListItem\",\"@id\":\"https:\\\/\\\/bikeyfasty.store\\\/index.php\\\/produkt-kategorie\\\/e-lieferroller\\\/#listItem\",\"name\":\"E-Lieferroller\"}}]},{\"@type\":\"ItemPage\",\"@id\":\"https:\\\/\\\/bikeyfasty.store\\\/index.php\\\/produkt\\\/egret-gt-20-ah\\\/#itempage\",\"url\":\"https:\\\/\\\/bikeyfasty.store\\\/index.php\\\/produkt\\\/egret-gt-20-ah\\\/\",\"name\":\"EGRET GT 20 Ah17 x 46 cm 150 kg 13\\u2033 Luftreifen - Bikey Fasty\",\"description\":\"Erleben Sie h\\u00f6chste Sicherheit und Komfort mit dem EGRET GT. Sichern Sie sich jetzt dieses Premium-Modell zum unschlagbaren Preis!Akku: 20 Ah Reichweite: 100 km\",\"inLanguage\":\"de-DE\",\"isPartOf\":{\"@id\":\"https:\\\/\\\/bikeyfasty.store\\\/#website\"},\"breadcrumb\":{\"@id\":\"https:\\\/\\\/bikeyfasty.store\\\/index.php\\\/produkt\\\/egret-gt-20-ah\\\/#breadcrumblist\"},\"image\":{\"@type\":\"ImageObject\",\"url\":\"https:\\\/\\\/bikeyfasty.store\\\/wp-content\\\/uploads\\\/2025\\\/04\\\/jtjtgjkgtkjtg-1.png\",\"@id\":\"https:\\\/\\\/bikeyfasty.store\\\/index.php\\\/produkt\\\/egret-gt-20-ah\\\/#mainImage\",\"width\":1024,\"height\":576,\"caption\":\"EGRET GT\"},\"primaryImageOfPage\":{\"@id\":\"https:\\\/\\\/bikeyfasty.store\\\/index.php\\\/produkt\\\/egret-gt-20-ah\\\/#mainImage\"},\"datePublished\":\"2025-04-20T22:40:48+02:00\",\"dateModified\":\"2026-02-18T10:09:55+01:00\"},{\"@type\":\"Organization\",\"@id\":\"https:\\\/\\\/bikeyfasty.store\\\/#organization\",\"name\":\"#Bikey Fasty BIKEY FASTY\",\"description\":\"Die bestenIhre besten Fahrr\\u00e4der Deine elektrische Mobilit\\u00e4t beginnt hier Die Zukunft der Mobilit\\u00e4t \\u2013 heute\",\"url\":\"https:\\\/\\\/bikeyfasty.store\\\/\",\"email\":\"contact@bikeyfasty.store\",\"telephone\":\"+4915510400141\",\"foundingDate\":\"1945-11-29\",\"numberOfEmployees\":{\"@type\":\"QuantitativeValue\",\"value\":27},\"logo\":{\"@type\":\"ImageObject\",\"url\":\"https:\\\/\\\/bikeyfasty.store\\\/wp-content\\\/uploads\\\/2026\\\/01\\\/unnamed-file.png\",\"@id\":\"https:\\\/\\\/bikeyfasty.store\\\/index.php\\\/produkt\\\/egret-gt-20-ah\\\/#organizationLogo\",\"width\":616,\"height\":447,\"caption\":\"( ( ( ( (\"},\"image\":{\"@id\":\"https:\\\/\\\/bikeyfasty.store\\\/index.php\\\/produkt\\\/egret-gt-20-ah\\\/#organizationLogo\"},\"address\":{\"@id\":\"https:\\\/\\\/bikeyfasty.store\\\/#postaladdress\",\"@type\":\"PostalAddress\",\"streetAddress\":\"Karl-Liebknecht-Str. 13,\",\"postalCode\":\"10178\",\"addressLocality\":\"Berlin\",\"addressRegion\":\"Berlin\",\"addressCountry\":\"DE\"}},{\"@type\":\"WebPage\",\"@id\":\"https:\\\/\\\/bikeyfasty.store\\\/index.php\\\/produkt\\\/egret-gt-20-ah\\\/#webpage\",\"url\":\"https:\\\/\\\/bikeyfasty.store\\\/index.php\\\/produkt\\\/egret-gt-20-ah\\\/\",\"name\":\"EGRET GT 20 Ah17 x 46 cm 150 kg 13\\u2033 Luftreifen - Bikey Fasty\",\"description\":\"Erleben Sie h\\u00f6chste Sicherheit und Komfort mit dem EGRET GT. Sichern Sie sich jetzt dieses Premium-Modell zum unschlagbaren Preis!Akku: 20 Ah Reichweite: 100 km\",\"inLanguage\":\"de-DE\",\"isPartOf\":{\"@id\":\"https:\\\/\\\/bikeyfasty.store\\\/#website\"},\"breadcrumb\":{\"@id\":\"https:\\\/\\\/bikeyfasty.store\\\/index.php\\\/produkt\\\/egret-gt-20-ah\\\/#breadcrumblist\"},\"image\":{\"@type\":\"ImageObject\",\"url\":\"https:\\\/\\\/bikeyfasty.store\\\/wp-content\\\/uploads\\\/2025\\\/04\\\/jtjtgjkgtkjtg-1.png\",\"@id\":\"https:\\\/\\\/bikeyfasty.store\\\/index.php\\\/produkt\\\/egret-gt-20-ah\\\/#mainImage\",\"width\":1024,\"height\":576,\"caption\":\"EGRET GT\"},\"primaryImageOfPage\":{\"@id\":\"https:\\\/\\\/bikeyfasty.store\\\/index.php\\\/produkt\\\/egret-gt-20-ah\\\/#mainImage\"},\"datePublished\":\"2025-04-20T22:40:48+02:00\",\"dateModified\":\"2026-02-18T10:09:55+01:00\"},{\"@type\":\"WebSite\",\"@id\":\"https:\\\/\\\/bikeyfasty.store\\\/#website\",\"url\":\"https:\\\/\\\/bikeyfasty.store\\\/\",\"name\":\"Bikey Fasty\",\"description\":\"Die bestenIhre besten Fahrr\\u00e4der\",\"inLanguage\":\"de-DE\",\"publisher\":{\"@id\":\"https:\\\/\\\/bikeyfasty.store\\\/#organization\"}}]}\n\t\t<\/script>\n\t\t<script type=\"text\/javascript\">\n\t\t\t(function(c,l,a,r,i,t,y){\n\t\t\tc[a]=c[a]||function(){(c[a].q=c[a].q||[]).push(arguments)};t=l.createElement(r);t.async=1;\n\t\t\tt.src=\"https:\/\/www.clarity.ms\/tag\/\"+i+\"?ref=aioseo\";y=l.getElementsByTagName(r)[0];y.parentNode.insertBefore(t,y);\n\t\t})(window, document, \"clarity\", \"script\", \"v74e4fvqvw\");\n\t\t<\/script>\n\t\t<!-- All in One SEO Pro -->\r\n\t\t<title>EGRET GT 20 Ah17 x 46 cm 150 kg 13\u2033 Luftreifen - Bikey Fasty<\/title>\n\n","aioseo_head_json":{"title":"EGRET GT 20 Ah17 x 46 cm 150 kg 13\u2033 Luftreifen - Bikey Fasty","description":"Erleben Sie h\u00f6chste Sicherheit und Komfort mit dem EGRET GT. Sichern Sie sich jetzt dieses Premium-Modell zum unschlagbaren Preis!Akku: 20 Ah Reichweite: 100 km","canonical_url":"https:\/\/bikeyfasty.store\/index.php\/produkt\/egret-gt-20-ah\/","robots":"max-image-preview:large","keywords":"","webmasterTools":{"google-site-verification":"leF1qydUwZM4hbNEWkzXBgJ5cwNBnthZjCldnstJI-8","msvalidate.01":"F4CE253B53A296EF4B982618F43BD699","yandex-verification":"2c6c63eaf20e4d4b","miscellaneous":""},"schema":{"@context":"https:\/\/schema.org","@graph":[{"@type":"BreadcrumbList","@id":"https:\/\/bikeyfasty.store\/index.php\/produkt\/egret-gt-20-ah\/#breadcrumblist","itemListElement":[{"@type":"ListItem","@id":"https:\/\/bikeyfasty.store#listItem","position":1,"name":"Start","item":"https:\/\/bikeyfasty.store","nextItem":{"@type":"ListItem","@id":"https:\/\/bikeyfasty.store\/index.php\/geschaft\/#listItem","name":"Gesch\u00e4ft"}},{"@type":"ListItem","@id":"https:\/\/bikeyfasty.store\/index.php\/geschaft\/#listItem","position":2,"name":"Gesch\u00e4ft","item":"https:\/\/bikeyfasty.store\/index.php\/geschaft\/","nextItem":{"@type":"ListItem","@id":"https:\/\/bikeyfasty.store\/index.php\/produkt-kategorie\/e-lieferroller\/#listItem","name":"E-Lieferroller"},"previousItem":{"@type":"ListItem","@id":"https:\/\/bikeyfasty.store#listItem","name":"Start"}},{"@type":"ListItem","@id":"https:\/\/bikeyfasty.store\/index.php\/produkt-kategorie\/e-lieferroller\/#listItem","position":3,"name":"E-Lieferroller","item":"https:\/\/bikeyfasty.store\/index.php\/produkt-kategorie\/e-lieferroller\/","nextItem":{"@type":"ListItem","@id":"https:\/\/bikeyfasty.store\/index.php\/produkt\/egret-gt-20-ah\/#listItem","name":"EGRET GT 20 Ah17 x 46 cm 150 kg 13&#8243; Luftreifen"},"previousItem":{"@type":"ListItem","@id":"https:\/\/bikeyfasty.store\/index.php\/geschaft\/#listItem","name":"Gesch\u00e4ft"}},{"@type":"ListItem","@id":"https:\/\/bikeyfasty.store\/index.php\/produkt\/egret-gt-20-ah\/#listItem","position":4,"name":"EGRET GT 20 Ah17 x 46 cm 150 kg 13&#8243; Luftreifen","previousItem":{"@type":"ListItem","@id":"https:\/\/bikeyfasty.store\/index.php\/produkt-kategorie\/e-lieferroller\/#listItem","name":"E-Lieferroller"}}]},{"@type":"ItemPage","@id":"https:\/\/bikeyfasty.store\/index.php\/produkt\/egret-gt-20-ah\/#itempage","url":"https:\/\/bikeyfasty.store\/index.php\/produkt\/egret-gt-20-ah\/","name":"EGRET GT 20 Ah17 x 46 cm 150 kg 13\u2033 Luftreifen - Bikey Fasty","description":"Erleben Sie h\u00f6chste Sicherheit und Komfort mit dem EGRET GT. Sichern Sie sich jetzt dieses Premium-Modell zum unschlagbaren Preis!Akku: 20 Ah Reichweite: 100 km","inLanguage":"de-DE","isPartOf":{"@id":"https:\/\/bikeyfasty.store\/#website"},"breadcrumb":{"@id":"https:\/\/bikeyfasty.store\/index.php\/produkt\/egret-gt-20-ah\/#breadcrumblist"},"image":{"@type":"ImageObject","url":"https:\/\/bikeyfasty.store\/wp-content\/uploads\/2025\/04\/jtjtgjkgtkjtg-1.png","@id":"https:\/\/bikeyfasty.store\/index.php\/produkt\/egret-gt-20-ah\/#mainImage","width":1024,"height":576,"caption":"EGRET GT"},"primaryImageOfPage":{"@id":"https:\/\/bikeyfasty.store\/index.php\/produkt\/egret-gt-20-ah\/#mainImage"},"datePublished":"2025-04-20T22:40:48+02:00","dateModified":"2026-02-18T10:09:55+01:00"},{"@type":"Organization","@id":"https:\/\/bikeyfasty.store\/#organization","name":"#Bikey Fasty BIKEY FASTY","description":"Die bestenIhre besten Fahrr\u00e4der Deine elektrische Mobilit\u00e4t beginnt hier Die Zukunft der Mobilit\u00e4t \u2013 heute","url":"https:\/\/bikeyfasty.store\/","email":"contact@bikeyfasty.store","telephone":"+4915510400141","foundingDate":"1945-11-29","numberOfEmployees":{"@type":"QuantitativeValue","value":27},"logo":{"@type":"ImageObject","url":"https:\/\/bikeyfasty.store\/wp-content\/uploads\/2026\/01\/unnamed-file.png","@id":"https:\/\/bikeyfasty.store\/index.php\/produkt\/egret-gt-20-ah\/#organizationLogo","width":616,"height":447,"caption":"( ( ( ( ("},"image":{"@id":"https:\/\/bikeyfasty.store\/index.php\/produkt\/egret-gt-20-ah\/#organizationLogo"},"address":{"@id":"https:\/\/bikeyfasty.store\/#postaladdress","@type":"PostalAddress","streetAddress":"Karl-Liebknecht-Str. 13,","postalCode":"10178","addressLocality":"Berlin","addressRegion":"Berlin","addressCountry":"DE"}},{"@type":"WebPage","@id":"https:\/\/bikeyfasty.store\/index.php\/produkt\/egret-gt-20-ah\/#webpage","url":"https:\/\/bikeyfasty.store\/index.php\/produkt\/egret-gt-20-ah\/","name":"EGRET GT 20 Ah17 x 46 cm 150 kg 13\u2033 Luftreifen - Bikey Fasty","description":"Erleben Sie h\u00f6chste Sicherheit und Komfort mit dem EGRET GT. Sichern Sie sich jetzt dieses Premium-Modell zum unschlagbaren Preis!Akku: 20 Ah Reichweite: 100 km","inLanguage":"de-DE","isPartOf":{"@id":"https:\/\/bikeyfasty.store\/#website"},"breadcrumb":{"@id":"https:\/\/bikeyfasty.store\/index.php\/produkt\/egret-gt-20-ah\/#breadcrumblist"},"image":{"@type":"ImageObject","url":"https:\/\/bikeyfasty.store\/wp-content\/uploads\/2025\/04\/jtjtgjkgtkjtg-1.png","@id":"https:\/\/bikeyfasty.store\/index.php\/produkt\/egret-gt-20-ah\/#mainImage","width":1024,"height":576,"caption":"EGRET GT"},"primaryImageOfPage":{"@id":"https:\/\/bikeyfasty.store\/index.php\/produkt\/egret-gt-20-ah\/#mainImage"},"datePublished":"2025-04-20T22:40:48+02:00","dateModified":"2026-02-18T10:09:55+01:00"},{"@type":"WebSite","@id":"https:\/\/bikeyfasty.store\/#website","url":"https:\/\/bikeyfasty.store\/","name":"Bikey Fasty","description":"Die bestenIhre besten Fahrr\u00e4der","inLanguage":"de-DE","publisher":{"@id":"https:\/\/bikeyfasty.store\/#organization"}}]},"og:locale":"de_DE","og:site_name":"Bikey Fasty - Die bestenIhre besten Fahrr\u00e4der","og:type":"article","og:title":"EGRET GT 20 Ah17 x 46 cm 150 kg 13\u2033 Luftreifen - Bikey Fasty","og:description":"Erleben Sie h\u00f6chste Sicherheit und Komfort mit dem EGRET GT. Sichern Sie sich jetzt dieses Premium-Modell zum unschlagbaren Preis!Akku: 20 Ah Reichweite: 100 km","og:url":"https:\/\/bikeyfasty.store\/index.php\/produkt\/egret-gt-20-ah\/","og:image":"https:\/\/bikeyfasty.store\/wp-content\/uploads\/2026\/01\/unnamed-file.png","og:image:secure_url":"https:\/\/bikeyfasty.store\/wp-content\/uploads\/2026\/01\/unnamed-file.png","og:image:width":616,"og:image:height":447,"article:published_time":"2025-04-20T20:40:48+00:00","article:modified_time":"2026-02-18T09:09:55+00:00","twitter:card":"summary_large_image","twitter:title":"EGRET GT 20 Ah17 x 46 cm 150 kg 13\u2033 Luftreifen - Bikey Fasty","twitter:description":"Erleben Sie h\u00f6chste Sicherheit und Komfort mit dem EGRET GT. Sichern Sie sich jetzt dieses Premium-Modell zum unschlagbaren Preis!Akku: 20 Ah Reichweite: 100 km","twitter:image":"https:\/\/bikeyfasty.store\/wp-content\/uploads\/2026\/01\/unnamed-file.png"},"aioseo_meta_data":{"post_id":"20009","title":null,"description":null,"keywords":null,"keyphrases":{"focus":{"keyphrase":"EGRET GT","score":100,"analysis":{"keyphraseInTitle":{"score":9,"maxScore":9,"error":0},"keyphraseInDescription":{"score":9,"maxScore":9,"error":0},"keyphraseLength":{"score":9,"maxScore":9,"error":0,"length":2},"keyphraseInURL":{"score":5,"maxScore":5,"error":0},"keyphraseInIntroduction":{"score":9,"maxScore":9,"error":0},"keyphraseInSubHeadings":[],"keyphraseInImageAlt":[],"keywordDensity":{"type":"best","score":9,"maxScore":9,"error":0}}},"additional":[{"keyphrase":"EGRET","score":100,"analysis":{"keyphraseInDescription":{"score":9,"maxScore":9,"error":0},"keyphraseLength":{"score":9,"maxScore":9,"error":0,"length":1},"keyphraseInIntroduction":{"score":9,"maxScore":9,"error":0},"keyphraseInImageAlt":[],"keywordDensity":{"type":"best","score":9,"maxScore":9,"error":0}}}]},"primary_term":null,"canonical_url":null,"og_title":null,"og_description":null,"og_object_type":"default","og_image_type":"default","og_image_url":null,"og_image_width":null,"og_image_height":null,"og_image_custom_url":null,"og_image_custom_fields":null,"og_video":"","og_custom_url":null,"og_article_section":null,"og_article_tags":null,"twitter_use_og":false,"twitter_card":"default","twitter_image_type":"default","twitter_image_url":null,"twitter_image_custom_url":null,"twitter_image_custom_fields":null,"twitter_title":null,"twitter_description":null,"schema":{"blockGraphs":[],"customGraphs":[],"default":{"data":{"Article":[],"Course":[],"Dataset":[],"FAQPage":[],"Movie":[],"Person":[],"Product":[],"ProductReview":[],"Car":[],"Recipe":[],"Service":[],"SoftwareApplication":[],"WebPage":[]},"graphName":"ItemPage","isEnabled":true},"graphs":[]},"schema_type":"default","schema_type_options":null,"pillar_content":false,"robots_default":true,"robots_noindex":false,"robots_noarchive":false,"robots_nosnippet":false,"robots_nofollow":false,"robots_noimageindex":false,"robots_noodp":false,"robots_notranslate":false,"robots_max_snippet":"-1","robots_max_videopreview":"-1","robots_max_imagepreview":"large","priority":null,"frequency":"default","local_seo":null,"seo_analyzer_scan_date":"2026-02-18 09:16:43","breadcrumb_settings":null,"limit_modified_date":false,"reviewed_by":"0","open_ai":null,"ai":{"faqs":[],"keyPoints":[],"titles":[],"descriptions":[],"socialPosts":{"email":[],"linkedin":[],"twitter":[],"facebook":[],"instagram":[]}},"created":"2025-05-01 09:35:17","updated":"2026-02-18 09:19:54"},"aioseo_breadcrumb":"<div class=\"aioseo-breadcrumbs\"><span class=\"aioseo-breadcrumb\">\n\t<a href=\"https:\/\/bikeyfasty.store\" title=\"Start\">Start<\/a>\n<\/span><span class=\"aioseo-breadcrumb-separator\">\u00bb<\/span><span class=\"aioseo-breadcrumb\">\n\t<a href=\"https:\/\/bikeyfasty.store\/index.php\/geschaft\/\" title=\"Gesch\u00e4ft\">Gesch\u00e4ft<\/a>\n<\/span><span class=\"aioseo-breadcrumb-separator\">\u00bb<\/span><span class=\"aioseo-breadcrumb\">\n\t<a href=\"https:\/\/bikeyfasty.store\/index.php\/produkt-kategorie\/e-lieferroller\/\" title=\"E-Lieferroller\">E-Lieferroller<\/a>\n<\/span><span class=\"aioseo-breadcrumb-separator\">\u00bb<\/span><span class=\"aioseo-breadcrumb\">\n\tEGRET GT 20 Ah17 x 46 cm 150 kg 13\u2033 Luftreifen\n<\/span><\/div>","aioseo_breadcrumb_json":[{"label":"Start","link":"https:\/\/bikeyfasty.store"},{"label":"Gesch\u00e4ft","link":"https:\/\/bikeyfasty.store\/index.php\/geschaft\/"},{"label":"E-Lieferroller","link":"https:\/\/bikeyfasty.store\/index.php\/produkt-kategorie\/e-lieferroller\/"},{"label":"EGRET GT 20 Ah17 x 46 cm 150 kg 13&#8243; Luftreifen","link":"https:\/\/bikeyfasty.store\/index.php\/produkt\/egret-gt-20-ah\/"}],"_links":{"self":[{"href":"https:\/\/bikeyfasty.store\/index.php\/wp-json\/wp\/v2\/product\/20009","targetHints":{"allow":["GET"]}}],"collection":[{"href":"https:\/\/bikeyfasty.store\/index.php\/wp-json\/wp\/v2\/product"}],"about":[{"href":"https:\/\/bikeyfasty.store\/index.php\/wp-json\/wp\/v2\/types\/product"}],"replies":[{"embeddable":true,"href":"https:\/\/bikeyfasty.store\/index.php\/wp-json\/wp\/v2\/comments?post=20009"}],"version-history":[{"count":4,"href":"https:\/\/bikeyfasty.store\/index.php\/wp-json\/wp\/v2\/product\/20009\/revisions"}],"predecessor-version":[{"id":53176,"href":"https:\/\/bikeyfasty.store\/index.php\/wp-json\/wp\/v2\/product\/20009\/revisions\/53176"}],"wp:featuredmedia":[{"embeddable":true,"href":"https:\/\/bikeyfasty.store\/index.php\/wp-json\/wp\/v2\/media\/20010"}],"wp:attachment":[{"href":"https:\/\/bikeyfasty.store\/index.php\/wp-json\/wp\/v2\/media?parent=20009"}],"wp:term":[{"taxonomy":"product_brand","embeddable":true,"href":"https:\/\/bikeyfasty.store\/index.php\/wp-json\/wp\/v2\/product_brand?post=20009"},{"taxonomy":"product_cat","embeddable":true,"href":"https:\/\/bikeyfasty.store\/index.php\/wp-json\/wp\/v2\/product_cat?post=20009"},{"taxonomy":"product_tag","embeddable":true,"href":"https:\/\/bikeyfasty.store\/index.php\/wp-json\/wp\/v2\/product_tag?post=20009"}],"curies":[{"name":"wp","href":"https:\/\/api.w.org\/{rel}","templated":true}]}}