{"id":20235,"date":"2025-04-21T15:01:09","date_gmt":"2025-04-21T13:01:09","guid":{"rendered":"https:\/\/bikeyfasty.store\/?post_type=product&#038;p=20235"},"modified":"2026-02-19T20:25:41","modified_gmt":"2026-02-19T19:25:41","slug":"miniwalker-t9-pro","status":"publish","type":"product","link":"https:\/\/bikeyfasty.store\/index.php\/produkt\/miniwalker-t9-pro\/","title":{"rendered":"Miniwalker T9 Pro 6-8 Stunden 55 km 30,4 kg"},"content":{"rendered":"<h6><strong>**Leistungsstarker Dualmotor f\u00fcr mehr Geschwindigkeit und Kontrolle<\/strong><\/h6>\n<p>Der MW-Tiger 9 Pro ist mit zwei leistungsstarken 1000W Nabenmotoren ausgestattet, die eine maximale Geschwindigkeit von bis zu\u00a0<strong>60 km\/h<\/strong>\u00a0erm\u00f6glichen. Mit der\u00a0<strong>Dualmotor-Technologie<\/strong>\u00a0beschleunigst du m\u00fchelos und kannst problemlos steile Anstiege mit einem\u00a0<strong>Steigungswinkel von 25-30\u00b0<\/strong>\u00a0bew\u00e4ltigen. Egal, ob du schnell zur Arbeit willst oder ein Offroad-Abenteuer suchst, dieser Scooter bringt dich zuverl\u00e4ssig an dein Ziel.<\/p>\n<h6><strong>**Gro\u00dfe Reichweite f\u00fcr l\u00e4ngere Fahrten<\/strong><\/h6>\n<p>Mit einer beeindruckenden Reichweite von bis zu\u00a0<strong>55 km\u00a0<\/strong>erm\u00f6glicht dir der MW-Tiger 9 Pro lange Strecken, ohne st\u00e4ndig nachladen zu m\u00fcssen. Der\u00a0<strong>52V 20Ah Li-Ionen-Akku<\/strong>\u00a0bietet nicht nur eine lang anhaltende Leistung, sondern sorgt auch f\u00fcr eine schnelle\u00a0<strong>Ladezeit<\/strong>\u00a0von\u00a0<strong>6 bis 8 Stunden<\/strong>. So ist dein Scooter immer bereit f\u00fcr die n\u00e4chste Fahrt.<\/p>\n<h6><strong>**Fortschrittliche Federung und robuste Reifen f\u00fcr maximalen Komfort<\/strong><\/h6>\n<p>Die\u00a0<strong>Vorder- und Hinterrad-Hochleistungsfederung<\/strong>\u00a0sowie die gro\u00dfen\u00a0<strong>9&#215;3,0 Zoll Vakuumreifen<\/strong>\u00a0bieten dir ein unglaublich sanftes Fahrerlebnis, egal auf welchem Terrain du dich bewegst. Ob du \u00fcber unebene Stra\u00dfen f\u00e4hrst oder holprige Pfade erkundest \u2013 diese Federung absorbiert St\u00f6\u00dfe effizient und sorgt f\u00fcr Stabilit\u00e4t und Komfort.<\/p>\n<h6><strong>**Sicherheitsfunktionen, die du vertrauen kannst<\/strong><\/h6>\n<p>Sicherheit steht beim MW-Tiger 9 Pro an erster Stelle. Der Scooter ist mit\u00a0<strong>Vorder- und Hinterrad-Scheibenbremsen<\/strong>\u00a0sowie einem\u00a0<strong>elektronischen Bremssystem<\/strong>\u00a0ausgestattet, das f\u00fcr eine kontrollierte und pr\u00e4zise Bremsleistung sorgt. Die Kombination dieser Bremstechnologien gew\u00e4hrleistet, dass du auch bei hohen Geschwindigkeiten sicher und stabil zum Stehen kommst.<\/p>\n<h6><strong>**LED-Beleuchtungssystem f\u00fcr perfekte Sichtbarkeit<\/strong><\/h6>\n<p>F\u00fcr zus\u00e4tzliche Sicherheit und Sichtbarkeit verf\u00fcgt der MW-Tiger 9 Pro \u00fcber ein vollst\u00e4ndiges\u00a0<strong>RGB-Lichtsystem<\/strong>. Neben leistungsstarken\u00a0<strong>Front- und R\u00fccklichtern<\/strong>\u00a0sorgen integrierte\u00a0<strong>Bremslichter<\/strong>\u00a0und\u00a0<strong>Blinker<\/strong>\u00a0daf\u00fcr, dass du bei Nachtfahrten und schlechten Lichtverh\u00e4ltnissen bestens sichtbar bist. Du kannst sogar die Farben der RGB-K\u00f6rperbeleuchtung \u00fcber die\u00a0<strong>App\u00a0,,<\/strong><strong>BanlanX&#8220;\u00a0<\/strong>anpassen und deinen Scooter nach deinen W\u00fcnschen personalisieren.<\/p>\n<h6><strong>**Komfortables Falten und Tragen<\/strong><\/h6>\n<p>Der MW-Tiger 9 Pro ist nicht nur leistungsstark, sondern auch praktisch. Dank seines\u00a0<strong>Faltmechanismus mit Scharnier und Verriegelung<\/strong>\u00a0l\u00e4sst sich der Scooter in Sekundenschnelle zusammenklappen und leicht transportieren. Mit einem Gewicht von\u00a0<strong>30,4 kg<\/strong>\u00a0(etwa so schwer wie ein mittelgro\u00dfer Koffer) kannst du ihn bequem tragen und \u00fcberallhin mitnehmen.<\/p>\n<h6><strong>**Innovatives NFC-Verriegelungssystem f\u00fcr maximale Sicherheit<\/strong><\/h6>\n<p>Sch\u00fctze deinen Scooter mit dem modernen\u00a0<strong>NFC-Schlie\u00dfmechanismus<\/strong>, der eine einfache und sichere M\u00f6glichkeit bietet, deinen Scooter vor Diebstahl zu sch\u00fctzen. Diese fortschrittliche Technologie stellt sicher, dass nur du deinen Scooter entriegeln und verwenden kannst.<\/p>\n<h6><strong>**Smartes LCD-Display f\u00fcr vollst\u00e4ndige Kontrolle<\/strong><\/h6>\n<p>Das integrierte\u00a0<strong>Smart-LCD-Display<\/strong>\u00a0liefert dir alle wichtigen Informationen auf einen Blick \u2013 von Geschwindigkeit und Akkustand bis hin zu verschiedenen Fahrmodi. Mit diesem intuitiven Display hast du jederzeit die volle Kontrolle \u00fcber dein Fahrerlebnis.<\/p>\n<h6><strong>Fazit: Der perfekte E-Scooter f\u00fcr Stadt und Offroad-Abenteuer<\/strong><\/h6>\n<p>Der MW-Tiger 9 Pro ist mehr als nur ein E-Scooter \u2013 er ist dein zuverl\u00e4ssiger Begleiter f\u00fcr jede Fahrt. Mit seiner Kombination aus Kraft, Reichweite, Komfort und innovativen Sicherheitsfunktionen bietet er dir alles, was du f\u00fcr deine t\u00e4glichen Fahrten oder Wochenendabenteuer ben\u00f6tigst.<\/p>\n<p>&nbsp;<\/p>\n<p><strong>Technische Daten<\/strong><\/p>\n<p><strong>Typ:<\/strong>\u00a0Urban und Offroad<\/p>\n<p><strong>Motor<\/strong>: Dual 1000W Nabenmotoren<\/p>\n<p><strong>H\u00f6chstgeschwindigkeit<\/strong>: 60 km\/h<\/p>\n<p><strong>Reichweite<\/strong>: Bis zu 55 km<\/p>\n<p><strong>Steigungswinkel<\/strong>: 25-30\u00b0<\/p>\n<p><strong>Akku<\/strong>: 52V 20Ah Li-Ion<\/p>\n<p><strong>Ladezeit<\/strong>: 6-8 Stunden<\/p>\n<p><strong>Maximale Traglast<\/strong>: 120 kg<\/p>\n<p><strong>Reifen<\/strong>: 9&#215;3,0 Zoll Vakuumreifen<\/p>\n<p><strong>Bremsen<\/strong>: Vorder- und Hinterrad-Scheibenbremsen + Elektronische Bremse<\/p>\n<p><strong>Lichtsystem<\/strong>: RGB-K\u00f6rperbeleuchtung, Front- und R\u00fccklichter, Blinker<\/p>\n<p><strong>Faltmechanismus<\/strong>: Klappbar mit Verriegelung<\/p>\n<p><strong>Wasserbest\u00e4ndigkeit<\/strong>: IP54<\/p>\n<p><strong>Display<\/strong>: Smart LCD<\/p>\n<p><strong>Sicherheitsmerkmal<\/strong>: NFC-Verriegelung<\/p>\n<p><strong>Gewicht<\/strong>: 30,4 kg<\/p>\n<p><strong>Abmessungen<\/strong>: 17.8*59.9*119.8 cm<\/p>\n","protected":false},"excerpt":{"rendered":"<p>Der MW-Tiger 9 Pro ist mit zwei leistungsstarken 1000W Nabenmotoren ausgestattet, die eine maximale Geschwindigkeit von bis zu\u00a060 km\/h\u00a0erm\u00f6glichen. Mit der\u00a0Dual<\/p>\n","protected":false},"featured_media":20236,"comment_status":"open","ping_status":"closed","template":"","meta":{"googlesitekit_rrm_CAowq6HFDA:productID":"","om_disable_all_campaigns":false,"_monsterinsights_skip_tracking":false,"_monsterinsights_sitenote_active":false,"_monsterinsights_sitenote_note":"","_monsterinsights_sitenote_category":0,"_uf_show_specific_survey":0,"_uf_disable_surveys":false},"product_brand":[],"product_cat":[20],"product_tag":[],"class_list":{"0":"post-20235","1":"product","2":"type-product","3":"status-publish","4":"has-post-thumbnail","6":"product_cat-e-lieferroller","8":"first","9":"instock","10":"sale","11":"taxable","12":"shipping-taxable","13":"purchasable","14":"product-type-simple"},"aioseo_notices":[],"aioseo_head":"\n\t\t<!-- All in One SEO Pro 4.9.5.2 - aioseo.com -->\n\t<meta name=\"description\" content=\"Der MW-Tiger 9 Pro ist mit zwei leistungsstarken 1000W Nabenmotoren ausgestattet, die eine maximale Geschwindigkeit von bis zu 60 km\/h erm\u00f6glichen. Mit der Dual\" \/>\n\t<meta name=\"robots\" content=\"max-image-preview:large\" \/>\n\t<meta name=\"google-site-verification\" content=\"leF1qydUwZM4hbNEWkzXBgJ5cwNBnthZjCldnstJI-8\" \/>\n\t<meta name=\"msvalidate.01\" content=\"F4CE253B53A296EF4B982618F43BD699\" \/>\n\t<meta name=\"yandex-verification\" content=\"2c6c63eaf20e4d4b\" \/>\n\t<link rel=\"canonical\" href=\"https:\/\/bikeyfasty.store\/index.php\/produkt\/miniwalker-t9-pro\/\" \/>\n\t<meta name=\"generator\" content=\"All in One SEO Pro (AIOSEO) 4.9.5.2\" \/>\n\t\t<meta property=\"og:locale\" content=\"de_DE\" \/>\n\t\t<meta property=\"og:site_name\" content=\"Bikey Fasty - Die bestenIhre besten Fahrr\u00e4der\" \/>\n\t\t<meta property=\"og:type\" content=\"article\" \/>\n\t\t<meta property=\"og:title\" content=\"Miniwalker T9 Pro 6-8 Stunden 55 km 30,4 kg - Bikey Fasty\" \/>\n\t\t<meta property=\"og:description\" content=\"Der MW-Tiger 9 Pro ist mit zwei leistungsstarken 1000W Nabenmotoren ausgestattet, die eine maximale Geschwindigkeit von bis zu 60 km\/h erm\u00f6glichen. Mit der Dual\" \/>\n\t\t<meta property=\"og:url\" content=\"https:\/\/bikeyfasty.store\/index.php\/produkt\/miniwalker-t9-pro\/\" \/>\n\t\t<meta property=\"og:image\" content=\"https:\/\/bikeyfasty.store\/wp-content\/uploads\/2026\/01\/unnamed-file.png\" \/>\n\t\t<meta property=\"og:image:secure_url\" content=\"https:\/\/bikeyfasty.store\/wp-content\/uploads\/2026\/01\/unnamed-file.png\" \/>\n\t\t<meta property=\"og:image:width\" content=\"616\" \/>\n\t\t<meta property=\"og:image:height\" content=\"447\" \/>\n\t\t<meta property=\"article:published_time\" content=\"2025-04-21T13:01:09+00:00\" \/>\n\t\t<meta property=\"article:modified_time\" content=\"2026-02-19T19:25:41+00:00\" \/>\n\t\t<meta name=\"twitter:card\" content=\"summary_large_image\" \/>\n\t\t<meta name=\"twitter:title\" content=\"Miniwalker T9 Pro 6-8 Stunden 55 km 30,4 kg - Bikey Fasty\" \/>\n\t\t<meta name=\"twitter:description\" content=\"Der MW-Tiger 9 Pro ist mit zwei leistungsstarken 1000W Nabenmotoren ausgestattet, die eine maximale Geschwindigkeit von bis zu 60 km\/h erm\u00f6glichen. Mit der Dual\" \/>\n\t\t<meta name=\"twitter:image\" content=\"https:\/\/bikeyfasty.store\/wp-content\/uploads\/2026\/01\/unnamed-file.png\" \/>\n\t\t<script type=\"application\/ld+json\" class=\"aioseo-schema\">\n\t\t\t{\"@context\":\"https:\\\/\\\/schema.org\",\"@graph\":[{\"@type\":\"BreadcrumbList\",\"@id\":\"https:\\\/\\\/bikeyfasty.store\\\/index.php\\\/produkt\\\/miniwalker-t9-pro\\\/#breadcrumblist\",\"itemListElement\":[{\"@type\":\"ListItem\",\"@id\":\"https:\\\/\\\/bikeyfasty.store#listItem\",\"position\":1,\"name\":\"Start\",\"item\":\"https:\\\/\\\/bikeyfasty.store\",\"nextItem\":{\"@type\":\"ListItem\",\"@id\":\"https:\\\/\\\/bikeyfasty.store\\\/index.php\\\/geschaft\\\/#listItem\",\"name\":\"Gesch\\u00e4ft\"}},{\"@type\":\"ListItem\",\"@id\":\"https:\\\/\\\/bikeyfasty.store\\\/index.php\\\/geschaft\\\/#listItem\",\"position\":2,\"name\":\"Gesch\\u00e4ft\",\"item\":\"https:\\\/\\\/bikeyfasty.store\\\/index.php\\\/geschaft\\\/\",\"nextItem\":{\"@type\":\"ListItem\",\"@id\":\"https:\\\/\\\/bikeyfasty.store\\\/index.php\\\/produkt-kategorie\\\/e-lieferroller\\\/#listItem\",\"name\":\"E-Lieferroller\"},\"previousItem\":{\"@type\":\"ListItem\",\"@id\":\"https:\\\/\\\/bikeyfasty.store#listItem\",\"name\":\"Start\"}},{\"@type\":\"ListItem\",\"@id\":\"https:\\\/\\\/bikeyfasty.store\\\/index.php\\\/produkt-kategorie\\\/e-lieferroller\\\/#listItem\",\"position\":3,\"name\":\"E-Lieferroller\",\"item\":\"https:\\\/\\\/bikeyfasty.store\\\/index.php\\\/produkt-kategorie\\\/e-lieferroller\\\/\",\"nextItem\":{\"@type\":\"ListItem\",\"@id\":\"https:\\\/\\\/bikeyfasty.store\\\/index.php\\\/produkt\\\/miniwalker-t9-pro\\\/#listItem\",\"name\":\"Miniwalker T9 Pro 6-8 Stunden 55 km 30,4 kg\"},\"previousItem\":{\"@type\":\"ListItem\",\"@id\":\"https:\\\/\\\/bikeyfasty.store\\\/index.php\\\/geschaft\\\/#listItem\",\"name\":\"Gesch\\u00e4ft\"}},{\"@type\":\"ListItem\",\"@id\":\"https:\\\/\\\/bikeyfasty.store\\\/index.php\\\/produkt\\\/miniwalker-t9-pro\\\/#listItem\",\"position\":4,\"name\":\"Miniwalker T9 Pro 6-8 Stunden 55 km 30,4 kg\",\"previousItem\":{\"@type\":\"ListItem\",\"@id\":\"https:\\\/\\\/bikeyfasty.store\\\/index.php\\\/produkt-kategorie\\\/e-lieferroller\\\/#listItem\",\"name\":\"E-Lieferroller\"}}]},{\"@type\":\"ItemPage\",\"@id\":\"https:\\\/\\\/bikeyfasty.store\\\/index.php\\\/produkt\\\/miniwalker-t9-pro\\\/#itempage\",\"url\":\"https:\\\/\\\/bikeyfasty.store\\\/index.php\\\/produkt\\\/miniwalker-t9-pro\\\/\",\"name\":\"Miniwalker T9 Pro 6-8 Stunden 55 km 30,4 kg - Bikey Fasty\",\"description\":\"Der MW-Tiger 9 Pro ist mit zwei leistungsstarken 1000W Nabenmotoren ausgestattet, die eine maximale Geschwindigkeit von bis zu 60 km\\\/h erm\\u00f6glichen. Mit der Dual\",\"inLanguage\":\"de-DE\",\"isPartOf\":{\"@id\":\"https:\\\/\\\/bikeyfasty.store\\\/#website\"},\"breadcrumb\":{\"@id\":\"https:\\\/\\\/bikeyfasty.store\\\/index.php\\\/produkt\\\/miniwalker-t9-pro\\\/#breadcrumblist\"},\"image\":{\"@type\":\"ImageObject\",\"url\":\"https:\\\/\\\/bikeyfasty.store\\\/wp-content\\\/uploads\\\/2025\\\/04\\\/uyuyfufdufdfdfd.webp\",\"@id\":\"https:\\\/\\\/bikeyfasty.store\\\/index.php\\\/produkt\\\/miniwalker-t9-pro\\\/#mainImage\",\"width\":500,\"height\":500},\"primaryImageOfPage\":{\"@id\":\"https:\\\/\\\/bikeyfasty.store\\\/index.php\\\/produkt\\\/miniwalker-t9-pro\\\/#mainImage\"},\"datePublished\":\"2025-04-21T15:01:09+02:00\",\"dateModified\":\"2026-02-19T20:25:41+01:00\"},{\"@type\":\"Organization\",\"@id\":\"https:\\\/\\\/bikeyfasty.store\\\/#organization\",\"name\":\"#Bikey Fasty BIKEY FASTY\",\"description\":\"Die bestenIhre besten Fahrr\\u00e4der Deine elektrische Mobilit\\u00e4t beginnt hier Die Zukunft der Mobilit\\u00e4t \\u2013 heute\",\"url\":\"https:\\\/\\\/bikeyfasty.store\\\/\",\"email\":\"contact@bikeyfasty.store\",\"telephone\":\"+4915510400141\",\"foundingDate\":\"1945-11-29\",\"numberOfEmployees\":{\"@type\":\"QuantitativeValue\",\"value\":27},\"logo\":{\"@type\":\"ImageObject\",\"url\":\"https:\\\/\\\/bikeyfasty.store\\\/wp-content\\\/uploads\\\/2026\\\/01\\\/unnamed-file.png\",\"@id\":\"https:\\\/\\\/bikeyfasty.store\\\/index.php\\\/produkt\\\/miniwalker-t9-pro\\\/#organizationLogo\",\"width\":616,\"height\":447,\"caption\":\"( ( ( ( (\"},\"image\":{\"@id\":\"https:\\\/\\\/bikeyfasty.store\\\/index.php\\\/produkt\\\/miniwalker-t9-pro\\\/#organizationLogo\"},\"address\":{\"@id\":\"https:\\\/\\\/bikeyfasty.store\\\/#postaladdress\",\"@type\":\"PostalAddress\",\"streetAddress\":\"Karl-Liebknecht-Str. 13,\",\"postalCode\":\"10178\",\"addressLocality\":\"Berlin\",\"addressRegion\":\"Berlin\",\"addressCountry\":\"DE\"}},{\"@type\":\"WebPage\",\"@id\":\"https:\\\/\\\/bikeyfasty.store\\\/index.php\\\/produkt\\\/miniwalker-t9-pro\\\/#webpage\",\"url\":\"https:\\\/\\\/bikeyfasty.store\\\/index.php\\\/produkt\\\/miniwalker-t9-pro\\\/\",\"name\":\"Miniwalker T9 Pro 6-8 Stunden 55 km 30,4 kg - Bikey Fasty\",\"description\":\"Der MW-Tiger 9 Pro ist mit zwei leistungsstarken 1000W Nabenmotoren ausgestattet, die eine maximale Geschwindigkeit von bis zu 60 km\\\/h erm\\u00f6glichen. Mit der Dual\",\"inLanguage\":\"de-DE\",\"isPartOf\":{\"@id\":\"https:\\\/\\\/bikeyfasty.store\\\/#website\"},\"breadcrumb\":{\"@id\":\"https:\\\/\\\/bikeyfasty.store\\\/index.php\\\/produkt\\\/miniwalker-t9-pro\\\/#breadcrumblist\"},\"image\":{\"@type\":\"ImageObject\",\"url\":\"https:\\\/\\\/bikeyfasty.store\\\/wp-content\\\/uploads\\\/2025\\\/04\\\/uyuyfufdufdfdfd.webp\",\"@id\":\"https:\\\/\\\/bikeyfasty.store\\\/index.php\\\/produkt\\\/miniwalker-t9-pro\\\/#mainImage\",\"width\":500,\"height\":500},\"primaryImageOfPage\":{\"@id\":\"https:\\\/\\\/bikeyfasty.store\\\/index.php\\\/produkt\\\/miniwalker-t9-pro\\\/#mainImage\"},\"datePublished\":\"2025-04-21T15:01:09+02:00\",\"dateModified\":\"2026-02-19T20:25:41+01:00\"},{\"@type\":\"WebSite\",\"@id\":\"https:\\\/\\\/bikeyfasty.store\\\/#website\",\"url\":\"https:\\\/\\\/bikeyfasty.store\\\/\",\"name\":\"Bikey Fasty\",\"description\":\"Die bestenIhre besten Fahrr\\u00e4der\",\"inLanguage\":\"de-DE\",\"publisher\":{\"@id\":\"https:\\\/\\\/bikeyfasty.store\\\/#organization\"}}]}\n\t\t<\/script>\n\t\t<script type=\"text\/javascript\">\n\t\t\t(function(c,l,a,r,i,t,y){\n\t\t\tc[a]=c[a]||function(){(c[a].q=c[a].q||[]).push(arguments)};t=l.createElement(r);t.async=1;\n\t\t\tt.src=\"https:\/\/www.clarity.ms\/tag\/\"+i+\"?ref=aioseo\";y=l.getElementsByTagName(r)[0];y.parentNode.insertBefore(t,y);\n\t\t})(window, document, \"clarity\", \"script\", \"v74e4fvqvw\");\n\t\t<\/script>\n\t\t<!-- All in One SEO Pro -->\r\n\t\t<title>Miniwalker T9 Pro 6-8 Stunden 55 km 30,4 kg - Bikey Fasty<\/title>\n\n","aioseo_head_json":{"title":"Miniwalker T9 Pro 6-8 Stunden 55 km 30,4 kg - Bikey Fasty","description":"Der MW-Tiger 9 Pro ist mit zwei leistungsstarken 1000W Nabenmotoren ausgestattet, die eine maximale Geschwindigkeit von bis zu 60 km\/h erm\u00f6glichen. Mit der Dual","canonical_url":"https:\/\/bikeyfasty.store\/index.php\/produkt\/miniwalker-t9-pro\/","robots":"max-image-preview:large","keywords":"","webmasterTools":{"google-site-verification":"leF1qydUwZM4hbNEWkzXBgJ5cwNBnthZjCldnstJI-8","msvalidate.01":"F4CE253B53A296EF4B982618F43BD699","yandex-verification":"2c6c63eaf20e4d4b","miscellaneous":""},"schema":{"@context":"https:\/\/schema.org","@graph":[{"@type":"BreadcrumbList","@id":"https:\/\/bikeyfasty.store\/index.php\/produkt\/miniwalker-t9-pro\/#breadcrumblist","itemListElement":[{"@type":"ListItem","@id":"https:\/\/bikeyfasty.store#listItem","position":1,"name":"Start","item":"https:\/\/bikeyfasty.store","nextItem":{"@type":"ListItem","@id":"https:\/\/bikeyfasty.store\/index.php\/geschaft\/#listItem","name":"Gesch\u00e4ft"}},{"@type":"ListItem","@id":"https:\/\/bikeyfasty.store\/index.php\/geschaft\/#listItem","position":2,"name":"Gesch\u00e4ft","item":"https:\/\/bikeyfasty.store\/index.php\/geschaft\/","nextItem":{"@type":"ListItem","@id":"https:\/\/bikeyfasty.store\/index.php\/produkt-kategorie\/e-lieferroller\/#listItem","name":"E-Lieferroller"},"previousItem":{"@type":"ListItem","@id":"https:\/\/bikeyfasty.store#listItem","name":"Start"}},{"@type":"ListItem","@id":"https:\/\/bikeyfasty.store\/index.php\/produkt-kategorie\/e-lieferroller\/#listItem","position":3,"name":"E-Lieferroller","item":"https:\/\/bikeyfasty.store\/index.php\/produkt-kategorie\/e-lieferroller\/","nextItem":{"@type":"ListItem","@id":"https:\/\/bikeyfasty.store\/index.php\/produkt\/miniwalker-t9-pro\/#listItem","name":"Miniwalker T9 Pro 6-8 Stunden 55 km 30,4 kg"},"previousItem":{"@type":"ListItem","@id":"https:\/\/bikeyfasty.store\/index.php\/geschaft\/#listItem","name":"Gesch\u00e4ft"}},{"@type":"ListItem","@id":"https:\/\/bikeyfasty.store\/index.php\/produkt\/miniwalker-t9-pro\/#listItem","position":4,"name":"Miniwalker T9 Pro 6-8 Stunden 55 km 30,4 kg","previousItem":{"@type":"ListItem","@id":"https:\/\/bikeyfasty.store\/index.php\/produkt-kategorie\/e-lieferroller\/#listItem","name":"E-Lieferroller"}}]},{"@type":"ItemPage","@id":"https:\/\/bikeyfasty.store\/index.php\/produkt\/miniwalker-t9-pro\/#itempage","url":"https:\/\/bikeyfasty.store\/index.php\/produkt\/miniwalker-t9-pro\/","name":"Miniwalker T9 Pro 6-8 Stunden 55 km 30,4 kg - Bikey Fasty","description":"Der MW-Tiger 9 Pro ist mit zwei leistungsstarken 1000W Nabenmotoren ausgestattet, die eine maximale Geschwindigkeit von bis zu 60 km\/h erm\u00f6glichen. Mit der Dual","inLanguage":"de-DE","isPartOf":{"@id":"https:\/\/bikeyfasty.store\/#website"},"breadcrumb":{"@id":"https:\/\/bikeyfasty.store\/index.php\/produkt\/miniwalker-t9-pro\/#breadcrumblist"},"image":{"@type":"ImageObject","url":"https:\/\/bikeyfasty.store\/wp-content\/uploads\/2025\/04\/uyuyfufdufdfdfd.webp","@id":"https:\/\/bikeyfasty.store\/index.php\/produkt\/miniwalker-t9-pro\/#mainImage","width":500,"height":500},"primaryImageOfPage":{"@id":"https:\/\/bikeyfasty.store\/index.php\/produkt\/miniwalker-t9-pro\/#mainImage"},"datePublished":"2025-04-21T15:01:09+02:00","dateModified":"2026-02-19T20:25:41+01:00"},{"@type":"Organization","@id":"https:\/\/bikeyfasty.store\/#organization","name":"#Bikey Fasty BIKEY FASTY","description":"Die bestenIhre besten Fahrr\u00e4der Deine elektrische Mobilit\u00e4t beginnt hier Die Zukunft der Mobilit\u00e4t \u2013 heute","url":"https:\/\/bikeyfasty.store\/","email":"contact@bikeyfasty.store","telephone":"+4915510400141","foundingDate":"1945-11-29","numberOfEmployees":{"@type":"QuantitativeValue","value":27},"logo":{"@type":"ImageObject","url":"https:\/\/bikeyfasty.store\/wp-content\/uploads\/2026\/01\/unnamed-file.png","@id":"https:\/\/bikeyfasty.store\/index.php\/produkt\/miniwalker-t9-pro\/#organizationLogo","width":616,"height":447,"caption":"( ( ( ( ("},"image":{"@id":"https:\/\/bikeyfasty.store\/index.php\/produkt\/miniwalker-t9-pro\/#organizationLogo"},"address":{"@id":"https:\/\/bikeyfasty.store\/#postaladdress","@type":"PostalAddress","streetAddress":"Karl-Liebknecht-Str. 13,","postalCode":"10178","addressLocality":"Berlin","addressRegion":"Berlin","addressCountry":"DE"}},{"@type":"WebPage","@id":"https:\/\/bikeyfasty.store\/index.php\/produkt\/miniwalker-t9-pro\/#webpage","url":"https:\/\/bikeyfasty.store\/index.php\/produkt\/miniwalker-t9-pro\/","name":"Miniwalker T9 Pro 6-8 Stunden 55 km 30,4 kg - Bikey Fasty","description":"Der MW-Tiger 9 Pro ist mit zwei leistungsstarken 1000W Nabenmotoren ausgestattet, die eine maximale Geschwindigkeit von bis zu 60 km\/h erm\u00f6glichen. Mit der Dual","inLanguage":"de-DE","isPartOf":{"@id":"https:\/\/bikeyfasty.store\/#website"},"breadcrumb":{"@id":"https:\/\/bikeyfasty.store\/index.php\/produkt\/miniwalker-t9-pro\/#breadcrumblist"},"image":{"@type":"ImageObject","url":"https:\/\/bikeyfasty.store\/wp-content\/uploads\/2025\/04\/uyuyfufdufdfdfd.webp","@id":"https:\/\/bikeyfasty.store\/index.php\/produkt\/miniwalker-t9-pro\/#mainImage","width":500,"height":500},"primaryImageOfPage":{"@id":"https:\/\/bikeyfasty.store\/index.php\/produkt\/miniwalker-t9-pro\/#mainImage"},"datePublished":"2025-04-21T15:01:09+02:00","dateModified":"2026-02-19T20:25:41+01:00"},{"@type":"WebSite","@id":"https:\/\/bikeyfasty.store\/#website","url":"https:\/\/bikeyfasty.store\/","name":"Bikey Fasty","description":"Die bestenIhre besten Fahrr\u00e4der","inLanguage":"de-DE","publisher":{"@id":"https:\/\/bikeyfasty.store\/#organization"}}]},"og:locale":"de_DE","og:site_name":"Bikey Fasty - Die bestenIhre besten Fahrr\u00e4der","og:type":"article","og:title":"Miniwalker T9 Pro 6-8 Stunden 55 km 30,4 kg - Bikey Fasty","og:description":"Der MW-Tiger 9 Pro ist mit zwei leistungsstarken 1000W Nabenmotoren ausgestattet, die eine maximale Geschwindigkeit von bis zu 60 km\/h erm\u00f6glichen. Mit der Dual","og:url":"https:\/\/bikeyfasty.store\/index.php\/produkt\/miniwalker-t9-pro\/","og:image":"https:\/\/bikeyfasty.store\/wp-content\/uploads\/2026\/01\/unnamed-file.png","og:image:secure_url":"https:\/\/bikeyfasty.store\/wp-content\/uploads\/2026\/01\/unnamed-file.png","og:image:width":616,"og:image:height":447,"article:published_time":"2025-04-21T13:01:09+00:00","article:modified_time":"2026-02-19T19:25:41+00:00","twitter:card":"summary_large_image","twitter:title":"Miniwalker T9 Pro 6-8 Stunden 55 km 30,4 kg - Bikey Fasty","twitter:description":"Der MW-Tiger 9 Pro ist mit zwei leistungsstarken 1000W Nabenmotoren ausgestattet, die eine maximale Geschwindigkeit von bis zu 60 km\/h erm\u00f6glichen. Mit der Dual","twitter:image":"https:\/\/bikeyfasty.store\/wp-content\/uploads\/2026\/01\/unnamed-file.png"},"aioseo_meta_data":{"post_id":"20235","title":null,"description":null,"keywords":null,"keyphrases":{"focus":{"keyphrase":"","score":0,"analysis":{"keyphraseInTitle":{"score":0,"maxScore":9,"error":1}}},"additional":[]},"primary_term":null,"canonical_url":null,"og_title":null,"og_description":null,"og_object_type":"default","og_image_type":"default","og_image_url":null,"og_image_width":null,"og_image_height":null,"og_image_custom_url":null,"og_image_custom_fields":null,"og_video":"","og_custom_url":null,"og_article_section":null,"og_article_tags":null,"twitter_use_og":false,"twitter_card":"default","twitter_image_type":"default","twitter_image_url":null,"twitter_image_custom_url":null,"twitter_image_custom_fields":null,"twitter_title":null,"twitter_description":null,"schema":{"blockGraphs":[],"customGraphs":[],"default":{"data":{"Article":[],"Course":[],"Dataset":[],"FAQPage":[],"Movie":[],"Person":[],"Product":[],"ProductReview":[],"Car":[],"Recipe":[],"Service":[],"SoftwareApplication":[],"WebPage":[]},"graphName":"ItemPage","isEnabled":true},"graphs":[]},"schema_type":"default","schema_type_options":null,"pillar_content":false,"robots_default":true,"robots_noindex":false,"robots_noarchive":false,"robots_nosnippet":false,"robots_nofollow":false,"robots_noimageindex":false,"robots_noodp":false,"robots_notranslate":false,"robots_max_snippet":"-1","robots_max_videopreview":"-1","robots_max_imagepreview":"large","priority":null,"frequency":"default","local_seo":null,"seo_analyzer_scan_date":"2026-02-19 19:39:51","breadcrumb_settings":null,"limit_modified_date":false,"reviewed_by":"0","open_ai":"{\"title\":{\"suggestions\":[],\"usage\":0},\"description\":{\"suggestions\":[],\"usage\":0}}","ai":{"faqs":[],"keyPoints":[],"titles":[],"descriptions":[],"socialPosts":{"email":[],"linkedin":[],"twitter":[],"facebook":[],"instagram":[]}},"created":"2025-05-01 09:37:02","updated":"2026-02-19 19:39:51"},"aioseo_breadcrumb":"<div class=\"aioseo-breadcrumbs\"><span class=\"aioseo-breadcrumb\">\n\t<a href=\"https:\/\/bikeyfasty.store\" title=\"Start\">Start<\/a>\n<\/span><span class=\"aioseo-breadcrumb-separator\">\u00bb<\/span><span class=\"aioseo-breadcrumb\">\n\t<a href=\"https:\/\/bikeyfasty.store\/index.php\/geschaft\/\" title=\"Gesch\u00e4ft\">Gesch\u00e4ft<\/a>\n<\/span><span class=\"aioseo-breadcrumb-separator\">\u00bb<\/span><span class=\"aioseo-breadcrumb\">\n\t<a href=\"https:\/\/bikeyfasty.store\/index.php\/produkt-kategorie\/e-lieferroller\/\" title=\"E-Lieferroller\">E-Lieferroller<\/a>\n<\/span><span class=\"aioseo-breadcrumb-separator\">\u00bb<\/span><span class=\"aioseo-breadcrumb\">\n\tMiniwalker T9 Pro 6-8 Stunden 55 km 30,4 kg\n<\/span><\/div>","aioseo_breadcrumb_json":[{"label":"Start","link":"https:\/\/bikeyfasty.store"},{"label":"Gesch\u00e4ft","link":"https:\/\/bikeyfasty.store\/index.php\/geschaft\/"},{"label":"E-Lieferroller","link":"https:\/\/bikeyfasty.store\/index.php\/produkt-kategorie\/e-lieferroller\/"},{"label":"Miniwalker T9 Pro 6-8 Stunden 55 km 30,4 kg","link":"https:\/\/bikeyfasty.store\/index.php\/produkt\/miniwalker-t9-pro\/"}],"_links":{"self":[{"href":"https:\/\/bikeyfasty.store\/index.php\/wp-json\/wp\/v2\/product\/20235","targetHints":{"allow":["GET"]}}],"collection":[{"href":"https:\/\/bikeyfasty.store\/index.php\/wp-json\/wp\/v2\/product"}],"about":[{"href":"https:\/\/bikeyfasty.store\/index.php\/wp-json\/wp\/v2\/types\/product"}],"replies":[{"embeddable":true,"href":"https:\/\/bikeyfasty.store\/index.php\/wp-json\/wp\/v2\/comments?post=20235"}],"version-history":[{"count":3,"href":"https:\/\/bikeyfasty.store\/index.php\/wp-json\/wp\/v2\/product\/20235\/revisions"}],"predecessor-version":[{"id":53236,"href":"https:\/\/bikeyfasty.store\/index.php\/wp-json\/wp\/v2\/product\/20235\/revisions\/53236"}],"wp:featuredmedia":[{"embeddable":true,"href":"https:\/\/bikeyfasty.store\/index.php\/wp-json\/wp\/v2\/media\/20236"}],"wp:attachment":[{"href":"https:\/\/bikeyfasty.store\/index.php\/wp-json\/wp\/v2\/media?parent=20235"}],"wp:term":[{"taxonomy":"product_brand","embeddable":true,"href":"https:\/\/bikeyfasty.store\/index.php\/wp-json\/wp\/v2\/product_brand?post=20235"},{"taxonomy":"product_cat","embeddable":true,"href":"https:\/\/bikeyfasty.store\/index.php\/wp-json\/wp\/v2\/product_cat?post=20235"},{"taxonomy":"product_tag","embeddable":true,"href":"https:\/\/bikeyfasty.store\/index.php\/wp-json\/wp\/v2\/product_tag?post=20235"}],"curies":[{"name":"wp","href":"https:\/\/api.w.org\/{rel}","templated":true}]}}