{"id":20570,"date":"2024-10-18T13:07:17","date_gmt":"2024-10-18T11:07:17","guid":{"rendered":"https:\/\/bikeyfasty.store\/?post_type=product&#038;p=20570"},"modified":"2026-01-26T22:09:28","modified_gmt":"2026-01-26T21:09:28","slug":"cube-acid-160-lightolivenorange-2025","status":"publish","type":"product","link":"https:\/\/bikeyfasty.store\/index.php\/produkt\/cube-acid-160-lightolivenorange-2025\/","title":{"rendered":"Cube Acid 160 lightolive\u00b4n\u00b4orange (2025)"},"content":{"rendered":"<div>\n<div class=\"flex justify-between items-center\">\n<h4 class=\"disclosure__title h5 mb-0\">Beschrijving<\/h4>\n<\/div>\n<\/div>\n<div class=\"disclosure__panel has-motion\">\n<div class=\"disclosure__content rte product-description\">\n<p>Hier kommt das Acid 160, das perfekte Bike f\u00fcr abenteuerlustige Youngsters auf Entdeckertour. Es ist stabil und kann selbst mit den wildesten Fahrman\u00f6vern umgehen. Souver\u00e4ne Geschwindigkeitskontrolle erlernen ambitionierte Kids mit den kraftvoll zupackenden V-Brakes mit auf kleinere H\u00e4nde abgestimmten Hebeln. Au\u00dferdem haben wir die Schaltung sorgf\u00e4ltig abgedeckt, damit die Kleinen nicht h\u00e4ngenbleiben. \u00dcbrigens sind auch die anderen Komponenten \u2013 Lenker, Sattel und Griffe \u2013 optimal auf die Anforderungen junger Fahrer angepasst. Abenteuermodus an, das n\u00e4chste Level ist schon zum Greifen nah!<\/p>\n<p>Rahmen: Genau wie unsere Erwachsenenmodelle kommt auch das Acid 160 als gelungene Kombination aus Fahrspa\u00df und reaktionsfreudigem Handling daher. Au\u00dferdem punktet es mit hoher Stabilit\u00e4t, Lenkpr\u00e4zision und Spurtreue. Daf\u00fcr garantieren unsere strengen Testverfahren. Die Kanten des leichten 6061er-Aluminiumrahmens haben wir sicherheitshalber abgerundet, um das Verletzungsrisiko zu minimieren, was aber keinerlei Abstriche in Sachen Robustheit bedeutet. Selbst die teils wilden Fahrman\u00f6ver der Kids steckt dieses Chassis locker weg!<\/p>\n<\/div>\n<\/div>\n<div>\n<div>\n<div class=\"flex justify-between items-center\">\n<h4 class=\"disclosure__title h5 mb-0\">Specificaties<\/h4>\n<\/div>\n<\/div>\n<div class=\"disclosure__panel has-motion\">\n<div class=\"disclosure__content\">\n<table class=\"specification-table\">\n<tbody>\n<tr>\n<td>Modeljahr<\/td>\n<td>2025<\/td>\n<\/tr>\n<tr>\n<td>Zielgruppe<\/td>\n<td>&#8211;<\/td>\n<\/tr>\n<tr class=\"table-head-spacing\">\n<th>Ausstattung<\/th>\n<\/tr>\n<tr>\n<td>Modell:<\/td>\n<td>Kid 160<\/td>\n<\/tr>\n<tr>\n<td>Rahmen:<\/td>\n<td>Aluminium Lite 6061<\/td>\n<\/tr>\n<tr>\n<td>Gabel:<\/td>\n<td>Rigid Alloy fork<\/td>\n<\/tr>\n<tr>\n<td>Steuersatz:<\/td>\n<td>CUBE A-Headset<\/td>\n<\/tr>\n<tr>\n<td>Vorbau:<\/td>\n<td>CUBE Aluminium Lite<\/td>\n<\/tr>\n<tr>\n<td>Lenker:<\/td>\n<td>CUBE Aluminium Lite, 450mm<\/td>\n<\/tr>\n<tr>\n<td>Griffe:<\/td>\n<td>ACID Kids<\/td>\n<\/tr>\n<tr>\n<td>Bremse:<\/td>\n<td>Alloy V-Brake<\/td>\n<\/tr>\n<tr>\n<td>Innenlager:<\/td>\n<td>Thun PASO-ML BSA<\/td>\n<\/tr>\n<tr>\n<td>Kurbelgarnitur:<\/td>\n<td>Prowheel A105, 32T, 114mm with Chainlooper<\/td>\n<\/tr>\n<tr>\n<td>Kette:<\/td>\n<td>KMC S1<\/td>\n<\/tr>\n<tr>\n<td>Felgen:<\/td>\n<td>Aluminium<\/td>\n<\/tr>\n<tr>\n<td>Nabe vorn:<\/td>\n<td>CUBE Aluminium, QR<\/td>\n<\/tr>\n<tr>\n<td>Nabe hinten:<\/td>\n<td>CUBE Aluminium<\/td>\n<\/tr>\n<tr>\n<td>Reifen:<\/td>\n<td>Meghna, 1.6<\/td>\n<\/tr>\n<tr>\n<td>Pedale:<\/td>\n<td>CUBE Kid<\/td>\n<\/tr>\n<tr>\n<td>Sattel:<\/td>\n<td>CUBE Kid<\/td>\n<\/tr>\n<tr>\n<td>Sattelst\u00fctze:<\/td>\n<td>CUBE Aluminium Lite<\/td>\n<\/tr>\n<tr>\n<td>Glocke:<\/td>\n<td>ACID<\/td>\n<\/tr>\n<tr>\n<td>Gewicht:<\/td>\n<td>7,1 kg<\/td>\n<\/tr>\n<tr>\n<td>max. Systemgewicht:<\/td>\n<td>30 kg<\/td>\n<\/tr>\n<tr>\n<td>K\u00f6rpergr\u00f6\u00dfe:<\/td>\n<td>96-111 cm<\/td>\n<\/tr>\n<tr>\n<td>Schrittl\u00e4nge:<\/td>\n<td>41-49 cm<\/td>\n<\/tr>\n<\/tbody>\n<\/table>\n<\/div>\n<\/div>\n<\/div>\n","protected":false},"excerpt":{"rendered":"<p>Modell:Kid 160<\/p>\n","protected":false},"featured_media":44534,"comment_status":"open","ping_status":"closed","template":"","meta":{"googlesitekit_rrm_CAowq6HFDA:productID":"","om_disable_all_campaigns":false,"_monsterinsights_skip_tracking":false,"_monsterinsights_sitenote_active":false,"_monsterinsights_sitenote_note":"","_monsterinsights_sitenote_category":0,"_uf_show_specific_survey":0,"_uf_disable_surveys":false},"product_brand":[],"product_cat":[715,718],"product_tag":[],"class_list":{"0":"post-20570","1":"product","2":"type-product","3":"status-publish","4":"has-post-thumbnail","6":"product_cat-jeugd-kinderfietsen","7":"product_cat-kinderfietsen","9":"first","10":"instock","11":"taxable","12":"shipping-taxable","13":"purchasable","14":"product-type-simple"},"aioseo_notices":[],"aioseo_head":"\n\t\t<!-- All in One SEO Pro 4.9.5.2 - aioseo.com -->\n\t<meta name=\"description\" content=\"Modell:Kid 160\" \/>\n\t<meta name=\"robots\" content=\"max-image-preview:large\" \/>\n\t<meta name=\"google-site-verification\" content=\"leF1qydUwZM4hbNEWkzXBgJ5cwNBnthZjCldnstJI-8\" \/>\n\t<meta name=\"msvalidate.01\" content=\"F4CE253B53A296EF4B982618F43BD699\" \/>\n\t<meta name=\"yandex-verification\" content=\"2c6c63eaf20e4d4b\" \/>\n\t<link rel=\"canonical\" href=\"https:\/\/bikeyfasty.store\/index.php\/produkt\/cube-acid-160-lightolivenorange-2025\/\" \/>\n\t<meta name=\"generator\" content=\"All in One SEO Pro (AIOSEO) 4.9.5.2\" \/>\n\t\t<meta property=\"og:locale\" content=\"de_DE\" \/>\n\t\t<meta property=\"og:site_name\" content=\"Bikey Fasty - Die bestenIhre besten Fahrr\u00e4der\" \/>\n\t\t<meta property=\"og:type\" content=\"article\" \/>\n\t\t<meta property=\"og:title\" content=\"Cube Acid 160 lightolive\u00b4n\u00b4orange (2025) - Bikey Fasty\" \/>\n\t\t<meta property=\"og:description\" content=\"Modell:Kid 160\" \/>\n\t\t<meta property=\"og:url\" content=\"https:\/\/bikeyfasty.store\/index.php\/produkt\/cube-acid-160-lightolivenorange-2025\/\" \/>\n\t\t<meta property=\"og:image\" content=\"https:\/\/bikeyfasty.store\/wp-content\/uploads\/2026\/01\/unnamed-file.png\" \/>\n\t\t<meta property=\"og:image:secure_url\" content=\"https:\/\/bikeyfasty.store\/wp-content\/uploads\/2026\/01\/unnamed-file.png\" \/>\n\t\t<meta property=\"og:image:width\" content=\"616\" \/>\n\t\t<meta property=\"og:image:height\" content=\"447\" \/>\n\t\t<meta property=\"article:published_time\" content=\"2024-10-18T11:07:17+00:00\" \/>\n\t\t<meta property=\"article:modified_time\" content=\"2026-01-26T21:09:28+00:00\" \/>\n\t\t<meta name=\"twitter:card\" content=\"summary_large_image\" \/>\n\t\t<meta name=\"twitter:title\" content=\"Cube Acid 160 lightolive\u00b4n\u00b4orange (2025) - Bikey Fasty\" \/>\n\t\t<meta name=\"twitter:description\" content=\"Modell:Kid 160\" \/>\n\t\t<meta name=\"twitter:image\" content=\"https:\/\/bikeyfasty.store\/wp-content\/uploads\/2026\/01\/unnamed-file.png\" \/>\n\t\t<script type=\"application\/ld+json\" class=\"aioseo-schema\">\n\t\t\t{\"@context\":\"https:\\\/\\\/schema.org\",\"@graph\":[{\"@type\":\"BreadcrumbList\",\"@id\":\"https:\\\/\\\/bikeyfasty.store\\\/index.php\\\/produkt\\\/cube-acid-160-lightolivenorange-2025\\\/#breadcrumblist\",\"itemListElement\":[{\"@type\":\"ListItem\",\"@id\":\"https:\\\/\\\/bikeyfasty.store#listItem\",\"position\":1,\"name\":\"Start\",\"item\":\"https:\\\/\\\/bikeyfasty.store\",\"nextItem\":{\"@type\":\"ListItem\",\"@id\":\"https:\\\/\\\/bikeyfasty.store\\\/index.php\\\/geschaft\\\/#listItem\",\"name\":\"Gesch\\u00e4ft\"}},{\"@type\":\"ListItem\",\"@id\":\"https:\\\/\\\/bikeyfasty.store\\\/index.php\\\/geschaft\\\/#listItem\",\"position\":2,\"name\":\"Gesch\\u00e4ft\",\"item\":\"https:\\\/\\\/bikeyfasty.store\\\/index.php\\\/geschaft\\\/\",\"nextItem\":{\"@type\":\"ListItem\",\"@id\":\"https:\\\/\\\/bikeyfasty.store\\\/index.php\\\/produkt-kategorie\\\/jeugd-kinderfietsen\\\/#listItem\",\"name\":\"Jeugd- &amp; Kinderfietsen\"},\"previousItem\":{\"@type\":\"ListItem\",\"@id\":\"https:\\\/\\\/bikeyfasty.store#listItem\",\"name\":\"Start\"}},{\"@type\":\"ListItem\",\"@id\":\"https:\\\/\\\/bikeyfasty.store\\\/index.php\\\/produkt-kategorie\\\/jeugd-kinderfietsen\\\/#listItem\",\"position\":3,\"name\":\"Jeugd- &amp; Kinderfietsen\",\"item\":\"https:\\\/\\\/bikeyfasty.store\\\/index.php\\\/produkt-kategorie\\\/jeugd-kinderfietsen\\\/\",\"nextItem\":{\"@type\":\"ListItem\",\"@id\":\"https:\\\/\\\/bikeyfasty.store\\\/index.php\\\/produkt-kategorie\\\/jeugd-kinderfietsen\\\/kinderfietsen\\\/#listItem\",\"name\":\"Kinderfietsen\"},\"previousItem\":{\"@type\":\"ListItem\",\"@id\":\"https:\\\/\\\/bikeyfasty.store\\\/index.php\\\/geschaft\\\/#listItem\",\"name\":\"Gesch\\u00e4ft\"}},{\"@type\":\"ListItem\",\"@id\":\"https:\\\/\\\/bikeyfasty.store\\\/index.php\\\/produkt-kategorie\\\/jeugd-kinderfietsen\\\/kinderfietsen\\\/#listItem\",\"position\":4,\"name\":\"Kinderfietsen\",\"item\":\"https:\\\/\\\/bikeyfasty.store\\\/index.php\\\/produkt-kategorie\\\/jeugd-kinderfietsen\\\/kinderfietsen\\\/\",\"nextItem\":{\"@type\":\"ListItem\",\"@id\":\"https:\\\/\\\/bikeyfasty.store\\\/index.php\\\/produkt\\\/cube-acid-160-lightolivenorange-2025\\\/#listItem\",\"name\":\"Cube Acid 160 lightolive\\u00b4n\\u00b4orange (2025)\"},\"previousItem\":{\"@type\":\"ListItem\",\"@id\":\"https:\\\/\\\/bikeyfasty.store\\\/index.php\\\/produkt-kategorie\\\/jeugd-kinderfietsen\\\/#listItem\",\"name\":\"Jeugd- &amp; Kinderfietsen\"}},{\"@type\":\"ListItem\",\"@id\":\"https:\\\/\\\/bikeyfasty.store\\\/index.php\\\/produkt\\\/cube-acid-160-lightolivenorange-2025\\\/#listItem\",\"position\":5,\"name\":\"Cube Acid 160 lightolive\\u00b4n\\u00b4orange (2025)\",\"previousItem\":{\"@type\":\"ListItem\",\"@id\":\"https:\\\/\\\/bikeyfasty.store\\\/index.php\\\/produkt-kategorie\\\/jeugd-kinderfietsen\\\/kinderfietsen\\\/#listItem\",\"name\":\"Kinderfietsen\"}}]},{\"@type\":\"ItemPage\",\"@id\":\"https:\\\/\\\/bikeyfasty.store\\\/index.php\\\/produkt\\\/cube-acid-160-lightolivenorange-2025\\\/#itempage\",\"url\":\"https:\\\/\\\/bikeyfasty.store\\\/index.php\\\/produkt\\\/cube-acid-160-lightolivenorange-2025\\\/\",\"name\":\"Cube Acid 160 lightolive\\u00b4n\\u00b4orange (2025) - Bikey Fasty\",\"description\":\"Modell:Kid 160\",\"inLanguage\":\"de-DE\",\"isPartOf\":{\"@id\":\"https:\\\/\\\/bikeyfasty.store\\\/#website\"},\"breadcrumb\":{\"@id\":\"https:\\\/\\\/bikeyfasty.store\\\/index.php\\\/produkt\\\/cube-acid-160-lightolivenorange-2025\\\/#breadcrumblist\"},\"image\":{\"@type\":\"ImageObject\",\"url\":\"https:\\\/\\\/bikeyfasty.store\\\/wp-content\\\/uploads\\\/2025\\\/10\\\/eertze.webp\",\"@id\":\"https:\\\/\\\/bikeyfasty.store\\\/index.php\\\/produkt\\\/cube-acid-160-lightolivenorange-2025\\\/#mainImage\",\"width\":900,\"height\":527},\"primaryImageOfPage\":{\"@id\":\"https:\\\/\\\/bikeyfasty.store\\\/index.php\\\/produkt\\\/cube-acid-160-lightolivenorange-2025\\\/#mainImage\"},\"datePublished\":\"2024-10-18T13:07:17+02:00\",\"dateModified\":\"2026-01-26T22:09:28+01:00\"},{\"@type\":\"Organization\",\"@id\":\"https:\\\/\\\/bikeyfasty.store\\\/#organization\",\"name\":\"#Bikey Fasty BIKEY FASTY\",\"description\":\"Die bestenIhre besten Fahrr\\u00e4der Deine elektrische Mobilit\\u00e4t beginnt hier Die Zukunft der Mobilit\\u00e4t \\u2013 heute\",\"url\":\"https:\\\/\\\/bikeyfasty.store\\\/\",\"email\":\"contact@bikeyfasty.store\",\"telephone\":\"+4915510400141\",\"foundingDate\":\"1945-11-29\",\"numberOfEmployees\":{\"@type\":\"QuantitativeValue\",\"value\":27},\"logo\":{\"@type\":\"ImageObject\",\"url\":\"https:\\\/\\\/bikeyfasty.store\\\/wp-content\\\/uploads\\\/2026\\\/01\\\/unnamed-file.png\",\"@id\":\"https:\\\/\\\/bikeyfasty.store\\\/index.php\\\/produkt\\\/cube-acid-160-lightolivenorange-2025\\\/#organizationLogo\",\"width\":616,\"height\":447,\"caption\":\"( ( ( ( (\"},\"image\":{\"@id\":\"https:\\\/\\\/bikeyfasty.store\\\/index.php\\\/produkt\\\/cube-acid-160-lightolivenorange-2025\\\/#organizationLogo\"},\"address\":{\"@id\":\"https:\\\/\\\/bikeyfasty.store\\\/#postaladdress\",\"@type\":\"PostalAddress\",\"streetAddress\":\"Karl-Liebknecht-Str. 13,\",\"postalCode\":\"10178\",\"addressLocality\":\"Berlin\",\"addressRegion\":\"Berlin\",\"addressCountry\":\"DE\"}},{\"@type\":\"WebPage\",\"@id\":\"https:\\\/\\\/bikeyfasty.store\\\/index.php\\\/produkt\\\/cube-acid-160-lightolivenorange-2025\\\/#webpage\",\"url\":\"https:\\\/\\\/bikeyfasty.store\\\/index.php\\\/produkt\\\/cube-acid-160-lightolivenorange-2025\\\/\",\"name\":\"Cube Acid 160 lightolive\\u00b4n\\u00b4orange (2025) - Bikey Fasty\",\"description\":\"Modell:Kid 160\",\"inLanguage\":\"de-DE\",\"isPartOf\":{\"@id\":\"https:\\\/\\\/bikeyfasty.store\\\/#website\"},\"breadcrumb\":{\"@id\":\"https:\\\/\\\/bikeyfasty.store\\\/index.php\\\/produkt\\\/cube-acid-160-lightolivenorange-2025\\\/#breadcrumblist\"},\"image\":{\"@type\":\"ImageObject\",\"url\":\"https:\\\/\\\/bikeyfasty.store\\\/wp-content\\\/uploads\\\/2025\\\/10\\\/eertze.webp\",\"@id\":\"https:\\\/\\\/bikeyfasty.store\\\/index.php\\\/produkt\\\/cube-acid-160-lightolivenorange-2025\\\/#mainImage\",\"width\":900,\"height\":527},\"primaryImageOfPage\":{\"@id\":\"https:\\\/\\\/bikeyfasty.store\\\/index.php\\\/produkt\\\/cube-acid-160-lightolivenorange-2025\\\/#mainImage\"},\"datePublished\":\"2024-10-18T13:07:17+02:00\",\"dateModified\":\"2026-01-26T22:09:28+01:00\"},{\"@type\":\"WebSite\",\"@id\":\"https:\\\/\\\/bikeyfasty.store\\\/#website\",\"url\":\"https:\\\/\\\/bikeyfasty.store\\\/\",\"name\":\"Bikey Fasty\",\"description\":\"Die bestenIhre besten Fahrr\\u00e4der\",\"inLanguage\":\"de-DE\",\"publisher\":{\"@id\":\"https:\\\/\\\/bikeyfasty.store\\\/#organization\"}}]}\n\t\t<\/script>\n\t\t<script type=\"text\/javascript\">\n\t\t\t(function(c,l,a,r,i,t,y){\n\t\t\tc[a]=c[a]||function(){(c[a].q=c[a].q||[]).push(arguments)};t=l.createElement(r);t.async=1;\n\t\t\tt.src=\"https:\/\/www.clarity.ms\/tag\/\"+i+\"?ref=aioseo\";y=l.getElementsByTagName(r)[0];y.parentNode.insertBefore(t,y);\n\t\t})(window, document, \"clarity\", \"script\", \"v74e4fvqvw\");\n\t\t<\/script>\n\t\t<!-- All in One SEO Pro -->\r\n\t\t<title>Cube Acid 160 lightolive\u00b4n\u00b4orange (2025) - Bikey Fasty<\/title>\n\n","aioseo_head_json":{"title":"Cube Acid 160 lightolive\u00b4n\u00b4orange (2025) - Bikey Fasty","description":"Modell:Kid 160","canonical_url":"https:\/\/bikeyfasty.store\/index.php\/produkt\/cube-acid-160-lightolivenorange-2025\/","robots":"max-image-preview:large","keywords":"","webmasterTools":{"google-site-verification":"leF1qydUwZM4hbNEWkzXBgJ5cwNBnthZjCldnstJI-8","msvalidate.01":"F4CE253B53A296EF4B982618F43BD699","yandex-verification":"2c6c63eaf20e4d4b","miscellaneous":""},"schema":{"@context":"https:\/\/schema.org","@graph":[{"@type":"BreadcrumbList","@id":"https:\/\/bikeyfasty.store\/index.php\/produkt\/cube-acid-160-lightolivenorange-2025\/#breadcrumblist","itemListElement":[{"@type":"ListItem","@id":"https:\/\/bikeyfasty.store#listItem","position":1,"name":"Start","item":"https:\/\/bikeyfasty.store","nextItem":{"@type":"ListItem","@id":"https:\/\/bikeyfasty.store\/index.php\/geschaft\/#listItem","name":"Gesch\u00e4ft"}},{"@type":"ListItem","@id":"https:\/\/bikeyfasty.store\/index.php\/geschaft\/#listItem","position":2,"name":"Gesch\u00e4ft","item":"https:\/\/bikeyfasty.store\/index.php\/geschaft\/","nextItem":{"@type":"ListItem","@id":"https:\/\/bikeyfasty.store\/index.php\/produkt-kategorie\/jeugd-kinderfietsen\/#listItem","name":"Jeugd- &amp; Kinderfietsen"},"previousItem":{"@type":"ListItem","@id":"https:\/\/bikeyfasty.store#listItem","name":"Start"}},{"@type":"ListItem","@id":"https:\/\/bikeyfasty.store\/index.php\/produkt-kategorie\/jeugd-kinderfietsen\/#listItem","position":3,"name":"Jeugd- &amp; Kinderfietsen","item":"https:\/\/bikeyfasty.store\/index.php\/produkt-kategorie\/jeugd-kinderfietsen\/","nextItem":{"@type":"ListItem","@id":"https:\/\/bikeyfasty.store\/index.php\/produkt-kategorie\/jeugd-kinderfietsen\/kinderfietsen\/#listItem","name":"Kinderfietsen"},"previousItem":{"@type":"ListItem","@id":"https:\/\/bikeyfasty.store\/index.php\/geschaft\/#listItem","name":"Gesch\u00e4ft"}},{"@type":"ListItem","@id":"https:\/\/bikeyfasty.store\/index.php\/produkt-kategorie\/jeugd-kinderfietsen\/kinderfietsen\/#listItem","position":4,"name":"Kinderfietsen","item":"https:\/\/bikeyfasty.store\/index.php\/produkt-kategorie\/jeugd-kinderfietsen\/kinderfietsen\/","nextItem":{"@type":"ListItem","@id":"https:\/\/bikeyfasty.store\/index.php\/produkt\/cube-acid-160-lightolivenorange-2025\/#listItem","name":"Cube Acid 160 lightolive\u00b4n\u00b4orange (2025)"},"previousItem":{"@type":"ListItem","@id":"https:\/\/bikeyfasty.store\/index.php\/produkt-kategorie\/jeugd-kinderfietsen\/#listItem","name":"Jeugd- &amp; Kinderfietsen"}},{"@type":"ListItem","@id":"https:\/\/bikeyfasty.store\/index.php\/produkt\/cube-acid-160-lightolivenorange-2025\/#listItem","position":5,"name":"Cube Acid 160 lightolive\u00b4n\u00b4orange (2025)","previousItem":{"@type":"ListItem","@id":"https:\/\/bikeyfasty.store\/index.php\/produkt-kategorie\/jeugd-kinderfietsen\/kinderfietsen\/#listItem","name":"Kinderfietsen"}}]},{"@type":"ItemPage","@id":"https:\/\/bikeyfasty.store\/index.php\/produkt\/cube-acid-160-lightolivenorange-2025\/#itempage","url":"https:\/\/bikeyfasty.store\/index.php\/produkt\/cube-acid-160-lightolivenorange-2025\/","name":"Cube Acid 160 lightolive\u00b4n\u00b4orange (2025) - Bikey Fasty","description":"Modell:Kid 160","inLanguage":"de-DE","isPartOf":{"@id":"https:\/\/bikeyfasty.store\/#website"},"breadcrumb":{"@id":"https:\/\/bikeyfasty.store\/index.php\/produkt\/cube-acid-160-lightolivenorange-2025\/#breadcrumblist"},"image":{"@type":"ImageObject","url":"https:\/\/bikeyfasty.store\/wp-content\/uploads\/2025\/10\/eertze.webp","@id":"https:\/\/bikeyfasty.store\/index.php\/produkt\/cube-acid-160-lightolivenorange-2025\/#mainImage","width":900,"height":527},"primaryImageOfPage":{"@id":"https:\/\/bikeyfasty.store\/index.php\/produkt\/cube-acid-160-lightolivenorange-2025\/#mainImage"},"datePublished":"2024-10-18T13:07:17+02:00","dateModified":"2026-01-26T22:09:28+01:00"},{"@type":"Organization","@id":"https:\/\/bikeyfasty.store\/#organization","name":"#Bikey Fasty BIKEY FASTY","description":"Die bestenIhre besten Fahrr\u00e4der Deine elektrische Mobilit\u00e4t beginnt hier Die Zukunft der Mobilit\u00e4t \u2013 heute","url":"https:\/\/bikeyfasty.store\/","email":"contact@bikeyfasty.store","telephone":"+4915510400141","foundingDate":"1945-11-29","numberOfEmployees":{"@type":"QuantitativeValue","value":27},"logo":{"@type":"ImageObject","url":"https:\/\/bikeyfasty.store\/wp-content\/uploads\/2026\/01\/unnamed-file.png","@id":"https:\/\/bikeyfasty.store\/index.php\/produkt\/cube-acid-160-lightolivenorange-2025\/#organizationLogo","width":616,"height":447,"caption":"( ( ( ( ("},"image":{"@id":"https:\/\/bikeyfasty.store\/index.php\/produkt\/cube-acid-160-lightolivenorange-2025\/#organizationLogo"},"address":{"@id":"https:\/\/bikeyfasty.store\/#postaladdress","@type":"PostalAddress","streetAddress":"Karl-Liebknecht-Str. 13,","postalCode":"10178","addressLocality":"Berlin","addressRegion":"Berlin","addressCountry":"DE"}},{"@type":"WebPage","@id":"https:\/\/bikeyfasty.store\/index.php\/produkt\/cube-acid-160-lightolivenorange-2025\/#webpage","url":"https:\/\/bikeyfasty.store\/index.php\/produkt\/cube-acid-160-lightolivenorange-2025\/","name":"Cube Acid 160 lightolive\u00b4n\u00b4orange (2025) - Bikey Fasty","description":"Modell:Kid 160","inLanguage":"de-DE","isPartOf":{"@id":"https:\/\/bikeyfasty.store\/#website"},"breadcrumb":{"@id":"https:\/\/bikeyfasty.store\/index.php\/produkt\/cube-acid-160-lightolivenorange-2025\/#breadcrumblist"},"image":{"@type":"ImageObject","url":"https:\/\/bikeyfasty.store\/wp-content\/uploads\/2025\/10\/eertze.webp","@id":"https:\/\/bikeyfasty.store\/index.php\/produkt\/cube-acid-160-lightolivenorange-2025\/#mainImage","width":900,"height":527},"primaryImageOfPage":{"@id":"https:\/\/bikeyfasty.store\/index.php\/produkt\/cube-acid-160-lightolivenorange-2025\/#mainImage"},"datePublished":"2024-10-18T13:07:17+02:00","dateModified":"2026-01-26T22:09:28+01:00"},{"@type":"WebSite","@id":"https:\/\/bikeyfasty.store\/#website","url":"https:\/\/bikeyfasty.store\/","name":"Bikey Fasty","description":"Die bestenIhre besten Fahrr\u00e4der","inLanguage":"de-DE","publisher":{"@id":"https:\/\/bikeyfasty.store\/#organization"}}]},"og:locale":"de_DE","og:site_name":"Bikey Fasty - Die bestenIhre besten Fahrr\u00e4der","og:type":"article","og:title":"Cube Acid 160 lightolive\u00b4n\u00b4orange (2025) - Bikey Fasty","og:description":"Modell:Kid 160","og:url":"https:\/\/bikeyfasty.store\/index.php\/produkt\/cube-acid-160-lightolivenorange-2025\/","og:image":"https:\/\/bikeyfasty.store\/wp-content\/uploads\/2026\/01\/unnamed-file.png","og:image:secure_url":"https:\/\/bikeyfasty.store\/wp-content\/uploads\/2026\/01\/unnamed-file.png","og:image:width":616,"og:image:height":447,"article:published_time":"2024-10-18T11:07:17+00:00","article:modified_time":"2026-01-26T21:09:28+00:00","twitter:card":"summary_large_image","twitter:title":"Cube Acid 160 lightolive\u00b4n\u00b4orange (2025) - Bikey Fasty","twitter:description":"Modell:Kid 160","twitter:image":"https:\/\/bikeyfasty.store\/wp-content\/uploads\/2026\/01\/unnamed-file.png"},"aioseo_meta_data":{"post_id":"20570","title":null,"description":null,"keywords":null,"keyphrases":{"focus":{"keyphrase":"","score":0,"analysis":{"keyphraseInTitle":{"score":0,"maxScore":9,"error":1}}},"additional":[]},"primary_term":null,"canonical_url":null,"og_title":null,"og_description":null,"og_object_type":"default","og_image_type":"default","og_image_url":null,"og_image_width":null,"og_image_height":null,"og_image_custom_url":null,"og_image_custom_fields":null,"og_video":"","og_custom_url":null,"og_article_section":null,"og_article_tags":null,"twitter_use_og":false,"twitter_card":"default","twitter_image_type":"default","twitter_image_url":null,"twitter_image_custom_url":null,"twitter_image_custom_fields":null,"twitter_title":null,"twitter_description":null,"schema":{"blockGraphs":[],"customGraphs":[],"default":{"data":{"Article":[],"Course":[],"Dataset":[],"FAQPage":[],"Movie":[],"Person":[],"Product":[],"ProductReview":[],"Car":[],"Recipe":[],"Service":[],"SoftwareApplication":[],"WebPage":[]},"graphName":"ItemPage","isEnabled":true},"graphs":[]},"schema_type":"default","schema_type_options":null,"pillar_content":false,"robots_default":true,"robots_noindex":false,"robots_noarchive":false,"robots_nosnippet":false,"robots_nofollow":false,"robots_noimageindex":false,"robots_noodp":false,"robots_notranslate":false,"robots_max_snippet":"-1","robots_max_videopreview":"-1","robots_max_imagepreview":"large","priority":null,"frequency":"default","local_seo":null,"seo_analyzer_scan_date":"2026-01-26 21:09:52","breadcrumb_settings":null,"limit_modified_date":false,"reviewed_by":"0","open_ai":null,"ai":{"faqs":[],"keyPoints":[],"titles":[],"descriptions":[],"socialPosts":{"email":[],"linkedin":[],"twitter":[],"facebook":[],"instagram":[]}},"created":"2025-10-15 07:05:15","updated":"2026-01-26 21:12:00"},"aioseo_breadcrumb":"<div class=\"aioseo-breadcrumbs\"><span class=\"aioseo-breadcrumb\">\n\t<a href=\"https:\/\/bikeyfasty.store\" title=\"Start\">Start<\/a>\n<\/span><span class=\"aioseo-breadcrumb-separator\">\u00bb<\/span><span class=\"aioseo-breadcrumb\">\n\t<a href=\"https:\/\/bikeyfasty.store\/index.php\/geschaft\/\" title=\"Gesch\u00e4ft\">Gesch\u00e4ft<\/a>\n<\/span><span class=\"aioseo-breadcrumb-separator\">\u00bb<\/span><span class=\"aioseo-breadcrumb\">\n\t<a href=\"https:\/\/bikeyfasty.store\/index.php\/produkt-kategorie\/jeugd-kinderfietsen\/\" title=\"Jeugd- &amp; Kinderfietsen\">Jeugd- &amp; Kinderfietsen<\/a>\n<\/span><span class=\"aioseo-breadcrumb-separator\">\u00bb<\/span><span class=\"aioseo-breadcrumb\">\n\t<a href=\"https:\/\/bikeyfasty.store\/index.php\/produkt-kategorie\/jeugd-kinderfietsen\/kinderfietsen\/\" title=\"Kinderfietsen\">Kinderfietsen<\/a>\n<\/span><span class=\"aioseo-breadcrumb-separator\">\u00bb<\/span><span class=\"aioseo-breadcrumb\">\n\tCube Acid 160 lightolive\u00b4n\u00b4orange (2025)\n<\/span><\/div>","aioseo_breadcrumb_json":[{"label":"Start","link":"https:\/\/bikeyfasty.store"},{"label":"Gesch\u00e4ft","link":"https:\/\/bikeyfasty.store\/index.php\/geschaft\/"},{"label":"Jeugd- &amp; Kinderfietsen","link":"https:\/\/bikeyfasty.store\/index.php\/produkt-kategorie\/jeugd-kinderfietsen\/"},{"label":"Kinderfietsen","link":"https:\/\/bikeyfasty.store\/index.php\/produkt-kategorie\/jeugd-kinderfietsen\/kinderfietsen\/"},{"label":"Cube Acid 160 lightolive\u00b4n\u00b4orange (2025)","link":"https:\/\/bikeyfasty.store\/index.php\/produkt\/cube-acid-160-lightolivenorange-2025\/"}],"_links":{"self":[{"href":"https:\/\/bikeyfasty.store\/index.php\/wp-json\/wp\/v2\/product\/20570","targetHints":{"allow":["GET"]}}],"collection":[{"href":"https:\/\/bikeyfasty.store\/index.php\/wp-json\/wp\/v2\/product"}],"about":[{"href":"https:\/\/bikeyfasty.store\/index.php\/wp-json\/wp\/v2\/types\/product"}],"replies":[{"embeddable":true,"href":"https:\/\/bikeyfasty.store\/index.php\/wp-json\/wp\/v2\/comments?post=20570"}],"version-history":[{"count":3,"href":"https:\/\/bikeyfasty.store\/index.php\/wp-json\/wp\/v2\/product\/20570\/revisions"}],"predecessor-version":[{"id":52079,"href":"https:\/\/bikeyfasty.store\/index.php\/wp-json\/wp\/v2\/product\/20570\/revisions\/52079"}],"wp:featuredmedia":[{"embeddable":true,"href":"https:\/\/bikeyfasty.store\/index.php\/wp-json\/wp\/v2\/media\/44534"}],"wp:attachment":[{"href":"https:\/\/bikeyfasty.store\/index.php\/wp-json\/wp\/v2\/media?parent=20570"}],"wp:term":[{"taxonomy":"product_brand","embeddable":true,"href":"https:\/\/bikeyfasty.store\/index.php\/wp-json\/wp\/v2\/product_brand?post=20570"},{"taxonomy":"product_cat","embeddable":true,"href":"https:\/\/bikeyfasty.store\/index.php\/wp-json\/wp\/v2\/product_cat?post=20570"},{"taxonomy":"product_tag","embeddable":true,"href":"https:\/\/bikeyfasty.store\/index.php\/wp-json\/wp\/v2\/product_tag?post=20570"}],"curies":[{"name":"wp","href":"https:\/\/api.w.org\/{rel}","templated":true}]}}