{"id":44246,"date":"2024-09-21T00:45:55","date_gmt":"2024-09-20T22:45:55","guid":{"rendered":"https:\/\/bikeyfasty.store\/?post_type=product&#038;p=44246"},"modified":"2026-01-26T21:36:30","modified_gmt":"2026-01-26T20:36:30","slug":"allegro-city-plus-acl02-salmon-2023","status":"publish","type":"product","link":"https:\/\/bikeyfasty.store\/index.php\/produkt\/allegro-city-plus-acl02-salmon-2023\/","title":{"rendered":"Allegro City Plus ACL\u00b002 Salmon 2023"},"content":{"rendered":"<div>\n<div class=\"flex justify-between items-center\">\n<h4 class=\"disclosure__title h5 mb-0\">Beschrijving<\/h4>\n<\/div>\n<\/div>\n<div class=\"disclosure__panel has-motion\">\n<div class=\"disclosure__content rte product-description\">\n<p>Das ALLEGRO City Plus ACL\u00b002 in der Farbe Salmon ist das ultimative e-Citybike f\u00fcr alle, die umweltfreundlich und komfortabel in der Stadt unterwegs sein wollen.<\/p>\n<p>Mit seinem kraftvollen Elektroantrieb und dem stabilen Aluminiumrahmen bietet dieses E-Bike eine m\u00fchelose und angenehme Fahrt.<\/p>\n<p>Der auff\u00e4llige Rote-Farbton verleiht dem Rad eine frische und lebendige Optik, die garantiert die Blicke auf sich zieht.<\/p>\n<p>Ausgestattet mit einer zuverl\u00e4ssigen Gangschaltung, einem bequemen Sattel und zuverl\u00e4ssigen Bremsen ist das ALLEGRO City Plus ACL\u00b002 die perfekte Wahl f\u00fcr Pendler und Stadtfahrten.<\/p>\n<p>Mit diesem City E-Bike bequem t\u00e4gliche Besorgungen erledigen und gleichzeitig etwas Gutes f\u00fcr die Umwelt tun.<\/p>\n<p><strong>Let op:\u00a0<\/strong>Vanwege het huidige tekort aan onderdelen worden sommige fietsen met verschillende kenmerken geleverd. De alternatieve componenten zijn echter van dezelfde kwaliteit als de originele componenten.<\/p>\n<\/div>\n<div>\n<div class=\"flex justify-between items-center\">\n<h4 class=\"disclosure__title h5 mb-0\">Specificaties<\/h4>\n<\/div>\n<\/div>\n<div class=\"disclosure__panel has-motion\">\n<div class=\"disclosure__content\">\n<table class=\"specification-table\">\n<tbody>\n<tr>\n<td>Modeljahr<\/td>\n<td>2023<\/td>\n<\/tr>\n<tr>\n<td>Zielgruppe<\/td>\n<td>Damen, Herren<\/td>\n<\/tr>\n<tr class=\"table-head-spacing\">\n<th>Ausstattung<\/th>\n<\/tr>\n<tr>\n<td>Akku:<\/td>\n<td>Bosch PowerPack, 400 Wh<\/td>\n<\/tr>\n<tr>\n<td>Bremsen hinten:<\/td>\n<td>Shimano BR-MT200, 180mm Bremsscheibe<\/td>\n<\/tr>\n<tr>\n<td>Bremsen vorne:<\/td>\n<td>Shimano BR-MT200, 180mm Bremsscheibe<\/td>\n<\/tr>\n<tr>\n<td>Display:<\/td>\n<td>Bosch Purion<\/td>\n<\/tr>\n<tr>\n<td>Drehmoment:<\/td>\n<td>40 Nm<\/td>\n<\/tr>\n<tr>\n<td>Federgabel:<\/td>\n<td>Ja<\/td>\n<\/tr>\n<tr>\n<td>Federweg:<\/td>\n<td>63mm<\/td>\n<\/tr>\n<tr>\n<td>Gabeldetails:<\/td>\n<td>Suntour NEX-DS 700C<\/td>\n<\/tr>\n<tr>\n<td>Geschwindigkeit:<\/td>\n<td>bis 25km\/h<\/td>\n<\/tr>\n<tr>\n<td>Gewicht:<\/td>\n<td>23,5 kg<\/td>\n<\/tr>\n<tr>\n<td>G\u00e4nge:<\/td>\n<td>7<\/td>\n<\/tr>\n<tr>\n<td>Kette:<\/td>\n<td>KMC X8-93, 126 Glieder<\/td>\n<\/tr>\n<tr>\n<td>Ladekapazit\u00e4t:<\/td>\n<td>400 Wh<\/td>\n<\/tr>\n<tr>\n<td>Motor:<\/td>\n<td>Bosch Active<\/td>\n<\/tr>\n<tr>\n<td>Motorleistung:<\/td>\n<td>250 Watt<\/td>\n<\/tr>\n<tr>\n<td>Radgr\u00f6sse:<\/td>\n<td>28zoll<\/td>\n<\/tr>\n<tr>\n<td>Rahmenmaterial:<\/td>\n<td>Aluminium<\/td>\n<\/tr>\n<tr>\n<td>Rahmentyp:<\/td>\n<td>Tiefeinsteiger<\/td>\n<\/tr>\n<tr>\n<td>Reifen hinten:<\/td>\n<td>Schwalbe Big Apple K-Guard 50-622<\/td>\n<\/tr>\n<tr>\n<td>Reifen vorne:<\/td>\n<td>Schwalbe Big Apple K-Guard 50-622<\/td>\n<\/tr>\n<tr>\n<td>Sattel:<\/td>\n<td>Selle Royal Wave RVS<\/td>\n<\/tr>\n<tr>\n<td>Sattelst\u00fctze:<\/td>\n<td>Promax SP-252. 31,6mm<\/td>\n<\/tr>\n<tr>\n<td>Schaltung:<\/td>\n<td>7<\/td>\n<\/tr>\n<tr>\n<td>Schaltwerk:<\/td>\n<td>Shimano Tourney RD-TY500-7<\/td>\n<\/tr>\n<tr>\n<td>Zul\u00e4ssiges Gewicht:<\/td>\n<td>130 kg<\/td>\n<\/tr>\n<\/tbody>\n<\/table>\n<\/div>\n<\/div>\n<\/div>\n","protected":false},"excerpt":{"rendered":"<p>Shimano BR-MT200, 180mm Bremsscheibe<\/p>\n","protected":false},"featured_media":44247,"comment_status":"open","ping_status":"closed","template":"","meta":{"googlesitekit_rrm_CAowq6HFDA:productID":"","om_disable_all_campaigns":false,"_monsterinsights_skip_tracking":false,"_monsterinsights_sitenote_active":false,"_monsterinsights_sitenote_note":"","_monsterinsights_sitenote_category":0,"_uf_show_specific_survey":0,"_uf_disable_surveys":false},"product_brand":[],"product_cat":[624,623],"product_tag":[],"class_list":{"0":"post-44246","1":"product","2":"type-product","3":"status-publish","4":"has-post-thumbnail","6":"product_cat-elektrische-stadsfietsen","7":"product_cat-elektrofahrrader","9":"first","10":"instock","11":"sale","12":"taxable","13":"shipping-taxable","14":"purchasable","15":"product-type-simple"},"aioseo_notices":[],"aioseo_head":"\n\t\t<!-- All in One SEO Pro 4.9.5.2 - aioseo.com -->\n\t<meta name=\"description\" content=\"Shimano BR-MT200, 180mm Bremsscheibe\" \/>\n\t<meta name=\"robots\" content=\"max-image-preview:large\" \/>\n\t<meta name=\"google-site-verification\" content=\"leF1qydUwZM4hbNEWkzXBgJ5cwNBnthZjCldnstJI-8\" \/>\n\t<meta name=\"msvalidate.01\" content=\"F4CE253B53A296EF4B982618F43BD699\" \/>\n\t<meta name=\"yandex-verification\" content=\"2c6c63eaf20e4d4b\" \/>\n\t<link rel=\"canonical\" href=\"https:\/\/bikeyfasty.store\/index.php\/produkt\/allegro-city-plus-acl02-salmon-2023\/\" \/>\n\t<meta name=\"generator\" content=\"All in One SEO Pro (AIOSEO) 4.9.5.2\" \/>\n\t\t<meta property=\"og:locale\" content=\"de_DE\" \/>\n\t\t<meta property=\"og:site_name\" content=\"Bikey Fasty - Die bestenIhre besten Fahrr\u00e4der\" \/>\n\t\t<meta property=\"og:type\" content=\"article\" \/>\n\t\t<meta property=\"og:title\" content=\"Allegro City Plus ACL\u00b002 Salmon 2023 - Bikey Fasty\" \/>\n\t\t<meta property=\"og:description\" content=\"Shimano BR-MT200, 180mm Bremsscheibe\" \/>\n\t\t<meta property=\"og:url\" content=\"https:\/\/bikeyfasty.store\/index.php\/produkt\/allegro-city-plus-acl02-salmon-2023\/\" \/>\n\t\t<meta property=\"og:image\" content=\"https:\/\/bikeyfasty.store\/wp-content\/uploads\/2026\/01\/unnamed-file.png\" \/>\n\t\t<meta property=\"og:image:secure_url\" content=\"https:\/\/bikeyfasty.store\/wp-content\/uploads\/2026\/01\/unnamed-file.png\" \/>\n\t\t<meta property=\"og:image:width\" content=\"616\" \/>\n\t\t<meta property=\"og:image:height\" content=\"447\" \/>\n\t\t<meta property=\"article:published_time\" content=\"2024-09-20T22:45:55+00:00\" \/>\n\t\t<meta property=\"article:modified_time\" content=\"2026-01-26T20:36:30+00:00\" \/>\n\t\t<meta name=\"twitter:card\" content=\"summary_large_image\" \/>\n\t\t<meta name=\"twitter:title\" content=\"Allegro City Plus ACL\u00b002 Salmon 2023 - Bikey Fasty\" \/>\n\t\t<meta name=\"twitter:description\" content=\"Shimano BR-MT200, 180mm Bremsscheibe\" \/>\n\t\t<meta name=\"twitter:image\" content=\"https:\/\/bikeyfasty.store\/wp-content\/uploads\/2026\/01\/unnamed-file.png\" \/>\n\t\t<script type=\"application\/ld+json\" class=\"aioseo-schema\">\n\t\t\t{\"@context\":\"https:\\\/\\\/schema.org\",\"@graph\":[{\"@type\":\"BreadcrumbList\",\"@id\":\"https:\\\/\\\/bikeyfasty.store\\\/index.php\\\/produkt\\\/allegro-city-plus-acl02-salmon-2023\\\/#breadcrumblist\",\"itemListElement\":[{\"@type\":\"ListItem\",\"@id\":\"https:\\\/\\\/bikeyfasty.store#listItem\",\"position\":1,\"name\":\"Start\",\"item\":\"https:\\\/\\\/bikeyfasty.store\",\"nextItem\":{\"@type\":\"ListItem\",\"@id\":\"https:\\\/\\\/bikeyfasty.store\\\/index.php\\\/geschaft\\\/#listItem\",\"name\":\"Gesch\\u00e4ft\"}},{\"@type\":\"ListItem\",\"@id\":\"https:\\\/\\\/bikeyfasty.store\\\/index.php\\\/geschaft\\\/#listItem\",\"position\":2,\"name\":\"Gesch\\u00e4ft\",\"item\":\"https:\\\/\\\/bikeyfasty.store\\\/index.php\\\/geschaft\\\/\",\"nextItem\":{\"@type\":\"ListItem\",\"@id\":\"https:\\\/\\\/bikeyfasty.store\\\/index.php\\\/produkt-kategorie\\\/elektrofahrrader\\\/#listItem\",\"name\":\"Elektrofahrr\\u00e4der\"},\"previousItem\":{\"@type\":\"ListItem\",\"@id\":\"https:\\\/\\\/bikeyfasty.store#listItem\",\"name\":\"Start\"}},{\"@type\":\"ListItem\",\"@id\":\"https:\\\/\\\/bikeyfasty.store\\\/index.php\\\/produkt-kategorie\\\/elektrofahrrader\\\/#listItem\",\"position\":3,\"name\":\"Elektrofahrr\\u00e4der\",\"item\":\"https:\\\/\\\/bikeyfasty.store\\\/index.php\\\/produkt-kategorie\\\/elektrofahrrader\\\/\",\"nextItem\":{\"@type\":\"ListItem\",\"@id\":\"https:\\\/\\\/bikeyfasty.store\\\/index.php\\\/produkt-kategorie\\\/elektrofahrrader\\\/elektrische-stadsfietsen\\\/#listItem\",\"name\":\"Elektrische stadsfietsen\"},\"previousItem\":{\"@type\":\"ListItem\",\"@id\":\"https:\\\/\\\/bikeyfasty.store\\\/index.php\\\/geschaft\\\/#listItem\",\"name\":\"Gesch\\u00e4ft\"}},{\"@type\":\"ListItem\",\"@id\":\"https:\\\/\\\/bikeyfasty.store\\\/index.php\\\/produkt-kategorie\\\/elektrofahrrader\\\/elektrische-stadsfietsen\\\/#listItem\",\"position\":4,\"name\":\"Elektrische stadsfietsen\",\"item\":\"https:\\\/\\\/bikeyfasty.store\\\/index.php\\\/produkt-kategorie\\\/elektrofahrrader\\\/elektrische-stadsfietsen\\\/\",\"nextItem\":{\"@type\":\"ListItem\",\"@id\":\"https:\\\/\\\/bikeyfasty.store\\\/index.php\\\/produkt\\\/allegro-city-plus-acl02-salmon-2023\\\/#listItem\",\"name\":\"Allegro City Plus ACL\\u00b002 Salmon 2023\"},\"previousItem\":{\"@type\":\"ListItem\",\"@id\":\"https:\\\/\\\/bikeyfasty.store\\\/index.php\\\/produkt-kategorie\\\/elektrofahrrader\\\/#listItem\",\"name\":\"Elektrofahrr\\u00e4der\"}},{\"@type\":\"ListItem\",\"@id\":\"https:\\\/\\\/bikeyfasty.store\\\/index.php\\\/produkt\\\/allegro-city-plus-acl02-salmon-2023\\\/#listItem\",\"position\":5,\"name\":\"Allegro City Plus ACL\\u00b002 Salmon 2023\",\"previousItem\":{\"@type\":\"ListItem\",\"@id\":\"https:\\\/\\\/bikeyfasty.store\\\/index.php\\\/produkt-kategorie\\\/elektrofahrrader\\\/elektrische-stadsfietsen\\\/#listItem\",\"name\":\"Elektrische stadsfietsen\"}}]},{\"@type\":\"ItemPage\",\"@id\":\"https:\\\/\\\/bikeyfasty.store\\\/index.php\\\/produkt\\\/allegro-city-plus-acl02-salmon-2023\\\/#itempage\",\"url\":\"https:\\\/\\\/bikeyfasty.store\\\/index.php\\\/produkt\\\/allegro-city-plus-acl02-salmon-2023\\\/\",\"name\":\"Allegro City Plus ACL\\u00b002 Salmon 2023 - Bikey Fasty\",\"description\":\"Shimano BR-MT200, 180mm Bremsscheibe\",\"inLanguage\":\"de-DE\",\"isPartOf\":{\"@id\":\"https:\\\/\\\/bikeyfasty.store\\\/#website\"},\"breadcrumb\":{\"@id\":\"https:\\\/\\\/bikeyfasty.store\\\/index.php\\\/produkt\\\/allegro-city-plus-acl02-salmon-2023\\\/#breadcrumblist\"},\"image\":{\"@type\":\"ImageObject\",\"url\":\"https:\\\/\\\/bikeyfasty.store\\\/wp-content\\\/uploads\\\/2025\\\/10\\\/df-1.webp\",\"@id\":\"https:\\\/\\\/bikeyfasty.store\\\/index.php\\\/produkt\\\/allegro-city-plus-acl02-salmon-2023\\\/#mainImage\",\"width\":900,\"height\":636},\"primaryImageOfPage\":{\"@id\":\"https:\\\/\\\/bikeyfasty.store\\\/index.php\\\/produkt\\\/allegro-city-plus-acl02-salmon-2023\\\/#mainImage\"},\"datePublished\":\"2024-09-21T00:45:55+02:00\",\"dateModified\":\"2026-01-26T21:36:30+01:00\"},{\"@type\":\"Organization\",\"@id\":\"https:\\\/\\\/bikeyfasty.store\\\/#organization\",\"name\":\"#Bikey Fasty BIKEY FASTY\",\"description\":\"Die bestenIhre besten Fahrr\\u00e4der Deine elektrische Mobilit\\u00e4t beginnt hier Die Zukunft der Mobilit\\u00e4t \\u2013 heute\",\"url\":\"https:\\\/\\\/bikeyfasty.store\\\/\",\"email\":\"contact@bikeyfasty.store\",\"telephone\":\"+4915510400141\",\"foundingDate\":\"1945-11-29\",\"numberOfEmployees\":{\"@type\":\"QuantitativeValue\",\"value\":27},\"logo\":{\"@type\":\"ImageObject\",\"url\":\"https:\\\/\\\/bikeyfasty.store\\\/wp-content\\\/uploads\\\/2026\\\/01\\\/unnamed-file.png\",\"@id\":\"https:\\\/\\\/bikeyfasty.store\\\/index.php\\\/produkt\\\/allegro-city-plus-acl02-salmon-2023\\\/#organizationLogo\",\"width\":616,\"height\":447,\"caption\":\"( ( ( ( (\"},\"image\":{\"@id\":\"https:\\\/\\\/bikeyfasty.store\\\/index.php\\\/produkt\\\/allegro-city-plus-acl02-salmon-2023\\\/#organizationLogo\"},\"address\":{\"@id\":\"https:\\\/\\\/bikeyfasty.store\\\/#postaladdress\",\"@type\":\"PostalAddress\",\"streetAddress\":\"Karl-Liebknecht-Str. 13,\",\"postalCode\":\"10178\",\"addressLocality\":\"Berlin\",\"addressRegion\":\"Berlin\",\"addressCountry\":\"DE\"}},{\"@type\":\"WebPage\",\"@id\":\"https:\\\/\\\/bikeyfasty.store\\\/index.php\\\/produkt\\\/allegro-city-plus-acl02-salmon-2023\\\/#webpage\",\"url\":\"https:\\\/\\\/bikeyfasty.store\\\/index.php\\\/produkt\\\/allegro-city-plus-acl02-salmon-2023\\\/\",\"name\":\"Allegro City Plus ACL\\u00b002 Salmon 2023 - Bikey Fasty\",\"description\":\"Shimano BR-MT200, 180mm Bremsscheibe\",\"inLanguage\":\"de-DE\",\"isPartOf\":{\"@id\":\"https:\\\/\\\/bikeyfasty.store\\\/#website\"},\"breadcrumb\":{\"@id\":\"https:\\\/\\\/bikeyfasty.store\\\/index.php\\\/produkt\\\/allegro-city-plus-acl02-salmon-2023\\\/#breadcrumblist\"},\"image\":{\"@type\":\"ImageObject\",\"url\":\"https:\\\/\\\/bikeyfasty.store\\\/wp-content\\\/uploads\\\/2025\\\/10\\\/df-1.webp\",\"@id\":\"https:\\\/\\\/bikeyfasty.store\\\/index.php\\\/produkt\\\/allegro-city-plus-acl02-salmon-2023\\\/#mainImage\",\"width\":900,\"height\":636},\"primaryImageOfPage\":{\"@id\":\"https:\\\/\\\/bikeyfasty.store\\\/index.php\\\/produkt\\\/allegro-city-plus-acl02-salmon-2023\\\/#mainImage\"},\"datePublished\":\"2024-09-21T00:45:55+02:00\",\"dateModified\":\"2026-01-26T21:36:30+01:00\"},{\"@type\":\"WebSite\",\"@id\":\"https:\\\/\\\/bikeyfasty.store\\\/#website\",\"url\":\"https:\\\/\\\/bikeyfasty.store\\\/\",\"name\":\"Bikey Fasty\",\"description\":\"Die bestenIhre besten Fahrr\\u00e4der\",\"inLanguage\":\"de-DE\",\"publisher\":{\"@id\":\"https:\\\/\\\/bikeyfasty.store\\\/#organization\"}}]}\n\t\t<\/script>\n\t\t<script type=\"text\/javascript\">\n\t\t\t(function(c,l,a,r,i,t,y){\n\t\t\tc[a]=c[a]||function(){(c[a].q=c[a].q||[]).push(arguments)};t=l.createElement(r);t.async=1;\n\t\t\tt.src=\"https:\/\/www.clarity.ms\/tag\/\"+i+\"?ref=aioseo\";y=l.getElementsByTagName(r)[0];y.parentNode.insertBefore(t,y);\n\t\t})(window, document, \"clarity\", \"script\", \"v74e4fvqvw\");\n\t\t<\/script>\n\t\t<!-- All in One SEO Pro -->\r\n\t\t<title>Allegro City Plus ACL\u00b002 Salmon 2023 - Bikey Fasty<\/title>\n\n","aioseo_head_json":{"title":"Allegro City Plus ACL\u00b002 Salmon 2023 - Bikey Fasty","description":"Shimano BR-MT200, 180mm Bremsscheibe","canonical_url":"https:\/\/bikeyfasty.store\/index.php\/produkt\/allegro-city-plus-acl02-salmon-2023\/","robots":"max-image-preview:large","keywords":"","webmasterTools":{"google-site-verification":"leF1qydUwZM4hbNEWkzXBgJ5cwNBnthZjCldnstJI-8","msvalidate.01":"F4CE253B53A296EF4B982618F43BD699","yandex-verification":"2c6c63eaf20e4d4b","miscellaneous":""},"schema":{"@context":"https:\/\/schema.org","@graph":[{"@type":"BreadcrumbList","@id":"https:\/\/bikeyfasty.store\/index.php\/produkt\/allegro-city-plus-acl02-salmon-2023\/#breadcrumblist","itemListElement":[{"@type":"ListItem","@id":"https:\/\/bikeyfasty.store#listItem","position":1,"name":"Start","item":"https:\/\/bikeyfasty.store","nextItem":{"@type":"ListItem","@id":"https:\/\/bikeyfasty.store\/index.php\/geschaft\/#listItem","name":"Gesch\u00e4ft"}},{"@type":"ListItem","@id":"https:\/\/bikeyfasty.store\/index.php\/geschaft\/#listItem","position":2,"name":"Gesch\u00e4ft","item":"https:\/\/bikeyfasty.store\/index.php\/geschaft\/","nextItem":{"@type":"ListItem","@id":"https:\/\/bikeyfasty.store\/index.php\/produkt-kategorie\/elektrofahrrader\/#listItem","name":"Elektrofahrr\u00e4der"},"previousItem":{"@type":"ListItem","@id":"https:\/\/bikeyfasty.store#listItem","name":"Start"}},{"@type":"ListItem","@id":"https:\/\/bikeyfasty.store\/index.php\/produkt-kategorie\/elektrofahrrader\/#listItem","position":3,"name":"Elektrofahrr\u00e4der","item":"https:\/\/bikeyfasty.store\/index.php\/produkt-kategorie\/elektrofahrrader\/","nextItem":{"@type":"ListItem","@id":"https:\/\/bikeyfasty.store\/index.php\/produkt-kategorie\/elektrofahrrader\/elektrische-stadsfietsen\/#listItem","name":"Elektrische stadsfietsen"},"previousItem":{"@type":"ListItem","@id":"https:\/\/bikeyfasty.store\/index.php\/geschaft\/#listItem","name":"Gesch\u00e4ft"}},{"@type":"ListItem","@id":"https:\/\/bikeyfasty.store\/index.php\/produkt-kategorie\/elektrofahrrader\/elektrische-stadsfietsen\/#listItem","position":4,"name":"Elektrische stadsfietsen","item":"https:\/\/bikeyfasty.store\/index.php\/produkt-kategorie\/elektrofahrrader\/elektrische-stadsfietsen\/","nextItem":{"@type":"ListItem","@id":"https:\/\/bikeyfasty.store\/index.php\/produkt\/allegro-city-plus-acl02-salmon-2023\/#listItem","name":"Allegro City Plus ACL\u00b002 Salmon 2023"},"previousItem":{"@type":"ListItem","@id":"https:\/\/bikeyfasty.store\/index.php\/produkt-kategorie\/elektrofahrrader\/#listItem","name":"Elektrofahrr\u00e4der"}},{"@type":"ListItem","@id":"https:\/\/bikeyfasty.store\/index.php\/produkt\/allegro-city-plus-acl02-salmon-2023\/#listItem","position":5,"name":"Allegro City Plus ACL\u00b002 Salmon 2023","previousItem":{"@type":"ListItem","@id":"https:\/\/bikeyfasty.store\/index.php\/produkt-kategorie\/elektrofahrrader\/elektrische-stadsfietsen\/#listItem","name":"Elektrische stadsfietsen"}}]},{"@type":"ItemPage","@id":"https:\/\/bikeyfasty.store\/index.php\/produkt\/allegro-city-plus-acl02-salmon-2023\/#itempage","url":"https:\/\/bikeyfasty.store\/index.php\/produkt\/allegro-city-plus-acl02-salmon-2023\/","name":"Allegro City Plus ACL\u00b002 Salmon 2023 - Bikey Fasty","description":"Shimano BR-MT200, 180mm Bremsscheibe","inLanguage":"de-DE","isPartOf":{"@id":"https:\/\/bikeyfasty.store\/#website"},"breadcrumb":{"@id":"https:\/\/bikeyfasty.store\/index.php\/produkt\/allegro-city-plus-acl02-salmon-2023\/#breadcrumblist"},"image":{"@type":"ImageObject","url":"https:\/\/bikeyfasty.store\/wp-content\/uploads\/2025\/10\/df-1.webp","@id":"https:\/\/bikeyfasty.store\/index.php\/produkt\/allegro-city-plus-acl02-salmon-2023\/#mainImage","width":900,"height":636},"primaryImageOfPage":{"@id":"https:\/\/bikeyfasty.store\/index.php\/produkt\/allegro-city-plus-acl02-salmon-2023\/#mainImage"},"datePublished":"2024-09-21T00:45:55+02:00","dateModified":"2026-01-26T21:36:30+01:00"},{"@type":"Organization","@id":"https:\/\/bikeyfasty.store\/#organization","name":"#Bikey Fasty BIKEY FASTY","description":"Die bestenIhre besten Fahrr\u00e4der Deine elektrische Mobilit\u00e4t beginnt hier Die Zukunft der Mobilit\u00e4t \u2013 heute","url":"https:\/\/bikeyfasty.store\/","email":"contact@bikeyfasty.store","telephone":"+4915510400141","foundingDate":"1945-11-29","numberOfEmployees":{"@type":"QuantitativeValue","value":27},"logo":{"@type":"ImageObject","url":"https:\/\/bikeyfasty.store\/wp-content\/uploads\/2026\/01\/unnamed-file.png","@id":"https:\/\/bikeyfasty.store\/index.php\/produkt\/allegro-city-plus-acl02-salmon-2023\/#organizationLogo","width":616,"height":447,"caption":"( ( ( ( ("},"image":{"@id":"https:\/\/bikeyfasty.store\/index.php\/produkt\/allegro-city-plus-acl02-salmon-2023\/#organizationLogo"},"address":{"@id":"https:\/\/bikeyfasty.store\/#postaladdress","@type":"PostalAddress","streetAddress":"Karl-Liebknecht-Str. 13,","postalCode":"10178","addressLocality":"Berlin","addressRegion":"Berlin","addressCountry":"DE"}},{"@type":"WebPage","@id":"https:\/\/bikeyfasty.store\/index.php\/produkt\/allegro-city-plus-acl02-salmon-2023\/#webpage","url":"https:\/\/bikeyfasty.store\/index.php\/produkt\/allegro-city-plus-acl02-salmon-2023\/","name":"Allegro City Plus ACL\u00b002 Salmon 2023 - Bikey Fasty","description":"Shimano BR-MT200, 180mm Bremsscheibe","inLanguage":"de-DE","isPartOf":{"@id":"https:\/\/bikeyfasty.store\/#website"},"breadcrumb":{"@id":"https:\/\/bikeyfasty.store\/index.php\/produkt\/allegro-city-plus-acl02-salmon-2023\/#breadcrumblist"},"image":{"@type":"ImageObject","url":"https:\/\/bikeyfasty.store\/wp-content\/uploads\/2025\/10\/df-1.webp","@id":"https:\/\/bikeyfasty.store\/index.php\/produkt\/allegro-city-plus-acl02-salmon-2023\/#mainImage","width":900,"height":636},"primaryImageOfPage":{"@id":"https:\/\/bikeyfasty.store\/index.php\/produkt\/allegro-city-plus-acl02-salmon-2023\/#mainImage"},"datePublished":"2024-09-21T00:45:55+02:00","dateModified":"2026-01-26T21:36:30+01:00"},{"@type":"WebSite","@id":"https:\/\/bikeyfasty.store\/#website","url":"https:\/\/bikeyfasty.store\/","name":"Bikey Fasty","description":"Die bestenIhre besten Fahrr\u00e4der","inLanguage":"de-DE","publisher":{"@id":"https:\/\/bikeyfasty.store\/#organization"}}]},"og:locale":"de_DE","og:site_name":"Bikey Fasty - Die bestenIhre besten Fahrr\u00e4der","og:type":"article","og:title":"Allegro City Plus ACL\u00b002 Salmon 2023 - Bikey Fasty","og:description":"Shimano BR-MT200, 180mm Bremsscheibe","og:url":"https:\/\/bikeyfasty.store\/index.php\/produkt\/allegro-city-plus-acl02-salmon-2023\/","og:image":"https:\/\/bikeyfasty.store\/wp-content\/uploads\/2026\/01\/unnamed-file.png","og:image:secure_url":"https:\/\/bikeyfasty.store\/wp-content\/uploads\/2026\/01\/unnamed-file.png","og:image:width":616,"og:image:height":447,"article:published_time":"2024-09-20T22:45:55+00:00","article:modified_time":"2026-01-26T20:36:30+00:00","twitter:card":"summary_large_image","twitter:title":"Allegro City Plus ACL\u00b002 Salmon 2023 - Bikey Fasty","twitter:description":"Shimano BR-MT200, 180mm Bremsscheibe","twitter:image":"https:\/\/bikeyfasty.store\/wp-content\/uploads\/2026\/01\/unnamed-file.png"},"aioseo_meta_data":{"post_id":"44246","title":null,"description":null,"keywords":null,"keyphrases":{"focus":{"keyphrase":"","score":0,"analysis":{"keyphraseInTitle":{"score":0,"maxScore":9,"error":1}}},"additional":[]},"primary_term":null,"canonical_url":null,"og_title":null,"og_description":null,"og_object_type":"default","og_image_type":"default","og_image_url":null,"og_image_width":null,"og_image_height":null,"og_image_custom_url":null,"og_image_custom_fields":null,"og_video":"","og_custom_url":null,"og_article_section":null,"og_article_tags":null,"twitter_use_og":false,"twitter_card":"default","twitter_image_type":"default","twitter_image_url":null,"twitter_image_custom_url":null,"twitter_image_custom_fields":null,"twitter_title":null,"twitter_description":null,"schema":{"blockGraphs":[],"customGraphs":[],"default":{"data":{"Article":[],"Course":[],"Dataset":[],"FAQPage":[],"Movie":[],"Person":[],"Product":[],"ProductReview":[],"Car":[],"Recipe":[],"Service":[],"SoftwareApplication":[],"WebPage":[]},"graphName":"ItemPage","isEnabled":true},"graphs":[]},"schema_type":"default","schema_type_options":null,"pillar_content":false,"robots_default":true,"robots_noindex":false,"robots_noarchive":false,"robots_nosnippet":false,"robots_nofollow":false,"robots_noimageindex":false,"robots_noodp":false,"robots_notranslate":false,"robots_max_snippet":"-1","robots_max_videopreview":"-1","robots_max_imagepreview":"large","priority":null,"frequency":"default","local_seo":null,"seo_analyzer_scan_date":"2026-01-26 20:40:55","breadcrumb_settings":null,"limit_modified_date":false,"reviewed_by":"0","open_ai":null,"ai":{"faqs":[],"keyPoints":[],"titles":[],"descriptions":[],"socialPosts":{"email":[],"linkedin":[],"twitter":[],"facebook":[],"instagram":[]}},"created":"2025-10-15 07:08:47","updated":"2026-01-26 20:40:55"},"aioseo_breadcrumb":"<div class=\"aioseo-breadcrumbs\"><span class=\"aioseo-breadcrumb\">\n\t<a href=\"https:\/\/bikeyfasty.store\" title=\"Start\">Start<\/a>\n<\/span><span class=\"aioseo-breadcrumb-separator\">\u00bb<\/span><span class=\"aioseo-breadcrumb\">\n\t<a href=\"https:\/\/bikeyfasty.store\/index.php\/geschaft\/\" title=\"Gesch\u00e4ft\">Gesch\u00e4ft<\/a>\n<\/span><span class=\"aioseo-breadcrumb-separator\">\u00bb<\/span><span class=\"aioseo-breadcrumb\">\n\t<a href=\"https:\/\/bikeyfasty.store\/index.php\/produkt-kategorie\/elektrofahrrader\/\" title=\"Elektrofahrr\u00e4der\">Elektrofahrr\u00e4der<\/a>\n<\/span><span class=\"aioseo-breadcrumb-separator\">\u00bb<\/span><span class=\"aioseo-breadcrumb\">\n\t<a href=\"https:\/\/bikeyfasty.store\/index.php\/produkt-kategorie\/elektrofahrrader\/elektrische-stadsfietsen\/\" title=\"Elektrische stadsfietsen\">Elektrische stadsfietsen<\/a>\n<\/span><span class=\"aioseo-breadcrumb-separator\">\u00bb<\/span><span class=\"aioseo-breadcrumb\">\n\tAllegro City Plus ACL\u00b002 Salmon 2023\n<\/span><\/div>","aioseo_breadcrumb_json":[{"label":"Start","link":"https:\/\/bikeyfasty.store"},{"label":"Gesch\u00e4ft","link":"https:\/\/bikeyfasty.store\/index.php\/geschaft\/"},{"label":"Elektrofahrr\u00e4der","link":"https:\/\/bikeyfasty.store\/index.php\/produkt-kategorie\/elektrofahrrader\/"},{"label":"Elektrische stadsfietsen","link":"https:\/\/bikeyfasty.store\/index.php\/produkt-kategorie\/elektrofahrrader\/elektrische-stadsfietsen\/"},{"label":"Allegro City Plus ACL\u00b002 Salmon 2023","link":"https:\/\/bikeyfasty.store\/index.php\/produkt\/allegro-city-plus-acl02-salmon-2023\/"}],"_links":{"self":[{"href":"https:\/\/bikeyfasty.store\/index.php\/wp-json\/wp\/v2\/product\/44246","targetHints":{"allow":["GET"]}}],"collection":[{"href":"https:\/\/bikeyfasty.store\/index.php\/wp-json\/wp\/v2\/product"}],"about":[{"href":"https:\/\/bikeyfasty.store\/index.php\/wp-json\/wp\/v2\/types\/product"}],"replies":[{"embeddable":true,"href":"https:\/\/bikeyfasty.store\/index.php\/wp-json\/wp\/v2\/comments?post=44246"}],"version-history":[{"count":2,"href":"https:\/\/bikeyfasty.store\/index.php\/wp-json\/wp\/v2\/product\/44246\/revisions"}],"predecessor-version":[{"id":52050,"href":"https:\/\/bikeyfasty.store\/index.php\/wp-json\/wp\/v2\/product\/44246\/revisions\/52050"}],"wp:featuredmedia":[{"embeddable":true,"href":"https:\/\/bikeyfasty.store\/index.php\/wp-json\/wp\/v2\/media\/44247"}],"wp:attachment":[{"href":"https:\/\/bikeyfasty.store\/index.php\/wp-json\/wp\/v2\/media?parent=44246"}],"wp:term":[{"taxonomy":"product_brand","embeddable":true,"href":"https:\/\/bikeyfasty.store\/index.php\/wp-json\/wp\/v2\/product_brand?post=44246"},{"taxonomy":"product_cat","embeddable":true,"href":"https:\/\/bikeyfasty.store\/index.php\/wp-json\/wp\/v2\/product_cat?post=44246"},{"taxonomy":"product_tag","embeddable":true,"href":"https:\/\/bikeyfasty.store\/index.php\/wp-json\/wp\/v2\/product_tag?post=44246"}],"curies":[{"name":"wp","href":"https:\/\/api.w.org\/{rel}","templated":true}]}}