{"id":44266,"date":"2024-09-21T15:32:57","date_gmt":"2024-09-21T13:32:57","guid":{"rendered":"https:\/\/bikeyfasty.store\/?post_type=product&#038;p=44266"},"modified":"2026-02-25T16:06:00","modified_gmt":"2026-02-25T15:06:00","slug":"ouxi-v8-max-elektrische-zwart-7versnellingen-dubbele-accu","status":"publish","type":"product","link":"https:\/\/bikeyfasty.store\/index.php\/produkt\/ouxi-v8-max-elektrische-zwart-7versnellingen-dubbele-accu\/","title":{"rendered":"Ouxi V8 Max Elektrische Zwart 7Versnellingen"},"content":{"rendered":"<h3 class=\"pp-section-title toggle-title toggle-title-md gray-border-bottom-lte-md py-2 mb-2 py-md-0 mb-md-2\">Productomschrijving<\/h3>\n<div class=\"toggle-content toggle-content-md content\">\n<p>Geniet van gezamenlijke avonturen, want\u00a0<strong>de Ouxi V8 Max Elektrische Fatbike\u00a0<\/strong>is geschikt voor twee personen. Het comfortabele achterzitje en handige voetsteunen zijn standaard inbegrepen, waardoor je moeiteloos een extra passagier kunt meenemen tijdens je fietstochten. Ervaar ultiem comfort en deel het plezier van het verkennen van nieuwe paden met je dierbaren. Maak van elke rit een gedenkwaardig avontuur.<\/p>\n<h5>Indrukwekkende actieradius van 150 km<\/h5>\n<p>Maak je nooit meer zorgen over lege batterijen, zelfs niet tijdens de langste ritten. Met een indrukwekkende actieradius van maar liefst 150 kilometer, brengt deze fatbike je moeiteloos overal naartoe.<\/p>\n<h5>Fatbike Ouxi V8 Max voor het gehele jaar<\/h5>\n<p>Deze topper van een Fatbike beschikt over 20.4 inch dikke banden die nagenoeg moeiteloos over elk ondergrond kunnen. Zand, sneeuw, gras en asfalt is allemaal geen probleem voor deze Fatbike die verder bekend staat vanwege zijn uitzonderlijke kwaliteit en vele, vette functies en opties. Deze buitengewone elektrische fatbike is voorzien van elektrische trapondersteuning. Met zijn krachtige vermogen en aandrijving van 250 watt, fiets je moeiteloos snelheden tot wel 25 km\/h en brengt deze Fatbike je snel, veilig en met gemak naar jouw eindbestemming!<\/p>\n<\/div>\n<h5><strong>Pluspunten van Ouxi V8 Max Elektrische Fatbike<\/strong><\/h5>\n<ul>\n<li>Hydraulische remmen<\/li>\n<li>Aandrijving van 250 watt<\/li>\n<li>Max snelheid 25km\/h<\/li>\n<li>Geschikt voor iemand achterop<\/li>\n<li>Geschikt voor alle terreinen<\/li>\n<li>Elektrische trapondersteuning<\/li>\n<li>7-Shimano versnellingen<\/li>\n<li>Uitneembare accu<\/li>\n<li>Mogelijkheid tot achterzit<\/li>\n<li>Nieuwe motorsensor voor directe trapondersteuning<\/li>\n<li>Twee accu\u2019s<\/li>\n<li>Extra zitje<\/li>\n<li>Voetsteunen<\/li>\n<li>Fatbike alarm<\/li>\n<\/ul>\n<p><strong>De Ouxi V8 Max Elektrische Fatbike\u00a0<\/strong>heeft uitzonderlijke kwaliteit en vele, vette functies en opties.<\/p>\n","protected":false},"excerpt":{"rendered":"<p>Geniet van gezamenlijke avonturen, want\u00a0de Ouxi V8 Max Elektrische Fatbike\u00a0is geschikt voor twee personen. Het comfortabele achterzitje en handige voetsteunen<\/p>\n","protected":false},"featured_media":44267,"comment_status":"open","ping_status":"closed","template":"","meta":{"googlesitekit_rrm_CAowq6HFDA:productID":"","om_disable_all_campaigns":false,"_monsterinsights_skip_tracking":false,"_monsterinsights_sitenote_active":false,"_monsterinsights_sitenote_note":"","_monsterinsights_sitenote_category":0,"_uf_show_specific_survey":0,"_uf_disable_surveys":false},"product_brand":[],"product_cat":[628,623],"product_tag":[],"class_list":{"0":"post-44266","1":"product","2":"type-product","3":"status-publish","4":"has-post-thumbnail","6":"product_cat-elektrische-fatbikes","7":"product_cat-elektrofahrrader","9":"first","10":"instock","11":"sale","12":"taxable","13":"shipping-taxable","14":"purchasable","15":"product-type-simple"},"aioseo_notices":[],"aioseo_head":"\n\t\t<!-- All in One SEO Pro 4.9.5.2 - aioseo.com -->\n\t<meta name=\"description\" content=\"Geniet van gezamenlijke avonturen, want de Ouxi V8 Max Elektrische Fatbike is geschikt voor twee personen. Het comfortabele achterzitje en handige voetsteunen\" \/>\n\t<meta name=\"robots\" content=\"max-image-preview:large\" \/>\n\t<meta name=\"google-site-verification\" content=\"leF1qydUwZM4hbNEWkzXBgJ5cwNBnthZjCldnstJI-8\" \/>\n\t<meta name=\"msvalidate.01\" content=\"F4CE253B53A296EF4B982618F43BD699\" \/>\n\t<meta name=\"yandex-verification\" content=\"2c6c63eaf20e4d4b\" \/>\n\t<link rel=\"canonical\" href=\"https:\/\/bikeyfasty.store\/index.php\/produkt\/ouxi-v8-max-elektrische-zwart-7versnellingen-dubbele-accu\/\" \/>\n\t<meta name=\"generator\" content=\"All in One SEO Pro (AIOSEO) 4.9.5.2\" \/>\n\t\t<meta property=\"og:locale\" content=\"de_DE\" \/>\n\t\t<meta property=\"og:site_name\" content=\"Bikey Fasty - Die bestenIhre besten Fahrr\u00e4der\" \/>\n\t\t<meta property=\"og:type\" content=\"article\" \/>\n\t\t<meta property=\"og:title\" content=\"Ouxi V8 Max Elektrische Zwart 7Versnellingen - Bikey Fasty\" \/>\n\t\t<meta property=\"og:description\" content=\"Geniet van gezamenlijke avonturen, want de Ouxi V8 Max Elektrische Fatbike is geschikt voor twee personen. Het comfortabele achterzitje en handige voetsteunen\" \/>\n\t\t<meta property=\"og:url\" content=\"https:\/\/bikeyfasty.store\/index.php\/produkt\/ouxi-v8-max-elektrische-zwart-7versnellingen-dubbele-accu\/\" \/>\n\t\t<meta property=\"og:image\" content=\"https:\/\/bikeyfasty.store\/wp-content\/uploads\/2026\/01\/unnamed-file.png\" \/>\n\t\t<meta property=\"og:image:secure_url\" content=\"https:\/\/bikeyfasty.store\/wp-content\/uploads\/2026\/01\/unnamed-file.png\" \/>\n\t\t<meta property=\"og:image:width\" content=\"616\" \/>\n\t\t<meta property=\"og:image:height\" content=\"447\" \/>\n\t\t<meta property=\"article:published_time\" content=\"2024-09-21T13:32:57+00:00\" \/>\n\t\t<meta property=\"article:modified_time\" content=\"2026-02-25T15:06:00+00:00\" \/>\n\t\t<meta name=\"twitter:card\" content=\"summary_large_image\" \/>\n\t\t<meta name=\"twitter:title\" content=\"Ouxi V8 Max Elektrische Zwart 7Versnellingen - Bikey Fasty\" \/>\n\t\t<meta name=\"twitter:description\" content=\"Geniet van gezamenlijke avonturen, want de Ouxi V8 Max Elektrische Fatbike is geschikt voor twee personen. Het comfortabele achterzitje en handige voetsteunen\" \/>\n\t\t<meta name=\"twitter:image\" content=\"https:\/\/bikeyfasty.store\/wp-content\/uploads\/2026\/01\/unnamed-file.png\" \/>\n\t\t<script type=\"application\/ld+json\" class=\"aioseo-schema\">\n\t\t\t{\"@context\":\"https:\\\/\\\/schema.org\",\"@graph\":[{\"@type\":\"BreadcrumbList\",\"@id\":\"https:\\\/\\\/bikeyfasty.store\\\/index.php\\\/produkt\\\/ouxi-v8-max-elektrische-zwart-7versnellingen-dubbele-accu\\\/#breadcrumblist\",\"itemListElement\":[{\"@type\":\"ListItem\",\"@id\":\"https:\\\/\\\/bikeyfasty.store#listItem\",\"position\":1,\"name\":\"Start\",\"item\":\"https:\\\/\\\/bikeyfasty.store\",\"nextItem\":{\"@type\":\"ListItem\",\"@id\":\"https:\\\/\\\/bikeyfasty.store\\\/index.php\\\/geschaft\\\/#listItem\",\"name\":\"Gesch\\u00e4ft\"}},{\"@type\":\"ListItem\",\"@id\":\"https:\\\/\\\/bikeyfasty.store\\\/index.php\\\/geschaft\\\/#listItem\",\"position\":2,\"name\":\"Gesch\\u00e4ft\",\"item\":\"https:\\\/\\\/bikeyfasty.store\\\/index.php\\\/geschaft\\\/\",\"nextItem\":{\"@type\":\"ListItem\",\"@id\":\"https:\\\/\\\/bikeyfasty.store\\\/index.php\\\/produkt-kategorie\\\/elektrofahrrader\\\/#listItem\",\"name\":\"Elektrofahrr\\u00e4der\"},\"previousItem\":{\"@type\":\"ListItem\",\"@id\":\"https:\\\/\\\/bikeyfasty.store#listItem\",\"name\":\"Start\"}},{\"@type\":\"ListItem\",\"@id\":\"https:\\\/\\\/bikeyfasty.store\\\/index.php\\\/produkt-kategorie\\\/elektrofahrrader\\\/#listItem\",\"position\":3,\"name\":\"Elektrofahrr\\u00e4der\",\"item\":\"https:\\\/\\\/bikeyfasty.store\\\/index.php\\\/produkt-kategorie\\\/elektrofahrrader\\\/\",\"nextItem\":{\"@type\":\"ListItem\",\"@id\":\"https:\\\/\\\/bikeyfasty.store\\\/index.php\\\/produkt-kategorie\\\/elektrofahrrader\\\/elektrische-fatbikes\\\/#listItem\",\"name\":\"Elektrische Fatbikes\"},\"previousItem\":{\"@type\":\"ListItem\",\"@id\":\"https:\\\/\\\/bikeyfasty.store\\\/index.php\\\/geschaft\\\/#listItem\",\"name\":\"Gesch\\u00e4ft\"}},{\"@type\":\"ListItem\",\"@id\":\"https:\\\/\\\/bikeyfasty.store\\\/index.php\\\/produkt-kategorie\\\/elektrofahrrader\\\/elektrische-fatbikes\\\/#listItem\",\"position\":4,\"name\":\"Elektrische Fatbikes\",\"item\":\"https:\\\/\\\/bikeyfasty.store\\\/index.php\\\/produkt-kategorie\\\/elektrofahrrader\\\/elektrische-fatbikes\\\/\",\"nextItem\":{\"@type\":\"ListItem\",\"@id\":\"https:\\\/\\\/bikeyfasty.store\\\/index.php\\\/produkt\\\/ouxi-v8-max-elektrische-zwart-7versnellingen-dubbele-accu\\\/#listItem\",\"name\":\"Ouxi V8 Max Elektrische Zwart 7Versnellingen\"},\"previousItem\":{\"@type\":\"ListItem\",\"@id\":\"https:\\\/\\\/bikeyfasty.store\\\/index.php\\\/produkt-kategorie\\\/elektrofahrrader\\\/#listItem\",\"name\":\"Elektrofahrr\\u00e4der\"}},{\"@type\":\"ListItem\",\"@id\":\"https:\\\/\\\/bikeyfasty.store\\\/index.php\\\/produkt\\\/ouxi-v8-max-elektrische-zwart-7versnellingen-dubbele-accu\\\/#listItem\",\"position\":5,\"name\":\"Ouxi V8 Max Elektrische Zwart 7Versnellingen\",\"previousItem\":{\"@type\":\"ListItem\",\"@id\":\"https:\\\/\\\/bikeyfasty.store\\\/index.php\\\/produkt-kategorie\\\/elektrofahrrader\\\/elektrische-fatbikes\\\/#listItem\",\"name\":\"Elektrische Fatbikes\"}}]},{\"@type\":\"ItemPage\",\"@id\":\"https:\\\/\\\/bikeyfasty.store\\\/index.php\\\/produkt\\\/ouxi-v8-max-elektrische-zwart-7versnellingen-dubbele-accu\\\/#itempage\",\"url\":\"https:\\\/\\\/bikeyfasty.store\\\/index.php\\\/produkt\\\/ouxi-v8-max-elektrische-zwart-7versnellingen-dubbele-accu\\\/\",\"name\":\"Ouxi V8 Max Elektrische Zwart 7Versnellingen - Bikey Fasty\",\"description\":\"Geniet van gezamenlijke avonturen, want de Ouxi V8 Max Elektrische Fatbike is geschikt voor twee personen. Het comfortabele achterzitje en handige voetsteunen\",\"inLanguage\":\"de-DE\",\"isPartOf\":{\"@id\":\"https:\\\/\\\/bikeyfasty.store\\\/#website\"},\"breadcrumb\":{\"@id\":\"https:\\\/\\\/bikeyfasty.store\\\/index.php\\\/produkt\\\/ouxi-v8-max-elektrische-zwart-7versnellingen-dubbele-accu\\\/#breadcrumblist\"},\"image\":{\"@type\":\"ImageObject\",\"url\":\"https:\\\/\\\/bikeyfasty.store\\\/wp-content\\\/uploads\\\/2025\\\/10\\\/azerty-2.webp\",\"@id\":\"https:\\\/\\\/bikeyfasty.store\\\/index.php\\\/produkt\\\/ouxi-v8-max-elektrische-zwart-7versnellingen-dubbele-accu\\\/#mainImage\",\"width\":2048,\"height\":2048},\"primaryImageOfPage\":{\"@id\":\"https:\\\/\\\/bikeyfasty.store\\\/index.php\\\/produkt\\\/ouxi-v8-max-elektrische-zwart-7versnellingen-dubbele-accu\\\/#mainImage\"},\"datePublished\":\"2024-09-21T15:32:57+02:00\",\"dateModified\":\"2026-02-25T16:06:00+01:00\"},{\"@type\":\"Organization\",\"@id\":\"https:\\\/\\\/bikeyfasty.store\\\/#organization\",\"name\":\"#Bikey Fasty BIKEY FASTY\",\"description\":\"Die bestenIhre besten Fahrr\\u00e4der Deine elektrische Mobilit\\u00e4t beginnt hier Die Zukunft der Mobilit\\u00e4t \\u2013 heute\",\"url\":\"https:\\\/\\\/bikeyfasty.store\\\/\",\"email\":\"contact@bikeyfasty.store\",\"telephone\":\"+4915510400141\",\"foundingDate\":\"1945-11-29\",\"numberOfEmployees\":{\"@type\":\"QuantitativeValue\",\"value\":27},\"logo\":{\"@type\":\"ImageObject\",\"url\":\"https:\\\/\\\/bikeyfasty.store\\\/wp-content\\\/uploads\\\/2026\\\/01\\\/unnamed-file.png\",\"@id\":\"https:\\\/\\\/bikeyfasty.store\\\/index.php\\\/produkt\\\/ouxi-v8-max-elektrische-zwart-7versnellingen-dubbele-accu\\\/#organizationLogo\",\"width\":616,\"height\":447,\"caption\":\"( ( ( ( (\"},\"image\":{\"@id\":\"https:\\\/\\\/bikeyfasty.store\\\/index.php\\\/produkt\\\/ouxi-v8-max-elektrische-zwart-7versnellingen-dubbele-accu\\\/#organizationLogo\"},\"address\":{\"@id\":\"https:\\\/\\\/bikeyfasty.store\\\/#postaladdress\",\"@type\":\"PostalAddress\",\"streetAddress\":\"Karl-Liebknecht-Str. 13,\",\"postalCode\":\"10178\",\"addressLocality\":\"Berlin\",\"addressRegion\":\"Berlin\",\"addressCountry\":\"DE\"}},{\"@type\":\"WebPage\",\"@id\":\"https:\\\/\\\/bikeyfasty.store\\\/index.php\\\/produkt\\\/ouxi-v8-max-elektrische-zwart-7versnellingen-dubbele-accu\\\/#webpage\",\"url\":\"https:\\\/\\\/bikeyfasty.store\\\/index.php\\\/produkt\\\/ouxi-v8-max-elektrische-zwart-7versnellingen-dubbele-accu\\\/\",\"name\":\"Ouxi V8 Max Elektrische Zwart 7Versnellingen - Bikey Fasty\",\"description\":\"Geniet van gezamenlijke avonturen, want de Ouxi V8 Max Elektrische Fatbike is geschikt voor twee personen. Het comfortabele achterzitje en handige voetsteunen\",\"inLanguage\":\"de-DE\",\"isPartOf\":{\"@id\":\"https:\\\/\\\/bikeyfasty.store\\\/#website\"},\"breadcrumb\":{\"@id\":\"https:\\\/\\\/bikeyfasty.store\\\/index.php\\\/produkt\\\/ouxi-v8-max-elektrische-zwart-7versnellingen-dubbele-accu\\\/#breadcrumblist\"},\"image\":{\"@type\":\"ImageObject\",\"url\":\"https:\\\/\\\/bikeyfasty.store\\\/wp-content\\\/uploads\\\/2025\\\/10\\\/azerty-2.webp\",\"@id\":\"https:\\\/\\\/bikeyfasty.store\\\/index.php\\\/produkt\\\/ouxi-v8-max-elektrische-zwart-7versnellingen-dubbele-accu\\\/#mainImage\",\"width\":2048,\"height\":2048},\"primaryImageOfPage\":{\"@id\":\"https:\\\/\\\/bikeyfasty.store\\\/index.php\\\/produkt\\\/ouxi-v8-max-elektrische-zwart-7versnellingen-dubbele-accu\\\/#mainImage\"},\"datePublished\":\"2024-09-21T15:32:57+02:00\",\"dateModified\":\"2026-02-25T16:06:00+01:00\"},{\"@type\":\"WebSite\",\"@id\":\"https:\\\/\\\/bikeyfasty.store\\\/#website\",\"url\":\"https:\\\/\\\/bikeyfasty.store\\\/\",\"name\":\"Bikey Fasty\",\"description\":\"Die bestenIhre besten Fahrr\\u00e4der\",\"inLanguage\":\"de-DE\",\"publisher\":{\"@id\":\"https:\\\/\\\/bikeyfasty.store\\\/#organization\"}}]}\n\t\t<\/script>\n\t\t<script type=\"text\/javascript\">\n\t\t\t(function(c,l,a,r,i,t,y){\n\t\t\tc[a]=c[a]||function(){(c[a].q=c[a].q||[]).push(arguments)};t=l.createElement(r);t.async=1;\n\t\t\tt.src=\"https:\/\/www.clarity.ms\/tag\/\"+i+\"?ref=aioseo\";y=l.getElementsByTagName(r)[0];y.parentNode.insertBefore(t,y);\n\t\t})(window, document, \"clarity\", \"script\", \"v74e4fvqvw\");\n\t\t<\/script>\n\t\t<!-- All in One SEO Pro -->\r\n\t\t<title>Ouxi V8 Max Elektrische Zwart 7Versnellingen - Bikey Fasty<\/title>\n\n","aioseo_head_json":{"title":"Ouxi V8 Max Elektrische Zwart 7Versnellingen - Bikey Fasty","description":"Geniet van gezamenlijke avonturen, want de Ouxi V8 Max Elektrische Fatbike is geschikt voor twee personen. Het comfortabele achterzitje en handige voetsteunen","canonical_url":"https:\/\/bikeyfasty.store\/index.php\/produkt\/ouxi-v8-max-elektrische-zwart-7versnellingen-dubbele-accu\/","robots":"max-image-preview:large","keywords":"","webmasterTools":{"google-site-verification":"leF1qydUwZM4hbNEWkzXBgJ5cwNBnthZjCldnstJI-8","msvalidate.01":"F4CE253B53A296EF4B982618F43BD699","yandex-verification":"2c6c63eaf20e4d4b","miscellaneous":""},"schema":{"@context":"https:\/\/schema.org","@graph":[{"@type":"BreadcrumbList","@id":"https:\/\/bikeyfasty.store\/index.php\/produkt\/ouxi-v8-max-elektrische-zwart-7versnellingen-dubbele-accu\/#breadcrumblist","itemListElement":[{"@type":"ListItem","@id":"https:\/\/bikeyfasty.store#listItem","position":1,"name":"Start","item":"https:\/\/bikeyfasty.store","nextItem":{"@type":"ListItem","@id":"https:\/\/bikeyfasty.store\/index.php\/geschaft\/#listItem","name":"Gesch\u00e4ft"}},{"@type":"ListItem","@id":"https:\/\/bikeyfasty.store\/index.php\/geschaft\/#listItem","position":2,"name":"Gesch\u00e4ft","item":"https:\/\/bikeyfasty.store\/index.php\/geschaft\/","nextItem":{"@type":"ListItem","@id":"https:\/\/bikeyfasty.store\/index.php\/produkt-kategorie\/elektrofahrrader\/#listItem","name":"Elektrofahrr\u00e4der"},"previousItem":{"@type":"ListItem","@id":"https:\/\/bikeyfasty.store#listItem","name":"Start"}},{"@type":"ListItem","@id":"https:\/\/bikeyfasty.store\/index.php\/produkt-kategorie\/elektrofahrrader\/#listItem","position":3,"name":"Elektrofahrr\u00e4der","item":"https:\/\/bikeyfasty.store\/index.php\/produkt-kategorie\/elektrofahrrader\/","nextItem":{"@type":"ListItem","@id":"https:\/\/bikeyfasty.store\/index.php\/produkt-kategorie\/elektrofahrrader\/elektrische-fatbikes\/#listItem","name":"Elektrische Fatbikes"},"previousItem":{"@type":"ListItem","@id":"https:\/\/bikeyfasty.store\/index.php\/geschaft\/#listItem","name":"Gesch\u00e4ft"}},{"@type":"ListItem","@id":"https:\/\/bikeyfasty.store\/index.php\/produkt-kategorie\/elektrofahrrader\/elektrische-fatbikes\/#listItem","position":4,"name":"Elektrische Fatbikes","item":"https:\/\/bikeyfasty.store\/index.php\/produkt-kategorie\/elektrofahrrader\/elektrische-fatbikes\/","nextItem":{"@type":"ListItem","@id":"https:\/\/bikeyfasty.store\/index.php\/produkt\/ouxi-v8-max-elektrische-zwart-7versnellingen-dubbele-accu\/#listItem","name":"Ouxi V8 Max Elektrische Zwart 7Versnellingen"},"previousItem":{"@type":"ListItem","@id":"https:\/\/bikeyfasty.store\/index.php\/produkt-kategorie\/elektrofahrrader\/#listItem","name":"Elektrofahrr\u00e4der"}},{"@type":"ListItem","@id":"https:\/\/bikeyfasty.store\/index.php\/produkt\/ouxi-v8-max-elektrische-zwart-7versnellingen-dubbele-accu\/#listItem","position":5,"name":"Ouxi V8 Max Elektrische Zwart 7Versnellingen","previousItem":{"@type":"ListItem","@id":"https:\/\/bikeyfasty.store\/index.php\/produkt-kategorie\/elektrofahrrader\/elektrische-fatbikes\/#listItem","name":"Elektrische Fatbikes"}}]},{"@type":"ItemPage","@id":"https:\/\/bikeyfasty.store\/index.php\/produkt\/ouxi-v8-max-elektrische-zwart-7versnellingen-dubbele-accu\/#itempage","url":"https:\/\/bikeyfasty.store\/index.php\/produkt\/ouxi-v8-max-elektrische-zwart-7versnellingen-dubbele-accu\/","name":"Ouxi V8 Max Elektrische Zwart 7Versnellingen - Bikey Fasty","description":"Geniet van gezamenlijke avonturen, want de Ouxi V8 Max Elektrische Fatbike is geschikt voor twee personen. Het comfortabele achterzitje en handige voetsteunen","inLanguage":"de-DE","isPartOf":{"@id":"https:\/\/bikeyfasty.store\/#website"},"breadcrumb":{"@id":"https:\/\/bikeyfasty.store\/index.php\/produkt\/ouxi-v8-max-elektrische-zwart-7versnellingen-dubbele-accu\/#breadcrumblist"},"image":{"@type":"ImageObject","url":"https:\/\/bikeyfasty.store\/wp-content\/uploads\/2025\/10\/azerty-2.webp","@id":"https:\/\/bikeyfasty.store\/index.php\/produkt\/ouxi-v8-max-elektrische-zwart-7versnellingen-dubbele-accu\/#mainImage","width":2048,"height":2048},"primaryImageOfPage":{"@id":"https:\/\/bikeyfasty.store\/index.php\/produkt\/ouxi-v8-max-elektrische-zwart-7versnellingen-dubbele-accu\/#mainImage"},"datePublished":"2024-09-21T15:32:57+02:00","dateModified":"2026-02-25T16:06:00+01:00"},{"@type":"Organization","@id":"https:\/\/bikeyfasty.store\/#organization","name":"#Bikey Fasty BIKEY FASTY","description":"Die bestenIhre besten Fahrr\u00e4der Deine elektrische Mobilit\u00e4t beginnt hier Die Zukunft der Mobilit\u00e4t \u2013 heute","url":"https:\/\/bikeyfasty.store\/","email":"contact@bikeyfasty.store","telephone":"+4915510400141","foundingDate":"1945-11-29","numberOfEmployees":{"@type":"QuantitativeValue","value":27},"logo":{"@type":"ImageObject","url":"https:\/\/bikeyfasty.store\/wp-content\/uploads\/2026\/01\/unnamed-file.png","@id":"https:\/\/bikeyfasty.store\/index.php\/produkt\/ouxi-v8-max-elektrische-zwart-7versnellingen-dubbele-accu\/#organizationLogo","width":616,"height":447,"caption":"( ( ( ( ("},"image":{"@id":"https:\/\/bikeyfasty.store\/index.php\/produkt\/ouxi-v8-max-elektrische-zwart-7versnellingen-dubbele-accu\/#organizationLogo"},"address":{"@id":"https:\/\/bikeyfasty.store\/#postaladdress","@type":"PostalAddress","streetAddress":"Karl-Liebknecht-Str. 13,","postalCode":"10178","addressLocality":"Berlin","addressRegion":"Berlin","addressCountry":"DE"}},{"@type":"WebPage","@id":"https:\/\/bikeyfasty.store\/index.php\/produkt\/ouxi-v8-max-elektrische-zwart-7versnellingen-dubbele-accu\/#webpage","url":"https:\/\/bikeyfasty.store\/index.php\/produkt\/ouxi-v8-max-elektrische-zwart-7versnellingen-dubbele-accu\/","name":"Ouxi V8 Max Elektrische Zwart 7Versnellingen - Bikey Fasty","description":"Geniet van gezamenlijke avonturen, want de Ouxi V8 Max Elektrische Fatbike is geschikt voor twee personen. Het comfortabele achterzitje en handige voetsteunen","inLanguage":"de-DE","isPartOf":{"@id":"https:\/\/bikeyfasty.store\/#website"},"breadcrumb":{"@id":"https:\/\/bikeyfasty.store\/index.php\/produkt\/ouxi-v8-max-elektrische-zwart-7versnellingen-dubbele-accu\/#breadcrumblist"},"image":{"@type":"ImageObject","url":"https:\/\/bikeyfasty.store\/wp-content\/uploads\/2025\/10\/azerty-2.webp","@id":"https:\/\/bikeyfasty.store\/index.php\/produkt\/ouxi-v8-max-elektrische-zwart-7versnellingen-dubbele-accu\/#mainImage","width":2048,"height":2048},"primaryImageOfPage":{"@id":"https:\/\/bikeyfasty.store\/index.php\/produkt\/ouxi-v8-max-elektrische-zwart-7versnellingen-dubbele-accu\/#mainImage"},"datePublished":"2024-09-21T15:32:57+02:00","dateModified":"2026-02-25T16:06:00+01:00"},{"@type":"WebSite","@id":"https:\/\/bikeyfasty.store\/#website","url":"https:\/\/bikeyfasty.store\/","name":"Bikey Fasty","description":"Die bestenIhre besten Fahrr\u00e4der","inLanguage":"de-DE","publisher":{"@id":"https:\/\/bikeyfasty.store\/#organization"}}]},"og:locale":"de_DE","og:site_name":"Bikey Fasty - Die bestenIhre besten Fahrr\u00e4der","og:type":"article","og:title":"Ouxi V8 Max Elektrische Zwart 7Versnellingen - Bikey Fasty","og:description":"Geniet van gezamenlijke avonturen, want de Ouxi V8 Max Elektrische Fatbike is geschikt voor twee personen. Het comfortabele achterzitje en handige voetsteunen","og:url":"https:\/\/bikeyfasty.store\/index.php\/produkt\/ouxi-v8-max-elektrische-zwart-7versnellingen-dubbele-accu\/","og:image":"https:\/\/bikeyfasty.store\/wp-content\/uploads\/2026\/01\/unnamed-file.png","og:image:secure_url":"https:\/\/bikeyfasty.store\/wp-content\/uploads\/2026\/01\/unnamed-file.png","og:image:width":616,"og:image:height":447,"article:published_time":"2024-09-21T13:32:57+00:00","article:modified_time":"2026-02-25T15:06:00+00:00","twitter:card":"summary_large_image","twitter:title":"Ouxi V8 Max Elektrische Zwart 7Versnellingen - Bikey Fasty","twitter:description":"Geniet van gezamenlijke avonturen, want de Ouxi V8 Max Elektrische Fatbike is geschikt voor twee personen. Het comfortabele achterzitje en handige voetsteunen","twitter:image":"https:\/\/bikeyfasty.store\/wp-content\/uploads\/2026\/01\/unnamed-file.png"},"aioseo_meta_data":{"post_id":"44266","title":null,"description":null,"keywords":null,"keyphrases":{"focus":{"keyphrase":"","score":0,"analysis":{"keyphraseInTitle":{"score":0,"maxScore":9,"error":1}}},"additional":[]},"primary_term":null,"canonical_url":null,"og_title":null,"og_description":null,"og_object_type":"default","og_image_type":"default","og_image_url":null,"og_image_width":null,"og_image_height":null,"og_image_custom_url":null,"og_image_custom_fields":null,"og_video":"","og_custom_url":null,"og_article_section":null,"og_article_tags":null,"twitter_use_og":false,"twitter_card":"default","twitter_image_type":"default","twitter_image_url":null,"twitter_image_custom_url":null,"twitter_image_custom_fields":null,"twitter_title":null,"twitter_description":null,"schema":{"blockGraphs":[],"customGraphs":[],"default":{"data":{"Article":[],"Course":[],"Dataset":[],"FAQPage":[],"Movie":[],"Person":[],"Product":[],"ProductReview":[],"Car":[],"Recipe":[],"Service":[],"SoftwareApplication":[],"WebPage":[]},"graphName":"ItemPage","isEnabled":true},"graphs":[]},"schema_type":"default","schema_type_options":null,"pillar_content":false,"robots_default":true,"robots_noindex":false,"robots_noarchive":false,"robots_nosnippet":false,"robots_nofollow":false,"robots_noimageindex":false,"robots_noodp":false,"robots_notranslate":false,"robots_max_snippet":"-1","robots_max_videopreview":"-1","robots_max_imagepreview":"large","priority":null,"frequency":"default","local_seo":null,"seo_analyzer_scan_date":"2026-02-25 15:56:29","breadcrumb_settings":null,"limit_modified_date":false,"reviewed_by":"0","open_ai":null,"ai":{"faqs":[],"keyPoints":[],"titles":[],"descriptions":[],"socialPosts":{"email":[],"linkedin":[],"twitter":[],"facebook":[],"instagram":[]}},"created":"2025-10-15 07:10:03","updated":"2026-02-25 16:08:09"},"aioseo_breadcrumb":"<div class=\"aioseo-breadcrumbs\"><span class=\"aioseo-breadcrumb\">\n\t<a href=\"https:\/\/bikeyfasty.store\" title=\"Start\">Start<\/a>\n<\/span><span class=\"aioseo-breadcrumb-separator\">\u00bb<\/span><span class=\"aioseo-breadcrumb\">\n\t<a href=\"https:\/\/bikeyfasty.store\/index.php\/geschaft\/\" title=\"Gesch\u00e4ft\">Gesch\u00e4ft<\/a>\n<\/span><span class=\"aioseo-breadcrumb-separator\">\u00bb<\/span><span class=\"aioseo-breadcrumb\">\n\t<a href=\"https:\/\/bikeyfasty.store\/index.php\/produkt-kategorie\/elektrofahrrader\/\" title=\"Elektrofahrr\u00e4der\">Elektrofahrr\u00e4der<\/a>\n<\/span><span class=\"aioseo-breadcrumb-separator\">\u00bb<\/span><span class=\"aioseo-breadcrumb\">\n\t<a href=\"https:\/\/bikeyfasty.store\/index.php\/produkt-kategorie\/elektrofahrrader\/elektrische-fatbikes\/\" title=\"Elektrische Fatbikes\">Elektrische Fatbikes<\/a>\n<\/span><span class=\"aioseo-breadcrumb-separator\">\u00bb<\/span><span class=\"aioseo-breadcrumb\">\n\tOuxi V8 Max Elektrische Zwart 7Versnellingen\n<\/span><\/div>","aioseo_breadcrumb_json":[{"label":"Start","link":"https:\/\/bikeyfasty.store"},{"label":"Gesch\u00e4ft","link":"https:\/\/bikeyfasty.store\/index.php\/geschaft\/"},{"label":"Elektrofahrr\u00e4der","link":"https:\/\/bikeyfasty.store\/index.php\/produkt-kategorie\/elektrofahrrader\/"},{"label":"Elektrische Fatbikes","link":"https:\/\/bikeyfasty.store\/index.php\/produkt-kategorie\/elektrofahrrader\/elektrische-fatbikes\/"},{"label":"Ouxi V8 Max Elektrische Zwart 7Versnellingen","link":"https:\/\/bikeyfasty.store\/index.php\/produkt\/ouxi-v8-max-elektrische-zwart-7versnellingen-dubbele-accu\/"}],"_links":{"self":[{"href":"https:\/\/bikeyfasty.store\/index.php\/wp-json\/wp\/v2\/product\/44266","targetHints":{"allow":["GET"]}}],"collection":[{"href":"https:\/\/bikeyfasty.store\/index.php\/wp-json\/wp\/v2\/product"}],"about":[{"href":"https:\/\/bikeyfasty.store\/index.php\/wp-json\/wp\/v2\/types\/product"}],"replies":[{"embeddable":true,"href":"https:\/\/bikeyfasty.store\/index.php\/wp-json\/wp\/v2\/comments?post=44266"}],"version-history":[{"count":3,"href":"https:\/\/bikeyfasty.store\/index.php\/wp-json\/wp\/v2\/product\/44266\/revisions"}],"predecessor-version":[{"id":53485,"href":"https:\/\/bikeyfasty.store\/index.php\/wp-json\/wp\/v2\/product\/44266\/revisions\/53485"}],"wp:featuredmedia":[{"embeddable":true,"href":"https:\/\/bikeyfasty.store\/index.php\/wp-json\/wp\/v2\/media\/44267"}],"wp:attachment":[{"href":"https:\/\/bikeyfasty.store\/index.php\/wp-json\/wp\/v2\/media?parent=44266"}],"wp:term":[{"taxonomy":"product_brand","embeddable":true,"href":"https:\/\/bikeyfasty.store\/index.php\/wp-json\/wp\/v2\/product_brand?post=44266"},{"taxonomy":"product_cat","embeddable":true,"href":"https:\/\/bikeyfasty.store\/index.php\/wp-json\/wp\/v2\/product_cat?post=44266"},{"taxonomy":"product_tag","embeddable":true,"href":"https:\/\/bikeyfasty.store\/index.php\/wp-json\/wp\/v2\/product_tag?post=44266"}],"curies":[{"name":"wp","href":"https:\/\/api.w.org\/{rel}","templated":true}]}}