{"id":44519,"date":"2024-10-18T12:51:02","date_gmt":"2024-10-18T10:51:02","guid":{"rendered":"https:\/\/bikeyfasty.store\/?post_type=product&#038;p=44519"},"modified":"2026-01-26T22:08:02","modified_gmt":"2026-01-26T21:08:02","slug":"academy-graad-3-riem-16-oceaan-2024","status":"publish","type":"product","link":"https:\/\/bikeyfasty.store\/index.php\/produkt\/academy-graad-3-riem-16-oceaan-2024\/","title":{"rendered":"ACADEMY Graad 3 Riem 16&#8243; Oceaan (2024)"},"content":{"rendered":"<div>\n<div class=\"flex justify-between items-center\">\n<h4 class=\"disclosure__title h5 mb-0\">Beschrijving<\/h4>\n<\/div>\n<\/div>\n<div class=\"disclosure__panel has-motion\">\n<div class=\"disclosure__content rte product-description\">\n<p><b>Ultralicht en ergonomisch, ACADEMY BIKES is geschikt voor kinderen &#8211; past als gegoten.<\/b><br \/>\n&#8222;Ontwikkeld door S&#8217;COOL&#8220;. De ontwikkelaars van de ACADEMY Bikes, in samenwerking met het Duitse Instituut voor Orthopedie, Osteopathie en Sportgeneeskunde (DIOOS), onder leiding van Dr. med. Andreas Elsner is erin geslaagd ultralichte juniorfietsen te ontwikkelen die voldoen aan de modernste ergonomische eisen. Alle modellen zijn lichter dan 40% van het normale kindergewicht, de frames met diepe en smalle trapassen zorgen voor een strakke, kindvriendelijke beenpositie. Dankzij de korte pedaalcranks en de rechtopstaande zitpositie kunt u altijd uw voeten op de grond zetten en toch een ergonomische kniepositie tijdens het rijden garanderen. ACADEMY-fietsen zijn compromisloos goed doordacht, met kindvriendelijke componenten ontworpen voor dagelijks gebruik in de stad en toch ontworpen om modern en cool te zijn.<\/p>\n<\/div>\n<div>\n<div class=\"flex justify-between items-center\">\n<h2 class=\"disclosure__title h5 mb-0\">Specificaties<\/h2>\n<\/div>\n<\/div>\n<div class=\"disclosure__panel has-motion\">\n<div class=\"disclosure__content\">\n<table class=\"specification-table\">\n<tbody>\n<tr>\n<td>Modeljahr<\/td>\n<td>2024<\/td>\n<\/tr>\n<tr>\n<td>Zielgruppe<\/td>\n<td>Kinderen<\/td>\n<\/tr>\n<tr class=\"table-head-spacing\">\n<th>Hauptinformationen<\/th>\n<\/tr>\n<tr>\n<td>Geschlecht:<\/td>\n<td>Jungen<\/td>\n<\/tr>\n<tr>\n<td>Laufradgr\u00f6\u00dfe:<\/td>\n<td>16 Zoll<\/td>\n<\/tr>\n<tr>\n<td>Anzahl G\u00e4nge gesamt:<\/td>\n<td>1<\/td>\n<\/tr>\n<tr>\n<td>Einsatzzweck:<\/td>\n<td>Allround<\/td>\n<\/tr>\n<tr>\n<td>Typ:<\/td>\n<td>kein E-Bike<\/td>\n<\/tr>\n<tr class=\"table-head-spacing\">\n<th>Rahmen<\/th>\n<\/tr>\n<tr>\n<td>Material Typ:<\/td>\n<td>Aluminium<\/td>\n<\/tr>\n<tr class=\"table-head-spacing\">\n<th>Lieferumfang<\/th>\n<\/tr>\n<tr>\n<td>inklusive Pedale:<\/td>\n<td>Ja<\/td>\n<\/tr>\n<tr class=\"table-head-spacing\">\n<th>Ma\u00df<\/th>\n<\/tr>\n<tr>\n<td>Gewicht (ca.):<\/td>\n<td>5.7 kg<\/td>\n<\/tr>\n<tr class=\"table-head-spacing\">\n<th>Gabel<\/th>\n<\/tr>\n<tr>\n<td>Bauart:<\/td>\n<td>Starrgabel<\/td>\n<\/tr>\n<tr class=\"table-head-spacing\">\n<th>Schaltwerk<\/th>\n<\/tr>\n<tr>\n<td>Antriebstyp:<\/td>\n<td>Singlespeed<\/td>\n<\/tr>\n<tr>\n<td>Anzahl G\u00e4nge:<\/td>\n<td>1<\/td>\n<\/tr>\n<tr class=\"table-head-spacing\">\n<th>Antrieb<\/th>\n<\/tr>\n<tr>\n<td>Antriebseinheit:<\/td>\n<td>4-Kant Antrieb, kugelgelagert<\/td>\n<\/tr>\n<tr>\n<td>Sicherheitskettenkasten:<\/td>\n<td>0<\/td>\n<\/tr>\n<tr class=\"table-head-spacing\">\n<th>Bremsen vorne<\/th>\n<\/tr>\n<tr>\n<td>Bremssystem:<\/td>\n<td>Felgenbremse<\/td>\n<\/tr>\n<tr class=\"table-head-spacing\">\n<th>Bremsen hinten<\/th>\n<\/tr>\n<tr>\n<td>Bremssystem:<\/td>\n<td>Felgenbremse<\/td>\n<\/tr>\n<tr class=\"table-head-spacing\">\n<th>Bremshebel<\/th>\n<\/tr>\n<tr>\n<td>Typ:<\/td>\n<td>Composite, schwarz<\/td>\n<\/tr>\n<tr class=\"table-head-spacing\">\n<th>Lenker<\/th>\n<\/tr>\n<tr>\n<td>Typ:<\/td>\n<td>470 mm BMX Style<\/td>\n<\/tr>\n<tr>\n<td>Griffe:<\/td>\n<td>Velo schwarz<\/td>\n<\/tr>\n<tr class=\"table-head-spacing\">\n<th>Vorbau<\/th>\n<\/tr>\n<tr>\n<td>Typ:<\/td>\n<td>Academy Ahead, 50 mm<\/td>\n<\/tr>\n<tr class=\"table-head-spacing\">\n<th>Nabe vorne<\/th>\n<\/tr>\n<tr>\n<td>Typ:<\/td>\n<td>Aluminium, 14G\/16H, schwarz<\/td>\n<\/tr>\n<tr class=\"table-head-spacing\">\n<th>Nabe hinten<\/th>\n<\/tr>\n<tr>\n<td>Typ:<\/td>\n<td>Aluminium, 14G\/16H, schwarz<\/td>\n<\/tr>\n<tr class=\"table-head-spacing\">\n<th>Reifen vorne<\/th>\n<\/tr>\n<tr>\n<td>Gr\u00f6\u00dfe (in Zoll):<\/td>\n<td>16 Zoll<\/td>\n<\/tr>\n<tr>\n<td>Breite:<\/td>\n<td>1.5 Zoll<\/td>\n<\/tr>\n<tr>\n<td>besondere Merkmale:<\/td>\n<td>Reflex<\/td>\n<\/tr>\n<tr class=\"table-head-spacing\">\n<th>Reifen hinten<\/th>\n<\/tr>\n<tr>\n<td>Gr\u00f6\u00dfe (in Zoll):<\/td>\n<td>16 Zoll<\/td>\n<\/tr>\n<tr>\n<td>Breite:<\/td>\n<td>1.5 Zoll<\/td>\n<\/tr>\n<tr>\n<td>besondere Merkmale:<\/td>\n<td>Reflex<\/td>\n<\/tr>\n<tr class=\"table-head-spacing\">\n<th>Ausstattung<\/th>\n<\/tr>\n<tr>\n<td>Pedale:<\/td>\n<td>95 x 80 x 23 mm, Kugellager, schwarz mit Reflektoren, 9\/16 Gewinde<\/td>\n<\/tr>\n<tr class=\"table-head-spacing\">\n<th>Details<\/th>\n<\/tr>\n<tr>\n<td>Details:<\/td>\n<td>maximales Fahrergewicht: 50 kg<\/td>\n<\/tr>\n<\/tbody>\n<\/table>\n<\/div>\n<\/div>\n<\/div>\n","protected":false},"excerpt":{"rendered":"<p>Typ:kein E-Bike<\/p>\n","protected":false},"featured_media":44520,"comment_status":"open","ping_status":"closed","template":"","meta":{"googlesitekit_rrm_CAowq6HFDA:productID":"","om_disable_all_campaigns":false,"_monsterinsights_skip_tracking":false,"_monsterinsights_sitenote_active":false,"_monsterinsights_sitenote_note":"","_monsterinsights_sitenote_category":0,"_uf_show_specific_survey":0,"_uf_disable_surveys":false},"product_brand":[],"product_cat":[715,718],"product_tag":[],"class_list":{"0":"post-44519","1":"product","2":"type-product","3":"status-publish","4":"has-post-thumbnail","6":"product_cat-jeugd-kinderfietsen","7":"product_cat-kinderfietsen","9":"first","10":"instock","11":"sale","12":"taxable","13":"shipping-taxable","14":"purchasable","15":"product-type-simple"},"aioseo_notices":[],"aioseo_head":"\n\t\t<!-- All in One SEO Pro 4.9.5.2 - aioseo.com -->\n\t<meta name=\"description\" content=\"Typ:kein E-Bike\" \/>\n\t<meta name=\"robots\" content=\"max-image-preview:large\" \/>\n\t<meta name=\"google-site-verification\" content=\"leF1qydUwZM4hbNEWkzXBgJ5cwNBnthZjCldnstJI-8\" \/>\n\t<meta name=\"msvalidate.01\" content=\"F4CE253B53A296EF4B982618F43BD699\" \/>\n\t<meta name=\"yandex-verification\" content=\"2c6c63eaf20e4d4b\" \/>\n\t<link rel=\"canonical\" href=\"https:\/\/bikeyfasty.store\/index.php\/produkt\/academy-graad-3-riem-16-oceaan-2024\/\" \/>\n\t<meta name=\"generator\" content=\"All in One SEO Pro (AIOSEO) 4.9.5.2\" \/>\n\t\t<meta property=\"og:locale\" content=\"de_DE\" \/>\n\t\t<meta property=\"og:site_name\" content=\"Bikey Fasty - Die bestenIhre besten Fahrr\u00e4der\" \/>\n\t\t<meta property=\"og:type\" content=\"article\" \/>\n\t\t<meta property=\"og:title\" content=\"ACADEMY Graad 3 Riem 16\u2033 Oceaan (2024) - Bikey Fasty\" \/>\n\t\t<meta property=\"og:description\" content=\"Typ:kein E-Bike\" \/>\n\t\t<meta property=\"og:url\" content=\"https:\/\/bikeyfasty.store\/index.php\/produkt\/academy-graad-3-riem-16-oceaan-2024\/\" \/>\n\t\t<meta property=\"og:image\" content=\"https:\/\/bikeyfasty.store\/wp-content\/uploads\/2026\/01\/unnamed-file.png\" \/>\n\t\t<meta property=\"og:image:secure_url\" content=\"https:\/\/bikeyfasty.store\/wp-content\/uploads\/2026\/01\/unnamed-file.png\" \/>\n\t\t<meta property=\"og:image:width\" content=\"616\" \/>\n\t\t<meta property=\"og:image:height\" content=\"447\" \/>\n\t\t<meta property=\"article:published_time\" content=\"2024-10-18T10:51:02+00:00\" \/>\n\t\t<meta property=\"article:modified_time\" content=\"2026-01-26T21:08:02+00:00\" \/>\n\t\t<meta name=\"twitter:card\" content=\"summary_large_image\" \/>\n\t\t<meta name=\"twitter:title\" content=\"ACADEMY Graad 3 Riem 16\u2033 Oceaan (2024) - Bikey Fasty\" \/>\n\t\t<meta name=\"twitter:description\" content=\"Typ:kein E-Bike\" \/>\n\t\t<meta name=\"twitter:image\" content=\"https:\/\/bikeyfasty.store\/wp-content\/uploads\/2026\/01\/unnamed-file.png\" \/>\n\t\t<script type=\"application\/ld+json\" class=\"aioseo-schema\">\n\t\t\t{\"@context\":\"https:\\\/\\\/schema.org\",\"@graph\":[{\"@type\":\"BreadcrumbList\",\"@id\":\"https:\\\/\\\/bikeyfasty.store\\\/index.php\\\/produkt\\\/academy-graad-3-riem-16-oceaan-2024\\\/#breadcrumblist\",\"itemListElement\":[{\"@type\":\"ListItem\",\"@id\":\"https:\\\/\\\/bikeyfasty.store#listItem\",\"position\":1,\"name\":\"Start\",\"item\":\"https:\\\/\\\/bikeyfasty.store\",\"nextItem\":{\"@type\":\"ListItem\",\"@id\":\"https:\\\/\\\/bikeyfasty.store\\\/index.php\\\/geschaft\\\/#listItem\",\"name\":\"Gesch\\u00e4ft\"}},{\"@type\":\"ListItem\",\"@id\":\"https:\\\/\\\/bikeyfasty.store\\\/index.php\\\/geschaft\\\/#listItem\",\"position\":2,\"name\":\"Gesch\\u00e4ft\",\"item\":\"https:\\\/\\\/bikeyfasty.store\\\/index.php\\\/geschaft\\\/\",\"nextItem\":{\"@type\":\"ListItem\",\"@id\":\"https:\\\/\\\/bikeyfasty.store\\\/index.php\\\/produkt-kategorie\\\/jeugd-kinderfietsen\\\/#listItem\",\"name\":\"Jeugd- &amp; Kinderfietsen\"},\"previousItem\":{\"@type\":\"ListItem\",\"@id\":\"https:\\\/\\\/bikeyfasty.store#listItem\",\"name\":\"Start\"}},{\"@type\":\"ListItem\",\"@id\":\"https:\\\/\\\/bikeyfasty.store\\\/index.php\\\/produkt-kategorie\\\/jeugd-kinderfietsen\\\/#listItem\",\"position\":3,\"name\":\"Jeugd- &amp; Kinderfietsen\",\"item\":\"https:\\\/\\\/bikeyfasty.store\\\/index.php\\\/produkt-kategorie\\\/jeugd-kinderfietsen\\\/\",\"nextItem\":{\"@type\":\"ListItem\",\"@id\":\"https:\\\/\\\/bikeyfasty.store\\\/index.php\\\/produkt-kategorie\\\/jeugd-kinderfietsen\\\/kinderfietsen\\\/#listItem\",\"name\":\"Kinderfietsen\"},\"previousItem\":{\"@type\":\"ListItem\",\"@id\":\"https:\\\/\\\/bikeyfasty.store\\\/index.php\\\/geschaft\\\/#listItem\",\"name\":\"Gesch\\u00e4ft\"}},{\"@type\":\"ListItem\",\"@id\":\"https:\\\/\\\/bikeyfasty.store\\\/index.php\\\/produkt-kategorie\\\/jeugd-kinderfietsen\\\/kinderfietsen\\\/#listItem\",\"position\":4,\"name\":\"Kinderfietsen\",\"item\":\"https:\\\/\\\/bikeyfasty.store\\\/index.php\\\/produkt-kategorie\\\/jeugd-kinderfietsen\\\/kinderfietsen\\\/\",\"nextItem\":{\"@type\":\"ListItem\",\"@id\":\"https:\\\/\\\/bikeyfasty.store\\\/index.php\\\/produkt\\\/academy-graad-3-riem-16-oceaan-2024\\\/#listItem\",\"name\":\"ACADEMY Graad 3 Riem 16&#8243; Oceaan (2024)\"},\"previousItem\":{\"@type\":\"ListItem\",\"@id\":\"https:\\\/\\\/bikeyfasty.store\\\/index.php\\\/produkt-kategorie\\\/jeugd-kinderfietsen\\\/#listItem\",\"name\":\"Jeugd- &amp; Kinderfietsen\"}},{\"@type\":\"ListItem\",\"@id\":\"https:\\\/\\\/bikeyfasty.store\\\/index.php\\\/produkt\\\/academy-graad-3-riem-16-oceaan-2024\\\/#listItem\",\"position\":5,\"name\":\"ACADEMY Graad 3 Riem 16&#8243; Oceaan (2024)\",\"previousItem\":{\"@type\":\"ListItem\",\"@id\":\"https:\\\/\\\/bikeyfasty.store\\\/index.php\\\/produkt-kategorie\\\/jeugd-kinderfietsen\\\/kinderfietsen\\\/#listItem\",\"name\":\"Kinderfietsen\"}}]},{\"@type\":\"ItemPage\",\"@id\":\"https:\\\/\\\/bikeyfasty.store\\\/index.php\\\/produkt\\\/academy-graad-3-riem-16-oceaan-2024\\\/#itempage\",\"url\":\"https:\\\/\\\/bikeyfasty.store\\\/index.php\\\/produkt\\\/academy-graad-3-riem-16-oceaan-2024\\\/\",\"name\":\"ACADEMY Graad 3 Riem 16\\u2033 Oceaan (2024) - Bikey Fasty\",\"description\":\"Typ:kein E-Bike\",\"inLanguage\":\"de-DE\",\"isPartOf\":{\"@id\":\"https:\\\/\\\/bikeyfasty.store\\\/#website\"},\"breadcrumb\":{\"@id\":\"https:\\\/\\\/bikeyfasty.store\\\/index.php\\\/produkt\\\/academy-graad-3-riem-16-oceaan-2024\\\/#breadcrumblist\"},\"image\":{\"@type\":\"ImageObject\",\"url\":\"https:\\\/\\\/bikeyfasty.store\\\/wp-content\\\/uploads\\\/2025\\\/10\\\/tryu.webp\",\"@id\":\"https:\\\/\\\/bikeyfasty.store\\\/index.php\\\/produkt\\\/academy-graad-3-riem-16-oceaan-2024\\\/#mainImage\",\"width\":900,\"height\":900},\"primaryImageOfPage\":{\"@id\":\"https:\\\/\\\/bikeyfasty.store\\\/index.php\\\/produkt\\\/academy-graad-3-riem-16-oceaan-2024\\\/#mainImage\"},\"datePublished\":\"2024-10-18T12:51:02+02:00\",\"dateModified\":\"2026-01-26T22:08:02+01:00\"},{\"@type\":\"Organization\",\"@id\":\"https:\\\/\\\/bikeyfasty.store\\\/#organization\",\"name\":\"#Bikey Fasty BIKEY FASTY\",\"description\":\"Die bestenIhre besten Fahrr\\u00e4der Deine elektrische Mobilit\\u00e4t beginnt hier Die Zukunft der Mobilit\\u00e4t \\u2013 heute\",\"url\":\"https:\\\/\\\/bikeyfasty.store\\\/\",\"email\":\"contact@bikeyfasty.store\",\"telephone\":\"+4915510400141\",\"foundingDate\":\"1945-11-29\",\"numberOfEmployees\":{\"@type\":\"QuantitativeValue\",\"value\":27},\"logo\":{\"@type\":\"ImageObject\",\"url\":\"https:\\\/\\\/bikeyfasty.store\\\/wp-content\\\/uploads\\\/2026\\\/01\\\/unnamed-file.png\",\"@id\":\"https:\\\/\\\/bikeyfasty.store\\\/index.php\\\/produkt\\\/academy-graad-3-riem-16-oceaan-2024\\\/#organizationLogo\",\"width\":616,\"height\":447,\"caption\":\"( ( ( ( (\"},\"image\":{\"@id\":\"https:\\\/\\\/bikeyfasty.store\\\/index.php\\\/produkt\\\/academy-graad-3-riem-16-oceaan-2024\\\/#organizationLogo\"},\"address\":{\"@id\":\"https:\\\/\\\/bikeyfasty.store\\\/#postaladdress\",\"@type\":\"PostalAddress\",\"streetAddress\":\"Karl-Liebknecht-Str. 13,\",\"postalCode\":\"10178\",\"addressLocality\":\"Berlin\",\"addressRegion\":\"Berlin\",\"addressCountry\":\"DE\"}},{\"@type\":\"WebPage\",\"@id\":\"https:\\\/\\\/bikeyfasty.store\\\/index.php\\\/produkt\\\/academy-graad-3-riem-16-oceaan-2024\\\/#webpage\",\"url\":\"https:\\\/\\\/bikeyfasty.store\\\/index.php\\\/produkt\\\/academy-graad-3-riem-16-oceaan-2024\\\/\",\"name\":\"ACADEMY Graad 3 Riem 16\\u2033 Oceaan (2024) - Bikey Fasty\",\"description\":\"Typ:kein E-Bike\",\"inLanguage\":\"de-DE\",\"isPartOf\":{\"@id\":\"https:\\\/\\\/bikeyfasty.store\\\/#website\"},\"breadcrumb\":{\"@id\":\"https:\\\/\\\/bikeyfasty.store\\\/index.php\\\/produkt\\\/academy-graad-3-riem-16-oceaan-2024\\\/#breadcrumblist\"},\"image\":{\"@type\":\"ImageObject\",\"url\":\"https:\\\/\\\/bikeyfasty.store\\\/wp-content\\\/uploads\\\/2025\\\/10\\\/tryu.webp\",\"@id\":\"https:\\\/\\\/bikeyfasty.store\\\/index.php\\\/produkt\\\/academy-graad-3-riem-16-oceaan-2024\\\/#mainImage\",\"width\":900,\"height\":900},\"primaryImageOfPage\":{\"@id\":\"https:\\\/\\\/bikeyfasty.store\\\/index.php\\\/produkt\\\/academy-graad-3-riem-16-oceaan-2024\\\/#mainImage\"},\"datePublished\":\"2024-10-18T12:51:02+02:00\",\"dateModified\":\"2026-01-26T22:08:02+01:00\"},{\"@type\":\"WebSite\",\"@id\":\"https:\\\/\\\/bikeyfasty.store\\\/#website\",\"url\":\"https:\\\/\\\/bikeyfasty.store\\\/\",\"name\":\"Bikey Fasty\",\"description\":\"Die bestenIhre besten Fahrr\\u00e4der\",\"inLanguage\":\"de-DE\",\"publisher\":{\"@id\":\"https:\\\/\\\/bikeyfasty.store\\\/#organization\"}}]}\n\t\t<\/script>\n\t\t<script type=\"text\/javascript\">\n\t\t\t(function(c,l,a,r,i,t,y){\n\t\t\tc[a]=c[a]||function(){(c[a].q=c[a].q||[]).push(arguments)};t=l.createElement(r);t.async=1;\n\t\t\tt.src=\"https:\/\/www.clarity.ms\/tag\/\"+i+\"?ref=aioseo\";y=l.getElementsByTagName(r)[0];y.parentNode.insertBefore(t,y);\n\t\t})(window, document, \"clarity\", \"script\", \"v74e4fvqvw\");\n\t\t<\/script>\n\t\t<!-- All in One SEO Pro -->\r\n\t\t<title>ACADEMY Graad 3 Riem 16\u2033 Oceaan (2024) - Bikey Fasty<\/title>\n\n","aioseo_head_json":{"title":"ACADEMY Graad 3 Riem 16\u2033 Oceaan (2024) - Bikey Fasty","description":"Typ:kein E-Bike","canonical_url":"https:\/\/bikeyfasty.store\/index.php\/produkt\/academy-graad-3-riem-16-oceaan-2024\/","robots":"max-image-preview:large","keywords":"","webmasterTools":{"google-site-verification":"leF1qydUwZM4hbNEWkzXBgJ5cwNBnthZjCldnstJI-8","msvalidate.01":"F4CE253B53A296EF4B982618F43BD699","yandex-verification":"2c6c63eaf20e4d4b","miscellaneous":""},"schema":{"@context":"https:\/\/schema.org","@graph":[{"@type":"BreadcrumbList","@id":"https:\/\/bikeyfasty.store\/index.php\/produkt\/academy-graad-3-riem-16-oceaan-2024\/#breadcrumblist","itemListElement":[{"@type":"ListItem","@id":"https:\/\/bikeyfasty.store#listItem","position":1,"name":"Start","item":"https:\/\/bikeyfasty.store","nextItem":{"@type":"ListItem","@id":"https:\/\/bikeyfasty.store\/index.php\/geschaft\/#listItem","name":"Gesch\u00e4ft"}},{"@type":"ListItem","@id":"https:\/\/bikeyfasty.store\/index.php\/geschaft\/#listItem","position":2,"name":"Gesch\u00e4ft","item":"https:\/\/bikeyfasty.store\/index.php\/geschaft\/","nextItem":{"@type":"ListItem","@id":"https:\/\/bikeyfasty.store\/index.php\/produkt-kategorie\/jeugd-kinderfietsen\/#listItem","name":"Jeugd- &amp; Kinderfietsen"},"previousItem":{"@type":"ListItem","@id":"https:\/\/bikeyfasty.store#listItem","name":"Start"}},{"@type":"ListItem","@id":"https:\/\/bikeyfasty.store\/index.php\/produkt-kategorie\/jeugd-kinderfietsen\/#listItem","position":3,"name":"Jeugd- &amp; Kinderfietsen","item":"https:\/\/bikeyfasty.store\/index.php\/produkt-kategorie\/jeugd-kinderfietsen\/","nextItem":{"@type":"ListItem","@id":"https:\/\/bikeyfasty.store\/index.php\/produkt-kategorie\/jeugd-kinderfietsen\/kinderfietsen\/#listItem","name":"Kinderfietsen"},"previousItem":{"@type":"ListItem","@id":"https:\/\/bikeyfasty.store\/index.php\/geschaft\/#listItem","name":"Gesch\u00e4ft"}},{"@type":"ListItem","@id":"https:\/\/bikeyfasty.store\/index.php\/produkt-kategorie\/jeugd-kinderfietsen\/kinderfietsen\/#listItem","position":4,"name":"Kinderfietsen","item":"https:\/\/bikeyfasty.store\/index.php\/produkt-kategorie\/jeugd-kinderfietsen\/kinderfietsen\/","nextItem":{"@type":"ListItem","@id":"https:\/\/bikeyfasty.store\/index.php\/produkt\/academy-graad-3-riem-16-oceaan-2024\/#listItem","name":"ACADEMY Graad 3 Riem 16&#8243; Oceaan (2024)"},"previousItem":{"@type":"ListItem","@id":"https:\/\/bikeyfasty.store\/index.php\/produkt-kategorie\/jeugd-kinderfietsen\/#listItem","name":"Jeugd- &amp; Kinderfietsen"}},{"@type":"ListItem","@id":"https:\/\/bikeyfasty.store\/index.php\/produkt\/academy-graad-3-riem-16-oceaan-2024\/#listItem","position":5,"name":"ACADEMY Graad 3 Riem 16&#8243; Oceaan (2024)","previousItem":{"@type":"ListItem","@id":"https:\/\/bikeyfasty.store\/index.php\/produkt-kategorie\/jeugd-kinderfietsen\/kinderfietsen\/#listItem","name":"Kinderfietsen"}}]},{"@type":"ItemPage","@id":"https:\/\/bikeyfasty.store\/index.php\/produkt\/academy-graad-3-riem-16-oceaan-2024\/#itempage","url":"https:\/\/bikeyfasty.store\/index.php\/produkt\/academy-graad-3-riem-16-oceaan-2024\/","name":"ACADEMY Graad 3 Riem 16\u2033 Oceaan (2024) - Bikey Fasty","description":"Typ:kein E-Bike","inLanguage":"de-DE","isPartOf":{"@id":"https:\/\/bikeyfasty.store\/#website"},"breadcrumb":{"@id":"https:\/\/bikeyfasty.store\/index.php\/produkt\/academy-graad-3-riem-16-oceaan-2024\/#breadcrumblist"},"image":{"@type":"ImageObject","url":"https:\/\/bikeyfasty.store\/wp-content\/uploads\/2025\/10\/tryu.webp","@id":"https:\/\/bikeyfasty.store\/index.php\/produkt\/academy-graad-3-riem-16-oceaan-2024\/#mainImage","width":900,"height":900},"primaryImageOfPage":{"@id":"https:\/\/bikeyfasty.store\/index.php\/produkt\/academy-graad-3-riem-16-oceaan-2024\/#mainImage"},"datePublished":"2024-10-18T12:51:02+02:00","dateModified":"2026-01-26T22:08:02+01:00"},{"@type":"Organization","@id":"https:\/\/bikeyfasty.store\/#organization","name":"#Bikey Fasty BIKEY FASTY","description":"Die bestenIhre besten Fahrr\u00e4der Deine elektrische Mobilit\u00e4t beginnt hier Die Zukunft der Mobilit\u00e4t \u2013 heute","url":"https:\/\/bikeyfasty.store\/","email":"contact@bikeyfasty.store","telephone":"+4915510400141","foundingDate":"1945-11-29","numberOfEmployees":{"@type":"QuantitativeValue","value":27},"logo":{"@type":"ImageObject","url":"https:\/\/bikeyfasty.store\/wp-content\/uploads\/2026\/01\/unnamed-file.png","@id":"https:\/\/bikeyfasty.store\/index.php\/produkt\/academy-graad-3-riem-16-oceaan-2024\/#organizationLogo","width":616,"height":447,"caption":"( ( ( ( ("},"image":{"@id":"https:\/\/bikeyfasty.store\/index.php\/produkt\/academy-graad-3-riem-16-oceaan-2024\/#organizationLogo"},"address":{"@id":"https:\/\/bikeyfasty.store\/#postaladdress","@type":"PostalAddress","streetAddress":"Karl-Liebknecht-Str. 13,","postalCode":"10178","addressLocality":"Berlin","addressRegion":"Berlin","addressCountry":"DE"}},{"@type":"WebPage","@id":"https:\/\/bikeyfasty.store\/index.php\/produkt\/academy-graad-3-riem-16-oceaan-2024\/#webpage","url":"https:\/\/bikeyfasty.store\/index.php\/produkt\/academy-graad-3-riem-16-oceaan-2024\/","name":"ACADEMY Graad 3 Riem 16\u2033 Oceaan (2024) - Bikey Fasty","description":"Typ:kein E-Bike","inLanguage":"de-DE","isPartOf":{"@id":"https:\/\/bikeyfasty.store\/#website"},"breadcrumb":{"@id":"https:\/\/bikeyfasty.store\/index.php\/produkt\/academy-graad-3-riem-16-oceaan-2024\/#breadcrumblist"},"image":{"@type":"ImageObject","url":"https:\/\/bikeyfasty.store\/wp-content\/uploads\/2025\/10\/tryu.webp","@id":"https:\/\/bikeyfasty.store\/index.php\/produkt\/academy-graad-3-riem-16-oceaan-2024\/#mainImage","width":900,"height":900},"primaryImageOfPage":{"@id":"https:\/\/bikeyfasty.store\/index.php\/produkt\/academy-graad-3-riem-16-oceaan-2024\/#mainImage"},"datePublished":"2024-10-18T12:51:02+02:00","dateModified":"2026-01-26T22:08:02+01:00"},{"@type":"WebSite","@id":"https:\/\/bikeyfasty.store\/#website","url":"https:\/\/bikeyfasty.store\/","name":"Bikey Fasty","description":"Die bestenIhre besten Fahrr\u00e4der","inLanguage":"de-DE","publisher":{"@id":"https:\/\/bikeyfasty.store\/#organization"}}]},"og:locale":"de_DE","og:site_name":"Bikey Fasty - Die bestenIhre besten Fahrr\u00e4der","og:type":"article","og:title":"ACADEMY Graad 3 Riem 16\u2033 Oceaan (2024) - Bikey Fasty","og:description":"Typ:kein E-Bike","og:url":"https:\/\/bikeyfasty.store\/index.php\/produkt\/academy-graad-3-riem-16-oceaan-2024\/","og:image":"https:\/\/bikeyfasty.store\/wp-content\/uploads\/2026\/01\/unnamed-file.png","og:image:secure_url":"https:\/\/bikeyfasty.store\/wp-content\/uploads\/2026\/01\/unnamed-file.png","og:image:width":616,"og:image:height":447,"article:published_time":"2024-10-18T10:51:02+00:00","article:modified_time":"2026-01-26T21:08:02+00:00","twitter:card":"summary_large_image","twitter:title":"ACADEMY Graad 3 Riem 16\u2033 Oceaan (2024) - Bikey Fasty","twitter:description":"Typ:kein E-Bike","twitter:image":"https:\/\/bikeyfasty.store\/wp-content\/uploads\/2026\/01\/unnamed-file.png"},"aioseo_meta_data":{"post_id":"44519","title":null,"description":null,"keywords":null,"keyphrases":{"focus":{"keyphrase":"","score":0,"analysis":{"keyphraseInTitle":{"score":0,"maxScore":9,"error":1}}},"additional":[]},"primary_term":null,"canonical_url":null,"og_title":null,"og_description":null,"og_object_type":"default","og_image_type":"default","og_image_url":null,"og_image_width":null,"og_image_height":null,"og_image_custom_url":null,"og_image_custom_fields":null,"og_video":"","og_custom_url":null,"og_article_section":null,"og_article_tags":null,"twitter_use_og":false,"twitter_card":"default","twitter_image_type":"default","twitter_image_url":null,"twitter_image_custom_url":null,"twitter_image_custom_fields":null,"twitter_title":null,"twitter_description":null,"schema":{"blockGraphs":[],"customGraphs":[],"default":{"data":{"Article":[],"Course":[],"Dataset":[],"FAQPage":[],"Movie":[],"Person":[],"Product":[],"ProductReview":[],"Car":[],"Recipe":[],"Service":[],"SoftwareApplication":[],"WebPage":[]},"graphName":"ItemPage","isEnabled":true},"graphs":[]},"schema_type":"default","schema_type_options":null,"pillar_content":false,"robots_default":true,"robots_noindex":false,"robots_noarchive":false,"robots_nosnippet":false,"robots_nofollow":false,"robots_noimageindex":false,"robots_noodp":false,"robots_notranslate":false,"robots_max_snippet":"-1","robots_max_videopreview":"-1","robots_max_imagepreview":"large","priority":null,"frequency":"default","local_seo":null,"seo_analyzer_scan_date":"2026-01-26 21:08:46","breadcrumb_settings":null,"limit_modified_date":false,"reviewed_by":"0","open_ai":null,"ai":{"faqs":[],"keyPoints":[],"titles":[],"descriptions":[],"socialPosts":{"email":[],"linkedin":[],"twitter":[],"facebook":[],"instagram":[]}},"created":"2025-10-15 07:05:19","updated":"2026-01-26 21:12:38"},"aioseo_breadcrumb":"<div class=\"aioseo-breadcrumbs\"><span class=\"aioseo-breadcrumb\">\n\t<a href=\"https:\/\/bikeyfasty.store\" title=\"Start\">Start<\/a>\n<\/span><span class=\"aioseo-breadcrumb-separator\">\u00bb<\/span><span class=\"aioseo-breadcrumb\">\n\t<a href=\"https:\/\/bikeyfasty.store\/index.php\/geschaft\/\" title=\"Gesch\u00e4ft\">Gesch\u00e4ft<\/a>\n<\/span><span class=\"aioseo-breadcrumb-separator\">\u00bb<\/span><span class=\"aioseo-breadcrumb\">\n\t<a href=\"https:\/\/bikeyfasty.store\/index.php\/produkt-kategorie\/jeugd-kinderfietsen\/\" title=\"Jeugd- &amp; Kinderfietsen\">Jeugd- &amp; Kinderfietsen<\/a>\n<\/span><span class=\"aioseo-breadcrumb-separator\">\u00bb<\/span><span class=\"aioseo-breadcrumb\">\n\t<a href=\"https:\/\/bikeyfasty.store\/index.php\/produkt-kategorie\/jeugd-kinderfietsen\/kinderfietsen\/\" title=\"Kinderfietsen\">Kinderfietsen<\/a>\n<\/span><span class=\"aioseo-breadcrumb-separator\">\u00bb<\/span><span class=\"aioseo-breadcrumb\">\n\tACADEMY Graad 3 Riem 16\u2033 Oceaan (2024)\n<\/span><\/div>","aioseo_breadcrumb_json":[{"label":"Start","link":"https:\/\/bikeyfasty.store"},{"label":"Gesch\u00e4ft","link":"https:\/\/bikeyfasty.store\/index.php\/geschaft\/"},{"label":"Jeugd- &amp; Kinderfietsen","link":"https:\/\/bikeyfasty.store\/index.php\/produkt-kategorie\/jeugd-kinderfietsen\/"},{"label":"Kinderfietsen","link":"https:\/\/bikeyfasty.store\/index.php\/produkt-kategorie\/jeugd-kinderfietsen\/kinderfietsen\/"},{"label":"ACADEMY Graad 3 Riem 16&#8243; Oceaan (2024)","link":"https:\/\/bikeyfasty.store\/index.php\/produkt\/academy-graad-3-riem-16-oceaan-2024\/"}],"_links":{"self":[{"href":"https:\/\/bikeyfasty.store\/index.php\/wp-json\/wp\/v2\/product\/44519","targetHints":{"allow":["GET"]}}],"collection":[{"href":"https:\/\/bikeyfasty.store\/index.php\/wp-json\/wp\/v2\/product"}],"about":[{"href":"https:\/\/bikeyfasty.store\/index.php\/wp-json\/wp\/v2\/types\/product"}],"replies":[{"embeddable":true,"href":"https:\/\/bikeyfasty.store\/index.php\/wp-json\/wp\/v2\/comments?post=44519"}],"version-history":[{"count":3,"href":"https:\/\/bikeyfasty.store\/index.php\/wp-json\/wp\/v2\/product\/44519\/revisions"}],"predecessor-version":[{"id":52073,"href":"https:\/\/bikeyfasty.store\/index.php\/wp-json\/wp\/v2\/product\/44519\/revisions\/52073"}],"wp:featuredmedia":[{"embeddable":true,"href":"https:\/\/bikeyfasty.store\/index.php\/wp-json\/wp\/v2\/media\/44520"}],"wp:attachment":[{"href":"https:\/\/bikeyfasty.store\/index.php\/wp-json\/wp\/v2\/media?parent=44519"}],"wp:term":[{"taxonomy":"product_brand","embeddable":true,"href":"https:\/\/bikeyfasty.store\/index.php\/wp-json\/wp\/v2\/product_brand?post=44519"},{"taxonomy":"product_cat","embeddable":true,"href":"https:\/\/bikeyfasty.store\/index.php\/wp-json\/wp\/v2\/product_cat?post=44519"},{"taxonomy":"product_tag","embeddable":true,"href":"https:\/\/bikeyfasty.store\/index.php\/wp-json\/wp\/v2\/product_tag?post=44519"}],"curies":[{"name":"wp","href":"https:\/\/api.w.org\/{rel}","templated":true}]}}