{"id":49964,"date":"2025-12-02T02:34:37","date_gmt":"2025-12-02T01:34:37","guid":{"rendered":"https:\/\/bikeyfasty.store\/?post_type=product&#038;p=49964"},"modified":"2026-03-03T18:01:13","modified_gmt":"2026-03-03T17:01:13","slug":"superx-carbon-2-carbon-gravel-bike-2026-cashmere","status":"publish","type":"product","link":"https:\/\/bikeyfasty.store\/index.php\/produkt\/superx-carbon-2-carbon-gravel-bike-2026-cashmere\/","title":{"rendered":"SuperX Carbon 2-Carbon Gravel Bike cashmere 2026"},"content":{"rendered":"<h5>Cannondale SuperX Carbon 2 &#8211; Carbon Gravel Bike 2026 | cashmere<\/h5>\n<p>&nbsp;<\/p>\n<p>Eine reine Gravel-Rennmaschine, die sich auf eine Sache konzentriert: die F\u00fchrung \u00fcbernehmen und dort bleiben.<\/p>\n<p>&nbsp;<\/p>\n<ul>\n<li>super leichter, widerstandsarmer SuperX-Carbonrahmen, mit lebenslanger Garantie<\/li>\n<li>fehlerfreies Schalten dank Shimanos erstklassiger elektronischer Gravel-Gruppe GRX Di2 825<\/li>\n<li>kraftvolles, kontrolliertes Bremsen dank hydraulischer Shimano GRX 820 Scheibenbremsen mit CL800 Rotoren<\/li>\n<li>Reserves au\u00dfergew\u00f6hnliche 40 I 44 GR Carbon-Gravel-Laufr\u00e4der mit DT Swiss 370-Naben. Leicht, langlebig und unglaublich schnell<\/li>\n<li>unser schlanker Conceal-Vorbau mit Kabelf\u00fchrung und dem leichten, ergonomischen Vision Trimax Aero Alloy-Lenker<\/li>\n<li>Vittoria Terreno T50, 700x40c, tubeless-f\u00e4hige Reifen bieten unvergleichliche Geschwindigkeit und Leistungsf\u00e4higkeit auf einer Vielzahl von Untergr\u00fcnden<\/li>\n<\/ul>\n<p>&nbsp;<\/p>\n<p><strong>Rahmen<\/strong>: SuperX Carbon, Proportional Response construction, internal cable routing, 12x142mm thru-axle, UDH BSA 68mm threaded BB, flat mount disc, integrated seatpost binder<br \/>\n<strong>Gr\u00f6\u00dfen<\/strong>: 46cm, 51cm, 54cm, 56cm, 58cm, 61cm<br \/>\n<strong>Gabel<\/strong>: SuperX Carbon, integrated crown race, 12x100mm thru-axle, flat mount disc, internal routing, 1-1\/8&#8243; to 1-1\/2&#8243; Delta steerer, 55mm Offset<br \/>\n<strong>Steuers\u00e4tze<\/strong>: Integrated, 1-1\/8&#8243; &#8211; 1.5&#8243;<br \/>\n<strong>Vorbau<\/strong>: Cannondale C1 Conceal, Alloy, 31.8, -6\u00b0<br \/>\n<strong>Lenker<\/strong>: Vision Trimax Aero Alloy<br \/>\n<strong>Griffe<\/strong>: Cannondale Bar Tape, 3.5mm<br \/>\n<strong>Bremsen<\/strong>: Shimano GRX 820, 160\/160mm CL800 Rotors<br \/>\n<strong>Schalthebel<\/strong>: Shimano GRX 825, Di2, 12-speed<br \/>\n<strong>Schaltwerk<\/strong>: Shimano GRX 825, Di2, Shadow RD+<br \/>\n<strong>Kurbel<\/strong>: Shimano RX 820, 48\/31<br \/>\n<strong>Tretlager<\/strong>: Shimano BSA 68<br \/>\n<strong>Kassette<\/strong>: Shimano Ultegra R8100, 11-34, 12-speed<br \/>\n<strong>Kette<\/strong>: Shimano M8100, 12-speed<br \/>\n<strong>Naben<\/strong>: (F) DT Swiss 370, 12x100mm centerlock \/ (R) DT Swiss 370, 12x142mm centerlock<br \/>\n<strong>Felgen<\/strong>: Reserve 40|44 GR, Carbon, Turbulent Aero tech, 24h, tubeless ready<br \/>\n<strong>Speichen<\/strong>: Sapim CX-Delta J-bend<br \/>\n<strong>Reifen<\/strong>: Vittoria Terreno T50, 700x40c, tubeless ready<br \/>\n<strong>Sattel<\/strong>: Prologo Dimension AGX T4.0<br \/>\n<strong>Sattelst\u00fctze<\/strong>: Cannondale C1 Aero 27 Carbon, SmartSense compatible, 0mm offset (46cm), 20mm offset (51-61cm)<br \/>\n<strong>Extras<\/strong>: Reserve Fillmore valves, Shimano Di2 charger, Cannondale Wheel Sensor<\/p>\n","protected":false},"excerpt":{"rendered":"<p>Eine reine Gravel-Rennmaschine, die sich auf eine Sache konzentriert: die F\u00fchrung \u00fcbernehmen und dort bleiben.super leichter, widerstandsarmer SuperX-Carbonrahm<\/p>\n","protected":false},"featured_media":49965,"comment_status":"open","ping_status":"closed","template":"","meta":{"googlesitekit_rrm_CAowq6HFDA:productID":"","om_disable_all_campaigns":false,"_monsterinsights_skip_tracking":false,"_monsterinsights_sitenote_active":false,"_monsterinsights_sitenote_note":"","_monsterinsights_sitenote_category":0,"_uf_show_specific_survey":0,"_uf_disable_surveys":false},"product_brand":[],"product_cat":[512],"product_tag":[],"class_list":{"0":"post-49964","1":"product","2":"type-product","3":"status-publish","4":"has-post-thumbnail","6":"product_cat-fahrraeder","8":"first","9":"instock","10":"sale","11":"taxable","12":"shipping-taxable","13":"purchasable","14":"product-type-variable"},"aioseo_notices":[],"aioseo_head":"\n\t\t<!-- All in One SEO Pro 4.9.5.2 - aioseo.com -->\n\t<meta name=\"description\" content=\"Eine reine Gravel-Rennmaschine, die sich auf eine Sache konzentriert: die F\u00fchrung \u00fcbernehmen und dort bleiben.super leichter, widerstandsarmer SuperX-Carbonrahm\" \/>\n\t<meta name=\"robots\" content=\"max-image-preview:large\" \/>\n\t<meta name=\"google-site-verification\" content=\"leF1qydUwZM4hbNEWkzXBgJ5cwNBnthZjCldnstJI-8\" \/>\n\t<meta name=\"msvalidate.01\" content=\"F4CE253B53A296EF4B982618F43BD699\" \/>\n\t<meta name=\"yandex-verification\" content=\"2c6c63eaf20e4d4b\" \/>\n\t<link rel=\"canonical\" href=\"https:\/\/bikeyfasty.store\/index.php\/produkt\/superx-carbon-2-carbon-gravel-bike-2026-cashmere\/\" \/>\n\t<meta name=\"generator\" content=\"All in One SEO Pro (AIOSEO) 4.9.5.2\" \/>\n\t\t<meta property=\"og:locale\" content=\"de_DE\" \/>\n\t\t<meta property=\"og:site_name\" content=\"Bikey Fasty - Die bestenIhre besten Fahrr\u00e4der\" \/>\n\t\t<meta property=\"og:type\" content=\"article\" \/>\n\t\t<meta property=\"og:title\" content=\"SuperX Carbon 2-Carbon Gravel Bike cashmere 2026 - Bikey Fasty\" \/>\n\t\t<meta property=\"og:description\" content=\"Eine reine Gravel-Rennmaschine, die sich auf eine Sache konzentriert: die F\u00fchrung \u00fcbernehmen und dort bleiben.super leichter, widerstandsarmer SuperX-Carbonrahm\" \/>\n\t\t<meta property=\"og:url\" content=\"https:\/\/bikeyfasty.store\/index.php\/produkt\/superx-carbon-2-carbon-gravel-bike-2026-cashmere\/\" \/>\n\t\t<meta property=\"og:image\" content=\"https:\/\/bikeyfasty.store\/wp-content\/uploads\/2026\/01\/unnamed-file.png\" \/>\n\t\t<meta property=\"og:image:secure_url\" content=\"https:\/\/bikeyfasty.store\/wp-content\/uploads\/2026\/01\/unnamed-file.png\" \/>\n\t\t<meta property=\"og:image:width\" content=\"616\" \/>\n\t\t<meta property=\"og:image:height\" content=\"447\" \/>\n\t\t<meta property=\"article:published_time\" content=\"2025-12-02T01:34:37+00:00\" \/>\n\t\t<meta property=\"article:modified_time\" content=\"2026-03-03T17:01:13+00:00\" \/>\n\t\t<meta name=\"twitter:card\" content=\"summary_large_image\" \/>\n\t\t<meta name=\"twitter:title\" content=\"SuperX Carbon 2-Carbon Gravel Bike cashmere 2026 - Bikey Fasty\" \/>\n\t\t<meta name=\"twitter:description\" content=\"Eine reine Gravel-Rennmaschine, die sich auf eine Sache konzentriert: die F\u00fchrung \u00fcbernehmen und dort bleiben.super leichter, widerstandsarmer SuperX-Carbonrahm\" \/>\n\t\t<meta name=\"twitter:image\" content=\"https:\/\/bikeyfasty.store\/wp-content\/uploads\/2026\/01\/unnamed-file.png\" \/>\n\t\t<script type=\"application\/ld+json\" class=\"aioseo-schema\">\n\t\t\t{\"@context\":\"https:\\\/\\\/schema.org\",\"@graph\":[{\"@type\":\"BreadcrumbList\",\"@id\":\"https:\\\/\\\/bikeyfasty.store\\\/index.php\\\/produkt\\\/superx-carbon-2-carbon-gravel-bike-2026-cashmere\\\/#breadcrumblist\",\"itemListElement\":[{\"@type\":\"ListItem\",\"@id\":\"https:\\\/\\\/bikeyfasty.store#listItem\",\"position\":1,\"name\":\"Start\",\"item\":\"https:\\\/\\\/bikeyfasty.store\",\"nextItem\":{\"@type\":\"ListItem\",\"@id\":\"https:\\\/\\\/bikeyfasty.store\\\/index.php\\\/geschaft\\\/#listItem\",\"name\":\"Gesch\\u00e4ft\"}},{\"@type\":\"ListItem\",\"@id\":\"https:\\\/\\\/bikeyfasty.store\\\/index.php\\\/geschaft\\\/#listItem\",\"position\":2,\"name\":\"Gesch\\u00e4ft\",\"item\":\"https:\\\/\\\/bikeyfasty.store\\\/index.php\\\/geschaft\\\/\",\"nextItem\":{\"@type\":\"ListItem\",\"@id\":\"https:\\\/\\\/bikeyfasty.store\\\/index.php\\\/produkt-kategorie\\\/fahrraeder\\\/#listItem\",\"name\":\"Fahrr\\u00e4der\"},\"previousItem\":{\"@type\":\"ListItem\",\"@id\":\"https:\\\/\\\/bikeyfasty.store#listItem\",\"name\":\"Start\"}},{\"@type\":\"ListItem\",\"@id\":\"https:\\\/\\\/bikeyfasty.store\\\/index.php\\\/produkt-kategorie\\\/fahrraeder\\\/#listItem\",\"position\":3,\"name\":\"Fahrr\\u00e4der\",\"item\":\"https:\\\/\\\/bikeyfasty.store\\\/index.php\\\/produkt-kategorie\\\/fahrraeder\\\/\",\"nextItem\":{\"@type\":\"ListItem\",\"@id\":\"https:\\\/\\\/bikeyfasty.store\\\/index.php\\\/produkt\\\/superx-carbon-2-carbon-gravel-bike-2026-cashmere\\\/#listItem\",\"name\":\"SuperX Carbon 2-Carbon Gravel Bike cashmere 2026\"},\"previousItem\":{\"@type\":\"ListItem\",\"@id\":\"https:\\\/\\\/bikeyfasty.store\\\/index.php\\\/geschaft\\\/#listItem\",\"name\":\"Gesch\\u00e4ft\"}},{\"@type\":\"ListItem\",\"@id\":\"https:\\\/\\\/bikeyfasty.store\\\/index.php\\\/produkt\\\/superx-carbon-2-carbon-gravel-bike-2026-cashmere\\\/#listItem\",\"position\":4,\"name\":\"SuperX Carbon 2-Carbon Gravel Bike cashmere 2026\",\"previousItem\":{\"@type\":\"ListItem\",\"@id\":\"https:\\\/\\\/bikeyfasty.store\\\/index.php\\\/produkt-kategorie\\\/fahrraeder\\\/#listItem\",\"name\":\"Fahrr\\u00e4der\"}}]},{\"@type\":\"ItemPage\",\"@id\":\"https:\\\/\\\/bikeyfasty.store\\\/index.php\\\/produkt\\\/superx-carbon-2-carbon-gravel-bike-2026-cashmere\\\/#itempage\",\"url\":\"https:\\\/\\\/bikeyfasty.store\\\/index.php\\\/produkt\\\/superx-carbon-2-carbon-gravel-bike-2026-cashmere\\\/\",\"name\":\"SuperX Carbon 2-Carbon Gravel Bike cashmere 2026 - Bikey Fasty\",\"description\":\"Eine reine Gravel-Rennmaschine, die sich auf eine Sache konzentriert: die F\\u00fchrung \\u00fcbernehmen und dort bleiben.super leichter, widerstandsarmer SuperX-Carbonrahm\",\"inLanguage\":\"de-DE\",\"isPartOf\":{\"@id\":\"https:\\\/\\\/bikeyfasty.store\\\/#website\"},\"breadcrumb\":{\"@id\":\"https:\\\/\\\/bikeyfasty.store\\\/index.php\\\/produkt\\\/superx-carbon-2-carbon-gravel-bike-2026-cashmere\\\/#breadcrumblist\"},\"image\":{\"@type\":\"ImageObject\",\"url\":\"https:\\\/\\\/bikeyfasty.store\\\/wp-content\\\/uploads\\\/2025\\\/12\\\/656749_1_cannondale-superx-carbon-2-carbon-gravel-bike-2026_cashmere124076_124076_2200x1760_1920x1536.webp\",\"@id\":\"https:\\\/\\\/bikeyfasty.store\\\/index.php\\\/produkt\\\/superx-carbon-2-carbon-gravel-bike-2026-cashmere\\\/#mainImage\",\"width\":1600,\"height\":1280,\"caption\":\"656749 1 cannondale superx carbon 2 carbon gravel bike 2026 cashmere124076 124076 2200x1760 1920x1536\"},\"primaryImageOfPage\":{\"@id\":\"https:\\\/\\\/bikeyfasty.store\\\/index.php\\\/produkt\\\/superx-carbon-2-carbon-gravel-bike-2026-cashmere\\\/#mainImage\"},\"datePublished\":\"2025-12-02T02:34:37+01:00\",\"dateModified\":\"2026-03-03T18:01:13+01:00\"},{\"@type\":\"Organization\",\"@id\":\"https:\\\/\\\/bikeyfasty.store\\\/#organization\",\"name\":\"#Bikey Fasty BIKEY FASTY\",\"description\":\"Die bestenIhre besten Fahrr\\u00e4der Deine elektrische Mobilit\\u00e4t beginnt hier Die Zukunft der Mobilit\\u00e4t \\u2013 heute\",\"url\":\"https:\\\/\\\/bikeyfasty.store\\\/\",\"email\":\"contact@bikeyfasty.store\",\"telephone\":\"+4915510400141\",\"foundingDate\":\"1945-11-29\",\"numberOfEmployees\":{\"@type\":\"QuantitativeValue\",\"value\":27},\"logo\":{\"@type\":\"ImageObject\",\"url\":\"https:\\\/\\\/bikeyfasty.store\\\/wp-content\\\/uploads\\\/2026\\\/01\\\/unnamed-file.png\",\"@id\":\"https:\\\/\\\/bikeyfasty.store\\\/index.php\\\/produkt\\\/superx-carbon-2-carbon-gravel-bike-2026-cashmere\\\/#organizationLogo\",\"width\":616,\"height\":447,\"caption\":\"( ( ( ( (\"},\"image\":{\"@id\":\"https:\\\/\\\/bikeyfasty.store\\\/index.php\\\/produkt\\\/superx-carbon-2-carbon-gravel-bike-2026-cashmere\\\/#organizationLogo\"},\"address\":{\"@id\":\"https:\\\/\\\/bikeyfasty.store\\\/#postaladdress\",\"@type\":\"PostalAddress\",\"streetAddress\":\"Karl-Liebknecht-Str. 13,\",\"postalCode\":\"10178\",\"addressLocality\":\"Berlin\",\"addressRegion\":\"Berlin\",\"addressCountry\":\"DE\"}},{\"@type\":\"WebPage\",\"@id\":\"https:\\\/\\\/bikeyfasty.store\\\/index.php\\\/produkt\\\/superx-carbon-2-carbon-gravel-bike-2026-cashmere\\\/#webpage\",\"url\":\"https:\\\/\\\/bikeyfasty.store\\\/index.php\\\/produkt\\\/superx-carbon-2-carbon-gravel-bike-2026-cashmere\\\/\",\"name\":\"SuperX Carbon 2-Carbon Gravel Bike cashmere 2026 - Bikey Fasty\",\"description\":\"Eine reine Gravel-Rennmaschine, die sich auf eine Sache konzentriert: die F\\u00fchrung \\u00fcbernehmen und dort bleiben.super leichter, widerstandsarmer SuperX-Carbonrahm\",\"inLanguage\":\"de-DE\",\"isPartOf\":{\"@id\":\"https:\\\/\\\/bikeyfasty.store\\\/#website\"},\"breadcrumb\":{\"@id\":\"https:\\\/\\\/bikeyfasty.store\\\/index.php\\\/produkt\\\/superx-carbon-2-carbon-gravel-bike-2026-cashmere\\\/#breadcrumblist\"},\"image\":{\"@type\":\"ImageObject\",\"url\":\"https:\\\/\\\/bikeyfasty.store\\\/wp-content\\\/uploads\\\/2025\\\/12\\\/656749_1_cannondale-superx-carbon-2-carbon-gravel-bike-2026_cashmere124076_124076_2200x1760_1920x1536.webp\",\"@id\":\"https:\\\/\\\/bikeyfasty.store\\\/index.php\\\/produkt\\\/superx-carbon-2-carbon-gravel-bike-2026-cashmere\\\/#mainImage\",\"width\":1600,\"height\":1280,\"caption\":\"656749 1 cannondale superx carbon 2 carbon gravel bike 2026 cashmere124076 124076 2200x1760 1920x1536\"},\"primaryImageOfPage\":{\"@id\":\"https:\\\/\\\/bikeyfasty.store\\\/index.php\\\/produkt\\\/superx-carbon-2-carbon-gravel-bike-2026-cashmere\\\/#mainImage\"},\"datePublished\":\"2025-12-02T02:34:37+01:00\",\"dateModified\":\"2026-03-03T18:01:13+01:00\"},{\"@type\":\"WebSite\",\"@id\":\"https:\\\/\\\/bikeyfasty.store\\\/#website\",\"url\":\"https:\\\/\\\/bikeyfasty.store\\\/\",\"name\":\"Bikey Fasty\",\"description\":\"Die bestenIhre besten Fahrr\\u00e4der\",\"inLanguage\":\"de-DE\",\"publisher\":{\"@id\":\"https:\\\/\\\/bikeyfasty.store\\\/#organization\"}}]}\n\t\t<\/script>\n\t\t<script type=\"text\/javascript\">\n\t\t\t(function(c,l,a,r,i,t,y){\n\t\t\tc[a]=c[a]||function(){(c[a].q=c[a].q||[]).push(arguments)};t=l.createElement(r);t.async=1;\n\t\t\tt.src=\"https:\/\/www.clarity.ms\/tag\/\"+i+\"?ref=aioseo\";y=l.getElementsByTagName(r)[0];y.parentNode.insertBefore(t,y);\n\t\t})(window, document, \"clarity\", \"script\", \"v74e4fvqvw\");\n\t\t<\/script>\n\t\t<!-- All in One SEO Pro -->\r\n\t\t<title>SuperX Carbon 2-Carbon Gravel Bike cashmere 2026 - Bikey Fasty<\/title>\n\n","aioseo_head_json":{"title":"SuperX Carbon 2-Carbon Gravel Bike cashmere 2026 - Bikey Fasty","description":"Eine reine Gravel-Rennmaschine, die sich auf eine Sache konzentriert: die F\u00fchrung \u00fcbernehmen und dort bleiben.super leichter, widerstandsarmer SuperX-Carbonrahm","canonical_url":"https:\/\/bikeyfasty.store\/index.php\/produkt\/superx-carbon-2-carbon-gravel-bike-2026-cashmere\/","robots":"max-image-preview:large","keywords":"","webmasterTools":{"google-site-verification":"leF1qydUwZM4hbNEWkzXBgJ5cwNBnthZjCldnstJI-8","msvalidate.01":"F4CE253B53A296EF4B982618F43BD699","yandex-verification":"2c6c63eaf20e4d4b","miscellaneous":""},"schema":{"@context":"https:\/\/schema.org","@graph":[{"@type":"BreadcrumbList","@id":"https:\/\/bikeyfasty.store\/index.php\/produkt\/superx-carbon-2-carbon-gravel-bike-2026-cashmere\/#breadcrumblist","itemListElement":[{"@type":"ListItem","@id":"https:\/\/bikeyfasty.store#listItem","position":1,"name":"Start","item":"https:\/\/bikeyfasty.store","nextItem":{"@type":"ListItem","@id":"https:\/\/bikeyfasty.store\/index.php\/geschaft\/#listItem","name":"Gesch\u00e4ft"}},{"@type":"ListItem","@id":"https:\/\/bikeyfasty.store\/index.php\/geschaft\/#listItem","position":2,"name":"Gesch\u00e4ft","item":"https:\/\/bikeyfasty.store\/index.php\/geschaft\/","nextItem":{"@type":"ListItem","@id":"https:\/\/bikeyfasty.store\/index.php\/produkt-kategorie\/fahrraeder\/#listItem","name":"Fahrr\u00e4der"},"previousItem":{"@type":"ListItem","@id":"https:\/\/bikeyfasty.store#listItem","name":"Start"}},{"@type":"ListItem","@id":"https:\/\/bikeyfasty.store\/index.php\/produkt-kategorie\/fahrraeder\/#listItem","position":3,"name":"Fahrr\u00e4der","item":"https:\/\/bikeyfasty.store\/index.php\/produkt-kategorie\/fahrraeder\/","nextItem":{"@type":"ListItem","@id":"https:\/\/bikeyfasty.store\/index.php\/produkt\/superx-carbon-2-carbon-gravel-bike-2026-cashmere\/#listItem","name":"SuperX Carbon 2-Carbon Gravel Bike cashmere 2026"},"previousItem":{"@type":"ListItem","@id":"https:\/\/bikeyfasty.store\/index.php\/geschaft\/#listItem","name":"Gesch\u00e4ft"}},{"@type":"ListItem","@id":"https:\/\/bikeyfasty.store\/index.php\/produkt\/superx-carbon-2-carbon-gravel-bike-2026-cashmere\/#listItem","position":4,"name":"SuperX Carbon 2-Carbon Gravel Bike cashmere 2026","previousItem":{"@type":"ListItem","@id":"https:\/\/bikeyfasty.store\/index.php\/produkt-kategorie\/fahrraeder\/#listItem","name":"Fahrr\u00e4der"}}]},{"@type":"ItemPage","@id":"https:\/\/bikeyfasty.store\/index.php\/produkt\/superx-carbon-2-carbon-gravel-bike-2026-cashmere\/#itempage","url":"https:\/\/bikeyfasty.store\/index.php\/produkt\/superx-carbon-2-carbon-gravel-bike-2026-cashmere\/","name":"SuperX Carbon 2-Carbon Gravel Bike cashmere 2026 - Bikey Fasty","description":"Eine reine Gravel-Rennmaschine, die sich auf eine Sache konzentriert: die F\u00fchrung \u00fcbernehmen und dort bleiben.super leichter, widerstandsarmer SuperX-Carbonrahm","inLanguage":"de-DE","isPartOf":{"@id":"https:\/\/bikeyfasty.store\/#website"},"breadcrumb":{"@id":"https:\/\/bikeyfasty.store\/index.php\/produkt\/superx-carbon-2-carbon-gravel-bike-2026-cashmere\/#breadcrumblist"},"image":{"@type":"ImageObject","url":"https:\/\/bikeyfasty.store\/wp-content\/uploads\/2025\/12\/656749_1_cannondale-superx-carbon-2-carbon-gravel-bike-2026_cashmere124076_124076_2200x1760_1920x1536.webp","@id":"https:\/\/bikeyfasty.store\/index.php\/produkt\/superx-carbon-2-carbon-gravel-bike-2026-cashmere\/#mainImage","width":1600,"height":1280,"caption":"656749 1 cannondale superx carbon 2 carbon gravel bike 2026 cashmere124076 124076 2200x1760 1920x1536"},"primaryImageOfPage":{"@id":"https:\/\/bikeyfasty.store\/index.php\/produkt\/superx-carbon-2-carbon-gravel-bike-2026-cashmere\/#mainImage"},"datePublished":"2025-12-02T02:34:37+01:00","dateModified":"2026-03-03T18:01:13+01:00"},{"@type":"Organization","@id":"https:\/\/bikeyfasty.store\/#organization","name":"#Bikey Fasty BIKEY FASTY","description":"Die bestenIhre besten Fahrr\u00e4der Deine elektrische Mobilit\u00e4t beginnt hier Die Zukunft der Mobilit\u00e4t \u2013 heute","url":"https:\/\/bikeyfasty.store\/","email":"contact@bikeyfasty.store","telephone":"+4915510400141","foundingDate":"1945-11-29","numberOfEmployees":{"@type":"QuantitativeValue","value":27},"logo":{"@type":"ImageObject","url":"https:\/\/bikeyfasty.store\/wp-content\/uploads\/2026\/01\/unnamed-file.png","@id":"https:\/\/bikeyfasty.store\/index.php\/produkt\/superx-carbon-2-carbon-gravel-bike-2026-cashmere\/#organizationLogo","width":616,"height":447,"caption":"( ( ( ( ("},"image":{"@id":"https:\/\/bikeyfasty.store\/index.php\/produkt\/superx-carbon-2-carbon-gravel-bike-2026-cashmere\/#organizationLogo"},"address":{"@id":"https:\/\/bikeyfasty.store\/#postaladdress","@type":"PostalAddress","streetAddress":"Karl-Liebknecht-Str. 13,","postalCode":"10178","addressLocality":"Berlin","addressRegion":"Berlin","addressCountry":"DE"}},{"@type":"WebPage","@id":"https:\/\/bikeyfasty.store\/index.php\/produkt\/superx-carbon-2-carbon-gravel-bike-2026-cashmere\/#webpage","url":"https:\/\/bikeyfasty.store\/index.php\/produkt\/superx-carbon-2-carbon-gravel-bike-2026-cashmere\/","name":"SuperX Carbon 2-Carbon Gravel Bike cashmere 2026 - Bikey Fasty","description":"Eine reine Gravel-Rennmaschine, die sich auf eine Sache konzentriert: die F\u00fchrung \u00fcbernehmen und dort bleiben.super leichter, widerstandsarmer SuperX-Carbonrahm","inLanguage":"de-DE","isPartOf":{"@id":"https:\/\/bikeyfasty.store\/#website"},"breadcrumb":{"@id":"https:\/\/bikeyfasty.store\/index.php\/produkt\/superx-carbon-2-carbon-gravel-bike-2026-cashmere\/#breadcrumblist"},"image":{"@type":"ImageObject","url":"https:\/\/bikeyfasty.store\/wp-content\/uploads\/2025\/12\/656749_1_cannondale-superx-carbon-2-carbon-gravel-bike-2026_cashmere124076_124076_2200x1760_1920x1536.webp","@id":"https:\/\/bikeyfasty.store\/index.php\/produkt\/superx-carbon-2-carbon-gravel-bike-2026-cashmere\/#mainImage","width":1600,"height":1280,"caption":"656749 1 cannondale superx carbon 2 carbon gravel bike 2026 cashmere124076 124076 2200x1760 1920x1536"},"primaryImageOfPage":{"@id":"https:\/\/bikeyfasty.store\/index.php\/produkt\/superx-carbon-2-carbon-gravel-bike-2026-cashmere\/#mainImage"},"datePublished":"2025-12-02T02:34:37+01:00","dateModified":"2026-03-03T18:01:13+01:00"},{"@type":"WebSite","@id":"https:\/\/bikeyfasty.store\/#website","url":"https:\/\/bikeyfasty.store\/","name":"Bikey Fasty","description":"Die bestenIhre besten Fahrr\u00e4der","inLanguage":"de-DE","publisher":{"@id":"https:\/\/bikeyfasty.store\/#organization"}}]},"og:locale":"de_DE","og:site_name":"Bikey Fasty - Die bestenIhre besten Fahrr\u00e4der","og:type":"article","og:title":"SuperX Carbon 2-Carbon Gravel Bike cashmere 2026 - Bikey Fasty","og:description":"Eine reine Gravel-Rennmaschine, die sich auf eine Sache konzentriert: die F\u00fchrung \u00fcbernehmen und dort bleiben.super leichter, widerstandsarmer SuperX-Carbonrahm","og:url":"https:\/\/bikeyfasty.store\/index.php\/produkt\/superx-carbon-2-carbon-gravel-bike-2026-cashmere\/","og:image":"https:\/\/bikeyfasty.store\/wp-content\/uploads\/2026\/01\/unnamed-file.png","og:image:secure_url":"https:\/\/bikeyfasty.store\/wp-content\/uploads\/2026\/01\/unnamed-file.png","og:image:width":616,"og:image:height":447,"article:published_time":"2025-12-02T01:34:37+00:00","article:modified_time":"2026-03-03T17:01:13+00:00","twitter:card":"summary_large_image","twitter:title":"SuperX Carbon 2-Carbon Gravel Bike cashmere 2026 - Bikey Fasty","twitter:description":"Eine reine Gravel-Rennmaschine, die sich auf eine Sache konzentriert: die F\u00fchrung \u00fcbernehmen und dort bleiben.super leichter, widerstandsarmer SuperX-Carbonrahm","twitter:image":"https:\/\/bikeyfasty.store\/wp-content\/uploads\/2026\/01\/unnamed-file.png"},"aioseo_meta_data":{"post_id":"49964","title":null,"description":null,"keywords":null,"keyphrases":{"focus":{"keyphrase":"SuperX Carbon 2-Carbon","score":58,"analysis":{"keyphraseInTitle":{"score":9,"maxScore":9,"error":0},"keyphraseInDescription":{"score":3,"maxScore":9,"error":1},"keyphraseLength":{"score":9,"maxScore":9,"error":0,"length":3},"keyphraseInURL":{"score":5,"maxScore":5,"error":0},"keyphraseInIntroduction":{"score":3,"maxScore":9,"error":1},"keyphraseInSubHeadings":[],"keyphraseInImageAlt":[],"keywordDensity":{"score":0,"type":"low","maxScore":9,"error":1}}},"additional":[{"keyphrase":"2026","score":42,"analysis":{"keyphraseInDescription":{"score":3,"maxScore":9,"error":1},"keyphraseLength":{"score":9,"maxScore":9,"error":0,"length":1},"keyphraseInIntroduction":{"score":3,"maxScore":9,"error":1},"keyphraseInImageAlt":[],"keywordDensity":{"score":0,"type":"low","maxScore":9,"error":1}}}]},"primary_term":null,"canonical_url":null,"og_title":null,"og_description":null,"og_object_type":"default","og_image_type":"default","og_image_url":null,"og_image_width":null,"og_image_height":null,"og_image_custom_url":null,"og_image_custom_fields":null,"og_video":"","og_custom_url":null,"og_article_section":null,"og_article_tags":null,"twitter_use_og":false,"twitter_card":"default","twitter_image_type":"default","twitter_image_url":null,"twitter_image_custom_url":null,"twitter_image_custom_fields":null,"twitter_title":null,"twitter_description":null,"schema":{"blockGraphs":[],"customGraphs":[],"default":{"data":{"Article":[],"Course":[],"Dataset":[],"FAQPage":[],"Movie":[],"Person":[],"Product":[],"ProductReview":[],"Car":[],"Recipe":[],"Service":[],"SoftwareApplication":[],"WebPage":[]},"graphName":"ItemPage","isEnabled":true},"graphs":[]},"schema_type":"default","schema_type_options":null,"pillar_content":false,"robots_default":true,"robots_noindex":false,"robots_noarchive":false,"robots_nosnippet":false,"robots_nofollow":false,"robots_noimageindex":false,"robots_noodp":false,"robots_notranslate":false,"robots_max_snippet":"-1","robots_max_videopreview":"-1","robots_max_imagepreview":"large","priority":null,"frequency":"default","local_seo":null,"seo_analyzer_scan_date":"2026-03-03 17:56:47","breadcrumb_settings":null,"limit_modified_date":false,"reviewed_by":"0","open_ai":null,"ai":{"faqs":[],"keyPoints":[],"titles":[],"descriptions":[],"socialPosts":{"email":[],"linkedin":[],"twitter":[],"facebook":[],"instagram":[]}},"created":"2026-01-25 19:13:33","updated":"2026-03-03 17:56:47"},"aioseo_breadcrumb":"<div class=\"aioseo-breadcrumbs\"><span class=\"aioseo-breadcrumb\">\n\t<a href=\"https:\/\/bikeyfasty.store\" title=\"Start\">Start<\/a>\n<\/span><span class=\"aioseo-breadcrumb-separator\">\u00bb<\/span><span class=\"aioseo-breadcrumb\">\n\t<a href=\"https:\/\/bikeyfasty.store\/index.php\/geschaft\/\" title=\"Gesch\u00e4ft\">Gesch\u00e4ft<\/a>\n<\/span><span class=\"aioseo-breadcrumb-separator\">\u00bb<\/span><span class=\"aioseo-breadcrumb\">\n\t<a href=\"https:\/\/bikeyfasty.store\/index.php\/produkt-kategorie\/fahrraeder\/\" title=\"Fahrr\u00e4der\">Fahrr\u00e4der<\/a>\n<\/span><span class=\"aioseo-breadcrumb-separator\">\u00bb<\/span><span class=\"aioseo-breadcrumb\">\n\tSuperX Carbon 2-Carbon Gravel Bike cashmere 2026\n<\/span><\/div>","aioseo_breadcrumb_json":[{"label":"Start","link":"https:\/\/bikeyfasty.store"},{"label":"Gesch\u00e4ft","link":"https:\/\/bikeyfasty.store\/index.php\/geschaft\/"},{"label":"Fahrr\u00e4der","link":"https:\/\/bikeyfasty.store\/index.php\/produkt-kategorie\/fahrraeder\/"},{"label":"SuperX Carbon 2-Carbon Gravel Bike cashmere 2026","link":"https:\/\/bikeyfasty.store\/index.php\/produkt\/superx-carbon-2-carbon-gravel-bike-2026-cashmere\/"}],"_links":{"self":[{"href":"https:\/\/bikeyfasty.store\/index.php\/wp-json\/wp\/v2\/product\/49964","targetHints":{"allow":["GET"]}}],"collection":[{"href":"https:\/\/bikeyfasty.store\/index.php\/wp-json\/wp\/v2\/product"}],"about":[{"href":"https:\/\/bikeyfasty.store\/index.php\/wp-json\/wp\/v2\/types\/product"}],"replies":[{"embeddable":true,"href":"https:\/\/bikeyfasty.store\/index.php\/wp-json\/wp\/v2\/comments?post=49964"}],"version-history":[{"count":3,"href":"https:\/\/bikeyfasty.store\/index.php\/wp-json\/wp\/v2\/product\/49964\/revisions"}],"predecessor-version":[{"id":53806,"href":"https:\/\/bikeyfasty.store\/index.php\/wp-json\/wp\/v2\/product\/49964\/revisions\/53806"}],"wp:featuredmedia":[{"embeddable":true,"href":"https:\/\/bikeyfasty.store\/index.php\/wp-json\/wp\/v2\/media\/49965"}],"wp:attachment":[{"href":"https:\/\/bikeyfasty.store\/index.php\/wp-json\/wp\/v2\/media?parent=49964"}],"wp:term":[{"taxonomy":"product_brand","embeddable":true,"href":"https:\/\/bikeyfasty.store\/index.php\/wp-json\/wp\/v2\/product_brand?post=49964"},{"taxonomy":"product_cat","embeddable":true,"href":"https:\/\/bikeyfasty.store\/index.php\/wp-json\/wp\/v2\/product_cat?post=49964"},{"taxonomy":"product_tag","embeddable":true,"href":"https:\/\/bikeyfasty.store\/index.php\/wp-json\/wp\/v2\/product_tag?post=49964"}],"curies":[{"name":"wp","href":"https:\/\/api.w.org\/{rel}","templated":true}]}}