{"id":50253,"date":"2025-12-19T14:45:23","date_gmt":"2025-12-19T13:45:23","guid":{"rendered":"https:\/\/bikeyfasty.store\/?post_type=product&#038;p=50253"},"modified":"2026-02-18T17:57:07","modified_gmt":"2026-02-18T16:57:07","slug":"guerciotti-veloce-s","status":"publish","type":"product","link":"https:\/\/bikeyfasty.store\/index.php\/produkt\/guerciotti-veloce-s\/","title":{"rendered":"Guerciotti VELOCE S 105 Di2 28&#8243; Carbon Diamant"},"content":{"rendered":"<div>\n<div>\n<div class=\"flex w-full flex-col items-start justify-start\">\n<h4 class=\"text-xl font-bold\">Produktbeschreibung<\/h4>\n<\/div>\n<div id=\"headlessui-disclosure-panel-:r69:\" class=\"pt-5\" data-headlessui-state=\"open\">\n<div class=\"pb-8 font-body text-primary\">\n<div class=\"flex-col pb-8 sm:grid sm:grid-flow-col sm:grid-rows-2\">\n<div class=\"flex items-center gap-6 py-4\">\n<div class=\"flex\"><\/div>\n<div>Carbon<\/div>\n<\/div>\n<div class=\"flex items-center gap-6 py-4\">\n<div class=\"flex\"><\/div>\n<div>Shimano 105 Di2<\/div>\n<\/div>\n<div class=\"flex items-center gap-6 py-4\">\n<div class=\"flex\"><\/div>\n<div>28&#8243;<\/div>\n<\/div>\n<div class=\"flex items-center gap-6 py-4\">\n<div class=\"flex\"><\/div>\n<div>Diamant<\/div>\n<\/div>\n<div class=\"flex items-center gap-6 py-4\">\n<div class=\"flex\"><\/div>\n<div>Scheibenbremse<\/div>\n<\/div>\n<\/div>\n<div class=\"group\/more\">Ein Vollcarbon-Rennrad mit Spitzenausstattung zu einem wettbewerbsf\u00e4higen Preis. Ausgestattet mit Scheibenbremsen und interner Kabelf\u00fchrung, zieht dieses Fahrrad mit seinem Design und seinen geschwungenen Linien die Blicke der anderen Radfahrer auf sich. Veloce S ist die ideale Wahl f\u00fcr einen Radsportler, der nicht aufh\u00f6ren will zu tr\u00e4umen und sich immer ehrgeizigere Ziele setzt.<\/div>\n<\/div>\n<\/div>\n<\/div>\n<\/div>\n<div>\n<div>\n<div>\n<div class=\"flex w-full flex-col items-start justify-start\">\n<h4 class=\"text-xl font-bold\">Spezifikationen<\/h4>\n<\/div>\n<div id=\"headlessui-disclosure-panel-:r6b:\" class=\"pt-5\" data-headlessui-state=\"open\">\n<div class=\"h-fit flex-col gap-16 pb-5 sm:grid sm:grid-cols-2\">\n<div class=\"h-fit\">\n<div class=\"flex items-center gap-4 border-b border-column-border py-4\">\n<h5 class=\"text-base font-semibold\">Cockpit<\/h5>\n<\/div>\n<ul>\n<li class=\"flex flex-row items-start gap-2 pt-7 md:gap-4\" aria-labelledby=\"Vorbau-heading\"><span class=\"w-1\/3 text-sm font-medium\">Vorbau<\/span><span class=\"w-2\/3 pl-8 text-sm font-normal\">QTC alloy<\/span><\/li>\n<li class=\"flex flex-row items-start gap-2 pt-7 md:gap-4\" aria-labelledby=\"Lenker-heading\"><span class=\"w-1\/3 text-sm font-medium\">Lenker<\/span><span class=\"w-2\/3 pl-8 text-sm font-normal\">QTC Alloy<\/span><\/li>\n<\/ul>\n<\/div>\n<div class=\"h-fit\">\n<div class=\"flex items-center gap-4 border-b border-column-border py-4\">\n<h5 class=\"text-base font-semibold\">Groupset<\/h5>\n<\/div>\n<ul>\n<li class=\"flex flex-row items-start gap-2 pt-7 md:gap-4\" aria-labelledby=\"Gruppe-heading\"><span class=\"w-1\/3 text-sm font-medium\">Gruppe<\/span><span class=\"w-2\/3 pl-8 text-sm font-normal\">Shimano 105 7170 di2<\/span><\/li>\n<\/ul>\n<\/div>\n<div class=\"h-fit\">\n<div class=\"flex items-center gap-4 border-b border-column-border py-4\">\n<h5 class=\"text-base font-semibold\">R\u00e4der &amp; Reifen<\/h5>\n<\/div>\n<ul>\n<li class=\"flex flex-row items-start gap-2 pt-7 md:gap-4\" aria-labelledby=\"Reifen-heading\"><span class=\"w-1\/3 text-sm font-medium\">Reifen<\/span><span class=\"w-2\/3 pl-8 text-sm font-normal\">Vittoria Zaffiro<\/span><\/li>\n<li class=\"flex flex-row items-start gap-2 pt-7 md:gap-4\" aria-labelledby=\"Laufr\u00e4der-heading\"><span class=\"w-1\/3 text-sm font-medium\">Laufr\u00e4der<\/span><span class=\"w-2\/3 pl-8 text-sm font-normal\">Carbon<\/span><\/li>\n<\/ul>\n<\/div>\n<div class=\"h-fit\">\n<div class=\"flex items-center gap-4 border-b border-column-border py-4\">\n<h5 class=\"text-base font-semibold\">Sattel<\/h5>\n<\/div>\n<ul>\n<li class=\"flex flex-row items-start gap-2 pt-7 md:gap-4\" aria-labelledby=\"Sattel-heading\"><span class=\"w-1\/3 text-sm font-medium\">Sattel<\/span><span class=\"w-2\/3 pl-8 text-sm font-normal\">Selle Italia model X<\/span><\/li>\n<li class=\"flex flex-row items-start gap-2 pt-7 md:gap-4\" aria-labelledby=\"Sattelst\u00fctze-heading\"><span class=\"w-1\/3 text-sm font-medium\">Sattelst\u00fctze<\/span><span class=\"w-2\/3 pl-8 text-sm font-normal\">Carbon Veloce S<\/span><\/li>\n<\/ul>\n<\/div>\n<\/div>\n<\/div>\n<\/div>\n<\/div>\n<\/div>\n","protected":false},"excerpt":{"rendered":"<p>Das KOGA F3 8.0 Sport 2025 ist ein ideales Fahrrad f\u00fcr Frauen, die sowohl in der Stadt als auch auf l\u00e4ngeren Touren unterwegs sein m\u00f6chten.Der robuste Trapez<\/p>\n","protected":false},"featured_media":50259,"comment_status":"open","ping_status":"closed","template":"","meta":{"googlesitekit_rrm_CAowq6HFDA:productID":"","om_disable_all_campaigns":false,"_monsterinsights_skip_tracking":false,"_monsterinsights_sitenote_active":false,"_monsterinsights_sitenote_note":"","_monsterinsights_sitenote_category":0,"_uf_show_specific_survey":0,"_uf_disable_surveys":false},"product_brand":[],"product_cat":[1244],"product_tag":[],"class_list":{"0":"post-50253","1":"product","2":"type-product","3":"status-publish","4":"has-post-thumbnail","6":"product_cat-rennrad","8":"first","9":"instock","10":"sale","11":"taxable","12":"shipping-taxable","13":"purchasable","14":"product-type-variable"},"aioseo_notices":[],"aioseo_head":"\n\t\t<!-- All in One SEO Pro 4.9.5.2 - aioseo.com -->\n\t<meta name=\"description\" content=\"Das KOGA F3 8.0 Sport 2025 ist ein ideales Fahrrad f\u00fcr Frauen, die sowohl in der Stadt als auch auf l\u00e4ngeren Touren unterwegs sein m\u00f6chten.Der robuste Trapez\" \/>\n\t<meta name=\"robots\" content=\"max-image-preview:large\" \/>\n\t<meta name=\"google-site-verification\" content=\"leF1qydUwZM4hbNEWkzXBgJ5cwNBnthZjCldnstJI-8\" \/>\n\t<meta name=\"msvalidate.01\" content=\"F4CE253B53A296EF4B982618F43BD699\" \/>\n\t<meta name=\"yandex-verification\" content=\"2c6c63eaf20e4d4b\" \/>\n\t<link rel=\"canonical\" href=\"https:\/\/bikeyfasty.store\/index.php\/produkt\/guerciotti-veloce-s\/\" \/>\n\t<meta name=\"generator\" content=\"All in One SEO Pro (AIOSEO) 4.9.5.2\" \/>\n\t\t<meta property=\"og:locale\" content=\"de_DE\" \/>\n\t\t<meta property=\"og:site_name\" content=\"Bikey Fasty - Die bestenIhre besten Fahrr\u00e4der\" \/>\n\t\t<meta property=\"og:type\" content=\"article\" \/>\n\t\t<meta property=\"og:title\" content=\"Guerciotti VELOCE S 105 Di2 28\u2033 Carbon Diamant - Bikey Fasty\" \/>\n\t\t<meta property=\"og:description\" content=\"Das KOGA F3 8.0 Sport 2025 ist ein ideales Fahrrad f\u00fcr Frauen, die sowohl in der Stadt als auch auf l\u00e4ngeren Touren unterwegs sein m\u00f6chten.Der robuste Trapez\" \/>\n\t\t<meta property=\"og:url\" content=\"https:\/\/bikeyfasty.store\/index.php\/produkt\/guerciotti-veloce-s\/\" \/>\n\t\t<meta property=\"og:image\" content=\"https:\/\/bikeyfasty.store\/wp-content\/uploads\/2026\/01\/unnamed-file.png\" \/>\n\t\t<meta property=\"og:image:secure_url\" content=\"https:\/\/bikeyfasty.store\/wp-content\/uploads\/2026\/01\/unnamed-file.png\" \/>\n\t\t<meta property=\"og:image:width\" content=\"616\" \/>\n\t\t<meta property=\"og:image:height\" content=\"447\" \/>\n\t\t<meta property=\"article:published_time\" content=\"2025-12-19T13:45:23+00:00\" \/>\n\t\t<meta property=\"article:modified_time\" content=\"2026-02-18T16:57:07+00:00\" \/>\n\t\t<meta name=\"twitter:card\" content=\"summary_large_image\" \/>\n\t\t<meta name=\"twitter:title\" content=\"Guerciotti VELOCE S 105 Di2 28\u2033 Carbon Diamant - Bikey Fasty\" \/>\n\t\t<meta name=\"twitter:description\" content=\"Das KOGA F3 8.0 Sport 2025 ist ein ideales Fahrrad f\u00fcr Frauen, die sowohl in der Stadt als auch auf l\u00e4ngeren Touren unterwegs sein m\u00f6chten.Der robuste Trapez\" \/>\n\t\t<meta name=\"twitter:image\" content=\"https:\/\/bikeyfasty.store\/wp-content\/uploads\/2026\/01\/unnamed-file.png\" \/>\n\t\t<script type=\"application\/ld+json\" class=\"aioseo-schema\">\n\t\t\t{\"@context\":\"https:\\\/\\\/schema.org\",\"@graph\":[{\"@type\":\"BreadcrumbList\",\"@id\":\"https:\\\/\\\/bikeyfasty.store\\\/index.php\\\/produkt\\\/guerciotti-veloce-s\\\/#breadcrumblist\",\"itemListElement\":[{\"@type\":\"ListItem\",\"@id\":\"https:\\\/\\\/bikeyfasty.store#listItem\",\"position\":1,\"name\":\"Start\",\"item\":\"https:\\\/\\\/bikeyfasty.store\",\"nextItem\":{\"@type\":\"ListItem\",\"@id\":\"https:\\\/\\\/bikeyfasty.store\\\/index.php\\\/geschaft\\\/#listItem\",\"name\":\"Gesch\\u00e4ft\"}},{\"@type\":\"ListItem\",\"@id\":\"https:\\\/\\\/bikeyfasty.store\\\/index.php\\\/geschaft\\\/#listItem\",\"position\":2,\"name\":\"Gesch\\u00e4ft\",\"item\":\"https:\\\/\\\/bikeyfasty.store\\\/index.php\\\/geschaft\\\/\",\"nextItem\":{\"@type\":\"ListItem\",\"@id\":\"https:\\\/\\\/bikeyfasty.store\\\/index.php\\\/produkt-kategorie\\\/rennrad\\\/#listItem\",\"name\":\"Rennrad\"},\"previousItem\":{\"@type\":\"ListItem\",\"@id\":\"https:\\\/\\\/bikeyfasty.store#listItem\",\"name\":\"Start\"}},{\"@type\":\"ListItem\",\"@id\":\"https:\\\/\\\/bikeyfasty.store\\\/index.php\\\/produkt-kategorie\\\/rennrad\\\/#listItem\",\"position\":3,\"name\":\"Rennrad\",\"item\":\"https:\\\/\\\/bikeyfasty.store\\\/index.php\\\/produkt-kategorie\\\/rennrad\\\/\",\"nextItem\":{\"@type\":\"ListItem\",\"@id\":\"https:\\\/\\\/bikeyfasty.store\\\/index.php\\\/produkt\\\/guerciotti-veloce-s\\\/#listItem\",\"name\":\"Guerciotti VELOCE S 105 Di2 28&#8243; Carbon Diamant\"},\"previousItem\":{\"@type\":\"ListItem\",\"@id\":\"https:\\\/\\\/bikeyfasty.store\\\/index.php\\\/geschaft\\\/#listItem\",\"name\":\"Gesch\\u00e4ft\"}},{\"@type\":\"ListItem\",\"@id\":\"https:\\\/\\\/bikeyfasty.store\\\/index.php\\\/produkt\\\/guerciotti-veloce-s\\\/#listItem\",\"position\":4,\"name\":\"Guerciotti VELOCE S 105 Di2 28&#8243; Carbon Diamant\",\"previousItem\":{\"@type\":\"ListItem\",\"@id\":\"https:\\\/\\\/bikeyfasty.store\\\/index.php\\\/produkt-kategorie\\\/rennrad\\\/#listItem\",\"name\":\"Rennrad\"}}]},{\"@type\":\"ItemPage\",\"@id\":\"https:\\\/\\\/bikeyfasty.store\\\/index.php\\\/produkt\\\/guerciotti-veloce-s\\\/#itempage\",\"url\":\"https:\\\/\\\/bikeyfasty.store\\\/index.php\\\/produkt\\\/guerciotti-veloce-s\\\/\",\"name\":\"Guerciotti VELOCE S 105 Di2 28\\u2033 Carbon Diamant - Bikey Fasty\",\"description\":\"Das KOGA F3 8.0 Sport 2025 ist ein ideales Fahrrad f\\u00fcr Frauen, die sowohl in der Stadt als auch auf l\\u00e4ngeren Touren unterwegs sein m\\u00f6chten.Der robuste Trapez\",\"inLanguage\":\"de-DE\",\"isPartOf\":{\"@id\":\"https:\\\/\\\/bikeyfasty.store\\\/#website\"},\"breadcrumb\":{\"@id\":\"https:\\\/\\\/bikeyfasty.store\\\/index.php\\\/produkt\\\/guerciotti-veloce-s\\\/#breadcrumblist\"},\"image\":{\"@type\":\"ImageObject\",\"url\":\"https:\\\/\\\/bikeyfasty.store\\\/wp-content\\\/uploads\\\/2025\\\/12\\\/ee0264abd72123f5b60d-28RwaP4U-zoom.png\",\"@id\":\"https:\\\/\\\/bikeyfasty.store\\\/index.php\\\/produkt\\\/guerciotti-veloce-s\\\/#mainImage\",\"width\":1400,\"height\":876,\"caption\":\"ee0264abd72123f5b60d 28RwaP4U zoom\"},\"primaryImageOfPage\":{\"@id\":\"https:\\\/\\\/bikeyfasty.store\\\/index.php\\\/produkt\\\/guerciotti-veloce-s\\\/#mainImage\"},\"datePublished\":\"2025-12-19T14:45:23+01:00\",\"dateModified\":\"2026-02-18T17:57:07+01:00\"},{\"@type\":\"Organization\",\"@id\":\"https:\\\/\\\/bikeyfasty.store\\\/#organization\",\"name\":\"#Bikey Fasty BIKEY FASTY\",\"description\":\"Die bestenIhre besten Fahrr\\u00e4der Deine elektrische Mobilit\\u00e4t beginnt hier Die Zukunft der Mobilit\\u00e4t \\u2013 heute\",\"url\":\"https:\\\/\\\/bikeyfasty.store\\\/\",\"email\":\"contact@bikeyfasty.store\",\"telephone\":\"+4915510400141\",\"foundingDate\":\"1945-11-29\",\"numberOfEmployees\":{\"@type\":\"QuantitativeValue\",\"value\":27},\"logo\":{\"@type\":\"ImageObject\",\"url\":\"https:\\\/\\\/bikeyfasty.store\\\/wp-content\\\/uploads\\\/2026\\\/01\\\/unnamed-file.png\",\"@id\":\"https:\\\/\\\/bikeyfasty.store\\\/index.php\\\/produkt\\\/guerciotti-veloce-s\\\/#organizationLogo\",\"width\":616,\"height\":447,\"caption\":\"( ( ( ( (\"},\"image\":{\"@id\":\"https:\\\/\\\/bikeyfasty.store\\\/index.php\\\/produkt\\\/guerciotti-veloce-s\\\/#organizationLogo\"},\"address\":{\"@id\":\"https:\\\/\\\/bikeyfasty.store\\\/#postaladdress\",\"@type\":\"PostalAddress\",\"streetAddress\":\"Karl-Liebknecht-Str. 13,\",\"postalCode\":\"10178\",\"addressLocality\":\"Berlin\",\"addressRegion\":\"Berlin\",\"addressCountry\":\"DE\"}},{\"@type\":\"WebPage\",\"@id\":\"https:\\\/\\\/bikeyfasty.store\\\/index.php\\\/produkt\\\/guerciotti-veloce-s\\\/#webpage\",\"url\":\"https:\\\/\\\/bikeyfasty.store\\\/index.php\\\/produkt\\\/guerciotti-veloce-s\\\/\",\"name\":\"Guerciotti VELOCE S 105 Di2 28\\u2033 Carbon Diamant - Bikey Fasty\",\"description\":\"Das KOGA F3 8.0 Sport 2025 ist ein ideales Fahrrad f\\u00fcr Frauen, die sowohl in der Stadt als auch auf l\\u00e4ngeren Touren unterwegs sein m\\u00f6chten.Der robuste Trapez\",\"inLanguage\":\"de-DE\",\"isPartOf\":{\"@id\":\"https:\\\/\\\/bikeyfasty.store\\\/#website\"},\"breadcrumb\":{\"@id\":\"https:\\\/\\\/bikeyfasty.store\\\/index.php\\\/produkt\\\/guerciotti-veloce-s\\\/#breadcrumblist\"},\"image\":{\"@type\":\"ImageObject\",\"url\":\"https:\\\/\\\/bikeyfasty.store\\\/wp-content\\\/uploads\\\/2025\\\/12\\\/ee0264abd72123f5b60d-28RwaP4U-zoom.png\",\"@id\":\"https:\\\/\\\/bikeyfasty.store\\\/index.php\\\/produkt\\\/guerciotti-veloce-s\\\/#mainImage\",\"width\":1400,\"height\":876,\"caption\":\"ee0264abd72123f5b60d 28RwaP4U zoom\"},\"primaryImageOfPage\":{\"@id\":\"https:\\\/\\\/bikeyfasty.store\\\/index.php\\\/produkt\\\/guerciotti-veloce-s\\\/#mainImage\"},\"datePublished\":\"2025-12-19T14:45:23+01:00\",\"dateModified\":\"2026-02-18T17:57:07+01:00\"},{\"@type\":\"WebSite\",\"@id\":\"https:\\\/\\\/bikeyfasty.store\\\/#website\",\"url\":\"https:\\\/\\\/bikeyfasty.store\\\/\",\"name\":\"Bikey Fasty\",\"description\":\"Die bestenIhre besten Fahrr\\u00e4der\",\"inLanguage\":\"de-DE\",\"publisher\":{\"@id\":\"https:\\\/\\\/bikeyfasty.store\\\/#organization\"}}]}\n\t\t<\/script>\n\t\t<script type=\"text\/javascript\">\n\t\t\t(function(c,l,a,r,i,t,y){\n\t\t\tc[a]=c[a]||function(){(c[a].q=c[a].q||[]).push(arguments)};t=l.createElement(r);t.async=1;\n\t\t\tt.src=\"https:\/\/www.clarity.ms\/tag\/\"+i+\"?ref=aioseo\";y=l.getElementsByTagName(r)[0];y.parentNode.insertBefore(t,y);\n\t\t})(window, document, \"clarity\", \"script\", \"v74e4fvqvw\");\n\t\t<\/script>\n\t\t<!-- All in One SEO Pro -->\r\n\t\t<title>Guerciotti VELOCE S 105 Di2 28\u2033 Carbon Diamant - Bikey Fasty<\/title>\n\n","aioseo_head_json":{"title":"Guerciotti VELOCE S 105 Di2 28\u2033 Carbon Diamant - Bikey Fasty","description":"Das KOGA F3 8.0 Sport 2025 ist ein ideales Fahrrad f\u00fcr Frauen, die sowohl in der Stadt als auch auf l\u00e4ngeren Touren unterwegs sein m\u00f6chten.Der robuste Trapez","canonical_url":"https:\/\/bikeyfasty.store\/index.php\/produkt\/guerciotti-veloce-s\/","robots":"max-image-preview:large","keywords":"","webmasterTools":{"google-site-verification":"leF1qydUwZM4hbNEWkzXBgJ5cwNBnthZjCldnstJI-8","msvalidate.01":"F4CE253B53A296EF4B982618F43BD699","yandex-verification":"2c6c63eaf20e4d4b","miscellaneous":""},"schema":{"@context":"https:\/\/schema.org","@graph":[{"@type":"BreadcrumbList","@id":"https:\/\/bikeyfasty.store\/index.php\/produkt\/guerciotti-veloce-s\/#breadcrumblist","itemListElement":[{"@type":"ListItem","@id":"https:\/\/bikeyfasty.store#listItem","position":1,"name":"Start","item":"https:\/\/bikeyfasty.store","nextItem":{"@type":"ListItem","@id":"https:\/\/bikeyfasty.store\/index.php\/geschaft\/#listItem","name":"Gesch\u00e4ft"}},{"@type":"ListItem","@id":"https:\/\/bikeyfasty.store\/index.php\/geschaft\/#listItem","position":2,"name":"Gesch\u00e4ft","item":"https:\/\/bikeyfasty.store\/index.php\/geschaft\/","nextItem":{"@type":"ListItem","@id":"https:\/\/bikeyfasty.store\/index.php\/produkt-kategorie\/rennrad\/#listItem","name":"Rennrad"},"previousItem":{"@type":"ListItem","@id":"https:\/\/bikeyfasty.store#listItem","name":"Start"}},{"@type":"ListItem","@id":"https:\/\/bikeyfasty.store\/index.php\/produkt-kategorie\/rennrad\/#listItem","position":3,"name":"Rennrad","item":"https:\/\/bikeyfasty.store\/index.php\/produkt-kategorie\/rennrad\/","nextItem":{"@type":"ListItem","@id":"https:\/\/bikeyfasty.store\/index.php\/produkt\/guerciotti-veloce-s\/#listItem","name":"Guerciotti VELOCE S 105 Di2 28&#8243; Carbon Diamant"},"previousItem":{"@type":"ListItem","@id":"https:\/\/bikeyfasty.store\/index.php\/geschaft\/#listItem","name":"Gesch\u00e4ft"}},{"@type":"ListItem","@id":"https:\/\/bikeyfasty.store\/index.php\/produkt\/guerciotti-veloce-s\/#listItem","position":4,"name":"Guerciotti VELOCE S 105 Di2 28&#8243; Carbon Diamant","previousItem":{"@type":"ListItem","@id":"https:\/\/bikeyfasty.store\/index.php\/produkt-kategorie\/rennrad\/#listItem","name":"Rennrad"}}]},{"@type":"ItemPage","@id":"https:\/\/bikeyfasty.store\/index.php\/produkt\/guerciotti-veloce-s\/#itempage","url":"https:\/\/bikeyfasty.store\/index.php\/produkt\/guerciotti-veloce-s\/","name":"Guerciotti VELOCE S 105 Di2 28\u2033 Carbon Diamant - Bikey Fasty","description":"Das KOGA F3 8.0 Sport 2025 ist ein ideales Fahrrad f\u00fcr Frauen, die sowohl in der Stadt als auch auf l\u00e4ngeren Touren unterwegs sein m\u00f6chten.Der robuste Trapez","inLanguage":"de-DE","isPartOf":{"@id":"https:\/\/bikeyfasty.store\/#website"},"breadcrumb":{"@id":"https:\/\/bikeyfasty.store\/index.php\/produkt\/guerciotti-veloce-s\/#breadcrumblist"},"image":{"@type":"ImageObject","url":"https:\/\/bikeyfasty.store\/wp-content\/uploads\/2025\/12\/ee0264abd72123f5b60d-28RwaP4U-zoom.png","@id":"https:\/\/bikeyfasty.store\/index.php\/produkt\/guerciotti-veloce-s\/#mainImage","width":1400,"height":876,"caption":"ee0264abd72123f5b60d 28RwaP4U zoom"},"primaryImageOfPage":{"@id":"https:\/\/bikeyfasty.store\/index.php\/produkt\/guerciotti-veloce-s\/#mainImage"},"datePublished":"2025-12-19T14:45:23+01:00","dateModified":"2026-02-18T17:57:07+01:00"},{"@type":"Organization","@id":"https:\/\/bikeyfasty.store\/#organization","name":"#Bikey Fasty BIKEY FASTY","description":"Die bestenIhre besten Fahrr\u00e4der Deine elektrische Mobilit\u00e4t beginnt hier Die Zukunft der Mobilit\u00e4t \u2013 heute","url":"https:\/\/bikeyfasty.store\/","email":"contact@bikeyfasty.store","telephone":"+4915510400141","foundingDate":"1945-11-29","numberOfEmployees":{"@type":"QuantitativeValue","value":27},"logo":{"@type":"ImageObject","url":"https:\/\/bikeyfasty.store\/wp-content\/uploads\/2026\/01\/unnamed-file.png","@id":"https:\/\/bikeyfasty.store\/index.php\/produkt\/guerciotti-veloce-s\/#organizationLogo","width":616,"height":447,"caption":"( ( ( ( ("},"image":{"@id":"https:\/\/bikeyfasty.store\/index.php\/produkt\/guerciotti-veloce-s\/#organizationLogo"},"address":{"@id":"https:\/\/bikeyfasty.store\/#postaladdress","@type":"PostalAddress","streetAddress":"Karl-Liebknecht-Str. 13,","postalCode":"10178","addressLocality":"Berlin","addressRegion":"Berlin","addressCountry":"DE"}},{"@type":"WebPage","@id":"https:\/\/bikeyfasty.store\/index.php\/produkt\/guerciotti-veloce-s\/#webpage","url":"https:\/\/bikeyfasty.store\/index.php\/produkt\/guerciotti-veloce-s\/","name":"Guerciotti VELOCE S 105 Di2 28\u2033 Carbon Diamant - Bikey Fasty","description":"Das KOGA F3 8.0 Sport 2025 ist ein ideales Fahrrad f\u00fcr Frauen, die sowohl in der Stadt als auch auf l\u00e4ngeren Touren unterwegs sein m\u00f6chten.Der robuste Trapez","inLanguage":"de-DE","isPartOf":{"@id":"https:\/\/bikeyfasty.store\/#website"},"breadcrumb":{"@id":"https:\/\/bikeyfasty.store\/index.php\/produkt\/guerciotti-veloce-s\/#breadcrumblist"},"image":{"@type":"ImageObject","url":"https:\/\/bikeyfasty.store\/wp-content\/uploads\/2025\/12\/ee0264abd72123f5b60d-28RwaP4U-zoom.png","@id":"https:\/\/bikeyfasty.store\/index.php\/produkt\/guerciotti-veloce-s\/#mainImage","width":1400,"height":876,"caption":"ee0264abd72123f5b60d 28RwaP4U zoom"},"primaryImageOfPage":{"@id":"https:\/\/bikeyfasty.store\/index.php\/produkt\/guerciotti-veloce-s\/#mainImage"},"datePublished":"2025-12-19T14:45:23+01:00","dateModified":"2026-02-18T17:57:07+01:00"},{"@type":"WebSite","@id":"https:\/\/bikeyfasty.store\/#website","url":"https:\/\/bikeyfasty.store\/","name":"Bikey Fasty","description":"Die bestenIhre besten Fahrr\u00e4der","inLanguage":"de-DE","publisher":{"@id":"https:\/\/bikeyfasty.store\/#organization"}}]},"og:locale":"de_DE","og:site_name":"Bikey Fasty - Die bestenIhre besten Fahrr\u00e4der","og:type":"article","og:title":"Guerciotti VELOCE S 105 Di2 28\u2033 Carbon Diamant - Bikey Fasty","og:description":"Das KOGA F3 8.0 Sport 2025 ist ein ideales Fahrrad f\u00fcr Frauen, die sowohl in der Stadt als auch auf l\u00e4ngeren Touren unterwegs sein m\u00f6chten.Der robuste Trapez","og:url":"https:\/\/bikeyfasty.store\/index.php\/produkt\/guerciotti-veloce-s\/","og:image":"https:\/\/bikeyfasty.store\/wp-content\/uploads\/2026\/01\/unnamed-file.png","og:image:secure_url":"https:\/\/bikeyfasty.store\/wp-content\/uploads\/2026\/01\/unnamed-file.png","og:image:width":616,"og:image:height":447,"article:published_time":"2025-12-19T13:45:23+00:00","article:modified_time":"2026-02-18T16:57:07+00:00","twitter:card":"summary_large_image","twitter:title":"Guerciotti VELOCE S 105 Di2 28\u2033 Carbon Diamant - Bikey Fasty","twitter:description":"Das KOGA F3 8.0 Sport 2025 ist ein ideales Fahrrad f\u00fcr Frauen, die sowohl in der Stadt als auch auf l\u00e4ngeren Touren unterwegs sein m\u00f6chten.Der robuste Trapez","twitter:image":"https:\/\/bikeyfasty.store\/wp-content\/uploads\/2026\/01\/unnamed-file.png"},"aioseo_meta_data":{"post_id":"50253","title":null,"description":null,"keywords":null,"keyphrases":{"focus":{"keyphrase":"","score":0,"analysis":{"keyphraseInTitle":{"score":0,"maxScore":9,"error":1}}},"additional":[]},"primary_term":null,"canonical_url":null,"og_title":null,"og_description":null,"og_object_type":"default","og_image_type":"default","og_image_url":null,"og_image_width":null,"og_image_height":null,"og_image_custom_url":null,"og_image_custom_fields":null,"og_video":"","og_custom_url":null,"og_article_section":null,"og_article_tags":null,"twitter_use_og":false,"twitter_card":"default","twitter_image_type":"default","twitter_image_url":null,"twitter_image_custom_url":null,"twitter_image_custom_fields":null,"twitter_title":null,"twitter_description":null,"schema":{"blockGraphs":[],"customGraphs":[],"default":{"data":{"Article":[],"Course":[],"Dataset":[],"FAQPage":[],"Movie":[],"Person":[],"Product":[],"ProductReview":[],"Car":[],"Recipe":[],"Service":[],"SoftwareApplication":[],"WebPage":[]},"graphName":"ItemPage","isEnabled":true},"graphs":[]},"schema_type":"default","schema_type_options":null,"pillar_content":false,"robots_default":true,"robots_noindex":false,"robots_noarchive":false,"robots_nosnippet":false,"robots_nofollow":false,"robots_noimageindex":false,"robots_noodp":false,"robots_notranslate":false,"robots_max_snippet":"-1","robots_max_videopreview":"-1","robots_max_imagepreview":"large","priority":null,"frequency":"default","local_seo":null,"seo_analyzer_scan_date":"2026-02-18 16:58:07","breadcrumb_settings":null,"limit_modified_date":false,"reviewed_by":"0","open_ai":null,"ai":{"faqs":[],"keyPoints":[],"titles":[],"descriptions":[],"socialPosts":{"email":[],"linkedin":[],"twitter":[],"facebook":[],"instagram":[]}},"created":"2026-01-25 19:20:06","updated":"2026-02-18 17:01:00"},"aioseo_breadcrumb":"<div class=\"aioseo-breadcrumbs\"><span class=\"aioseo-breadcrumb\">\n\t<a href=\"https:\/\/bikeyfasty.store\" title=\"Start\">Start<\/a>\n<\/span><span class=\"aioseo-breadcrumb-separator\">\u00bb<\/span><span class=\"aioseo-breadcrumb\">\n\t<a href=\"https:\/\/bikeyfasty.store\/index.php\/geschaft\/\" title=\"Gesch\u00e4ft\">Gesch\u00e4ft<\/a>\n<\/span><span class=\"aioseo-breadcrumb-separator\">\u00bb<\/span><span class=\"aioseo-breadcrumb\">\n\t<a href=\"https:\/\/bikeyfasty.store\/index.php\/produkt-kategorie\/rennrad\/\" title=\"Rennrad\">Rennrad<\/a>\n<\/span><span class=\"aioseo-breadcrumb-separator\">\u00bb<\/span><span class=\"aioseo-breadcrumb\">\n\tGuerciotti VELOCE S 105 Di2 28\u2033 Carbon Diamant\n<\/span><\/div>","aioseo_breadcrumb_json":[{"label":"Start","link":"https:\/\/bikeyfasty.store"},{"label":"Gesch\u00e4ft","link":"https:\/\/bikeyfasty.store\/index.php\/geschaft\/"},{"label":"Rennrad","link":"https:\/\/bikeyfasty.store\/index.php\/produkt-kategorie\/rennrad\/"},{"label":"Guerciotti VELOCE S 105 Di2 28&#8243; Carbon Diamant","link":"https:\/\/bikeyfasty.store\/index.php\/produkt\/guerciotti-veloce-s\/"}],"_links":{"self":[{"href":"https:\/\/bikeyfasty.store\/index.php\/wp-json\/wp\/v2\/product\/50253","targetHints":{"allow":["GET"]}}],"collection":[{"href":"https:\/\/bikeyfasty.store\/index.php\/wp-json\/wp\/v2\/product"}],"about":[{"href":"https:\/\/bikeyfasty.store\/index.php\/wp-json\/wp\/v2\/types\/product"}],"replies":[{"embeddable":true,"href":"https:\/\/bikeyfasty.store\/index.php\/wp-json\/wp\/v2\/comments?post=50253"}],"version-history":[{"count":3,"href":"https:\/\/bikeyfasty.store\/index.php\/wp-json\/wp\/v2\/product\/50253\/revisions"}],"predecessor-version":[{"id":53192,"href":"https:\/\/bikeyfasty.store\/index.php\/wp-json\/wp\/v2\/product\/50253\/revisions\/53192"}],"wp:featuredmedia":[{"embeddable":true,"href":"https:\/\/bikeyfasty.store\/index.php\/wp-json\/wp\/v2\/media\/50259"}],"wp:attachment":[{"href":"https:\/\/bikeyfasty.store\/index.php\/wp-json\/wp\/v2\/media?parent=50253"}],"wp:term":[{"taxonomy":"product_brand","embeddable":true,"href":"https:\/\/bikeyfasty.store\/index.php\/wp-json\/wp\/v2\/product_brand?post=50253"},{"taxonomy":"product_cat","embeddable":true,"href":"https:\/\/bikeyfasty.store\/index.php\/wp-json\/wp\/v2\/product_cat?post=50253"},{"taxonomy":"product_tag","embeddable":true,"href":"https:\/\/bikeyfasty.store\/index.php\/wp-json\/wp\/v2\/product_tag?post=50253"}],"curies":[{"name":"wp","href":"https:\/\/api.w.org\/{rel}","templated":true}]}}