{"id":50452,"date":"2026-01-08T00:35:33","date_gmt":"2026-01-07T23:35:33","guid":{"rendered":"https:\/\/bikeyfasty.store\/?post_type=product&#038;p=50452"},"modified":"2026-02-18T10:41:05","modified_gmt":"2026-02-18T09:41:05","slug":"focus-paralane-8-8","status":"publish","type":"product","link":"https:\/\/bikeyfasty.store\/index.php\/produkt\/focus-paralane-8-8\/","title":{"rendered":"Focus PARALANE 8.8 Carbon-Rennrad 120 kg M"},"content":{"rendered":"<h4 class=\"text-xl font-bold\">Produktbeschreibung<\/h4>\n<p>Langlebiger Carbon-Rahmen<\/p>\n<p>Draufsetzen, wohlf\u00fchlen: Das PARALANE er\u00f6ffnet uns eine neue Dimension des Rennradfahrens! Das langlebige Carbon-Rennrad, das zwar Endurance sein zuhause nennt, aber auch mit Geschwindigkeit und Aerodynamik beeindruckt. Deine schnelle, aber vielseitige t\u00e4gliche Begleitung f\u00fcr alle Jahreszeiten. In deinem Tempo und auf deiner Route \u2013 was auch immer du vorhast. Der langlebige Carbon-Rahmen des PARALANE wiegt 1.130 Gramm (Gr\u00f6\u00dfe M). Mit einem zugelassenen Systemgewicht von 120 kg ist es auch f\u00fcr rasante Bikepacking-Abenteuer bestens geeignet.<\/p>\n<p>Unbegrenzte M\u00f6glichkeiten mit 35 mm Reifenfreiheit<br \/>\nAlle PARALANE Modelle sind mit 32 mm-Rennradreifen ausgestattet, damit du entspannt \u00fcber schlagloch\u00fcbers\u00e4te Stra\u00dfen und notfalls auch \u00fcber unwegsame Radwege schwebst. Manche sagen sogar, du k\u00f6nntest mit ihm Schotterstra\u00dfen bezwingen. Wenn du willst, kannst du bis zu 35 mm breite Reifen aufziehen, was dir deine Komoot-Routenplanung um einiges leichter macht. Der Rahmen wurde f\u00fcr eine runde 27,2 mm-Standardsattelst\u00fctze entwickelt, um dir alle M\u00f6glichkeiten zu geben, die perfekte Passform f\u00fcr dich einzustellen. Dar\u00fcber hinaus ist unser verbesserter C.I.S. Vorbau in sechs L\u00e4ngen von 70 bis 120 mm erh\u00e4ltlich. Der Wechsel zwischen den L\u00e4ngen ist bequemer denn je, ohne dass Bremsleitungen ge\u00f6ffnet werden m\u00fcssen.<\/p>\n<p>Komfort-Extras<br \/>\nDas PARALANE ist gemacht, um dich weiter zu bringen. Deswegen gibt es f\u00fcr das PARALANE spezielle Extras und ein Schutzblech-Set zum Nachr\u00fcsten. Damit du auf langen Fahrten immer gut versorgt bist, ist eine Tasche am Oberrohr mit dabei. Zus\u00e4tzlich liefern wir bei allen Modellen ein spezielles Sticker-Set zum Rahmenschutz mit, wenn du den langlebigen Rahmen des PARALANEs noch mehr sch\u00fctzen m\u00f6chtest. Wir haben auch ein spezielles Schutzblech-Set (Art. Nr. 311048800) entwickelt, das weder das Aussehen noch die Geschwindigkeit eines Rennrads beeintr\u00e4chtigt. Du kannst es bei deinem FOCUS H\u00e4ndler vor Ort kaufen. Um mehr \u00fcber das spezielle Schutzblech-Set zu erfahren, schau dir die FAQ auf der PARALANE Family-Page an.<\/p>\n","protected":false},"excerpt":{"rendered":"<p>Langlebiger Carbon-Rahmen Draufsetzen, wohlf\u00fchlen: Das PARALANE er\u00f6ffnet uns eine neue Dimension des Rennradfahrens! Das langlebige Carbon-Rennrad, das zwar End<\/p>\n","protected":false},"featured_media":50457,"comment_status":"open","ping_status":"closed","template":"","meta":{"googlesitekit_rrm_CAowq6HFDA:productID":"","om_disable_all_campaigns":false,"_monsterinsights_skip_tracking":false,"_monsterinsights_sitenote_active":false,"_monsterinsights_sitenote_note":"","_monsterinsights_sitenote_category":0,"_uf_show_specific_survey":0,"_uf_disable_surveys":false},"product_brand":[],"product_cat":[1244],"product_tag":[],"class_list":{"0":"post-50452","1":"product","2":"type-product","3":"status-publish","4":"has-post-thumbnail","6":"product_cat-rennrad","8":"first","9":"instock","10":"sale","11":"taxable","12":"shipping-taxable","13":"purchasable","14":"product-type-variable"},"aioseo_notices":[],"aioseo_head":"\n\t\t<!-- All in One SEO Pro 4.9.5.2 - aioseo.com -->\n\t<meta name=\"description\" content=\"Langlebiger Carbon-Rahmen Draufsetzen, wohlf\u00fchlen: Das PARALANE er\u00f6ffnet uns eine neue Dimension des Rennradfahrens! Das langlebige Carbon-Rennrad, das zwar End\" \/>\n\t<meta name=\"robots\" content=\"max-image-preview:large\" \/>\n\t<meta name=\"google-site-verification\" content=\"leF1qydUwZM4hbNEWkzXBgJ5cwNBnthZjCldnstJI-8\" \/>\n\t<meta name=\"msvalidate.01\" content=\"F4CE253B53A296EF4B982618F43BD699\" \/>\n\t<meta name=\"yandex-verification\" content=\"2c6c63eaf20e4d4b\" \/>\n\t<link rel=\"canonical\" href=\"https:\/\/bikeyfasty.store\/index.php\/produkt\/focus-paralane-8-8\/\" \/>\n\t<meta name=\"generator\" content=\"All in One SEO Pro (AIOSEO) 4.9.5.2\" \/>\n\t\t<meta property=\"og:locale\" content=\"de_DE\" \/>\n\t\t<meta property=\"og:site_name\" content=\"Bikey Fasty - Die bestenIhre besten Fahrr\u00e4der\" \/>\n\t\t<meta property=\"og:type\" content=\"article\" \/>\n\t\t<meta property=\"og:title\" content=\"Focus PARALANE 8.8 Carbon-Rennrad 120 kg M - Bikey Fasty\" \/>\n\t\t<meta property=\"og:description\" content=\"Langlebiger Carbon-Rahmen Draufsetzen, wohlf\u00fchlen: Das PARALANE er\u00f6ffnet uns eine neue Dimension des Rennradfahrens! Das langlebige Carbon-Rennrad, das zwar End\" \/>\n\t\t<meta property=\"og:url\" content=\"https:\/\/bikeyfasty.store\/index.php\/produkt\/focus-paralane-8-8\/\" \/>\n\t\t<meta property=\"og:image\" content=\"https:\/\/bikeyfasty.store\/wp-content\/uploads\/2026\/01\/unnamed-file.png\" \/>\n\t\t<meta property=\"og:image:secure_url\" content=\"https:\/\/bikeyfasty.store\/wp-content\/uploads\/2026\/01\/unnamed-file.png\" \/>\n\t\t<meta property=\"og:image:width\" content=\"616\" \/>\n\t\t<meta property=\"og:image:height\" content=\"447\" \/>\n\t\t<meta property=\"article:published_time\" content=\"2026-01-07T23:35:33+00:00\" \/>\n\t\t<meta property=\"article:modified_time\" content=\"2026-02-18T09:41:05+00:00\" \/>\n\t\t<meta name=\"twitter:card\" content=\"summary_large_image\" \/>\n\t\t<meta name=\"twitter:title\" content=\"Focus PARALANE 8.8 Carbon-Rennrad 120 kg M - Bikey Fasty\" \/>\n\t\t<meta name=\"twitter:description\" content=\"Langlebiger Carbon-Rahmen Draufsetzen, wohlf\u00fchlen: Das PARALANE er\u00f6ffnet uns eine neue Dimension des Rennradfahrens! Das langlebige Carbon-Rennrad, das zwar End\" \/>\n\t\t<meta name=\"twitter:image\" content=\"https:\/\/bikeyfasty.store\/wp-content\/uploads\/2026\/01\/unnamed-file.png\" \/>\n\t\t<script type=\"application\/ld+json\" class=\"aioseo-schema\">\n\t\t\t{\"@context\":\"https:\\\/\\\/schema.org\",\"@graph\":[{\"@type\":\"BreadcrumbList\",\"@id\":\"https:\\\/\\\/bikeyfasty.store\\\/index.php\\\/produkt\\\/focus-paralane-8-8\\\/#breadcrumblist\",\"itemListElement\":[{\"@type\":\"ListItem\",\"@id\":\"https:\\\/\\\/bikeyfasty.store#listItem\",\"position\":1,\"name\":\"Start\",\"item\":\"https:\\\/\\\/bikeyfasty.store\",\"nextItem\":{\"@type\":\"ListItem\",\"@id\":\"https:\\\/\\\/bikeyfasty.store\\\/index.php\\\/geschaft\\\/#listItem\",\"name\":\"Gesch\\u00e4ft\"}},{\"@type\":\"ListItem\",\"@id\":\"https:\\\/\\\/bikeyfasty.store\\\/index.php\\\/geschaft\\\/#listItem\",\"position\":2,\"name\":\"Gesch\\u00e4ft\",\"item\":\"https:\\\/\\\/bikeyfasty.store\\\/index.php\\\/geschaft\\\/\",\"nextItem\":{\"@type\":\"ListItem\",\"@id\":\"https:\\\/\\\/bikeyfasty.store\\\/index.php\\\/produkt-kategorie\\\/rennrad\\\/#listItem\",\"name\":\"Rennrad\"},\"previousItem\":{\"@type\":\"ListItem\",\"@id\":\"https:\\\/\\\/bikeyfasty.store#listItem\",\"name\":\"Start\"}},{\"@type\":\"ListItem\",\"@id\":\"https:\\\/\\\/bikeyfasty.store\\\/index.php\\\/produkt-kategorie\\\/rennrad\\\/#listItem\",\"position\":3,\"name\":\"Rennrad\",\"item\":\"https:\\\/\\\/bikeyfasty.store\\\/index.php\\\/produkt-kategorie\\\/rennrad\\\/\",\"nextItem\":{\"@type\":\"ListItem\",\"@id\":\"https:\\\/\\\/bikeyfasty.store\\\/index.php\\\/produkt\\\/focus-paralane-8-8\\\/#listItem\",\"name\":\"Focus PARALANE 8.8 Carbon-Rennrad 120 kg M\"},\"previousItem\":{\"@type\":\"ListItem\",\"@id\":\"https:\\\/\\\/bikeyfasty.store\\\/index.php\\\/geschaft\\\/#listItem\",\"name\":\"Gesch\\u00e4ft\"}},{\"@type\":\"ListItem\",\"@id\":\"https:\\\/\\\/bikeyfasty.store\\\/index.php\\\/produkt\\\/focus-paralane-8-8\\\/#listItem\",\"position\":4,\"name\":\"Focus PARALANE 8.8 Carbon-Rennrad 120 kg M\",\"previousItem\":{\"@type\":\"ListItem\",\"@id\":\"https:\\\/\\\/bikeyfasty.store\\\/index.php\\\/produkt-kategorie\\\/rennrad\\\/#listItem\",\"name\":\"Rennrad\"}}]},{\"@type\":\"ItemPage\",\"@id\":\"https:\\\/\\\/bikeyfasty.store\\\/index.php\\\/produkt\\\/focus-paralane-8-8\\\/#itempage\",\"url\":\"https:\\\/\\\/bikeyfasty.store\\\/index.php\\\/produkt\\\/focus-paralane-8-8\\\/\",\"name\":\"Focus PARALANE 8.8 Carbon-Rennrad 120 kg M - Bikey Fasty\",\"description\":\"Langlebiger Carbon-Rahmen Draufsetzen, wohlf\\u00fchlen: Das PARALANE er\\u00f6ffnet uns eine neue Dimension des Rennradfahrens! Das langlebige Carbon-Rennrad, das zwar End\",\"inLanguage\":\"de-DE\",\"isPartOf\":{\"@id\":\"https:\\\/\\\/bikeyfasty.store\\\/#website\"},\"breadcrumb\":{\"@id\":\"https:\\\/\\\/bikeyfasty.store\\\/index.php\\\/produkt\\\/focus-paralane-8-8\\\/#breadcrumblist\"},\"image\":{\"@type\":\"ImageObject\",\"url\":\"https:\\\/\\\/bikeyfasty.store\\\/wp-content\\\/uploads\\\/2026\\\/01\\\/6000_2XxZ1EabtPK44ECS.png\",\"@id\":\"https:\\\/\\\/bikeyfasty.store\\\/index.php\\\/produkt\\\/focus-paralane-8-8\\\/#mainImage\",\"width\":2393,\"height\":1418,\"caption\":\"6000 2XxZ1EabtPK44ECS\"},\"primaryImageOfPage\":{\"@id\":\"https:\\\/\\\/bikeyfasty.store\\\/index.php\\\/produkt\\\/focus-paralane-8-8\\\/#mainImage\"},\"datePublished\":\"2026-01-08T00:35:33+01:00\",\"dateModified\":\"2026-02-18T10:41:05+01:00\"},{\"@type\":\"Organization\",\"@id\":\"https:\\\/\\\/bikeyfasty.store\\\/#organization\",\"name\":\"#Bikey Fasty BIKEY FASTY\",\"description\":\"Die bestenIhre besten Fahrr\\u00e4der Deine elektrische Mobilit\\u00e4t beginnt hier Die Zukunft der Mobilit\\u00e4t \\u2013 heute\",\"url\":\"https:\\\/\\\/bikeyfasty.store\\\/\",\"email\":\"contact@bikeyfasty.store\",\"telephone\":\"+4915510400141\",\"foundingDate\":\"1945-11-29\",\"numberOfEmployees\":{\"@type\":\"QuantitativeValue\",\"value\":27},\"logo\":{\"@type\":\"ImageObject\",\"url\":\"https:\\\/\\\/bikeyfasty.store\\\/wp-content\\\/uploads\\\/2026\\\/01\\\/unnamed-file.png\",\"@id\":\"https:\\\/\\\/bikeyfasty.store\\\/index.php\\\/produkt\\\/focus-paralane-8-8\\\/#organizationLogo\",\"width\":616,\"height\":447,\"caption\":\"( ( ( ( (\"},\"image\":{\"@id\":\"https:\\\/\\\/bikeyfasty.store\\\/index.php\\\/produkt\\\/focus-paralane-8-8\\\/#organizationLogo\"},\"address\":{\"@id\":\"https:\\\/\\\/bikeyfasty.store\\\/#postaladdress\",\"@type\":\"PostalAddress\",\"streetAddress\":\"Karl-Liebknecht-Str. 13,\",\"postalCode\":\"10178\",\"addressLocality\":\"Berlin\",\"addressRegion\":\"Berlin\",\"addressCountry\":\"DE\"}},{\"@type\":\"WebPage\",\"@id\":\"https:\\\/\\\/bikeyfasty.store\\\/index.php\\\/produkt\\\/focus-paralane-8-8\\\/#webpage\",\"url\":\"https:\\\/\\\/bikeyfasty.store\\\/index.php\\\/produkt\\\/focus-paralane-8-8\\\/\",\"name\":\"Focus PARALANE 8.8 Carbon-Rennrad 120 kg M - Bikey Fasty\",\"description\":\"Langlebiger Carbon-Rahmen Draufsetzen, wohlf\\u00fchlen: Das PARALANE er\\u00f6ffnet uns eine neue Dimension des Rennradfahrens! Das langlebige Carbon-Rennrad, das zwar End\",\"inLanguage\":\"de-DE\",\"isPartOf\":{\"@id\":\"https:\\\/\\\/bikeyfasty.store\\\/#website\"},\"breadcrumb\":{\"@id\":\"https:\\\/\\\/bikeyfasty.store\\\/index.php\\\/produkt\\\/focus-paralane-8-8\\\/#breadcrumblist\"},\"image\":{\"@type\":\"ImageObject\",\"url\":\"https:\\\/\\\/bikeyfasty.store\\\/wp-content\\\/uploads\\\/2026\\\/01\\\/6000_2XxZ1EabtPK44ECS.png\",\"@id\":\"https:\\\/\\\/bikeyfasty.store\\\/index.php\\\/produkt\\\/focus-paralane-8-8\\\/#mainImage\",\"width\":2393,\"height\":1418,\"caption\":\"6000 2XxZ1EabtPK44ECS\"},\"primaryImageOfPage\":{\"@id\":\"https:\\\/\\\/bikeyfasty.store\\\/index.php\\\/produkt\\\/focus-paralane-8-8\\\/#mainImage\"},\"datePublished\":\"2026-01-08T00:35:33+01:00\",\"dateModified\":\"2026-02-18T10:41:05+01:00\"},{\"@type\":\"WebSite\",\"@id\":\"https:\\\/\\\/bikeyfasty.store\\\/#website\",\"url\":\"https:\\\/\\\/bikeyfasty.store\\\/\",\"name\":\"Bikey Fasty\",\"description\":\"Die bestenIhre besten Fahrr\\u00e4der\",\"inLanguage\":\"de-DE\",\"publisher\":{\"@id\":\"https:\\\/\\\/bikeyfasty.store\\\/#organization\"}}]}\n\t\t<\/script>\n\t\t<script type=\"text\/javascript\">\n\t\t\t(function(c,l,a,r,i,t,y){\n\t\t\tc[a]=c[a]||function(){(c[a].q=c[a].q||[]).push(arguments)};t=l.createElement(r);t.async=1;\n\t\t\tt.src=\"https:\/\/www.clarity.ms\/tag\/\"+i+\"?ref=aioseo\";y=l.getElementsByTagName(r)[0];y.parentNode.insertBefore(t,y);\n\t\t})(window, document, \"clarity\", \"script\", \"v74e4fvqvw\");\n\t\t<\/script>\n\t\t<!-- All in One SEO Pro -->\r\n\t\t<title>Focus PARALANE 8.8 Carbon-Rennrad 120 kg M - Bikey Fasty<\/title>\n\n","aioseo_head_json":{"title":"Focus PARALANE 8.8 Carbon-Rennrad 120 kg M - Bikey Fasty","description":"Langlebiger Carbon-Rahmen Draufsetzen, wohlf\u00fchlen: Das PARALANE er\u00f6ffnet uns eine neue Dimension des Rennradfahrens! Das langlebige Carbon-Rennrad, das zwar End","canonical_url":"https:\/\/bikeyfasty.store\/index.php\/produkt\/focus-paralane-8-8\/","robots":"max-image-preview:large","keywords":"","webmasterTools":{"google-site-verification":"leF1qydUwZM4hbNEWkzXBgJ5cwNBnthZjCldnstJI-8","msvalidate.01":"F4CE253B53A296EF4B982618F43BD699","yandex-verification":"2c6c63eaf20e4d4b","miscellaneous":""},"schema":{"@context":"https:\/\/schema.org","@graph":[{"@type":"BreadcrumbList","@id":"https:\/\/bikeyfasty.store\/index.php\/produkt\/focus-paralane-8-8\/#breadcrumblist","itemListElement":[{"@type":"ListItem","@id":"https:\/\/bikeyfasty.store#listItem","position":1,"name":"Start","item":"https:\/\/bikeyfasty.store","nextItem":{"@type":"ListItem","@id":"https:\/\/bikeyfasty.store\/index.php\/geschaft\/#listItem","name":"Gesch\u00e4ft"}},{"@type":"ListItem","@id":"https:\/\/bikeyfasty.store\/index.php\/geschaft\/#listItem","position":2,"name":"Gesch\u00e4ft","item":"https:\/\/bikeyfasty.store\/index.php\/geschaft\/","nextItem":{"@type":"ListItem","@id":"https:\/\/bikeyfasty.store\/index.php\/produkt-kategorie\/rennrad\/#listItem","name":"Rennrad"},"previousItem":{"@type":"ListItem","@id":"https:\/\/bikeyfasty.store#listItem","name":"Start"}},{"@type":"ListItem","@id":"https:\/\/bikeyfasty.store\/index.php\/produkt-kategorie\/rennrad\/#listItem","position":3,"name":"Rennrad","item":"https:\/\/bikeyfasty.store\/index.php\/produkt-kategorie\/rennrad\/","nextItem":{"@type":"ListItem","@id":"https:\/\/bikeyfasty.store\/index.php\/produkt\/focus-paralane-8-8\/#listItem","name":"Focus PARALANE 8.8 Carbon-Rennrad 120 kg M"},"previousItem":{"@type":"ListItem","@id":"https:\/\/bikeyfasty.store\/index.php\/geschaft\/#listItem","name":"Gesch\u00e4ft"}},{"@type":"ListItem","@id":"https:\/\/bikeyfasty.store\/index.php\/produkt\/focus-paralane-8-8\/#listItem","position":4,"name":"Focus PARALANE 8.8 Carbon-Rennrad 120 kg M","previousItem":{"@type":"ListItem","@id":"https:\/\/bikeyfasty.store\/index.php\/produkt-kategorie\/rennrad\/#listItem","name":"Rennrad"}}]},{"@type":"ItemPage","@id":"https:\/\/bikeyfasty.store\/index.php\/produkt\/focus-paralane-8-8\/#itempage","url":"https:\/\/bikeyfasty.store\/index.php\/produkt\/focus-paralane-8-8\/","name":"Focus PARALANE 8.8 Carbon-Rennrad 120 kg M - Bikey Fasty","description":"Langlebiger Carbon-Rahmen Draufsetzen, wohlf\u00fchlen: Das PARALANE er\u00f6ffnet uns eine neue Dimension des Rennradfahrens! Das langlebige Carbon-Rennrad, das zwar End","inLanguage":"de-DE","isPartOf":{"@id":"https:\/\/bikeyfasty.store\/#website"},"breadcrumb":{"@id":"https:\/\/bikeyfasty.store\/index.php\/produkt\/focus-paralane-8-8\/#breadcrumblist"},"image":{"@type":"ImageObject","url":"https:\/\/bikeyfasty.store\/wp-content\/uploads\/2026\/01\/6000_2XxZ1EabtPK44ECS.png","@id":"https:\/\/bikeyfasty.store\/index.php\/produkt\/focus-paralane-8-8\/#mainImage","width":2393,"height":1418,"caption":"6000 2XxZ1EabtPK44ECS"},"primaryImageOfPage":{"@id":"https:\/\/bikeyfasty.store\/index.php\/produkt\/focus-paralane-8-8\/#mainImage"},"datePublished":"2026-01-08T00:35:33+01:00","dateModified":"2026-02-18T10:41:05+01:00"},{"@type":"Organization","@id":"https:\/\/bikeyfasty.store\/#organization","name":"#Bikey Fasty BIKEY FASTY","description":"Die bestenIhre besten Fahrr\u00e4der Deine elektrische Mobilit\u00e4t beginnt hier Die Zukunft der Mobilit\u00e4t \u2013 heute","url":"https:\/\/bikeyfasty.store\/","email":"contact@bikeyfasty.store","telephone":"+4915510400141","foundingDate":"1945-11-29","numberOfEmployees":{"@type":"QuantitativeValue","value":27},"logo":{"@type":"ImageObject","url":"https:\/\/bikeyfasty.store\/wp-content\/uploads\/2026\/01\/unnamed-file.png","@id":"https:\/\/bikeyfasty.store\/index.php\/produkt\/focus-paralane-8-8\/#organizationLogo","width":616,"height":447,"caption":"( ( ( ( ("},"image":{"@id":"https:\/\/bikeyfasty.store\/index.php\/produkt\/focus-paralane-8-8\/#organizationLogo"},"address":{"@id":"https:\/\/bikeyfasty.store\/#postaladdress","@type":"PostalAddress","streetAddress":"Karl-Liebknecht-Str. 13,","postalCode":"10178","addressLocality":"Berlin","addressRegion":"Berlin","addressCountry":"DE"}},{"@type":"WebPage","@id":"https:\/\/bikeyfasty.store\/index.php\/produkt\/focus-paralane-8-8\/#webpage","url":"https:\/\/bikeyfasty.store\/index.php\/produkt\/focus-paralane-8-8\/","name":"Focus PARALANE 8.8 Carbon-Rennrad 120 kg M - Bikey Fasty","description":"Langlebiger Carbon-Rahmen Draufsetzen, wohlf\u00fchlen: Das PARALANE er\u00f6ffnet uns eine neue Dimension des Rennradfahrens! Das langlebige Carbon-Rennrad, das zwar End","inLanguage":"de-DE","isPartOf":{"@id":"https:\/\/bikeyfasty.store\/#website"},"breadcrumb":{"@id":"https:\/\/bikeyfasty.store\/index.php\/produkt\/focus-paralane-8-8\/#breadcrumblist"},"image":{"@type":"ImageObject","url":"https:\/\/bikeyfasty.store\/wp-content\/uploads\/2026\/01\/6000_2XxZ1EabtPK44ECS.png","@id":"https:\/\/bikeyfasty.store\/index.php\/produkt\/focus-paralane-8-8\/#mainImage","width":2393,"height":1418,"caption":"6000 2XxZ1EabtPK44ECS"},"primaryImageOfPage":{"@id":"https:\/\/bikeyfasty.store\/index.php\/produkt\/focus-paralane-8-8\/#mainImage"},"datePublished":"2026-01-08T00:35:33+01:00","dateModified":"2026-02-18T10:41:05+01:00"},{"@type":"WebSite","@id":"https:\/\/bikeyfasty.store\/#website","url":"https:\/\/bikeyfasty.store\/","name":"Bikey Fasty","description":"Die bestenIhre besten Fahrr\u00e4der","inLanguage":"de-DE","publisher":{"@id":"https:\/\/bikeyfasty.store\/#organization"}}]},"og:locale":"de_DE","og:site_name":"Bikey Fasty - Die bestenIhre besten Fahrr\u00e4der","og:type":"article","og:title":"Focus PARALANE 8.8 Carbon-Rennrad 120 kg M - Bikey Fasty","og:description":"Langlebiger Carbon-Rahmen Draufsetzen, wohlf\u00fchlen: Das PARALANE er\u00f6ffnet uns eine neue Dimension des Rennradfahrens! Das langlebige Carbon-Rennrad, das zwar End","og:url":"https:\/\/bikeyfasty.store\/index.php\/produkt\/focus-paralane-8-8\/","og:image":"https:\/\/bikeyfasty.store\/wp-content\/uploads\/2026\/01\/unnamed-file.png","og:image:secure_url":"https:\/\/bikeyfasty.store\/wp-content\/uploads\/2026\/01\/unnamed-file.png","og:image:width":616,"og:image:height":447,"article:published_time":"2026-01-07T23:35:33+00:00","article:modified_time":"2026-02-18T09:41:05+00:00","twitter:card":"summary_large_image","twitter:title":"Focus PARALANE 8.8 Carbon-Rennrad 120 kg M - Bikey Fasty","twitter:description":"Langlebiger Carbon-Rahmen Draufsetzen, wohlf\u00fchlen: Das PARALANE er\u00f6ffnet uns eine neue Dimension des Rennradfahrens! Das langlebige Carbon-Rennrad, das zwar End","twitter:image":"https:\/\/bikeyfasty.store\/wp-content\/uploads\/2026\/01\/unnamed-file.png"},"aioseo_meta_data":{"post_id":"50452","title":null,"description":null,"keywords":null,"keyphrases":{"focus":{"keyphrase":"","score":0,"analysis":{"keyphraseInTitle":{"score":0,"maxScore":9,"error":1}}},"additional":[]},"primary_term":null,"canonical_url":null,"og_title":null,"og_description":null,"og_object_type":"default","og_image_type":"default","og_image_url":null,"og_image_width":null,"og_image_height":null,"og_image_custom_url":null,"og_image_custom_fields":null,"og_video":"","og_custom_url":null,"og_article_section":null,"og_article_tags":null,"twitter_use_og":false,"twitter_card":"default","twitter_image_type":"default","twitter_image_url":null,"twitter_image_custom_url":null,"twitter_image_custom_fields":null,"twitter_title":null,"twitter_description":null,"schema":{"blockGraphs":[],"customGraphs":[],"default":{"data":{"Article":[],"Course":[],"Dataset":[],"FAQPage":[],"Movie":[],"Person":[],"Product":[],"ProductReview":[],"Car":[],"Recipe":[],"Service":[],"SoftwareApplication":[],"WebPage":[]},"graphName":"ItemPage","isEnabled":true},"graphs":[]},"schema_type":"default","schema_type_options":null,"pillar_content":false,"robots_default":true,"robots_noindex":false,"robots_noarchive":false,"robots_nosnippet":false,"robots_nofollow":false,"robots_noimageindex":false,"robots_noodp":false,"robots_notranslate":false,"robots_max_snippet":"-1","robots_max_videopreview":"-1","robots_max_imagepreview":"large","priority":null,"frequency":"default","local_seo":null,"seo_analyzer_scan_date":"2026-02-18 09:51:07","breadcrumb_settings":null,"limit_modified_date":false,"reviewed_by":"0","open_ai":null,"ai":{"faqs":[],"keyPoints":[],"titles":[],"descriptions":[],"socialPosts":{"email":[],"linkedin":[],"twitter":[],"facebook":[],"instagram":[]}},"created":"2026-01-25 20:02:53","updated":"2026-02-18 09:57:51"},"aioseo_breadcrumb":"<div class=\"aioseo-breadcrumbs\"><span class=\"aioseo-breadcrumb\">\n\t<a href=\"https:\/\/bikeyfasty.store\" title=\"Start\">Start<\/a>\n<\/span><span class=\"aioseo-breadcrumb-separator\">\u00bb<\/span><span class=\"aioseo-breadcrumb\">\n\t<a href=\"https:\/\/bikeyfasty.store\/index.php\/geschaft\/\" title=\"Gesch\u00e4ft\">Gesch\u00e4ft<\/a>\n<\/span><span class=\"aioseo-breadcrumb-separator\">\u00bb<\/span><span class=\"aioseo-breadcrumb\">\n\t<a href=\"https:\/\/bikeyfasty.store\/index.php\/produkt-kategorie\/rennrad\/\" title=\"Rennrad\">Rennrad<\/a>\n<\/span><span class=\"aioseo-breadcrumb-separator\">\u00bb<\/span><span class=\"aioseo-breadcrumb\">\n\tFocus PARALANE 8.8 Carbon-Rennrad 120 kg M\n<\/span><\/div>","aioseo_breadcrumb_json":[{"label":"Start","link":"https:\/\/bikeyfasty.store"},{"label":"Gesch\u00e4ft","link":"https:\/\/bikeyfasty.store\/index.php\/geschaft\/"},{"label":"Rennrad","link":"https:\/\/bikeyfasty.store\/index.php\/produkt-kategorie\/rennrad\/"},{"label":"Focus PARALANE 8.8 Carbon-Rennrad 120 kg M","link":"https:\/\/bikeyfasty.store\/index.php\/produkt\/focus-paralane-8-8\/"}],"_links":{"self":[{"href":"https:\/\/bikeyfasty.store\/index.php\/wp-json\/wp\/v2\/product\/50452","targetHints":{"allow":["GET"]}}],"collection":[{"href":"https:\/\/bikeyfasty.store\/index.php\/wp-json\/wp\/v2\/product"}],"about":[{"href":"https:\/\/bikeyfasty.store\/index.php\/wp-json\/wp\/v2\/types\/product"}],"replies":[{"embeddable":true,"href":"https:\/\/bikeyfasty.store\/index.php\/wp-json\/wp\/v2\/comments?post=50452"}],"version-history":[{"count":3,"href":"https:\/\/bikeyfasty.store\/index.php\/wp-json\/wp\/v2\/product\/50452\/revisions"}],"predecessor-version":[{"id":53184,"href":"https:\/\/bikeyfasty.store\/index.php\/wp-json\/wp\/v2\/product\/50452\/revisions\/53184"}],"wp:featuredmedia":[{"embeddable":true,"href":"https:\/\/bikeyfasty.store\/index.php\/wp-json\/wp\/v2\/media\/50457"}],"wp:attachment":[{"href":"https:\/\/bikeyfasty.store\/index.php\/wp-json\/wp\/v2\/media?parent=50452"}],"wp:term":[{"taxonomy":"product_brand","embeddable":true,"href":"https:\/\/bikeyfasty.store\/index.php\/wp-json\/wp\/v2\/product_brand?post=50452"},{"taxonomy":"product_cat","embeddable":true,"href":"https:\/\/bikeyfasty.store\/index.php\/wp-json\/wp\/v2\/product_cat?post=50452"},{"taxonomy":"product_tag","embeddable":true,"href":"https:\/\/bikeyfasty.store\/index.php\/wp-json\/wp\/v2\/product_tag?post=50452"}],"curies":[{"name":"wp","href":"https:\/\/api.w.org\/{rel}","templated":true}]}}