{"id":50460,"date":"2026-01-08T00:39:21","date_gmt":"2026-01-07T23:39:21","guid":{"rendered":"https:\/\/bikeyfasty.store\/?post_type=product&#038;p=50460"},"modified":"2026-02-18T10:15:00","modified_gmt":"2026-02-18T09:15:00","slug":"merida-speeder-100","status":"publish","type":"product","link":"https:\/\/bikeyfasty.store\/index.php\/produkt\/merida-speeder-100\/","title":{"rendered":"Merida speeder 100 700x35C max EF505 carbon"},"content":{"rendered":"<h4 class=\"text-xl font-bold\">Produktbeschreibung<\/h4>\n<p>Modnum 42230<br \/>\nSerie Speeder<br \/>\nRahmen SPEEDER LITE II, material: aluminium, 700x35C max. wheelsize, 100\u00d79\/135x9mm axle standard, BSA bottom bracket standard<br \/>\nFarbe SILK CHAMPAGNE (BLACK) (bw)<br \/>\nGabel MERIDA SPEEDER CF2, Tapered, material: carbon , 700x35C max. wheelsize<br \/>\nUmwerfer Shimano TY710<br \/>\nSchaltwerk Shimano Acera-X<br \/>\nSchalthebel vorne Shimano ST-EF505<br \/>\nSchalthebel hinten Shimano ST-EF505<br \/>\nBremshebel Shimano EF505<br \/>\nBremse vorne Shimano ST-EF505, BR-MT200 brake caliper\/ 160 mm<br \/>\nBremse hinten Shimano ST-EF505, BR-MT200 brake caliper\/ 160 mm<br \/>\nKette Sunrace CN-M84<br \/>\nKassette Sunrace CSM558, 11-32 teeth, 8 speed<br \/>\nInnenlager FSA TH-7420ST Cartridge Bearing<br \/>\nSattelst\u00fctze MERIDA COMP CC, material: aluminium, 30.9mm diameter, 12mm setback<br \/>\nSattel MERIDA COMP SL, V-mount<br \/>\nNabe vorne Joytech D471SBT-SC-CL, 100x9mm width front hub, 28 spoke holes, centerlock<br \/>\nNabe hinten Shimano FH-TX505, 135x9mm width rear hub, 32 spoke holes, centerlock<br \/>\nPneus Maxxis Detonator, 700x32C, wire \/\/ Maxxis Detonator, 700x32C, wire<br \/>\nFelgen MERIDA COMP SL, 17mm inner width, 22mm height, material: aluminium<br \/>\nLaufradsatz 700<br \/>\nLenker MERIDA COMP TK, material: aluminium, 600mm width, Flat<br \/>\nVorbau MERIDA COMP CC, material: aluminium, 31.8mm diameter, 6\u00b0 stem angle, 80 mm-XS, 90 mm-S, 100 mm-SM\/ML, 110 mm-L\/XL<br \/>\nSteuersatz MERIDA M2341 Neck<\/p>\n<p>&nbsp;<\/p>\n","protected":false},"excerpt":{"rendered":"<p>Modnum 42230 Serie Speeder Rahmen SPEEDER LITE II, material: aluminium, 700x35C max. wheelsize, 100\u00d79\/135x9mm axle standard, BSA bottom bracket standard [&#8230;]<\/p>\n","protected":false},"featured_media":50461,"comment_status":"open","ping_status":"closed","template":"","meta":{"googlesitekit_rrm_CAowq6HFDA:productID":"","om_disable_all_campaigns":false,"_monsterinsights_skip_tracking":false,"_monsterinsights_sitenote_active":false,"_monsterinsights_sitenote_note":"","_monsterinsights_sitenote_category":0,"_uf_show_specific_survey":0,"_uf_disable_surveys":false},"product_brand":[],"product_cat":[1244],"product_tag":[],"class_list":{"0":"post-50460","1":"product","2":"type-product","3":"status-publish","4":"has-post-thumbnail","6":"product_cat-rennrad","8":"first","9":"instock","10":"sale","11":"taxable","12":"shipping-taxable","13":"purchasable","14":"product-type-simple"},"aioseo_notices":[],"aioseo_head":"\n\t\t<!-- All in One SEO Pro 4.9.5.2 - aioseo.com -->\n\t<meta name=\"description\" content=\"Modnum 42230 Serie Speeder Rahmen SPEEDER LITE II, material: aluminium, 700x35C max. wheelsize, 100\u00d79\/135x9mm axle standard, BSA bottom bracket standard [...]\" \/>\n\t<meta name=\"robots\" content=\"max-image-preview:large\" \/>\n\t<meta name=\"google-site-verification\" content=\"leF1qydUwZM4hbNEWkzXBgJ5cwNBnthZjCldnstJI-8\" \/>\n\t<meta name=\"msvalidate.01\" content=\"F4CE253B53A296EF4B982618F43BD699\" \/>\n\t<meta name=\"yandex-verification\" content=\"2c6c63eaf20e4d4b\" \/>\n\t<link rel=\"canonical\" href=\"https:\/\/bikeyfasty.store\/index.php\/produkt\/merida-speeder-100\/\" \/>\n\t<meta name=\"generator\" content=\"All in One SEO Pro (AIOSEO) 4.9.5.2\" \/>\n\t\t<meta property=\"og:locale\" content=\"de_DE\" \/>\n\t\t<meta property=\"og:site_name\" content=\"Bikey Fasty - Die bestenIhre besten Fahrr\u00e4der\" \/>\n\t\t<meta property=\"og:type\" content=\"article\" \/>\n\t\t<meta property=\"og:title\" content=\"Merida speeder 100 700x35C max EF505 carbon - Bikey Fasty\" \/>\n\t\t<meta property=\"og:description\" content=\"Modnum 42230 Serie Speeder Rahmen SPEEDER LITE II, material: aluminium, 700x35C max. wheelsize, 100\u00d79\/135x9mm axle standard, BSA bottom bracket standard [...]\" \/>\n\t\t<meta property=\"og:url\" content=\"https:\/\/bikeyfasty.store\/index.php\/produkt\/merida-speeder-100\/\" \/>\n\t\t<meta property=\"og:image\" content=\"https:\/\/bikeyfasty.store\/wp-content\/uploads\/2026\/01\/unnamed-file.png\" \/>\n\t\t<meta property=\"og:image:secure_url\" content=\"https:\/\/bikeyfasty.store\/wp-content\/uploads\/2026\/01\/unnamed-file.png\" \/>\n\t\t<meta property=\"og:image:width\" content=\"616\" \/>\n\t\t<meta property=\"og:image:height\" content=\"447\" \/>\n\t\t<meta property=\"article:published_time\" content=\"2026-01-07T23:39:21+00:00\" \/>\n\t\t<meta property=\"article:modified_time\" content=\"2026-02-18T09:15:00+00:00\" \/>\n\t\t<meta name=\"twitter:card\" content=\"summary_large_image\" \/>\n\t\t<meta name=\"twitter:title\" content=\"Merida speeder 100 700x35C max EF505 carbon - Bikey Fasty\" \/>\n\t\t<meta name=\"twitter:description\" content=\"Modnum 42230 Serie Speeder Rahmen SPEEDER LITE II, material: aluminium, 700x35C max. wheelsize, 100\u00d79\/135x9mm axle standard, BSA bottom bracket standard [...]\" \/>\n\t\t<meta name=\"twitter:image\" content=\"https:\/\/bikeyfasty.store\/wp-content\/uploads\/2026\/01\/unnamed-file.png\" \/>\n\t\t<script type=\"application\/ld+json\" class=\"aioseo-schema\">\n\t\t\t{\"@context\":\"https:\\\/\\\/schema.org\",\"@graph\":[{\"@type\":\"BreadcrumbList\",\"@id\":\"https:\\\/\\\/bikeyfasty.store\\\/index.php\\\/produkt\\\/merida-speeder-100\\\/#breadcrumblist\",\"itemListElement\":[{\"@type\":\"ListItem\",\"@id\":\"https:\\\/\\\/bikeyfasty.store#listItem\",\"position\":1,\"name\":\"Start\",\"item\":\"https:\\\/\\\/bikeyfasty.store\",\"nextItem\":{\"@type\":\"ListItem\",\"@id\":\"https:\\\/\\\/bikeyfasty.store\\\/index.php\\\/geschaft\\\/#listItem\",\"name\":\"Gesch\\u00e4ft\"}},{\"@type\":\"ListItem\",\"@id\":\"https:\\\/\\\/bikeyfasty.store\\\/index.php\\\/geschaft\\\/#listItem\",\"position\":2,\"name\":\"Gesch\\u00e4ft\",\"item\":\"https:\\\/\\\/bikeyfasty.store\\\/index.php\\\/geschaft\\\/\",\"nextItem\":{\"@type\":\"ListItem\",\"@id\":\"https:\\\/\\\/bikeyfasty.store\\\/index.php\\\/produkt-kategorie\\\/rennrad\\\/#listItem\",\"name\":\"Rennrad\"},\"previousItem\":{\"@type\":\"ListItem\",\"@id\":\"https:\\\/\\\/bikeyfasty.store#listItem\",\"name\":\"Start\"}},{\"@type\":\"ListItem\",\"@id\":\"https:\\\/\\\/bikeyfasty.store\\\/index.php\\\/produkt-kategorie\\\/rennrad\\\/#listItem\",\"position\":3,\"name\":\"Rennrad\",\"item\":\"https:\\\/\\\/bikeyfasty.store\\\/index.php\\\/produkt-kategorie\\\/rennrad\\\/\",\"nextItem\":{\"@type\":\"ListItem\",\"@id\":\"https:\\\/\\\/bikeyfasty.store\\\/index.php\\\/produkt\\\/merida-speeder-100\\\/#listItem\",\"name\":\"Merida speeder 100 700x35C max EF505 carbon\"},\"previousItem\":{\"@type\":\"ListItem\",\"@id\":\"https:\\\/\\\/bikeyfasty.store\\\/index.php\\\/geschaft\\\/#listItem\",\"name\":\"Gesch\\u00e4ft\"}},{\"@type\":\"ListItem\",\"@id\":\"https:\\\/\\\/bikeyfasty.store\\\/index.php\\\/produkt\\\/merida-speeder-100\\\/#listItem\",\"position\":4,\"name\":\"Merida speeder 100 700x35C max EF505 carbon\",\"previousItem\":{\"@type\":\"ListItem\",\"@id\":\"https:\\\/\\\/bikeyfasty.store\\\/index.php\\\/produkt-kategorie\\\/rennrad\\\/#listItem\",\"name\":\"Rennrad\"}}]},{\"@type\":\"ItemPage\",\"@id\":\"https:\\\/\\\/bikeyfasty.store\\\/index.php\\\/produkt\\\/merida-speeder-100\\\/#itempage\",\"url\":\"https:\\\/\\\/bikeyfasty.store\\\/index.php\\\/produkt\\\/merida-speeder-100\\\/\",\"name\":\"Merida speeder 100 700x35C max EF505 carbon - Bikey Fasty\",\"description\":\"Modnum 42230 Serie Speeder Rahmen SPEEDER LITE II, material: aluminium, 700x35C max. wheelsize, 100\\u00d79\\\/135x9mm axle standard, BSA bottom bracket standard [...]\",\"inLanguage\":\"de-DE\",\"isPartOf\":{\"@id\":\"https:\\\/\\\/bikeyfasty.store\\\/#website\"},\"breadcrumb\":{\"@id\":\"https:\\\/\\\/bikeyfasty.store\\\/index.php\\\/produkt\\\/merida-speeder-100\\\/#breadcrumblist\"},\"image\":{\"@type\":\"ImageObject\",\"url\":\"https:\\\/\\\/bikeyfasty.store\\\/wp-content\\\/uploads\\\/2026\\\/01\\\/54_SPEEDER_100_crmblk_MY2022_696x407.jpg\",\"@id\":\"https:\\\/\\\/bikeyfasty.store\\\/index.php\\\/produkt\\\/merida-speeder-100\\\/#mainImage\",\"width\":695,\"height\":407,\"caption\":\"54 SPEEDER 100 crmblk MY2022 696x407\"},\"primaryImageOfPage\":{\"@id\":\"https:\\\/\\\/bikeyfasty.store\\\/index.php\\\/produkt\\\/merida-speeder-100\\\/#mainImage\"},\"datePublished\":\"2026-01-08T00:39:21+01:00\",\"dateModified\":\"2026-02-18T10:15:00+01:00\"},{\"@type\":\"Organization\",\"@id\":\"https:\\\/\\\/bikeyfasty.store\\\/#organization\",\"name\":\"#Bikey Fasty BIKEY FASTY\",\"description\":\"Die bestenIhre besten Fahrr\\u00e4der Deine elektrische Mobilit\\u00e4t beginnt hier Die Zukunft der Mobilit\\u00e4t \\u2013 heute\",\"url\":\"https:\\\/\\\/bikeyfasty.store\\\/\",\"email\":\"contact@bikeyfasty.store\",\"telephone\":\"+4915510400141\",\"foundingDate\":\"1945-11-29\",\"numberOfEmployees\":{\"@type\":\"QuantitativeValue\",\"value\":27},\"logo\":{\"@type\":\"ImageObject\",\"url\":\"https:\\\/\\\/bikeyfasty.store\\\/wp-content\\\/uploads\\\/2026\\\/01\\\/unnamed-file.png\",\"@id\":\"https:\\\/\\\/bikeyfasty.store\\\/index.php\\\/produkt\\\/merida-speeder-100\\\/#organizationLogo\",\"width\":616,\"height\":447,\"caption\":\"( ( ( ( (\"},\"image\":{\"@id\":\"https:\\\/\\\/bikeyfasty.store\\\/index.php\\\/produkt\\\/merida-speeder-100\\\/#organizationLogo\"},\"address\":{\"@id\":\"https:\\\/\\\/bikeyfasty.store\\\/#postaladdress\",\"@type\":\"PostalAddress\",\"streetAddress\":\"Karl-Liebknecht-Str. 13,\",\"postalCode\":\"10178\",\"addressLocality\":\"Berlin\",\"addressRegion\":\"Berlin\",\"addressCountry\":\"DE\"}},{\"@type\":\"WebPage\",\"@id\":\"https:\\\/\\\/bikeyfasty.store\\\/index.php\\\/produkt\\\/merida-speeder-100\\\/#webpage\",\"url\":\"https:\\\/\\\/bikeyfasty.store\\\/index.php\\\/produkt\\\/merida-speeder-100\\\/\",\"name\":\"Merida speeder 100 700x35C max EF505 carbon - Bikey Fasty\",\"description\":\"Modnum 42230 Serie Speeder Rahmen SPEEDER LITE II, material: aluminium, 700x35C max. wheelsize, 100\\u00d79\\\/135x9mm axle standard, BSA bottom bracket standard [...]\",\"inLanguage\":\"de-DE\",\"isPartOf\":{\"@id\":\"https:\\\/\\\/bikeyfasty.store\\\/#website\"},\"breadcrumb\":{\"@id\":\"https:\\\/\\\/bikeyfasty.store\\\/index.php\\\/produkt\\\/merida-speeder-100\\\/#breadcrumblist\"},\"image\":{\"@type\":\"ImageObject\",\"url\":\"https:\\\/\\\/bikeyfasty.store\\\/wp-content\\\/uploads\\\/2026\\\/01\\\/54_SPEEDER_100_crmblk_MY2022_696x407.jpg\",\"@id\":\"https:\\\/\\\/bikeyfasty.store\\\/index.php\\\/produkt\\\/merida-speeder-100\\\/#mainImage\",\"width\":695,\"height\":407,\"caption\":\"54 SPEEDER 100 crmblk MY2022 696x407\"},\"primaryImageOfPage\":{\"@id\":\"https:\\\/\\\/bikeyfasty.store\\\/index.php\\\/produkt\\\/merida-speeder-100\\\/#mainImage\"},\"datePublished\":\"2026-01-08T00:39:21+01:00\",\"dateModified\":\"2026-02-18T10:15:00+01:00\"},{\"@type\":\"WebSite\",\"@id\":\"https:\\\/\\\/bikeyfasty.store\\\/#website\",\"url\":\"https:\\\/\\\/bikeyfasty.store\\\/\",\"name\":\"Bikey Fasty\",\"description\":\"Die bestenIhre besten Fahrr\\u00e4der\",\"inLanguage\":\"de-DE\",\"publisher\":{\"@id\":\"https:\\\/\\\/bikeyfasty.store\\\/#organization\"}}]}\n\t\t<\/script>\n\t\t<script type=\"text\/javascript\">\n\t\t\t(function(c,l,a,r,i,t,y){\n\t\t\tc[a]=c[a]||function(){(c[a].q=c[a].q||[]).push(arguments)};t=l.createElement(r);t.async=1;\n\t\t\tt.src=\"https:\/\/www.clarity.ms\/tag\/\"+i+\"?ref=aioseo\";y=l.getElementsByTagName(r)[0];y.parentNode.insertBefore(t,y);\n\t\t})(window, document, \"clarity\", \"script\", \"v74e4fvqvw\");\n\t\t<\/script>\n\t\t<!-- All in One SEO Pro -->\r\n\t\t<title>Merida speeder 100 700x35C max EF505 carbon - Bikey Fasty<\/title>\n\n","aioseo_head_json":{"title":"Merida speeder 100 700x35C max EF505 carbon - Bikey Fasty","description":"Modnum 42230 Serie Speeder Rahmen SPEEDER LITE II, material: aluminium, 700x35C max. wheelsize, 100\u00d79\/135x9mm axle standard, BSA bottom bracket standard [...]","canonical_url":"https:\/\/bikeyfasty.store\/index.php\/produkt\/merida-speeder-100\/","robots":"max-image-preview:large","keywords":"","webmasterTools":{"google-site-verification":"leF1qydUwZM4hbNEWkzXBgJ5cwNBnthZjCldnstJI-8","msvalidate.01":"F4CE253B53A296EF4B982618F43BD699","yandex-verification":"2c6c63eaf20e4d4b","miscellaneous":""},"schema":{"@context":"https:\/\/schema.org","@graph":[{"@type":"BreadcrumbList","@id":"https:\/\/bikeyfasty.store\/index.php\/produkt\/merida-speeder-100\/#breadcrumblist","itemListElement":[{"@type":"ListItem","@id":"https:\/\/bikeyfasty.store#listItem","position":1,"name":"Start","item":"https:\/\/bikeyfasty.store","nextItem":{"@type":"ListItem","@id":"https:\/\/bikeyfasty.store\/index.php\/geschaft\/#listItem","name":"Gesch\u00e4ft"}},{"@type":"ListItem","@id":"https:\/\/bikeyfasty.store\/index.php\/geschaft\/#listItem","position":2,"name":"Gesch\u00e4ft","item":"https:\/\/bikeyfasty.store\/index.php\/geschaft\/","nextItem":{"@type":"ListItem","@id":"https:\/\/bikeyfasty.store\/index.php\/produkt-kategorie\/rennrad\/#listItem","name":"Rennrad"},"previousItem":{"@type":"ListItem","@id":"https:\/\/bikeyfasty.store#listItem","name":"Start"}},{"@type":"ListItem","@id":"https:\/\/bikeyfasty.store\/index.php\/produkt-kategorie\/rennrad\/#listItem","position":3,"name":"Rennrad","item":"https:\/\/bikeyfasty.store\/index.php\/produkt-kategorie\/rennrad\/","nextItem":{"@type":"ListItem","@id":"https:\/\/bikeyfasty.store\/index.php\/produkt\/merida-speeder-100\/#listItem","name":"Merida speeder 100 700x35C max EF505 carbon"},"previousItem":{"@type":"ListItem","@id":"https:\/\/bikeyfasty.store\/index.php\/geschaft\/#listItem","name":"Gesch\u00e4ft"}},{"@type":"ListItem","@id":"https:\/\/bikeyfasty.store\/index.php\/produkt\/merida-speeder-100\/#listItem","position":4,"name":"Merida speeder 100 700x35C max EF505 carbon","previousItem":{"@type":"ListItem","@id":"https:\/\/bikeyfasty.store\/index.php\/produkt-kategorie\/rennrad\/#listItem","name":"Rennrad"}}]},{"@type":"ItemPage","@id":"https:\/\/bikeyfasty.store\/index.php\/produkt\/merida-speeder-100\/#itempage","url":"https:\/\/bikeyfasty.store\/index.php\/produkt\/merida-speeder-100\/","name":"Merida speeder 100 700x35C max EF505 carbon - Bikey Fasty","description":"Modnum 42230 Serie Speeder Rahmen SPEEDER LITE II, material: aluminium, 700x35C max. wheelsize, 100\u00d79\/135x9mm axle standard, BSA bottom bracket standard [...]","inLanguage":"de-DE","isPartOf":{"@id":"https:\/\/bikeyfasty.store\/#website"},"breadcrumb":{"@id":"https:\/\/bikeyfasty.store\/index.php\/produkt\/merida-speeder-100\/#breadcrumblist"},"image":{"@type":"ImageObject","url":"https:\/\/bikeyfasty.store\/wp-content\/uploads\/2026\/01\/54_SPEEDER_100_crmblk_MY2022_696x407.jpg","@id":"https:\/\/bikeyfasty.store\/index.php\/produkt\/merida-speeder-100\/#mainImage","width":695,"height":407,"caption":"54 SPEEDER 100 crmblk MY2022 696x407"},"primaryImageOfPage":{"@id":"https:\/\/bikeyfasty.store\/index.php\/produkt\/merida-speeder-100\/#mainImage"},"datePublished":"2026-01-08T00:39:21+01:00","dateModified":"2026-02-18T10:15:00+01:00"},{"@type":"Organization","@id":"https:\/\/bikeyfasty.store\/#organization","name":"#Bikey Fasty BIKEY FASTY","description":"Die bestenIhre besten Fahrr\u00e4der Deine elektrische Mobilit\u00e4t beginnt hier Die Zukunft der Mobilit\u00e4t \u2013 heute","url":"https:\/\/bikeyfasty.store\/","email":"contact@bikeyfasty.store","telephone":"+4915510400141","foundingDate":"1945-11-29","numberOfEmployees":{"@type":"QuantitativeValue","value":27},"logo":{"@type":"ImageObject","url":"https:\/\/bikeyfasty.store\/wp-content\/uploads\/2026\/01\/unnamed-file.png","@id":"https:\/\/bikeyfasty.store\/index.php\/produkt\/merida-speeder-100\/#organizationLogo","width":616,"height":447,"caption":"( ( ( ( ("},"image":{"@id":"https:\/\/bikeyfasty.store\/index.php\/produkt\/merida-speeder-100\/#organizationLogo"},"address":{"@id":"https:\/\/bikeyfasty.store\/#postaladdress","@type":"PostalAddress","streetAddress":"Karl-Liebknecht-Str. 13,","postalCode":"10178","addressLocality":"Berlin","addressRegion":"Berlin","addressCountry":"DE"}},{"@type":"WebPage","@id":"https:\/\/bikeyfasty.store\/index.php\/produkt\/merida-speeder-100\/#webpage","url":"https:\/\/bikeyfasty.store\/index.php\/produkt\/merida-speeder-100\/","name":"Merida speeder 100 700x35C max EF505 carbon - Bikey Fasty","description":"Modnum 42230 Serie Speeder Rahmen SPEEDER LITE II, material: aluminium, 700x35C max. wheelsize, 100\u00d79\/135x9mm axle standard, BSA bottom bracket standard [...]","inLanguage":"de-DE","isPartOf":{"@id":"https:\/\/bikeyfasty.store\/#website"},"breadcrumb":{"@id":"https:\/\/bikeyfasty.store\/index.php\/produkt\/merida-speeder-100\/#breadcrumblist"},"image":{"@type":"ImageObject","url":"https:\/\/bikeyfasty.store\/wp-content\/uploads\/2026\/01\/54_SPEEDER_100_crmblk_MY2022_696x407.jpg","@id":"https:\/\/bikeyfasty.store\/index.php\/produkt\/merida-speeder-100\/#mainImage","width":695,"height":407,"caption":"54 SPEEDER 100 crmblk MY2022 696x407"},"primaryImageOfPage":{"@id":"https:\/\/bikeyfasty.store\/index.php\/produkt\/merida-speeder-100\/#mainImage"},"datePublished":"2026-01-08T00:39:21+01:00","dateModified":"2026-02-18T10:15:00+01:00"},{"@type":"WebSite","@id":"https:\/\/bikeyfasty.store\/#website","url":"https:\/\/bikeyfasty.store\/","name":"Bikey Fasty","description":"Die bestenIhre besten Fahrr\u00e4der","inLanguage":"de-DE","publisher":{"@id":"https:\/\/bikeyfasty.store\/#organization"}}]},"og:locale":"de_DE","og:site_name":"Bikey Fasty - Die bestenIhre besten Fahrr\u00e4der","og:type":"article","og:title":"Merida speeder 100 700x35C max EF505 carbon - Bikey Fasty","og:description":"Modnum 42230 Serie Speeder Rahmen SPEEDER LITE II, material: aluminium, 700x35C max. wheelsize, 100\u00d79\/135x9mm axle standard, BSA bottom bracket standard [...]","og:url":"https:\/\/bikeyfasty.store\/index.php\/produkt\/merida-speeder-100\/","og:image":"https:\/\/bikeyfasty.store\/wp-content\/uploads\/2026\/01\/unnamed-file.png","og:image:secure_url":"https:\/\/bikeyfasty.store\/wp-content\/uploads\/2026\/01\/unnamed-file.png","og:image:width":616,"og:image:height":447,"article:published_time":"2026-01-07T23:39:21+00:00","article:modified_time":"2026-02-18T09:15:00+00:00","twitter:card":"summary_large_image","twitter:title":"Merida speeder 100 700x35C max EF505 carbon - Bikey Fasty","twitter:description":"Modnum 42230 Serie Speeder Rahmen SPEEDER LITE II, material: aluminium, 700x35C max. wheelsize, 100\u00d79\/135x9mm axle standard, BSA bottom bracket standard [...]","twitter:image":"https:\/\/bikeyfasty.store\/wp-content\/uploads\/2026\/01\/unnamed-file.png"},"aioseo_meta_data":{"post_id":"50460","title":null,"description":null,"keywords":null,"keyphrases":{"focus":{"keyphrase":"","score":0,"analysis":{"keyphraseInTitle":{"score":0,"maxScore":9,"error":1}}},"additional":[]},"primary_term":null,"canonical_url":null,"og_title":null,"og_description":null,"og_object_type":"default","og_image_type":"default","og_image_url":null,"og_image_width":null,"og_image_height":null,"og_image_custom_url":null,"og_image_custom_fields":null,"og_video":"","og_custom_url":null,"og_article_section":null,"og_article_tags":null,"twitter_use_og":false,"twitter_card":"default","twitter_image_type":"default","twitter_image_url":null,"twitter_image_custom_url":null,"twitter_image_custom_fields":null,"twitter_title":null,"twitter_description":null,"schema":{"blockGraphs":[],"customGraphs":[],"default":{"data":{"Article":[],"Course":[],"Dataset":[],"FAQPage":[],"Movie":[],"Person":[],"Product":[],"ProductReview":[],"Car":[],"Recipe":[],"Service":[],"SoftwareApplication":[],"WebPage":[]},"graphName":"ItemPage","isEnabled":true},"graphs":[]},"schema_type":"default","schema_type_options":null,"pillar_content":false,"robots_default":true,"robots_noindex":false,"robots_noarchive":false,"robots_nosnippet":false,"robots_nofollow":false,"robots_noimageindex":false,"robots_noodp":false,"robots_notranslate":false,"robots_max_snippet":"-1","robots_max_videopreview":"-1","robots_max_imagepreview":"large","priority":null,"frequency":"default","local_seo":null,"seo_analyzer_scan_date":"2026-02-18 09:16:41","breadcrumb_settings":null,"limit_modified_date":false,"reviewed_by":"0","open_ai":null,"ai":{"faqs":[],"keyPoints":[],"titles":[],"descriptions":[],"socialPosts":{"email":[],"linkedin":[],"twitter":[],"facebook":[],"instagram":[]}},"created":"2026-01-25 20:02:54","updated":"2026-02-18 09:19:54"},"aioseo_breadcrumb":"<div class=\"aioseo-breadcrumbs\"><span class=\"aioseo-breadcrumb\">\n\t<a href=\"https:\/\/bikeyfasty.store\" title=\"Start\">Start<\/a>\n<\/span><span class=\"aioseo-breadcrumb-separator\">\u00bb<\/span><span class=\"aioseo-breadcrumb\">\n\t<a href=\"https:\/\/bikeyfasty.store\/index.php\/geschaft\/\" title=\"Gesch\u00e4ft\">Gesch\u00e4ft<\/a>\n<\/span><span class=\"aioseo-breadcrumb-separator\">\u00bb<\/span><span class=\"aioseo-breadcrumb\">\n\t<a href=\"https:\/\/bikeyfasty.store\/index.php\/produkt-kategorie\/rennrad\/\" title=\"Rennrad\">Rennrad<\/a>\n<\/span><span class=\"aioseo-breadcrumb-separator\">\u00bb<\/span><span class=\"aioseo-breadcrumb\">\n\tMerida speeder 100 700x35C max EF505 carbon\n<\/span><\/div>","aioseo_breadcrumb_json":[{"label":"Start","link":"https:\/\/bikeyfasty.store"},{"label":"Gesch\u00e4ft","link":"https:\/\/bikeyfasty.store\/index.php\/geschaft\/"},{"label":"Rennrad","link":"https:\/\/bikeyfasty.store\/index.php\/produkt-kategorie\/rennrad\/"},{"label":"Merida speeder 100 700x35C max EF505 carbon","link":"https:\/\/bikeyfasty.store\/index.php\/produkt\/merida-speeder-100\/"}],"_links":{"self":[{"href":"https:\/\/bikeyfasty.store\/index.php\/wp-json\/wp\/v2\/product\/50460","targetHints":{"allow":["GET"]}}],"collection":[{"href":"https:\/\/bikeyfasty.store\/index.php\/wp-json\/wp\/v2\/product"}],"about":[{"href":"https:\/\/bikeyfasty.store\/index.php\/wp-json\/wp\/v2\/types\/product"}],"replies":[{"embeddable":true,"href":"https:\/\/bikeyfasty.store\/index.php\/wp-json\/wp\/v2\/comments?post=50460"}],"version-history":[{"count":3,"href":"https:\/\/bikeyfasty.store\/index.php\/wp-json\/wp\/v2\/product\/50460\/revisions"}],"predecessor-version":[{"id":53178,"href":"https:\/\/bikeyfasty.store\/index.php\/wp-json\/wp\/v2\/product\/50460\/revisions\/53178"}],"wp:featuredmedia":[{"embeddable":true,"href":"https:\/\/bikeyfasty.store\/index.php\/wp-json\/wp\/v2\/media\/50461"}],"wp:attachment":[{"href":"https:\/\/bikeyfasty.store\/index.php\/wp-json\/wp\/v2\/media?parent=50460"}],"wp:term":[{"taxonomy":"product_brand","embeddable":true,"href":"https:\/\/bikeyfasty.store\/index.php\/wp-json\/wp\/v2\/product_brand?post=50460"},{"taxonomy":"product_cat","embeddable":true,"href":"https:\/\/bikeyfasty.store\/index.php\/wp-json\/wp\/v2\/product_cat?post=50460"},{"taxonomy":"product_tag","embeddable":true,"href":"https:\/\/bikeyfasty.store\/index.php\/wp-json\/wp\/v2\/product_tag?post=50460"}],"curies":[{"name":"wp","href":"https:\/\/api.w.org\/{rel}","templated":true}]}}