{"id":50808,"date":"2026-01-11T23:57:37","date_gmt":"2026-01-11T22:57:37","guid":{"rendered":"https:\/\/bikeyfasty.store\/?post_type=product&#038;p=50808"},"modified":"2026-02-18T01:04:34","modified_gmt":"2026-02-18T00:04:34","slug":"shimano-deore-xt-pd-m8120-pedale-schwarz","status":"publish","type":"product","link":"https:\/\/bikeyfasty.store\/index.php\/produkt\/shimano-deore-xt-pd-m8120-pedale-schwarz\/","title":{"rendered":"Shimano Deore XT PD-M8120 Pedale schwarz"},"content":{"rendered":"<div>\n<div class=\"flex justify-between items-center\">\n<h4 class=\"disclosure__title h6 mb-0\">Beschreibung<\/h4>\n<\/div>\n<\/div>\n<div class=\"disclosure__panel has-motion\">\n<div class=\"disclosure__content rte product-description\">\n<div class=\"product-description-toggle\" data-collapsed=\"false\">\n<div id=\"description-column-template--24354456928629__details-0-col\" class=\"single-column\">\n<p>Die konstante Evolution bei Shimanos XT-Trailpedal setzt die Messlatte f\u00fcr die Konkurrenz auch 2019 noch einmal h\u00f6her. Das ohnehin als legend\u00e4r und absolut unverw\u00fcstlich geltende XT Pedal hat eine noch einmal 3.3 mm vergr\u00f6\u00dferte Auflagefl\u00e4che bekommen und platziert den Fahrer noch einmal 0,5 mm n\u00e4her an der Achse. Das klingt nach minimalen \u00c4nderungen, erh\u00f6ht aber sowohl die Effizienz beim Pedalieren als auch die Standsicherheit sp\u00fcrbar. Kombiniert mit der shimanotypisch hohen Lagerqualit\u00e4t, pr\u00e4sentiert sich das neue Shimano XT PD-M8120 als eine der besten Klickpedale f\u00fcr alle Trailbiker, All-Mountain-Fans oder Enduro-Rennfahrer.<\/p>\n<\/div>\n<\/div>\n<\/div>\n<\/div>\n<p>&nbsp;<\/p>\n<div>\n<div class=\"flex justify-between items-center\">\n<h4 class=\"disclosure__title h6 mb-0\">Spezifikationen<\/h4>\n<\/div>\n<\/div>\n<div class=\"disclosure__panel has-motion\">\n<div class=\"disclosure__content\">\n<div class=\"product-spec\">\n<div class=\"spec-table-wrapper\">\n<table class=\"specification-table-2\">\n<tbody>\n<tr class=\"table-head-spacing\">\n<th colspan=\"2\" scope=\"colgroup\">Modell<\/th>\n<\/tr>\n<tr>\n<td>Artikelnummer<\/td>\n<td>4550170444204<\/td>\n<\/tr>\n<tr>\n<td>Modelljahr<\/td>\n<td>2025<\/td>\n<\/tr>\n<tr>\n<td>Marke<\/td>\n<td>Shimano<\/td>\n<\/tr>\n<tr>\n<td>Modell<\/td>\n<td>Deore XT PD-M8120<\/td>\n<\/tr>\n<tr>\n<td>Herstellerfarbe<\/td>\n<td>Schwarz<\/td>\n<\/tr>\n<tr>\n<td>EAN<\/td>\n<td>4550170444204<\/td>\n<\/tr>\n<tr>\n<td colspan=\"2\"><\/td>\n<\/tr>\n<\/tbody>\n<\/table>\n<table class=\"specification-table-2\">\n<tbody>\n<tr class=\"table-head-spacing\">\n<th colspan=\"2\" scope=\"colgroup\">Geeignet f\u00fcr<\/th>\n<\/tr>\n<tr>\n<td>Disziplin<\/td>\n<td>MTB<\/td>\n<\/tr>\n<tr>\n<td>Einsatzbereich<\/td>\n<td>MTB All Mountain &amp; Enduro<\/td>\n<\/tr>\n<tr>\n<td>Konzipiert f\u00fcr E-Bikes<\/td>\n<td>Ja, speziell f\u00fcr E-Bikes<\/td>\n<\/tr>\n<tr>\n<td colspan=\"2\">\n<div class=\"separator-inner\"><\/div>\n<\/td>\n<\/tr>\n<tr class=\"table-head-spacing\">\n<th colspan=\"2\" scope=\"colgroup\">Pedale<\/th>\n<\/tr>\n<tr>\n<td>Typ<\/td>\n<td>Klickpedal<\/td>\n<\/tr>\n<tr>\n<td colspan=\"2\">\n<div class=\"separator-inner\"><\/div>\n<\/td>\n<\/tr>\n<tr class=\"table-head-spacing\">\n<th colspan=\"2\" scope=\"colgroup\">Lieferung<\/th>\n<\/tr>\n<tr>\n<td>Lieferumfang<\/td>\n<td>1 Paar, Inklusive Cleats SM-SH51<\/td>\n<\/tr>\n<\/tbody>\n<\/table>\n<\/div>\n<\/div>\n<\/div>\n<\/div>\n","protected":false},"excerpt":{"rendered":"<p>Die konstante Evolution bei Shimanos XT-Trailpedal setzt die Messlatte f\u00fcr die Konkurrenz auch 2019<\/p>\n","protected":false},"featured_media":50810,"comment_status":"open","ping_status":"closed","template":"","meta":{"googlesitekit_rrm_CAowq6HFDA:productID":"","om_disable_all_campaigns":false,"_monsterinsights_skip_tracking":false,"_monsterinsights_sitenote_active":false,"_monsterinsights_sitenote_note":"","_monsterinsights_sitenote_category":0,"_uf_show_specific_survey":0,"_uf_disable_surveys":false},"product_brand":[],"product_cat":[1077],"product_tag":[],"class_list":{"0":"post-50808","1":"product","2":"type-product","3":"status-publish","4":"has-post-thumbnail","6":"product_cat-fahrradteile","8":"first","9":"instock","10":"sale","11":"taxable","12":"shipping-taxable","13":"purchasable","14":"product-type-simple"},"aioseo_notices":[],"aioseo_head":"\n\t\t<!-- All in One SEO Pro 4.9.5.2 - aioseo.com -->\n\t<meta name=\"description\" content=\"Die konstante Evolution bei Shimanos XT-Trailpedal setzt die Messlatte f\u00fcr die Konkurrenz auch 2019\" \/>\n\t<meta name=\"robots\" content=\"max-image-preview:large\" \/>\n\t<meta name=\"google-site-verification\" content=\"leF1qydUwZM4hbNEWkzXBgJ5cwNBnthZjCldnstJI-8\" \/>\n\t<meta name=\"msvalidate.01\" content=\"F4CE253B53A296EF4B982618F43BD699\" \/>\n\t<meta name=\"yandex-verification\" content=\"2c6c63eaf20e4d4b\" \/>\n\t<link rel=\"canonical\" href=\"https:\/\/bikeyfasty.store\/index.php\/produkt\/shimano-deore-xt-pd-m8120-pedale-schwarz\/\" \/>\n\t<meta name=\"generator\" content=\"All in One SEO Pro (AIOSEO) 4.9.5.2\" \/>\n\t\t<meta property=\"og:locale\" content=\"de_DE\" \/>\n\t\t<meta property=\"og:site_name\" content=\"Bikey Fasty - Die bestenIhre besten Fahrr\u00e4der\" \/>\n\t\t<meta property=\"og:type\" content=\"article\" \/>\n\t\t<meta property=\"og:title\" content=\"Shimano Deore XT PD-M8120 Pedale schwarz - Bikey Fasty\" \/>\n\t\t<meta property=\"og:description\" content=\"Die konstante Evolution bei Shimanos XT-Trailpedal setzt die Messlatte f\u00fcr die Konkurrenz auch 2019\" \/>\n\t\t<meta property=\"og:url\" content=\"https:\/\/bikeyfasty.store\/index.php\/produkt\/shimano-deore-xt-pd-m8120-pedale-schwarz\/\" \/>\n\t\t<meta property=\"og:image\" content=\"https:\/\/bikeyfasty.store\/wp-content\/uploads\/2026\/01\/unnamed-file.png\" \/>\n\t\t<meta property=\"og:image:secure_url\" content=\"https:\/\/bikeyfasty.store\/wp-content\/uploads\/2026\/01\/unnamed-file.png\" \/>\n\t\t<meta property=\"og:image:width\" content=\"616\" \/>\n\t\t<meta property=\"og:image:height\" content=\"447\" \/>\n\t\t<meta property=\"article:published_time\" content=\"2026-01-11T22:57:37+00:00\" \/>\n\t\t<meta property=\"article:modified_time\" content=\"2026-02-18T00:04:34+00:00\" \/>\n\t\t<meta name=\"twitter:card\" content=\"summary_large_image\" \/>\n\t\t<meta name=\"twitter:title\" content=\"Shimano Deore XT PD-M8120 Pedale schwarz - Bikey Fasty\" \/>\n\t\t<meta name=\"twitter:description\" content=\"Die konstante Evolution bei Shimanos XT-Trailpedal setzt die Messlatte f\u00fcr die Konkurrenz auch 2019\" \/>\n\t\t<meta name=\"twitter:image\" content=\"https:\/\/bikeyfasty.store\/wp-content\/uploads\/2026\/01\/unnamed-file.png\" \/>\n\t\t<script type=\"application\/ld+json\" class=\"aioseo-schema\">\n\t\t\t{\"@context\":\"https:\\\/\\\/schema.org\",\"@graph\":[{\"@type\":\"BreadcrumbList\",\"@id\":\"https:\\\/\\\/bikeyfasty.store\\\/index.php\\\/produkt\\\/shimano-deore-xt-pd-m8120-pedale-schwarz\\\/#breadcrumblist\",\"itemListElement\":[{\"@type\":\"ListItem\",\"@id\":\"https:\\\/\\\/bikeyfasty.store#listItem\",\"position\":1,\"name\":\"Start\",\"item\":\"https:\\\/\\\/bikeyfasty.store\",\"nextItem\":{\"@type\":\"ListItem\",\"@id\":\"https:\\\/\\\/bikeyfasty.store\\\/index.php\\\/geschaft\\\/#listItem\",\"name\":\"Gesch\\u00e4ft\"}},{\"@type\":\"ListItem\",\"@id\":\"https:\\\/\\\/bikeyfasty.store\\\/index.php\\\/geschaft\\\/#listItem\",\"position\":2,\"name\":\"Gesch\\u00e4ft\",\"item\":\"https:\\\/\\\/bikeyfasty.store\\\/index.php\\\/geschaft\\\/\",\"nextItem\":{\"@type\":\"ListItem\",\"@id\":\"https:\\\/\\\/bikeyfasty.store\\\/index.php\\\/produkt-kategorie\\\/fahrradteile\\\/#listItem\",\"name\":\"Fahrradteile\"},\"previousItem\":{\"@type\":\"ListItem\",\"@id\":\"https:\\\/\\\/bikeyfasty.store#listItem\",\"name\":\"Start\"}},{\"@type\":\"ListItem\",\"@id\":\"https:\\\/\\\/bikeyfasty.store\\\/index.php\\\/produkt-kategorie\\\/fahrradteile\\\/#listItem\",\"position\":3,\"name\":\"Fahrradteile\",\"item\":\"https:\\\/\\\/bikeyfasty.store\\\/index.php\\\/produkt-kategorie\\\/fahrradteile\\\/\",\"nextItem\":{\"@type\":\"ListItem\",\"@id\":\"https:\\\/\\\/bikeyfasty.store\\\/index.php\\\/produkt\\\/shimano-deore-xt-pd-m8120-pedale-schwarz\\\/#listItem\",\"name\":\"Shimano Deore XT PD-M8120 Pedale schwarz\"},\"previousItem\":{\"@type\":\"ListItem\",\"@id\":\"https:\\\/\\\/bikeyfasty.store\\\/index.php\\\/geschaft\\\/#listItem\",\"name\":\"Gesch\\u00e4ft\"}},{\"@type\":\"ListItem\",\"@id\":\"https:\\\/\\\/bikeyfasty.store\\\/index.php\\\/produkt\\\/shimano-deore-xt-pd-m8120-pedale-schwarz\\\/#listItem\",\"position\":4,\"name\":\"Shimano Deore XT PD-M8120 Pedale schwarz\",\"previousItem\":{\"@type\":\"ListItem\",\"@id\":\"https:\\\/\\\/bikeyfasty.store\\\/index.php\\\/produkt-kategorie\\\/fahrradteile\\\/#listItem\",\"name\":\"Fahrradteile\"}}]},{\"@type\":\"ItemPage\",\"@id\":\"https:\\\/\\\/bikeyfasty.store\\\/index.php\\\/produkt\\\/shimano-deore-xt-pd-m8120-pedale-schwarz\\\/#itempage\",\"url\":\"https:\\\/\\\/bikeyfasty.store\\\/index.php\\\/produkt\\\/shimano-deore-xt-pd-m8120-pedale-schwarz\\\/\",\"name\":\"Shimano Deore XT PD-M8120 Pedale schwarz - Bikey Fasty\",\"description\":\"Die konstante Evolution bei Shimanos XT-Trailpedal setzt die Messlatte f\\u00fcr die Konkurrenz auch 2019\",\"inLanguage\":\"de-DE\",\"isPartOf\":{\"@id\":\"https:\\\/\\\/bikeyfasty.store\\\/#website\"},\"breadcrumb\":{\"@id\":\"https:\\\/\\\/bikeyfasty.store\\\/index.php\\\/produkt\\\/shimano-deore-xt-pd-m8120-pedale-schwarz\\\/#breadcrumblist\"},\"image\":{\"@type\":\"ImageObject\",\"url\":\"https:\\\/\\\/bikeyfasty.store\\\/wp-content\\\/uploads\\\/2026\\\/01\\\/180946f9926379c9281be0fb09a4ba0746ca9edb_992840_64571a.webp\",\"@id\":\"https:\\\/\\\/bikeyfasty.store\\\/index.php\\\/produkt\\\/shimano-deore-xt-pd-m8120-pedale-schwarz\\\/#mainImage\",\"width\":1100,\"height\":939,\"caption\":\"180946f9926379c9281be0fb09a4ba0746ca9edb 992840 64571a\"},\"primaryImageOfPage\":{\"@id\":\"https:\\\/\\\/bikeyfasty.store\\\/index.php\\\/produkt\\\/shimano-deore-xt-pd-m8120-pedale-schwarz\\\/#mainImage\"},\"datePublished\":\"2026-01-11T23:57:37+01:00\",\"dateModified\":\"2026-02-18T01:04:34+01:00\"},{\"@type\":\"Organization\",\"@id\":\"https:\\\/\\\/bikeyfasty.store\\\/#organization\",\"name\":\"#Bikey Fasty BIKEY FASTY\",\"description\":\"Die bestenIhre besten Fahrr\\u00e4der Deine elektrische Mobilit\\u00e4t beginnt hier Die Zukunft der Mobilit\\u00e4t \\u2013 heute\",\"url\":\"https:\\\/\\\/bikeyfasty.store\\\/\",\"email\":\"contact@bikeyfasty.store\",\"telephone\":\"+4915510400141\",\"foundingDate\":\"1945-11-29\",\"numberOfEmployees\":{\"@type\":\"QuantitativeValue\",\"value\":27},\"logo\":{\"@type\":\"ImageObject\",\"url\":\"https:\\\/\\\/bikeyfasty.store\\\/wp-content\\\/uploads\\\/2026\\\/01\\\/unnamed-file.png\",\"@id\":\"https:\\\/\\\/bikeyfasty.store\\\/index.php\\\/produkt\\\/shimano-deore-xt-pd-m8120-pedale-schwarz\\\/#organizationLogo\",\"width\":616,\"height\":447,\"caption\":\"( ( ( ( (\"},\"image\":{\"@id\":\"https:\\\/\\\/bikeyfasty.store\\\/index.php\\\/produkt\\\/shimano-deore-xt-pd-m8120-pedale-schwarz\\\/#organizationLogo\"},\"address\":{\"@id\":\"https:\\\/\\\/bikeyfasty.store\\\/#postaladdress\",\"@type\":\"PostalAddress\",\"streetAddress\":\"Karl-Liebknecht-Str. 13,\",\"postalCode\":\"10178\",\"addressLocality\":\"Berlin\",\"addressRegion\":\"Berlin\",\"addressCountry\":\"DE\"}},{\"@type\":\"WebPage\",\"@id\":\"https:\\\/\\\/bikeyfasty.store\\\/index.php\\\/produkt\\\/shimano-deore-xt-pd-m8120-pedale-schwarz\\\/#webpage\",\"url\":\"https:\\\/\\\/bikeyfasty.store\\\/index.php\\\/produkt\\\/shimano-deore-xt-pd-m8120-pedale-schwarz\\\/\",\"name\":\"Shimano Deore XT PD-M8120 Pedale schwarz - Bikey Fasty\",\"description\":\"Die konstante Evolution bei Shimanos XT-Trailpedal setzt die Messlatte f\\u00fcr die Konkurrenz auch 2019\",\"inLanguage\":\"de-DE\",\"isPartOf\":{\"@id\":\"https:\\\/\\\/bikeyfasty.store\\\/#website\"},\"breadcrumb\":{\"@id\":\"https:\\\/\\\/bikeyfasty.store\\\/index.php\\\/produkt\\\/shimano-deore-xt-pd-m8120-pedale-schwarz\\\/#breadcrumblist\"},\"image\":{\"@type\":\"ImageObject\",\"url\":\"https:\\\/\\\/bikeyfasty.store\\\/wp-content\\\/uploads\\\/2026\\\/01\\\/180946f9926379c9281be0fb09a4ba0746ca9edb_992840_64571a.webp\",\"@id\":\"https:\\\/\\\/bikeyfasty.store\\\/index.php\\\/produkt\\\/shimano-deore-xt-pd-m8120-pedale-schwarz\\\/#mainImage\",\"width\":1100,\"height\":939,\"caption\":\"180946f9926379c9281be0fb09a4ba0746ca9edb 992840 64571a\"},\"primaryImageOfPage\":{\"@id\":\"https:\\\/\\\/bikeyfasty.store\\\/index.php\\\/produkt\\\/shimano-deore-xt-pd-m8120-pedale-schwarz\\\/#mainImage\"},\"datePublished\":\"2026-01-11T23:57:37+01:00\",\"dateModified\":\"2026-02-18T01:04:34+01:00\"},{\"@type\":\"WebSite\",\"@id\":\"https:\\\/\\\/bikeyfasty.store\\\/#website\",\"url\":\"https:\\\/\\\/bikeyfasty.store\\\/\",\"name\":\"Bikey Fasty\",\"description\":\"Die bestenIhre besten Fahrr\\u00e4der\",\"inLanguage\":\"de-DE\",\"publisher\":{\"@id\":\"https:\\\/\\\/bikeyfasty.store\\\/#organization\"}}]}\n\t\t<\/script>\n\t\t<script type=\"text\/javascript\">\n\t\t\t(function(c,l,a,r,i,t,y){\n\t\t\tc[a]=c[a]||function(){(c[a].q=c[a].q||[]).push(arguments)};t=l.createElement(r);t.async=1;\n\t\t\tt.src=\"https:\/\/www.clarity.ms\/tag\/\"+i+\"?ref=aioseo\";y=l.getElementsByTagName(r)[0];y.parentNode.insertBefore(t,y);\n\t\t})(window, document, \"clarity\", \"script\", \"v74e4fvqvw\");\n\t\t<\/script>\n\t\t<!-- All in One SEO Pro -->\r\n\t\t<title>Shimano Deore XT PD-M8120 Pedale schwarz - Bikey Fasty<\/title>\n\n","aioseo_head_json":{"title":"Shimano Deore XT PD-M8120 Pedale schwarz - Bikey Fasty","description":"Die konstante Evolution bei Shimanos XT-Trailpedal setzt die Messlatte f\u00fcr die Konkurrenz auch 2019","canonical_url":"https:\/\/bikeyfasty.store\/index.php\/produkt\/shimano-deore-xt-pd-m8120-pedale-schwarz\/","robots":"max-image-preview:large","keywords":"","webmasterTools":{"google-site-verification":"leF1qydUwZM4hbNEWkzXBgJ5cwNBnthZjCldnstJI-8","msvalidate.01":"F4CE253B53A296EF4B982618F43BD699","yandex-verification":"2c6c63eaf20e4d4b","miscellaneous":""},"schema":{"@context":"https:\/\/schema.org","@graph":[{"@type":"BreadcrumbList","@id":"https:\/\/bikeyfasty.store\/index.php\/produkt\/shimano-deore-xt-pd-m8120-pedale-schwarz\/#breadcrumblist","itemListElement":[{"@type":"ListItem","@id":"https:\/\/bikeyfasty.store#listItem","position":1,"name":"Start","item":"https:\/\/bikeyfasty.store","nextItem":{"@type":"ListItem","@id":"https:\/\/bikeyfasty.store\/index.php\/geschaft\/#listItem","name":"Gesch\u00e4ft"}},{"@type":"ListItem","@id":"https:\/\/bikeyfasty.store\/index.php\/geschaft\/#listItem","position":2,"name":"Gesch\u00e4ft","item":"https:\/\/bikeyfasty.store\/index.php\/geschaft\/","nextItem":{"@type":"ListItem","@id":"https:\/\/bikeyfasty.store\/index.php\/produkt-kategorie\/fahrradteile\/#listItem","name":"Fahrradteile"},"previousItem":{"@type":"ListItem","@id":"https:\/\/bikeyfasty.store#listItem","name":"Start"}},{"@type":"ListItem","@id":"https:\/\/bikeyfasty.store\/index.php\/produkt-kategorie\/fahrradteile\/#listItem","position":3,"name":"Fahrradteile","item":"https:\/\/bikeyfasty.store\/index.php\/produkt-kategorie\/fahrradteile\/","nextItem":{"@type":"ListItem","@id":"https:\/\/bikeyfasty.store\/index.php\/produkt\/shimano-deore-xt-pd-m8120-pedale-schwarz\/#listItem","name":"Shimano Deore XT PD-M8120 Pedale schwarz"},"previousItem":{"@type":"ListItem","@id":"https:\/\/bikeyfasty.store\/index.php\/geschaft\/#listItem","name":"Gesch\u00e4ft"}},{"@type":"ListItem","@id":"https:\/\/bikeyfasty.store\/index.php\/produkt\/shimano-deore-xt-pd-m8120-pedale-schwarz\/#listItem","position":4,"name":"Shimano Deore XT PD-M8120 Pedale schwarz","previousItem":{"@type":"ListItem","@id":"https:\/\/bikeyfasty.store\/index.php\/produkt-kategorie\/fahrradteile\/#listItem","name":"Fahrradteile"}}]},{"@type":"ItemPage","@id":"https:\/\/bikeyfasty.store\/index.php\/produkt\/shimano-deore-xt-pd-m8120-pedale-schwarz\/#itempage","url":"https:\/\/bikeyfasty.store\/index.php\/produkt\/shimano-deore-xt-pd-m8120-pedale-schwarz\/","name":"Shimano Deore XT PD-M8120 Pedale schwarz - Bikey Fasty","description":"Die konstante Evolution bei Shimanos XT-Trailpedal setzt die Messlatte f\u00fcr die Konkurrenz auch 2019","inLanguage":"de-DE","isPartOf":{"@id":"https:\/\/bikeyfasty.store\/#website"},"breadcrumb":{"@id":"https:\/\/bikeyfasty.store\/index.php\/produkt\/shimano-deore-xt-pd-m8120-pedale-schwarz\/#breadcrumblist"},"image":{"@type":"ImageObject","url":"https:\/\/bikeyfasty.store\/wp-content\/uploads\/2026\/01\/180946f9926379c9281be0fb09a4ba0746ca9edb_992840_64571a.webp","@id":"https:\/\/bikeyfasty.store\/index.php\/produkt\/shimano-deore-xt-pd-m8120-pedale-schwarz\/#mainImage","width":1100,"height":939,"caption":"180946f9926379c9281be0fb09a4ba0746ca9edb 992840 64571a"},"primaryImageOfPage":{"@id":"https:\/\/bikeyfasty.store\/index.php\/produkt\/shimano-deore-xt-pd-m8120-pedale-schwarz\/#mainImage"},"datePublished":"2026-01-11T23:57:37+01:00","dateModified":"2026-02-18T01:04:34+01:00"},{"@type":"Organization","@id":"https:\/\/bikeyfasty.store\/#organization","name":"#Bikey Fasty BIKEY FASTY","description":"Die bestenIhre besten Fahrr\u00e4der Deine elektrische Mobilit\u00e4t beginnt hier Die Zukunft der Mobilit\u00e4t \u2013 heute","url":"https:\/\/bikeyfasty.store\/","email":"contact@bikeyfasty.store","telephone":"+4915510400141","foundingDate":"1945-11-29","numberOfEmployees":{"@type":"QuantitativeValue","value":27},"logo":{"@type":"ImageObject","url":"https:\/\/bikeyfasty.store\/wp-content\/uploads\/2026\/01\/unnamed-file.png","@id":"https:\/\/bikeyfasty.store\/index.php\/produkt\/shimano-deore-xt-pd-m8120-pedale-schwarz\/#organizationLogo","width":616,"height":447,"caption":"( ( ( ( ("},"image":{"@id":"https:\/\/bikeyfasty.store\/index.php\/produkt\/shimano-deore-xt-pd-m8120-pedale-schwarz\/#organizationLogo"},"address":{"@id":"https:\/\/bikeyfasty.store\/#postaladdress","@type":"PostalAddress","streetAddress":"Karl-Liebknecht-Str. 13,","postalCode":"10178","addressLocality":"Berlin","addressRegion":"Berlin","addressCountry":"DE"}},{"@type":"WebPage","@id":"https:\/\/bikeyfasty.store\/index.php\/produkt\/shimano-deore-xt-pd-m8120-pedale-schwarz\/#webpage","url":"https:\/\/bikeyfasty.store\/index.php\/produkt\/shimano-deore-xt-pd-m8120-pedale-schwarz\/","name":"Shimano Deore XT PD-M8120 Pedale schwarz - Bikey Fasty","description":"Die konstante Evolution bei Shimanos XT-Trailpedal setzt die Messlatte f\u00fcr die Konkurrenz auch 2019","inLanguage":"de-DE","isPartOf":{"@id":"https:\/\/bikeyfasty.store\/#website"},"breadcrumb":{"@id":"https:\/\/bikeyfasty.store\/index.php\/produkt\/shimano-deore-xt-pd-m8120-pedale-schwarz\/#breadcrumblist"},"image":{"@type":"ImageObject","url":"https:\/\/bikeyfasty.store\/wp-content\/uploads\/2026\/01\/180946f9926379c9281be0fb09a4ba0746ca9edb_992840_64571a.webp","@id":"https:\/\/bikeyfasty.store\/index.php\/produkt\/shimano-deore-xt-pd-m8120-pedale-schwarz\/#mainImage","width":1100,"height":939,"caption":"180946f9926379c9281be0fb09a4ba0746ca9edb 992840 64571a"},"primaryImageOfPage":{"@id":"https:\/\/bikeyfasty.store\/index.php\/produkt\/shimano-deore-xt-pd-m8120-pedale-schwarz\/#mainImage"},"datePublished":"2026-01-11T23:57:37+01:00","dateModified":"2026-02-18T01:04:34+01:00"},{"@type":"WebSite","@id":"https:\/\/bikeyfasty.store\/#website","url":"https:\/\/bikeyfasty.store\/","name":"Bikey Fasty","description":"Die bestenIhre besten Fahrr\u00e4der","inLanguage":"de-DE","publisher":{"@id":"https:\/\/bikeyfasty.store\/#organization"}}]},"og:locale":"de_DE","og:site_name":"Bikey Fasty - Die bestenIhre besten Fahrr\u00e4der","og:type":"article","og:title":"Shimano Deore XT PD-M8120 Pedale schwarz - Bikey Fasty","og:description":"Die konstante Evolution bei Shimanos XT-Trailpedal setzt die Messlatte f\u00fcr die Konkurrenz auch 2019","og:url":"https:\/\/bikeyfasty.store\/index.php\/produkt\/shimano-deore-xt-pd-m8120-pedale-schwarz\/","og:image":"https:\/\/bikeyfasty.store\/wp-content\/uploads\/2026\/01\/unnamed-file.png","og:image:secure_url":"https:\/\/bikeyfasty.store\/wp-content\/uploads\/2026\/01\/unnamed-file.png","og:image:width":616,"og:image:height":447,"article:published_time":"2026-01-11T22:57:37+00:00","article:modified_time":"2026-02-18T00:04:34+00:00","twitter:card":"summary_large_image","twitter:title":"Shimano Deore XT PD-M8120 Pedale schwarz - Bikey Fasty","twitter:description":"Die konstante Evolution bei Shimanos XT-Trailpedal setzt die Messlatte f\u00fcr die Konkurrenz auch 2019","twitter:image":"https:\/\/bikeyfasty.store\/wp-content\/uploads\/2026\/01\/unnamed-file.png"},"aioseo_meta_data":{"post_id":"50808","title":null,"description":null,"keywords":null,"keyphrases":{"focus":{"keyphrase":"","score":0,"analysis":{"keyphraseInTitle":{"score":0,"maxScore":9,"error":1}}},"additional":[]},"primary_term":null,"canonical_url":null,"og_title":null,"og_description":null,"og_object_type":"default","og_image_type":"default","og_image_url":null,"og_image_width":null,"og_image_height":null,"og_image_custom_url":null,"og_image_custom_fields":null,"og_video":"","og_custom_url":null,"og_article_section":null,"og_article_tags":null,"twitter_use_og":false,"twitter_card":"default","twitter_image_type":"default","twitter_image_url":null,"twitter_image_custom_url":null,"twitter_image_custom_fields":null,"twitter_title":null,"twitter_description":null,"schema":{"blockGraphs":[],"customGraphs":[],"default":{"data":{"Article":[],"Course":[],"Dataset":[],"FAQPage":[],"Movie":[],"Person":[],"Product":[],"ProductReview":[],"Car":[],"Recipe":[],"Service":[],"SoftwareApplication":[],"WebPage":[]},"graphName":"ItemPage","isEnabled":true},"graphs":[]},"schema_type":"default","schema_type_options":null,"pillar_content":false,"robots_default":true,"robots_noindex":false,"robots_noarchive":false,"robots_nosnippet":false,"robots_nofollow":false,"robots_noimageindex":false,"robots_noodp":false,"robots_notranslate":false,"robots_max_snippet":"-1","robots_max_videopreview":"-1","robots_max_imagepreview":"large","priority":null,"frequency":"default","local_seo":null,"seo_analyzer_scan_date":"2026-02-18 00:05:12","breadcrumb_settings":null,"limit_modified_date":false,"reviewed_by":"0","open_ai":null,"ai":{"faqs":[],"keyPoints":[],"titles":[],"descriptions":[],"socialPosts":{"email":[],"linkedin":[],"twitter":[],"facebook":[],"instagram":[]}},"created":"2026-01-25 20:12:03","updated":"2026-02-18 00:14:01"},"aioseo_breadcrumb":"<div class=\"aioseo-breadcrumbs\"><span class=\"aioseo-breadcrumb\">\n\t<a href=\"https:\/\/bikeyfasty.store\" title=\"Start\">Start<\/a>\n<\/span><span class=\"aioseo-breadcrumb-separator\">\u00bb<\/span><span class=\"aioseo-breadcrumb\">\n\t<a href=\"https:\/\/bikeyfasty.store\/index.php\/geschaft\/\" title=\"Gesch\u00e4ft\">Gesch\u00e4ft<\/a>\n<\/span><span class=\"aioseo-breadcrumb-separator\">\u00bb<\/span><span class=\"aioseo-breadcrumb\">\n\t<a href=\"https:\/\/bikeyfasty.store\/index.php\/produkt-kategorie\/fahrradteile\/\" title=\"Fahrradteile\">Fahrradteile<\/a>\n<\/span><span class=\"aioseo-breadcrumb-separator\">\u00bb<\/span><span class=\"aioseo-breadcrumb\">\n\tShimano Deore XT PD-M8120 Pedale schwarz\n<\/span><\/div>","aioseo_breadcrumb_json":[{"label":"Start","link":"https:\/\/bikeyfasty.store"},{"label":"Gesch\u00e4ft","link":"https:\/\/bikeyfasty.store\/index.php\/geschaft\/"},{"label":"Fahrradteile","link":"https:\/\/bikeyfasty.store\/index.php\/produkt-kategorie\/fahrradteile\/"},{"label":"Shimano Deore XT PD-M8120 Pedale schwarz","link":"https:\/\/bikeyfasty.store\/index.php\/produkt\/shimano-deore-xt-pd-m8120-pedale-schwarz\/"}],"_links":{"self":[{"href":"https:\/\/bikeyfasty.store\/index.php\/wp-json\/wp\/v2\/product\/50808","targetHints":{"allow":["GET"]}}],"collection":[{"href":"https:\/\/bikeyfasty.store\/index.php\/wp-json\/wp\/v2\/product"}],"about":[{"href":"https:\/\/bikeyfasty.store\/index.php\/wp-json\/wp\/v2\/types\/product"}],"replies":[{"embeddable":true,"href":"https:\/\/bikeyfasty.store\/index.php\/wp-json\/wp\/v2\/comments?post=50808"}],"version-history":[{"count":2,"href":"https:\/\/bikeyfasty.store\/index.php\/wp-json\/wp\/v2\/product\/50808\/revisions"}],"predecessor-version":[{"id":53095,"href":"https:\/\/bikeyfasty.store\/index.php\/wp-json\/wp\/v2\/product\/50808\/revisions\/53095"}],"wp:featuredmedia":[{"embeddable":true,"href":"https:\/\/bikeyfasty.store\/index.php\/wp-json\/wp\/v2\/media\/50810"}],"wp:attachment":[{"href":"https:\/\/bikeyfasty.store\/index.php\/wp-json\/wp\/v2\/media?parent=50808"}],"wp:term":[{"taxonomy":"product_brand","embeddable":true,"href":"https:\/\/bikeyfasty.store\/index.php\/wp-json\/wp\/v2\/product_brand?post=50808"},{"taxonomy":"product_cat","embeddable":true,"href":"https:\/\/bikeyfasty.store\/index.php\/wp-json\/wp\/v2\/product_cat?post=50808"},{"taxonomy":"product_tag","embeddable":true,"href":"https:\/\/bikeyfasty.store\/index.php\/wp-json\/wp\/v2\/product_tag?post=50808"}],"curies":[{"name":"wp","href":"https:\/\/api.w.org\/{rel}","templated":true}]}}