{"id":51239,"date":"2026-01-13T22:13:42","date_gmt":"2026-01-13T21:13:42","guid":{"rendered":"https:\/\/bikeyfasty.store\/?post_type=product&#038;p=51239"},"modified":"2026-01-27T04:31:44","modified_gmt":"2026-01-27T03:31:44","slug":"crankbrothers-eggbeater-3-pedale","status":"publish","type":"product","link":"https:\/\/bikeyfasty.store\/index.php\/produkt\/crankbrothers-eggbeater-3-pedale\/","title":{"rendered":"Crankbrothers Eggbeater 3 Pedale"},"content":{"rendered":"<div>\n<div class=\"flex justify-between items-center\">\n<h4 class=\"disclosure__title h6 mb-0\">Beschreibung<\/h4>\n<\/div>\n<\/div>\n<div class=\"disclosure__panel has-motion\">\n<div class=\"disclosure__content rte product-description\">\n<div class=\"product-description-toggle\" data-collapsed=\"false\">\n<div id=\"description-column-template--24354456928629__details-0-col\" class=\"single-column\">\n<p>Wenn jedes Gramm beim MTB &#8211; Gewicht z\u00e4hlt f\u00fchrt an der Egg Beater Serie kein Weg vorbei. Sie sind die originalen ultra-lightweight minimal Pedale. Die offene Konstruktion ist unanf\u00e4llig gegen\u00fcber Dreck und Schlamm.<\/p>\n<\/div>\n<\/div>\n<\/div>\n<\/div>\n<p>&nbsp;<\/p>\n<div>\n<div class=\"flex justify-between items-center\">\n<h4 class=\"disclosure__title h6 mb-0\">Spezifikationen<\/h4>\n<\/div>\n<\/div>\n<div class=\"disclosure__panel has-motion\">\n<div class=\"disclosure__content\">\n<div class=\"product-spec\">\n<div class=\"spec-table-wrapper\">\n<table class=\"specification-table-2\">\n<tbody>\n<tr>\n<td>Artikelnummer<\/td>\n<td>0641300158598<\/td>\n<\/tr>\n<tr>\n<td colspan=\"2\">\n<div class=\"separator-inner\"><\/div>\n<\/td>\n<\/tr>\n<tr class=\"table-head-spacing\">\n<th colspan=\"2\" scope=\"colgroup\">Hauptinformationen<\/th>\n<\/tr>\n<tr>\n<td>Einsatzzweck<\/td>\n<td>Cyclocross \/ Gravel<\/td>\n<\/tr>\n<tr>\n<td>Typ<\/td>\n<td>Klickpedal<\/td>\n<\/tr>\n<tr>\n<td colspan=\"2\">\n<div class=\"separator-inner\"><\/div>\n<\/td>\n<\/tr>\n<tr class=\"table-head-spacing\">\n<th colspan=\"2\" scope=\"colgroup\">Funktionen &amp; Eigenschaften<\/th>\n<\/tr>\n<tr>\n<td>Konzipiert f\u00fcr E-Bikes<\/td>\n<td>0<\/td>\n<\/tr>\n<tr>\n<td>Powermeter<\/td>\n<td>0<\/td>\n<\/tr>\n<tr>\n<td colspan=\"2\">\n<div class=\"separator-inner\"><\/div>\n<\/td>\n<\/tr>\n<tr class=\"table-head-spacing\">\n<th colspan=\"2\" scope=\"colgroup\">Klickpedal<\/th>\n<\/tr>\n<tr>\n<td>Kompatibilit\u00e4t<\/td>\n<td>Crankbrothers<\/td>\n<\/tr>\n<tr>\n<td colspan=\"2\"><\/td>\n<\/tr>\n<\/tbody>\n<\/table>\n<table class=\"specification-table-2\">\n<tbody>\n<tr class=\"table-head-spacing\">\n<th colspan=\"2\" scope=\"colgroup\">Material<\/th>\n<\/tr>\n<tr>\n<td>Pedalachse<\/td>\n<td>Cr-Mo<\/td>\n<\/tr>\n<tr>\n<td>Pedalk\u00f6rper<\/td>\n<td>Edelstahl<\/td>\n<\/tr>\n<tr>\n<td colspan=\"2\">\n<div class=\"separator-inner\"><\/div>\n<\/td>\n<\/tr>\n<tr class=\"table-head-spacing\">\n<th colspan=\"2\" scope=\"colgroup\">Ma\u00df<\/th>\n<\/tr>\n<tr>\n<td>Gewicht pro Paar<\/td>\n<td>280 g<\/td>\n<\/tr>\n<tr>\n<td colspan=\"2\">\n<div class=\"separator-inner\"><\/div>\n<\/td>\n<\/tr>\n<tr class=\"table-head-spacing\">\n<th colspan=\"2\" scope=\"colgroup\">Lieferumfang<\/th>\n<\/tr>\n<tr>\n<td>Lieferumfang<\/td>\n<td>paarweise<\/td>\n<\/tr>\n<tr>\n<td>Inklusive Cleats<\/td>\n<td>Premium Race Cleats<\/td>\n<\/tr>\n<tr>\n<td colspan=\"2\">\n<div class=\"separator-inner\"><\/div>\n<\/td>\n<\/tr>\n<tr class=\"table-head-spacing\">\n<th colspan=\"2\" scope=\"colgroup\">Details<\/th>\n<\/tr>\n<tr>\n<td>Details<\/td>\n<td>Levelcode: 3 (Performance)<\/td>\n<\/tr>\n<\/tbody>\n<\/table>\n<\/div>\n<\/div>\n<\/div>\n<\/div>\n","protected":false},"excerpt":{"rendered":"<p>Wenn jedes Gramm beim MTB &#8211; Gewicht z\u00e4hlt f\u00fchrt an der Egg Beater Serie kein Weg vorbei. Sie sind die originalen ultra-lightweight minimal Pedale. Die offene Konstruktion ist unanf\u00e4llig gegen\u00fcber Dreck und Schlamm.<\/p>\n","protected":false},"featured_media":51245,"comment_status":"open","ping_status":"closed","template":"","meta":{"googlesitekit_rrm_CAowq6HFDA:productID":"","om_disable_all_campaigns":false,"_monsterinsights_skip_tracking":false,"_monsterinsights_sitenote_active":false,"_monsterinsights_sitenote_note":"","_monsterinsights_sitenote_category":0,"_uf_show_specific_survey":0,"_uf_disable_surveys":false},"product_brand":[],"product_cat":[1077],"product_tag":[],"class_list":{"0":"post-51239","1":"product","2":"type-product","3":"status-publish","4":"has-post-thumbnail","6":"product_cat-fahrradteile","8":"first","9":"instock","10":"taxable","11":"shipping-taxable","12":"purchasable","13":"product-type-variable"},"aioseo_notices":[],"aioseo_head":"\n\t\t<!-- All in One SEO Pro 4.9.5.2 - aioseo.com -->\n\t<meta name=\"description\" content=\"Wenn jedes Gramm beim MTB - Gewicht z\u00e4hlt f\u00fchrt an der Egg Beater Serie kein Weg vorbei. Sie sind die originalen ultra-lightweight minimal Pedale. Die offene Konstruktion ist unanf\u00e4llig gegen\u00fcber Dreck und Schlamm.\" \/>\n\t<meta name=\"robots\" content=\"max-image-preview:large\" \/>\n\t<meta name=\"google-site-verification\" content=\"leF1qydUwZM4hbNEWkzXBgJ5cwNBnthZjCldnstJI-8\" \/>\n\t<meta name=\"msvalidate.01\" content=\"F4CE253B53A296EF4B982618F43BD699\" \/>\n\t<meta name=\"yandex-verification\" content=\"2c6c63eaf20e4d4b\" \/>\n\t<link rel=\"canonical\" href=\"https:\/\/bikeyfasty.store\/index.php\/produkt\/crankbrothers-eggbeater-3-pedale\/\" \/>\n\t<meta name=\"generator\" content=\"All in One SEO Pro (AIOSEO) 4.9.5.2\" \/>\n\t\t<meta property=\"og:locale\" content=\"de_DE\" \/>\n\t\t<meta property=\"og:site_name\" content=\"Bikey Fasty - Die bestenIhre besten Fahrr\u00e4der\" \/>\n\t\t<meta property=\"og:type\" content=\"article\" \/>\n\t\t<meta property=\"og:title\" content=\"Crankbrothers Eggbeater 3 Pedale - Bikey Fasty\" \/>\n\t\t<meta property=\"og:description\" content=\"Wenn jedes Gramm beim MTB - Gewicht z\u00e4hlt f\u00fchrt an der Egg Beater Serie kein Weg vorbei. Sie sind die originalen ultra-lightweight minimal Pedale. Die offene Konstruktion ist unanf\u00e4llig gegen\u00fcber Dreck und Schlamm.\" \/>\n\t\t<meta property=\"og:url\" content=\"https:\/\/bikeyfasty.store\/index.php\/produkt\/crankbrothers-eggbeater-3-pedale\/\" \/>\n\t\t<meta property=\"og:image\" content=\"https:\/\/bikeyfasty.store\/wp-content\/uploads\/2026\/01\/unnamed-file.png\" \/>\n\t\t<meta property=\"og:image:secure_url\" content=\"https:\/\/bikeyfasty.store\/wp-content\/uploads\/2026\/01\/unnamed-file.png\" \/>\n\t\t<meta property=\"og:image:width\" content=\"616\" \/>\n\t\t<meta property=\"og:image:height\" content=\"447\" \/>\n\t\t<meta property=\"article:published_time\" content=\"2026-01-13T21:13:42+00:00\" \/>\n\t\t<meta property=\"article:modified_time\" content=\"2026-01-27T03:31:44+00:00\" \/>\n\t\t<meta name=\"twitter:card\" content=\"summary_large_image\" \/>\n\t\t<meta name=\"twitter:title\" content=\"Crankbrothers Eggbeater 3 Pedale - Bikey Fasty\" \/>\n\t\t<meta name=\"twitter:description\" content=\"Wenn jedes Gramm beim MTB - Gewicht z\u00e4hlt f\u00fchrt an der Egg Beater Serie kein Weg vorbei. Sie sind die originalen ultra-lightweight minimal Pedale. Die offene Konstruktion ist unanf\u00e4llig gegen\u00fcber Dreck und Schlamm.\" \/>\n\t\t<meta name=\"twitter:image\" content=\"https:\/\/bikeyfasty.store\/wp-content\/uploads\/2026\/01\/unnamed-file.png\" \/>\n\t\t<script type=\"application\/ld+json\" class=\"aioseo-schema\">\n\t\t\t{\"@context\":\"https:\\\/\\\/schema.org\",\"@graph\":[{\"@type\":\"BreadcrumbList\",\"@id\":\"https:\\\/\\\/bikeyfasty.store\\\/index.php\\\/produkt\\\/crankbrothers-eggbeater-3-pedale\\\/#breadcrumblist\",\"itemListElement\":[{\"@type\":\"ListItem\",\"@id\":\"https:\\\/\\\/bikeyfasty.store#listItem\",\"position\":1,\"name\":\"Start\",\"item\":\"https:\\\/\\\/bikeyfasty.store\",\"nextItem\":{\"@type\":\"ListItem\",\"@id\":\"https:\\\/\\\/bikeyfasty.store\\\/index.php\\\/geschaft\\\/#listItem\",\"name\":\"Gesch\\u00e4ft\"}},{\"@type\":\"ListItem\",\"@id\":\"https:\\\/\\\/bikeyfasty.store\\\/index.php\\\/geschaft\\\/#listItem\",\"position\":2,\"name\":\"Gesch\\u00e4ft\",\"item\":\"https:\\\/\\\/bikeyfasty.store\\\/index.php\\\/geschaft\\\/\",\"nextItem\":{\"@type\":\"ListItem\",\"@id\":\"https:\\\/\\\/bikeyfasty.store\\\/index.php\\\/produkt-kategorie\\\/fahrradteile\\\/#listItem\",\"name\":\"Fahrradteile\"},\"previousItem\":{\"@type\":\"ListItem\",\"@id\":\"https:\\\/\\\/bikeyfasty.store#listItem\",\"name\":\"Start\"}},{\"@type\":\"ListItem\",\"@id\":\"https:\\\/\\\/bikeyfasty.store\\\/index.php\\\/produkt-kategorie\\\/fahrradteile\\\/#listItem\",\"position\":3,\"name\":\"Fahrradteile\",\"item\":\"https:\\\/\\\/bikeyfasty.store\\\/index.php\\\/produkt-kategorie\\\/fahrradteile\\\/\",\"nextItem\":{\"@type\":\"ListItem\",\"@id\":\"https:\\\/\\\/bikeyfasty.store\\\/index.php\\\/produkt\\\/crankbrothers-eggbeater-3-pedale\\\/#listItem\",\"name\":\"Crankbrothers Eggbeater 3 Pedale\"},\"previousItem\":{\"@type\":\"ListItem\",\"@id\":\"https:\\\/\\\/bikeyfasty.store\\\/index.php\\\/geschaft\\\/#listItem\",\"name\":\"Gesch\\u00e4ft\"}},{\"@type\":\"ListItem\",\"@id\":\"https:\\\/\\\/bikeyfasty.store\\\/index.php\\\/produkt\\\/crankbrothers-eggbeater-3-pedale\\\/#listItem\",\"position\":4,\"name\":\"Crankbrothers Eggbeater 3 Pedale\",\"previousItem\":{\"@type\":\"ListItem\",\"@id\":\"https:\\\/\\\/bikeyfasty.store\\\/index.php\\\/produkt-kategorie\\\/fahrradteile\\\/#listItem\",\"name\":\"Fahrradteile\"}}]},{\"@type\":\"ItemPage\",\"@id\":\"https:\\\/\\\/bikeyfasty.store\\\/index.php\\\/produkt\\\/crankbrothers-eggbeater-3-pedale\\\/#itempage\",\"url\":\"https:\\\/\\\/bikeyfasty.store\\\/index.php\\\/produkt\\\/crankbrothers-eggbeater-3-pedale\\\/\",\"name\":\"Crankbrothers Eggbeater 3 Pedale - Bikey Fasty\",\"description\":\"Wenn jedes Gramm beim MTB - Gewicht z\\u00e4hlt f\\u00fchrt an der Egg Beater Serie kein Weg vorbei. Sie sind die originalen ultra-lightweight minimal Pedale. Die offene Konstruktion ist unanf\\u00e4llig gegen\\u00fcber Dreck und Schlamm.\",\"inLanguage\":\"de-DE\",\"isPartOf\":{\"@id\":\"https:\\\/\\\/bikeyfasty.store\\\/#website\"},\"breadcrumb\":{\"@id\":\"https:\\\/\\\/bikeyfasty.store\\\/index.php\\\/produkt\\\/crankbrothers-eggbeater-3-pedale\\\/#breadcrumblist\"},\"image\":{\"@type\":\"ImageObject\",\"url\":\"https:\\\/\\\/bikeyfasty.store\\\/wp-content\\\/uploads\\\/2026\\\/01\\\/60e63eda2ecef1d2d28b3f280cb5ab49682f292c_15859CB_01.webp\",\"@id\":\"https:\\\/\\\/bikeyfasty.store\\\/index.php\\\/produkt\\\/crankbrothers-eggbeater-3-pedale\\\/#mainImage\",\"width\":1100,\"height\":1187,\"caption\":\"60e63eda2ecef1d2d28b3f280cb5ab49682f292c 15859CB 01\"},\"primaryImageOfPage\":{\"@id\":\"https:\\\/\\\/bikeyfasty.store\\\/index.php\\\/produkt\\\/crankbrothers-eggbeater-3-pedale\\\/#mainImage\"},\"datePublished\":\"2026-01-13T22:13:42+01:00\",\"dateModified\":\"2026-01-27T04:31:44+01:00\"},{\"@type\":\"Organization\",\"@id\":\"https:\\\/\\\/bikeyfasty.store\\\/#organization\",\"name\":\"#Bikey Fasty BIKEY FASTY\",\"description\":\"Die bestenIhre besten Fahrr\\u00e4der Deine elektrische Mobilit\\u00e4t beginnt hier Die Zukunft der Mobilit\\u00e4t \\u2013 heute\",\"url\":\"https:\\\/\\\/bikeyfasty.store\\\/\",\"email\":\"contact@bikeyfasty.store\",\"telephone\":\"+4915510400141\",\"foundingDate\":\"1945-11-29\",\"numberOfEmployees\":{\"@type\":\"QuantitativeValue\",\"value\":27},\"logo\":{\"@type\":\"ImageObject\",\"url\":\"https:\\\/\\\/bikeyfasty.store\\\/wp-content\\\/uploads\\\/2026\\\/01\\\/unnamed-file.png\",\"@id\":\"https:\\\/\\\/bikeyfasty.store\\\/index.php\\\/produkt\\\/crankbrothers-eggbeater-3-pedale\\\/#organizationLogo\",\"width\":616,\"height\":447,\"caption\":\"( ( ( ( (\"},\"image\":{\"@id\":\"https:\\\/\\\/bikeyfasty.store\\\/index.php\\\/produkt\\\/crankbrothers-eggbeater-3-pedale\\\/#organizationLogo\"},\"address\":{\"@id\":\"https:\\\/\\\/bikeyfasty.store\\\/#postaladdress\",\"@type\":\"PostalAddress\",\"streetAddress\":\"Karl-Liebknecht-Str. 13,\",\"postalCode\":\"10178\",\"addressLocality\":\"Berlin\",\"addressRegion\":\"Berlin\",\"addressCountry\":\"DE\"}},{\"@type\":\"WebPage\",\"@id\":\"https:\\\/\\\/bikeyfasty.store\\\/index.php\\\/produkt\\\/crankbrothers-eggbeater-3-pedale\\\/#webpage\",\"url\":\"https:\\\/\\\/bikeyfasty.store\\\/index.php\\\/produkt\\\/crankbrothers-eggbeater-3-pedale\\\/\",\"name\":\"Crankbrothers Eggbeater 3 Pedale - Bikey Fasty\",\"description\":\"Wenn jedes Gramm beim MTB - Gewicht z\\u00e4hlt f\\u00fchrt an der Egg Beater Serie kein Weg vorbei. Sie sind die originalen ultra-lightweight minimal Pedale. Die offene Konstruktion ist unanf\\u00e4llig gegen\\u00fcber Dreck und Schlamm.\",\"inLanguage\":\"de-DE\",\"isPartOf\":{\"@id\":\"https:\\\/\\\/bikeyfasty.store\\\/#website\"},\"breadcrumb\":{\"@id\":\"https:\\\/\\\/bikeyfasty.store\\\/index.php\\\/produkt\\\/crankbrothers-eggbeater-3-pedale\\\/#breadcrumblist\"},\"image\":{\"@type\":\"ImageObject\",\"url\":\"https:\\\/\\\/bikeyfasty.store\\\/wp-content\\\/uploads\\\/2026\\\/01\\\/60e63eda2ecef1d2d28b3f280cb5ab49682f292c_15859CB_01.webp\",\"@id\":\"https:\\\/\\\/bikeyfasty.store\\\/index.php\\\/produkt\\\/crankbrothers-eggbeater-3-pedale\\\/#mainImage\",\"width\":1100,\"height\":1187,\"caption\":\"60e63eda2ecef1d2d28b3f280cb5ab49682f292c 15859CB 01\"},\"primaryImageOfPage\":{\"@id\":\"https:\\\/\\\/bikeyfasty.store\\\/index.php\\\/produkt\\\/crankbrothers-eggbeater-3-pedale\\\/#mainImage\"},\"datePublished\":\"2026-01-13T22:13:42+01:00\",\"dateModified\":\"2026-01-27T04:31:44+01:00\"},{\"@type\":\"WebSite\",\"@id\":\"https:\\\/\\\/bikeyfasty.store\\\/#website\",\"url\":\"https:\\\/\\\/bikeyfasty.store\\\/\",\"name\":\"Bikey Fasty\",\"description\":\"Die bestenIhre besten Fahrr\\u00e4der\",\"inLanguage\":\"de-DE\",\"publisher\":{\"@id\":\"https:\\\/\\\/bikeyfasty.store\\\/#organization\"}}]}\n\t\t<\/script>\n\t\t<script type=\"text\/javascript\">\n\t\t\t(function(c,l,a,r,i,t,y){\n\t\t\tc[a]=c[a]||function(){(c[a].q=c[a].q||[]).push(arguments)};t=l.createElement(r);t.async=1;\n\t\t\tt.src=\"https:\/\/www.clarity.ms\/tag\/\"+i+\"?ref=aioseo\";y=l.getElementsByTagName(r)[0];y.parentNode.insertBefore(t,y);\n\t\t})(window, document, \"clarity\", \"script\", \"v74e4fvqvw\");\n\t\t<\/script>\n\t\t<!-- All in One SEO Pro -->\r\n\t\t<title>Crankbrothers Eggbeater 3 Pedale - Bikey Fasty<\/title>\n\n","aioseo_head_json":{"title":"Crankbrothers Eggbeater 3 Pedale - Bikey Fasty","description":"Wenn jedes Gramm beim MTB - Gewicht z\u00e4hlt f\u00fchrt an der Egg Beater Serie kein Weg vorbei. Sie sind die originalen ultra-lightweight minimal Pedale. Die offene Konstruktion ist unanf\u00e4llig gegen\u00fcber Dreck und Schlamm.","canonical_url":"https:\/\/bikeyfasty.store\/index.php\/produkt\/crankbrothers-eggbeater-3-pedale\/","robots":"max-image-preview:large","keywords":"","webmasterTools":{"google-site-verification":"leF1qydUwZM4hbNEWkzXBgJ5cwNBnthZjCldnstJI-8","msvalidate.01":"F4CE253B53A296EF4B982618F43BD699","yandex-verification":"2c6c63eaf20e4d4b","miscellaneous":""},"schema":{"@context":"https:\/\/schema.org","@graph":[{"@type":"BreadcrumbList","@id":"https:\/\/bikeyfasty.store\/index.php\/produkt\/crankbrothers-eggbeater-3-pedale\/#breadcrumblist","itemListElement":[{"@type":"ListItem","@id":"https:\/\/bikeyfasty.store#listItem","position":1,"name":"Start","item":"https:\/\/bikeyfasty.store","nextItem":{"@type":"ListItem","@id":"https:\/\/bikeyfasty.store\/index.php\/geschaft\/#listItem","name":"Gesch\u00e4ft"}},{"@type":"ListItem","@id":"https:\/\/bikeyfasty.store\/index.php\/geschaft\/#listItem","position":2,"name":"Gesch\u00e4ft","item":"https:\/\/bikeyfasty.store\/index.php\/geschaft\/","nextItem":{"@type":"ListItem","@id":"https:\/\/bikeyfasty.store\/index.php\/produkt-kategorie\/fahrradteile\/#listItem","name":"Fahrradteile"},"previousItem":{"@type":"ListItem","@id":"https:\/\/bikeyfasty.store#listItem","name":"Start"}},{"@type":"ListItem","@id":"https:\/\/bikeyfasty.store\/index.php\/produkt-kategorie\/fahrradteile\/#listItem","position":3,"name":"Fahrradteile","item":"https:\/\/bikeyfasty.store\/index.php\/produkt-kategorie\/fahrradteile\/","nextItem":{"@type":"ListItem","@id":"https:\/\/bikeyfasty.store\/index.php\/produkt\/crankbrothers-eggbeater-3-pedale\/#listItem","name":"Crankbrothers Eggbeater 3 Pedale"},"previousItem":{"@type":"ListItem","@id":"https:\/\/bikeyfasty.store\/index.php\/geschaft\/#listItem","name":"Gesch\u00e4ft"}},{"@type":"ListItem","@id":"https:\/\/bikeyfasty.store\/index.php\/produkt\/crankbrothers-eggbeater-3-pedale\/#listItem","position":4,"name":"Crankbrothers Eggbeater 3 Pedale","previousItem":{"@type":"ListItem","@id":"https:\/\/bikeyfasty.store\/index.php\/produkt-kategorie\/fahrradteile\/#listItem","name":"Fahrradteile"}}]},{"@type":"ItemPage","@id":"https:\/\/bikeyfasty.store\/index.php\/produkt\/crankbrothers-eggbeater-3-pedale\/#itempage","url":"https:\/\/bikeyfasty.store\/index.php\/produkt\/crankbrothers-eggbeater-3-pedale\/","name":"Crankbrothers Eggbeater 3 Pedale - Bikey Fasty","description":"Wenn jedes Gramm beim MTB - Gewicht z\u00e4hlt f\u00fchrt an der Egg Beater Serie kein Weg vorbei. Sie sind die originalen ultra-lightweight minimal Pedale. Die offene Konstruktion ist unanf\u00e4llig gegen\u00fcber Dreck und Schlamm.","inLanguage":"de-DE","isPartOf":{"@id":"https:\/\/bikeyfasty.store\/#website"},"breadcrumb":{"@id":"https:\/\/bikeyfasty.store\/index.php\/produkt\/crankbrothers-eggbeater-3-pedale\/#breadcrumblist"},"image":{"@type":"ImageObject","url":"https:\/\/bikeyfasty.store\/wp-content\/uploads\/2026\/01\/60e63eda2ecef1d2d28b3f280cb5ab49682f292c_15859CB_01.webp","@id":"https:\/\/bikeyfasty.store\/index.php\/produkt\/crankbrothers-eggbeater-3-pedale\/#mainImage","width":1100,"height":1187,"caption":"60e63eda2ecef1d2d28b3f280cb5ab49682f292c 15859CB 01"},"primaryImageOfPage":{"@id":"https:\/\/bikeyfasty.store\/index.php\/produkt\/crankbrothers-eggbeater-3-pedale\/#mainImage"},"datePublished":"2026-01-13T22:13:42+01:00","dateModified":"2026-01-27T04:31:44+01:00"},{"@type":"Organization","@id":"https:\/\/bikeyfasty.store\/#organization","name":"#Bikey Fasty BIKEY FASTY","description":"Die bestenIhre besten Fahrr\u00e4der Deine elektrische Mobilit\u00e4t beginnt hier Die Zukunft der Mobilit\u00e4t \u2013 heute","url":"https:\/\/bikeyfasty.store\/","email":"contact@bikeyfasty.store","telephone":"+4915510400141","foundingDate":"1945-11-29","numberOfEmployees":{"@type":"QuantitativeValue","value":27},"logo":{"@type":"ImageObject","url":"https:\/\/bikeyfasty.store\/wp-content\/uploads\/2026\/01\/unnamed-file.png","@id":"https:\/\/bikeyfasty.store\/index.php\/produkt\/crankbrothers-eggbeater-3-pedale\/#organizationLogo","width":616,"height":447,"caption":"( ( ( ( ("},"image":{"@id":"https:\/\/bikeyfasty.store\/index.php\/produkt\/crankbrothers-eggbeater-3-pedale\/#organizationLogo"},"address":{"@id":"https:\/\/bikeyfasty.store\/#postaladdress","@type":"PostalAddress","streetAddress":"Karl-Liebknecht-Str. 13,","postalCode":"10178","addressLocality":"Berlin","addressRegion":"Berlin","addressCountry":"DE"}},{"@type":"WebPage","@id":"https:\/\/bikeyfasty.store\/index.php\/produkt\/crankbrothers-eggbeater-3-pedale\/#webpage","url":"https:\/\/bikeyfasty.store\/index.php\/produkt\/crankbrothers-eggbeater-3-pedale\/","name":"Crankbrothers Eggbeater 3 Pedale - Bikey Fasty","description":"Wenn jedes Gramm beim MTB - Gewicht z\u00e4hlt f\u00fchrt an der Egg Beater Serie kein Weg vorbei. Sie sind die originalen ultra-lightweight minimal Pedale. Die offene Konstruktion ist unanf\u00e4llig gegen\u00fcber Dreck und Schlamm.","inLanguage":"de-DE","isPartOf":{"@id":"https:\/\/bikeyfasty.store\/#website"},"breadcrumb":{"@id":"https:\/\/bikeyfasty.store\/index.php\/produkt\/crankbrothers-eggbeater-3-pedale\/#breadcrumblist"},"image":{"@type":"ImageObject","url":"https:\/\/bikeyfasty.store\/wp-content\/uploads\/2026\/01\/60e63eda2ecef1d2d28b3f280cb5ab49682f292c_15859CB_01.webp","@id":"https:\/\/bikeyfasty.store\/index.php\/produkt\/crankbrothers-eggbeater-3-pedale\/#mainImage","width":1100,"height":1187,"caption":"60e63eda2ecef1d2d28b3f280cb5ab49682f292c 15859CB 01"},"primaryImageOfPage":{"@id":"https:\/\/bikeyfasty.store\/index.php\/produkt\/crankbrothers-eggbeater-3-pedale\/#mainImage"},"datePublished":"2026-01-13T22:13:42+01:00","dateModified":"2026-01-27T04:31:44+01:00"},{"@type":"WebSite","@id":"https:\/\/bikeyfasty.store\/#website","url":"https:\/\/bikeyfasty.store\/","name":"Bikey Fasty","description":"Die bestenIhre besten Fahrr\u00e4der","inLanguage":"de-DE","publisher":{"@id":"https:\/\/bikeyfasty.store\/#organization"}}]},"og:locale":"de_DE","og:site_name":"Bikey Fasty - Die bestenIhre besten Fahrr\u00e4der","og:type":"article","og:title":"Crankbrothers Eggbeater 3 Pedale - Bikey Fasty","og:description":"Wenn jedes Gramm beim MTB - Gewicht z\u00e4hlt f\u00fchrt an der Egg Beater Serie kein Weg vorbei. Sie sind die originalen ultra-lightweight minimal Pedale. Die offene Konstruktion ist unanf\u00e4llig gegen\u00fcber Dreck und Schlamm.","og:url":"https:\/\/bikeyfasty.store\/index.php\/produkt\/crankbrothers-eggbeater-3-pedale\/","og:image":"https:\/\/bikeyfasty.store\/wp-content\/uploads\/2026\/01\/unnamed-file.png","og:image:secure_url":"https:\/\/bikeyfasty.store\/wp-content\/uploads\/2026\/01\/unnamed-file.png","og:image:width":616,"og:image:height":447,"article:published_time":"2026-01-13T21:13:42+00:00","article:modified_time":"2026-01-27T03:31:44+00:00","twitter:card":"summary_large_image","twitter:title":"Crankbrothers Eggbeater 3 Pedale - Bikey Fasty","twitter:description":"Wenn jedes Gramm beim MTB - Gewicht z\u00e4hlt f\u00fchrt an der Egg Beater Serie kein Weg vorbei. Sie sind die originalen ultra-lightweight minimal Pedale. Die offene Konstruktion ist unanf\u00e4llig gegen\u00fcber Dreck und Schlamm.","twitter:image":"https:\/\/bikeyfasty.store\/wp-content\/uploads\/2026\/01\/unnamed-file.png"},"aioseo_meta_data":{"post_id":"51239","title":null,"description":null,"keywords":null,"keyphrases":{"focus":{"keyphrase":"E-Citybike","score":0,"analysis":[]}},"primary_term":null,"canonical_url":null,"og_title":null,"og_description":null,"og_object_type":"default","og_image_type":"default","og_image_url":null,"og_image_width":null,"og_image_height":null,"og_image_custom_url":null,"og_image_custom_fields":null,"og_video":"","og_custom_url":null,"og_article_section":null,"og_article_tags":null,"twitter_use_og":false,"twitter_card":"default","twitter_image_type":"default","twitter_image_url":null,"twitter_image_custom_url":null,"twitter_image_custom_fields":null,"twitter_title":null,"twitter_description":null,"schema":{"blockGraphs":[],"customGraphs":[],"default":{"data":{"Article":[],"Course":[],"Dataset":[],"FAQPage":[],"Movie":[],"Person":[],"Product":[],"ProductReview":[],"Car":[],"Recipe":[],"Service":[],"SoftwareApplication":[],"WebPage":[]},"graphName":"ItemPage","isEnabled":true},"graphs":[]},"schema_type":"default","schema_type_options":null,"pillar_content":false,"robots_default":true,"robots_noindex":false,"robots_noarchive":false,"robots_nosnippet":false,"robots_nofollow":false,"robots_noimageindex":false,"robots_noodp":false,"robots_notranslate":false,"robots_max_snippet":"-1","robots_max_videopreview":"-1","robots_max_imagepreview":"large","priority":null,"frequency":"default","local_seo":null,"seo_analyzer_scan_date":"2026-02-19 22:33:18","breadcrumb_settings":null,"limit_modified_date":false,"reviewed_by":"0","open_ai":null,"ai":{"faqs":[],"keyPoints":[],"titles":[],"descriptions":[],"socialPosts":{"email":[],"linkedin":[],"twitter":[],"facebook":[],"instagram":[]}},"created":"2026-01-25 19:39:20","updated":"2026-02-19 22:33:18"},"aioseo_breadcrumb":"<div class=\"aioseo-breadcrumbs\"><span class=\"aioseo-breadcrumb\">\n\t<a href=\"https:\/\/bikeyfasty.store\" title=\"Start\">Start<\/a>\n<\/span><span class=\"aioseo-breadcrumb-separator\">\u00bb<\/span><span class=\"aioseo-breadcrumb\">\n\t<a href=\"https:\/\/bikeyfasty.store\/index.php\/geschaft\/\" title=\"Gesch\u00e4ft\">Gesch\u00e4ft<\/a>\n<\/span><span class=\"aioseo-breadcrumb-separator\">\u00bb<\/span><span class=\"aioseo-breadcrumb\">\n\t<a href=\"https:\/\/bikeyfasty.store\/index.php\/produkt-kategorie\/fahrradteile\/\" title=\"Fahrradteile\">Fahrradteile<\/a>\n<\/span><span class=\"aioseo-breadcrumb-separator\">\u00bb<\/span><span class=\"aioseo-breadcrumb\">\n\tCrankbrothers Eggbeater 3 Pedale\n<\/span><\/div>","aioseo_breadcrumb_json":[{"label":"Start","link":"https:\/\/bikeyfasty.store"},{"label":"Gesch\u00e4ft","link":"https:\/\/bikeyfasty.store\/index.php\/geschaft\/"},{"label":"Fahrradteile","link":"https:\/\/bikeyfasty.store\/index.php\/produkt-kategorie\/fahrradteile\/"},{"label":"Crankbrothers Eggbeater 3 Pedale","link":"https:\/\/bikeyfasty.store\/index.php\/produkt\/crankbrothers-eggbeater-3-pedale\/"}],"_links":{"self":[{"href":"https:\/\/bikeyfasty.store\/index.php\/wp-json\/wp\/v2\/product\/51239","targetHints":{"allow":["GET"]}}],"collection":[{"href":"https:\/\/bikeyfasty.store\/index.php\/wp-json\/wp\/v2\/product"}],"about":[{"href":"https:\/\/bikeyfasty.store\/index.php\/wp-json\/wp\/v2\/types\/product"}],"replies":[{"embeddable":true,"href":"https:\/\/bikeyfasty.store\/index.php\/wp-json\/wp\/v2\/comments?post=51239"}],"version-history":[{"count":1,"href":"https:\/\/bikeyfasty.store\/index.php\/wp-json\/wp\/v2\/product\/51239\/revisions"}],"predecessor-version":[{"id":51246,"href":"https:\/\/bikeyfasty.store\/index.php\/wp-json\/wp\/v2\/product\/51239\/revisions\/51246"}],"wp:featuredmedia":[{"embeddable":true,"href":"https:\/\/bikeyfasty.store\/index.php\/wp-json\/wp\/v2\/media\/51245"}],"wp:attachment":[{"href":"https:\/\/bikeyfasty.store\/index.php\/wp-json\/wp\/v2\/media?parent=51239"}],"wp:term":[{"taxonomy":"product_brand","embeddable":true,"href":"https:\/\/bikeyfasty.store\/index.php\/wp-json\/wp\/v2\/product_brand?post=51239"},{"taxonomy":"product_cat","embeddable":true,"href":"https:\/\/bikeyfasty.store\/index.php\/wp-json\/wp\/v2\/product_cat?post=51239"},{"taxonomy":"product_tag","embeddable":true,"href":"https:\/\/bikeyfasty.store\/index.php\/wp-json\/wp\/v2\/product_tag?post=51239"}],"curies":[{"name":"wp","href":"https:\/\/api.w.org\/{rel}","templated":true}]}}